{"id":3528,"date":"2019-05-13T15:58:31","date_gmt":"2019-05-13T15:58:31","guid":{"rendered":"https:\/\/visitnavarra.info\/visitnavarra\/?page_id=3528"},"modified":"2020-11-24T16:07:35","modified_gmt":"2020-11-24T16:07:35","slug":"navarra-cine","status":"publish","type":"page","link":"https:\/\/visitnavarra.info\/visitnavarra\/navarra-cine\/","title":{"rendered":"NAVARRA DE CINE"},"content":{"rendered":"<p>[vc_row][vc_column width=&#8221;1\/1&#8243;][vc_column_text]Itinerarios de valles verdes, caser\u00edos nobles de piedra rosa y grandes balcones, ciudades encantadas con las suyas. Cuevas y brujas, clima templado de molinos, tierra de hidalgos, palacios, contrabandistas y cazadores.<\/p>\n<h3><strong>DIA 1 &#8211; PAMPLONA<\/strong><\/h3>\n<p>Llegada a Pamplona y traslado al restaurante para el almuerzo.<br \/>\nVisita a trav\u00e9s de pamplona; Casco Antiguo de Pamplona, Recorrido por los l\u00edmites de San Ferm\u00edn, Plaza del el Ayuntamiento, las murallas de Pamplona y la Iglesia de San Nicol\u00e1s, nos mostrar\u00e1n la historia de la antigua. Burgos y la creaci\u00f3n de un solo municipio. Despu\u00e9s de la visita, traslado al Hotel Pamplona.<br \/>\nLa cena.<\/p>\n<h3><strong>DIA 2 &#8211; BAYONA &#8211; BIARRITZ &#8211; ELIZONDO-VALLE DEL BAZT\u00c1N<\/strong><\/h3>\n<p>Desayuno y salida hacia BAYONA, la ciudad situada al norte del Pa\u00eds Vasco franc\u00e9s. Vamos a llegar BIARRITZ, un lugar de vacaciones tradicional para familias ricas, como lo demuestra su viviendas y palacios, y sus 6 km de playas con propiedades terap\u00e9uticas explotadas por balnearios y La talasoterapia lo ha posicionado como un destino tur\u00edstico de calidad. Regreso al hotel. el almuerzo, salida para visitar ARIZKUN y AMAIUR, pueblos pintorescos del valle de Bazt\u00e1n y ELIZONDO, que Le sorprenderemos con sus numerosas mansiones y palacios y donde cenaremos y nos quedaremos para terminar el d\u00eda.<\/p>\n<h3><strong>D\u00cdA 3 &#8211; ELIZONDO-RONCESVALLES &#8211; SAINT JEAN DE PIED PORT<\/strong><\/h3>\n<p>Desayuno y salida hacia SAINT JEAN-PIED-DE-PORT, una hermosa ciudad francesa cerca de Ostabat.<br \/>\ndonde tres de las grandes carreteras jacobeas convergen dentro del territorio franc\u00e9s, rodeadas por muros de gres rosado, calles empedradas e hitos de casas antiguas, continuaremos hacia RONCESVALLES.<br \/>\nAlmorzar\u00e1 y visitar\u00e1 su monumental Colegiata y el punto de partida de la carretera Giacobina hacia santiago de compostela. Regreso al hotel. Cena y alojamiento<\/p>\n<h3><strong>DIA 4 &#8211; TREN DEL RHUNE &#8211; ZUGARRAMURDI &#8211; AINHOA<\/strong><\/h3>\n<p>Desayuno y ma\u00f1ana libre. Excursi\u00f3n opcional a SARE, Tren de la Rhune, un coche viejo de La cual tendremos una vista magn\u00edfica. Regreso al hotel para el almuerzo. Salida hacia AINHOA y ZUGARRAMURDI, poblaci\u00f3n conocida por sus cuevas, etapa de los Akelarres (reuniones de Brujas), visitaremos una De sus cuevas (entrada incluida) Regreso al hotel. Cena y alojamiento<\/p>\n<h3><strong>DIA 5 &#8211; SAN JUAN DE LUZ &#8211; HENDAYA &#8211; ELIZONDO<\/strong><\/h3>\n<p>Desayuno y salida para visitar SAN JUAN DE LUZ, antiguo refugio de piratas y actual centro tur\u00edstico para Su construcci\u00f3n de estilo Belle Epoque, playas y balnearios. Continuaremos con tu vecino HENDAYA y regresaremos al hotel para el almuerzo. Por la tarde visita de ELIZONDO, y sus m\u00faltiples. Casas se\u00f1oriales y palacios, para regresar al hotel con cena y alojamiento.<\/p>\n<h3><strong>DIA 6 &#8211; BERA DEL BIDASOA &#8211; PAMPLONA<\/strong><\/h3>\n<p>Desayuno y salida para la visita de BERA DEL BIDASOA, una poblaci\u00f3n t\u00edpica de los Pirineos de Navarra que tiene una hermosa casa de campo y que alberga en su interior la iglesia de San Esteban Protomartir, una de los mejores \u00f3rganos de europa. Regreso al hotel para el almuerzo. Fin del viaje<\/p>\n<p><strong>PRECIO POR PERSONA 490 EURO (Grupo m\u00ednimo 25 personas)<\/strong><br \/>\n<strong>PRECIO POR PERSONA 740 EUROS (M\u00ednimo 2 Personas)<\/strong><br \/>\n<strong>PRECIO POR PERSONA 940 EURO (d\u00edas 2 a 5 con gu\u00eda y autom\u00f3vil) M\u00ednimo 2 personas<\/strong><\/p>\n<p><strong><em>El precio incluye:<\/em><\/strong><\/p>\n<ul>\n<li>Estancia en el Hotel Bazt\u00e1n 3 *** Elizondo. Servicios basados en programas.<\/li>\n<li>Estancia en el Hotel Maisonnave 4 **** Pamplona + Almuerzo en un restaurante en Pamplona y Roncesvalles. &#8211; Alquiler de coches para 1 a 5 personas. Grupo no incluido<\/li>\n<li>Gu\u00eda local de destino + Visitas detalladas en el programa + Seguro de viaje.<\/li>\n<\/ul>\n<p>&nbsp;<\/p>\n<p><em><strong>Nota:<\/strong><\/em> En franc\u00e9s para grupos cerrados. A nivel individual bajo peticion.<\/p>\n<p>[\/vc_column_text][\/vc_column][\/vc_row][vc_row][vc_column width=&#8221;1\/2&#8243;]<div class=\"single_image wpb_content_element align-right    \" data-animation=\"none\" data-delay=\"0\"><img loading=\"lazy\" decoding=\"async\" width=\"313\" height=\"200\" src=\"https:\/\/visitnavarra.info\/visitnavarra\/wp-content\/uploads\/2019\/05\/viajes_navarsol_logo-2.jpg\" class=\"attachment-full\" alt=\"\" srcset=\"https:\/\/visitnavarra.info\/visitnavarra\/wp-content\/uploads\/2019\/05\/viajes_navarsol_logo-2.jpg 313w, https:\/\/visitnavarra.info\/visitnavarra\/wp-content\/uploads\/2019\/05\/viajes_navarsol_logo-2-300x192.jpg 300w\" sizes=\"auto, (max-width: 313px) 100vw, 313px\" \/><\/div>[\/vc_column][vc_column width=&#8221;1\/2&#8243;][vc_column_text]<\/p>\n<div class=\"vc_col-sm-6 wpb_column column_container col no-padding color-dark\" data-animation=\"\" data-delay=\"\">\n<div class=\"wpb_wrapper\">\n<div class=\"wpb_text_column wpb_content_element \">\n<div class=\"wpb_wrapper\">\n<p><strong>CONTACTO \/ RESERVAS<\/strong><br \/>\nEntidad \/ empresa: NAVARSOL AGENCIA DE VIAJES<br \/>\nN\u00ba Registro Turismo: C.I.NA013<br \/>\nDirecci\u00f3n: Avda Sancho El Fuerte, 8 \u2013 31007 Pamplona<br \/>\nTel\u00e9fono: (+34) 948 198 758 | Fax: (+34) 948 171 735<br \/>\nMail: <a href=\"mailto:juanchi@navarsol.com\">juanchi@navarsol.com<\/a><br \/>\nWeb: <a href=\"http:\/\/www.navarsol.com\">www.navarsol.com<\/a><\/p>\n<\/div>\n<\/div>\n<\/div>\n<\/div>\n<p>[\/vc_column_text][\/vc_column][\/vc_row]<\/p>\n","protected":false},"excerpt":{"rendered":"<p>[vc_row][vc_column width=&#8221;1\/1&#8243;][vc_column_text]Itinerarios de valles verdes, caser\u00edos nobles de piedra rosa y grandes balcones, ciudades encantadas con las suyas. Cuevas y brujas, clima templado de molinos, tierra de hidalgos, palacios, contrabandistas y cazadores. DIA 1 &#8211; PAMPLONA Llegada a Pamplona y traslado al restaurante para el almuerzo. Visita a trav\u00e9s de pamplona; Casco Antiguo de Pamplona, Recorrido por los l\u00edmites de San Ferm\u00edn, Plaza del el Ayuntamiento, las murallas de Pamplona y la Iglesia de San Nicol\u00e1s, nos mostrar\u00e1n la historia de la antigua. Burgos y la creaci\u00f3n de un solo municipio. Despu\u00e9s de la visita, traslado al Hotel Pamplona. La cena. DIA 2 &#8211; BAYONA &#8211; BIARRITZ &#8211; ELIZONDO-VALLE DEL BAZT\u00c1N Desayuno y salida hacia BAYONA, la ciudad situada al norte del Pa\u00eds Vasco franc\u00e9s. Vamos a llegar BIARRITZ, un lugar de vacaciones tradicional para familias ricas, como lo demuestra su viviendas y palacios, y sus 6 km de playas con propiedades terap\u00e9uticas explotadas por balnearios y La talasoterapia lo ha posicionado como un destino tur\u00edstico de calidad. Regreso al hotel. el almuerzo, salida para visitar ARIZKUN y AMAIUR, pueblos pintorescos del valle de Bazt\u00e1n y ELIZONDO, que Le sorprenderemos con sus numerosas mansiones y palacios y donde cenaremos y [&hellip;]<\/p>\n","protected":false},"author":1,"featured_media":0,"parent":0,"menu_order":0,"comment_status":"closed","ping_status":"closed","template":"","meta":{"footnotes":""},"class_list":["post-3528","page","type-page","status-publish","hentry"],"yoast_head":"<!-- This site is optimized with the Yoast SEO plugin v23.5 - https:\/\/yoast.com\/wordpress\/plugins\/seo\/ -->\n<title>NAVARRA DE CINE - VisitNavarra Navarra de cine<\/title>\n<meta name=\"description\" content=\"Itinerarios de valles verdes, caser\u00edos nobles de piedra rosa y grandes balcones, ciudades encantadas con las suyas. Cuevas y brujas, clima templado de molinos, tierra de hidalgos, palacios, contrabandistas y cazadores.\" \/>\n<meta name=\"robots\" content=\"index, follow, max-snippet:-1, max-image-preview:large, max-video-preview:-1\" \/>\n<link rel=\"canonical\" href=\"https:\/\/visitnavarra.info\/visitnavarra\/navarra-cine\/\" \/>\n<meta property=\"og:locale\" content=\"es_ES\" \/>\n<meta property=\"og:type\" content=\"article\" \/>\n<meta property=\"og:title\" content=\"NAVARRA DE CINE - VisitNavarra Navarra de cine\" \/>\n<meta property=\"og:description\" content=\"Itinerarios de valles verdes, caser\u00edos nobles de piedra rosa y grandes balcones, ciudades encantadas con las suyas. Cuevas y brujas, clima templado de molinos, tierra de hidalgos, palacios, contrabandistas y cazadores.\" \/>\n<meta property=\"og:url\" content=\"https:\/\/visitnavarra.info\/visitnavarra\/navarra-cine\/\" \/>\n<meta property=\"og:site_name\" content=\"VisitNavarra\" \/>\n<meta property=\"article:modified_time\" content=\"2020-11-24T16:07:35+00:00\" \/>\n<meta name=\"twitter:card\" content=\"summary_large_image\" \/>\n<meta name=\"twitter:label1\" content=\"Tiempo de lectura\" \/>\n\t<meta name=\"twitter:data1\" content=\"3 minutos\" \/>\n<script type=\"application\/ld+json\" class=\"yoast-schema-graph\">{\"@context\":\"https:\/\/schema.org\",\"@graph\":[{\"@type\":\"WebPage\",\"@id\":\"https:\/\/visitnavarra.info\/visitnavarra\/navarra-cine\/\",\"url\":\"https:\/\/visitnavarra.info\/visitnavarra\/navarra-cine\/\",\"name\":\"NAVARRA DE CINE - VisitNavarra Navarra de cine\",\"isPartOf\":{\"@id\":\"https:\/\/visitnavarra.info\/visitnavarra\/#website\"},\"datePublished\":\"2019-05-13T15:58:31+00:00\",\"dateModified\":\"2020-11-24T16:07:35+00:00\",\"description\":\"Itinerarios de valles verdes, caser\u00edos nobles de piedra rosa y grandes balcones, ciudades encantadas con las suyas. Cuevas y brujas, clima templado de molinos, tierra de hidalgos, palacios, contrabandistas y cazadores.\",\"breadcrumb\":{\"@id\":\"https:\/\/visitnavarra.info\/visitnavarra\/navarra-cine\/#breadcrumb\"},\"inLanguage\":\"es\",\"potentialAction\":[{\"@type\":\"ReadAction\",\"target\":[\"https:\/\/visitnavarra.info\/visitnavarra\/navarra-cine\/\"]}]},{\"@type\":\"BreadcrumbList\",\"@id\":\"https:\/\/visitnavarra.info\/visitnavarra\/navarra-cine\/#breadcrumb\",\"itemListElement\":[{\"@type\":\"ListItem\",\"position\":1,\"name\":\"Portada\",\"item\":\"https:\/\/visitnavarra.info\/visitnavarra\/\"},{\"@type\":\"ListItem\",\"position\":2,\"name\":\"NAVARRA DE CINE\"}]},{\"@type\":\"WebSite\",\"@id\":\"https:\/\/visitnavarra.info\/visitnavarra\/#website\",\"url\":\"https:\/\/visitnavarra.info\/visitnavarra\/\",\"name\":\"VisitNavarra\",\"description\":\"Alojamiento y experiencias tur\u00edsticas en Navarra; qu\u00e9 visitar en Navarra; comer en Navarra\",\"potentialAction\":[{\"@type\":\"SearchAction\",\"target\":{\"@type\":\"EntryPoint\",\"urlTemplate\":\"https:\/\/visitnavarra.info\/visitnavarra\/?s={search_term_string}\"},\"query-input\":{\"@type\":\"PropertyValueSpecification\",\"valueRequired\":true,\"valueName\":\"search_term_string\"}}],\"inLanguage\":\"es\"}]}<\/script>\n<!-- \/ Yoast SEO plugin. -->","yoast_head_json":{"title":"NAVARRA DE CINE - VisitNavarra Navarra de cine","description":"Itinerarios de valles verdes, caser\u00edos nobles de piedra rosa y grandes balcones, ciudades encantadas con las suyas. Cuevas y brujas, clima templado de molinos, tierra de hidalgos, palacios, contrabandistas y cazadores.","robots":{"index":"index","follow":"follow","max-snippet":"max-snippet:-1","max-image-preview":"max-image-preview:large","max-video-preview":"max-video-preview:-1"},"canonical":"https:\/\/visitnavarra.info\/visitnavarra\/navarra-cine\/","og_locale":"es_ES","og_type":"article","og_title":"NAVARRA DE CINE - VisitNavarra Navarra de cine","og_description":"Itinerarios de valles verdes, caser\u00edos nobles de piedra rosa y grandes balcones, ciudades encantadas con las suyas. Cuevas y brujas, clima templado de molinos, tierra de hidalgos, palacios, contrabandistas y cazadores.","og_url":"https:\/\/visitnavarra.info\/visitnavarra\/navarra-cine\/","og_site_name":"VisitNavarra","article_modified_time":"2020-11-24T16:07:35+00:00","twitter_card":"summary_large_image","twitter_misc":{"Tiempo de lectura":"3 minutos"},"schema":{"@context":"https:\/\/schema.org","@graph":[{"@type":"WebPage","@id":"https:\/\/visitnavarra.info\/visitnavarra\/navarra-cine\/","url":"https:\/\/visitnavarra.info\/visitnavarra\/navarra-cine\/","name":"NAVARRA DE CINE - VisitNavarra Navarra de cine","isPartOf":{"@id":"https:\/\/visitnavarra.info\/visitnavarra\/#website"},"datePublished":"2019-05-13T15:58:31+00:00","dateModified":"2020-11-24T16:07:35+00:00","description":"Itinerarios de valles verdes, caser\u00edos nobles de piedra rosa y grandes balcones, ciudades encantadas con las suyas. Cuevas y brujas, clima templado de molinos, tierra de hidalgos, palacios, contrabandistas y cazadores.","breadcrumb":{"@id":"https:\/\/visitnavarra.info\/visitnavarra\/navarra-cine\/#breadcrumb"},"inLanguage":"es","potentialAction":[{"@type":"ReadAction","target":["https:\/\/visitnavarra.info\/visitnavarra\/navarra-cine\/"]}]},{"@type":"BreadcrumbList","@id":"https:\/\/visitnavarra.info\/visitnavarra\/navarra-cine\/#breadcrumb","itemListElement":[{"@type":"ListItem","position":1,"name":"Portada","item":"https:\/\/visitnavarra.info\/visitnavarra\/"},{"@type":"ListItem","position":2,"name":"NAVARRA DE CINE"}]},{"@type":"WebSite","@id":"https:\/\/visitnavarra.info\/visitnavarra\/#website","url":"https:\/\/visitnavarra.info\/visitnavarra\/","name":"VisitNavarra","description":"Alojamiento y experiencias tur\u00edsticas en Navarra; qu\u00e9 visitar en Navarra; comer en Navarra","potentialAction":[{"@type":"SearchAction","target":{"@type":"EntryPoint","urlTemplate":"https:\/\/visitnavarra.info\/visitnavarra\/?s={search_term_string}"},"query-input":{"@type":"PropertyValueSpecification","valueRequired":true,"valueName":"search_term_string"}}],"inLanguage":"es"}]}},"_links":{"self":[{"href":"https:\/\/visitnavarra.info\/visitnavarra\/wp-json\/wp\/v2\/pages\/3528","targetHints":{"allow":["GET"]}}],"collection":[{"href":"https:\/\/visitnavarra.info\/visitnavarra\/wp-json\/wp\/v2\/pages"}],"about":[{"href":"https:\/\/visitnavarra.info\/visitnavarra\/wp-json\/wp\/v2\/types\/page"}],"author":[{"embeddable":true,"href":"https:\/\/visitnavarra.info\/visitnavarra\/wp-json\/wp\/v2\/users\/1"}],"replies":[{"embeddable":true,"href":"https:\/\/visitnavarra.info\/visitnavarra\/wp-json\/wp\/v2\/comments?post=3528"}],"version-history":[{"count":6,"href":"https:\/\/visitnavarra.info\/visitnavarra\/wp-json\/wp\/v2\/pages\/3528\/revisions"}],"predecessor-version":[{"id":7289,"href":"https:\/\/visitnavarra.info\/visitnavarra\/wp-json\/wp\/v2\/pages\/3528\/revisions\/7289"}],"wp:attachment":[{"href":"https:\/\/visitnavarra.info\/visitnavarra\/wp-json\/wp\/v2\/media?parent=3528"}],"curies":[{"name":"wp","href":"https:\/\/api.w.org\/{rel}","templated":true}]}}