{"id":3595,"date":"2019-05-14T14:18:48","date_gmt":"2019-05-14T14:18:48","guid":{"rendered":"https:\/\/visitnavarra.info\/visitnavarra\/?page_id=3595"},"modified":"2025-07-31T11:48:05","modified_gmt":"2025-07-31T11:48:05","slug":"visita-guiada-plaza-toros","status":"publish","type":"page","link":"https:\/\/visitnavarra.info\/visitnavarra\/visita-guiada-plaza-toros\/","title":{"rendered":"EXPOSICI\u00d3N-VISITA GUIADA"},"content":{"rendered":"<p>[vc_row][vc_column width=&#8221;1\/1&#8243;][vc_column_text]<strong><img loading=\"lazy\" decoding=\"async\" class=\"alignleft size-full wp-image-3587\" src=\"https:\/\/visitnavarra.info\/visitnavarra\/wp-content\/uploads\/2019\/05\/vast-plaza-toros-pamplona.jpg\" alt=\"\" width=\"250\" height=\"250\" srcset=\"https:\/\/visitnavarra.info\/visitnavarra\/wp-content\/uploads\/2019\/05\/vast-plaza-toros-pamplona.jpg 250w, https:\/\/visitnavarra.info\/visitnavarra\/wp-content\/uploads\/2019\/05\/vast-plaza-toros-pamplona-150x150.jpg 150w, https:\/\/visitnavarra.info\/visitnavarra\/wp-content\/uploads\/2019\/05\/vast-plaza-toros-pamplona-80x80.jpg 80w\" sizes=\"auto, (max-width: 250px) 100vw, 250px\" \/>Ven a conocer el coraz\u00f3n de los Sanfermines.<\/strong><\/p>\n<p>Visita la plaza de Toros de Pamplona, un lugar emblem\u00e1tico y diferente.<br \/>\nEl encierro, la plaza, los corrales, la cuadra grande, el patio de caballos, la capilla\u2026 el coraz\u00f3n de la fiesta en una visita guiada para conocer su historia, las an\u00e9cdotas m\u00e1s curiosas y todo lo relacionado con el lugar m\u00e1s emblem\u00e1tico de San Ferm\u00edn.<br \/>\nDisfruta con una visita en la que conocer\u00e1s la fiesta in situ, sorpr\u00e9ndete con los audiovisuales que te har\u00e1n comprender y vivir en tu piel lo que siempre viste en televisi\u00f3n.<br \/>\nPisa el ruedo de la segunda mayor plaza de Espa\u00f1a y la m\u00e1s medi\u00e1tica que existe, coge un capote y hazte la foto del viaje!<\/p>\n<p>Visitas guiadas en castellano a las 11:00h, 12:30h 16:30h, y 18:00h. Para otros idiomas reservar previamente en <a href=\"mailto:info@plazatorospamplona.com\" target=\"_blank\" rel=\"noopener\">info@plazatorospamplona.com<\/a>.<br \/>\nAudio gu\u00edas en castellano, euskera, catal\u00e1n, franc\u00e9s, ingl\u00e9s, alem\u00e1n, holand\u00e9s, portugu\u00e9s, italiano, ruso, japon\u00e9s y chino.<br \/>\nOtros idiomas, consultar.<br \/>\nEventos y celebraciones de empresa y familiares (Cumplea\u00f1os, prebodas\u2026).<br \/>\nEspacio adaptado a personas con silla de ruedas y carritos de ni\u00f1os.<br \/>\nPet friendly. Ven con tu mascota.<br \/>\nWifi gratuito<\/p>\n<p>&nbsp;<\/p>\n<p><a href=\"https:\/\/visitalaplaza.es\/\" target=\"_blank\" rel=\"noopener\"><strong>Descarga aqu\u00ed el calendario de horarios de apertura y tarifas<\/strong><\/a><\/p>\n<p>&nbsp;<\/p>\n<p><img loading=\"lazy\" decoding=\"async\" class=\"alignnone size-medium wp-image-11611\" src=\"https:\/\/visitnavarra.info\/visitnavarra\/wp-content\/uploads\/2021\/12\/Plaza-de-toros-audiovisual-300x200.jpg\" alt=\"\" width=\"300\" height=\"200\" srcset=\"https:\/\/visitnavarra.info\/visitnavarra\/wp-content\/uploads\/2021\/12\/Plaza-de-toros-audiovisual-300x200.jpg 300w, https:\/\/visitnavarra.info\/visitnavarra\/wp-content\/uploads\/2021\/12\/Plaza-de-toros-audiovisual-768x512.jpg 768w, https:\/\/visitnavarra.info\/visitnavarra\/wp-content\/uploads\/2021\/12\/Plaza-de-toros-audiovisual-600x400.jpg 600w, https:\/\/visitnavarra.info\/visitnavarra\/wp-content\/uploads\/2021\/12\/Plaza-de-toros-audiovisual.jpg 990w\" sizes=\"auto, (max-width: 300px) 100vw, 300px\" \/> \u00a0<img loading=\"lazy\" decoding=\"async\" class=\"alignnone size-medium wp-image-11615\" src=\"https:\/\/visitnavarra.info\/visitnavarra\/wp-content\/uploads\/2021\/12\/Plaza-de-toros-capote-300x200.jpg\" alt=\"\" width=\"300\" height=\"200\" srcset=\"https:\/\/visitnavarra.info\/visitnavarra\/wp-content\/uploads\/2021\/12\/Plaza-de-toros-capote-300x200.jpg 300w, https:\/\/visitnavarra.info\/visitnavarra\/wp-content\/uploads\/2021\/12\/Plaza-de-toros-capote-1024x681.jpg 1024w, https:\/\/visitnavarra.info\/visitnavarra\/wp-content\/uploads\/2021\/12\/Plaza-de-toros-capote-768x511.jpg 768w, https:\/\/visitnavarra.info\/visitnavarra\/wp-content\/uploads\/2021\/12\/Plaza-de-toros-capote-1536x1022.jpg 1536w, https:\/\/visitnavarra.info\/visitnavarra\/wp-content\/uploads\/2021\/12\/Plaza-de-toros-capote-600x400.jpg 600w, https:\/\/visitnavarra.info\/visitnavarra\/wp-content\/uploads\/2021\/12\/Plaza-de-toros-capote.jpg 2048w\" sizes=\"auto, (max-width: 300px) 100vw, 300px\" \/>\u00a0\u00a0<img loading=\"lazy\" decoding=\"async\" class=\"alignnone size-medium wp-image-11619\" src=\"https:\/\/visitnavarra.info\/visitnavarra\/wp-content\/uploads\/2021\/12\/Plaza-de-toros-trajes-de-luces-300x184.jpg\" alt=\"\" width=\"300\" height=\"184\" srcset=\"https:\/\/visitnavarra.info\/visitnavarra\/wp-content\/uploads\/2021\/12\/Plaza-de-toros-trajes-de-luces-300x184.jpg 300w, https:\/\/visitnavarra.info\/visitnavarra\/wp-content\/uploads\/2021\/12\/Plaza-de-toros-trajes-de-luces-1024x628.jpg 1024w, https:\/\/visitnavarra.info\/visitnavarra\/wp-content\/uploads\/2021\/12\/Plaza-de-toros-trajes-de-luces-768x471.jpg 768w, https:\/\/visitnavarra.info\/visitnavarra\/wp-content\/uploads\/2021\/12\/Plaza-de-toros-trajes-de-luces-1536x942.jpg 1536w, https:\/\/visitnavarra.info\/visitnavarra\/wp-content\/uploads\/2021\/12\/Plaza-de-toros-trajes-de-luces.jpg 1900w\" sizes=\"auto, (max-width: 300px) 100vw, 300px\" \/> \u00a0<img loading=\"lazy\" decoding=\"async\" class=\"alignnone size-medium wp-image-11623\" src=\"https:\/\/visitnavarra.info\/visitnavarra\/wp-content\/uploads\/2021\/12\/visita-plaza-de-toros-pamplona-1-300x199.jpg\" alt=\"\" width=\"300\" height=\"199\" srcset=\"https:\/\/visitnavarra.info\/visitnavarra\/wp-content\/uploads\/2021\/12\/visita-plaza-de-toros-pamplona-1-300x199.jpg 300w, https:\/\/visitnavarra.info\/visitnavarra\/wp-content\/uploads\/2021\/12\/visita-plaza-de-toros-pamplona-1-1024x680.jpg 1024w, https:\/\/visitnavarra.info\/visitnavarra\/wp-content\/uploads\/2021\/12\/visita-plaza-de-toros-pamplona-1-768x510.jpg 768w, https:\/\/visitnavarra.info\/visitnavarra\/wp-content\/uploads\/2021\/12\/visita-plaza-de-toros-pamplona-1-600x400.jpg 600w, https:\/\/visitnavarra.info\/visitnavarra\/wp-content\/uploads\/2021\/12\/visita-plaza-de-toros-pamplona-1.jpg 1200w\" sizes=\"auto, (max-width: 300px) 100vw, 300px\" \/>[\/vc_column_text][\/vc_column][\/vc_row][vc_row][vc_column width=&#8221;1\/1&#8243;][vc_column_text]<\/p>\n<p>&nbsp;<\/p>\n<p>&nbsp;<\/p>\n<p>[\/vc_column_text][\/vc_column][\/vc_row][vc_row][vc_column width=&#8221;1\/2&#8243;]<div class=\"single_image wpb_content_element align-right    \" data-animation=\"none\" data-delay=\"0\"><img loading=\"lazy\" decoding=\"async\" width=\"231\" height=\"78\" src=\"https:\/\/visitnavarra.info\/visitnavarra\/wp-content\/uploads\/2019\/05\/vast_logo.jpg\" class=\"attachment-full\" alt=\"\" \/><\/div>[\/vc_column][vc_column width=&#8221;1\/2&#8243;][vc_column_text]<strong>CONTACTO \/ RESERVAS<\/strong><br \/>\nEntidad \/ empresa: PLAZA DE TOROS DE PAMPLONA<br \/>\nN\u00ba Registro Turismo: ET-3<br \/>\nTel\u00e9fono: (+34) 948 225 389 \/ 610 712 064<br \/>\nMail: <a href=\"mailto:info@plazatorospamplona.com\">info@plazatorospamplona.com<\/a><br \/>\nWeb: <a href=\"https:\/\/visitalaplaza.es\/\" target=\"_blank\" rel=\"noopener\">www.visitalaplaza.es<\/a>[\/vc_column_text][\/vc_column][\/vc_row]<\/p>\n","protected":false},"excerpt":{"rendered":"<p>[vc_row][vc_column width=&#8221;1\/1&#8243;][vc_column_text]Ven a conocer el coraz\u00f3n de los Sanfermines. Visita la plaza de Toros de Pamplona, un lugar emblem\u00e1tico y diferente. El encierro, la plaza, los corrales, la cuadra grande, el patio de caballos, la capilla\u2026 el coraz\u00f3n de la fiesta en una visita guiada para conocer su historia, las an\u00e9cdotas m\u00e1s curiosas y todo lo relacionado con el lugar m\u00e1s emblem\u00e1tico de San Ferm\u00edn. Disfruta con una visita en la que conocer\u00e1s la fiesta in situ, sorpr\u00e9ndete con los audiovisuales que te har\u00e1n comprender y vivir en tu piel lo que siempre viste en televisi\u00f3n. Pisa el ruedo de la segunda mayor plaza de Espa\u00f1a y la m\u00e1s medi\u00e1tica que existe, coge un capote y hazte la foto del viaje! Visitas guiadas en castellano a las 11:00h, 12:30h 16:30h, y 18:00h. Para otros idiomas reservar previamente en info@plazatorospamplona.com. Audio gu\u00edas en castellano, euskera, catal\u00e1n, franc\u00e9s, ingl\u00e9s, alem\u00e1n, holand\u00e9s, portugu\u00e9s, italiano, ruso, japon\u00e9s y chino. Otros idiomas, consultar. Eventos y celebraciones de empresa y familiares (Cumplea\u00f1os, prebodas\u2026). Espacio adaptado a personas con silla de ruedas y carritos de ni\u00f1os. Pet friendly. Ven con tu mascota. Wifi gratuito &nbsp; Descarga aqu\u00ed el calendario de horarios de apertura y tarifas &nbsp; \u00a0\u00a0\u00a0 [&hellip;]<\/p>\n","protected":false},"author":1,"featured_media":0,"parent":0,"menu_order":0,"comment_status":"closed","ping_status":"closed","template":"","meta":{"footnotes":""},"class_list":["post-3595","page","type-page","status-publish","hentry"],"yoast_head":"<!-- This site is optimized with the Yoast SEO plugin v23.5 - https:\/\/yoast.com\/wordpress\/plugins\/seo\/ -->\n<title>Ven a conocer el coraz\u00f3n de los Sanfermines - VisitNavarra<\/title>\n<meta name=\"description\" content=\"Ven a conocer el coraz\u00f3n de los Sanfermines. Visita la plaza de Toros de Pamplona, un lugar emblem\u00e1tico y diferente.\" \/>\n<meta name=\"robots\" content=\"index, follow, max-snippet:-1, max-image-preview:large, max-video-preview:-1\" \/>\n<link rel=\"canonical\" href=\"https:\/\/visitnavarra.info\/visitnavarra\/visita-guiada-plaza-toros\/\" \/>\n<meta property=\"og:locale\" content=\"es_ES\" \/>\n<meta property=\"og:type\" content=\"article\" \/>\n<meta property=\"og:title\" content=\"Ven a conocer el coraz\u00f3n de los Sanfermines - VisitNavarra\" \/>\n<meta property=\"og:description\" content=\"Ven a conocer el coraz\u00f3n de los Sanfermines. Visita la plaza de Toros de Pamplona, un lugar emblem\u00e1tico y diferente.\" \/>\n<meta property=\"og:url\" content=\"https:\/\/visitnavarra.info\/visitnavarra\/visita-guiada-plaza-toros\/\" \/>\n<meta property=\"og:site_name\" content=\"VisitNavarra\" \/>\n<meta property=\"article:modified_time\" content=\"2025-07-31T11:48:05+00:00\" \/>\n<meta property=\"og:image\" content=\"https:\/\/visitnavarra.info\/visitnavarra\/wp-content\/uploads\/2019\/05\/vast-plaza-toros-pamplona.jpg\" \/>\n<meta name=\"twitter:card\" content=\"summary_large_image\" \/>\n<meta name=\"twitter:label1\" content=\"Tiempo de lectura\" \/>\n\t<meta name=\"twitter:data1\" content=\"3 minutos\" \/>\n<script type=\"application\/ld+json\" class=\"yoast-schema-graph\">{\"@context\":\"https:\/\/schema.org\",\"@graph\":[{\"@type\":\"WebPage\",\"@id\":\"https:\/\/visitnavarra.info\/visitnavarra\/visita-guiada-plaza-toros\/\",\"url\":\"https:\/\/visitnavarra.info\/visitnavarra\/visita-guiada-plaza-toros\/\",\"name\":\"Ven a conocer el coraz\u00f3n de los Sanfermines - VisitNavarra\",\"isPartOf\":{\"@id\":\"https:\/\/visitnavarra.info\/visitnavarra\/#website\"},\"primaryImageOfPage\":{\"@id\":\"https:\/\/visitnavarra.info\/visitnavarra\/visita-guiada-plaza-toros\/#primaryimage\"},\"image\":{\"@id\":\"https:\/\/visitnavarra.info\/visitnavarra\/visita-guiada-plaza-toros\/#primaryimage\"},\"thumbnailUrl\":\"https:\/\/visitnavarra.info\/visitnavarra\/wp-content\/uploads\/2019\/05\/vast-plaza-toros-pamplona.jpg\",\"datePublished\":\"2019-05-14T14:18:48+00:00\",\"dateModified\":\"2025-07-31T11:48:05+00:00\",\"description\":\"Ven a conocer el coraz\u00f3n de los Sanfermines. Visita la plaza de Toros de Pamplona, un lugar emblem\u00e1tico y diferente.\",\"breadcrumb\":{\"@id\":\"https:\/\/visitnavarra.info\/visitnavarra\/visita-guiada-plaza-toros\/#breadcrumb\"},\"inLanguage\":\"es\",\"potentialAction\":[{\"@type\":\"ReadAction\",\"target\":[\"https:\/\/visitnavarra.info\/visitnavarra\/visita-guiada-plaza-toros\/\"]}]},{\"@type\":\"ImageObject\",\"inLanguage\":\"es\",\"@id\":\"https:\/\/visitnavarra.info\/visitnavarra\/visita-guiada-plaza-toros\/#primaryimage\",\"url\":\"https:\/\/visitnavarra.info\/visitnavarra\/wp-content\/uploads\/2019\/05\/vast-plaza-toros-pamplona.jpg\",\"contentUrl\":\"https:\/\/visitnavarra.info\/visitnavarra\/wp-content\/uploads\/2019\/05\/vast-plaza-toros-pamplona.jpg\",\"width\":250,\"height\":250,\"caption\":\"Plaza de toros de Pamplona\"},{\"@type\":\"BreadcrumbList\",\"@id\":\"https:\/\/visitnavarra.info\/visitnavarra\/visita-guiada-plaza-toros\/#breadcrumb\",\"itemListElement\":[{\"@type\":\"ListItem\",\"position\":1,\"name\":\"Portada\",\"item\":\"https:\/\/visitnavarra.info\/visitnavarra\/\"},{\"@type\":\"ListItem\",\"position\":2,\"name\":\"EXPOSICI\u00d3N-VISITA GUIADA\"}]},{\"@type\":\"WebSite\",\"@id\":\"https:\/\/visitnavarra.info\/visitnavarra\/#website\",\"url\":\"https:\/\/visitnavarra.info\/visitnavarra\/\",\"name\":\"VisitNavarra\",\"description\":\"Alojamiento y experiencias tur\u00edsticas en Navarra; qu\u00e9 visitar en Navarra; comer en Navarra\",\"potentialAction\":[{\"@type\":\"SearchAction\",\"target\":{\"@type\":\"EntryPoint\",\"urlTemplate\":\"https:\/\/visitnavarra.info\/visitnavarra\/?s={search_term_string}\"},\"query-input\":{\"@type\":\"PropertyValueSpecification\",\"valueRequired\":true,\"valueName\":\"search_term_string\"}}],\"inLanguage\":\"es\"}]}<\/script>\n<!-- \/ Yoast SEO plugin. -->","yoast_head_json":{"title":"Ven a conocer el coraz\u00f3n de los Sanfermines - VisitNavarra","description":"Ven a conocer el coraz\u00f3n de los Sanfermines. Visita la plaza de Toros de Pamplona, un lugar emblem\u00e1tico y diferente.","robots":{"index":"index","follow":"follow","max-snippet":"max-snippet:-1","max-image-preview":"max-image-preview:large","max-video-preview":"max-video-preview:-1"},"canonical":"https:\/\/visitnavarra.info\/visitnavarra\/visita-guiada-plaza-toros\/","og_locale":"es_ES","og_type":"article","og_title":"Ven a conocer el coraz\u00f3n de los Sanfermines - VisitNavarra","og_description":"Ven a conocer el coraz\u00f3n de los Sanfermines. Visita la plaza de Toros de Pamplona, un lugar emblem\u00e1tico y diferente.","og_url":"https:\/\/visitnavarra.info\/visitnavarra\/visita-guiada-plaza-toros\/","og_site_name":"VisitNavarra","article_modified_time":"2025-07-31T11:48:05+00:00","og_image":[{"url":"https:\/\/visitnavarra.info\/visitnavarra\/wp-content\/uploads\/2019\/05\/vast-plaza-toros-pamplona.jpg"}],"twitter_card":"summary_large_image","twitter_misc":{"Tiempo de lectura":"3 minutos"},"schema":{"@context":"https:\/\/schema.org","@graph":[{"@type":"WebPage","@id":"https:\/\/visitnavarra.info\/visitnavarra\/visita-guiada-plaza-toros\/","url":"https:\/\/visitnavarra.info\/visitnavarra\/visita-guiada-plaza-toros\/","name":"Ven a conocer el coraz\u00f3n de los Sanfermines - VisitNavarra","isPartOf":{"@id":"https:\/\/visitnavarra.info\/visitnavarra\/#website"},"primaryImageOfPage":{"@id":"https:\/\/visitnavarra.info\/visitnavarra\/visita-guiada-plaza-toros\/#primaryimage"},"image":{"@id":"https:\/\/visitnavarra.info\/visitnavarra\/visita-guiada-plaza-toros\/#primaryimage"},"thumbnailUrl":"https:\/\/visitnavarra.info\/visitnavarra\/wp-content\/uploads\/2019\/05\/vast-plaza-toros-pamplona.jpg","datePublished":"2019-05-14T14:18:48+00:00","dateModified":"2025-07-31T11:48:05+00:00","description":"Ven a conocer el coraz\u00f3n de los Sanfermines. Visita la plaza de Toros de Pamplona, un lugar emblem\u00e1tico y diferente.","breadcrumb":{"@id":"https:\/\/visitnavarra.info\/visitnavarra\/visita-guiada-plaza-toros\/#breadcrumb"},"inLanguage":"es","potentialAction":[{"@type":"ReadAction","target":["https:\/\/visitnavarra.info\/visitnavarra\/visita-guiada-plaza-toros\/"]}]},{"@type":"ImageObject","inLanguage":"es","@id":"https:\/\/visitnavarra.info\/visitnavarra\/visita-guiada-plaza-toros\/#primaryimage","url":"https:\/\/visitnavarra.info\/visitnavarra\/wp-content\/uploads\/2019\/05\/vast-plaza-toros-pamplona.jpg","contentUrl":"https:\/\/visitnavarra.info\/visitnavarra\/wp-content\/uploads\/2019\/05\/vast-plaza-toros-pamplona.jpg","width":250,"height":250,"caption":"Plaza de toros de Pamplona"},{"@type":"BreadcrumbList","@id":"https:\/\/visitnavarra.info\/visitnavarra\/visita-guiada-plaza-toros\/#breadcrumb","itemListElement":[{"@type":"ListItem","position":1,"name":"Portada","item":"https:\/\/visitnavarra.info\/visitnavarra\/"},{"@type":"ListItem","position":2,"name":"EXPOSICI\u00d3N-VISITA GUIADA"}]},{"@type":"WebSite","@id":"https:\/\/visitnavarra.info\/visitnavarra\/#website","url":"https:\/\/visitnavarra.info\/visitnavarra\/","name":"VisitNavarra","description":"Alojamiento y experiencias tur\u00edsticas en Navarra; qu\u00e9 visitar en Navarra; comer en Navarra","potentialAction":[{"@type":"SearchAction","target":{"@type":"EntryPoint","urlTemplate":"https:\/\/visitnavarra.info\/visitnavarra\/?s={search_term_string}"},"query-input":{"@type":"PropertyValueSpecification","valueRequired":true,"valueName":"search_term_string"}}],"inLanguage":"es"}]}},"_links":{"self":[{"href":"https:\/\/visitnavarra.info\/visitnavarra\/wp-json\/wp\/v2\/pages\/3595","targetHints":{"allow":["GET"]}}],"collection":[{"href":"https:\/\/visitnavarra.info\/visitnavarra\/wp-json\/wp\/v2\/pages"}],"about":[{"href":"https:\/\/visitnavarra.info\/visitnavarra\/wp-json\/wp\/v2\/types\/page"}],"author":[{"embeddable":true,"href":"https:\/\/visitnavarra.info\/visitnavarra\/wp-json\/wp\/v2\/users\/1"}],"replies":[{"embeddable":true,"href":"https:\/\/visitnavarra.info\/visitnavarra\/wp-json\/wp\/v2\/comments?post=3595"}],"version-history":[{"count":11,"href":"https:\/\/visitnavarra.info\/visitnavarra\/wp-json\/wp\/v2\/pages\/3595\/revisions"}],"predecessor-version":[{"id":14085,"href":"https:\/\/visitnavarra.info\/visitnavarra\/wp-json\/wp\/v2\/pages\/3595\/revisions\/14085"}],"wp:attachment":[{"href":"https:\/\/visitnavarra.info\/visitnavarra\/wp-json\/wp\/v2\/media?parent=3595"}],"curies":[{"name":"wp","href":"https:\/\/api.w.org\/{rel}","templated":true}]}}