{"id":3640,"date":"2019-05-15T07:47:47","date_gmt":"2019-05-15T07:47:47","guid":{"rendered":"https:\/\/visitnavarra.info\/visitnavarra\/?page_id=3640"},"modified":"2024-08-23T08:54:24","modified_gmt":"2024-08-23T08:54:24","slug":"parque-de-ocio-y-aventura-irrisarriland","status":"publish","type":"page","link":"https:\/\/visitnavarra.info\/visitnavarra\/parque-de-ocio-y-aventura-irrisarriland\/","title":{"rendered":"PARQUE DE AVENTURA IRRISARRILAND"},"content":{"rendered":"<p>[vc_row][vc_column width=&#8221;1\/1&#8243;][vc_column_text]<img loading=\"lazy\" decoding=\"async\" class=\"alignleft size-full wp-image-3632\" src=\"https:\/\/visitnavarra.info\/visitnavarra\/wp-content\/uploads\/2019\/05\/irrisarriland_250_parque_ocio_aventura.jpg\" alt=\"\" width=\"250\" height=\"250\" srcset=\"https:\/\/visitnavarra.info\/visitnavarra\/wp-content\/uploads\/2019\/05\/irrisarriland_250_parque_ocio_aventura.jpg 250w, https:\/\/visitnavarra.info\/visitnavarra\/wp-content\/uploads\/2019\/05\/irrisarriland_250_parque_ocio_aventura-150x150.jpg 150w, https:\/\/visitnavarra.info\/visitnavarra\/wp-content\/uploads\/2019\/05\/irrisarriland_250_parque_ocio_aventura-80x80.jpg 80w\" sizes=\"auto, (max-width: 250px) 100vw, 250px\" \/>Especialmente pensado y dise\u00f1ado para las familias, somos un resort rural y parque de ocio y aventuras ideal para todos los miembros de la familia, un conjunto de instalaciones de alojamientos, restaurantes y multitud de actividades, todo concentrado en un entorno id\u00edlico de naturaleza. Sorprende a toda tu familia con un d\u00eda inolvidable en IrriSarri Land.<br \/>\nVarias opciones de alojamiento<\/p>\n<p><strong><img loading=\"lazy\" decoding=\"async\" class=\"alignright wp-image-5845 size-thumbnail\" src=\"https:\/\/visitnavarra.info\/visitnavarra\/wp-content\/uploads\/2020\/01\/pulsera-Baxiko-Natu-ver-251x231-1-150x150.png\" alt=\"\" width=\"150\" height=\"150\" srcset=\"https:\/\/visitnavarra.info\/visitnavarra\/wp-content\/uploads\/2020\/01\/pulsera-Baxiko-Natu-ver-251x231-1-150x150.png 150w, https:\/\/visitnavarra.info\/visitnavarra\/wp-content\/uploads\/2020\/01\/pulsera-Baxiko-Natu-ver-251x231-1-80x80.png 80w\" sizes=\"auto, (max-width: 150px) 100vw, 150px\" \/>Entrada Baxi Natura<\/strong><br \/>\nBaxi Natura es la forma m\u00e1s sencilla de disfrutar de IrriSarri Land.<br \/>\nCon la entrada Baxi Natura podr\u00e1s acceder a IrriSarri Land y realizar un mont\u00f3n de actividades.<\/p>\n<ul>\n<li><strong>Precio por adulto: 17\u20ac d\u00eda.<\/strong><\/li>\n<li><strong>Precio por ni\u00f1o (hasta 12 a\u00f1os): 13\u20ac d\u00eda<\/strong><\/li>\n<\/ul>\n<p><strong>Entrada Baxi Natura Plus<img loading=\"lazy\" decoding=\"async\" class=\"alignright wp-image-11629 size-thumbnail\" src=\"https:\/\/visitnavarra.info\/visitnavarra\/wp-content\/uploads\/2022\/01\/entrada-irrisarriland-baxi-natura-plus-150x140.jpg\" alt=\"\" width=\"150\" height=\"140\" \/><\/strong><br \/>\nCon la entrada Baxi Natura podr\u00e1s acceder a IrriSarri Land, realizar un mont\u00f3n de actividades y disfrutar trepando por los arboles.<\/p>\n<ul>\n<li><strong>Precio por adulto: 26,50\u20ac d\u00eda.<\/strong><\/li>\n<li><strong>Precio por ni\u00f1o (hasta 12 a\u00f1os): 20\u20ac d\u00eda<\/strong><\/li>\n<\/ul>\n<p><strong><img loading=\"lazy\" decoding=\"async\" class=\"alignright wp-image-5853 size-thumbnail\" src=\"https:\/\/visitnavarra.info\/visitnavarra\/wp-content\/uploads\/2020\/01\/pulsera-Baxiko-Abe-ros-251x231-1-150x150.png\" alt=\"\" width=\"150\" height=\"150\" srcset=\"https:\/\/visitnavarra.info\/visitnavarra\/wp-content\/uploads\/2020\/01\/pulsera-Baxiko-Abe-ros-251x231-1-150x150.png 150w, https:\/\/visitnavarra.info\/visitnavarra\/wp-content\/uploads\/2020\/01\/pulsera-Baxiko-Abe-ros-251x231-1-80x80.png 80w\" sizes=\"auto, (max-width: 150px) 100vw, 150px\" \/>Entrada Baxi Abentura<\/strong><br \/>\nBaxi Abentura a\u00f1ade a tu entrada dos saltos en tirolina (T160 y T370) y la Ruta de Arborismo. Con tu entrada Baxi Abentura podr\u00e1s disfrutar de IrriSarri Land y realizar un mont\u00f3n de actividades.<\/p>\n<ul>\n<li><strong>Precio por adulto: 35\u20ac d\u00eda.<\/strong><\/li>\n<li><strong>Precio por ni\u00f1o (hasta 12 a\u00f1os): 29\u20ac d\u00eda<\/strong><\/li>\n<\/ul>\n<p><strong><img loading=\"lazy\" decoding=\"async\" class=\"alignright wp-image-5849 size-thumbnail\" src=\"https:\/\/visitnavarra.info\/visitnavarra\/wp-content\/uploads\/2020\/01\/pulsera-Baxiko-Abe-azu-1-251x231-1-150x150.png\" alt=\"\" width=\"150\" height=\"150\" srcset=\"https:\/\/visitnavarra.info\/visitnavarra\/wp-content\/uploads\/2020\/01\/pulsera-Baxiko-Abe-azu-1-251x231-1-150x150.png 150w, https:\/\/visitnavarra.info\/visitnavarra\/wp-content\/uploads\/2020\/01\/pulsera-Baxiko-Abe-azu-1-251x231-1-80x80.png 80w\" sizes=\"auto, (max-width: 150px) 100vw, 150px\" \/>Entrada Baxi Abentura<\/strong> <strong>Plus<\/strong><br \/>\nBaxi Abentura Plus incluye en tu entrada tres saltos en tirolina (T200, T215, T900) y la Ruta de Arborismo. Con tu entrada Baxi Abentura Plus disfrutar\u00e1s de IrriSarri Land en todo su esplendor.<\/p>\n<ul>\n<li><strong>Precio por adulto: 54\u20ac d\u00eda.<\/strong><\/li>\n<li><strong>Precio por ni\u00f1o (hasta 12 a\u00f1os): 43\u20ac d\u00eda<\/strong><\/li>\n<\/ul>\n<div class=\"w-full text-token-text-primary border-b border-black\/10 gizmo:border-0 dark:border-gray-900\/50 gizmo:dark:border-0 gizmo:bg-transparent dark:bg-gray-800 gizmo:dark:bg-transparent\" data-testid=\"conversation-turn-34\">\n<div class=\"p-4 gizmo:py-2 justify-center text-base md:gap-6 md:py-6 m-auto\">\n<div class=\"flex flex-1 gap-4 text-base mx-auto md:gap-6 gizmo:gap-3 gizmo:md:px-5 gizmo:lg:px-1 gizmo:xl:px-5 md:max-w-2xl lg:max-w-[38rem] gizmo:md:max-w-3xl gizmo:lg:max-w-[40rem] gizmo:xl:max-w-[48rem] xl:max-w-3xl } group\">\n<div class=\"relative flex w-[calc(100%-50px)] flex-col gizmo:w-full lg:w-[calc(100%-115px)]\">\n<div class=\"flex-col gap-1 md:gap-3\">\n<div class=\"flex flex-grow flex-col max-w-full gap-3 gizmo:gap-0\">\n<div class=\"min-h-[20px] text-message flex flex-col items-start gap-3 whitespace-pre-wrap break-words [.text-message+&amp;]:mt-5 overflow-x-auto\" data-message-author-role=\"user\" data-message-id=\"aaa292bc-7ca5-462b-8586-8f0d52e59533\">\n<div class=\"\">\u00b7 Descuentos para familias numerosas y monoparentales.<\/div>\n<\/div>\n<\/div>\n<div class=\"flex justify-between empty:hidden gizmo:mt-1 gizmo:justify-start gizmo:gap-3 lg:block gizmo:lg:flex\">\n<div class=\"text-gray-400 flex self-end lg:self-center justify-center gizmo:lg:justify-start mt-2 gizmo:mt-0 visible gap-1\">\n<div class=\"flex items-center gap-1.5 text-xs\"><\/div>\n<\/div>\n<\/div>\n<\/div>\n<\/div>\n<\/div>\n<\/div>\n<\/div>\n<p>Completar vuestra experiencia familiar en nuestros 750.000 metros cuadrados pensados para que correr, saltar, jugar, o simplemente andar o descansar se convierta en una experiencia incomparable.; tirolinas gigantes, BBT, puente tibetano de 140 metros, circuito Canopy, Bike Park, Roc\u00f3dromo, disc-golf, hinchables, cama el\u00e1stica, diferentes rutas tem\u00e1ticas; mitolog\u00eda, naturaleza, aventura\u2026.<\/p>\n<p>&nbsp;<\/p>\n<p><strong>Nota<\/strong>: Todo el personal del parque (recepci\u00f3n, monitores de actividades, camareros, etc., hablan franc\u00e9s)[\/vc_column_text][\/vc_column][\/vc_row][vc_row][vc_column width=&#8221;1\/1&#8243;][vc_column_text]<\/p>\n<p>&nbsp;<\/p>\n<p>&nbsp;<\/p>\n<p>[\/vc_column_text][\/vc_column][\/vc_row][vc_row][vc_column width=&#8221;1\/2&#8243;]<div class=\"single_image wpb_content_element align-right    \" data-animation=\"none\" data-delay=\"0\"><img loading=\"lazy\" decoding=\"async\" width=\"186\" height=\"77\" src=\"https:\/\/visitnavarra.info\/visitnavarra\/wp-content\/uploads\/2019\/05\/irrisarri_land_logo_BLANCO.jpg\" class=\"attachment-full\" alt=\"\" \/><\/div>[\/vc_column][vc_column width=&#8221;1\/2&#8243;][vc_column_text]<strong>CONTACTO \/ RESERVAS<\/strong><br \/>\nEntidad \/ empresa: IRRISARRI LAND<br \/>\nN\u00ba Registro Turismo: UETAC027<br \/>\nTel\u00e9fono: (+34) 948 928 922<br \/>\nMails: <a href=\"mailto:info@irrisarriland.com\" target=\"_blank\" rel=\"noopener\">info@irrisarriland.com<\/a><br \/>\nWeb: <a href=\"https:\/\/www.irrisarriland.com\/\" target=\"_blank\" rel=\"noopener\">https:\/\/www.irrisarriland.com\/<\/a><\/p>\n<div id=\"ventanamailtotoMail\" style=\"z-index: 1102; display: block;\">\n<div id=\"ventanamailtomodalMail\">\n<div id=\"ventanamailtopopupToModalClose\"><\/div>\n<\/div>\n<\/div>\n<div><img \/><\/div>\n<p>[\/vc_column_text][\/vc_column][\/vc_row]<\/p>\n","protected":false},"excerpt":{"rendered":"<p>[vc_row][vc_column width=&#8221;1\/1&#8243;][vc_column_text]Especialmente pensado y dise\u00f1ado para las familias, somos un resort rural y parque de ocio y aventuras ideal para todos los miembros de la familia, un conjunto de instalaciones de alojamientos, restaurantes y multitud de actividades, todo concentrado en un entorno id\u00edlico de naturaleza. Sorprende a toda tu familia con un d\u00eda inolvidable en IrriSarri Land. Varias opciones de alojamiento Entrada Baxi Natura Baxi Natura es la forma m\u00e1s sencilla de disfrutar de IrriSarri Land. Con la entrada Baxi Natura podr\u00e1s acceder a IrriSarri Land y realizar un mont\u00f3n de actividades. Precio por adulto: 17\u20ac d\u00eda. Precio por ni\u00f1o (hasta 12 a\u00f1os): 13\u20ac d\u00eda Entrada Baxi Natura Plus Con la entrada Baxi Natura podr\u00e1s acceder a IrriSarri Land, realizar un mont\u00f3n de actividades y disfrutar trepando por los arboles. Precio por adulto: 26,50\u20ac d\u00eda. Precio por ni\u00f1o (hasta 12 a\u00f1os): 20\u20ac d\u00eda Entrada Baxi Abentura Baxi Abentura a\u00f1ade a tu entrada dos saltos en tirolina (T160 y T370) y la Ruta de Arborismo. Con tu entrada Baxi Abentura podr\u00e1s disfrutar de IrriSarri Land y realizar un mont\u00f3n de actividades. Precio por adulto: 35\u20ac d\u00eda. Precio por ni\u00f1o (hasta 12 a\u00f1os): 29\u20ac d\u00eda Entrada Baxi Abentura Plus Baxi Abentura Plus [&hellip;]<\/p>\n","protected":false},"author":1,"featured_media":0,"parent":0,"menu_order":0,"comment_status":"closed","ping_status":"closed","template":"","meta":{"footnotes":""},"class_list":["post-3640","page","type-page","status-publish","hentry"],"yoast_head":"<!-- This site is optimized with the Yoast SEO plugin v23.5 - https:\/\/yoast.com\/wordpress\/plugins\/seo\/ -->\n<title>PARQUE DE AVENTURA IRRISARRILAND - VisitNavarra<\/title>\n<meta name=\"description\" content=\"Sorprende a toda tu familia con un d\u00eda inolvidable en IrriSarri Land. Especialmente pensado y dise\u00f1ado para las familias.\" \/>\n<meta name=\"robots\" content=\"index, follow, max-snippet:-1, max-image-preview:large, max-video-preview:-1\" \/>\n<link rel=\"canonical\" href=\"https:\/\/visitnavarra.info\/visitnavarra\/parque-de-ocio-y-aventura-irrisarriland\/\" \/>\n<meta property=\"og:locale\" content=\"es_ES\" \/>\n<meta property=\"og:type\" content=\"article\" \/>\n<meta property=\"og:title\" content=\"PARQUE DE AVENTURA IRRISARRILAND - VisitNavarra\" \/>\n<meta property=\"og:description\" content=\"Sorprende a toda tu familia con un d\u00eda inolvidable en IrriSarri Land. Especialmente pensado y dise\u00f1ado para las familias.\" \/>\n<meta property=\"og:url\" content=\"https:\/\/visitnavarra.info\/visitnavarra\/parque-de-ocio-y-aventura-irrisarriland\/\" \/>\n<meta property=\"og:site_name\" content=\"VisitNavarra\" \/>\n<meta property=\"article:modified_time\" content=\"2024-08-23T08:54:24+00:00\" \/>\n<meta property=\"og:image\" content=\"https:\/\/visitnavarra.info\/visitnavarra\/wp-content\/uploads\/2019\/05\/irrisarriland_250_parque_ocio_aventura.jpg\" \/>\n<meta name=\"twitter:card\" content=\"summary_large_image\" \/>\n<meta name=\"twitter:label1\" content=\"Tiempo de lectura\" \/>\n\t<meta name=\"twitter:data1\" content=\"3 minutos\" \/>\n<script type=\"application\/ld+json\" class=\"yoast-schema-graph\">{\"@context\":\"https:\/\/schema.org\",\"@graph\":[{\"@type\":\"WebPage\",\"@id\":\"https:\/\/visitnavarra.info\/visitnavarra\/parque-de-ocio-y-aventura-irrisarriland\/\",\"url\":\"https:\/\/visitnavarra.info\/visitnavarra\/parque-de-ocio-y-aventura-irrisarriland\/\",\"name\":\"PARQUE DE AVENTURA IRRISARRILAND - VisitNavarra\",\"isPartOf\":{\"@id\":\"https:\/\/visitnavarra.info\/visitnavarra\/#website\"},\"primaryImageOfPage\":{\"@id\":\"https:\/\/visitnavarra.info\/visitnavarra\/parque-de-ocio-y-aventura-irrisarriland\/#primaryimage\"},\"image\":{\"@id\":\"https:\/\/visitnavarra.info\/visitnavarra\/parque-de-ocio-y-aventura-irrisarriland\/#primaryimage\"},\"thumbnailUrl\":\"https:\/\/visitnavarra.info\/visitnavarra\/wp-content\/uploads\/2019\/05\/irrisarriland_250_parque_ocio_aventura.jpg\",\"datePublished\":\"2019-05-15T07:47:47+00:00\",\"dateModified\":\"2024-08-23T08:54:24+00:00\",\"description\":\"Sorprende a toda tu familia con un d\u00eda inolvidable en IrriSarri Land. Especialmente pensado y dise\u00f1ado para las familias.\",\"breadcrumb\":{\"@id\":\"https:\/\/visitnavarra.info\/visitnavarra\/parque-de-ocio-y-aventura-irrisarriland\/#breadcrumb\"},\"inLanguage\":\"es\",\"potentialAction\":[{\"@type\":\"ReadAction\",\"target\":[\"https:\/\/visitnavarra.info\/visitnavarra\/parque-de-ocio-y-aventura-irrisarriland\/\"]}]},{\"@type\":\"ImageObject\",\"inLanguage\":\"es\",\"@id\":\"https:\/\/visitnavarra.info\/visitnavarra\/parque-de-ocio-y-aventura-irrisarriland\/#primaryimage\",\"url\":\"https:\/\/visitnavarra.info\/visitnavarra\/wp-content\/uploads\/2019\/05\/irrisarriland_250_parque_ocio_aventura.jpg\",\"contentUrl\":\"https:\/\/visitnavarra.info\/visitnavarra\/wp-content\/uploads\/2019\/05\/irrisarriland_250_parque_ocio_aventura.jpg\",\"width\":250,\"height\":250},{\"@type\":\"BreadcrumbList\",\"@id\":\"https:\/\/visitnavarra.info\/visitnavarra\/parque-de-ocio-y-aventura-irrisarriland\/#breadcrumb\",\"itemListElement\":[{\"@type\":\"ListItem\",\"position\":1,\"name\":\"Portada\",\"item\":\"https:\/\/visitnavarra.info\/visitnavarra\/\"},{\"@type\":\"ListItem\",\"position\":2,\"name\":\"PARQUE DE AVENTURA IRRISARRILAND\"}]},{\"@type\":\"WebSite\",\"@id\":\"https:\/\/visitnavarra.info\/visitnavarra\/#website\",\"url\":\"https:\/\/visitnavarra.info\/visitnavarra\/\",\"name\":\"VisitNavarra\",\"description\":\"Alojamiento y experiencias tur\u00edsticas en Navarra; qu\u00e9 visitar en Navarra; comer en Navarra\",\"potentialAction\":[{\"@type\":\"SearchAction\",\"target\":{\"@type\":\"EntryPoint\",\"urlTemplate\":\"https:\/\/visitnavarra.info\/visitnavarra\/?s={search_term_string}\"},\"query-input\":{\"@type\":\"PropertyValueSpecification\",\"valueRequired\":true,\"valueName\":\"search_term_string\"}}],\"inLanguage\":\"es\"}]}<\/script>\n<!-- \/ Yoast SEO plugin. -->","yoast_head_json":{"title":"PARQUE DE AVENTURA IRRISARRILAND - VisitNavarra","description":"Sorprende a toda tu familia con un d\u00eda inolvidable en IrriSarri Land. Especialmente pensado y dise\u00f1ado para las familias.","robots":{"index":"index","follow":"follow","max-snippet":"max-snippet:-1","max-image-preview":"max-image-preview:large","max-video-preview":"max-video-preview:-1"},"canonical":"https:\/\/visitnavarra.info\/visitnavarra\/parque-de-ocio-y-aventura-irrisarriland\/","og_locale":"es_ES","og_type":"article","og_title":"PARQUE DE AVENTURA IRRISARRILAND - VisitNavarra","og_description":"Sorprende a toda tu familia con un d\u00eda inolvidable en IrriSarri Land. Especialmente pensado y dise\u00f1ado para las familias.","og_url":"https:\/\/visitnavarra.info\/visitnavarra\/parque-de-ocio-y-aventura-irrisarriland\/","og_site_name":"VisitNavarra","article_modified_time":"2024-08-23T08:54:24+00:00","og_image":[{"url":"https:\/\/visitnavarra.info\/visitnavarra\/wp-content\/uploads\/2019\/05\/irrisarriland_250_parque_ocio_aventura.jpg"}],"twitter_card":"summary_large_image","twitter_misc":{"Tiempo de lectura":"3 minutos"},"schema":{"@context":"https:\/\/schema.org","@graph":[{"@type":"WebPage","@id":"https:\/\/visitnavarra.info\/visitnavarra\/parque-de-ocio-y-aventura-irrisarriland\/","url":"https:\/\/visitnavarra.info\/visitnavarra\/parque-de-ocio-y-aventura-irrisarriland\/","name":"PARQUE DE AVENTURA IRRISARRILAND - VisitNavarra","isPartOf":{"@id":"https:\/\/visitnavarra.info\/visitnavarra\/#website"},"primaryImageOfPage":{"@id":"https:\/\/visitnavarra.info\/visitnavarra\/parque-de-ocio-y-aventura-irrisarriland\/#primaryimage"},"image":{"@id":"https:\/\/visitnavarra.info\/visitnavarra\/parque-de-ocio-y-aventura-irrisarriland\/#primaryimage"},"thumbnailUrl":"https:\/\/visitnavarra.info\/visitnavarra\/wp-content\/uploads\/2019\/05\/irrisarriland_250_parque_ocio_aventura.jpg","datePublished":"2019-05-15T07:47:47+00:00","dateModified":"2024-08-23T08:54:24+00:00","description":"Sorprende a toda tu familia con un d\u00eda inolvidable en IrriSarri Land. Especialmente pensado y dise\u00f1ado para las familias.","breadcrumb":{"@id":"https:\/\/visitnavarra.info\/visitnavarra\/parque-de-ocio-y-aventura-irrisarriland\/#breadcrumb"},"inLanguage":"es","potentialAction":[{"@type":"ReadAction","target":["https:\/\/visitnavarra.info\/visitnavarra\/parque-de-ocio-y-aventura-irrisarriland\/"]}]},{"@type":"ImageObject","inLanguage":"es","@id":"https:\/\/visitnavarra.info\/visitnavarra\/parque-de-ocio-y-aventura-irrisarriland\/#primaryimage","url":"https:\/\/visitnavarra.info\/visitnavarra\/wp-content\/uploads\/2019\/05\/irrisarriland_250_parque_ocio_aventura.jpg","contentUrl":"https:\/\/visitnavarra.info\/visitnavarra\/wp-content\/uploads\/2019\/05\/irrisarriland_250_parque_ocio_aventura.jpg","width":250,"height":250},{"@type":"BreadcrumbList","@id":"https:\/\/visitnavarra.info\/visitnavarra\/parque-de-ocio-y-aventura-irrisarriland\/#breadcrumb","itemListElement":[{"@type":"ListItem","position":1,"name":"Portada","item":"https:\/\/visitnavarra.info\/visitnavarra\/"},{"@type":"ListItem","position":2,"name":"PARQUE DE AVENTURA IRRISARRILAND"}]},{"@type":"WebSite","@id":"https:\/\/visitnavarra.info\/visitnavarra\/#website","url":"https:\/\/visitnavarra.info\/visitnavarra\/","name":"VisitNavarra","description":"Alojamiento y experiencias tur\u00edsticas en Navarra; qu\u00e9 visitar en Navarra; comer en Navarra","potentialAction":[{"@type":"SearchAction","target":{"@type":"EntryPoint","urlTemplate":"https:\/\/visitnavarra.info\/visitnavarra\/?s={search_term_string}"},"query-input":{"@type":"PropertyValueSpecification","valueRequired":true,"valueName":"search_term_string"}}],"inLanguage":"es"}]}},"_links":{"self":[{"href":"https:\/\/visitnavarra.info\/visitnavarra\/wp-json\/wp\/v2\/pages\/3640","targetHints":{"allow":["GET"]}}],"collection":[{"href":"https:\/\/visitnavarra.info\/visitnavarra\/wp-json\/wp\/v2\/pages"}],"about":[{"href":"https:\/\/visitnavarra.info\/visitnavarra\/wp-json\/wp\/v2\/types\/page"}],"author":[{"embeddable":true,"href":"https:\/\/visitnavarra.info\/visitnavarra\/wp-json\/wp\/v2\/users\/1"}],"replies":[{"embeddable":true,"href":"https:\/\/visitnavarra.info\/visitnavarra\/wp-json\/wp\/v2\/comments?post=3640"}],"version-history":[{"count":15,"href":"https:\/\/visitnavarra.info\/visitnavarra\/wp-json\/wp\/v2\/pages\/3640\/revisions"}],"predecessor-version":[{"id":13630,"href":"https:\/\/visitnavarra.info\/visitnavarra\/wp-json\/wp\/v2\/pages\/3640\/revisions\/13630"}],"wp:attachment":[{"href":"https:\/\/visitnavarra.info\/visitnavarra\/wp-json\/wp\/v2\/media?parent=3640"}],"curies":[{"name":"wp","href":"https:\/\/api.w.org\/{rel}","templated":true}]}}