{"id":3666,"date":"2019-05-15T09:28:11","date_gmt":"2019-05-15T09:28:11","guid":{"rendered":"https:\/\/visitnavarra.info\/visitnavarra\/?page_id=3666"},"modified":"2020-01-03T12:22:09","modified_gmt":"2020-01-03T12:22:09","slug":"lerele-visitas-guiadas-catas","status":"publish","type":"page","link":"https:\/\/visitnavarra.info\/visitnavarra\/lerele-visitas-guiadas-catas\/","title":{"rendered":"VISITES GUID\u00c9ES ET D\u00c9GUSTATION"},"content":{"rendered":"<p>[vc_row][vc_column width=&#8221;1\/1&#8243;][vc_column_text]<img loading=\"lazy\" decoding=\"async\" class=\"alignleft size-full wp-image-3409\" src=\"https:\/\/visitnavarra.info\/visitnavarra\/wp-content\/uploads\/2019\/05\/pago-larrainzar-250-jornada-trabajo.jpg\" alt=\"\" width=\"250\" height=\"250\" srcset=\"https:\/\/visitnavarra.info\/visitnavarra\/wp-content\/uploads\/2019\/05\/pago-larrainzar-250-jornada-trabajo.jpg 250w, https:\/\/visitnavarra.info\/visitnavarra\/wp-content\/uploads\/2019\/05\/pago-larrainzar-250-jornada-trabajo-150x150.jpg 150w, https:\/\/visitnavarra.info\/visitnavarra\/wp-content\/uploads\/2019\/05\/pago-larrainzar-250-jornada-trabajo-80x80.jpg 80w\" sizes=\"auto, (max-width: 250px) 100vw, 250px\" \/><\/p>\n<p>Culture et gastronomie se rencontrent dans cette exp\u00e9rience de tourisme familial. Profiter en famille et entre amis peut d\u00e9couvrir nos produits horticoles, la p\u00e9riode, les conditions et les r\u00e9coltes de plantation et, plus important encore, comment les faire cuire pour entretenir leurs propri\u00e9t\u00e9s et nous nourrir correctement.<br \/>\nVous \u00eates ce que vous mangez et quel meilleur moyen d&#8217;\u00e9duquer les plus petits que de jouer, en associant alimentation saine \u00e0 plaisir.<\/p>\n<p><strong>VISITE \u00c0 LA CLASSE GARDEN + RECOLECTA + KITCHEN:<\/strong><br \/>\nNous reconna\u00eetrons la terre, nous nous orienterons g\u00e9ographiquement, nous visiterons des zones touristiques, nous planterons, nous arroserons, nous collecterons et nous ferons la cuisine pour notre d\u00e9jeuner.<br \/>\nPrix par Adulte: 30\u20ac<br \/>\nPrix par Enfant (jusqu&#8217;\u00e0 douze ans): 15\u20ac<br \/>\nDates: V\u00e9rifier la disponibilit\u00e9<\/p>\n<p><strong>VISITE \u00c0 BODEGA + D\u00c9GUSTATION + D\u00c9JEUNER<\/strong><br \/>\nVisite d&#8217;un domaine viticole, visite pour adultes et enfants, explication de la vigne et de son parcours, d\u00e9gustation et d\u00e9jeuner<br \/>\nPrix par Adulte: \u00e0 partir 50\u20ac<br \/>\nPrix par Enfant (jusqu&#8217;\u00e0 douze ans): \u00e0 partir 25\u20ac<\/p>\n<p><strong>SHOWCOOKING:<\/strong><br \/>\nLa Showcooking est la meilleure fa\u00e7on d&#8217;apprendre en regardant et \/ ou en faisant, nous offrons l&#8217;exp\u00e9rience la plus sp\u00e9ciale pour que vous puissiez apprendre en appr\u00e9ciant, en rapportant la nourriture \u00e0 un moment de plaisir<br \/>\nPrix par Adulte: \u00e0 partir 39\u20ac<br \/>\nPrix par Enfant (jusqu&#8217;\u00e0 douze ans): \u00e0 partir 20\u20ac<\/p>\n<p><strong>VISITES AUX MONUMENTS HISTORIQUES:<\/strong> \u00e0 partir + 5 \u20ac \/ personne<\/p>\n<p><strong>ACTIVIT\u00c9S DIVERTISSEMENT ENFANTS:<\/strong> \u00e0 partir + 5 \u20ac \/ enfant<br \/>\nDates: V\u00e9rifier la disponibilit\u00e9<br \/>\nLieu: Consultez les emplacements, ouverts \u00e0 toutes sortes de suggestions.[\/vc_column_text][\/vc_column][\/vc_row][vc_row][vc_column width=&#8221;1\/1&#8243;][vc_column_text]<\/p>\n<p>&nbsp;<\/p>\n<p>[\/vc_column_text][\/vc_column][\/vc_row][vc_row][vc_column width=&#8221;1\/2&#8243;]<div class=\"single_image wpb_content_element align-right    \" data-animation=\"none\" data-delay=\"0\"><img loading=\"lazy\" decoding=\"async\" width=\"200\" height=\"214\" src=\"https:\/\/visitnavarra.info\/visitnavarra\/wp-content\/uploads\/2019\/01\/lerele.jpg\" class=\"attachment-full\" alt=\"\" \/><\/div>[\/vc_column][vc_column width=&#8221;1\/2&#8243;][vc_column_text]<strong>CONTACT \/ R\u00c9S\u00c9RVATIONS<\/strong><br \/>\nEntit\u00e9\/ entreprise: LERELE EXPERIENCIAS TUR\u00cdSTICAS<br \/>\nN\u00ba Registre Tourisme: UETC0083<br \/>\nAdresse: c\/ Pedro I, n\u00ba 1, 1\u00ba &#8211; 31007 Pamplona (Navarra)<br \/>\nT\u00e9l\u00e9phone: (+34) 666 615 761<br \/>\nContact: Noelia Sampedro<br \/>\nMail: <a href=\"mailto:experienciasturisticas@lereletour.com\">experienciasturisticas@lereletour.com<\/a><br \/>\nHorario de atenci\u00f3n: Lunes-jueves 09:00-14:00 y 16:00-18:30 h. | Viernes 09:00-15:00 h.[\/vc_column_text][\/vc_column][\/vc_row]<\/p>\n","protected":false},"excerpt":{"rendered":"<p>[vc_row][vc_column width=&#8221;1\/1&#8243;][vc_column_text] Culture et gastronomie se rencontrent dans cette exp\u00e9rience de tourisme familial. Profiter en famille et entre amis peut d\u00e9couvrir nos produits horticoles, la p\u00e9riode, les conditions et les r\u00e9coltes de plantation et, plus important encore, comment les faire cuire pour entretenir leurs propri\u00e9t\u00e9s et nous nourrir correctement. Vous \u00eates ce que vous mangez et quel meilleur moyen d&#8217;\u00e9duquer les plus petits que de jouer, en associant alimentation saine \u00e0 plaisir. VISITE \u00c0 LA CLASSE GARDEN + RECOLECTA + KITCHEN: Nous reconna\u00eetrons la terre, nous nous orienterons g\u00e9ographiquement, nous visiterons des zones touristiques, nous planterons, nous arroserons, nous collecterons et nous ferons la cuisine pour notre d\u00e9jeuner. Prix par Adulte: 30\u20ac Prix par Enfant (jusqu&#8217;\u00e0 douze ans): 15\u20ac Dates: V\u00e9rifier la disponibilit\u00e9 VISITE \u00c0 BODEGA + D\u00c9GUSTATION + D\u00c9JEUNER Visite d&#8217;un domaine viticole, visite pour adultes et enfants, explication de la vigne et de son parcours, d\u00e9gustation et d\u00e9jeuner Prix par Adulte: \u00e0 partir 50\u20ac Prix par Enfant (jusqu&#8217;\u00e0 douze ans): \u00e0 partir 25\u20ac SHOWCOOKING: La Showcooking est la meilleure fa\u00e7on d&#8217;apprendre en regardant et \/ ou en faisant, nous offrons l&#8217;exp\u00e9rience la plus sp\u00e9ciale pour que vous puissiez apprendre en appr\u00e9ciant, en rapportant la nourriture \u00e0 un moment [&hellip;]<\/p>\n","protected":false},"author":1,"featured_media":0,"parent":0,"menu_order":0,"comment_status":"closed","ping_status":"closed","template":"","meta":{"footnotes":""},"class_list":["post-3666","page","type-page","status-publish","hentry"],"yoast_head":"<!-- This site is optimized with the Yoast SEO plugin v23.5 - https:\/\/yoast.com\/wordpress\/plugins\/seo\/ -->\n<title>VISITES GUID\u00c9ES ET D\u00c9GUSTATION - VisitNavarra<\/title>\n<meta name=\"robots\" content=\"index, follow, max-snippet:-1, max-image-preview:large, max-video-preview:-1\" \/>\n<link rel=\"canonical\" href=\"https:\/\/visitnavarra.info\/visitnavarra\/fr\/lerele-visitas-guiadas-catas\/\" \/>\n<meta property=\"og:locale\" content=\"es_ES\" \/>\n<meta property=\"og:type\" content=\"article\" \/>\n<meta property=\"og:title\" content=\"VISITES GUID\u00c9ES ET D\u00c9GUSTATION - VisitNavarra\" \/>\n<meta property=\"og:description\" content=\"[vc_row][vc_column width=&#8221;1\/1&#8243;][vc_column_text] Culture et gastronomie se rencontrent dans cette exp\u00e9rience de tourisme familial. Profiter en famille et entre amis peut d\u00e9couvrir nos produits horticoles, la p\u00e9riode, les conditions et les r\u00e9coltes de plantation et, plus important encore, comment les faire cuire pour entretenir leurs propri\u00e9t\u00e9s et nous nourrir correctement. Vous \u00eates ce que vous mangez et quel meilleur moyen d&#8217;\u00e9duquer les plus petits que de jouer, en associant alimentation saine \u00e0 plaisir. VISITE \u00c0 LA CLASSE GARDEN + RECOLECTA + KITCHEN: Nous reconna\u00eetrons la terre, nous nous orienterons g\u00e9ographiquement, nous visiterons des zones touristiques, nous planterons, nous arroserons, nous collecterons et nous ferons la cuisine pour notre d\u00e9jeuner. Prix par Adulte: 30\u20ac Prix par Enfant (jusqu&#8217;\u00e0 douze ans): 15\u20ac Dates: V\u00e9rifier la disponibilit\u00e9 VISITE \u00c0 BODEGA + D\u00c9GUSTATION + D\u00c9JEUNER Visite d&#8217;un domaine viticole, visite pour adultes et enfants, explication de la vigne et de son parcours, d\u00e9gustation et d\u00e9jeuner Prix par Adulte: \u00e0 partir 50\u20ac Prix par Enfant (jusqu&#8217;\u00e0 douze ans): \u00e0 partir 25\u20ac SHOWCOOKING: La Showcooking est la meilleure fa\u00e7on d&#8217;apprendre en regardant et \/ ou en faisant, nous offrons l&#8217;exp\u00e9rience la plus sp\u00e9ciale pour que vous puissiez apprendre en appr\u00e9ciant, en rapportant la nourriture \u00e0 un moment [&hellip;]\" \/>\n<meta property=\"og:url\" content=\"https:\/\/visitnavarra.info\/visitnavarra\/fr\/lerele-visitas-guiadas-catas\/\" \/>\n<meta property=\"og:site_name\" content=\"VisitNavarra\" \/>\n<meta property=\"article:modified_time\" content=\"2020-01-03T12:22:09+00:00\" \/>\n<meta property=\"og:image\" content=\"https:\/\/visitnavarra.info\/visitnavarra\/wp-content\/uploads\/2019\/05\/pago-larrainzar-250-jornada-trabajo.jpg\" \/>\n<meta name=\"twitter:card\" content=\"summary_large_image\" \/>\n<meta name=\"twitter:label1\" content=\"Tiempo de lectura\" \/>\n\t<meta name=\"twitter:data1\" content=\"2 minutos\" \/>\n<script type=\"application\/ld+json\" class=\"yoast-schema-graph\">{\"@context\":\"https:\/\/schema.org\",\"@graph\":[{\"@type\":\"WebPage\",\"@id\":\"https:\/\/visitnavarra.info\/visitnavarra\/fr\/lerele-visitas-guiadas-catas\/\",\"url\":\"https:\/\/visitnavarra.info\/visitnavarra\/fr\/lerele-visitas-guiadas-catas\/\",\"name\":\"VISITES GUID\u00c9ES ET D\u00c9GUSTATION - VisitNavarra\",\"isPartOf\":{\"@id\":\"https:\/\/visitnavarra.info\/visitnavarra\/#website\"},\"primaryImageOfPage\":{\"@id\":\"https:\/\/visitnavarra.info\/visitnavarra\/fr\/lerele-visitas-guiadas-catas\/#primaryimage\"},\"image\":{\"@id\":\"https:\/\/visitnavarra.info\/visitnavarra\/fr\/lerele-visitas-guiadas-catas\/#primaryimage\"},\"thumbnailUrl\":\"https:\/\/visitnavarra.info\/visitnavarra\/wp-content\/uploads\/2019\/05\/pago-larrainzar-250-jornada-trabajo.jpg\",\"datePublished\":\"2019-05-15T09:28:11+00:00\",\"dateModified\":\"2020-01-03T12:22:09+00:00\",\"breadcrumb\":{\"@id\":\"https:\/\/visitnavarra.info\/visitnavarra\/fr\/lerele-visitas-guiadas-catas\/#breadcrumb\"},\"inLanguage\":\"es\",\"potentialAction\":[{\"@type\":\"ReadAction\",\"target\":[\"https:\/\/visitnavarra.info\/visitnavarra\/fr\/lerele-visitas-guiadas-catas\/\"]}]},{\"@type\":\"ImageObject\",\"inLanguage\":\"es\",\"@id\":\"https:\/\/visitnavarra.info\/visitnavarra\/fr\/lerele-visitas-guiadas-catas\/#primaryimage\",\"url\":\"https:\/\/visitnavarra.info\/visitnavarra\/wp-content\/uploads\/2019\/05\/pago-larrainzar-250-jornada-trabajo.jpg\",\"contentUrl\":\"https:\/\/visitnavarra.info\/visitnavarra\/wp-content\/uploads\/2019\/05\/pago-larrainzar-250-jornada-trabajo.jpg\",\"width\":250,\"height\":250},{\"@type\":\"BreadcrumbList\",\"@id\":\"https:\/\/visitnavarra.info\/visitnavarra\/fr\/lerele-visitas-guiadas-catas\/#breadcrumb\",\"itemListElement\":[{\"@type\":\"ListItem\",\"position\":1,\"name\":\"Portada\",\"item\":\"https:\/\/visitnavarra.info\/visitnavarra\/\"},{\"@type\":\"ListItem\",\"position\":2,\"name\":\"VISITES GUID\u00c9ES ET D\u00c9GUSTATION\"}]},{\"@type\":\"WebSite\",\"@id\":\"https:\/\/visitnavarra.info\/visitnavarra\/#website\",\"url\":\"https:\/\/visitnavarra.info\/visitnavarra\/\",\"name\":\"VisitNavarra\",\"description\":\"Alojamiento y experiencias tur\u00edsticas en Navarra; qu\u00e9 visitar en Navarra; comer en Navarra\",\"potentialAction\":[{\"@type\":\"SearchAction\",\"target\":{\"@type\":\"EntryPoint\",\"urlTemplate\":\"https:\/\/visitnavarra.info\/visitnavarra\/?s={search_term_string}\"},\"query-input\":{\"@type\":\"PropertyValueSpecification\",\"valueRequired\":true,\"valueName\":\"search_term_string\"}}],\"inLanguage\":\"es\"}]}<\/script>\n<!-- \/ Yoast SEO plugin. -->","yoast_head_json":{"title":"VISITES GUID\u00c9ES ET D\u00c9GUSTATION - VisitNavarra","robots":{"index":"index","follow":"follow","max-snippet":"max-snippet:-1","max-image-preview":"max-image-preview:large","max-video-preview":"max-video-preview:-1"},"canonical":"https:\/\/visitnavarra.info\/visitnavarra\/fr\/lerele-visitas-guiadas-catas\/","og_locale":"es_ES","og_type":"article","og_title":"VISITES GUID\u00c9ES ET D\u00c9GUSTATION - VisitNavarra","og_description":"[vc_row][vc_column width=&#8221;1\/1&#8243;][vc_column_text] Culture et gastronomie se rencontrent dans cette exp\u00e9rience de tourisme familial. Profiter en famille et entre amis peut d\u00e9couvrir nos produits horticoles, la p\u00e9riode, les conditions et les r\u00e9coltes de plantation et, plus important encore, comment les faire cuire pour entretenir leurs propri\u00e9t\u00e9s et nous nourrir correctement. Vous \u00eates ce que vous mangez et quel meilleur moyen d&#8217;\u00e9duquer les plus petits que de jouer, en associant alimentation saine \u00e0 plaisir. VISITE \u00c0 LA CLASSE GARDEN + RECOLECTA + KITCHEN: Nous reconna\u00eetrons la terre, nous nous orienterons g\u00e9ographiquement, nous visiterons des zones touristiques, nous planterons, nous arroserons, nous collecterons et nous ferons la cuisine pour notre d\u00e9jeuner. Prix par Adulte: 30\u20ac Prix par Enfant (jusqu&#8217;\u00e0 douze ans): 15\u20ac Dates: V\u00e9rifier la disponibilit\u00e9 VISITE \u00c0 BODEGA + D\u00c9GUSTATION + D\u00c9JEUNER Visite d&#8217;un domaine viticole, visite pour adultes et enfants, explication de la vigne et de son parcours, d\u00e9gustation et d\u00e9jeuner Prix par Adulte: \u00e0 partir 50\u20ac Prix par Enfant (jusqu&#8217;\u00e0 douze ans): \u00e0 partir 25\u20ac SHOWCOOKING: La Showcooking est la meilleure fa\u00e7on d&#8217;apprendre en regardant et \/ ou en faisant, nous offrons l&#8217;exp\u00e9rience la plus sp\u00e9ciale pour que vous puissiez apprendre en appr\u00e9ciant, en rapportant la nourriture \u00e0 un moment [&hellip;]","og_url":"https:\/\/visitnavarra.info\/visitnavarra\/fr\/lerele-visitas-guiadas-catas\/","og_site_name":"VisitNavarra","article_modified_time":"2020-01-03T12:22:09+00:00","og_image":[{"url":"https:\/\/visitnavarra.info\/visitnavarra\/wp-content\/uploads\/2019\/05\/pago-larrainzar-250-jornada-trabajo.jpg"}],"twitter_card":"summary_large_image","twitter_misc":{"Tiempo de lectura":"2 minutos"},"schema":{"@context":"https:\/\/schema.org","@graph":[{"@type":"WebPage","@id":"https:\/\/visitnavarra.info\/visitnavarra\/fr\/lerele-visitas-guiadas-catas\/","url":"https:\/\/visitnavarra.info\/visitnavarra\/fr\/lerele-visitas-guiadas-catas\/","name":"VISITES GUID\u00c9ES ET D\u00c9GUSTATION - VisitNavarra","isPartOf":{"@id":"https:\/\/visitnavarra.info\/visitnavarra\/#website"},"primaryImageOfPage":{"@id":"https:\/\/visitnavarra.info\/visitnavarra\/fr\/lerele-visitas-guiadas-catas\/#primaryimage"},"image":{"@id":"https:\/\/visitnavarra.info\/visitnavarra\/fr\/lerele-visitas-guiadas-catas\/#primaryimage"},"thumbnailUrl":"https:\/\/visitnavarra.info\/visitnavarra\/wp-content\/uploads\/2019\/05\/pago-larrainzar-250-jornada-trabajo.jpg","datePublished":"2019-05-15T09:28:11+00:00","dateModified":"2020-01-03T12:22:09+00:00","breadcrumb":{"@id":"https:\/\/visitnavarra.info\/visitnavarra\/fr\/lerele-visitas-guiadas-catas\/#breadcrumb"},"inLanguage":"es","potentialAction":[{"@type":"ReadAction","target":["https:\/\/visitnavarra.info\/visitnavarra\/fr\/lerele-visitas-guiadas-catas\/"]}]},{"@type":"ImageObject","inLanguage":"es","@id":"https:\/\/visitnavarra.info\/visitnavarra\/fr\/lerele-visitas-guiadas-catas\/#primaryimage","url":"https:\/\/visitnavarra.info\/visitnavarra\/wp-content\/uploads\/2019\/05\/pago-larrainzar-250-jornada-trabajo.jpg","contentUrl":"https:\/\/visitnavarra.info\/visitnavarra\/wp-content\/uploads\/2019\/05\/pago-larrainzar-250-jornada-trabajo.jpg","width":250,"height":250},{"@type":"BreadcrumbList","@id":"https:\/\/visitnavarra.info\/visitnavarra\/fr\/lerele-visitas-guiadas-catas\/#breadcrumb","itemListElement":[{"@type":"ListItem","position":1,"name":"Portada","item":"https:\/\/visitnavarra.info\/visitnavarra\/"},{"@type":"ListItem","position":2,"name":"VISITES GUID\u00c9ES ET D\u00c9GUSTATION"}]},{"@type":"WebSite","@id":"https:\/\/visitnavarra.info\/visitnavarra\/#website","url":"https:\/\/visitnavarra.info\/visitnavarra\/","name":"VisitNavarra","description":"Alojamiento y experiencias tur\u00edsticas en Navarra; qu\u00e9 visitar en Navarra; comer en Navarra","potentialAction":[{"@type":"SearchAction","target":{"@type":"EntryPoint","urlTemplate":"https:\/\/visitnavarra.info\/visitnavarra\/?s={search_term_string}"},"query-input":{"@type":"PropertyValueSpecification","valueRequired":true,"valueName":"search_term_string"}}],"inLanguage":"es"}]}},"_links":{"self":[{"href":"https:\/\/visitnavarra.info\/visitnavarra\/wp-json\/wp\/v2\/pages\/3666","targetHints":{"allow":["GET"]}}],"collection":[{"href":"https:\/\/visitnavarra.info\/visitnavarra\/wp-json\/wp\/v2\/pages"}],"about":[{"href":"https:\/\/visitnavarra.info\/visitnavarra\/wp-json\/wp\/v2\/types\/page"}],"author":[{"embeddable":true,"href":"https:\/\/visitnavarra.info\/visitnavarra\/wp-json\/wp\/v2\/users\/1"}],"replies":[{"embeddable":true,"href":"https:\/\/visitnavarra.info\/visitnavarra\/wp-json\/wp\/v2\/comments?post=3666"}],"version-history":[{"count":4,"href":"https:\/\/visitnavarra.info\/visitnavarra\/wp-json\/wp\/v2\/pages\/3666\/revisions"}],"predecessor-version":[{"id":5811,"href":"https:\/\/visitnavarra.info\/visitnavarra\/wp-json\/wp\/v2\/pages\/3666\/revisions\/5811"}],"wp:attachment":[{"href":"https:\/\/visitnavarra.info\/visitnavarra\/wp-json\/wp\/v2\/media?parent=3666"}],"curies":[{"name":"wp","href":"https:\/\/api.w.org\/{rel}","templated":true}]}}