{"id":3699,"date":"2019-05-15T14:40:11","date_gmt":"2019-05-15T14:40:11","guid":{"rendered":"https:\/\/visitnavarra.info\/visitnavarra\/?page_id=3699"},"modified":"2023-11-22T11:10:33","modified_gmt":"2023-11-22T11:10:33","slug":"experiencia-luxury-slow-tourism","status":"publish","type":"page","link":"https:\/\/visitnavarra.info\/visitnavarra\/experiencia-luxury-slow-tourism\/","title":{"rendered":"EXPERIENCIA LUXURY SLOW TOURISM"},"content":{"rendered":"<p>[vc_row][vc_column width=&#8221;1\/1&#8243;][vc_column_text]<strong><img loading=\"lazy\" decoding=\"async\" class=\"alignleft size-full wp-image-3688\" src=\"https:\/\/visitnavarra.info\/visitnavarra\/wp-content\/uploads\/2019\/05\/irisarri-250-restaurante-palacio.jpg\" alt=\"\" width=\"250\" height=\"250\" srcset=\"https:\/\/visitnavarra.info\/visitnavarra\/wp-content\/uploads\/2019\/05\/irisarri-250-restaurante-palacio.jpg 250w, https:\/\/visitnavarra.info\/visitnavarra\/wp-content\/uploads\/2019\/05\/irisarri-250-restaurante-palacio-150x150.jpg 150w, https:\/\/visitnavarra.info\/visitnavarra\/wp-content\/uploads\/2019\/05\/irisarri-250-restaurante-palacio-80x80.jpg 80w\" sizes=\"auto, (max-width: 250px) 100vw, 250px\" \/>CABA\u00d1AS DELUXE BASAJAUN BASOA<\/strong><\/p>\n<ul>\n<li>20 caba\u00f1as para tu descanso y disfrute.<\/li>\n<li>Las 20 caba\u00f1as (bordas) son de piedra y madera, y casi todas tienen su terraza privada con espectaculares vistas al valle, y todas las comodidades de un alojamiento de lujo. Caba\u00f1as completas que disponen de todos los detalles para que tu estancia sea \u00fanica. Queremos que sientas que se detiene el tiempo.<\/li>\n<li>Es tiempo para ti y para los tuyos. Disfr\u00fatalo.<\/li>\n<\/ul>\n<p>HOTEL PALACIO DE YRISARRI<\/p>\n<ul>\n<li>Palacio del siglo XVII reconstruido en hotel de 17 habitaciones.<\/li>\n<li>Entre sus gruesos muros de piedra, estructura de madera de roble y un c\u00e1lido \u00e1tico, el estilo moderno y cl\u00e1sico se combinan a la perfecci\u00f3n en el interior del hotel. El hotel dispone de 3 plantas y en la planta baja cuenta con un hall y sal\u00f3n con chimenea, biblioteca y el restaurante y terraza de \u201cPalacio de Yrisarri\u201d.<\/li>\n<li>Las vistas al valle del restaurante y el porche y la piscina exterior ofrecen a nuestros hu\u00e9spedes un espacio de paz y tranquilidad en plena naturaleza.<img \/><\/li>\n<\/ul>\n<p>[\/vc_column_text][\/vc_column][\/vc_row][vc_row][vc_column width=&#8221;1\/1&#8243;][vc_column_text]<\/p>\n<p>&nbsp;<\/p>\n<p>&nbsp;<\/p>\n<p>[\/vc_column_text][\/vc_column][\/vc_row][vc_row][vc_column width=&#8221;1\/2&#8243;]<div class=\"single_image wpb_content_element align-right    \" data-animation=\"none\" data-delay=\"0\"><img loading=\"lazy\" decoding=\"async\" width=\"186\" height=\"77\" src=\"https:\/\/visitnavarra.info\/visitnavarra\/wp-content\/uploads\/2019\/05\/irrisarri_land_logo_BLANCO.jpg\" class=\"attachment-full\" alt=\"\" \/><\/div>[\/vc_column][vc_column width=&#8221;1\/2&#8243;][vc_column_text]<strong>CONTACTO \/ RESERVAS<\/strong><br \/>\nEntidad \/ empresa: IRRISARRI LAND<br \/>\nN\u00ba Registro Turismo: UETAC027<br \/>\nTel\u00e9fono: (+34) 948 928 922<br \/>\nMails: <a href=\"mailto:info@irrisarriland.com\" target=\"_blank\" rel=\"noopener\">info@irrisarriland.com<\/a><br \/>\nWeb: <a href=\"http:\/\/www.irrisarriland.com\" target=\"_blank\" rel=\"noopener\">www.irrisarriland.com<\/a><\/p>\n<div id=\"ventanamailtotoMail\" style=\"z-index: 1102;\">\n<div id=\"ventanamailtomodalMail\">\n<div id=\"ventanamailtopopupToModalClose\"><\/div>\n<\/div>\n<\/div>\n<div><\/div>\n<p>[\/vc_column_text][\/vc_column][\/vc_row]<\/p>\n","protected":false},"excerpt":{"rendered":"<p>[vc_row][vc_column width=&#8221;1\/1&#8243;][vc_column_text]CABA\u00d1AS DELUXE BASAJAUN BASOA 20 caba\u00f1as para tu descanso y disfrute. Las 20 caba\u00f1as (bordas) son de piedra y madera, y casi todas tienen su terraza privada con espectaculares vistas al valle, y todas las comodidades de un alojamiento de lujo. Caba\u00f1as completas que disponen de todos los detalles para que tu estancia sea \u00fanica. Queremos que sientas que se detiene el tiempo. Es tiempo para ti y para los tuyos. Disfr\u00fatalo. HOTEL PALACIO DE YRISARRI Palacio del siglo XVII reconstruido en hotel de 17 habitaciones. Entre sus gruesos muros de piedra, estructura de madera de roble y un c\u00e1lido \u00e1tico, el estilo moderno y cl\u00e1sico se combinan a la perfecci\u00f3n en el interior del hotel. El hotel dispone de 3 plantas y en la planta baja cuenta con un hall y sal\u00f3n con chimenea, biblioteca y el restaurante y terraza de \u201cPalacio de Yrisarri\u201d. Las vistas al valle del restaurante y el porche y la piscina exterior ofrecen a nuestros hu\u00e9spedes un espacio de paz y tranquilidad en plena naturaleza. [\/vc_column_text][\/vc_column][\/vc_row][vc_row][vc_column width=&#8221;1\/1&#8243;][vc_column_text] &nbsp; &nbsp; [\/vc_column_text][\/vc_column][\/vc_row][vc_row][vc_column width=&#8221;1\/2&#8243;][\/vc_column][vc_column width=&#8221;1\/2&#8243;][vc_column_text]CONTACTO \/ RESERVAS Entidad \/ empresa: IRRISARRI LAND N\u00ba Registro Turismo: UETAC027 Tel\u00e9fono: (+34) 948 928 922 Mails: info@irrisarriland.com Web: www.irrisarriland.com [\/vc_column_text][\/vc_column][\/vc_row]<\/p>\n","protected":false},"author":1,"featured_media":0,"parent":0,"menu_order":0,"comment_status":"closed","ping_status":"closed","template":"","meta":{"footnotes":""},"class_list":["post-3699","page","type-page","status-publish","hentry"],"yoast_head":"<!-- This site is optimized with the Yoast SEO plugin v23.5 - https:\/\/yoast.com\/wordpress\/plugins\/seo\/ -->\n<title>EXPERIENCIA LUXURY SLOW TOURISM - VisitNavarra<\/title>\n<meta name=\"description\" content=\"EXPERIENCIA LUXURY SLOW TOURISM. Caba\u00f1as de lujo con sal\u00f3n y ba\u00f1era de hidromasaje. Comida o cena en el restaurante gastron\u00f3mico.\" \/>\n<meta name=\"robots\" content=\"index, follow, max-snippet:-1, max-image-preview:large, max-video-preview:-1\" \/>\n<link rel=\"canonical\" href=\"https:\/\/visitnavarra.info\/visitnavarra\/experiencia-luxury-slow-tourism\/\" \/>\n<meta property=\"og:locale\" content=\"es_ES\" \/>\n<meta property=\"og:type\" content=\"article\" \/>\n<meta property=\"og:title\" content=\"EXPERIENCIA LUXURY SLOW TOURISM - VisitNavarra\" \/>\n<meta property=\"og:description\" content=\"EXPERIENCIA LUXURY SLOW TOURISM. Caba\u00f1as de lujo con sal\u00f3n y ba\u00f1era de hidromasaje. Comida o cena en el restaurante gastron\u00f3mico.\" \/>\n<meta property=\"og:url\" content=\"https:\/\/visitnavarra.info\/visitnavarra\/experiencia-luxury-slow-tourism\/\" \/>\n<meta property=\"og:site_name\" content=\"VisitNavarra\" \/>\n<meta property=\"article:modified_time\" content=\"2023-11-22T11:10:33+00:00\" \/>\n<meta property=\"og:image\" content=\"https:\/\/visitnavarra.info\/visitnavarra\/wp-content\/uploads\/2019\/05\/irisarri-250-restaurante-palacio.jpg\" \/>\n<meta name=\"twitter:card\" content=\"summary_large_image\" \/>\n<meta name=\"twitter:label1\" content=\"Tiempo de lectura\" \/>\n\t<meta name=\"twitter:data1\" content=\"2 minutos\" \/>\n<script type=\"application\/ld+json\" class=\"yoast-schema-graph\">{\"@context\":\"https:\/\/schema.org\",\"@graph\":[{\"@type\":\"WebPage\",\"@id\":\"https:\/\/visitnavarra.info\/visitnavarra\/experiencia-luxury-slow-tourism\/\",\"url\":\"https:\/\/visitnavarra.info\/visitnavarra\/experiencia-luxury-slow-tourism\/\",\"name\":\"EXPERIENCIA LUXURY SLOW TOURISM - VisitNavarra\",\"isPartOf\":{\"@id\":\"https:\/\/visitnavarra.info\/visitnavarra\/#website\"},\"primaryImageOfPage\":{\"@id\":\"https:\/\/visitnavarra.info\/visitnavarra\/experiencia-luxury-slow-tourism\/#primaryimage\"},\"image\":{\"@id\":\"https:\/\/visitnavarra.info\/visitnavarra\/experiencia-luxury-slow-tourism\/#primaryimage\"},\"thumbnailUrl\":\"https:\/\/visitnavarra.info\/visitnavarra\/wp-content\/uploads\/2019\/05\/irisarri-250-restaurante-palacio.jpg\",\"datePublished\":\"2019-05-15T14:40:11+00:00\",\"dateModified\":\"2023-11-22T11:10:33+00:00\",\"description\":\"EXPERIENCIA LUXURY SLOW TOURISM. Caba\u00f1as de lujo con sal\u00f3n y ba\u00f1era de hidromasaje. Comida o cena en el restaurante gastron\u00f3mico.\",\"breadcrumb\":{\"@id\":\"https:\/\/visitnavarra.info\/visitnavarra\/experiencia-luxury-slow-tourism\/#breadcrumb\"},\"inLanguage\":\"es\",\"potentialAction\":[{\"@type\":\"ReadAction\",\"target\":[\"https:\/\/visitnavarra.info\/visitnavarra\/experiencia-luxury-slow-tourism\/\"]}]},{\"@type\":\"ImageObject\",\"inLanguage\":\"es\",\"@id\":\"https:\/\/visitnavarra.info\/visitnavarra\/experiencia-luxury-slow-tourism\/#primaryimage\",\"url\":\"https:\/\/visitnavarra.info\/visitnavarra\/wp-content\/uploads\/2019\/05\/irisarri-250-restaurante-palacio.jpg\",\"contentUrl\":\"https:\/\/visitnavarra.info\/visitnavarra\/wp-content\/uploads\/2019\/05\/irisarri-250-restaurante-palacio.jpg\"},{\"@type\":\"BreadcrumbList\",\"@id\":\"https:\/\/visitnavarra.info\/visitnavarra\/experiencia-luxury-slow-tourism\/#breadcrumb\",\"itemListElement\":[{\"@type\":\"ListItem\",\"position\":1,\"name\":\"Portada\",\"item\":\"https:\/\/visitnavarra.info\/visitnavarra\/\"},{\"@type\":\"ListItem\",\"position\":2,\"name\":\"EXPERIENCIA LUXURY SLOW TOURISM\"}]},{\"@type\":\"WebSite\",\"@id\":\"https:\/\/visitnavarra.info\/visitnavarra\/#website\",\"url\":\"https:\/\/visitnavarra.info\/visitnavarra\/\",\"name\":\"VisitNavarra\",\"description\":\"Alojamiento y experiencias tur\u00edsticas en Navarra; qu\u00e9 visitar en Navarra; comer en Navarra\",\"potentialAction\":[{\"@type\":\"SearchAction\",\"target\":{\"@type\":\"EntryPoint\",\"urlTemplate\":\"https:\/\/visitnavarra.info\/visitnavarra\/?s={search_term_string}\"},\"query-input\":{\"@type\":\"PropertyValueSpecification\",\"valueRequired\":true,\"valueName\":\"search_term_string\"}}],\"inLanguage\":\"es\"}]}<\/script>\n<!-- \/ Yoast SEO plugin. -->","yoast_head_json":{"title":"EXPERIENCIA LUXURY SLOW TOURISM - VisitNavarra","description":"EXPERIENCIA LUXURY SLOW TOURISM. Caba\u00f1as de lujo con sal\u00f3n y ba\u00f1era de hidromasaje. Comida o cena en el restaurante gastron\u00f3mico.","robots":{"index":"index","follow":"follow","max-snippet":"max-snippet:-1","max-image-preview":"max-image-preview:large","max-video-preview":"max-video-preview:-1"},"canonical":"https:\/\/visitnavarra.info\/visitnavarra\/experiencia-luxury-slow-tourism\/","og_locale":"es_ES","og_type":"article","og_title":"EXPERIENCIA LUXURY SLOW TOURISM - VisitNavarra","og_description":"EXPERIENCIA LUXURY SLOW TOURISM. Caba\u00f1as de lujo con sal\u00f3n y ba\u00f1era de hidromasaje. Comida o cena en el restaurante gastron\u00f3mico.","og_url":"https:\/\/visitnavarra.info\/visitnavarra\/experiencia-luxury-slow-tourism\/","og_site_name":"VisitNavarra","article_modified_time":"2023-11-22T11:10:33+00:00","og_image":[{"url":"https:\/\/visitnavarra.info\/visitnavarra\/wp-content\/uploads\/2019\/05\/irisarri-250-restaurante-palacio.jpg"}],"twitter_card":"summary_large_image","twitter_misc":{"Tiempo de lectura":"2 minutos"},"schema":{"@context":"https:\/\/schema.org","@graph":[{"@type":"WebPage","@id":"https:\/\/visitnavarra.info\/visitnavarra\/experiencia-luxury-slow-tourism\/","url":"https:\/\/visitnavarra.info\/visitnavarra\/experiencia-luxury-slow-tourism\/","name":"EXPERIENCIA LUXURY SLOW TOURISM - VisitNavarra","isPartOf":{"@id":"https:\/\/visitnavarra.info\/visitnavarra\/#website"},"primaryImageOfPage":{"@id":"https:\/\/visitnavarra.info\/visitnavarra\/experiencia-luxury-slow-tourism\/#primaryimage"},"image":{"@id":"https:\/\/visitnavarra.info\/visitnavarra\/experiencia-luxury-slow-tourism\/#primaryimage"},"thumbnailUrl":"https:\/\/visitnavarra.info\/visitnavarra\/wp-content\/uploads\/2019\/05\/irisarri-250-restaurante-palacio.jpg","datePublished":"2019-05-15T14:40:11+00:00","dateModified":"2023-11-22T11:10:33+00:00","description":"EXPERIENCIA LUXURY SLOW TOURISM. Caba\u00f1as de lujo con sal\u00f3n y ba\u00f1era de hidromasaje. Comida o cena en el restaurante gastron\u00f3mico.","breadcrumb":{"@id":"https:\/\/visitnavarra.info\/visitnavarra\/experiencia-luxury-slow-tourism\/#breadcrumb"},"inLanguage":"es","potentialAction":[{"@type":"ReadAction","target":["https:\/\/visitnavarra.info\/visitnavarra\/experiencia-luxury-slow-tourism\/"]}]},{"@type":"ImageObject","inLanguage":"es","@id":"https:\/\/visitnavarra.info\/visitnavarra\/experiencia-luxury-slow-tourism\/#primaryimage","url":"https:\/\/visitnavarra.info\/visitnavarra\/wp-content\/uploads\/2019\/05\/irisarri-250-restaurante-palacio.jpg","contentUrl":"https:\/\/visitnavarra.info\/visitnavarra\/wp-content\/uploads\/2019\/05\/irisarri-250-restaurante-palacio.jpg"},{"@type":"BreadcrumbList","@id":"https:\/\/visitnavarra.info\/visitnavarra\/experiencia-luxury-slow-tourism\/#breadcrumb","itemListElement":[{"@type":"ListItem","position":1,"name":"Portada","item":"https:\/\/visitnavarra.info\/visitnavarra\/"},{"@type":"ListItem","position":2,"name":"EXPERIENCIA LUXURY SLOW TOURISM"}]},{"@type":"WebSite","@id":"https:\/\/visitnavarra.info\/visitnavarra\/#website","url":"https:\/\/visitnavarra.info\/visitnavarra\/","name":"VisitNavarra","description":"Alojamiento y experiencias tur\u00edsticas en Navarra; qu\u00e9 visitar en Navarra; comer en Navarra","potentialAction":[{"@type":"SearchAction","target":{"@type":"EntryPoint","urlTemplate":"https:\/\/visitnavarra.info\/visitnavarra\/?s={search_term_string}"},"query-input":{"@type":"PropertyValueSpecification","valueRequired":true,"valueName":"search_term_string"}}],"inLanguage":"es"}]}},"_links":{"self":[{"href":"https:\/\/visitnavarra.info\/visitnavarra\/wp-json\/wp\/v2\/pages\/3699","targetHints":{"allow":["GET"]}}],"collection":[{"href":"https:\/\/visitnavarra.info\/visitnavarra\/wp-json\/wp\/v2\/pages"}],"about":[{"href":"https:\/\/visitnavarra.info\/visitnavarra\/wp-json\/wp\/v2\/types\/page"}],"author":[{"embeddable":true,"href":"https:\/\/visitnavarra.info\/visitnavarra\/wp-json\/wp\/v2\/users\/1"}],"replies":[{"embeddable":true,"href":"https:\/\/visitnavarra.info\/visitnavarra\/wp-json\/wp\/v2\/comments?post=3699"}],"version-history":[{"count":7,"href":"https:\/\/visitnavarra.info\/visitnavarra\/wp-json\/wp\/v2\/pages\/3699\/revisions"}],"predecessor-version":[{"id":13185,"href":"https:\/\/visitnavarra.info\/visitnavarra\/wp-json\/wp\/v2\/pages\/3699\/revisions\/13185"}],"wp:attachment":[{"href":"https:\/\/visitnavarra.info\/visitnavarra\/wp-json\/wp\/v2\/media?parent=3699"}],"curies":[{"name":"wp","href":"https:\/\/api.w.org\/{rel}","templated":true}]}}