{"id":3796,"date":"2019-05-16T09:53:32","date_gmt":"2019-05-16T09:53:32","guid":{"rendered":"https:\/\/visitnavarra.info\/visitnavarra\/?page_id=3796"},"modified":"2020-11-24T16:11:49","modified_gmt":"2020-11-24T16:11:49","slug":"pamplona-vip-3-dias","status":"publish","type":"page","link":"https:\/\/visitnavarra.info\/visitnavarra\/pamplona-vip-3-dias\/","title":{"rendered":"PAMPLONA VIP (3 D\u00cdAS)"},"content":{"rendered":"<p>[vc_row][vc_column width=&#8221;1\/1&#8243;][vc_column_text]<strong>D\u00cdA 1<\/strong><br \/>\nRecepci\u00f3n por nuestro personal en el Hotel + Almuerzo en Restaurante Europa 1 Estrella Michelin (Men\u00fa degustaci\u00f3n) + Visita completa de Pamplona (recorrido del Encierro + Plaza de Toros)+ Alojamiento en Hotel 4 **** (Casco Hist\u00f3rico )<\/p>\n<p><strong>D\u00cdA 2<\/strong><br \/>\nEncuentro con nuestro personal para Visita Pamplona Hist\u00f3rica + Museo y catedral.<br \/>\nAlmuerzo en Restaurante Plena Calle Estafeta con men\u00fa degustaci\u00f3n Sidrer\u00eda con Txulet\u00f3n + Alojamiento Hotel 4**** Casco Hist\u00f3rico<\/p>\n<p><strong>D\u00cdA 3<\/strong><br \/>\nEncuentro con nuestro personal a la hora que se indique para realizar una \u00faltima experiencia Gastron\u00f3mica \u00fanica en Pamplona Comida en la ruta de Pintxos en 3 bares del Casco Viejo<\/p>\n<p><strong>PRECIO POR PERSONA: 395 \u20ac<\/strong><\/p>\n<p>M\u00ednimo 4 personas<\/p>\n<p>&nbsp;<\/p>\n<p><strong>Nota<\/strong>: En franc\u00e9s para grupos cerrados. A nivel individual bajo peticion.<\/p>\n<p>&nbsp;<\/p>\n<p>[\/vc_column_text][\/vc_column][\/vc_row][vc_row][vc_column width=&#8221;1\/2&#8243;]<div class=\"single_image wpb_content_element align-right    \" data-animation=\"none\" data-delay=\"0\"><img loading=\"lazy\" decoding=\"async\" width=\"313\" height=\"200\" src=\"https:\/\/visitnavarra.info\/visitnavarra\/wp-content\/uploads\/2019\/05\/viajes_navarsol_logo-2.jpg\" class=\"attachment-full\" alt=\"\" srcset=\"https:\/\/visitnavarra.info\/visitnavarra\/wp-content\/uploads\/2019\/05\/viajes_navarsol_logo-2.jpg 313w, https:\/\/visitnavarra.info\/visitnavarra\/wp-content\/uploads\/2019\/05\/viajes_navarsol_logo-2-300x192.jpg 300w\" sizes=\"auto, (max-width: 313px) 100vw, 313px\" \/><\/div>[\/vc_column][vc_column width=&#8221;1\/2&#8243;][vc_column_text]<strong>CONTACTO \/ RESERVAS<\/strong><br \/>\nEntidad \/ empresa: NAVARSOL AGENCIA DE VIAJES<br \/>\nN\u00ba Registro Turismo: C.I.NA013<br \/>\nDirecci\u00f3n: Avda Sancho El Fuerte, 8 &#8211; 31007 Pamplona<br \/>\nTel\u00e9fono: (+34) 948 198 758 | Fax: (+34) 948 171 735<br \/>\nMail: <a href=\"mailto:juanchi@navarsol.com\">juanchi@navarsol.com<\/a><br \/>\nWeb: <a href=\"http:\/\/www.navarsol.com\">www.navarsol.com<\/a>[\/vc_column_text][\/vc_column][\/vc_row]<\/p>\n","protected":false},"excerpt":{"rendered":"<p>[vc_row][vc_column width=&#8221;1\/1&#8243;][vc_column_text]D\u00cdA 1 Recepci\u00f3n por nuestro personal en el Hotel + Almuerzo en Restaurante Europa 1 Estrella Michelin (Men\u00fa degustaci\u00f3n) + Visita completa de Pamplona (recorrido del Encierro + Plaza de Toros)+ Alojamiento en Hotel 4 **** (Casco Hist\u00f3rico ) D\u00cdA 2 Encuentro con nuestro personal para Visita Pamplona Hist\u00f3rica + Museo y catedral. Almuerzo en Restaurante Plena Calle Estafeta con men\u00fa degustaci\u00f3n Sidrer\u00eda con Txulet\u00f3n + Alojamiento Hotel 4**** Casco Hist\u00f3rico D\u00cdA 3 Encuentro con nuestro personal a la hora que se indique para realizar una \u00faltima experiencia Gastron\u00f3mica \u00fanica en Pamplona Comida en la ruta de Pintxos en 3 bares del Casco Viejo PRECIO POR PERSONA: 395 \u20ac M\u00ednimo 4 personas &nbsp; Nota: En franc\u00e9s para grupos cerrados. A nivel individual bajo peticion. &nbsp; [\/vc_column_text][\/vc_column][\/vc_row][vc_row][vc_column width=&#8221;1\/2&#8243;][\/vc_column][vc_column width=&#8221;1\/2&#8243;][vc_column_text]CONTACTO \/ RESERVAS Entidad \/ empresa: NAVARSOL AGENCIA DE VIAJES N\u00ba Registro Turismo: C.I.NA013 Direcci\u00f3n: Avda Sancho El Fuerte, 8 &#8211; 31007 Pamplona Tel\u00e9fono: (+34) 948 198 758 | Fax: (+34) 948 171 735 Mail: juanchi@navarsol.com Web: www.navarsol.com[\/vc_column_text][\/vc_column][\/vc_row]<\/p>\n","protected":false},"author":1,"featured_media":0,"parent":0,"menu_order":0,"comment_status":"closed","ping_status":"closed","template":"","meta":{"footnotes":""},"class_list":["post-3796","page","type-page","status-publish","hentry"],"yoast_head":"<!-- This site is optimized with the Yoast SEO plugin v23.5 - https:\/\/yoast.com\/wordpress\/plugins\/seo\/ -->\n<title>PAMPLONA VIP (3 D\u00cdAS) - VisitNavarra<\/title>\n<meta name=\"description\" content=\"Pamplona VIP, con\u00f3cela en tres d\u00edas. Al\u00f3jate en un hotel de 4 estrellas, degusta nuestras gastron\u00f3mica en un resturantes estrella michel\u00edn.\" \/>\n<meta name=\"robots\" content=\"index, follow, max-snippet:-1, max-image-preview:large, max-video-preview:-1\" \/>\n<link rel=\"canonical\" href=\"https:\/\/visitnavarra.info\/visitnavarra\/pamplona-vip-3-dias\/\" \/>\n<meta property=\"og:locale\" content=\"es_ES\" \/>\n<meta property=\"og:type\" content=\"article\" \/>\n<meta property=\"og:title\" content=\"PAMPLONA VIP (3 D\u00cdAS) - VisitNavarra\" \/>\n<meta property=\"og:description\" content=\"Pamplona VIP, con\u00f3cela en tres d\u00edas. Al\u00f3jate en un hotel de 4 estrellas, degusta nuestras gastron\u00f3mica en un resturantes estrella michel\u00edn.\" \/>\n<meta property=\"og:url\" content=\"https:\/\/visitnavarra.info\/visitnavarra\/pamplona-vip-3-dias\/\" \/>\n<meta property=\"og:site_name\" content=\"VisitNavarra\" \/>\n<meta property=\"article:modified_time\" content=\"2020-11-24T16:11:49+00:00\" \/>\n<meta name=\"twitter:card\" content=\"summary_large_image\" \/>\n<meta name=\"twitter:label1\" content=\"Tiempo de lectura\" \/>\n\t<meta name=\"twitter:data1\" content=\"1 minuto\" \/>\n<script type=\"application\/ld+json\" class=\"yoast-schema-graph\">{\"@context\":\"https:\/\/schema.org\",\"@graph\":[{\"@type\":\"WebPage\",\"@id\":\"https:\/\/visitnavarra.info\/visitnavarra\/pamplona-vip-3-dias\/\",\"url\":\"https:\/\/visitnavarra.info\/visitnavarra\/pamplona-vip-3-dias\/\",\"name\":\"PAMPLONA VIP (3 D\u00cdAS) - VisitNavarra\",\"isPartOf\":{\"@id\":\"https:\/\/visitnavarra.info\/visitnavarra\/#website\"},\"datePublished\":\"2019-05-16T09:53:32+00:00\",\"dateModified\":\"2020-11-24T16:11:49+00:00\",\"description\":\"Pamplona VIP, con\u00f3cela en tres d\u00edas. Al\u00f3jate en un hotel de 4 estrellas, degusta nuestras gastron\u00f3mica en un resturantes estrella michel\u00edn.\",\"breadcrumb\":{\"@id\":\"https:\/\/visitnavarra.info\/visitnavarra\/pamplona-vip-3-dias\/#breadcrumb\"},\"inLanguage\":\"es\",\"potentialAction\":[{\"@type\":\"ReadAction\",\"target\":[\"https:\/\/visitnavarra.info\/visitnavarra\/pamplona-vip-3-dias\/\"]}]},{\"@type\":\"BreadcrumbList\",\"@id\":\"https:\/\/visitnavarra.info\/visitnavarra\/pamplona-vip-3-dias\/#breadcrumb\",\"itemListElement\":[{\"@type\":\"ListItem\",\"position\":1,\"name\":\"Portada\",\"item\":\"https:\/\/visitnavarra.info\/visitnavarra\/\"},{\"@type\":\"ListItem\",\"position\":2,\"name\":\"PAMPLONA VIP (3 D\u00cdAS)\"}]},{\"@type\":\"WebSite\",\"@id\":\"https:\/\/visitnavarra.info\/visitnavarra\/#website\",\"url\":\"https:\/\/visitnavarra.info\/visitnavarra\/\",\"name\":\"VisitNavarra\",\"description\":\"Alojamiento y experiencias tur\u00edsticas en Navarra; qu\u00e9 visitar en Navarra; comer en Navarra\",\"potentialAction\":[{\"@type\":\"SearchAction\",\"target\":{\"@type\":\"EntryPoint\",\"urlTemplate\":\"https:\/\/visitnavarra.info\/visitnavarra\/?s={search_term_string}\"},\"query-input\":{\"@type\":\"PropertyValueSpecification\",\"valueRequired\":true,\"valueName\":\"search_term_string\"}}],\"inLanguage\":\"es\"}]}<\/script>\n<!-- \/ Yoast SEO plugin. -->","yoast_head_json":{"title":"PAMPLONA VIP (3 D\u00cdAS) - VisitNavarra","description":"Pamplona VIP, con\u00f3cela en tres d\u00edas. Al\u00f3jate en un hotel de 4 estrellas, degusta nuestras gastron\u00f3mica en un resturantes estrella michel\u00edn.","robots":{"index":"index","follow":"follow","max-snippet":"max-snippet:-1","max-image-preview":"max-image-preview:large","max-video-preview":"max-video-preview:-1"},"canonical":"https:\/\/visitnavarra.info\/visitnavarra\/pamplona-vip-3-dias\/","og_locale":"es_ES","og_type":"article","og_title":"PAMPLONA VIP (3 D\u00cdAS) - VisitNavarra","og_description":"Pamplona VIP, con\u00f3cela en tres d\u00edas. Al\u00f3jate en un hotel de 4 estrellas, degusta nuestras gastron\u00f3mica en un resturantes estrella michel\u00edn.","og_url":"https:\/\/visitnavarra.info\/visitnavarra\/pamplona-vip-3-dias\/","og_site_name":"VisitNavarra","article_modified_time":"2020-11-24T16:11:49+00:00","twitter_card":"summary_large_image","twitter_misc":{"Tiempo de lectura":"1 minuto"},"schema":{"@context":"https:\/\/schema.org","@graph":[{"@type":"WebPage","@id":"https:\/\/visitnavarra.info\/visitnavarra\/pamplona-vip-3-dias\/","url":"https:\/\/visitnavarra.info\/visitnavarra\/pamplona-vip-3-dias\/","name":"PAMPLONA VIP (3 D\u00cdAS) - VisitNavarra","isPartOf":{"@id":"https:\/\/visitnavarra.info\/visitnavarra\/#website"},"datePublished":"2019-05-16T09:53:32+00:00","dateModified":"2020-11-24T16:11:49+00:00","description":"Pamplona VIP, con\u00f3cela en tres d\u00edas. Al\u00f3jate en un hotel de 4 estrellas, degusta nuestras gastron\u00f3mica en un resturantes estrella michel\u00edn.","breadcrumb":{"@id":"https:\/\/visitnavarra.info\/visitnavarra\/pamplona-vip-3-dias\/#breadcrumb"},"inLanguage":"es","potentialAction":[{"@type":"ReadAction","target":["https:\/\/visitnavarra.info\/visitnavarra\/pamplona-vip-3-dias\/"]}]},{"@type":"BreadcrumbList","@id":"https:\/\/visitnavarra.info\/visitnavarra\/pamplona-vip-3-dias\/#breadcrumb","itemListElement":[{"@type":"ListItem","position":1,"name":"Portada","item":"https:\/\/visitnavarra.info\/visitnavarra\/"},{"@type":"ListItem","position":2,"name":"PAMPLONA VIP (3 D\u00cdAS)"}]},{"@type":"WebSite","@id":"https:\/\/visitnavarra.info\/visitnavarra\/#website","url":"https:\/\/visitnavarra.info\/visitnavarra\/","name":"VisitNavarra","description":"Alojamiento y experiencias tur\u00edsticas en Navarra; qu\u00e9 visitar en Navarra; comer en Navarra","potentialAction":[{"@type":"SearchAction","target":{"@type":"EntryPoint","urlTemplate":"https:\/\/visitnavarra.info\/visitnavarra\/?s={search_term_string}"},"query-input":{"@type":"PropertyValueSpecification","valueRequired":true,"valueName":"search_term_string"}}],"inLanguage":"es"}]}},"_links":{"self":[{"href":"https:\/\/visitnavarra.info\/visitnavarra\/wp-json\/wp\/v2\/pages\/3796","targetHints":{"allow":["GET"]}}],"collection":[{"href":"https:\/\/visitnavarra.info\/visitnavarra\/wp-json\/wp\/v2\/pages"}],"about":[{"href":"https:\/\/visitnavarra.info\/visitnavarra\/wp-json\/wp\/v2\/types\/page"}],"author":[{"embeddable":true,"href":"https:\/\/visitnavarra.info\/visitnavarra\/wp-json\/wp\/v2\/users\/1"}],"replies":[{"embeddable":true,"href":"https:\/\/visitnavarra.info\/visitnavarra\/wp-json\/wp\/v2\/comments?post=3796"}],"version-history":[{"count":6,"href":"https:\/\/visitnavarra.info\/visitnavarra\/wp-json\/wp\/v2\/pages\/3796\/revisions"}],"predecessor-version":[{"id":6043,"href":"https:\/\/visitnavarra.info\/visitnavarra\/wp-json\/wp\/v2\/pages\/3796\/revisions\/6043"}],"wp:attachment":[{"href":"https:\/\/visitnavarra.info\/visitnavarra\/wp-json\/wp\/v2\/media?parent=3796"}],"curies":[{"name":"wp","href":"https:\/\/api.w.org\/{rel}","templated":true}]}}