{"id":3829,"date":"2019-05-16T11:10:43","date_gmt":"2019-05-16T11:10:43","guid":{"rendered":"https:\/\/visitnavarra.info\/visitnavarra\/?page_id=3829"},"modified":"2024-08-21T08:15:12","modified_gmt":"2024-08-21T08:15:12","slug":"spa4u-escapada-en-spa-urbano-en-pamplona","status":"publish","type":"page","link":"https:\/\/visitnavarra.info\/visitnavarra\/spa4u-escapada-en-spa-urbano-en-pamplona\/","title":{"rendered":"SPA4U- ESCAPADA EN SPA URBANO EN PAMPLONA"},"content":{"rendered":"<p>[vc_row][vc_column width=&#8221;1\/1&#8243;][vc_column_text]<img loading=\"lazy\" decoding=\"async\" class=\"size-full wp-image-3819 alignleft\" src=\"https:\/\/visitnavarra.info\/visitnavarra\/wp-content\/uploads\/2019\/05\/bed4u-spa-250.jpg\" alt=\"\" width=\"250\" height=\"250\" srcset=\"https:\/\/visitnavarra.info\/visitnavarra\/wp-content\/uploads\/2019\/05\/bed4u-spa-250.jpg 250w, https:\/\/visitnavarra.info\/visitnavarra\/wp-content\/uploads\/2019\/05\/bed4u-spa-250-150x150.jpg 150w, https:\/\/visitnavarra.info\/visitnavarra\/wp-content\/uploads\/2019\/05\/bed4u-spa-250-80x80.jpg 80w\" sizes=\"auto, (max-width: 250px) 100vw, 250px\" \/>Desde \u20ac75\/noche (IVA incluided)<br \/>\n(5% de descuento utilizando el c\u00f3digo DESCUENTOWEB durante el proceso de reserva)<\/p>\n<ul>\n<li>Alojamiento en habitaci\u00f3n doble<\/li>\n<li>Desayuno Buffet (2 personas)<\/li>\n<li>Detalle Rom\u00e1ntico de Bienvenida en la Habitaci\u00f3n.<\/li>\n<li>\u00a0\u00a1WIFI+GYM+SAUNA+PARKING \u00a1GRATIS!<\/li>\n<li>Dos entradas para el Spa &amp; Sport Itaroa Huarte (circuito completo de hidroterapia y relax &#8211; 3 horas)*<\/li>\n<li>Visita Bodegas Olite cortes\u00eda del hotel.<\/li>\n<li>Late Check out hasta las 15:00 horas (sujeto a disponibilidad del hotel)<\/li>\n<li>Pack Informaci\u00f3n tur\u00edstica y rutas para conocer Pamplona.<\/li>\n<li>Adem\u00e1s por ser cliente Bed4u podr\u00e1s disfrutar de un 10% de descuento en todos los masajes y tratamientos.<\/li>\n<\/ul>\n<p>* El spa se encuentra a 5 minutos en coche del hotel.<\/p>\n<p>Oferta v\u00e1lida todos los d\u00edas de la semana. Excepto San Ferm\u00edn del 5 al 14 de julio y Semana Santa.[\/vc_column_text][\/vc_column][\/vc_row][vc_row][vc_column width=&#8221;1\/2&#8243;]<div class=\"single_image wpb_content_element align-right    \" data-animation=\"none\" data-delay=\"0\"><img loading=\"lazy\" decoding=\"async\" class=\"\" src=\"https:\/\/visitnavarra.info\/visitnavarra\/wp-content\/uploads\/2019\/05\/bed4u_logo-250x100.jpg\" width=\"250\" height=\"100\" alt=\"bed4u_logo\" title=\"bed4u_logo\" \/><\/div>[\/vc_column][vc_column width=&#8221;1\/2&#8243;][vc_column_text]<strong>CONTACTO \/ RESERVAS<\/strong><br \/>\nEntidad \/ empresa: BED 4 U HOTELES<br \/>\nN\u00ba Registro Turismo: UH000877<br \/>\nTel\u00e9fono: (+34) 948 292 808<br \/>\nMail: <a href=\"mailto:pamplona@bed4uhotels.com\">pamplona@bed4uhotels.com<\/a><br \/>\nWeb: <a href=\"http:\/\/www.bed4uhotels.com\">www.bed4uhotels.com<\/a>[\/vc_column_text][\/vc_column][\/vc_row]<\/p>\n","protected":false},"excerpt":{"rendered":"<p>[vc_row][vc_column width=&#8221;1\/1&#8243;][vc_column_text]Desde \u20ac75\/noche (IVA incluided) (5% de descuento utilizando el c\u00f3digo DESCUENTOWEB durante el proceso de reserva) Alojamiento en habitaci\u00f3n doble Desayuno Buffet (2 personas) Detalle Rom\u00e1ntico de Bienvenida en la Habitaci\u00f3n. \u00a0\u00a1WIFI+GYM+SAUNA+PARKING \u00a1GRATIS! Dos entradas para el Spa &amp; Sport Itaroa Huarte (circuito completo de hidroterapia y relax &#8211; 3 horas)* Visita Bodegas Olite cortes\u00eda del hotel. Late Check out hasta las 15:00 horas (sujeto a disponibilidad del hotel) Pack Informaci\u00f3n tur\u00edstica y rutas para conocer Pamplona. Adem\u00e1s por ser cliente Bed4u podr\u00e1s disfrutar de un 10% de descuento en todos los masajes y tratamientos. * El spa se encuentra a 5 minutos en coche del hotel. Oferta v\u00e1lida todos los d\u00edas de la semana. Excepto San Ferm\u00edn del 5 al 14 de julio y Semana Santa.[\/vc_column_text][\/vc_column][\/vc_row][vc_row][vc_column width=&#8221;1\/2&#8243;][\/vc_column][vc_column width=&#8221;1\/2&#8243;][vc_column_text]CONTACTO \/ RESERVAS Entidad \/ empresa: BED 4 U HOTELES N\u00ba Registro Turismo: UH000877 Tel\u00e9fono: (+34) 948 292 808 Mail: pamplona@bed4uhotels.com Web: www.bed4uhotels.com[\/vc_column_text][\/vc_column][\/vc_row]<\/p>\n","protected":false},"author":1,"featured_media":0,"parent":0,"menu_order":0,"comment_status":"closed","ping_status":"closed","template":"","meta":{"footnotes":""},"class_list":["post-3829","page","type-page","status-publish","hentry"],"yoast_head":"<!-- This site is optimized with the Yoast SEO plugin v23.5 - https:\/\/yoast.com\/wordpress\/plugins\/seo\/ -->\n<title>SPA4U- ESCAPADA EN SPA URBANO EN PAMPLONA - VisitNavarra<\/title>\n<meta name=\"description\" content=\"ESCAPADA EN SPA URBANO EN PAMPLONA\" \/>\n<meta name=\"robots\" content=\"index, follow, max-snippet:-1, max-image-preview:large, max-video-preview:-1\" \/>\n<link rel=\"canonical\" href=\"https:\/\/visitnavarra.info\/visitnavarra\/spa4u-escapada-en-spa-urbano-en-pamplona\/\" \/>\n<meta property=\"og:locale\" content=\"es_ES\" \/>\n<meta property=\"og:type\" content=\"article\" \/>\n<meta property=\"og:title\" content=\"SPA4U- ESCAPADA EN SPA URBANO EN PAMPLONA - VisitNavarra\" \/>\n<meta property=\"og:description\" content=\"ESCAPADA EN SPA URBANO EN PAMPLONA\" \/>\n<meta property=\"og:url\" content=\"https:\/\/visitnavarra.info\/visitnavarra\/spa4u-escapada-en-spa-urbano-en-pamplona\/\" \/>\n<meta property=\"og:site_name\" content=\"VisitNavarra\" \/>\n<meta property=\"article:modified_time\" content=\"2024-08-21T08:15:12+00:00\" \/>\n<meta property=\"og:image\" content=\"https:\/\/visitnavarra.info\/visitnavarra\/wp-content\/uploads\/2019\/05\/bed4u-spa-250.jpg\" \/>\n<meta name=\"twitter:card\" content=\"summary_large_image\" \/>\n<meta name=\"twitter:label1\" content=\"Tiempo de lectura\" \/>\n\t<meta name=\"twitter:data1\" content=\"1 minuto\" \/>\n<script type=\"application\/ld+json\" class=\"yoast-schema-graph\">{\"@context\":\"https:\/\/schema.org\",\"@graph\":[{\"@type\":\"WebPage\",\"@id\":\"https:\/\/visitnavarra.info\/visitnavarra\/spa4u-escapada-en-spa-urbano-en-pamplona\/\",\"url\":\"https:\/\/visitnavarra.info\/visitnavarra\/spa4u-escapada-en-spa-urbano-en-pamplona\/\",\"name\":\"SPA4U- ESCAPADA EN SPA URBANO EN PAMPLONA - VisitNavarra\",\"isPartOf\":{\"@id\":\"https:\/\/visitnavarra.info\/visitnavarra\/#website\"},\"primaryImageOfPage\":{\"@id\":\"https:\/\/visitnavarra.info\/visitnavarra\/spa4u-escapada-en-spa-urbano-en-pamplona\/#primaryimage\"},\"image\":{\"@id\":\"https:\/\/visitnavarra.info\/visitnavarra\/spa4u-escapada-en-spa-urbano-en-pamplona\/#primaryimage\"},\"thumbnailUrl\":\"https:\/\/visitnavarra.info\/visitnavarra\/wp-content\/uploads\/2019\/05\/bed4u-spa-250.jpg\",\"datePublished\":\"2019-05-16T11:10:43+00:00\",\"dateModified\":\"2024-08-21T08:15:12+00:00\",\"description\":\"ESCAPADA EN SPA URBANO EN PAMPLONA\",\"breadcrumb\":{\"@id\":\"https:\/\/visitnavarra.info\/visitnavarra\/spa4u-escapada-en-spa-urbano-en-pamplona\/#breadcrumb\"},\"inLanguage\":\"es\",\"potentialAction\":[{\"@type\":\"ReadAction\",\"target\":[\"https:\/\/visitnavarra.info\/visitnavarra\/spa4u-escapada-en-spa-urbano-en-pamplona\/\"]}]},{\"@type\":\"ImageObject\",\"inLanguage\":\"es\",\"@id\":\"https:\/\/visitnavarra.info\/visitnavarra\/spa4u-escapada-en-spa-urbano-en-pamplona\/#primaryimage\",\"url\":\"https:\/\/visitnavarra.info\/visitnavarra\/wp-content\/uploads\/2019\/05\/bed4u-spa-250.jpg\",\"contentUrl\":\"https:\/\/visitnavarra.info\/visitnavarra\/wp-content\/uploads\/2019\/05\/bed4u-spa-250.jpg\",\"width\":250,\"height\":250},{\"@type\":\"BreadcrumbList\",\"@id\":\"https:\/\/visitnavarra.info\/visitnavarra\/spa4u-escapada-en-spa-urbano-en-pamplona\/#breadcrumb\",\"itemListElement\":[{\"@type\":\"ListItem\",\"position\":1,\"name\":\"Portada\",\"item\":\"https:\/\/visitnavarra.info\/visitnavarra\/\"},{\"@type\":\"ListItem\",\"position\":2,\"name\":\"SPA4U- ESCAPADA EN SPA URBANO EN PAMPLONA\"}]},{\"@type\":\"WebSite\",\"@id\":\"https:\/\/visitnavarra.info\/visitnavarra\/#website\",\"url\":\"https:\/\/visitnavarra.info\/visitnavarra\/\",\"name\":\"VisitNavarra\",\"description\":\"Alojamiento y experiencias tur\u00edsticas en Navarra; qu\u00e9 visitar en Navarra; comer en Navarra\",\"potentialAction\":[{\"@type\":\"SearchAction\",\"target\":{\"@type\":\"EntryPoint\",\"urlTemplate\":\"https:\/\/visitnavarra.info\/visitnavarra\/?s={search_term_string}\"},\"query-input\":{\"@type\":\"PropertyValueSpecification\",\"valueRequired\":true,\"valueName\":\"search_term_string\"}}],\"inLanguage\":\"es\"}]}<\/script>\n<!-- \/ Yoast SEO plugin. -->","yoast_head_json":{"title":"SPA4U- ESCAPADA EN SPA URBANO EN PAMPLONA - VisitNavarra","description":"ESCAPADA EN SPA URBANO EN PAMPLONA","robots":{"index":"index","follow":"follow","max-snippet":"max-snippet:-1","max-image-preview":"max-image-preview:large","max-video-preview":"max-video-preview:-1"},"canonical":"https:\/\/visitnavarra.info\/visitnavarra\/spa4u-escapada-en-spa-urbano-en-pamplona\/","og_locale":"es_ES","og_type":"article","og_title":"SPA4U- ESCAPADA EN SPA URBANO EN PAMPLONA - VisitNavarra","og_description":"ESCAPADA EN SPA URBANO EN PAMPLONA","og_url":"https:\/\/visitnavarra.info\/visitnavarra\/spa4u-escapada-en-spa-urbano-en-pamplona\/","og_site_name":"VisitNavarra","article_modified_time":"2024-08-21T08:15:12+00:00","og_image":[{"url":"https:\/\/visitnavarra.info\/visitnavarra\/wp-content\/uploads\/2019\/05\/bed4u-spa-250.jpg"}],"twitter_card":"summary_large_image","twitter_misc":{"Tiempo de lectura":"1 minuto"},"schema":{"@context":"https:\/\/schema.org","@graph":[{"@type":"WebPage","@id":"https:\/\/visitnavarra.info\/visitnavarra\/spa4u-escapada-en-spa-urbano-en-pamplona\/","url":"https:\/\/visitnavarra.info\/visitnavarra\/spa4u-escapada-en-spa-urbano-en-pamplona\/","name":"SPA4U- ESCAPADA EN SPA URBANO EN PAMPLONA - VisitNavarra","isPartOf":{"@id":"https:\/\/visitnavarra.info\/visitnavarra\/#website"},"primaryImageOfPage":{"@id":"https:\/\/visitnavarra.info\/visitnavarra\/spa4u-escapada-en-spa-urbano-en-pamplona\/#primaryimage"},"image":{"@id":"https:\/\/visitnavarra.info\/visitnavarra\/spa4u-escapada-en-spa-urbano-en-pamplona\/#primaryimage"},"thumbnailUrl":"https:\/\/visitnavarra.info\/visitnavarra\/wp-content\/uploads\/2019\/05\/bed4u-spa-250.jpg","datePublished":"2019-05-16T11:10:43+00:00","dateModified":"2024-08-21T08:15:12+00:00","description":"ESCAPADA EN SPA URBANO EN PAMPLONA","breadcrumb":{"@id":"https:\/\/visitnavarra.info\/visitnavarra\/spa4u-escapada-en-spa-urbano-en-pamplona\/#breadcrumb"},"inLanguage":"es","potentialAction":[{"@type":"ReadAction","target":["https:\/\/visitnavarra.info\/visitnavarra\/spa4u-escapada-en-spa-urbano-en-pamplona\/"]}]},{"@type":"ImageObject","inLanguage":"es","@id":"https:\/\/visitnavarra.info\/visitnavarra\/spa4u-escapada-en-spa-urbano-en-pamplona\/#primaryimage","url":"https:\/\/visitnavarra.info\/visitnavarra\/wp-content\/uploads\/2019\/05\/bed4u-spa-250.jpg","contentUrl":"https:\/\/visitnavarra.info\/visitnavarra\/wp-content\/uploads\/2019\/05\/bed4u-spa-250.jpg","width":250,"height":250},{"@type":"BreadcrumbList","@id":"https:\/\/visitnavarra.info\/visitnavarra\/spa4u-escapada-en-spa-urbano-en-pamplona\/#breadcrumb","itemListElement":[{"@type":"ListItem","position":1,"name":"Portada","item":"https:\/\/visitnavarra.info\/visitnavarra\/"},{"@type":"ListItem","position":2,"name":"SPA4U- ESCAPADA EN SPA URBANO EN PAMPLONA"}]},{"@type":"WebSite","@id":"https:\/\/visitnavarra.info\/visitnavarra\/#website","url":"https:\/\/visitnavarra.info\/visitnavarra\/","name":"VisitNavarra","description":"Alojamiento y experiencias tur\u00edsticas en Navarra; qu\u00e9 visitar en Navarra; comer en Navarra","potentialAction":[{"@type":"SearchAction","target":{"@type":"EntryPoint","urlTemplate":"https:\/\/visitnavarra.info\/visitnavarra\/?s={search_term_string}"},"query-input":{"@type":"PropertyValueSpecification","valueRequired":true,"valueName":"search_term_string"}}],"inLanguage":"es"}]}},"_links":{"self":[{"href":"https:\/\/visitnavarra.info\/visitnavarra\/wp-json\/wp\/v2\/pages\/3829","targetHints":{"allow":["GET"]}}],"collection":[{"href":"https:\/\/visitnavarra.info\/visitnavarra\/wp-json\/wp\/v2\/pages"}],"about":[{"href":"https:\/\/visitnavarra.info\/visitnavarra\/wp-json\/wp\/v2\/types\/page"}],"author":[{"embeddable":true,"href":"https:\/\/visitnavarra.info\/visitnavarra\/wp-json\/wp\/v2\/users\/1"}],"replies":[{"embeddable":true,"href":"https:\/\/visitnavarra.info\/visitnavarra\/wp-json\/wp\/v2\/comments?post=3829"}],"version-history":[{"count":4,"href":"https:\/\/visitnavarra.info\/visitnavarra\/wp-json\/wp\/v2\/pages\/3829\/revisions"}],"predecessor-version":[{"id":13610,"href":"https:\/\/visitnavarra.info\/visitnavarra\/wp-json\/wp\/v2\/pages\/3829\/revisions\/13610"}],"wp:attachment":[{"href":"https:\/\/visitnavarra.info\/visitnavarra\/wp-json\/wp\/v2\/media?parent=3829"}],"curies":[{"name":"wp","href":"https:\/\/api.w.org\/{rel}","templated":true}]}}