{"id":482,"date":"2019-01-17T12:04:16","date_gmt":"2019-01-17T12:04:16","guid":{"rendered":"http:\/\/desarrollo.visitnavarra.info\/?page_id=482"},"modified":"2024-08-21T12:41:42","modified_gmt":"2024-08-21T12:41:42","slug":"lizaso-golf","status":"publish","type":"page","link":"https:\/\/visitnavarra.info\/visitnavarra\/lizaso-golf\/","title":{"rendered":"GOLF: EXPERIENCIA PITCH &#038; PUTT LIZASO"},"content":{"rendered":"<p>[vc_row][vc_column width=&#8221;1\/1&#8243;][vc_column_text]<img loading=\"lazy\" decoding=\"async\" class=\"alignleft size-medium wp-image-483\" src=\"http:\/\/desarrollo.visitnavarra.info\/wp-content\/uploads\/2019\/01\/Lizaso-Experiencia-Golf-300x225.jpg\" alt=\"\" width=\"300\" height=\"225\" srcset=\"https:\/\/visitnavarra.info\/visitnavarra\/wp-content\/uploads\/2019\/01\/Lizaso-Experiencia-Golf-300x225.jpg 300w, https:\/\/visitnavarra.info\/visitnavarra\/wp-content\/uploads\/2019\/01\/Lizaso-Experiencia-Golf-768x576.jpg 768w, https:\/\/visitnavarra.info\/visitnavarra\/wp-content\/uploads\/2019\/01\/Lizaso-Experiencia-Golf.jpg 960w\" sizes=\"auto, (max-width: 300px) 100vw, 300px\" \/>GOLF: Experiencia Pitch &amp; Putt Lizaso<\/p>\n<p>Un campo diferente con muchas ganas de acercarte a un deporte apasionante, hecho a tu medida, joven, vital y en un entorno natural \u00fanico, una actividad tremendamente relajante a la vez que divertida.<\/p>\n<p><strong>R\u00c1PIDO<\/strong>: el Pitch &amp; Putt es r\u00e1pido, muy r\u00e1pido, y es muy motivador (recorrido aproximado 1,30 horas)<br \/>\n<strong>ECON\u00d3MICO<\/strong>: es un deporte asequible, barato<br \/>\n<strong>SOCIAL<\/strong>: divertido y accesible<br \/>\n<strong>SENCILLO<\/strong>: jugar a golf sin complicaciones<br \/>\n(* Te facilitamos el material necesario)<\/p>\n<p><em><strong>TARIFAS (pendientes de actualizar)<\/strong><\/em><\/p>\n<p><strong>N\u00famero alumnos:<\/strong> 1 \u00f3 2 personas<br \/>\n<strong>Laborable:<\/strong> 12\u20ac \/ alumno<br \/>\n<strong>Fines de semana y festivos:<\/strong> 15\u20ac \/ alumno<\/p>\n<p><strong>N\u00famero alumnos:<\/strong> 3 a 5 personas<br \/>\n<strong>Laborable:<\/strong> 10\u20ac \/ alumno<br \/>\n<strong>Fines de semana y festivos:<\/strong> 12\u20ac \/ alumno<\/p>\n<p><strong>N\u00famero alumnos:<\/strong> 6 a 10 personas<br \/>\n<strong>Laborable:<\/strong> 8\u20ac \/ alumno<br \/>\n<strong>Fines de semana y festivos:<\/strong> 10\u20ac \/ alumno<\/p>\n<p><strong>N\u00famero alumnos:<\/strong> 11 \u00f3 m\u00e1s personas<br \/>\n<strong>Laborable:<\/strong> 6\u20ac \/ alumno<br \/>\n<strong>Fines de semana y festivos:<\/strong> 8\u20ac \/ alumno[\/vc_column_text][\/vc_column][\/vc_row][vc_row][vc_column width=&#8221;1\/2&#8243;]<div class=\"single_image wpb_content_element align-right    \" data-animation=\"none\" data-delay=\"0\"><img loading=\"lazy\" decoding=\"async\" width=\"200\" height=\"214\" src=\"https:\/\/visitnavarra.info\/visitnavarra\/wp-content\/uploads\/2019\/01\/logo-lizaso.jpg\" class=\"attachment-full\" alt=\"\" \/><\/div>[\/vc_column][vc_column width=&#8221;1\/2&#8243;][vc_column_text]<strong>CONTACTO \/ RESERVAS<\/strong><br \/>\nEntidad \/ empresa: LIZASO PITCH &amp; PUTT CLUB DEPORTIVO<br \/>\nDirecci\u00f3n: c\/ San Sim\u00f3n, 49\u00aa, 31799 Lizaso (Navarra)<br \/>\nTel\u00e9fono: (+34) 619 700 456<br \/>\nMail: <a href=\"mailto:info@lizasogolf.com\">info@lizasogolf.com<\/a><br \/>\nWebs: <a href=\"http:\/\/www.lizasogolf.com\">www.lizasogolf.com<\/a>[\/vc_column_text][\/vc_column][\/vc_row]<\/p>\n","protected":false},"excerpt":{"rendered":"<p>[vc_row][vc_column width=&#8221;1\/1&#8243;][vc_column_text]GOLF: Experiencia Pitch &amp; Putt Lizaso Un campo diferente con muchas ganas de acercarte a un deporte apasionante, hecho a tu medida, joven, vital y en un entorno natural \u00fanico, una actividad tremendamente relajante a la vez que divertida. R\u00c1PIDO: el Pitch &amp; Putt es r\u00e1pido, muy r\u00e1pido, y es muy motivador (recorrido aproximado 1,30 horas) ECON\u00d3MICO: es un deporte asequible, barato SOCIAL: divertido y accesible SENCILLO: jugar a golf sin complicaciones (* Te facilitamos el material necesario) TARIFAS (pendientes de actualizar) N\u00famero alumnos: 1 \u00f3 2 personas Laborable: 12\u20ac \/ alumno Fines de semana y festivos: 15\u20ac \/ alumno N\u00famero alumnos: 3 a 5 personas Laborable: 10\u20ac \/ alumno Fines de semana y festivos: 12\u20ac \/ alumno N\u00famero alumnos: 6 a 10 personas Laborable: 8\u20ac \/ alumno Fines de semana y festivos: 10\u20ac \/ alumno N\u00famero alumnos: 11 \u00f3 m\u00e1s personas Laborable: 6\u20ac \/ alumno Fines de semana y festivos: 8\u20ac \/ alumno[\/vc_column_text][\/vc_column][\/vc_row][vc_row][vc_column width=&#8221;1\/2&#8243;][\/vc_column][vc_column width=&#8221;1\/2&#8243;][vc_column_text]CONTACTO \/ RESERVAS Entidad \/ empresa: LIZASO PITCH &amp; PUTT CLUB DEPORTIVO Direcci\u00f3n: c\/ San Sim\u00f3n, 49\u00aa, 31799 Lizaso (Navarra) Tel\u00e9fono: (+34) 619 700 456 Mail: info@lizasogolf.com Webs: www.lizasogolf.com[\/vc_column_text][\/vc_column][\/vc_row]<\/p>\n","protected":false},"author":1,"featured_media":0,"parent":0,"menu_order":0,"comment_status":"closed","ping_status":"closed","template":"","meta":{"footnotes":""},"class_list":["post-482","page","type-page","status-publish","hentry"],"yoast_head":"<!-- This site is optimized with the Yoast SEO plugin v23.5 - https:\/\/yoast.com\/wordpress\/plugins\/seo\/ -->\n<title>GOLF: EXPERIENCIA PITCH &amp; PUTT LIZASO - VisitNavarra<\/title>\n<meta name=\"description\" content=\"Un campo diferente con muchas ganas de acercarte a un deporte apasionante, hecho a tu medida, joven, vital y en un entorno natural \u00fanico.\" \/>\n<meta name=\"robots\" content=\"index, follow, max-snippet:-1, max-image-preview:large, max-video-preview:-1\" \/>\n<link rel=\"canonical\" href=\"https:\/\/visitnavarra.info\/visitnavarra\/lizaso-golf\/\" \/>\n<meta property=\"og:locale\" content=\"es_ES\" \/>\n<meta property=\"og:type\" content=\"article\" \/>\n<meta property=\"og:title\" content=\"GOLF: EXPERIENCIA PITCH &amp; PUTT LIZASO - VisitNavarra\" \/>\n<meta property=\"og:description\" content=\"Un campo diferente con muchas ganas de acercarte a un deporte apasionante, hecho a tu medida, joven, vital y en un entorno natural \u00fanico.\" \/>\n<meta property=\"og:url\" content=\"https:\/\/visitnavarra.info\/visitnavarra\/lizaso-golf\/\" \/>\n<meta property=\"og:site_name\" content=\"VisitNavarra\" \/>\n<meta property=\"article:modified_time\" content=\"2024-08-21T12:41:42+00:00\" \/>\n<meta property=\"og:image\" content=\"http:\/\/desarrollo.visitnavarra.info\/wp-content\/uploads\/2019\/01\/Lizaso-Experiencia-Golf-300x225.jpg\" \/>\n<meta name=\"twitter:card\" content=\"summary_large_image\" \/>\n<meta name=\"twitter:label1\" content=\"Tiempo de lectura\" \/>\n\t<meta name=\"twitter:data1\" content=\"2 minutos\" \/>\n<script type=\"application\/ld+json\" class=\"yoast-schema-graph\">{\"@context\":\"https:\/\/schema.org\",\"@graph\":[{\"@type\":\"WebPage\",\"@id\":\"https:\/\/visitnavarra.info\/visitnavarra\/lizaso-golf\/\",\"url\":\"https:\/\/visitnavarra.info\/visitnavarra\/lizaso-golf\/\",\"name\":\"GOLF: EXPERIENCIA PITCH & PUTT LIZASO - VisitNavarra\",\"isPartOf\":{\"@id\":\"https:\/\/visitnavarra.info\/visitnavarra\/#website\"},\"primaryImageOfPage\":{\"@id\":\"https:\/\/visitnavarra.info\/visitnavarra\/lizaso-golf\/#primaryimage\"},\"image\":{\"@id\":\"https:\/\/visitnavarra.info\/visitnavarra\/lizaso-golf\/#primaryimage\"},\"thumbnailUrl\":\"http:\/\/desarrollo.visitnavarra.info\/wp-content\/uploads\/2019\/01\/Lizaso-Experiencia-Golf-300x225.jpg\",\"datePublished\":\"2019-01-17T12:04:16+00:00\",\"dateModified\":\"2024-08-21T12:41:42+00:00\",\"description\":\"Un campo diferente con muchas ganas de acercarte a un deporte apasionante, hecho a tu medida, joven, vital y en un entorno natural \u00fanico.\",\"breadcrumb\":{\"@id\":\"https:\/\/visitnavarra.info\/visitnavarra\/lizaso-golf\/#breadcrumb\"},\"inLanguage\":\"es\",\"potentialAction\":[{\"@type\":\"ReadAction\",\"target\":[\"https:\/\/visitnavarra.info\/visitnavarra\/lizaso-golf\/\"]}]},{\"@type\":\"ImageObject\",\"inLanguage\":\"es\",\"@id\":\"https:\/\/visitnavarra.info\/visitnavarra\/lizaso-golf\/#primaryimage\",\"url\":\"http:\/\/desarrollo.visitnavarra.info\/wp-content\/uploads\/2019\/01\/Lizaso-Experiencia-Golf-300x225.jpg\",\"contentUrl\":\"http:\/\/desarrollo.visitnavarra.info\/wp-content\/uploads\/2019\/01\/Lizaso-Experiencia-Golf-300x225.jpg\"},{\"@type\":\"BreadcrumbList\",\"@id\":\"https:\/\/visitnavarra.info\/visitnavarra\/lizaso-golf\/#breadcrumb\",\"itemListElement\":[{\"@type\":\"ListItem\",\"position\":1,\"name\":\"Portada\",\"item\":\"https:\/\/visitnavarra.info\/visitnavarra\/\"},{\"@type\":\"ListItem\",\"position\":2,\"name\":\"GOLF: EXPERIENCIA PITCH &#038; PUTT LIZASO\"}]},{\"@type\":\"WebSite\",\"@id\":\"https:\/\/visitnavarra.info\/visitnavarra\/#website\",\"url\":\"https:\/\/visitnavarra.info\/visitnavarra\/\",\"name\":\"VisitNavarra\",\"description\":\"Alojamiento y experiencias tur\u00edsticas en Navarra; qu\u00e9 visitar en Navarra; comer en Navarra\",\"potentialAction\":[{\"@type\":\"SearchAction\",\"target\":{\"@type\":\"EntryPoint\",\"urlTemplate\":\"https:\/\/visitnavarra.info\/visitnavarra\/?s={search_term_string}\"},\"query-input\":{\"@type\":\"PropertyValueSpecification\",\"valueRequired\":true,\"valueName\":\"search_term_string\"}}],\"inLanguage\":\"es\"}]}<\/script>\n<!-- \/ Yoast SEO plugin. -->","yoast_head_json":{"title":"GOLF: EXPERIENCIA PITCH & PUTT LIZASO - VisitNavarra","description":"Un campo diferente con muchas ganas de acercarte a un deporte apasionante, hecho a tu medida, joven, vital y en un entorno natural \u00fanico.","robots":{"index":"index","follow":"follow","max-snippet":"max-snippet:-1","max-image-preview":"max-image-preview:large","max-video-preview":"max-video-preview:-1"},"canonical":"https:\/\/visitnavarra.info\/visitnavarra\/lizaso-golf\/","og_locale":"es_ES","og_type":"article","og_title":"GOLF: EXPERIENCIA PITCH & PUTT LIZASO - VisitNavarra","og_description":"Un campo diferente con muchas ganas de acercarte a un deporte apasionante, hecho a tu medida, joven, vital y en un entorno natural \u00fanico.","og_url":"https:\/\/visitnavarra.info\/visitnavarra\/lizaso-golf\/","og_site_name":"VisitNavarra","article_modified_time":"2024-08-21T12:41:42+00:00","og_image":[{"url":"http:\/\/desarrollo.visitnavarra.info\/wp-content\/uploads\/2019\/01\/Lizaso-Experiencia-Golf-300x225.jpg"}],"twitter_card":"summary_large_image","twitter_misc":{"Tiempo de lectura":"2 minutos"},"schema":{"@context":"https:\/\/schema.org","@graph":[{"@type":"WebPage","@id":"https:\/\/visitnavarra.info\/visitnavarra\/lizaso-golf\/","url":"https:\/\/visitnavarra.info\/visitnavarra\/lizaso-golf\/","name":"GOLF: EXPERIENCIA PITCH & PUTT LIZASO - VisitNavarra","isPartOf":{"@id":"https:\/\/visitnavarra.info\/visitnavarra\/#website"},"primaryImageOfPage":{"@id":"https:\/\/visitnavarra.info\/visitnavarra\/lizaso-golf\/#primaryimage"},"image":{"@id":"https:\/\/visitnavarra.info\/visitnavarra\/lizaso-golf\/#primaryimage"},"thumbnailUrl":"http:\/\/desarrollo.visitnavarra.info\/wp-content\/uploads\/2019\/01\/Lizaso-Experiencia-Golf-300x225.jpg","datePublished":"2019-01-17T12:04:16+00:00","dateModified":"2024-08-21T12:41:42+00:00","description":"Un campo diferente con muchas ganas de acercarte a un deporte apasionante, hecho a tu medida, joven, vital y en un entorno natural \u00fanico.","breadcrumb":{"@id":"https:\/\/visitnavarra.info\/visitnavarra\/lizaso-golf\/#breadcrumb"},"inLanguage":"es","potentialAction":[{"@type":"ReadAction","target":["https:\/\/visitnavarra.info\/visitnavarra\/lizaso-golf\/"]}]},{"@type":"ImageObject","inLanguage":"es","@id":"https:\/\/visitnavarra.info\/visitnavarra\/lizaso-golf\/#primaryimage","url":"http:\/\/desarrollo.visitnavarra.info\/wp-content\/uploads\/2019\/01\/Lizaso-Experiencia-Golf-300x225.jpg","contentUrl":"http:\/\/desarrollo.visitnavarra.info\/wp-content\/uploads\/2019\/01\/Lizaso-Experiencia-Golf-300x225.jpg"},{"@type":"BreadcrumbList","@id":"https:\/\/visitnavarra.info\/visitnavarra\/lizaso-golf\/#breadcrumb","itemListElement":[{"@type":"ListItem","position":1,"name":"Portada","item":"https:\/\/visitnavarra.info\/visitnavarra\/"},{"@type":"ListItem","position":2,"name":"GOLF: EXPERIENCIA PITCH &#038; PUTT LIZASO"}]},{"@type":"WebSite","@id":"https:\/\/visitnavarra.info\/visitnavarra\/#website","url":"https:\/\/visitnavarra.info\/visitnavarra\/","name":"VisitNavarra","description":"Alojamiento y experiencias tur\u00edsticas en Navarra; qu\u00e9 visitar en Navarra; comer en Navarra","potentialAction":[{"@type":"SearchAction","target":{"@type":"EntryPoint","urlTemplate":"https:\/\/visitnavarra.info\/visitnavarra\/?s={search_term_string}"},"query-input":{"@type":"PropertyValueSpecification","valueRequired":true,"valueName":"search_term_string"}}],"inLanguage":"es"}]}},"_links":{"self":[{"href":"https:\/\/visitnavarra.info\/visitnavarra\/wp-json\/wp\/v2\/pages\/482","targetHints":{"allow":["GET"]}}],"collection":[{"href":"https:\/\/visitnavarra.info\/visitnavarra\/wp-json\/wp\/v2\/pages"}],"about":[{"href":"https:\/\/visitnavarra.info\/visitnavarra\/wp-json\/wp\/v2\/types\/page"}],"author":[{"embeddable":true,"href":"https:\/\/visitnavarra.info\/visitnavarra\/wp-json\/wp\/v2\/users\/1"}],"replies":[{"embeddable":true,"href":"https:\/\/visitnavarra.info\/visitnavarra\/wp-json\/wp\/v2\/comments?post=482"}],"version-history":[{"count":6,"href":"https:\/\/visitnavarra.info\/visitnavarra\/wp-json\/wp\/v2\/pages\/482\/revisions"}],"predecessor-version":[{"id":13619,"href":"https:\/\/visitnavarra.info\/visitnavarra\/wp-json\/wp\/v2\/pages\/482\/revisions\/13619"}],"wp:attachment":[{"href":"https:\/\/visitnavarra.info\/visitnavarra\/wp-json\/wp\/v2\/media?parent=482"}],"curies":[{"name":"wp","href":"https:\/\/api.w.org\/{rel}","templated":true}]}}