{"id":494,"date":"2019-01-17T12:18:02","date_gmt":"2019-01-17T12:18:02","guid":{"rendered":"http:\/\/desarrollo.visitnavarra.info\/?page_id=494"},"modified":"2021-02-25T15:44:01","modified_gmt":"2021-02-25T15:44:01","slug":"ecuestre-anezcar","status":"publish","type":"page","link":"https:\/\/visitnavarra.info\/visitnavarra\/ecuestre-anezcar\/","title":{"rendered":"A CABALLO POR ESPA\u00d1A"},"content":{"rendered":"<p>[vc_row][vc_column width=&#8221;1\/1&#8243;][vc_column_text]<strong><img loading=\"lazy\" decoding=\"async\" class=\"size-medium wp-image-495 alignleft\" src=\"https:\/\/visitnavarra.info\/visitnavarra\/wp-content\/uploads\/2019\/01\/H\u00edpica-A\u00f1ezcar-Paseos-por-Navarra-300x172.jpg\" alt=\"\" width=\"300\" height=\"172\" srcset=\"https:\/\/visitnavarra.info\/visitnavarra\/wp-content\/uploads\/2019\/01\/H\u00edpica-A\u00f1ezcar-Paseos-por-Navarra-300x172.jpg 300w, https:\/\/visitnavarra.info\/visitnavarra\/wp-content\/uploads\/2019\/01\/H\u00edpica-A\u00f1ezcar-Paseos-por-Navarra-768x439.jpg 768w, https:\/\/visitnavarra.info\/visitnavarra\/wp-content\/uploads\/2019\/01\/H\u00edpica-A\u00f1ezcar-Paseos-por-Navarra.jpg 900w\" sizes=\"auto, (max-width: 300px) 100vw, 300px\" \/>A CABALLO POR ESPA\u00d1A<\/strong><\/p>\n<p><strong>RUTA 1: A\u00d1EZCAR &#8211; IRATI (1.485\u20ac)<\/strong><br \/>\n4 d\u00edas. Nivel de equitaci\u00f3n: medio. Grupo 5-8 personas<br \/>\nD\u00eda 1. A\u00f1ezcar &#8211; Ultzama. 26 kms. 5h<br \/>\nD\u00eda 2. Ultzama &#8211; Velate. 22km. 4h<br \/>\nD\u00eda 3. Velate &#8211; Monte Sayoa &#8211; Quinto Real &#8211; Eugi. 29 kms. 5h.<br \/>\nD\u00eda 4. Eugi \u2013 Irati- Embalse de Irabia. 39 kms 6h<\/p>\n<p>&nbsp;<\/p>\n<p><strong>RUTA 2: PARQUE NATURAL DE LAS BARDENAS (1.166\u20ac)<\/strong><br \/>\n3 d\u00edas. Nivel equitaci\u00f3n: medio. Grupo 5-8 personas<br \/>\n3 d\u00edas para explorar la belleza salvaje del Parque Natural de Las Bardenas.<br \/>\nEntre 20 y 30 kms al d\u00eda.<\/p>\n<p>&nbsp;<\/p>\n<p><strong>RUTA 3: BARDENAS &#8211; CA\u00d1ADAS DE LOS RONCALESES (1.958\u20ac)<\/strong><br \/>\n5 d\u00edas. Nivel de equitaci\u00f3n: medio. 5-8 pax<br \/>\nLa ruta de la trashumancia. Desde el desierto de las Bardenas hasta los Pirineos.<br \/>\n5 d\u00edas a caballo para disfrutar de los distintos paisajes y colores de la geograf\u00eda navarra.<\/p>\n<p>&nbsp;<\/p>\n<p><strong>TRAIL 4: LEKUNBERRI (1.111\u20ac)<\/strong><br \/>\n3 d\u00edas. Nivel de equitaci\u00f3n medio. 5-8 pax<br \/>\nD\u00eda 1. A\u00f1ezcar &#8211; Lekunberri. 36 km. 6h.<br \/>\nD\u00eda 2. Lekunberri &#8211; Huici &#8211; Lekunberri 11 Kms 4h.<br \/>\nD\u00eda 3 Lekunberri &#8211; San Miguel de Aralar 18 km. 4h.<\/p>\n<p>&nbsp;<\/p>\n<p><strong>TRAIL 4: ALTERNATIVA &#8211; LEKUNBERRI (1.111\u20ac)<\/strong><br \/>\n3 d\u00edas. Nivel de equitaci\u00f3n: todos niveles desde principiantes 5-8 pax<br \/>\nSalidas los 3 d\u00edas desde Lekunberri*, para explorar los alrededores.<br \/>\n* Primer d\u00eda: posibilidad de clase de equitaci\u00f3n para principiantes en el Club H\u00edpico A\u00f1ezcar y paseo a caballo por el campo.<\/p>\n<p>&nbsp;<\/p>\n<p><strong>RUTA 5: NAVARRA MONUMENTAL (1.821\u20ac)<\/strong><br \/>\n2-3 horas a caballo por d\u00eda + visita cultural<br \/>\n4 d\u00edas. Nivel de equitaci\u00f3n: todos niveles desde principiantes. 5-8 pax<br \/>\nD\u00eda 1. Roncesvalles (colegiata) &#8211; Zubiri. Visita: Colegiata Roncesvalles.<br \/>\nD\u00eda 2. Zubiri &#8211; Pamplona. Visita: Catedral, murallas, casco antiguo de Pamplona<br \/>\nD\u00eda 3. Palacio de Olite &#8211; alrededores. Visita: Palacio (Alojamiento Parador de Olite)<br \/>\nD\u00eda 4. Leyre &#8211; Javier. Visita: Monasterio de Leyre + Castillo de Javier<\/p>\n<p>&nbsp;<\/p>\n<p><strong>RUTA 6: CAMINO DE SANTIAGO<\/strong><br \/>\n<strong>Posibilidad de hacer parte de cualquier etapa del Camino (Consultar)<\/strong><\/p>\n<p><em><strong>1\u00aa ETAPA: 2.970\u20ac<img loading=\"lazy\" decoding=\"async\" class=\"size-medium wp-image-498 alignright\" src=\"http:\/\/desarrollo.visitnavarra.info\/wp-content\/uploads\/2019\/01\/Hipica-A\u00f1ezcar-Camino-Santiago-a-Caballo-300x203.jpg\" alt=\"\" width=\"300\" height=\"203\" srcset=\"https:\/\/visitnavarra.info\/visitnavarra\/wp-content\/uploads\/2019\/01\/Hipica-A\u00f1ezcar-Camino-Santiago-a-Caballo-300x203.jpg 300w, https:\/\/visitnavarra.info\/visitnavarra\/wp-content\/uploads\/2019\/01\/Hipica-A\u00f1ezcar-Camino-Santiago-a-Caballo.jpg 320w\" sizes=\"auto, (max-width: 300px) 100vw, 300px\" \/><\/strong><\/em><br \/>\nRoncesvalles &#8211; Zubiri: 23 Km.<br \/>\nZubiri &#8211; Pamplona: 21 Km.<br \/>\nPamplona &#8211; Pte. La Reina: 26 Km.<br \/>\nPuente La Reina &#8211; Estella: 28 Km.<br \/>\nEstella &#8211; Los Arcos: 22 Km.<br \/>\nLos Arcos &#8211; Viana: 23 Km.<br \/>\nViana &#8211; Navarrete: 23 Km.<br \/>\nNavarrete &#8211; N\u00e1jera: 18 Km.<br \/>\nN\u00e1jera &#8211; Sto. Domingo de la Calzada: 22 Km.<\/p>\n<p><em><strong>2\u00aa ETAPA: 3.960\u20ac<\/strong><\/em><br \/>\nSto. Domingo &#8211; Belorado: 22 Km.<br \/>\nBelorad &#8211; S. Juan de Ortega: 23 Km.<br \/>\nS. Juan de Ortega &#8211; Burgos: 24 Km.<br \/>\nBurgos &#8211; Hontanas: 30 Km.<br \/>\nHontanas &#8211; Boadilla del Camino: 28 Km.<br \/>\nBoadilla &#8211; Carri\u00f3n de los Condes: 24 Km.<br \/>\nCarri\u00f3n &#8211; Terradillo de los temparios: 26 Km.<br \/>\nTerradillo &#8211; Calzad. Los Hermanillos: 25 Km.<br \/>\nCalzadilla &#8211; Mansilla de las Mulas: 23 Km.<br \/>\nMansilla &#8211; Le\u00f3n: 14 Km.<br \/>\nLe\u00f3n &#8211; S. Mart\u00edn del Camino: 24 Km.<br \/>\nS. Mart\u00edn &#8211; Astorga: 23 Km.<\/p>\n<p><em><strong>3\u00aa ETAPA:: 2.970\u20ac<\/strong><\/em><br \/>\nAstorga &#8211; Rabanal del Camino: 20 Km.<br \/>\nRabanal &#8211; Ponferrada: 31 Km.<br \/>\nPonferrada &#8211; Trabadelo: 31 Km.<br \/>\nTrabadelo &#8211; O cebreiro: 18 Km.<br \/>\nO Cebreiro &#8211; Samos: 30 Km.<br \/>\nSamos &#8211; Portomarin: 36 Km.<br \/>\nPortomarin &#8211; Palas del Rey: 24 Km.<br \/>\nPalas &#8211; Arzu: 28 Km.<br \/>\nArzua &#8211; Santiago: 37 Km.<\/p>\n<p>&nbsp;<\/p>\n<p>Los Precios Incluyen en todas las rutas incluyen:<\/p>\n<ul>\n<li>Alquiler y transporte caballo<\/li>\n<li>Coche de apoyo para el Camino de Santiago<\/li>\n<li>Servicio de gu\u00eda<\/li>\n<li>Seguro<\/li>\n<li>Alojamiento en habitaci\u00f3n doble (habitaci\u00f3n individual &#8211; consultar)<\/li>\n<li>Desayuno y cena en hotel. Comida en el campo.<\/li>\n<li>Taxi para desplazamientos al inicio y al final del d\u00eda<\/li>\n<li>Recogida de la estaci\u00f3n de tren, estaci\u00f3n de autobuses o aeropuerto de Pamplona<\/li>\n<\/ul>\n<p>&nbsp;<\/p>\n<p><em>Precios por persona para grupos de 5-8 personas.<\/em><br \/>\n<em>(Grupos m\u00e1s grandes o peque\u00f1os, consultar)<\/em><br \/>\n<em>Comisi\u00f3n no incluida en el precio.<\/em><br \/>\n<em>El servicio comienza el primer d\u00eda desde el punto de encuentro, finalizando despu\u00e9s del desayuno de la \u00faltima noche de estancia.<\/em><\/p>\n<p>[\/vc_column_text][\/vc_column][\/vc_row][vc_row][vc_column width=&#8221;1\/2&#8243;]<div class=\"single_image wpb_content_element align-right    \" data-animation=\"none\" data-delay=\"0\"><img loading=\"lazy\" decoding=\"async\" width=\"200\" height=\"214\" src=\"https:\/\/visitnavarra.info\/visitnavarra\/wp-content\/uploads\/2019\/01\/hipica-anezcar.jpg\" class=\"attachment-full\" alt=\"\" \/><\/div>[\/vc_column][vc_column width=&#8221;1\/2&#8243;][vc_column_text]<strong>CONTACTO \/ RESERVAS<\/strong><br \/>\nEntidad \/ empresa: H\u00cdPICA A\u00d1\u00c9ZCAR<br \/>\nN\u00ba Registro Turismo: UETA0041<br \/>\nDirecci\u00f3n: Carretera Larragueta s\/n, 31195 A\u00f1\u00e9zcar (Navarra)<br \/>\nContacto: C\u00e9sar P\u00e9rez de Zabalza<br \/>\nTel\u00e9fono: (+34) 620 852 300 | (+34) 664 790 214<br \/>\nMail: <a href=\"mailto:cesarpz@hotmail.es\">cesarpz@hotmail.es<\/a><br \/>\nWeb: <a href=\"http:\/\/anezcar.com\">anezcar.com<\/a>[\/vc_column_text][\/vc_column][\/vc_row]<\/p>\n","protected":false},"excerpt":{"rendered":"<p>[vc_row][vc_column width=&#8221;1\/1&#8243;][vc_column_text]A CABALLO POR ESPA\u00d1A RUTA 1: A\u00d1EZCAR &#8211; IRATI (1.485\u20ac) 4 d\u00edas. Nivel de equitaci\u00f3n: medio. Grupo 5-8 personas D\u00eda 1. A\u00f1ezcar &#8211; Ultzama. 26 kms. 5h D\u00eda 2. Ultzama &#8211; Velate. 22km. 4h D\u00eda 3. Velate &#8211; Monte Sayoa &#8211; Quinto Real &#8211; Eugi. 29 kms. 5h. D\u00eda 4. Eugi \u2013 Irati- Embalse de Irabia. 39 kms 6h &nbsp; RUTA 2: PARQUE NATURAL DE LAS BARDENAS (1.166\u20ac) 3 d\u00edas. Nivel equitaci\u00f3n: medio. Grupo 5-8 personas 3 d\u00edas para explorar la belleza salvaje del Parque Natural de Las Bardenas. Entre 20 y 30 kms al d\u00eda. &nbsp; RUTA 3: BARDENAS &#8211; CA\u00d1ADAS DE LOS RONCALESES (1.958\u20ac) 5 d\u00edas. Nivel de equitaci\u00f3n: medio. 5-8 pax La ruta de la trashumancia. Desde el desierto de las Bardenas hasta los Pirineos. 5 d\u00edas a caballo para disfrutar de los distintos paisajes y colores de la geograf\u00eda navarra. &nbsp; TRAIL 4: LEKUNBERRI (1.111\u20ac) 3 d\u00edas. Nivel de equitaci\u00f3n medio. 5-8 pax D\u00eda 1. A\u00f1ezcar &#8211; Lekunberri. 36 km. 6h. D\u00eda 2. Lekunberri &#8211; Huici &#8211; Lekunberri 11 Kms 4h. D\u00eda 3 Lekunberri &#8211; San Miguel de Aralar 18 km. 4h. &nbsp; TRAIL 4: ALTERNATIVA &#8211; LEKUNBERRI (1.111\u20ac) 3 d\u00edas. Nivel de equitaci\u00f3n: todos [&hellip;]<\/p>\n","protected":false},"author":1,"featured_media":0,"parent":0,"menu_order":0,"comment_status":"closed","ping_status":"closed","template":"","meta":{"footnotes":""},"class_list":["post-494","page","type-page","status-publish","hentry"],"yoast_head":"<!-- This site is optimized with the Yoast SEO plugin v23.5 - https:\/\/yoast.com\/wordpress\/plugins\/seo\/ -->\n<title>NAVARRA BY HORSEA CABALLO POR ESPA\u00d1A - VisitNavarra<\/title>\n<meta name=\"description\" content=\"Navarra by Horse, experiencias turisticas ecuestres. 6 rutas diferentes: camino de santiago, parque natural de las bardenas, navarra monumental\" \/>\n<meta name=\"robots\" content=\"index, follow, max-snippet:-1, max-image-preview:large, max-video-preview:-1\" \/>\n<link rel=\"canonical\" href=\"https:\/\/visitnavarra.info\/visitnavarra\/ecuestre-anezcar\/\" \/>\n<meta property=\"og:locale\" content=\"es_ES\" \/>\n<meta property=\"og:type\" content=\"article\" \/>\n<meta property=\"og:title\" content=\"NAVARRA BY HORSEA CABALLO POR ESPA\u00d1A - VisitNavarra\" \/>\n<meta property=\"og:description\" content=\"Navarra by Horse, experiencias turisticas ecuestres. 6 rutas diferentes: camino de santiago, parque natural de las bardenas, navarra monumental\" \/>\n<meta property=\"og:url\" content=\"https:\/\/visitnavarra.info\/visitnavarra\/ecuestre-anezcar\/\" \/>\n<meta property=\"og:site_name\" content=\"VisitNavarra\" \/>\n<meta property=\"article:modified_time\" content=\"2021-02-25T15:44:01+00:00\" \/>\n<meta name=\"twitter:card\" content=\"summary_large_image\" \/>\n<meta name=\"twitter:label1\" content=\"Tiempo de lectura\" \/>\n\t<meta name=\"twitter:data1\" content=\"4 minutos\" \/>\n<script type=\"application\/ld+json\" class=\"yoast-schema-graph\">{\"@context\":\"https:\/\/schema.org\",\"@graph\":[{\"@type\":\"WebPage\",\"@id\":\"https:\/\/visitnavarra.info\/visitnavarra\/ecuestre-anezcar\/\",\"url\":\"https:\/\/visitnavarra.info\/visitnavarra\/ecuestre-anezcar\/\",\"name\":\"NAVARRA BY HORSEA CABALLO POR ESPA\u00d1A - VisitNavarra\",\"isPartOf\":{\"@id\":\"https:\/\/visitnavarra.info\/visitnavarra\/#website\"},\"datePublished\":\"2019-01-17T12:18:02+00:00\",\"dateModified\":\"2021-02-25T15:44:01+00:00\",\"description\":\"Navarra by Horse, experiencias turisticas ecuestres. 6 rutas diferentes: camino de santiago, parque natural de las bardenas, navarra monumental\",\"breadcrumb\":{\"@id\":\"https:\/\/visitnavarra.info\/visitnavarra\/ecuestre-anezcar\/#breadcrumb\"},\"inLanguage\":\"es\",\"potentialAction\":[{\"@type\":\"ReadAction\",\"target\":[\"https:\/\/visitnavarra.info\/visitnavarra\/ecuestre-anezcar\/\"]}]},{\"@type\":\"BreadcrumbList\",\"@id\":\"https:\/\/visitnavarra.info\/visitnavarra\/ecuestre-anezcar\/#breadcrumb\",\"itemListElement\":[{\"@type\":\"ListItem\",\"position\":1,\"name\":\"Portada\",\"item\":\"https:\/\/visitnavarra.info\/visitnavarra\/\"},{\"@type\":\"ListItem\",\"position\":2,\"name\":\"A CABALLO POR ESPA\u00d1A\"}]},{\"@type\":\"WebSite\",\"@id\":\"https:\/\/visitnavarra.info\/visitnavarra\/#website\",\"url\":\"https:\/\/visitnavarra.info\/visitnavarra\/\",\"name\":\"VisitNavarra\",\"description\":\"Alojamiento y experiencias tur\u00edsticas en Navarra; qu\u00e9 visitar en Navarra; comer en Navarra\",\"potentialAction\":[{\"@type\":\"SearchAction\",\"target\":{\"@type\":\"EntryPoint\",\"urlTemplate\":\"https:\/\/visitnavarra.info\/visitnavarra\/?s={search_term_string}\"},\"query-input\":{\"@type\":\"PropertyValueSpecification\",\"valueRequired\":true,\"valueName\":\"search_term_string\"}}],\"inLanguage\":\"es\"}]}<\/script>\n<!-- \/ Yoast SEO plugin. -->","yoast_head_json":{"title":"NAVARRA BY HORSEA CABALLO POR ESPA\u00d1A - VisitNavarra","description":"Navarra by Horse, experiencias turisticas ecuestres. 6 rutas diferentes: camino de santiago, parque natural de las bardenas, navarra monumental","robots":{"index":"index","follow":"follow","max-snippet":"max-snippet:-1","max-image-preview":"max-image-preview:large","max-video-preview":"max-video-preview:-1"},"canonical":"https:\/\/visitnavarra.info\/visitnavarra\/ecuestre-anezcar\/","og_locale":"es_ES","og_type":"article","og_title":"NAVARRA BY HORSEA CABALLO POR ESPA\u00d1A - VisitNavarra","og_description":"Navarra by Horse, experiencias turisticas ecuestres. 6 rutas diferentes: camino de santiago, parque natural de las bardenas, navarra monumental","og_url":"https:\/\/visitnavarra.info\/visitnavarra\/ecuestre-anezcar\/","og_site_name":"VisitNavarra","article_modified_time":"2021-02-25T15:44:01+00:00","twitter_card":"summary_large_image","twitter_misc":{"Tiempo de lectura":"4 minutos"},"schema":{"@context":"https:\/\/schema.org","@graph":[{"@type":"WebPage","@id":"https:\/\/visitnavarra.info\/visitnavarra\/ecuestre-anezcar\/","url":"https:\/\/visitnavarra.info\/visitnavarra\/ecuestre-anezcar\/","name":"NAVARRA BY HORSEA CABALLO POR ESPA\u00d1A - VisitNavarra","isPartOf":{"@id":"https:\/\/visitnavarra.info\/visitnavarra\/#website"},"datePublished":"2019-01-17T12:18:02+00:00","dateModified":"2021-02-25T15:44:01+00:00","description":"Navarra by Horse, experiencias turisticas ecuestres. 6 rutas diferentes: camino de santiago, parque natural de las bardenas, navarra monumental","breadcrumb":{"@id":"https:\/\/visitnavarra.info\/visitnavarra\/ecuestre-anezcar\/#breadcrumb"},"inLanguage":"es","potentialAction":[{"@type":"ReadAction","target":["https:\/\/visitnavarra.info\/visitnavarra\/ecuestre-anezcar\/"]}]},{"@type":"BreadcrumbList","@id":"https:\/\/visitnavarra.info\/visitnavarra\/ecuestre-anezcar\/#breadcrumb","itemListElement":[{"@type":"ListItem","position":1,"name":"Portada","item":"https:\/\/visitnavarra.info\/visitnavarra\/"},{"@type":"ListItem","position":2,"name":"A CABALLO POR ESPA\u00d1A"}]},{"@type":"WebSite","@id":"https:\/\/visitnavarra.info\/visitnavarra\/#website","url":"https:\/\/visitnavarra.info\/visitnavarra\/","name":"VisitNavarra","description":"Alojamiento y experiencias tur\u00edsticas en Navarra; qu\u00e9 visitar en Navarra; comer en Navarra","potentialAction":[{"@type":"SearchAction","target":{"@type":"EntryPoint","urlTemplate":"https:\/\/visitnavarra.info\/visitnavarra\/?s={search_term_string}"},"query-input":{"@type":"PropertyValueSpecification","valueRequired":true,"valueName":"search_term_string"}}],"inLanguage":"es"}]}},"_links":{"self":[{"href":"https:\/\/visitnavarra.info\/visitnavarra\/wp-json\/wp\/v2\/pages\/494","targetHints":{"allow":["GET"]}}],"collection":[{"href":"https:\/\/visitnavarra.info\/visitnavarra\/wp-json\/wp\/v2\/pages"}],"about":[{"href":"https:\/\/visitnavarra.info\/visitnavarra\/wp-json\/wp\/v2\/types\/page"}],"author":[{"embeddable":true,"href":"https:\/\/visitnavarra.info\/visitnavarra\/wp-json\/wp\/v2\/users\/1"}],"replies":[{"embeddable":true,"href":"https:\/\/visitnavarra.info\/visitnavarra\/wp-json\/wp\/v2\/comments?post=494"}],"version-history":[{"count":7,"href":"https:\/\/visitnavarra.info\/visitnavarra\/wp-json\/wp\/v2\/pages\/494\/revisions"}],"predecessor-version":[{"id":9070,"href":"https:\/\/visitnavarra.info\/visitnavarra\/wp-json\/wp\/v2\/pages\/494\/revisions\/9070"}],"wp:attachment":[{"href":"https:\/\/visitnavarra.info\/visitnavarra\/wp-json\/wp\/v2\/media?parent=494"}],"curies":[{"name":"wp","href":"https:\/\/api.w.org\/{rel}","templated":true}]}}