{"id":502,"date":"2019-01-17T12:21:57","date_gmt":"2019-01-17T12:21:57","guid":{"rendered":"http:\/\/desarrollo.visitnavarra.info\/?page_id=502"},"modified":"2021-07-02T07:39:27","modified_gmt":"2021-07-02T07:39:27","slug":"taurino","status":"publish","type":"page","link":"https:\/\/visitnavarra.info\/visitnavarra\/taurino\/","title":{"rendered":"TAURINO"},"content":{"rendered":"<p>[vc_row][vc_column width=&#8221;1\/2&#8243;]<div class=\"single_image wpb_content_element align-center    \" data-animation=\"none\" data-delay=\"0\"><img loading=\"lazy\" decoding=\"async\" width=\"250\" height=\"250\" src=\"https:\/\/visitnavarra.info\/visitnavarra\/wp-content\/uploads\/2019\/05\/vast-plaza-toros-pamplona.jpg\" class=\"attachment-full\" alt=\"Plaza de toros de Pamplona\" srcset=\"https:\/\/visitnavarra.info\/visitnavarra\/wp-content\/uploads\/2019\/05\/vast-plaza-toros-pamplona.jpg 250w, https:\/\/visitnavarra.info\/visitnavarra\/wp-content\/uploads\/2019\/05\/vast-plaza-toros-pamplona-150x150.jpg 150w, https:\/\/visitnavarra.info\/visitnavarra\/wp-content\/uploads\/2019\/05\/vast-plaza-toros-pamplona-80x80.jpg 80w\" sizes=\"auto, (max-width: 250px) 100vw, 250px\" \/><\/div><a href=\"\/visitnavarra\/visita-guiada-plaza-toros\/\" target=\"_self\" class=\"button custom full \" style=\"background-color: #007be9; border-color: #007be9;border-radius: 2px;\">EXPOSICI\u00d3N-VISITA GUIADA<\/a>[\/vc_column][vc_column width=&#8221;1\/2&#8243;][\/vc_column][\/vc_row]<\/p>\n","protected":false},"excerpt":{"rendered":"<p>[vc_row][vc_column width=&#8221;1\/2&#8243;][\/vc_column][vc_column width=&#8221;1\/2&#8243;][\/vc_column][\/vc_row]<\/p>\n","protected":false},"author":1,"featured_media":0,"parent":0,"menu_order":0,"comment_status":"closed","ping_status":"closed","template":"","meta":{"footnotes":""},"class_list":["post-502","page","type-page","status-publish","hentry"],"yoast_head":"<!-- This site is optimized with the Yoast SEO plugin v23.5 - https:\/\/yoast.com\/wordpress\/plugins\/seo\/ -->\n<title>EXPERIENCIAS TUR\u00cdSTICAS TAURINAS - VisitNavarra<\/title>\n<meta name=\"description\" content=\"El Montecillo es una empresa que organiza fiestas t\u00edpicas espa\u00f1olas, toros, caballos y flamenco. Ofrecemos programas diferentes.\" \/>\n<meta name=\"robots\" content=\"index, follow, max-snippet:-1, max-image-preview:large, max-video-preview:-1\" \/>\n<link rel=\"canonical\" href=\"https:\/\/visitnavarra.info\/visitnavarra\/taurino\/\" \/>\n<meta property=\"og:locale\" content=\"es_ES\" \/>\n<meta property=\"og:type\" content=\"article\" \/>\n<meta property=\"og:title\" content=\"EXPERIENCIAS TUR\u00cdSTICAS TAURINAS - VisitNavarra\" \/>\n<meta property=\"og:description\" content=\"El Montecillo es una empresa que organiza fiestas t\u00edpicas espa\u00f1olas, toros, caballos y flamenco. Ofrecemos programas diferentes.\" \/>\n<meta property=\"og:url\" content=\"https:\/\/visitnavarra.info\/visitnavarra\/taurino\/\" \/>\n<meta property=\"og:site_name\" content=\"VisitNavarra\" \/>\n<meta property=\"article:modified_time\" content=\"2021-07-02T07:39:27+00:00\" \/>\n<meta name=\"twitter:card\" content=\"summary_large_image\" \/>\n<meta name=\"twitter:label1\" content=\"Tiempo de lectura\" \/>\n\t<meta name=\"twitter:data1\" content=\"1 minuto\" \/>\n<script type=\"application\/ld+json\" class=\"yoast-schema-graph\">{\"@context\":\"https:\/\/schema.org\",\"@graph\":[{\"@type\":\"WebPage\",\"@id\":\"https:\/\/visitnavarra.info\/visitnavarra\/taurino\/\",\"url\":\"https:\/\/visitnavarra.info\/visitnavarra\/taurino\/\",\"name\":\"EXPERIENCIAS TUR\u00cdSTICAS TAURINAS - VisitNavarra\",\"isPartOf\":{\"@id\":\"https:\/\/visitnavarra.info\/visitnavarra\/#website\"},\"datePublished\":\"2019-01-17T12:21:57+00:00\",\"dateModified\":\"2021-07-02T07:39:27+00:00\",\"description\":\"El Montecillo es una empresa que organiza fiestas t\u00edpicas espa\u00f1olas, toros, caballos y flamenco. Ofrecemos programas diferentes.\",\"breadcrumb\":{\"@id\":\"https:\/\/visitnavarra.info\/visitnavarra\/taurino\/#breadcrumb\"},\"inLanguage\":\"es\",\"potentialAction\":[{\"@type\":\"ReadAction\",\"target\":[\"https:\/\/visitnavarra.info\/visitnavarra\/taurino\/\"]}]},{\"@type\":\"BreadcrumbList\",\"@id\":\"https:\/\/visitnavarra.info\/visitnavarra\/taurino\/#breadcrumb\",\"itemListElement\":[{\"@type\":\"ListItem\",\"position\":1,\"name\":\"Portada\",\"item\":\"https:\/\/visitnavarra.info\/visitnavarra\/\"},{\"@type\":\"ListItem\",\"position\":2,\"name\":\"TAURINO\"}]},{\"@type\":\"WebSite\",\"@id\":\"https:\/\/visitnavarra.info\/visitnavarra\/#website\",\"url\":\"https:\/\/visitnavarra.info\/visitnavarra\/\",\"name\":\"VisitNavarra\",\"description\":\"Alojamiento y experiencias tur\u00edsticas en Navarra; qu\u00e9 visitar en Navarra; comer en Navarra\",\"potentialAction\":[{\"@type\":\"SearchAction\",\"target\":{\"@type\":\"EntryPoint\",\"urlTemplate\":\"https:\/\/visitnavarra.info\/visitnavarra\/?s={search_term_string}\"},\"query-input\":{\"@type\":\"PropertyValueSpecification\",\"valueRequired\":true,\"valueName\":\"search_term_string\"}}],\"inLanguage\":\"es\"}]}<\/script>\n<!-- \/ Yoast SEO plugin. -->","yoast_head_json":{"title":"EXPERIENCIAS TUR\u00cdSTICAS TAURINAS - VisitNavarra","description":"El Montecillo es una empresa que organiza fiestas t\u00edpicas espa\u00f1olas, toros, caballos y flamenco. Ofrecemos programas diferentes.","robots":{"index":"index","follow":"follow","max-snippet":"max-snippet:-1","max-image-preview":"max-image-preview:large","max-video-preview":"max-video-preview:-1"},"canonical":"https:\/\/visitnavarra.info\/visitnavarra\/taurino\/","og_locale":"es_ES","og_type":"article","og_title":"EXPERIENCIAS TUR\u00cdSTICAS TAURINAS - VisitNavarra","og_description":"El Montecillo es una empresa que organiza fiestas t\u00edpicas espa\u00f1olas, toros, caballos y flamenco. Ofrecemos programas diferentes.","og_url":"https:\/\/visitnavarra.info\/visitnavarra\/taurino\/","og_site_name":"VisitNavarra","article_modified_time":"2021-07-02T07:39:27+00:00","twitter_card":"summary_large_image","twitter_misc":{"Tiempo de lectura":"1 minuto"},"schema":{"@context":"https:\/\/schema.org","@graph":[{"@type":"WebPage","@id":"https:\/\/visitnavarra.info\/visitnavarra\/taurino\/","url":"https:\/\/visitnavarra.info\/visitnavarra\/taurino\/","name":"EXPERIENCIAS TUR\u00cdSTICAS TAURINAS - VisitNavarra","isPartOf":{"@id":"https:\/\/visitnavarra.info\/visitnavarra\/#website"},"datePublished":"2019-01-17T12:21:57+00:00","dateModified":"2021-07-02T07:39:27+00:00","description":"El Montecillo es una empresa que organiza fiestas t\u00edpicas espa\u00f1olas, toros, caballos y flamenco. Ofrecemos programas diferentes.","breadcrumb":{"@id":"https:\/\/visitnavarra.info\/visitnavarra\/taurino\/#breadcrumb"},"inLanguage":"es","potentialAction":[{"@type":"ReadAction","target":["https:\/\/visitnavarra.info\/visitnavarra\/taurino\/"]}]},{"@type":"BreadcrumbList","@id":"https:\/\/visitnavarra.info\/visitnavarra\/taurino\/#breadcrumb","itemListElement":[{"@type":"ListItem","position":1,"name":"Portada","item":"https:\/\/visitnavarra.info\/visitnavarra\/"},{"@type":"ListItem","position":2,"name":"TAURINO"}]},{"@type":"WebSite","@id":"https:\/\/visitnavarra.info\/visitnavarra\/#website","url":"https:\/\/visitnavarra.info\/visitnavarra\/","name":"VisitNavarra","description":"Alojamiento y experiencias tur\u00edsticas en Navarra; qu\u00e9 visitar en Navarra; comer en Navarra","potentialAction":[{"@type":"SearchAction","target":{"@type":"EntryPoint","urlTemplate":"https:\/\/visitnavarra.info\/visitnavarra\/?s={search_term_string}"},"query-input":{"@type":"PropertyValueSpecification","valueRequired":true,"valueName":"search_term_string"}}],"inLanguage":"es"}]}},"_links":{"self":[{"href":"https:\/\/visitnavarra.info\/visitnavarra\/wp-json\/wp\/v2\/pages\/502","targetHints":{"allow":["GET"]}}],"collection":[{"href":"https:\/\/visitnavarra.info\/visitnavarra\/wp-json\/wp\/v2\/pages"}],"about":[{"href":"https:\/\/visitnavarra.info\/visitnavarra\/wp-json\/wp\/v2\/types\/page"}],"author":[{"embeddable":true,"href":"https:\/\/visitnavarra.info\/visitnavarra\/wp-json\/wp\/v2\/users\/1"}],"replies":[{"embeddable":true,"href":"https:\/\/visitnavarra.info\/visitnavarra\/wp-json\/wp\/v2\/comments?post=502"}],"version-history":[{"count":7,"href":"https:\/\/visitnavarra.info\/visitnavarra\/wp-json\/wp\/v2\/pages\/502\/revisions"}],"predecessor-version":[{"id":11143,"href":"https:\/\/visitnavarra.info\/visitnavarra\/wp-json\/wp\/v2\/pages\/502\/revisions\/11143"}],"wp:attachment":[{"href":"https:\/\/visitnavarra.info\/visitnavarra\/wp-json\/wp\/v2\/media?parent=502"}],"curies":[{"name":"wp","href":"https:\/\/api.w.org\/{rel}","templated":true}]}}