{"id":512,"date":"2019-01-17T12:38:50","date_gmt":"2019-01-17T12:38:50","guid":{"rendered":"http:\/\/desarrollo.visitnavarra.info\/?page_id=512"},"modified":"2024-08-21T12:25:13","modified_gmt":"2024-08-21T12:25:13","slug":"san-fermin","status":"publish","type":"page","link":"https:\/\/visitnavarra.info\/visitnavarra\/san-fermin\/","title":{"rendered":"SAN FERM\u00cdN"},"content":{"rendered":"<p>[vc_row][vc_column width=&#8221;1\/3&#8243;]<div class=\"single_image wpb_content_element align-center    \" data-animation=\"none\" data-delay=\"0\"><img loading=\"lazy\" decoding=\"async\" width=\"250\" height=\"250\" src=\"https:\/\/visitnavarra.info\/visitnavarra\/wp-content\/uploads\/2019\/02\/novotur-sanfermin.jpg\" class=\"attachment-full\" alt=\"\" srcset=\"https:\/\/visitnavarra.info\/visitnavarra\/wp-content\/uploads\/2019\/02\/novotur-sanfermin.jpg 250w, https:\/\/visitnavarra.info\/visitnavarra\/wp-content\/uploads\/2019\/02\/novotur-sanfermin-150x150.jpg 150w, https:\/\/visitnavarra.info\/visitnavarra\/wp-content\/uploads\/2019\/02\/novotur-sanfermin-80x80.jpg 80w\" sizes=\"auto, (max-width: 250px) 100vw, 250px\" \/><\/div><a href=\"\/visitnavarra\/descubrir-pamplona-en-san-fermin\/\" target=\"_self\" class=\"button custom full \" style=\"background-color: #00cbaa; border-color: #00cbaa;border-radius: 2px;\">DESCUBRIR PAMPLONA EN SAN FERM\u00cdN<\/a>[\/vc_column][vc_column width=&#8221;1\/3&#8243;]<div class=\"single_image wpb_content_element align-center    \" data-animation=\"none\" data-delay=\"0\"><img loading=\"lazy\" decoding=\"async\" width=\"250\" height=\"250\" src=\"https:\/\/visitnavarra.info\/visitnavarra\/wp-content\/uploads\/2021\/05\/aprende-correr-encierros.jpg\" class=\"attachment-full\" alt=\"\" srcset=\"https:\/\/visitnavarra.info\/visitnavarra\/wp-content\/uploads\/2021\/05\/aprende-correr-encierros.jpg 250w, https:\/\/visitnavarra.info\/visitnavarra\/wp-content\/uploads\/2021\/05\/aprende-correr-encierros-150x150.jpg 150w, https:\/\/visitnavarra.info\/visitnavarra\/wp-content\/uploads\/2021\/05\/aprende-correr-encierros-80x80.jpg 80w\" sizes=\"auto, (max-width: 250px) 100vw, 250px\" \/><\/div><a href=\"\/visitnavarra\/aprende-a-correr-los-encierros\/\" target=\"_self\" class=\"button custom full \" style=\"background-color: #00cbaa; border-color: #00cbaa;border-radius: 2px;\">APRENDE A CORRER LOS ENCIERROS<\/a>[\/vc_column][vc_column width=&#8221;1\/3&#8243;]<div class=\"single_image wpb_content_element align-center    \" data-animation=\"none\" data-delay=\"0\"><img loading=\"lazy\" decoding=\"async\" width=\"250\" height=\"250\" src=\"https:\/\/visitnavarra.info\/visitnavarra\/wp-content\/uploads\/2019\/02\/novotur-sanfermin1.jpg\" class=\"attachment-full\" alt=\"\" srcset=\"https:\/\/visitnavarra.info\/visitnavarra\/wp-content\/uploads\/2019\/02\/novotur-sanfermin1.jpg 250w, https:\/\/visitnavarra.info\/visitnavarra\/wp-content\/uploads\/2019\/02\/novotur-sanfermin1-150x150.jpg 150w, https:\/\/visitnavarra.info\/visitnavarra\/wp-content\/uploads\/2019\/02\/novotur-sanfermin1-80x80.jpg 80w\" sizes=\"auto, (max-width: 250px) 100vw, 250px\" \/><\/div><a href=\"\/visitnavarra\/alquiler-de-balcones-para-ver-el-encierro\/\" target=\"_self\" class=\"button custom full \" style=\"background-color: #00cbaa; border-color: #00cbaa;border-radius: 2px;\">ALQUILER DE BALCONES PARA VER EL ENCIERRO<\/a>[\/vc_column][\/vc_row][vc_row][vc_column width=&#8221;1\/1&#8243;]<div class=\"spacer\" style=\"height: 40px;\"><\/div>[\/vc_column][\/vc_row][vc_row][vc_column width=&#8221;1\/3&#8243;]<div class=\"single_image wpb_content_element align-center    \" data-animation=\"none\" data-delay=\"0\"><img loading=\"lazy\" decoding=\"async\" width=\"250\" height=\"250\" src=\"https:\/\/visitnavarra.info\/visitnavarra\/wp-content\/uploads\/2019\/05\/vast-plaza-toros-pamplona.jpg\" class=\"attachment-full\" alt=\"Plaza de toros de Pamplona\" srcset=\"https:\/\/visitnavarra.info\/visitnavarra\/wp-content\/uploads\/2019\/05\/vast-plaza-toros-pamplona.jpg 250w, https:\/\/visitnavarra.info\/visitnavarra\/wp-content\/uploads\/2019\/05\/vast-plaza-toros-pamplona-150x150.jpg 150w, https:\/\/visitnavarra.info\/visitnavarra\/wp-content\/uploads\/2019\/05\/vast-plaza-toros-pamplona-80x80.jpg 80w\" sizes=\"auto, (max-width: 250px) 100vw, 250px\" \/><\/div><a href=\"\/visitnavarra\/visita-guiada-plaza-toros\/\" target=\"_self\" class=\"button custom full \" style=\"background-color: #00cbaa; border-color: #00cbaa;border-radius: 2px;\">VISITA GUIADA PLAZA DE TOROS<\/a>[\/vc_column][vc_column width=&#8221;1\/3&#8243;]<div class=\"single_image wpb_content_element align-center    \" data-animation=\"none\" data-delay=\"0\"><img loading=\"lazy\" decoding=\"async\" width=\"250\" height=\"250\" src=\"https:\/\/visitnavarra.info\/visitnavarra\/wp-content\/uploads\/2019\/05\/navarsol-tres-maneras-san-fermin.jpg\" class=\"attachment-full\" alt=\"\" srcset=\"https:\/\/visitnavarra.info\/visitnavarra\/wp-content\/uploads\/2019\/05\/navarsol-tres-maneras-san-fermin.jpg 250w, https:\/\/visitnavarra.info\/visitnavarra\/wp-content\/uploads\/2019\/05\/navarsol-tres-maneras-san-fermin-150x150.jpg 150w, https:\/\/visitnavarra.info\/visitnavarra\/wp-content\/uploads\/2019\/05\/navarsol-tres-maneras-san-fermin-80x80.jpg 80w\" sizes=\"auto, (max-width: 250px) 100vw, 250px\" \/><\/div><a href=\"\/visitnavarra\/tres-maneras-de-vivir-san-fermin-experiencias\/\" target=\"_self\" class=\"button custom full \" style=\"background-color: #00cbaa; border-color: #00cbaa;border-radius: 2px;\">TRES MANERAS DE VIVIR SAN FERMIN<\/a>[\/vc_column][vc_column width=&#8221;1\/3&#8243;][\/vc_column][\/vc_row]<\/p>\n","protected":false},"excerpt":{"rendered":"<p>[vc_row][vc_column width=&#8221;1\/3&#8243;][\/vc_column][vc_column width=&#8221;1\/3&#8243;][\/vc_column][vc_column width=&#8221;1\/3&#8243;][\/vc_column][\/vc_row][vc_row][vc_column width=&#8221;1\/1&#8243;][\/vc_column][\/vc_row][vc_row][vc_column width=&#8221;1\/3&#8243;][\/vc_column][vc_column width=&#8221;1\/3&#8243;][\/vc_column][vc_column width=&#8221;1\/3&#8243;][\/vc_column][\/vc_row]<\/p>\n","protected":false},"author":1,"featured_media":0,"parent":0,"menu_order":0,"comment_status":"closed","ping_status":"closed","template":"","meta":{"footnotes":""},"class_list":["post-512","page","type-page","status-publish","hentry"],"yoast_head":"<!-- This site is optimized with the Yoast SEO plugin v23.5 - https:\/\/yoast.com\/wordpress\/plugins\/seo\/ -->\n<title>SAN FERM\u00cdN PAQUETES A LA CARTA, VISITAS Y TOURS - VisitNavarra<\/title>\n<meta name=\"description\" content=\"Descubre San Ferm\u00edn con paquetes a la carta, visitas y tours que te ayudar\u00e1n a conocer\u00e1s la fiesta al ritmo de los propios pamploneses.\" \/>\n<meta name=\"robots\" content=\"index, follow, max-snippet:-1, max-image-preview:large, max-video-preview:-1\" \/>\n<link rel=\"canonical\" href=\"https:\/\/visitnavarra.info\/visitnavarra\/san-fermin\/\" \/>\n<meta property=\"og:locale\" content=\"es_ES\" \/>\n<meta property=\"og:type\" content=\"article\" \/>\n<meta property=\"og:title\" content=\"SAN FERM\u00cdN PAQUETES A LA CARTA, VISITAS Y TOURS - VisitNavarra\" \/>\n<meta property=\"og:description\" content=\"Descubre San Ferm\u00edn con paquetes a la carta, visitas y tours que te ayudar\u00e1n a conocer\u00e1s la fiesta al ritmo de los propios pamploneses.\" \/>\n<meta property=\"og:url\" content=\"https:\/\/visitnavarra.info\/visitnavarra\/san-fermin\/\" \/>\n<meta property=\"og:site_name\" content=\"VisitNavarra\" \/>\n<meta property=\"article:modified_time\" content=\"2024-08-21T12:25:13+00:00\" \/>\n<meta name=\"twitter:card\" content=\"summary_large_image\" \/>\n<meta name=\"twitter:label1\" content=\"Tiempo de lectura\" \/>\n\t<meta name=\"twitter:data1\" content=\"1 minuto\" \/>\n<script type=\"application\/ld+json\" class=\"yoast-schema-graph\">{\"@context\":\"https:\/\/schema.org\",\"@graph\":[{\"@type\":\"WebPage\",\"@id\":\"https:\/\/visitnavarra.info\/visitnavarra\/san-fermin\/\",\"url\":\"https:\/\/visitnavarra.info\/visitnavarra\/san-fermin\/\",\"name\":\"SAN FERM\u00cdN PAQUETES A LA CARTA, VISITAS Y TOURS - VisitNavarra\",\"isPartOf\":{\"@id\":\"https:\/\/visitnavarra.info\/visitnavarra\/#website\"},\"datePublished\":\"2019-01-17T12:38:50+00:00\",\"dateModified\":\"2024-08-21T12:25:13+00:00\",\"description\":\"Descubre San Ferm\u00edn con paquetes a la carta, visitas y tours que te ayudar\u00e1n a conocer\u00e1s la fiesta al ritmo de los propios pamploneses.\",\"breadcrumb\":{\"@id\":\"https:\/\/visitnavarra.info\/visitnavarra\/san-fermin\/#breadcrumb\"},\"inLanguage\":\"es\",\"potentialAction\":[{\"@type\":\"ReadAction\",\"target\":[\"https:\/\/visitnavarra.info\/visitnavarra\/san-fermin\/\"]}]},{\"@type\":\"BreadcrumbList\",\"@id\":\"https:\/\/visitnavarra.info\/visitnavarra\/san-fermin\/#breadcrumb\",\"itemListElement\":[{\"@type\":\"ListItem\",\"position\":1,\"name\":\"Portada\",\"item\":\"https:\/\/visitnavarra.info\/visitnavarra\/\"},{\"@type\":\"ListItem\",\"position\":2,\"name\":\"SAN FERM\u00cdN\"}]},{\"@type\":\"WebSite\",\"@id\":\"https:\/\/visitnavarra.info\/visitnavarra\/#website\",\"url\":\"https:\/\/visitnavarra.info\/visitnavarra\/\",\"name\":\"VisitNavarra\",\"description\":\"Alojamiento y experiencias tur\u00edsticas en Navarra; qu\u00e9 visitar en Navarra; comer en Navarra\",\"potentialAction\":[{\"@type\":\"SearchAction\",\"target\":{\"@type\":\"EntryPoint\",\"urlTemplate\":\"https:\/\/visitnavarra.info\/visitnavarra\/?s={search_term_string}\"},\"query-input\":{\"@type\":\"PropertyValueSpecification\",\"valueRequired\":true,\"valueName\":\"search_term_string\"}}],\"inLanguage\":\"es\"}]}<\/script>\n<!-- \/ Yoast SEO plugin. -->","yoast_head_json":{"title":"SAN FERM\u00cdN PAQUETES A LA CARTA, VISITAS Y TOURS - VisitNavarra","description":"Descubre San Ferm\u00edn con paquetes a la carta, visitas y tours que te ayudar\u00e1n a conocer\u00e1s la fiesta al ritmo de los propios pamploneses.","robots":{"index":"index","follow":"follow","max-snippet":"max-snippet:-1","max-image-preview":"max-image-preview:large","max-video-preview":"max-video-preview:-1"},"canonical":"https:\/\/visitnavarra.info\/visitnavarra\/san-fermin\/","og_locale":"es_ES","og_type":"article","og_title":"SAN FERM\u00cdN PAQUETES A LA CARTA, VISITAS Y TOURS - VisitNavarra","og_description":"Descubre San Ferm\u00edn con paquetes a la carta, visitas y tours que te ayudar\u00e1n a conocer\u00e1s la fiesta al ritmo de los propios pamploneses.","og_url":"https:\/\/visitnavarra.info\/visitnavarra\/san-fermin\/","og_site_name":"VisitNavarra","article_modified_time":"2024-08-21T12:25:13+00:00","twitter_card":"summary_large_image","twitter_misc":{"Tiempo de lectura":"1 minuto"},"schema":{"@context":"https:\/\/schema.org","@graph":[{"@type":"WebPage","@id":"https:\/\/visitnavarra.info\/visitnavarra\/san-fermin\/","url":"https:\/\/visitnavarra.info\/visitnavarra\/san-fermin\/","name":"SAN FERM\u00cdN PAQUETES A LA CARTA, VISITAS Y TOURS - VisitNavarra","isPartOf":{"@id":"https:\/\/visitnavarra.info\/visitnavarra\/#website"},"datePublished":"2019-01-17T12:38:50+00:00","dateModified":"2024-08-21T12:25:13+00:00","description":"Descubre San Ferm\u00edn con paquetes a la carta, visitas y tours que te ayudar\u00e1n a conocer\u00e1s la fiesta al ritmo de los propios pamploneses.","breadcrumb":{"@id":"https:\/\/visitnavarra.info\/visitnavarra\/san-fermin\/#breadcrumb"},"inLanguage":"es","potentialAction":[{"@type":"ReadAction","target":["https:\/\/visitnavarra.info\/visitnavarra\/san-fermin\/"]}]},{"@type":"BreadcrumbList","@id":"https:\/\/visitnavarra.info\/visitnavarra\/san-fermin\/#breadcrumb","itemListElement":[{"@type":"ListItem","position":1,"name":"Portada","item":"https:\/\/visitnavarra.info\/visitnavarra\/"},{"@type":"ListItem","position":2,"name":"SAN FERM\u00cdN"}]},{"@type":"WebSite","@id":"https:\/\/visitnavarra.info\/visitnavarra\/#website","url":"https:\/\/visitnavarra.info\/visitnavarra\/","name":"VisitNavarra","description":"Alojamiento y experiencias tur\u00edsticas en Navarra; qu\u00e9 visitar en Navarra; comer en Navarra","potentialAction":[{"@type":"SearchAction","target":{"@type":"EntryPoint","urlTemplate":"https:\/\/visitnavarra.info\/visitnavarra\/?s={search_term_string}"},"query-input":{"@type":"PropertyValueSpecification","valueRequired":true,"valueName":"search_term_string"}}],"inLanguage":"es"}]}},"_links":{"self":[{"href":"https:\/\/visitnavarra.info\/visitnavarra\/wp-json\/wp\/v2\/pages\/512","targetHints":{"allow":["GET"]}}],"collection":[{"href":"https:\/\/visitnavarra.info\/visitnavarra\/wp-json\/wp\/v2\/pages"}],"about":[{"href":"https:\/\/visitnavarra.info\/visitnavarra\/wp-json\/wp\/v2\/types\/page"}],"author":[{"embeddable":true,"href":"https:\/\/visitnavarra.info\/visitnavarra\/wp-json\/wp\/v2\/users\/1"}],"replies":[{"embeddable":true,"href":"https:\/\/visitnavarra.info\/visitnavarra\/wp-json\/wp\/v2\/comments?post=512"}],"version-history":[{"count":28,"href":"https:\/\/visitnavarra.info\/visitnavarra\/wp-json\/wp\/v2\/pages\/512\/revisions"}],"predecessor-version":[{"id":13611,"href":"https:\/\/visitnavarra.info\/visitnavarra\/wp-json\/wp\/v2\/pages\/512\/revisions\/13611"}],"wp:attachment":[{"href":"https:\/\/visitnavarra.info\/visitnavarra\/wp-json\/wp\/v2\/media?parent=512"}],"curies":[{"name":"wp","href":"https:\/\/api.w.org\/{rel}","templated":true}]}}