{"id":529,"date":"2019-01-17T18:13:04","date_gmt":"2019-01-17T18:13:04","guid":{"rendered":"http:\/\/desarrollo.visitnavarra.info\/?page_id=529"},"modified":"2021-05-06T14:14:11","modified_gmt":"2021-05-06T14:14:11","slug":"descubrir-pamplona-en-san-fermin","status":"publish","type":"page","link":"https:\/\/visitnavarra.info\/visitnavarra\/descubrir-pamplona-en-san-fermin\/","title":{"rendered":"DESCUBRIR PAMPLONA EN SAN FERM\u00cdN"},"content":{"rendered":"<p>[vc_row][vc_column width=&#8221;1\/1&#8243;][vc_column_text]<\/p>\n<h3><strong>DESCUBRIR PAMPLONA EN SAN FERM\u00cdN<\/strong><\/h3>\n<p><img loading=\"lazy\" decoding=\"async\" class=\"alignleft size-full wp-image-1404\" src=\"https:\/\/visitnavarra.info\/visitnavarra\/wp-content\/uploads\/2019\/02\/novotur-sanfermin.jpg\" alt=\"\" width=\"250\" height=\"250\" srcset=\"https:\/\/visitnavarra.info\/visitnavarra\/wp-content\/uploads\/2019\/02\/novotur-sanfermin.jpg 250w, https:\/\/visitnavarra.info\/visitnavarra\/wp-content\/uploads\/2019\/02\/novotur-sanfermin-150x150.jpg 150w, https:\/\/visitnavarra.info\/visitnavarra\/wp-content\/uploads\/2019\/02\/novotur-sanfermin-80x80.jpg 80w\" sizes=\"auto, (max-width: 250px) 100vw, 250px\" \/>Cuando llegas a Pamplona por San Ferm\u00edn la primera vez, parece que esto es algo bastante ca\u00f3tico. Miles de personas todas vestidas igual, de blanco y rojo. Bandas de m\u00fasica tocando en cada esquina de la ciudad. Gigantes y cabezudos bailando por la calle. Puede ser algo \u201cun poco\u201d estresante.<\/p>\n<p>En nuestro equipo, somos todos gu\u00edas locales de Pamplona y estamos enamorados de nuestra ciudad. Queremos que cuando nuestros clientes se marchen de la ciudad lo hagan con la confianza de que han disfrutado al m\u00e1ximo de la fiesta.<\/p>\n<p>En esta visita, aprenderemos sobre la historia de la ciudad. Desde sus or\u00edgenes Romanos, hasta su esplendor en la edad media. Pasearemos por sus estrechas calles para descubrir alguna de nuestras iglesias. Seguro que nos cruzaremos con alg\u00fan peregrino del Camino de Santiago. Tambi\u00e9n visitaremos los lugares que Ernest Hemingway hizo populares un su libro \u201cFiesta\u201d Y sobre todo y lo mas importante, te ense\u00f1aremos donde est\u00e1n los sitios importantes de los Sanfermines.<\/p>\n<p>&nbsp;<\/p>\n<p><strong>Punto de encuentro<\/strong>: fuera del Hotel La Perla (Plaza del Castillo 1)<br \/>\n<strong>Cu\u00e1ndo:<\/strong> 5 de Julio a las 18:00 h. &#8211; 6 Julio no hay visita &#8211; del 7 al 14 de Julio a las 13:00 h.<br \/>\n<strong>Duraci\u00f3n:<\/strong> 1,5 horas<br \/>\n<strong>Precio:<\/strong> 50\u20ac por persona<br \/>\n<strong>C\u00f3mo:<\/strong> contacta en nuestra web <a href=\"http:\/\/www.pamplonafiesta.com\">www.pamplonafiesta.com<\/a><br \/>\nGrupos m\u00e1ximo de 15 personas<\/p>\n<p>&nbsp;<\/p>\n<p>[\/vc_column_text][\/vc_column][\/vc_row][vc_row][vc_column width=&#8221;1\/2&#8243;]<div class=\"single_image wpb_content_element align-right    \" data-animation=\"none\" data-delay=\"0\"><img loading=\"lazy\" decoding=\"async\" width=\"200\" height=\"214\" src=\"https:\/\/visitnavarra.info\/visitnavarra\/wp-content\/uploads\/2019\/01\/logo-novotur.jpg\" class=\"attachment-full\" alt=\"\" \/><\/div>[\/vc_column][vc_column width=&#8221;1\/2&#8243;][vc_column_text]<strong>CONTACTO \/ RESERVAS<\/strong><br \/>\nEntidad \/ empresa: NOVOTUR GU\u00cdAS TUR\u00cdSTICOS DE NAVARRA<br \/>\nN\u00ba Registro Turismo: UETC0018<br \/>\nDirecci\u00f3n: Av. Bayona 37, 6\u00baC, 31011 Pamplona (Navarra)<br \/>\nTel\u00e9fono: (+34) ) 629 661 604 | (+34) 617 348 844<br \/>\nMail: <a href=\"mailto:francisco@novotur.com\">francisco@novotur.com<\/a><br \/>\nWeb: <a href=\"http:\/\/www.novotur.com\">www.novotur.com<\/a>[\/vc_column_text][\/vc_column][\/vc_row]<\/p>\n","protected":false},"excerpt":{"rendered":"<p>[vc_row][vc_column width=&#8221;1\/1&#8243;][vc_column_text] DESCUBRIR PAMPLONA EN SAN FERM\u00cdN Cuando llegas a Pamplona por San Ferm\u00edn la primera vez, parece que esto es algo bastante ca\u00f3tico. Miles de personas todas vestidas igual, de blanco y rojo. Bandas de m\u00fasica tocando en cada esquina de la ciudad. Gigantes y cabezudos bailando por la calle. Puede ser algo \u201cun poco\u201d estresante. En nuestro equipo, somos todos gu\u00edas locales de Pamplona y estamos enamorados de nuestra ciudad. Queremos que cuando nuestros clientes se marchen de la ciudad lo hagan con la confianza de que han disfrutado al m\u00e1ximo de la fiesta. En esta visita, aprenderemos sobre la historia de la ciudad. Desde sus or\u00edgenes Romanos, hasta su esplendor en la edad media. Pasearemos por sus estrechas calles para descubrir alguna de nuestras iglesias. Seguro que nos cruzaremos con alg\u00fan peregrino del Camino de Santiago. Tambi\u00e9n visitaremos los lugares que Ernest Hemingway hizo populares un su libro \u201cFiesta\u201d Y sobre todo y lo mas importante, te ense\u00f1aremos donde est\u00e1n los sitios importantes de los Sanfermines. &nbsp; Punto de encuentro: fuera del Hotel La Perla (Plaza del Castillo 1) Cu\u00e1ndo: 5 de Julio a las 18:00 h. &#8211; 6 Julio no hay visita &#8211; del 7 al [&hellip;]<\/p>\n","protected":false},"author":1,"featured_media":0,"parent":0,"menu_order":0,"comment_status":"closed","ping_status":"closed","template":"","meta":{"footnotes":""},"class_list":["post-529","page","type-page","status-publish","hentry"],"yoast_head":"<!-- This site is optimized with the Yoast SEO plugin v23.5 - https:\/\/yoast.com\/wordpress\/plugins\/seo\/ -->\n<title>Descubrir pamplona en San Ferm\u00ednDESCUBRIR PAMPLONA EN SAN FERM\u00cdN - VisitNavarra<\/title>\n<meta name=\"description\" content=\"Somos gu\u00edas locales de Pamplona y estamos enamorados de nuestra ciudad. te ense\u00f1aremos donde est\u00e1n los sitios importantes de los Sanfermines.\" \/>\n<meta name=\"robots\" content=\"index, follow, max-snippet:-1, max-image-preview:large, max-video-preview:-1\" \/>\n<link rel=\"canonical\" href=\"https:\/\/visitnavarra.info\/visitnavarra\/descubrir-pamplona-en-san-fermin\/\" \/>\n<meta property=\"og:locale\" content=\"es_ES\" \/>\n<meta property=\"og:type\" content=\"article\" \/>\n<meta property=\"og:title\" content=\"Descubrir pamplona en San Ferm\u00ednDESCUBRIR PAMPLONA EN SAN FERM\u00cdN - VisitNavarra\" \/>\n<meta property=\"og:description\" content=\"Somos gu\u00edas locales de Pamplona y estamos enamorados de nuestra ciudad. te ense\u00f1aremos donde est\u00e1n los sitios importantes de los Sanfermines.\" \/>\n<meta property=\"og:url\" content=\"https:\/\/visitnavarra.info\/visitnavarra\/descubrir-pamplona-en-san-fermin\/\" \/>\n<meta property=\"og:site_name\" content=\"VisitNavarra\" \/>\n<meta property=\"article:modified_time\" content=\"2021-05-06T14:14:11+00:00\" \/>\n<meta property=\"og:image\" content=\"https:\/\/visitnavarra.info\/visitnavarra\/wp-content\/uploads\/2019\/02\/novotur-sanfermin.jpg\" \/>\n<meta name=\"twitter:card\" content=\"summary_large_image\" \/>\n<meta name=\"twitter:label1\" content=\"Tiempo de lectura\" \/>\n\t<meta name=\"twitter:data1\" content=\"2 minutos\" \/>\n<script type=\"application\/ld+json\" class=\"yoast-schema-graph\">{\"@context\":\"https:\/\/schema.org\",\"@graph\":[{\"@type\":\"WebPage\",\"@id\":\"https:\/\/visitnavarra.info\/visitnavarra\/descubrir-pamplona-en-san-fermin\/\",\"url\":\"https:\/\/visitnavarra.info\/visitnavarra\/descubrir-pamplona-en-san-fermin\/\",\"name\":\"Descubrir pamplona en San Ferm\u00ednDESCUBRIR PAMPLONA EN SAN FERM\u00cdN - VisitNavarra\",\"isPartOf\":{\"@id\":\"https:\/\/visitnavarra.info\/visitnavarra\/#website\"},\"primaryImageOfPage\":{\"@id\":\"https:\/\/visitnavarra.info\/visitnavarra\/descubrir-pamplona-en-san-fermin\/#primaryimage\"},\"image\":{\"@id\":\"https:\/\/visitnavarra.info\/visitnavarra\/descubrir-pamplona-en-san-fermin\/#primaryimage\"},\"thumbnailUrl\":\"https:\/\/visitnavarra.info\/visitnavarra\/wp-content\/uploads\/2019\/02\/novotur-sanfermin.jpg\",\"datePublished\":\"2019-01-17T18:13:04+00:00\",\"dateModified\":\"2021-05-06T14:14:11+00:00\",\"description\":\"Somos gu\u00edas locales de Pamplona y estamos enamorados de nuestra ciudad. te ense\u00f1aremos donde est\u00e1n los sitios importantes de los Sanfermines.\",\"breadcrumb\":{\"@id\":\"https:\/\/visitnavarra.info\/visitnavarra\/descubrir-pamplona-en-san-fermin\/#breadcrumb\"},\"inLanguage\":\"es\",\"potentialAction\":[{\"@type\":\"ReadAction\",\"target\":[\"https:\/\/visitnavarra.info\/visitnavarra\/descubrir-pamplona-en-san-fermin\/\"]}]},{\"@type\":\"ImageObject\",\"inLanguage\":\"es\",\"@id\":\"https:\/\/visitnavarra.info\/visitnavarra\/descubrir-pamplona-en-san-fermin\/#primaryimage\",\"url\":\"https:\/\/visitnavarra.info\/visitnavarra\/wp-content\/uploads\/2019\/02\/novotur-sanfermin.jpg\",\"contentUrl\":\"https:\/\/visitnavarra.info\/visitnavarra\/wp-content\/uploads\/2019\/02\/novotur-sanfermin.jpg\",\"width\":250,\"height\":250},{\"@type\":\"BreadcrumbList\",\"@id\":\"https:\/\/visitnavarra.info\/visitnavarra\/descubrir-pamplona-en-san-fermin\/#breadcrumb\",\"itemListElement\":[{\"@type\":\"ListItem\",\"position\":1,\"name\":\"Portada\",\"item\":\"https:\/\/visitnavarra.info\/visitnavarra\/\"},{\"@type\":\"ListItem\",\"position\":2,\"name\":\"DESCUBRIR PAMPLONA EN SAN FERM\u00cdN\"}]},{\"@type\":\"WebSite\",\"@id\":\"https:\/\/visitnavarra.info\/visitnavarra\/#website\",\"url\":\"https:\/\/visitnavarra.info\/visitnavarra\/\",\"name\":\"VisitNavarra\",\"description\":\"Alojamiento y experiencias tur\u00edsticas en Navarra; qu\u00e9 visitar en Navarra; comer en Navarra\",\"potentialAction\":[{\"@type\":\"SearchAction\",\"target\":{\"@type\":\"EntryPoint\",\"urlTemplate\":\"https:\/\/visitnavarra.info\/visitnavarra\/?s={search_term_string}\"},\"query-input\":{\"@type\":\"PropertyValueSpecification\",\"valueRequired\":true,\"valueName\":\"search_term_string\"}}],\"inLanguage\":\"es\"}]}<\/script>\n<!-- \/ Yoast SEO plugin. -->","yoast_head_json":{"title":"Descubrir pamplona en San Ferm\u00ednDESCUBRIR PAMPLONA EN SAN FERM\u00cdN - VisitNavarra","description":"Somos gu\u00edas locales de Pamplona y estamos enamorados de nuestra ciudad. te ense\u00f1aremos donde est\u00e1n los sitios importantes de los Sanfermines.","robots":{"index":"index","follow":"follow","max-snippet":"max-snippet:-1","max-image-preview":"max-image-preview:large","max-video-preview":"max-video-preview:-1"},"canonical":"https:\/\/visitnavarra.info\/visitnavarra\/descubrir-pamplona-en-san-fermin\/","og_locale":"es_ES","og_type":"article","og_title":"Descubrir pamplona en San Ferm\u00ednDESCUBRIR PAMPLONA EN SAN FERM\u00cdN - VisitNavarra","og_description":"Somos gu\u00edas locales de Pamplona y estamos enamorados de nuestra ciudad. te ense\u00f1aremos donde est\u00e1n los sitios importantes de los Sanfermines.","og_url":"https:\/\/visitnavarra.info\/visitnavarra\/descubrir-pamplona-en-san-fermin\/","og_site_name":"VisitNavarra","article_modified_time":"2021-05-06T14:14:11+00:00","og_image":[{"url":"https:\/\/visitnavarra.info\/visitnavarra\/wp-content\/uploads\/2019\/02\/novotur-sanfermin.jpg"}],"twitter_card":"summary_large_image","twitter_misc":{"Tiempo de lectura":"2 minutos"},"schema":{"@context":"https:\/\/schema.org","@graph":[{"@type":"WebPage","@id":"https:\/\/visitnavarra.info\/visitnavarra\/descubrir-pamplona-en-san-fermin\/","url":"https:\/\/visitnavarra.info\/visitnavarra\/descubrir-pamplona-en-san-fermin\/","name":"Descubrir pamplona en San Ferm\u00ednDESCUBRIR PAMPLONA EN SAN FERM\u00cdN - VisitNavarra","isPartOf":{"@id":"https:\/\/visitnavarra.info\/visitnavarra\/#website"},"primaryImageOfPage":{"@id":"https:\/\/visitnavarra.info\/visitnavarra\/descubrir-pamplona-en-san-fermin\/#primaryimage"},"image":{"@id":"https:\/\/visitnavarra.info\/visitnavarra\/descubrir-pamplona-en-san-fermin\/#primaryimage"},"thumbnailUrl":"https:\/\/visitnavarra.info\/visitnavarra\/wp-content\/uploads\/2019\/02\/novotur-sanfermin.jpg","datePublished":"2019-01-17T18:13:04+00:00","dateModified":"2021-05-06T14:14:11+00:00","description":"Somos gu\u00edas locales de Pamplona y estamos enamorados de nuestra ciudad. te ense\u00f1aremos donde est\u00e1n los sitios importantes de los Sanfermines.","breadcrumb":{"@id":"https:\/\/visitnavarra.info\/visitnavarra\/descubrir-pamplona-en-san-fermin\/#breadcrumb"},"inLanguage":"es","potentialAction":[{"@type":"ReadAction","target":["https:\/\/visitnavarra.info\/visitnavarra\/descubrir-pamplona-en-san-fermin\/"]}]},{"@type":"ImageObject","inLanguage":"es","@id":"https:\/\/visitnavarra.info\/visitnavarra\/descubrir-pamplona-en-san-fermin\/#primaryimage","url":"https:\/\/visitnavarra.info\/visitnavarra\/wp-content\/uploads\/2019\/02\/novotur-sanfermin.jpg","contentUrl":"https:\/\/visitnavarra.info\/visitnavarra\/wp-content\/uploads\/2019\/02\/novotur-sanfermin.jpg","width":250,"height":250},{"@type":"BreadcrumbList","@id":"https:\/\/visitnavarra.info\/visitnavarra\/descubrir-pamplona-en-san-fermin\/#breadcrumb","itemListElement":[{"@type":"ListItem","position":1,"name":"Portada","item":"https:\/\/visitnavarra.info\/visitnavarra\/"},{"@type":"ListItem","position":2,"name":"DESCUBRIR PAMPLONA EN SAN FERM\u00cdN"}]},{"@type":"WebSite","@id":"https:\/\/visitnavarra.info\/visitnavarra\/#website","url":"https:\/\/visitnavarra.info\/visitnavarra\/","name":"VisitNavarra","description":"Alojamiento y experiencias tur\u00edsticas en Navarra; qu\u00e9 visitar en Navarra; comer en Navarra","potentialAction":[{"@type":"SearchAction","target":{"@type":"EntryPoint","urlTemplate":"https:\/\/visitnavarra.info\/visitnavarra\/?s={search_term_string}"},"query-input":{"@type":"PropertyValueSpecification","valueRequired":true,"valueName":"search_term_string"}}],"inLanguage":"es"}]}},"_links":{"self":[{"href":"https:\/\/visitnavarra.info\/visitnavarra\/wp-json\/wp\/v2\/pages\/529","targetHints":{"allow":["GET"]}}],"collection":[{"href":"https:\/\/visitnavarra.info\/visitnavarra\/wp-json\/wp\/v2\/pages"}],"about":[{"href":"https:\/\/visitnavarra.info\/visitnavarra\/wp-json\/wp\/v2\/types\/page"}],"author":[{"embeddable":true,"href":"https:\/\/visitnavarra.info\/visitnavarra\/wp-json\/wp\/v2\/users\/1"}],"replies":[{"embeddable":true,"href":"https:\/\/visitnavarra.info\/visitnavarra\/wp-json\/wp\/v2\/comments?post=529"}],"version-history":[{"count":8,"href":"https:\/\/visitnavarra.info\/visitnavarra\/wp-json\/wp\/v2\/pages\/529\/revisions"}],"predecessor-version":[{"id":10863,"href":"https:\/\/visitnavarra.info\/visitnavarra\/wp-json\/wp\/v2\/pages\/529\/revisions\/10863"}],"wp:attachment":[{"href":"https:\/\/visitnavarra.info\/visitnavarra\/wp-json\/wp\/v2\/media?parent=529"}],"curies":[{"name":"wp","href":"https:\/\/api.w.org\/{rel}","templated":true}]}}