{"id":539,"date":"2019-01-17T18:17:43","date_gmt":"2019-01-17T18:17:43","guid":{"rendered":"http:\/\/desarrollo.visitnavarra.info\/?page_id=539"},"modified":"2021-10-25T12:45:22","modified_gmt":"2021-10-25T12:45:22","slug":"espectaculos","status":"publish","type":"page","link":"https:\/\/visitnavarra.info\/visitnavarra\/espectaculos\/","title":{"rendered":"ESPECT\u00c1CULOS"},"content":{"rendered":"<p>[vc_row][vc_column width=&#8221;1\/3&#8243;]<div class=\"single_image wpb_content_element align-center    \" data-animation=\"none\" data-delay=\"0\"><img loading=\"lazy\" decoding=\"async\" width=\"250\" height=\"250\" src=\"https:\/\/visitnavarra.info\/visitnavarra\/wp-content\/uploads\/2021\/10\/espectaculos-pamplona-250.jpg\" class=\"attachment-full\" alt=\"\" srcset=\"https:\/\/visitnavarra.info\/visitnavarra\/wp-content\/uploads\/2021\/10\/espectaculos-pamplona-250.jpg 250w, https:\/\/visitnavarra.info\/visitnavarra\/wp-content\/uploads\/2021\/10\/espectaculos-pamplona-250-150x150.jpg 150w, https:\/\/visitnavarra.info\/visitnavarra\/wp-content\/uploads\/2021\/10\/espectaculos-pamplona-250-80x80.jpg 80w\" sizes=\"auto, (max-width: 250px) 100vw, 250px\" \/><\/div><a href=\"\/visitnavarra\/espectaculos-capital-navarra\/\" target=\"_self\" class=\"button custom full \" style=\"background-color: #75c155; border-color: #75c155;border-radius: 2px;\">LOS MEJORES ESPECT\u00c1CULOS EN LA CAPITAL NAVARRA<\/a>[\/vc_column][vc_column width=&#8221;1\/3&#8243;][\/vc_column][vc_column width=&#8221;1\/3&#8243;][\/vc_column][\/vc_row][vc_row][vc_column][vc_column_text]<\/p>\n<div id=\"ventanamailtotoMail\" style=\"z-index: 1102;\">\n<div id=\"ventanamailtomodalMail\">\n<div id=\"ventanamailtopopupToModalClose\"><\/div>\n<div id=\"ventanamailtoquestionToModalMailPopup\">What do you want to do ?<\/div>\n<p><a id=\"ventanamailtoopenAppCreateNew\"><\/a>New mail<button id=\"ventanamailtocopyButtonEmailClipboard\">Copy<\/button><textarea id=\"ventanamailtotextCopy\"><\/textarea><\/p>\n<\/div>\n<\/div>\n<div><img \/><\/div>\n<p>[\/vc_column_text][\/vc_column][\/vc_row][vc_row][vc_column][vc_column_text]<\/p>\n<div id=\"ventanamailtotoMail\" style=\"z-index: 1102;\">\n<div id=\"ventanamailtomodalMail\">\n<div id=\"ventanamailtopopupToModalClose\"><\/div>\n<div id=\"ventanamailtoquestionToModalMailPopup\">What do you want to do ?<\/div>\n<p><a id=\"ventanamailtoopenAppCreateNew\"><\/a>New mail<button id=\"ventanamailtocopyButtonEmailClipboard\">Copy<\/button><textarea id=\"ventanamailtotextCopy\"><\/textarea><\/p>\n<\/div>\n<\/div>\n<div><img \/><\/div>\n<p>[\/vc_column_text][\/vc_column][\/vc_row]<\/p>\n","protected":false},"excerpt":{"rendered":"<p>[vc_row][vc_column width=&#8221;1\/3&#8243;][\/vc_column][vc_column width=&#8221;1\/3&#8243;][\/vc_column][vc_column width=&#8221;1\/3&#8243;][\/vc_column][\/vc_row][vc_row][vc_column][vc_column_text] What do you want to do ? New mailCopy [\/vc_column_text][\/vc_column][\/vc_row][vc_row][vc_column][vc_column_text] What do you want to do ? New mailCopy [\/vc_column_text][\/vc_column][\/vc_row]<\/p>\n","protected":false},"author":1,"featured_media":0,"parent":0,"menu_order":0,"comment_status":"closed","ping_status":"closed","template":"","meta":{"footnotes":""},"class_list":["post-539","page","type-page","status-publish","hentry"],"yoast_head":"<!-- This site is optimized with the Yoast SEO plugin v23.5 - https:\/\/yoast.com\/wordpress\/plugins\/seo\/ -->\n<title>ESPECT\u00c1CULOS EN NAVARRA - ESPECT\u00c1CULOS - VisitNavarra<\/title>\n<meta name=\"description\" content=\"Disfruta de espect\u00e1culos en Navarra organizados como experiencias o paquetes pensados en ti para que no te pierdas ninguno.\" \/>\n<meta name=\"robots\" content=\"index, follow, max-snippet:-1, max-image-preview:large, max-video-preview:-1\" \/>\n<link rel=\"canonical\" href=\"https:\/\/visitnavarra.info\/visitnavarra\/espectaculos\/\" \/>\n<meta property=\"og:locale\" content=\"es_ES\" \/>\n<meta property=\"og:type\" content=\"article\" \/>\n<meta property=\"og:title\" content=\"ESPECT\u00c1CULOS EN NAVARRA - ESPECT\u00c1CULOS - VisitNavarra\" \/>\n<meta property=\"og:description\" content=\"Disfruta de espect\u00e1culos en Navarra organizados como experiencias o paquetes pensados en ti para que no te pierdas ninguno.\" \/>\n<meta property=\"og:url\" content=\"https:\/\/visitnavarra.info\/visitnavarra\/espectaculos\/\" \/>\n<meta property=\"og:site_name\" content=\"VisitNavarra\" \/>\n<meta property=\"article:modified_time\" content=\"2021-10-25T12:45:22+00:00\" \/>\n<meta name=\"twitter:card\" content=\"summary_large_image\" \/>\n<script type=\"application\/ld+json\" class=\"yoast-schema-graph\">{\"@context\":\"https:\/\/schema.org\",\"@graph\":[{\"@type\":\"WebPage\",\"@id\":\"https:\/\/visitnavarra.info\/visitnavarra\/espectaculos\/\",\"url\":\"https:\/\/visitnavarra.info\/visitnavarra\/espectaculos\/\",\"name\":\"ESPECT\u00c1CULOS EN NAVARRA - ESPECT\u00c1CULOS - VisitNavarra\",\"isPartOf\":{\"@id\":\"https:\/\/visitnavarra.info\/visitnavarra\/#website\"},\"datePublished\":\"2019-01-17T18:17:43+00:00\",\"dateModified\":\"2021-10-25T12:45:22+00:00\",\"description\":\"Disfruta de espect\u00e1culos en Navarra organizados como experiencias o paquetes pensados en ti para que no te pierdas ninguno.\",\"breadcrumb\":{\"@id\":\"https:\/\/visitnavarra.info\/visitnavarra\/espectaculos\/#breadcrumb\"},\"inLanguage\":\"es\",\"potentialAction\":[{\"@type\":\"ReadAction\",\"target\":[\"https:\/\/visitnavarra.info\/visitnavarra\/espectaculos\/\"]}]},{\"@type\":\"BreadcrumbList\",\"@id\":\"https:\/\/visitnavarra.info\/visitnavarra\/espectaculos\/#breadcrumb\",\"itemListElement\":[{\"@type\":\"ListItem\",\"position\":1,\"name\":\"Portada\",\"item\":\"https:\/\/visitnavarra.info\/visitnavarra\/\"},{\"@type\":\"ListItem\",\"position\":2,\"name\":\"ESPECT\u00c1CULOS\"}]},{\"@type\":\"WebSite\",\"@id\":\"https:\/\/visitnavarra.info\/visitnavarra\/#website\",\"url\":\"https:\/\/visitnavarra.info\/visitnavarra\/\",\"name\":\"VisitNavarra\",\"description\":\"Alojamiento y experiencias tur\u00edsticas en Navarra; qu\u00e9 visitar en Navarra; comer en Navarra\",\"potentialAction\":[{\"@type\":\"SearchAction\",\"target\":{\"@type\":\"EntryPoint\",\"urlTemplate\":\"https:\/\/visitnavarra.info\/visitnavarra\/?s={search_term_string}\"},\"query-input\":{\"@type\":\"PropertyValueSpecification\",\"valueRequired\":true,\"valueName\":\"search_term_string\"}}],\"inLanguage\":\"es\"}]}<\/script>\n<!-- \/ Yoast SEO plugin. -->","yoast_head_json":{"title":"ESPECT\u00c1CULOS EN NAVARRA - ESPECT\u00c1CULOS - VisitNavarra","description":"Disfruta de espect\u00e1culos en Navarra organizados como experiencias o paquetes pensados en ti para que no te pierdas ninguno.","robots":{"index":"index","follow":"follow","max-snippet":"max-snippet:-1","max-image-preview":"max-image-preview:large","max-video-preview":"max-video-preview:-1"},"canonical":"https:\/\/visitnavarra.info\/visitnavarra\/espectaculos\/","og_locale":"es_ES","og_type":"article","og_title":"ESPECT\u00c1CULOS EN NAVARRA - ESPECT\u00c1CULOS - VisitNavarra","og_description":"Disfruta de espect\u00e1culos en Navarra organizados como experiencias o paquetes pensados en ti para que no te pierdas ninguno.","og_url":"https:\/\/visitnavarra.info\/visitnavarra\/espectaculos\/","og_site_name":"VisitNavarra","article_modified_time":"2021-10-25T12:45:22+00:00","twitter_card":"summary_large_image","schema":{"@context":"https:\/\/schema.org","@graph":[{"@type":"WebPage","@id":"https:\/\/visitnavarra.info\/visitnavarra\/espectaculos\/","url":"https:\/\/visitnavarra.info\/visitnavarra\/espectaculos\/","name":"ESPECT\u00c1CULOS EN NAVARRA - ESPECT\u00c1CULOS - VisitNavarra","isPartOf":{"@id":"https:\/\/visitnavarra.info\/visitnavarra\/#website"},"datePublished":"2019-01-17T18:17:43+00:00","dateModified":"2021-10-25T12:45:22+00:00","description":"Disfruta de espect\u00e1culos en Navarra organizados como experiencias o paquetes pensados en ti para que no te pierdas ninguno.","breadcrumb":{"@id":"https:\/\/visitnavarra.info\/visitnavarra\/espectaculos\/#breadcrumb"},"inLanguage":"es","potentialAction":[{"@type":"ReadAction","target":["https:\/\/visitnavarra.info\/visitnavarra\/espectaculos\/"]}]},{"@type":"BreadcrumbList","@id":"https:\/\/visitnavarra.info\/visitnavarra\/espectaculos\/#breadcrumb","itemListElement":[{"@type":"ListItem","position":1,"name":"Portada","item":"https:\/\/visitnavarra.info\/visitnavarra\/"},{"@type":"ListItem","position":2,"name":"ESPECT\u00c1CULOS"}]},{"@type":"WebSite","@id":"https:\/\/visitnavarra.info\/visitnavarra\/#website","url":"https:\/\/visitnavarra.info\/visitnavarra\/","name":"VisitNavarra","description":"Alojamiento y experiencias tur\u00edsticas en Navarra; qu\u00e9 visitar en Navarra; comer en Navarra","potentialAction":[{"@type":"SearchAction","target":{"@type":"EntryPoint","urlTemplate":"https:\/\/visitnavarra.info\/visitnavarra\/?s={search_term_string}"},"query-input":{"@type":"PropertyValueSpecification","valueRequired":true,"valueName":"search_term_string"}}],"inLanguage":"es"}]}},"_links":{"self":[{"href":"https:\/\/visitnavarra.info\/visitnavarra\/wp-json\/wp\/v2\/pages\/539","targetHints":{"allow":["GET"]}}],"collection":[{"href":"https:\/\/visitnavarra.info\/visitnavarra\/wp-json\/wp\/v2\/pages"}],"about":[{"href":"https:\/\/visitnavarra.info\/visitnavarra\/wp-json\/wp\/v2\/types\/page"}],"author":[{"embeddable":true,"href":"https:\/\/visitnavarra.info\/visitnavarra\/wp-json\/wp\/v2\/users\/1"}],"replies":[{"embeddable":true,"href":"https:\/\/visitnavarra.info\/visitnavarra\/wp-json\/wp\/v2\/comments?post=539"}],"version-history":[{"count":7,"href":"https:\/\/visitnavarra.info\/visitnavarra\/wp-json\/wp\/v2\/pages\/539\/revisions"}],"predecessor-version":[{"id":11446,"href":"https:\/\/visitnavarra.info\/visitnavarra\/wp-json\/wp\/v2\/pages\/539\/revisions\/11446"}],"wp:attachment":[{"href":"https:\/\/visitnavarra.info\/visitnavarra\/wp-json\/wp\/v2\/media?parent=539"}],"curies":[{"name":"wp","href":"https:\/\/api.w.org\/{rel}","templated":true}]}}