{"id":551,"date":"2019-01-17T18:36:29","date_gmt":"2019-01-17T18:36:29","guid":{"rendered":"http:\/\/desarrollo.visitnavarra.info\/?page_id=551"},"modified":"2024-01-16T09:55:47","modified_gmt":"2024-01-16T09:55:47","slug":"viajes-familiares","status":"publish","type":"page","link":"https:\/\/visitnavarra.info\/visitnavarra\/viajes-familiares\/","title":{"rendered":"VIAJES FAMILIARES"},"content":{"rendered":"<p>[vc_row][vc_column width=&#8221;1\/1&#8243;][vc_column_text]<strong>VIAJES FAMILIARES<\/strong><\/p>\n<p><img loading=\"lazy\" decoding=\"async\" class=\"size-medium wp-image-552 alignleft\" src=\"https:\/\/visitnavarra.info\/visitnavarra\/wp-content\/uploads\/2019\/01\/Senda-Viva-Familia-Atracci\u00f3n-300x200.jpg\" alt=\"\" width=\"300\" height=\"200\" srcset=\"https:\/\/visitnavarra.info\/visitnavarra\/wp-content\/uploads\/2019\/01\/Senda-Viva-Familia-Atracci\u00f3n-300x200.jpg 300w, https:\/\/visitnavarra.info\/visitnavarra\/wp-content\/uploads\/2019\/01\/Senda-Viva-Familia-Atracci\u00f3n-768x512.jpg 768w, https:\/\/visitnavarra.info\/visitnavarra\/wp-content\/uploads\/2019\/01\/Senda-Viva-Familia-Atracci\u00f3n-1024x683.jpg 1024w, https:\/\/visitnavarra.info\/visitnavarra\/wp-content\/uploads\/2019\/01\/Senda-Viva-Familia-Atracci\u00f3n-600x400.jpg 600w\" sizes=\"auto, (max-width: 300px) 100vw, 300px\" \/><\/p>\n<p>Sendaviva es el mayor parque de ocio familiar de la pen\u00ednsula, situado en la ribera de Navarra. Se encuentra pr\u00f3ximo al Parque Natural de las Bardenas Reales.<\/p>\n<p>Un espacio \u00fanico en el que podr\u00e1 disfrutar de m\u00e1s de una treintena de atracciones dirigidas a todos los p\u00fablicos. Descubrir m\u00e1s de 800 animales de los 5 continentes repartidas en 8 sendas y disfrutar de diferentes shows en vivo.<\/p>\n<p>Durante la temporada de verano se puede disfrutar de diferentes atracciones acu\u00e1ticas. A partir de \u00faltimos de septiembre y hasta el cierre de temporada se podr\u00e1 disfrutar de la tem\u00e1tica de Hallowen.<\/p>\n<p>Una opci\u00f3n perfecta de entretenimiento en plena naturaleza.<\/p>\n<p><strong>Nota<\/strong>: En Sendaviva la carteler\u00eda y los planos se entregan en franc\u00e9s. El personal del parque atiende en frances. Las actividades con animales son en castellano.<\/p>\n<p>[\/vc_column_text][\/vc_column][\/vc_row][vc_row][vc_column width=&#8221;1\/2&#8243;]<div class=\"single_image wpb_content_element align-right    \" data-animation=\"none\" data-delay=\"0\"><img loading=\"lazy\" decoding=\"async\" width=\"200\" height=\"214\" src=\"https:\/\/visitnavarra.info\/visitnavarra\/wp-content\/uploads\/2019\/01\/logo-senda-viva.jpg\" class=\"attachment-full\" alt=\"\" \/><\/div>[\/vc_column][vc_column width=&#8221;1\/2&#8243;][vc_column_text]<strong>CONTACTO \/ RESERVAS<\/strong><br \/>\nEntidad \/ empresa: SENDAVIVA VIAJES<br \/>\nN\u00ba Registro Turismo: C.I.NA-080 &#8211; UETAC041<br \/>\nDirecci\u00f3n: Carretera Virgen del Yugo s\/n &#8211; 31513 Arguedas (Navarra)<br \/>\nTel\u00e9fono: (+34) 948 088 100<br \/>\nMail: <a href=\"mailto:info@sendaviva.com\">info@sendaviva.com<\/a><br \/>\nWeb: <a href=\"http:\/\/www.sendaviva.com\">www.sendaviva.com<\/a>[\/vc_column_text][\/vc_column][\/vc_row]<\/p>\n","protected":false},"excerpt":{"rendered":"<p>[vc_row][vc_column width=&#8221;1\/1&#8243;][vc_column_text]VIAJES FAMILIARES Sendaviva es el mayor parque de ocio familiar de la pen\u00ednsula, situado en la ribera de Navarra. Se encuentra pr\u00f3ximo al Parque Natural de las Bardenas Reales. Un espacio \u00fanico en el que podr\u00e1 disfrutar de m\u00e1s de una treintena de atracciones dirigidas a todos los p\u00fablicos. Descubrir m\u00e1s de 800 animales de los 5 continentes repartidas en 8 sendas y disfrutar de diferentes shows en vivo. Durante la temporada de verano se puede disfrutar de diferentes atracciones acu\u00e1ticas. A partir de \u00faltimos de septiembre y hasta el cierre de temporada se podr\u00e1 disfrutar de la tem\u00e1tica de Hallowen. Una opci\u00f3n perfecta de entretenimiento en plena naturaleza. Nota: En Sendaviva la carteler\u00eda y los planos se entregan en franc\u00e9s. El personal del parque atiende en frances. Las actividades con animales son en castellano. [\/vc_column_text][\/vc_column][\/vc_row][vc_row][vc_column width=&#8221;1\/2&#8243;][\/vc_column][vc_column width=&#8221;1\/2&#8243;][vc_column_text]CONTACTO \/ RESERVAS Entidad \/ empresa: SENDAVIVA VIAJES N\u00ba Registro Turismo: C.I.NA-080 &#8211; UETAC041 Direcci\u00f3n: Carretera Virgen del Yugo s\/n &#8211; 31513 Arguedas (Navarra) Tel\u00e9fono: (+34) 948 088 100 Mail: info@sendaviva.com Web: www.sendaviva.com[\/vc_column_text][\/vc_column][\/vc_row]<\/p>\n","protected":false},"author":1,"featured_media":0,"parent":0,"menu_order":0,"comment_status":"closed","ping_status":"closed","template":"","meta":{"footnotes":""},"class_list":["post-551","page","type-page","status-publish","hentry"],"yoast_head":"<!-- This site is optimized with the Yoast SEO plugin v23.5 - https:\/\/yoast.com\/wordpress\/plugins\/seo\/ -->\n<title>VIAJES FAMILIARES EN SENDAVIVA - VisitNavarra<\/title>\n<meta name=\"description\" content=\"Sendaviva parque de aventura y diversi\u00f3n situado en la Ribera de navarra, el mayor parque de ocio familiar de la pen\u00ednsula.\" \/>\n<meta name=\"robots\" content=\"index, follow, max-snippet:-1, max-image-preview:large, max-video-preview:-1\" \/>\n<link rel=\"canonical\" href=\"https:\/\/visitnavarra.info\/visitnavarra\/viajes-familiares\/\" \/>\n<meta property=\"og:locale\" content=\"es_ES\" \/>\n<meta property=\"og:type\" content=\"article\" \/>\n<meta property=\"og:title\" content=\"VIAJES FAMILIARES EN SENDAVIVA - VisitNavarra\" \/>\n<meta property=\"og:description\" content=\"Sendaviva parque de aventura y diversi\u00f3n situado en la Ribera de navarra, el mayor parque de ocio familiar de la pen\u00ednsula.\" \/>\n<meta property=\"og:url\" content=\"https:\/\/visitnavarra.info\/visitnavarra\/viajes-familiares\/\" \/>\n<meta property=\"og:site_name\" content=\"VisitNavarra\" \/>\n<meta property=\"article:modified_time\" content=\"2024-01-16T09:55:47+00:00\" \/>\n<meta name=\"twitter:card\" content=\"summary_large_image\" \/>\n<meta name=\"twitter:label1\" content=\"Tiempo de lectura\" \/>\n\t<meta name=\"twitter:data1\" content=\"1 minuto\" \/>\n<script type=\"application\/ld+json\" class=\"yoast-schema-graph\">{\"@context\":\"https:\/\/schema.org\",\"@graph\":[{\"@type\":\"WebPage\",\"@id\":\"https:\/\/visitnavarra.info\/visitnavarra\/viajes-familiares\/\",\"url\":\"https:\/\/visitnavarra.info\/visitnavarra\/viajes-familiares\/\",\"name\":\"VIAJES FAMILIARES EN SENDAVIVA - VisitNavarra\",\"isPartOf\":{\"@id\":\"https:\/\/visitnavarra.info\/visitnavarra\/#website\"},\"datePublished\":\"2019-01-17T18:36:29+00:00\",\"dateModified\":\"2024-01-16T09:55:47+00:00\",\"description\":\"Sendaviva parque de aventura y diversi\u00f3n situado en la Ribera de navarra, el mayor parque de ocio familiar de la pen\u00ednsula.\",\"breadcrumb\":{\"@id\":\"https:\/\/visitnavarra.info\/visitnavarra\/viajes-familiares\/#breadcrumb\"},\"inLanguage\":\"es\",\"potentialAction\":[{\"@type\":\"ReadAction\",\"target\":[\"https:\/\/visitnavarra.info\/visitnavarra\/viajes-familiares\/\"]}]},{\"@type\":\"BreadcrumbList\",\"@id\":\"https:\/\/visitnavarra.info\/visitnavarra\/viajes-familiares\/#breadcrumb\",\"itemListElement\":[{\"@type\":\"ListItem\",\"position\":1,\"name\":\"Portada\",\"item\":\"https:\/\/visitnavarra.info\/visitnavarra\/\"},{\"@type\":\"ListItem\",\"position\":2,\"name\":\"VIAJES FAMILIARES\"}]},{\"@type\":\"WebSite\",\"@id\":\"https:\/\/visitnavarra.info\/visitnavarra\/#website\",\"url\":\"https:\/\/visitnavarra.info\/visitnavarra\/\",\"name\":\"VisitNavarra\",\"description\":\"Alojamiento y experiencias tur\u00edsticas en Navarra; qu\u00e9 visitar en Navarra; comer en Navarra\",\"potentialAction\":[{\"@type\":\"SearchAction\",\"target\":{\"@type\":\"EntryPoint\",\"urlTemplate\":\"https:\/\/visitnavarra.info\/visitnavarra\/?s={search_term_string}\"},\"query-input\":{\"@type\":\"PropertyValueSpecification\",\"valueRequired\":true,\"valueName\":\"search_term_string\"}}],\"inLanguage\":\"es\"}]}<\/script>\n<!-- \/ Yoast SEO plugin. -->","yoast_head_json":{"title":"VIAJES FAMILIARES EN SENDAVIVA - VisitNavarra","description":"Sendaviva parque de aventura y diversi\u00f3n situado en la Ribera de navarra, el mayor parque de ocio familiar de la pen\u00ednsula.","robots":{"index":"index","follow":"follow","max-snippet":"max-snippet:-1","max-image-preview":"max-image-preview:large","max-video-preview":"max-video-preview:-1"},"canonical":"https:\/\/visitnavarra.info\/visitnavarra\/viajes-familiares\/","og_locale":"es_ES","og_type":"article","og_title":"VIAJES FAMILIARES EN SENDAVIVA - VisitNavarra","og_description":"Sendaviva parque de aventura y diversi\u00f3n situado en la Ribera de navarra, el mayor parque de ocio familiar de la pen\u00ednsula.","og_url":"https:\/\/visitnavarra.info\/visitnavarra\/viajes-familiares\/","og_site_name":"VisitNavarra","article_modified_time":"2024-01-16T09:55:47+00:00","twitter_card":"summary_large_image","twitter_misc":{"Tiempo de lectura":"1 minuto"},"schema":{"@context":"https:\/\/schema.org","@graph":[{"@type":"WebPage","@id":"https:\/\/visitnavarra.info\/visitnavarra\/viajes-familiares\/","url":"https:\/\/visitnavarra.info\/visitnavarra\/viajes-familiares\/","name":"VIAJES FAMILIARES EN SENDAVIVA - VisitNavarra","isPartOf":{"@id":"https:\/\/visitnavarra.info\/visitnavarra\/#website"},"datePublished":"2019-01-17T18:36:29+00:00","dateModified":"2024-01-16T09:55:47+00:00","description":"Sendaviva parque de aventura y diversi\u00f3n situado en la Ribera de navarra, el mayor parque de ocio familiar de la pen\u00ednsula.","breadcrumb":{"@id":"https:\/\/visitnavarra.info\/visitnavarra\/viajes-familiares\/#breadcrumb"},"inLanguage":"es","potentialAction":[{"@type":"ReadAction","target":["https:\/\/visitnavarra.info\/visitnavarra\/viajes-familiares\/"]}]},{"@type":"BreadcrumbList","@id":"https:\/\/visitnavarra.info\/visitnavarra\/viajes-familiares\/#breadcrumb","itemListElement":[{"@type":"ListItem","position":1,"name":"Portada","item":"https:\/\/visitnavarra.info\/visitnavarra\/"},{"@type":"ListItem","position":2,"name":"VIAJES FAMILIARES"}]},{"@type":"WebSite","@id":"https:\/\/visitnavarra.info\/visitnavarra\/#website","url":"https:\/\/visitnavarra.info\/visitnavarra\/","name":"VisitNavarra","description":"Alojamiento y experiencias tur\u00edsticas en Navarra; qu\u00e9 visitar en Navarra; comer en Navarra","potentialAction":[{"@type":"SearchAction","target":{"@type":"EntryPoint","urlTemplate":"https:\/\/visitnavarra.info\/visitnavarra\/?s={search_term_string}"},"query-input":{"@type":"PropertyValueSpecification","valueRequired":true,"valueName":"search_term_string"}}],"inLanguage":"es"}]}},"_links":{"self":[{"href":"https:\/\/visitnavarra.info\/visitnavarra\/wp-json\/wp\/v2\/pages\/551","targetHints":{"allow":["GET"]}}],"collection":[{"href":"https:\/\/visitnavarra.info\/visitnavarra\/wp-json\/wp\/v2\/pages"}],"about":[{"href":"https:\/\/visitnavarra.info\/visitnavarra\/wp-json\/wp\/v2\/types\/page"}],"author":[{"embeddable":true,"href":"https:\/\/visitnavarra.info\/visitnavarra\/wp-json\/wp\/v2\/users\/1"}],"replies":[{"embeddable":true,"href":"https:\/\/visitnavarra.info\/visitnavarra\/wp-json\/wp\/v2\/comments?post=551"}],"version-history":[{"count":6,"href":"https:\/\/visitnavarra.info\/visitnavarra\/wp-json\/wp\/v2\/pages\/551\/revisions"}],"predecessor-version":[{"id":13309,"href":"https:\/\/visitnavarra.info\/visitnavarra\/wp-json\/wp\/v2\/pages\/551\/revisions\/13309"}],"wp:attachment":[{"href":"https:\/\/visitnavarra.info\/visitnavarra\/wp-json\/wp\/v2\/media?parent=551"}],"curies":[{"name":"wp","href":"https:\/\/api.w.org\/{rel}","templated":true}]}}