{"id":583,"date":"2019-01-17T19:24:32","date_gmt":"2019-01-17T19:24:32","guid":{"rendered":"http:\/\/desarrollo.visitnavarra.info\/?page_id=583"},"modified":"2022-08-29T08:22:55","modified_gmt":"2022-08-29T08:22:55","slug":"desierto-bardenas-segway","status":"publish","type":"page","link":"https:\/\/visitnavarra.info\/visitnavarra\/desierto-bardenas-segway\/","title":{"rendered":"ACTIVIDAD EN EL DESIERTO DE BARDENAS CON SEGWAY"},"content":{"rendered":"<p>[vc_row][vc_column width=&#8221;1\/1&#8243;][vc_column_text]<strong><img loading=\"lazy\" decoding=\"async\" class=\"alignleft wp-image-11886\" src=\"https:\/\/visitnavarra.info\/visitnavarra\/wp-content\/uploads\/2022\/08\/nataven-300x135.jpg\" alt=\"\" width=\"600\" height=\"270\" srcset=\"https:\/\/visitnavarra.info\/visitnavarra\/wp-content\/uploads\/2022\/08\/nataven-300x135.jpg 300w, https:\/\/visitnavarra.info\/visitnavarra\/wp-content\/uploads\/2022\/08\/nataven-768x346.jpg 768w, https:\/\/visitnavarra.info\/visitnavarra\/wp-content\/uploads\/2022\/08\/nataven.jpg 960w\" sizes=\"auto, (max-width: 600px) 100vw, 600px\" \/><\/strong><\/p>\n<p>&nbsp;<\/p>\n<p><strong>EXCURS<\/strong><strong>I\u00d3N GUIADA EN SEGWAY POR EL DESIERTO DE LAS BARDENAS REALES DE NAVARRA<\/strong><\/p>\n<ul>\n<li><strong>Duraci\u00f3n actividad:<\/strong> 3 horas y media aproximadamente. PRECIO: 95\u20ac \/ persona<\/li>\n<\/ul>\n<p><strong>\u00a0<\/strong><\/p>\n<p><strong>PACK SEGWAY BARDENAS + HOTEL CAMINO DE LAS BARDENAS<\/strong><\/p>\n<ul>\n<li><em><strong>Pack Segway por el desierto, alojamiento y desayuno<\/strong><\/em><br \/>\nExcursi\u00f3n segway, alojamiento y desayuno. PRECIO: 135\u20ac \/ persona<\/li>\n<li><strong><em>Pack Segway por el desierto + Alojamiento + Desayuno + Media pensi\u00f3n<\/em><\/strong>. PRECIO: 150\u20ac \/ persona<\/li>\n<\/ul>\n<p>[\/vc_column_text][vc_column_text]<\/p>\n<p>&nbsp;<\/p>\n<p>[\/vc_column_text][\/vc_column][\/vc_row][vc_row][vc_column width=&#8221;1\/2&#8243;]<div class=\"single_image wpb_content_element align-right    \" data-animation=\"none\" data-delay=\"0\"><img loading=\"lazy\" decoding=\"async\" width=\"200\" height=\"214\" src=\"https:\/\/visitnavarra.info\/visitnavarra\/wp-content\/uploads\/2019\/01\/logo-anataven.jpg\" class=\"attachment-full\" alt=\"\" \/><\/div>[\/vc_column][vc_column width=&#8221;1\/2&#8243;][vc_column_text]<strong>CONTACTO \/ RESERVAS<\/strong><br \/>\nEntidad \/ empresa: NATAVEN NATURALEZA Y AVENTURA<br \/>\nN\u00ba Registro Turismo: UETA0013<br \/>\nDirecci\u00f3n: Plaza de Azucarena, 5 &#8211; 31500 Tudela (Navarra)<br \/>\nTel\u00e9fono: (+34) 629 425 577<br \/>\nMail: <a href=\"mailto:info@nataven.es\">info@nataven.es<\/a> | Web: <a href=\"http:\/\/www.nataven.es\">www.nataven.es<\/a>[\/vc_column_text][\/vc_column][\/vc_row]<\/p>\n","protected":false},"excerpt":{"rendered":"<p>[vc_row][vc_column width=&#8221;1\/1&#8243;][vc_column_text] &nbsp; EXCURSI\u00d3N GUIADA EN SEGWAY POR EL DESIERTO DE LAS BARDENAS REALES DE NAVARRA Duraci\u00f3n actividad: 3 horas y media aproximadamente. PRECIO: 95\u20ac \/ persona \u00a0 PACK SEGWAY BARDENAS + HOTEL CAMINO DE LAS BARDENAS Pack Segway por el desierto, alojamiento y desayuno Excursi\u00f3n segway, alojamiento y desayuno. PRECIO: 135\u20ac \/ persona Pack Segway por el desierto + Alojamiento + Desayuno + Media pensi\u00f3n. PRECIO: 150\u20ac \/ persona [\/vc_column_text][vc_column_text] &nbsp; [\/vc_column_text][\/vc_column][\/vc_row][vc_row][vc_column width=&#8221;1\/2&#8243;][\/vc_column][vc_column width=&#8221;1\/2&#8243;][vc_column_text]CONTACTO \/ RESERVAS Entidad \/ empresa: NATAVEN NATURALEZA Y AVENTURA N\u00ba Registro Turismo: UETA0013 Direcci\u00f3n: Plaza de Azucarena, 5 &#8211; 31500 Tudela (Navarra) Tel\u00e9fono: (+34) 629 425 577 Mail: info@nataven.es | Web: www.nataven.es[\/vc_column_text][\/vc_column][\/vc_row]<\/p>\n","protected":false},"author":1,"featured_media":0,"parent":0,"menu_order":0,"comment_status":"closed","ping_status":"closed","template":"","meta":{"footnotes":""},"class_list":["post-583","page","type-page","status-publish","hentry"],"yoast_head":"<!-- This site is optimized with the Yoast SEO plugin v23.5 - https:\/\/yoast.com\/wordpress\/plugins\/seo\/ -->\n<title>Actividad en el desierto de bardenas con segway - VisitNavarra<\/title>\n<meta name=\"description\" content=\"Excursi\u00f3n guiada en segway por el desierto de las Bardenas Reales de Navarra. Tambi\u00e9n puedes disfrutar de un pack segway m\u00e1s hotel.\" \/>\n<meta name=\"robots\" content=\"index, follow, max-snippet:-1, max-image-preview:large, max-video-preview:-1\" \/>\n<link rel=\"canonical\" href=\"https:\/\/visitnavarra.info\/visitnavarra\/desierto-bardenas-segway\/\" \/>\n<meta property=\"og:locale\" content=\"es_ES\" \/>\n<meta property=\"og:type\" content=\"article\" \/>\n<meta property=\"og:title\" content=\"Actividad en el desierto de bardenas con segway - VisitNavarra\" \/>\n<meta property=\"og:description\" content=\"Excursi\u00f3n guiada en segway por el desierto de las Bardenas Reales de Navarra. Tambi\u00e9n puedes disfrutar de un pack segway m\u00e1s hotel.\" \/>\n<meta property=\"og:url\" content=\"https:\/\/visitnavarra.info\/visitnavarra\/desierto-bardenas-segway\/\" \/>\n<meta property=\"og:site_name\" content=\"VisitNavarra\" \/>\n<meta property=\"article:modified_time\" content=\"2022-08-29T08:22:55+00:00\" \/>\n<meta property=\"og:image\" content=\"https:\/\/visitnavarra.info\/visitnavarra\/wp-content\/uploads\/2022\/08\/nataven-300x135.jpg\" \/>\n<meta name=\"twitter:card\" content=\"summary_large_image\" \/>\n<meta name=\"twitter:label1\" content=\"Tiempo de lectura\" \/>\n\t<meta name=\"twitter:data1\" content=\"1 minuto\" \/>\n<script type=\"application\/ld+json\" class=\"yoast-schema-graph\">{\"@context\":\"https:\/\/schema.org\",\"@graph\":[{\"@type\":\"WebPage\",\"@id\":\"https:\/\/visitnavarra.info\/visitnavarra\/desierto-bardenas-segway\/\",\"url\":\"https:\/\/visitnavarra.info\/visitnavarra\/desierto-bardenas-segway\/\",\"name\":\"Actividad en el desierto de bardenas con segway - VisitNavarra\",\"isPartOf\":{\"@id\":\"https:\/\/visitnavarra.info\/visitnavarra\/#website\"},\"primaryImageOfPage\":{\"@id\":\"https:\/\/visitnavarra.info\/visitnavarra\/desierto-bardenas-segway\/#primaryimage\"},\"image\":{\"@id\":\"https:\/\/visitnavarra.info\/visitnavarra\/desierto-bardenas-segway\/#primaryimage\"},\"thumbnailUrl\":\"https:\/\/visitnavarra.info\/visitnavarra\/wp-content\/uploads\/2022\/08\/nataven-300x135.jpg\",\"datePublished\":\"2019-01-17T19:24:32+00:00\",\"dateModified\":\"2022-08-29T08:22:55+00:00\",\"description\":\"Excursi\u00f3n guiada en segway por el desierto de las Bardenas Reales de Navarra. Tambi\u00e9n puedes disfrutar de un pack segway m\u00e1s hotel.\",\"breadcrumb\":{\"@id\":\"https:\/\/visitnavarra.info\/visitnavarra\/desierto-bardenas-segway\/#breadcrumb\"},\"inLanguage\":\"es\",\"potentialAction\":[{\"@type\":\"ReadAction\",\"target\":[\"https:\/\/visitnavarra.info\/visitnavarra\/desierto-bardenas-segway\/\"]}]},{\"@type\":\"ImageObject\",\"inLanguage\":\"es\",\"@id\":\"https:\/\/visitnavarra.info\/visitnavarra\/desierto-bardenas-segway\/#primaryimage\",\"url\":\"https:\/\/visitnavarra.info\/visitnavarra\/wp-content\/uploads\/2022\/08\/nataven.jpg\",\"contentUrl\":\"https:\/\/visitnavarra.info\/visitnavarra\/wp-content\/uploads\/2022\/08\/nataven.jpg\",\"width\":960,\"height\":432},{\"@type\":\"BreadcrumbList\",\"@id\":\"https:\/\/visitnavarra.info\/visitnavarra\/desierto-bardenas-segway\/#breadcrumb\",\"itemListElement\":[{\"@type\":\"ListItem\",\"position\":1,\"name\":\"Portada\",\"item\":\"https:\/\/visitnavarra.info\/visitnavarra\/\"},{\"@type\":\"ListItem\",\"position\":2,\"name\":\"ACTIVIDAD EN EL DESIERTO DE BARDENAS CON SEGWAY\"}]},{\"@type\":\"WebSite\",\"@id\":\"https:\/\/visitnavarra.info\/visitnavarra\/#website\",\"url\":\"https:\/\/visitnavarra.info\/visitnavarra\/\",\"name\":\"VisitNavarra\",\"description\":\"Alojamiento y experiencias tur\u00edsticas en Navarra; qu\u00e9 visitar en Navarra; comer en Navarra\",\"potentialAction\":[{\"@type\":\"SearchAction\",\"target\":{\"@type\":\"EntryPoint\",\"urlTemplate\":\"https:\/\/visitnavarra.info\/visitnavarra\/?s={search_term_string}\"},\"query-input\":{\"@type\":\"PropertyValueSpecification\",\"valueRequired\":true,\"valueName\":\"search_term_string\"}}],\"inLanguage\":\"es\"}]}<\/script>\n<!-- \/ Yoast SEO plugin. -->","yoast_head_json":{"title":"Actividad en el desierto de bardenas con segway - VisitNavarra","description":"Excursi\u00f3n guiada en segway por el desierto de las Bardenas Reales de Navarra. Tambi\u00e9n puedes disfrutar de un pack segway m\u00e1s hotel.","robots":{"index":"index","follow":"follow","max-snippet":"max-snippet:-1","max-image-preview":"max-image-preview:large","max-video-preview":"max-video-preview:-1"},"canonical":"https:\/\/visitnavarra.info\/visitnavarra\/desierto-bardenas-segway\/","og_locale":"es_ES","og_type":"article","og_title":"Actividad en el desierto de bardenas con segway - VisitNavarra","og_description":"Excursi\u00f3n guiada en segway por el desierto de las Bardenas Reales de Navarra. Tambi\u00e9n puedes disfrutar de un pack segway m\u00e1s hotel.","og_url":"https:\/\/visitnavarra.info\/visitnavarra\/desierto-bardenas-segway\/","og_site_name":"VisitNavarra","article_modified_time":"2022-08-29T08:22:55+00:00","og_image":[{"url":"https:\/\/visitnavarra.info\/visitnavarra\/wp-content\/uploads\/2022\/08\/nataven-300x135.jpg"}],"twitter_card":"summary_large_image","twitter_misc":{"Tiempo de lectura":"1 minuto"},"schema":{"@context":"https:\/\/schema.org","@graph":[{"@type":"WebPage","@id":"https:\/\/visitnavarra.info\/visitnavarra\/desierto-bardenas-segway\/","url":"https:\/\/visitnavarra.info\/visitnavarra\/desierto-bardenas-segway\/","name":"Actividad en el desierto de bardenas con segway - VisitNavarra","isPartOf":{"@id":"https:\/\/visitnavarra.info\/visitnavarra\/#website"},"primaryImageOfPage":{"@id":"https:\/\/visitnavarra.info\/visitnavarra\/desierto-bardenas-segway\/#primaryimage"},"image":{"@id":"https:\/\/visitnavarra.info\/visitnavarra\/desierto-bardenas-segway\/#primaryimage"},"thumbnailUrl":"https:\/\/visitnavarra.info\/visitnavarra\/wp-content\/uploads\/2022\/08\/nataven-300x135.jpg","datePublished":"2019-01-17T19:24:32+00:00","dateModified":"2022-08-29T08:22:55+00:00","description":"Excursi\u00f3n guiada en segway por el desierto de las Bardenas Reales de Navarra. Tambi\u00e9n puedes disfrutar de un pack segway m\u00e1s hotel.","breadcrumb":{"@id":"https:\/\/visitnavarra.info\/visitnavarra\/desierto-bardenas-segway\/#breadcrumb"},"inLanguage":"es","potentialAction":[{"@type":"ReadAction","target":["https:\/\/visitnavarra.info\/visitnavarra\/desierto-bardenas-segway\/"]}]},{"@type":"ImageObject","inLanguage":"es","@id":"https:\/\/visitnavarra.info\/visitnavarra\/desierto-bardenas-segway\/#primaryimage","url":"https:\/\/visitnavarra.info\/visitnavarra\/wp-content\/uploads\/2022\/08\/nataven.jpg","contentUrl":"https:\/\/visitnavarra.info\/visitnavarra\/wp-content\/uploads\/2022\/08\/nataven.jpg","width":960,"height":432},{"@type":"BreadcrumbList","@id":"https:\/\/visitnavarra.info\/visitnavarra\/desierto-bardenas-segway\/#breadcrumb","itemListElement":[{"@type":"ListItem","position":1,"name":"Portada","item":"https:\/\/visitnavarra.info\/visitnavarra\/"},{"@type":"ListItem","position":2,"name":"ACTIVIDAD EN EL DESIERTO DE BARDENAS CON SEGWAY"}]},{"@type":"WebSite","@id":"https:\/\/visitnavarra.info\/visitnavarra\/#website","url":"https:\/\/visitnavarra.info\/visitnavarra\/","name":"VisitNavarra","description":"Alojamiento y experiencias tur\u00edsticas en Navarra; qu\u00e9 visitar en Navarra; comer en Navarra","potentialAction":[{"@type":"SearchAction","target":{"@type":"EntryPoint","urlTemplate":"https:\/\/visitnavarra.info\/visitnavarra\/?s={search_term_string}"},"query-input":{"@type":"PropertyValueSpecification","valueRequired":true,"valueName":"search_term_string"}}],"inLanguage":"es"}]}},"_links":{"self":[{"href":"https:\/\/visitnavarra.info\/visitnavarra\/wp-json\/wp\/v2\/pages\/583","targetHints":{"allow":["GET"]}}],"collection":[{"href":"https:\/\/visitnavarra.info\/visitnavarra\/wp-json\/wp\/v2\/pages"}],"about":[{"href":"https:\/\/visitnavarra.info\/visitnavarra\/wp-json\/wp\/v2\/types\/page"}],"author":[{"embeddable":true,"href":"https:\/\/visitnavarra.info\/visitnavarra\/wp-json\/wp\/v2\/users\/1"}],"replies":[{"embeddable":true,"href":"https:\/\/visitnavarra.info\/visitnavarra\/wp-json\/wp\/v2\/comments?post=583"}],"version-history":[{"count":10,"href":"https:\/\/visitnavarra.info\/visitnavarra\/wp-json\/wp\/v2\/pages\/583\/revisions"}],"predecessor-version":[{"id":11893,"href":"https:\/\/visitnavarra.info\/visitnavarra\/wp-json\/wp\/v2\/pages\/583\/revisions\/11893"}],"wp:attachment":[{"href":"https:\/\/visitnavarra.info\/visitnavarra\/wp-json\/wp\/v2\/media?parent=583"}],"curies":[{"name":"wp","href":"https:\/\/api.w.org\/{rel}","templated":true}]}}