{"id":588,"date":"2019-01-17T19:30:07","date_gmt":"2019-01-17T19:30:07","guid":{"rendered":"http:\/\/desarrollo.visitnavarra.info\/?page_id=588"},"modified":"2023-11-06T15:28:45","modified_gmt":"2023-11-06T15:28:45","slug":"rutas-con-buggy","status":"publish","type":"page","link":"https:\/\/visitnavarra.info\/visitnavarra\/rutas-con-buggy\/","title":{"rendered":"RUTAS CON BUGGY| Experiencias y Alojamiento"},"content":{"rendered":"<p>[vc_row][vc_column width=&#8221;1\/1&#8243;][vc_column_text]<strong>RUTA DE 2 HORAS<\/strong><\/p>\n<p><em><strong>Descubre el Alto de la Muga, antigua frontera de los reinos de<\/strong><\/em><br \/>\n<em><strong>Navarra, Castilla y Arag\u00f3n. Punto situado a m\u00e1s de 800 m. de altura<\/strong><\/em><br \/>\n<img loading=\"lazy\" decoding=\"async\" class=\"size-medium wp-image-13091 alignleft\" src=\"https:\/\/visitnavarra.info\/visitnavarra\/wp-content\/uploads\/2023\/11\/polaris-buggy-bardenas-6plazas-300x196.jpeg\" alt=\"Un grupo de personas recorren las bardenas reales en buggy, est\u00e1n parados delante de Castil de Tierra.\" width=\"300\" height=\"196\" srcset=\"https:\/\/visitnavarra.info\/visitnavarra\/wp-content\/uploads\/2023\/11\/polaris-buggy-bardenas-6plazas-300x196.jpeg 300w, https:\/\/visitnavarra.info\/visitnavarra\/wp-content\/uploads\/2023\/11\/polaris-buggy-bardenas-6plazas-1024x669.jpeg 1024w, https:\/\/visitnavarra.info\/visitnavarra\/wp-content\/uploads\/2023\/11\/polaris-buggy-bardenas-6plazas-768x501.jpeg 768w, https:\/\/visitnavarra.info\/visitnavarra\/wp-content\/uploads\/2023\/11\/polaris-buggy-bardenas-6plazas-1536x1003.jpeg 1536w, https:\/\/visitnavarra.info\/visitnavarra\/wp-content\/uploads\/2023\/11\/polaris-buggy-bardenas-6plazas-320x209.jpeg 320w, https:\/\/visitnavarra.info\/visitnavarra\/wp-content\/uploads\/2023\/11\/polaris-buggy-bardenas-6plazas-480x313.jpeg 480w, https:\/\/visitnavarra.info\/visitnavarra\/wp-content\/uploads\/2023\/11\/polaris-buggy-bardenas-6plazas-800x522.jpeg 800w, https:\/\/visitnavarra.info\/visitnavarra\/wp-content\/uploads\/2023\/11\/polaris-buggy-bardenas-6plazas.jpeg 1838w\" sizes=\"auto, (max-width: 300px) 100vw, 300px\" \/>Conducir\u00e1s un quad en una ascensi\u00f3n por Montes de Cierzo, hasta los 800m de altura, donde es frecuente avistar: conejos, zorros, corzos, buitres, cern\u00edcalos, \u00e1guilas, p\u00e9rdices.<\/p>\n<p>Divertida ruta en la que recorreremos inicialmente caminos por el f\u00e9rtil Valle del Queiles entre olivares y vi\u00f1edos, pasando despu\u00e9s a una singular ascensi\u00f3n por los perfiles suaves y ondulados de los Montes de Cierzo. Desde el Alto de la Muga disfrutaremos de unas espectaculares vistas del Valle del Queiles, desde el Moncayo hasta Tudela, el Sistema Ib\u00e9rico al sur, y los Pirineos al norte.<br \/>\n<strong><br \/>\nPRECIOS:<\/strong> Buggy 2 plazas: 150\u20ac | Buggy 6 plazas: 250\u20ac | Comisi\u00f3n: 10%<\/p>\n<p>&nbsp;<\/p>\n<p><strong>RUTA DE 5 HORAS: Bardenas Reales<\/strong><\/p>\n<p>Nuestra ruta m\u00e1s completa e impresionante, alrededor de 110km de pura emoci\u00f3n y belleza singular. Saldremos del hotel direcci\u00f3n Bardenas recorriendo los t\u00edpicos caminos de la Ribera Navarra hasta llegar a un punto algo escondido en el que podremos disfrutar de una espectacular vista panor\u00e1mica de Bardenas. Una vez en Bardenas Reales, recorreremos la Bardena Blanca, un paisaje de relieve abrupto y lleno de barrancos, planas y cabezos de originales forma debido a la erosi\u00f3n.<\/p>\n<p>Durante el camino de regreso recorreremos las orillas del Ebro hasta llegar a la sorpresa final , un peque\u00f1o paseo por centro hist\u00f3rico de Tudela \u00bfQuieres que te contemos algunas curiosidades ? Airbag, El consejero, 007 El mundo nunca es suficiente, Juego de tronos, Acci\u00f3n Mutante, Anacleto agente secreto\u2026son algunas de las pel\u00edculas rodadas en Bardenas, sin olvidar algunas marcas como Cartier, Citroen, Renault, Volcom\u2026. que han grabado sus campa\u00f1as publicitarias en este singular paisaje.<\/p>\n<p><strong>PRECIOS<\/strong><br \/>\nBuggy 2 plazas: 330\u20ac<br \/>\nBuggy 6 plazas: 550\u20ac &#8211; Comisi\u00f3n: 10%<br \/>\nComisi\u00f3n alojamiento + actividad: 20%<\/p>\n<p>&nbsp;<\/p>\n<p><strong>ALOJAMIENTO<\/strong><\/p>\n<p><strong><img loading=\"lazy\" decoding=\"async\" class=\"alignleft size-medium wp-image-592\" src=\"http:\/\/desarrollo.visitnavarra.info\/wp-content\/uploads\/2019\/01\/Activa-Experience-Quads-Aptos-300x288.jpg\" alt=\"\" width=\"300\" height=\"288\" srcset=\"https:\/\/visitnavarra.info\/visitnavarra\/wp-content\/uploads\/2019\/01\/Activa-Experience-Quads-Aptos-300x288.jpg 300w, https:\/\/visitnavarra.info\/visitnavarra\/wp-content\/uploads\/2019\/01\/Activa-Experience-Quads-Aptos-768x738.jpg 768w, https:\/\/visitnavarra.info\/visitnavarra\/wp-content\/uploads\/2019\/01\/Activa-Experience-Quads-Aptos.jpg 966w\" sizes=\"auto, (max-width: 300px) 100vw, 300px\" \/>ALOJAMIENTOS RURAL SUITE &#8211; HOTEL APARTAMENTOS<\/strong><br \/>\n<em><strong>Nuestros apartamentos<\/strong><\/em><\/p>\n<p>Disponemos de 9 suites-apartamentos de diferente capacidad repartidas en los 2 edificios de nuestra amplia finca privada.<\/p>\n<p><strong>Opciones exclusivas para grupos especiales<\/strong><br \/>\nVillas exclusivas (12) 5 personas<br \/>\nCasas adosadas (20) 7 personas<br \/>\nHotel en exclusiva (32) 12 personas<\/p>\n<p><strong>PRECIOS<\/strong><\/p>\n<ul>\n<li>Suite 2 personas: 150\u20ac \/ noche<\/li>\n<li>Suite 4 personas: 200\u20ac \/ noche<br \/>\nComisi\u00f3n: 10%<br \/>\nComisi\u00f3n alojamiento + actividad: 20%<\/li>\n<\/ul>\n<p>[\/vc_column_text][\/vc_column][\/vc_row][vc_row][vc_column width=&#8221;1\/2&#8243;]<div class=\"single_image wpb_content_element align-right    \" data-animation=\"none\" data-delay=\"0\"><img loading=\"lazy\" decoding=\"async\" width=\"483\" height=\"214\" src=\"https:\/\/visitnavarra.info\/visitnavarra\/wp-content\/uploads\/2023\/11\/logo-activa-experience-nuevo.jpg\" class=\"attachment-full\" alt=\"Logo de la Empresa Activa Experience de Turismo activo, agencia de viajes y servicios de producci\u00f3n de cine\" srcset=\"https:\/\/visitnavarra.info\/visitnavarra\/wp-content\/uploads\/2023\/11\/logo-activa-experience-nuevo.jpg 483w, https:\/\/visitnavarra.info\/visitnavarra\/wp-content\/uploads\/2023\/11\/logo-activa-experience-nuevo-300x133.jpg 300w, https:\/\/visitnavarra.info\/visitnavarra\/wp-content\/uploads\/2023\/11\/logo-activa-experience-nuevo-320x142.jpg 320w, https:\/\/visitnavarra.info\/visitnavarra\/wp-content\/uploads\/2023\/11\/logo-activa-experience-nuevo-480x213.jpg 480w\" sizes=\"auto, (max-width: 483px) 100vw, 483px\" \/><\/div>[\/vc_column][vc_column width=&#8221;1\/2&#8243;][vc_column_text]<strong>CONTACTO \/ RESERVAS<\/strong><br \/>\nEntidad \/ empresa: ACTIVA EXPERIENCE<br \/>\nN\u00ba Registro Turismo: UETAC0015<br \/>\nTel\u00e9fono: (+34) 948 850 448 | (+34) 654 500 512<br \/>\nMail: <a href=\"mailto:info@activaexperience.com\">info@activaexperience.com<\/a><br \/>\nWeb: <a href=\"http:\/\/www.bardenasrealesnavarra.com\">www.bardenasrealesnavarra.com<\/a>[\/vc_column_text][\/vc_column][\/vc_row]<\/p>\n","protected":false},"excerpt":{"rendered":"<p>[vc_row][vc_column width=&#8221;1\/1&#8243;][vc_column_text]RUTA DE 2 HORAS Descubre el Alto de la Muga, antigua frontera de los reinos de Navarra, Castilla y Arag\u00f3n. Punto situado a m\u00e1s de 800 m. de altura Conducir\u00e1s un quad en una ascensi\u00f3n por Montes de Cierzo, hasta los 800m de altura, donde es frecuente avistar: conejos, zorros, corzos, buitres, cern\u00edcalos, \u00e1guilas, p\u00e9rdices. Divertida ruta en la que recorreremos inicialmente caminos por el f\u00e9rtil Valle del Queiles entre olivares y vi\u00f1edos, pasando despu\u00e9s a una singular ascensi\u00f3n por los perfiles suaves y ondulados de los Montes de Cierzo. Desde el Alto de la Muga disfrutaremos de unas espectaculares vistas del Valle del Queiles, desde el Moncayo hasta Tudela, el Sistema Ib\u00e9rico al sur, y los Pirineos al norte. PRECIOS: Buggy 2 plazas: 150\u20ac | Buggy 6 plazas: 250\u20ac | Comisi\u00f3n: 10% &nbsp; RUTA DE 5 HORAS: Bardenas Reales Nuestra ruta m\u00e1s completa e impresionante, alrededor de 110km de pura emoci\u00f3n y belleza singular. Saldremos del hotel direcci\u00f3n Bardenas recorriendo los t\u00edpicos caminos de la Ribera Navarra hasta llegar a un punto algo escondido en el que podremos disfrutar de una espectacular vista panor\u00e1mica de Bardenas. Una vez en Bardenas Reales, recorreremos la Bardena Blanca, un paisaje de [&hellip;]<\/p>\n","protected":false},"author":1,"featured_media":0,"parent":0,"menu_order":0,"comment_status":"closed","ping_status":"closed","template":"","meta":{"footnotes":""},"class_list":["post-588","page","type-page","status-publish","hentry"],"yoast_head":"<!-- This site is optimized with the Yoast SEO plugin v23.5 - https:\/\/yoast.com\/wordpress\/plugins\/seo\/ -->\n<title>RUTAS CON BUGGY| Experiencias y Alojamiento - VisitNavarra<\/title>\n<meta name=\"description\" content=\"Rutas con buggy: experiencia y alojamiento. Descubre el alto de la Muga, las Bardenas Reales de Navarra y alojate en Rural Suite Hotel-Apartamento.\" \/>\n<meta name=\"robots\" content=\"index, follow, max-snippet:-1, max-image-preview:large, max-video-preview:-1\" \/>\n<link rel=\"canonical\" href=\"https:\/\/visitnavarra.info\/visitnavarra\/rutas-con-buggy\/\" \/>\n<meta property=\"og:locale\" content=\"es_ES\" \/>\n<meta property=\"og:type\" content=\"article\" \/>\n<meta property=\"og:title\" content=\"RUTAS CON BUGGY| Experiencias y Alojamiento - VisitNavarra\" \/>\n<meta property=\"og:description\" content=\"Rutas con buggy: experiencia y alojamiento. Descubre el alto de la Muga, las Bardenas Reales de Navarra y alojate en Rural Suite Hotel-Apartamento.\" \/>\n<meta property=\"og:url\" content=\"https:\/\/visitnavarra.info\/visitnavarra\/rutas-con-buggy\/\" \/>\n<meta property=\"og:site_name\" content=\"VisitNavarra\" \/>\n<meta property=\"article:modified_time\" content=\"2023-11-06T15:28:45+00:00\" \/>\n<meta property=\"og:image\" content=\"https:\/\/visitnavarra.info\/visitnavarra\/wp-content\/uploads\/2023\/11\/polaris-buggy-bardenas-6plazas-300x196.jpeg\" \/>\n<meta name=\"twitter:card\" content=\"summary_large_image\" \/>\n<meta name=\"twitter:label1\" content=\"Tiempo de lectura\" \/>\n\t<meta name=\"twitter:data1\" content=\"3 minutos\" \/>\n<script type=\"application\/ld+json\" class=\"yoast-schema-graph\">{\"@context\":\"https:\/\/schema.org\",\"@graph\":[{\"@type\":\"WebPage\",\"@id\":\"https:\/\/visitnavarra.info\/visitnavarra\/rutas-con-buggy\/\",\"url\":\"https:\/\/visitnavarra.info\/visitnavarra\/rutas-con-buggy\/\",\"name\":\"RUTAS CON BUGGY| Experiencias y Alojamiento - VisitNavarra\",\"isPartOf\":{\"@id\":\"https:\/\/visitnavarra.info\/visitnavarra\/#website\"},\"primaryImageOfPage\":{\"@id\":\"https:\/\/visitnavarra.info\/visitnavarra\/rutas-con-buggy\/#primaryimage\"},\"image\":{\"@id\":\"https:\/\/visitnavarra.info\/visitnavarra\/rutas-con-buggy\/#primaryimage\"},\"thumbnailUrl\":\"https:\/\/visitnavarra.info\/visitnavarra\/wp-content\/uploads\/2023\/11\/polaris-buggy-bardenas-6plazas-300x196.jpeg\",\"datePublished\":\"2019-01-17T19:30:07+00:00\",\"dateModified\":\"2023-11-06T15:28:45+00:00\",\"description\":\"Rutas con buggy: experiencia y alojamiento. Descubre el alto de la Muga, las Bardenas Reales de Navarra y alojate en Rural Suite Hotel-Apartamento.\",\"breadcrumb\":{\"@id\":\"https:\/\/visitnavarra.info\/visitnavarra\/rutas-con-buggy\/#breadcrumb\"},\"inLanguage\":\"es\",\"potentialAction\":[{\"@type\":\"ReadAction\",\"target\":[\"https:\/\/visitnavarra.info\/visitnavarra\/rutas-con-buggy\/\"]}]},{\"@type\":\"ImageObject\",\"inLanguage\":\"es\",\"@id\":\"https:\/\/visitnavarra.info\/visitnavarra\/rutas-con-buggy\/#primaryimage\",\"url\":\"https:\/\/visitnavarra.info\/visitnavarra\/wp-content\/uploads\/2023\/11\/polaris-buggy-bardenas-6plazas.jpeg\",\"contentUrl\":\"https:\/\/visitnavarra.info\/visitnavarra\/wp-content\/uploads\/2023\/11\/polaris-buggy-bardenas-6plazas.jpeg\",\"width\":1838,\"height\":1200,\"caption\":\"Un grupo de personas recorren las bardenas reales en buggy, est\u00e1n parados delante de Castil de Tierra.\"},{\"@type\":\"BreadcrumbList\",\"@id\":\"https:\/\/visitnavarra.info\/visitnavarra\/rutas-con-buggy\/#breadcrumb\",\"itemListElement\":[{\"@type\":\"ListItem\",\"position\":1,\"name\":\"Portada\",\"item\":\"https:\/\/visitnavarra.info\/visitnavarra\/\"},{\"@type\":\"ListItem\",\"position\":2,\"name\":\"RUTAS CON BUGGY| Experiencias y Alojamiento\"}]},{\"@type\":\"WebSite\",\"@id\":\"https:\/\/visitnavarra.info\/visitnavarra\/#website\",\"url\":\"https:\/\/visitnavarra.info\/visitnavarra\/\",\"name\":\"VisitNavarra\",\"description\":\"Alojamiento y experiencias tur\u00edsticas en Navarra; qu\u00e9 visitar en Navarra; comer en Navarra\",\"potentialAction\":[{\"@type\":\"SearchAction\",\"target\":{\"@type\":\"EntryPoint\",\"urlTemplate\":\"https:\/\/visitnavarra.info\/visitnavarra\/?s={search_term_string}\"},\"query-input\":{\"@type\":\"PropertyValueSpecification\",\"valueRequired\":true,\"valueName\":\"search_term_string\"}}],\"inLanguage\":\"es\"}]}<\/script>\n<!-- \/ Yoast SEO plugin. -->","yoast_head_json":{"title":"RUTAS CON BUGGY| Experiencias y Alojamiento - VisitNavarra","description":"Rutas con buggy: experiencia y alojamiento. Descubre el alto de la Muga, las Bardenas Reales de Navarra y alojate en Rural Suite Hotel-Apartamento.","robots":{"index":"index","follow":"follow","max-snippet":"max-snippet:-1","max-image-preview":"max-image-preview:large","max-video-preview":"max-video-preview:-1"},"canonical":"https:\/\/visitnavarra.info\/visitnavarra\/rutas-con-buggy\/","og_locale":"es_ES","og_type":"article","og_title":"RUTAS CON BUGGY| Experiencias y Alojamiento - VisitNavarra","og_description":"Rutas con buggy: experiencia y alojamiento. Descubre el alto de la Muga, las Bardenas Reales de Navarra y alojate en Rural Suite Hotel-Apartamento.","og_url":"https:\/\/visitnavarra.info\/visitnavarra\/rutas-con-buggy\/","og_site_name":"VisitNavarra","article_modified_time":"2023-11-06T15:28:45+00:00","og_image":[{"url":"https:\/\/visitnavarra.info\/visitnavarra\/wp-content\/uploads\/2023\/11\/polaris-buggy-bardenas-6plazas-300x196.jpeg"}],"twitter_card":"summary_large_image","twitter_misc":{"Tiempo de lectura":"3 minutos"},"schema":{"@context":"https:\/\/schema.org","@graph":[{"@type":"WebPage","@id":"https:\/\/visitnavarra.info\/visitnavarra\/rutas-con-buggy\/","url":"https:\/\/visitnavarra.info\/visitnavarra\/rutas-con-buggy\/","name":"RUTAS CON BUGGY| Experiencias y Alojamiento - VisitNavarra","isPartOf":{"@id":"https:\/\/visitnavarra.info\/visitnavarra\/#website"},"primaryImageOfPage":{"@id":"https:\/\/visitnavarra.info\/visitnavarra\/rutas-con-buggy\/#primaryimage"},"image":{"@id":"https:\/\/visitnavarra.info\/visitnavarra\/rutas-con-buggy\/#primaryimage"},"thumbnailUrl":"https:\/\/visitnavarra.info\/visitnavarra\/wp-content\/uploads\/2023\/11\/polaris-buggy-bardenas-6plazas-300x196.jpeg","datePublished":"2019-01-17T19:30:07+00:00","dateModified":"2023-11-06T15:28:45+00:00","description":"Rutas con buggy: experiencia y alojamiento. Descubre el alto de la Muga, las Bardenas Reales de Navarra y alojate en Rural Suite Hotel-Apartamento.","breadcrumb":{"@id":"https:\/\/visitnavarra.info\/visitnavarra\/rutas-con-buggy\/#breadcrumb"},"inLanguage":"es","potentialAction":[{"@type":"ReadAction","target":["https:\/\/visitnavarra.info\/visitnavarra\/rutas-con-buggy\/"]}]},{"@type":"ImageObject","inLanguage":"es","@id":"https:\/\/visitnavarra.info\/visitnavarra\/rutas-con-buggy\/#primaryimage","url":"https:\/\/visitnavarra.info\/visitnavarra\/wp-content\/uploads\/2023\/11\/polaris-buggy-bardenas-6plazas.jpeg","contentUrl":"https:\/\/visitnavarra.info\/visitnavarra\/wp-content\/uploads\/2023\/11\/polaris-buggy-bardenas-6plazas.jpeg","width":1838,"height":1200,"caption":"Un grupo de personas recorren las bardenas reales en buggy, est\u00e1n parados delante de Castil de Tierra."},{"@type":"BreadcrumbList","@id":"https:\/\/visitnavarra.info\/visitnavarra\/rutas-con-buggy\/#breadcrumb","itemListElement":[{"@type":"ListItem","position":1,"name":"Portada","item":"https:\/\/visitnavarra.info\/visitnavarra\/"},{"@type":"ListItem","position":2,"name":"RUTAS CON BUGGY| Experiencias y Alojamiento"}]},{"@type":"WebSite","@id":"https:\/\/visitnavarra.info\/visitnavarra\/#website","url":"https:\/\/visitnavarra.info\/visitnavarra\/","name":"VisitNavarra","description":"Alojamiento y experiencias tur\u00edsticas en Navarra; qu\u00e9 visitar en Navarra; comer en Navarra","potentialAction":[{"@type":"SearchAction","target":{"@type":"EntryPoint","urlTemplate":"https:\/\/visitnavarra.info\/visitnavarra\/?s={search_term_string}"},"query-input":{"@type":"PropertyValueSpecification","valueRequired":true,"valueName":"search_term_string"}}],"inLanguage":"es"}]}},"_links":{"self":[{"href":"https:\/\/visitnavarra.info\/visitnavarra\/wp-json\/wp\/v2\/pages\/588","targetHints":{"allow":["GET"]}}],"collection":[{"href":"https:\/\/visitnavarra.info\/visitnavarra\/wp-json\/wp\/v2\/pages"}],"about":[{"href":"https:\/\/visitnavarra.info\/visitnavarra\/wp-json\/wp\/v2\/types\/page"}],"author":[{"embeddable":true,"href":"https:\/\/visitnavarra.info\/visitnavarra\/wp-json\/wp\/v2\/users\/1"}],"replies":[{"embeddable":true,"href":"https:\/\/visitnavarra.info\/visitnavarra\/wp-json\/wp\/v2\/comments?post=588"}],"version-history":[{"count":7,"href":"https:\/\/visitnavarra.info\/visitnavarra\/wp-json\/wp\/v2\/pages\/588\/revisions"}],"predecessor-version":[{"id":13095,"href":"https:\/\/visitnavarra.info\/visitnavarra\/wp-json\/wp\/v2\/pages\/588\/revisions\/13095"}],"wp:attachment":[{"href":"https:\/\/visitnavarra.info\/visitnavarra\/wp-json\/wp\/v2\/media?parent=588"}],"curies":[{"name":"wp","href":"https:\/\/api.w.org\/{rel}","templated":true}]}}