{"id":596,"date":"2019-01-17T19:32:47","date_gmt":"2019-01-17T19:32:47","guid":{"rendered":"http:\/\/desarrollo.visitnavarra.info\/?page_id=596"},"modified":"2019-05-08T10:01:18","modified_gmt":"2019-05-08T10:01:18","slug":"motorutas-por-navarra","status":"publish","type":"page","link":"https:\/\/visitnavarra.info\/visitnavarra\/motorutas-por-navarra\/","title":{"rendered":"MOTORUTAS POR NAVARRA"},"content":{"rendered":"<p>[vc_row][vc_column width=&#8221;1\/1&#8243;][vc_column_text]<strong>\u00bfPOR QU\u00c9 NAVARRA ES DESTINO IDEAL PARA LOS AMANTES DEL MOTOR?<\/strong><\/p>\n<p><img loading=\"lazy\" decoding=\"async\" class=\"alignleft size-full wp-image-1492\" src=\"https:\/\/visitnavarra.info\/visitnavarra\/wp-content\/uploads\/2019\/02\/navarider-motor.jpg\" alt=\"\" width=\"250\" height=\"250\" srcset=\"https:\/\/visitnavarra.info\/visitnavarra\/wp-content\/uploads\/2019\/02\/navarider-motor.jpg 250w, https:\/\/visitnavarra.info\/visitnavarra\/wp-content\/uploads\/2019\/02\/navarider-motor-150x150.jpg 150w, https:\/\/visitnavarra.info\/visitnavarra\/wp-content\/uploads\/2019\/02\/navarider-motor-80x80.jpg 80w\" sizes=\"auto, (max-width: 250px) 100vw, 250px\" \/>Porque Navarra tiene 2001 kil\u00f3metros de carreteras hechas para el disfrute de la conducci\u00f3n a trav\u00e9s de parajes diversos y de extraordinaria belleza.<\/p>\n<p>Porque existe una amplia oferta de restaurantes, bares y alojamientos por toda Navarra con el mejor servicio y hospitalidad; la mejor gastronom\u00eda basada en los productos de la tierra.<\/p>\n<p>Porque Navarra es tierra de diversidad paisaj\u00edstica. En pocos kil\u00f3metros se pasa de los Pirineos a los valles cant\u00e1bricos, de los paisajes mediterr\u00e1neos con vides y olivos al bosque del Irati, del desierto de Bardenas Reales a los prados de los valles. Todo en 10.500 km2.<\/p>\n<p>Porque Navarra es la historia de un Reyno y la puerta de entrada del Camino de Santiago en Espa\u00f1a. Porque Navarra tiene la fiesta m\u00e1s universal: los Sanfermines de Pamplona.<\/p>\n<p>Y porque dispone del mejor circuito del norte de Espa\u00f1a: El Circuito de Navarra (Los Arcos).<\/p>\n<p><strong><em>NAVARIDER, la experiencia del motor en Navarra<\/em><\/strong><br \/>\n<em>2.101 Kil\u00f3metros de rutas para descargar adrenalina<\/em><br \/>\n<a href=\"http:\/\/www.navarider.com\"><em>www.navarider.com<\/em><\/a><\/p>\n<p>[\/vc_column_text][\/vc_column][\/vc_row][vc_row][vc_column width=&#8221;1\/2&#8243;]<div class=\"single_image wpb_content_element align-right    \" data-animation=\"none\" data-delay=\"0\"><img loading=\"lazy\" decoding=\"async\" width=\"200\" height=\"214\" src=\"https:\/\/visitnavarra.info\/visitnavarra\/wp-content\/uploads\/2019\/01\/logo-navarider.jpg\" class=\"attachment-full\" alt=\"\" \/><\/div>[\/vc_column][vc_column width=&#8221;1\/2&#8243;][vc_column_text]<strong>CONTACTO \/ RESERVAS<\/strong><br \/>\nEntidad \/ empresa: NAVARIDER<br \/>\nDirecci\u00f3n: c\/ Pedro I, n\u00ba 1, 1\u00ba &#8211; 31007 Pamplona (Navarra)<br \/>\nTel\u00e9fono: (+34) 948 268 412<br \/>\nMail: <a href=\"mailto:info@motorutas.com\">info@motorutas.com<\/a><br \/>\nWeb: <a href=\"http:\/\/www.navarider.com\">www.navarider.com<\/a>[\/vc_column_text][\/vc_column][\/vc_row]<\/p>\n","protected":false},"excerpt":{"rendered":"<p>[vc_row][vc_column width=&#8221;1\/1&#8243;][vc_column_text]\u00bfPOR QU\u00c9 NAVARRA ES DESTINO IDEAL PARA LOS AMANTES DEL MOTOR? Porque Navarra tiene 2001 kil\u00f3metros de carreteras hechas para el disfrute de la conducci\u00f3n a trav\u00e9s de parajes diversos y de extraordinaria belleza. Porque existe una amplia oferta de restaurantes, bares y alojamientos por toda Navarra con el mejor servicio y hospitalidad; la mejor gastronom\u00eda basada en los productos de la tierra. Porque Navarra es tierra de diversidad paisaj\u00edstica. En pocos kil\u00f3metros se pasa de los Pirineos a los valles cant\u00e1bricos, de los paisajes mediterr\u00e1neos con vides y olivos al bosque del Irati, del desierto de Bardenas Reales a los prados de los valles. Todo en 10.500 km2. Porque Navarra es la historia de un Reyno y la puerta de entrada del Camino de Santiago en Espa\u00f1a. Porque Navarra tiene la fiesta m\u00e1s universal: los Sanfermines de Pamplona. Y porque dispone del mejor circuito del norte de Espa\u00f1a: El Circuito de Navarra (Los Arcos). NAVARIDER, la experiencia del motor en Navarra 2.101 Kil\u00f3metros de rutas para descargar adrenalina www.navarider.com [\/vc_column_text][\/vc_column][\/vc_row][vc_row][vc_column width=&#8221;1\/2&#8243;][\/vc_column][vc_column width=&#8221;1\/2&#8243;][vc_column_text]CONTACTO \/ RESERVAS Entidad \/ empresa: NAVARIDER Direcci\u00f3n: c\/ Pedro I, n\u00ba 1, 1\u00ba &#8211; 31007 Pamplona (Navarra) Tel\u00e9fono: (+34) 948 268 412 Mail: info@motorutas.com Web: www.navarider.com[\/vc_column_text][\/vc_column][\/vc_row]<\/p>\n","protected":false},"author":1,"featured_media":0,"parent":0,"menu_order":0,"comment_status":"closed","ping_status":"closed","template":"","meta":{"footnotes":""},"class_list":["post-596","page","type-page","status-publish","hentry"],"yoast_head":"<!-- This site is optimized with the Yoast SEO plugin v23.5 - https:\/\/yoast.com\/wordpress\/plugins\/seo\/ -->\n<title>MOTORUTAS POR NAVARRA - VisitNavarra<\/title>\n<meta name=\"description\" content=\"Navarra es destino ideal para los amantes del motor, por que Navarra tiene 2001 kil\u00f3metros de carreteras hechas para el disfrute de la conducci\u00f3n.\" \/>\n<meta name=\"robots\" content=\"index, follow, max-snippet:-1, max-image-preview:large, max-video-preview:-1\" \/>\n<link rel=\"canonical\" href=\"https:\/\/visitnavarra.info\/visitnavarra\/motorutas-por-navarra\/\" \/>\n<meta property=\"og:locale\" content=\"es_ES\" \/>\n<meta property=\"og:type\" content=\"article\" \/>\n<meta property=\"og:title\" content=\"MOTORUTAS POR NAVARRA - VisitNavarra\" \/>\n<meta property=\"og:description\" content=\"Navarra es destino ideal para los amantes del motor, por que Navarra tiene 2001 kil\u00f3metros de carreteras hechas para el disfrute de la conducci\u00f3n.\" \/>\n<meta property=\"og:url\" content=\"https:\/\/visitnavarra.info\/visitnavarra\/motorutas-por-navarra\/\" \/>\n<meta property=\"og:site_name\" content=\"VisitNavarra\" \/>\n<meta property=\"article:modified_time\" content=\"2019-05-08T10:01:18+00:00\" \/>\n<meta property=\"og:image\" content=\"https:\/\/visitnavarra.info\/visitnavarra\/wp-content\/uploads\/2019\/02\/navarider-motor.jpg\" \/>\n<meta name=\"twitter:card\" content=\"summary_large_image\" \/>\n<meta name=\"twitter:label1\" content=\"Tiempo de lectura\" \/>\n\t<meta name=\"twitter:data1\" content=\"1 minuto\" \/>\n<script type=\"application\/ld+json\" class=\"yoast-schema-graph\">{\"@context\":\"https:\/\/schema.org\",\"@graph\":[{\"@type\":\"WebPage\",\"@id\":\"https:\/\/visitnavarra.info\/visitnavarra\/motorutas-por-navarra\/\",\"url\":\"https:\/\/visitnavarra.info\/visitnavarra\/motorutas-por-navarra\/\",\"name\":\"MOTORUTAS POR NAVARRA - VisitNavarra\",\"isPartOf\":{\"@id\":\"https:\/\/visitnavarra.info\/visitnavarra\/#website\"},\"primaryImageOfPage\":{\"@id\":\"https:\/\/visitnavarra.info\/visitnavarra\/motorutas-por-navarra\/#primaryimage\"},\"image\":{\"@id\":\"https:\/\/visitnavarra.info\/visitnavarra\/motorutas-por-navarra\/#primaryimage\"},\"thumbnailUrl\":\"https:\/\/visitnavarra.info\/visitnavarra\/wp-content\/uploads\/2019\/02\/navarider-motor.jpg\",\"datePublished\":\"2019-01-17T19:32:47+00:00\",\"dateModified\":\"2019-05-08T10:01:18+00:00\",\"description\":\"Navarra es destino ideal para los amantes del motor, por que Navarra tiene 2001 kil\u00f3metros de carreteras hechas para el disfrute de la conducci\u00f3n.\",\"breadcrumb\":{\"@id\":\"https:\/\/visitnavarra.info\/visitnavarra\/motorutas-por-navarra\/#breadcrumb\"},\"inLanguage\":\"es\",\"potentialAction\":[{\"@type\":\"ReadAction\",\"target\":[\"https:\/\/visitnavarra.info\/visitnavarra\/motorutas-por-navarra\/\"]}]},{\"@type\":\"ImageObject\",\"inLanguage\":\"es\",\"@id\":\"https:\/\/visitnavarra.info\/visitnavarra\/motorutas-por-navarra\/#primaryimage\",\"url\":\"https:\/\/visitnavarra.info\/visitnavarra\/wp-content\/uploads\/2019\/02\/navarider-motor.jpg\",\"contentUrl\":\"https:\/\/visitnavarra.info\/visitnavarra\/wp-content\/uploads\/2019\/02\/navarider-motor.jpg\"},{\"@type\":\"BreadcrumbList\",\"@id\":\"https:\/\/visitnavarra.info\/visitnavarra\/motorutas-por-navarra\/#breadcrumb\",\"itemListElement\":[{\"@type\":\"ListItem\",\"position\":1,\"name\":\"Portada\",\"item\":\"https:\/\/visitnavarra.info\/visitnavarra\/\"},{\"@type\":\"ListItem\",\"position\":2,\"name\":\"MOTORUTAS POR NAVARRA\"}]},{\"@type\":\"WebSite\",\"@id\":\"https:\/\/visitnavarra.info\/visitnavarra\/#website\",\"url\":\"https:\/\/visitnavarra.info\/visitnavarra\/\",\"name\":\"VisitNavarra\",\"description\":\"Alojamiento y experiencias tur\u00edsticas en Navarra; qu\u00e9 visitar en Navarra; comer en Navarra\",\"potentialAction\":[{\"@type\":\"SearchAction\",\"target\":{\"@type\":\"EntryPoint\",\"urlTemplate\":\"https:\/\/visitnavarra.info\/visitnavarra\/?s={search_term_string}\"},\"query-input\":{\"@type\":\"PropertyValueSpecification\",\"valueRequired\":true,\"valueName\":\"search_term_string\"}}],\"inLanguage\":\"es\"}]}<\/script>\n<!-- \/ Yoast SEO plugin. -->","yoast_head_json":{"title":"MOTORUTAS POR NAVARRA - VisitNavarra","description":"Navarra es destino ideal para los amantes del motor, por que Navarra tiene 2001 kil\u00f3metros de carreteras hechas para el disfrute de la conducci\u00f3n.","robots":{"index":"index","follow":"follow","max-snippet":"max-snippet:-1","max-image-preview":"max-image-preview:large","max-video-preview":"max-video-preview:-1"},"canonical":"https:\/\/visitnavarra.info\/visitnavarra\/motorutas-por-navarra\/","og_locale":"es_ES","og_type":"article","og_title":"MOTORUTAS POR NAVARRA - VisitNavarra","og_description":"Navarra es destino ideal para los amantes del motor, por que Navarra tiene 2001 kil\u00f3metros de carreteras hechas para el disfrute de la conducci\u00f3n.","og_url":"https:\/\/visitnavarra.info\/visitnavarra\/motorutas-por-navarra\/","og_site_name":"VisitNavarra","article_modified_time":"2019-05-08T10:01:18+00:00","og_image":[{"url":"https:\/\/visitnavarra.info\/visitnavarra\/wp-content\/uploads\/2019\/02\/navarider-motor.jpg"}],"twitter_card":"summary_large_image","twitter_misc":{"Tiempo de lectura":"1 minuto"},"schema":{"@context":"https:\/\/schema.org","@graph":[{"@type":"WebPage","@id":"https:\/\/visitnavarra.info\/visitnavarra\/motorutas-por-navarra\/","url":"https:\/\/visitnavarra.info\/visitnavarra\/motorutas-por-navarra\/","name":"MOTORUTAS POR NAVARRA - VisitNavarra","isPartOf":{"@id":"https:\/\/visitnavarra.info\/visitnavarra\/#website"},"primaryImageOfPage":{"@id":"https:\/\/visitnavarra.info\/visitnavarra\/motorutas-por-navarra\/#primaryimage"},"image":{"@id":"https:\/\/visitnavarra.info\/visitnavarra\/motorutas-por-navarra\/#primaryimage"},"thumbnailUrl":"https:\/\/visitnavarra.info\/visitnavarra\/wp-content\/uploads\/2019\/02\/navarider-motor.jpg","datePublished":"2019-01-17T19:32:47+00:00","dateModified":"2019-05-08T10:01:18+00:00","description":"Navarra es destino ideal para los amantes del motor, por que Navarra tiene 2001 kil\u00f3metros de carreteras hechas para el disfrute de la conducci\u00f3n.","breadcrumb":{"@id":"https:\/\/visitnavarra.info\/visitnavarra\/motorutas-por-navarra\/#breadcrumb"},"inLanguage":"es","potentialAction":[{"@type":"ReadAction","target":["https:\/\/visitnavarra.info\/visitnavarra\/motorutas-por-navarra\/"]}]},{"@type":"ImageObject","inLanguage":"es","@id":"https:\/\/visitnavarra.info\/visitnavarra\/motorutas-por-navarra\/#primaryimage","url":"https:\/\/visitnavarra.info\/visitnavarra\/wp-content\/uploads\/2019\/02\/navarider-motor.jpg","contentUrl":"https:\/\/visitnavarra.info\/visitnavarra\/wp-content\/uploads\/2019\/02\/navarider-motor.jpg"},{"@type":"BreadcrumbList","@id":"https:\/\/visitnavarra.info\/visitnavarra\/motorutas-por-navarra\/#breadcrumb","itemListElement":[{"@type":"ListItem","position":1,"name":"Portada","item":"https:\/\/visitnavarra.info\/visitnavarra\/"},{"@type":"ListItem","position":2,"name":"MOTORUTAS POR NAVARRA"}]},{"@type":"WebSite","@id":"https:\/\/visitnavarra.info\/visitnavarra\/#website","url":"https:\/\/visitnavarra.info\/visitnavarra\/","name":"VisitNavarra","description":"Alojamiento y experiencias tur\u00edsticas en Navarra; qu\u00e9 visitar en Navarra; comer en Navarra","potentialAction":[{"@type":"SearchAction","target":{"@type":"EntryPoint","urlTemplate":"https:\/\/visitnavarra.info\/visitnavarra\/?s={search_term_string}"},"query-input":{"@type":"PropertyValueSpecification","valueRequired":true,"valueName":"search_term_string"}}],"inLanguage":"es"}]}},"_links":{"self":[{"href":"https:\/\/visitnavarra.info\/visitnavarra\/wp-json\/wp\/v2\/pages\/596","targetHints":{"allow":["GET"]}}],"collection":[{"href":"https:\/\/visitnavarra.info\/visitnavarra\/wp-json\/wp\/v2\/pages"}],"about":[{"href":"https:\/\/visitnavarra.info\/visitnavarra\/wp-json\/wp\/v2\/types\/page"}],"author":[{"embeddable":true,"href":"https:\/\/visitnavarra.info\/visitnavarra\/wp-json\/wp\/v2\/users\/1"}],"replies":[{"embeddable":true,"href":"https:\/\/visitnavarra.info\/visitnavarra\/wp-json\/wp\/v2\/comments?post=596"}],"version-history":[{"count":4,"href":"https:\/\/visitnavarra.info\/visitnavarra\/wp-json\/wp\/v2\/pages\/596\/revisions"}],"predecessor-version":[{"id":3066,"href":"https:\/\/visitnavarra.info\/visitnavarra\/wp-json\/wp\/v2\/pages\/596\/revisions\/3066"}],"wp:attachment":[{"href":"https:\/\/visitnavarra.info\/visitnavarra\/wp-json\/wp\/v2\/media?parent=596"}],"curies":[{"name":"wp","href":"https:\/\/api.w.org\/{rel}","templated":true}]}}