{"id":6577,"date":"2020-09-03T11:16:42","date_gmt":"2020-09-03T11:16:42","guid":{"rendered":"https:\/\/visitnavarra.info\/visitnavarra\/?page_id=6577"},"modified":"2021-01-18T15:29:11","modified_gmt":"2021-01-18T15:29:11","slug":"natural","status":"publish","type":"page","link":"https:\/\/visitnavarra.info\/visitnavarra\/natural\/","title":{"rendered":"Natural"},"content":{"rendered":"<p>[vc_row][vc_column width=&#8221;1\/1&#8243;]<div class=\"single_image wpb_content_element align-center    \" data-animation=\"none\" data-delay=\"0\"><img loading=\"lazy\" decoding=\"async\" width=\"1024\" height=\"575\" src=\"https:\/\/visitnavarra.info\/visitnavarra\/wp-content\/uploads\/2021\/01\/Cueva_de_Urdax_Urdazubi_Navarra-1024x575-1.jpg\" class=\"attachment-full\" alt=\"\" srcset=\"https:\/\/visitnavarra.info\/visitnavarra\/wp-content\/uploads\/2021\/01\/Cueva_de_Urdax_Urdazubi_Navarra-1024x575-1.jpg 1024w, https:\/\/visitnavarra.info\/visitnavarra\/wp-content\/uploads\/2021\/01\/Cueva_de_Urdax_Urdazubi_Navarra-1024x575-1-300x168.jpg 300w, https:\/\/visitnavarra.info\/visitnavarra\/wp-content\/uploads\/2021\/01\/Cueva_de_Urdax_Urdazubi_Navarra-1024x575-1-768x431.jpg 768w, https:\/\/visitnavarra.info\/visitnavarra\/wp-content\/uploads\/2021\/01\/Cueva_de_Urdax_Urdazubi_Navarra-1024x575-1-1000x563.jpg 1000w\" sizes=\"auto, (max-width: 1024px) 100vw, 1024px\" \/><span class=\"single_image_caption\">Fotograf\u00eda cedida por Gobierno de Navarra<\/span><\/div>[\/vc_column][\/vc_row][vc_row][vc_column width=&#8221;1\/1&#8243;]<div class=\"divider-title align-center\" ><\/div>[\/vc_column][\/vc_row][vc_row][vc_column width=&#8221;1\/3&#8243;][vc_column_text]<\/p>\n<div class=\"cajaContenido\">\n<h3 style=\"text-align: left;\">Pamplona<\/h3>\n<ul>\n<li style=\"text-align: left;\">1.- <a href=\"https:\/\/visitnavarra.info\/visitnavarra\/rutas-naturales\/#ruta-la-ciudadela\">La Ciudadela<\/a><\/li>\n<li style=\"text-align: left;\">2.- <a href=\"https:\/\/visitnavarra.info\/visitnavarra\/rutas-naturales\/#ruta-arga\">Parque Fluvial del Arga<\/a><\/li>\n<li style=\"text-align: left;\">3.- <a href=\"https:\/\/visitnavarra.info\/visitnavarra\/rutas-naturales\/#ruta-media-luna\">Parque de la Media Luna<\/a><\/li>\n<li style=\"text-align: left;\">4.- <a href=\"https:\/\/visitnavarra.info\/visitnavarra\/rutas-naturales\/#ruta-taconera\">Jardines de la Taconera<\/a><\/li>\n<li style=\"text-align: left;\">5.- <a href=\"https:\/\/visitnavarra.info\/visitnavarra\/rutas-naturales\/#ruta-yamaguchi\">Parque Yamaguchi<\/a><\/li>\n<\/ul>\n<\/div>\n<div class=\"cajaContenido\"><\/div>\n<p>[\/vc_column_text][\/vc_column][vc_column width=&#8221;1\/3&#8243;][vc_column_text]<\/p>\n<h3>Otras localidades de Navarra<\/h3>\n<ul>\n<li>6.- <a href=\"https:\/\/visitnavarra.info\/visitnavarra\/rutas-naturales\/#ruta-orgi\">Bosque de Orgi<\/a><\/li>\n<li><a href=\"https:\/\/visitnavarra.info\/visitnavarra\/rutas-naturales\/#ruta-ikaburu\">7.- Cuevas de Ikaburu <\/a><\/li>\n<li><a href=\"https:\/\/visitnavarra.info\/visitnavarra\/rutas-naturales\/#ruta-zugarramurdi\">8.- Cuevas de Zugarramurdi<\/a><\/li>\n<li><a href=\"https:\/\/visitnavarra.info\/visitnavarra\/rutas-naturales\/#ruta-alloz\">9.- Embalse de Alloz<\/a><\/li>\n<li><a href=\"https:\/\/visitnavarra.info\/visitnavarra\/rutas-naturales\/#ruta-arbayun\">10.- Foz de Arbay\u00fan<\/a><\/li>\n<li><a href=\"https:\/\/visitnavarra.info\/visitnavarra\/rutas-naturales\/#ruta-lumbier\">11.- Foz de Lumbier <\/a><\/li>\n<li><a href=\"https:\/\/visitnavarra.info\/visitnavarra\/rutas-naturales\/#ruta-bardenas\">12.- Parque Natural de las Bardenas Reales <\/a><\/li>\n<li><a href=\"https:\/\/visitnavarra.info\/visitnavarra\/rutas-naturales\/#ruta-urbasa\">13.- Parque Natural de Urbasa-And\u00eda<\/a><\/li>\n<li><a href=\"https:\/\/visitnavarra.info\/visitnavarra\/rutas-naturales\/#ruta-bertiz\">14.- Parque Natural del Se\u00f1or\u00edo de Bertiz<\/a><\/li>\n<\/ul>\n<p>[\/vc_column_text][\/vc_column][vc_column width=&#8221;1\/3&#8243;][vc_column_text]<\/p>\n<h3>Otras localidades de Navarra<\/h3>\n<ul>\n<li><a href=\"https:\/\/visitnavarra.info\/visitnavarra\/rutas-naturales\/#ruta-malerreka\">15.- Regata del Bidasoa y Malerreka<\/a><\/li>\n<li><a href=\"https:\/\/visitnavarra.info\/visitnavarra\/rutas-naturales\/#ruta-irati\">16.- Selva de Irati<\/a><\/li>\n<li><a href=\"https:\/\/visitnavarra.info\/visitnavarra\/rutas-naturales\/#ruta-aralar\">17.- Sierra de Aralar<\/a><\/li>\n<li><a href=\"https:\/\/visitnavarra.info\/visitnavarra\/rutas-naturales\/#ruta-belagua\">18.- Valle de Belagua<\/a><\/li>\n<li><a href=\"https:\/\/visitnavarra.info\/visitnavarra\/rutas-naturales\/#ruta-ultzama\">19.- Valle de Ultzama<\/a><\/li>\n<li><a href=\"https:\/\/visitnavarra.info\/visitnavarra\/rutas-naturales\/#ruta-roncal\">20.- Valle de Roncal<\/a><\/li>\n<li><a href=\"https:\/\/visitnavarra.info\/visitnavarra\/rutas-naturales\/#ruta-salazar\">21.- Valle de Salazar <\/a><\/li>\n<li><a href=\"https:\/\/visitnavarra.info\/visitnavarra\/rutas-naturales\/#ruta-baztan\">22.- Valle del Bazt\u00e1n <\/a><\/li>\n<li><a href=\"https:\/\/visitnavarra.info\/visitnavarra\/rutas-naturales\/#ruta-plazaola\">23.- V\u00eda Verde del Plazaola<\/a><\/li>\n<li><a href=\"https:\/\/visitnavarra.info\/visitnavarra\/rutas-naturales\/#ruta-tarazonica\">24.- V\u00eda Verde del Tarazonica<\/a><\/li>\n<\/ul>\n<p>[\/vc_column_text][\/vc_column][\/vc_row]<\/p>\n","protected":false},"excerpt":{"rendered":"<p>[vc_row][vc_column width=&#8221;1\/1&#8243;][\/vc_column][\/vc_row][vc_row][vc_column width=&#8221;1\/1&#8243;][\/vc_column][\/vc_row][vc_row][vc_column width=&#8221;1\/3&#8243;][vc_column_text] Pamplona 1.- La Ciudadela 2.- Parque Fluvial del Arga 3.- Parque de la Media Luna 4.- Jardines de la Taconera 5.- Parque Yamaguchi [\/vc_column_text][\/vc_column][vc_column width=&#8221;1\/3&#8243;][vc_column_text] Otras localidades de Navarra 6.- Bosque de Orgi 7.- Cuevas de Ikaburu 8.- Cuevas de Zugarramurdi 9.- Embalse de Alloz 10.- Foz de Arbay\u00fan 11.- Foz de Lumbier 12.- Parque Natural de las Bardenas Reales 13.- Parque Natural de Urbasa-And\u00eda 14.- Parque Natural del Se\u00f1or\u00edo de Bertiz [\/vc_column_text][\/vc_column][vc_column width=&#8221;1\/3&#8243;][vc_column_text] Otras localidades de Navarra 15.- Regata del Bidasoa y Malerreka 16.- Selva de Irati 17.- Sierra de Aralar 18.- Valle de Belagua 19.- Valle de Ultzama 20.- Valle de Roncal 21.- Valle de Salazar 22.- Valle del Bazt\u00e1n 23.- V\u00eda Verde del Plazaola 24.- V\u00eda Verde del Tarazonica [\/vc_column_text][\/vc_column][\/vc_row]<\/p>\n","protected":false},"author":1,"featured_media":0,"parent":0,"menu_order":0,"comment_status":"closed","ping_status":"closed","template":"","meta":{"footnotes":""},"class_list":["post-6577","page","type-page","status-publish","hentry"],"yoast_head":"<!-- This site is optimized with the Yoast SEO plugin v23.5 - https:\/\/yoast.com\/wordpress\/plugins\/seo\/ -->\n<title>Rutas de naturaleza en Navarra Natural - VisitNavarra<\/title>\n<meta name=\"description\" content=\"Conoce las rutas naturales de Pamplona y Navarra, Ciudadela, Bosque de Orgi, Selva de Irati, Foz de Lumbier, etc.\" \/>\n<meta name=\"robots\" content=\"index, follow, max-snippet:-1, max-image-preview:large, max-video-preview:-1\" \/>\n<link rel=\"canonical\" href=\"https:\/\/visitnavarra.info\/visitnavarra\/natural\/\" \/>\n<meta property=\"og:locale\" content=\"es_ES\" \/>\n<meta property=\"og:type\" content=\"article\" \/>\n<meta property=\"og:title\" content=\"Rutas de naturaleza en Navarra Natural - VisitNavarra\" \/>\n<meta property=\"og:description\" content=\"Conoce las rutas naturales de Pamplona y Navarra, Ciudadela, Bosque de Orgi, Selva de Irati, Foz de Lumbier, etc.\" \/>\n<meta property=\"og:url\" content=\"https:\/\/visitnavarra.info\/visitnavarra\/natural\/\" \/>\n<meta property=\"og:site_name\" content=\"VisitNavarra\" \/>\n<meta property=\"article:modified_time\" content=\"2021-01-18T15:29:11+00:00\" \/>\n<meta name=\"twitter:card\" content=\"summary_large_image\" \/>\n<meta name=\"twitter:label1\" content=\"Tiempo de lectura\" \/>\n\t<meta name=\"twitter:data1\" content=\"1 minuto\" \/>\n<script type=\"application\/ld+json\" class=\"yoast-schema-graph\">{\"@context\":\"https:\/\/schema.org\",\"@graph\":[{\"@type\":\"WebPage\",\"@id\":\"https:\/\/visitnavarra.info\/visitnavarra\/natural\/\",\"url\":\"https:\/\/visitnavarra.info\/visitnavarra\/natural\/\",\"name\":\"Rutas de naturaleza en Navarra Natural - VisitNavarra\",\"isPartOf\":{\"@id\":\"https:\/\/visitnavarra.info\/visitnavarra\/#website\"},\"datePublished\":\"2020-09-03T11:16:42+00:00\",\"dateModified\":\"2021-01-18T15:29:11+00:00\",\"description\":\"Conoce las rutas naturales de Pamplona y Navarra, Ciudadela, Bosque de Orgi, Selva de Irati, Foz de Lumbier, etc.\",\"breadcrumb\":{\"@id\":\"https:\/\/visitnavarra.info\/visitnavarra\/natural\/#breadcrumb\"},\"inLanguage\":\"es\",\"potentialAction\":[{\"@type\":\"ReadAction\",\"target\":[\"https:\/\/visitnavarra.info\/visitnavarra\/natural\/\"]}]},{\"@type\":\"BreadcrumbList\",\"@id\":\"https:\/\/visitnavarra.info\/visitnavarra\/natural\/#breadcrumb\",\"itemListElement\":[{\"@type\":\"ListItem\",\"position\":1,\"name\":\"Portada\",\"item\":\"https:\/\/visitnavarra.info\/visitnavarra\/\"},{\"@type\":\"ListItem\",\"position\":2,\"name\":\"Natural\"}]},{\"@type\":\"WebSite\",\"@id\":\"https:\/\/visitnavarra.info\/visitnavarra\/#website\",\"url\":\"https:\/\/visitnavarra.info\/visitnavarra\/\",\"name\":\"VisitNavarra\",\"description\":\"Alojamiento y experiencias tur\u00edsticas en Navarra; qu\u00e9 visitar en Navarra; comer en Navarra\",\"potentialAction\":[{\"@type\":\"SearchAction\",\"target\":{\"@type\":\"EntryPoint\",\"urlTemplate\":\"https:\/\/visitnavarra.info\/visitnavarra\/?s={search_term_string}\"},\"query-input\":{\"@type\":\"PropertyValueSpecification\",\"valueRequired\":true,\"valueName\":\"search_term_string\"}}],\"inLanguage\":\"es\"}]}<\/script>\n<!-- \/ Yoast SEO plugin. -->","yoast_head_json":{"title":"Rutas de naturaleza en Navarra Natural - VisitNavarra","description":"Conoce las rutas naturales de Pamplona y Navarra, Ciudadela, Bosque de Orgi, Selva de Irati, Foz de Lumbier, etc.","robots":{"index":"index","follow":"follow","max-snippet":"max-snippet:-1","max-image-preview":"max-image-preview:large","max-video-preview":"max-video-preview:-1"},"canonical":"https:\/\/visitnavarra.info\/visitnavarra\/natural\/","og_locale":"es_ES","og_type":"article","og_title":"Rutas de naturaleza en Navarra Natural - VisitNavarra","og_description":"Conoce las rutas naturales de Pamplona y Navarra, Ciudadela, Bosque de Orgi, Selva de Irati, Foz de Lumbier, etc.","og_url":"https:\/\/visitnavarra.info\/visitnavarra\/natural\/","og_site_name":"VisitNavarra","article_modified_time":"2021-01-18T15:29:11+00:00","twitter_card":"summary_large_image","twitter_misc":{"Tiempo de lectura":"1 minuto"},"schema":{"@context":"https:\/\/schema.org","@graph":[{"@type":"WebPage","@id":"https:\/\/visitnavarra.info\/visitnavarra\/natural\/","url":"https:\/\/visitnavarra.info\/visitnavarra\/natural\/","name":"Rutas de naturaleza en Navarra Natural - VisitNavarra","isPartOf":{"@id":"https:\/\/visitnavarra.info\/visitnavarra\/#website"},"datePublished":"2020-09-03T11:16:42+00:00","dateModified":"2021-01-18T15:29:11+00:00","description":"Conoce las rutas naturales de Pamplona y Navarra, Ciudadela, Bosque de Orgi, Selva de Irati, Foz de Lumbier, etc.","breadcrumb":{"@id":"https:\/\/visitnavarra.info\/visitnavarra\/natural\/#breadcrumb"},"inLanguage":"es","potentialAction":[{"@type":"ReadAction","target":["https:\/\/visitnavarra.info\/visitnavarra\/natural\/"]}]},{"@type":"BreadcrumbList","@id":"https:\/\/visitnavarra.info\/visitnavarra\/natural\/#breadcrumb","itemListElement":[{"@type":"ListItem","position":1,"name":"Portada","item":"https:\/\/visitnavarra.info\/visitnavarra\/"},{"@type":"ListItem","position":2,"name":"Natural"}]},{"@type":"WebSite","@id":"https:\/\/visitnavarra.info\/visitnavarra\/#website","url":"https:\/\/visitnavarra.info\/visitnavarra\/","name":"VisitNavarra","description":"Alojamiento y experiencias tur\u00edsticas en Navarra; qu\u00e9 visitar en Navarra; comer en Navarra","potentialAction":[{"@type":"SearchAction","target":{"@type":"EntryPoint","urlTemplate":"https:\/\/visitnavarra.info\/visitnavarra\/?s={search_term_string}"},"query-input":{"@type":"PropertyValueSpecification","valueRequired":true,"valueName":"search_term_string"}}],"inLanguage":"es"}]}},"_links":{"self":[{"href":"https:\/\/visitnavarra.info\/visitnavarra\/wp-json\/wp\/v2\/pages\/6577","targetHints":{"allow":["GET"]}}],"collection":[{"href":"https:\/\/visitnavarra.info\/visitnavarra\/wp-json\/wp\/v2\/pages"}],"about":[{"href":"https:\/\/visitnavarra.info\/visitnavarra\/wp-json\/wp\/v2\/types\/page"}],"author":[{"embeddable":true,"href":"https:\/\/visitnavarra.info\/visitnavarra\/wp-json\/wp\/v2\/users\/1"}],"replies":[{"embeddable":true,"href":"https:\/\/visitnavarra.info\/visitnavarra\/wp-json\/wp\/v2\/comments?post=6577"}],"version-history":[{"count":14,"href":"https:\/\/visitnavarra.info\/visitnavarra\/wp-json\/wp\/v2\/pages\/6577\/revisions"}],"predecessor-version":[{"id":8508,"href":"https:\/\/visitnavarra.info\/visitnavarra\/wp-json\/wp\/v2\/pages\/6577\/revisions\/8508"}],"wp:attachment":[{"href":"https:\/\/visitnavarra.info\/visitnavarra\/wp-json\/wp\/v2\/media?parent=6577"}],"curies":[{"name":"wp","href":"https:\/\/api.w.org\/{rel}","templated":true}]}}