{"id":658,"date":"2019-01-18T10:41:12","date_gmt":"2019-01-18T10:41:12","guid":{"rendered":"http:\/\/desarrollo.visitnavarra.info\/?page_id=658"},"modified":"2020-01-03T11:21:13","modified_gmt":"2020-01-03T11:21:13","slug":"excursiones-bardenas","status":"publish","type":"page","link":"https:\/\/visitnavarra.info\/visitnavarra\/excursiones-bardenas\/","title":{"rendered":"EXCURSIONES GUIADAS POR LAS BARDENAS REALES"},"content":{"rendered":"<p>[vc_row][vc_column width=&#8221;1\/1&#8243;][vc_column_text]<strong>LAS BARDENAS REALES &#8211; VISITA GUIADA<\/strong><\/p>\n<p><img loading=\"lazy\" decoding=\"async\" class=\"alignleft size-full wp-image-1566\" src=\"https:\/\/visitnavarra.info\/visitnavarra\/wp-content\/uploads\/2019\/02\/hagoos-circuitos.jpg\" alt=\"\" width=\"250\" height=\"250\" srcset=\"https:\/\/visitnavarra.info\/visitnavarra\/wp-content\/uploads\/2019\/02\/hagoos-circuitos.jpg 250w, https:\/\/visitnavarra.info\/visitnavarra\/wp-content\/uploads\/2019\/02\/hagoos-circuitos-150x150.jpg 150w, https:\/\/visitnavarra.info\/visitnavarra\/wp-content\/uploads\/2019\/02\/hagoos-circuitos-80x80.jpg 80w\" sizes=\"auto, (max-width: 250px) 100vw, 250px\" \/>Las Bardenas Reales, una de las zonas m\u00e1s singulares y desconocidas de Navarra, es probablemente una de las m\u00e1s claras demostraciones de poder de la naturaleza. Las sucesivas erosiones han configurado un paisaje sorprendente y des\u00e9rtico.<\/p>\n<p>Disfrutaremos de una ruta guiada en bici, en buggy o 4&#215;4. Combinaremos la conducci\u00f3n de veh\u00edculos todo terreno con paisajes espectaculares.<\/p>\n<p>Para reponer fuerzas nos acercaremos al restaurante Trinquete deTudela, conocido por su platos de verdura de temporada elaborados con productos de su propia huerta.<\/p>\n<p>Como broche final a esta jornada, visitaremos la almazara Hacienda Queiles, uno de los seis trujales pertenecientes a la Denominaci\u00f3n de Origen Protegida &#8220;Aceite de Navarra&#8221;, que producen un aceite ecol\u00f3gico que degustaremos en una cata comentada.<\/p>\n<p><strong><img loading=\"lazy\" decoding=\"async\" class=\"size-medium wp-image-659 aligncenter\" src=\"http:\/\/desarrollo.visitnavarra.info\/wp-content\/uploads\/2019\/01\/Hagoos-Experiencia-Desierto-Bardenas-300x110.jpg\" alt=\"\" width=\"300\" height=\"110\" srcset=\"https:\/\/visitnavarra.info\/visitnavarra\/wp-content\/uploads\/2019\/01\/Hagoos-Experiencia-Desierto-Bardenas-300x110.jpg 300w, https:\/\/visitnavarra.info\/visitnavarra\/wp-content\/uploads\/2019\/01\/Hagoos-Experiencia-Desierto-Bardenas-768x281.jpg 768w, https:\/\/visitnavarra.info\/visitnavarra\/wp-content\/uploads\/2019\/01\/Hagoos-Experiencia-Desierto-Bardenas-1024x375.jpg 1024w\" sizes=\"auto, (max-width: 300px) 100vw, 300px\" \/><\/strong><\/p>\n<p>[\/vc_column_text][\/vc_column][\/vc_row][vc_row][vc_column width=&#8221;1\/2&#8243;]<div class=\"single_image wpb_content_element align-right    \" data-animation=\"none\" data-delay=\"0\"><img loading=\"lazy\" decoding=\"async\" width=\"200\" height=\"214\" src=\"https:\/\/visitnavarra.info\/visitnavarra\/wp-content\/uploads\/2019\/01\/hagoos.jpg\" class=\"attachment-full\" alt=\"\" \/><\/div>[\/vc_column][vc_column width=&#8221;1\/2&#8243;][vc_column_text]<strong>CONTACTO \/ RESERVAS<\/strong><br \/>\nEntidad \/ empresa: HAGOOS DMC &amp; CONSULTOR\u00cdA TUR\u00cdSTICA<br \/>\nN\u00ba Registro Turismo: C.I.E 2282<br \/>\nDirecci\u00f3n: c\/ And\u00eda n\u00ba 2, Piso 2\u00ba, Of 2 &#8211; 20004 San Sebasti\u00e1n (Guip\u00fazcoa)<br \/>\nTel\u00e9fono: (+34) 943 226 466 | (+34) 625 014 604<br \/>\nMail: <a href=\"mailto:info@hagoos.com\">info@hagoos.com<\/a><br \/>\nWeb: <a href=\"http:\/\/www.hagoos.com\">www.hagoos.com<\/a><\/p>\n<p>[\/vc_column_text][\/vc_column][\/vc_row]<\/p>\n","protected":false},"excerpt":{"rendered":"<p>[vc_row][vc_column width=&#8221;1\/1&#8243;][vc_column_text]LAS BARDENAS REALES &#8211; VISITA GUIADA Las Bardenas Reales, una de las zonas m\u00e1s singulares y desconocidas de Navarra, es probablemente una de las m\u00e1s claras demostraciones de poder de la naturaleza. Las sucesivas erosiones han configurado un paisaje sorprendente y des\u00e9rtico. Disfrutaremos de una ruta guiada en bici, en buggy o 4&#215;4. Combinaremos la conducci\u00f3n de veh\u00edculos todo terreno con paisajes espectaculares. Para reponer fuerzas nos acercaremos al restaurante Trinquete deTudela, conocido por su platos de verdura de temporada elaborados con productos de su propia huerta. Como broche final a esta jornada, visitaremos la almazara Hacienda Queiles, uno de los seis trujales pertenecientes a la Denominaci\u00f3n de Origen Protegida &#8220;Aceite de Navarra&#8221;, que producen un aceite ecol\u00f3gico que degustaremos en una cata comentada. [\/vc_column_text][\/vc_column][\/vc_row][vc_row][vc_column width=&#8221;1\/2&#8243;][\/vc_column][vc_column width=&#8221;1\/2&#8243;][vc_column_text]CONTACTO \/ RESERVAS Entidad \/ empresa: HAGOOS DMC &amp; CONSULTOR\u00cdA TUR\u00cdSTICA N\u00ba Registro Turismo: C.I.E 2282 Direcci\u00f3n: c\/ And\u00eda n\u00ba 2, Piso 2\u00ba, Of 2 &#8211; 20004 San Sebasti\u00e1n (Guip\u00fazcoa) Tel\u00e9fono: (+34) 943 226 466 | (+34) 625 014 604 Mail: info@hagoos.com Web: www.hagoos.com [\/vc_column_text][\/vc_column][\/vc_row]<\/p>\n","protected":false},"author":1,"featured_media":0,"parent":0,"menu_order":0,"comment_status":"closed","ping_status":"closed","template":"","meta":{"footnotes":""},"class_list":["post-658","page","type-page","status-publish","hentry"],"yoast_head":"<!-- This site is optimized with the Yoast SEO plugin v23.5 - https:\/\/yoast.com\/wordpress\/plugins\/seo\/ -->\n<title>EXCURSIONES GUIADAS POR LAS BARDENAS REALES - VisitNavarra<\/title>\n<meta name=\"description\" content=\"Las Bardenas Reales, es una de las zonas m\u00e1s singulares y desconocidas de Navarra, es probablemente una de las m\u00e1s claras demostraciones de la naturaleza.\" \/>\n<meta name=\"robots\" content=\"index, follow, max-snippet:-1, max-image-preview:large, max-video-preview:-1\" \/>\n<link rel=\"canonical\" href=\"https:\/\/visitnavarra.info\/visitnavarra\/excursiones-bardenas\/\" \/>\n<meta property=\"og:locale\" content=\"es_ES\" \/>\n<meta property=\"og:type\" content=\"article\" \/>\n<meta property=\"og:title\" content=\"EXCURSIONES GUIADAS POR LAS BARDENAS REALES - VisitNavarra\" \/>\n<meta property=\"og:description\" content=\"Las Bardenas Reales, es una de las zonas m\u00e1s singulares y desconocidas de Navarra, es probablemente una de las m\u00e1s claras demostraciones de la naturaleza.\" \/>\n<meta property=\"og:url\" content=\"https:\/\/visitnavarra.info\/visitnavarra\/excursiones-bardenas\/\" \/>\n<meta property=\"og:site_name\" content=\"VisitNavarra\" \/>\n<meta property=\"article:modified_time\" content=\"2020-01-03T11:21:13+00:00\" \/>\n<meta property=\"og:image\" content=\"https:\/\/visitnavarra.info\/visitnavarra\/wp-content\/uploads\/2019\/02\/hagoos-circuitos.jpg\" \/>\n<meta name=\"twitter:card\" content=\"summary_large_image\" \/>\n<meta name=\"twitter:label1\" content=\"Tiempo de lectura\" \/>\n\t<meta name=\"twitter:data1\" content=\"1 minuto\" \/>\n<script type=\"application\/ld+json\" class=\"yoast-schema-graph\">{\"@context\":\"https:\/\/schema.org\",\"@graph\":[{\"@type\":\"WebPage\",\"@id\":\"https:\/\/visitnavarra.info\/visitnavarra\/excursiones-bardenas\/\",\"url\":\"https:\/\/visitnavarra.info\/visitnavarra\/excursiones-bardenas\/\",\"name\":\"EXCURSIONES GUIADAS POR LAS BARDENAS REALES - VisitNavarra\",\"isPartOf\":{\"@id\":\"https:\/\/visitnavarra.info\/visitnavarra\/#website\"},\"primaryImageOfPage\":{\"@id\":\"https:\/\/visitnavarra.info\/visitnavarra\/excursiones-bardenas\/#primaryimage\"},\"image\":{\"@id\":\"https:\/\/visitnavarra.info\/visitnavarra\/excursiones-bardenas\/#primaryimage\"},\"thumbnailUrl\":\"https:\/\/visitnavarra.info\/visitnavarra\/wp-content\/uploads\/2019\/02\/hagoos-circuitos.jpg\",\"datePublished\":\"2019-01-18T10:41:12+00:00\",\"dateModified\":\"2020-01-03T11:21:13+00:00\",\"description\":\"Las Bardenas Reales, es una de las zonas m\u00e1s singulares y desconocidas de Navarra, es probablemente una de las m\u00e1s claras demostraciones de la naturaleza.\",\"breadcrumb\":{\"@id\":\"https:\/\/visitnavarra.info\/visitnavarra\/excursiones-bardenas\/#breadcrumb\"},\"inLanguage\":\"es\",\"potentialAction\":[{\"@type\":\"ReadAction\",\"target\":[\"https:\/\/visitnavarra.info\/visitnavarra\/excursiones-bardenas\/\"]}]},{\"@type\":\"ImageObject\",\"inLanguage\":\"es\",\"@id\":\"https:\/\/visitnavarra.info\/visitnavarra\/excursiones-bardenas\/#primaryimage\",\"url\":\"https:\/\/visitnavarra.info\/visitnavarra\/wp-content\/uploads\/2019\/02\/hagoos-circuitos.jpg\",\"contentUrl\":\"https:\/\/visitnavarra.info\/visitnavarra\/wp-content\/uploads\/2019\/02\/hagoos-circuitos.jpg\"},{\"@type\":\"BreadcrumbList\",\"@id\":\"https:\/\/visitnavarra.info\/visitnavarra\/excursiones-bardenas\/#breadcrumb\",\"itemListElement\":[{\"@type\":\"ListItem\",\"position\":1,\"name\":\"Portada\",\"item\":\"https:\/\/visitnavarra.info\/visitnavarra\/\"},{\"@type\":\"ListItem\",\"position\":2,\"name\":\"EXCURSIONES GUIADAS POR LAS BARDENAS REALES\"}]},{\"@type\":\"WebSite\",\"@id\":\"https:\/\/visitnavarra.info\/visitnavarra\/#website\",\"url\":\"https:\/\/visitnavarra.info\/visitnavarra\/\",\"name\":\"VisitNavarra\",\"description\":\"Alojamiento y experiencias tur\u00edsticas en Navarra; qu\u00e9 visitar en Navarra; comer en Navarra\",\"potentialAction\":[{\"@type\":\"SearchAction\",\"target\":{\"@type\":\"EntryPoint\",\"urlTemplate\":\"https:\/\/visitnavarra.info\/visitnavarra\/?s={search_term_string}\"},\"query-input\":{\"@type\":\"PropertyValueSpecification\",\"valueRequired\":true,\"valueName\":\"search_term_string\"}}],\"inLanguage\":\"es\"}]}<\/script>\n<!-- \/ Yoast SEO plugin. -->","yoast_head_json":{"title":"EXCURSIONES GUIADAS POR LAS BARDENAS REALES - VisitNavarra","description":"Las Bardenas Reales, es una de las zonas m\u00e1s singulares y desconocidas de Navarra, es probablemente una de las m\u00e1s claras demostraciones de la naturaleza.","robots":{"index":"index","follow":"follow","max-snippet":"max-snippet:-1","max-image-preview":"max-image-preview:large","max-video-preview":"max-video-preview:-1"},"canonical":"https:\/\/visitnavarra.info\/visitnavarra\/excursiones-bardenas\/","og_locale":"es_ES","og_type":"article","og_title":"EXCURSIONES GUIADAS POR LAS BARDENAS REALES - VisitNavarra","og_description":"Las Bardenas Reales, es una de las zonas m\u00e1s singulares y desconocidas de Navarra, es probablemente una de las m\u00e1s claras demostraciones de la naturaleza.","og_url":"https:\/\/visitnavarra.info\/visitnavarra\/excursiones-bardenas\/","og_site_name":"VisitNavarra","article_modified_time":"2020-01-03T11:21:13+00:00","og_image":[{"url":"https:\/\/visitnavarra.info\/visitnavarra\/wp-content\/uploads\/2019\/02\/hagoos-circuitos.jpg"}],"twitter_card":"summary_large_image","twitter_misc":{"Tiempo de lectura":"1 minuto"},"schema":{"@context":"https:\/\/schema.org","@graph":[{"@type":"WebPage","@id":"https:\/\/visitnavarra.info\/visitnavarra\/excursiones-bardenas\/","url":"https:\/\/visitnavarra.info\/visitnavarra\/excursiones-bardenas\/","name":"EXCURSIONES GUIADAS POR LAS BARDENAS REALES - VisitNavarra","isPartOf":{"@id":"https:\/\/visitnavarra.info\/visitnavarra\/#website"},"primaryImageOfPage":{"@id":"https:\/\/visitnavarra.info\/visitnavarra\/excursiones-bardenas\/#primaryimage"},"image":{"@id":"https:\/\/visitnavarra.info\/visitnavarra\/excursiones-bardenas\/#primaryimage"},"thumbnailUrl":"https:\/\/visitnavarra.info\/visitnavarra\/wp-content\/uploads\/2019\/02\/hagoos-circuitos.jpg","datePublished":"2019-01-18T10:41:12+00:00","dateModified":"2020-01-03T11:21:13+00:00","description":"Las Bardenas Reales, es una de las zonas m\u00e1s singulares y desconocidas de Navarra, es probablemente una de las m\u00e1s claras demostraciones de la naturaleza.","breadcrumb":{"@id":"https:\/\/visitnavarra.info\/visitnavarra\/excursiones-bardenas\/#breadcrumb"},"inLanguage":"es","potentialAction":[{"@type":"ReadAction","target":["https:\/\/visitnavarra.info\/visitnavarra\/excursiones-bardenas\/"]}]},{"@type":"ImageObject","inLanguage":"es","@id":"https:\/\/visitnavarra.info\/visitnavarra\/excursiones-bardenas\/#primaryimage","url":"https:\/\/visitnavarra.info\/visitnavarra\/wp-content\/uploads\/2019\/02\/hagoos-circuitos.jpg","contentUrl":"https:\/\/visitnavarra.info\/visitnavarra\/wp-content\/uploads\/2019\/02\/hagoos-circuitos.jpg"},{"@type":"BreadcrumbList","@id":"https:\/\/visitnavarra.info\/visitnavarra\/excursiones-bardenas\/#breadcrumb","itemListElement":[{"@type":"ListItem","position":1,"name":"Portada","item":"https:\/\/visitnavarra.info\/visitnavarra\/"},{"@type":"ListItem","position":2,"name":"EXCURSIONES GUIADAS POR LAS BARDENAS REALES"}]},{"@type":"WebSite","@id":"https:\/\/visitnavarra.info\/visitnavarra\/#website","url":"https:\/\/visitnavarra.info\/visitnavarra\/","name":"VisitNavarra","description":"Alojamiento y experiencias tur\u00edsticas en Navarra; qu\u00e9 visitar en Navarra; comer en Navarra","potentialAction":[{"@type":"SearchAction","target":{"@type":"EntryPoint","urlTemplate":"https:\/\/visitnavarra.info\/visitnavarra\/?s={search_term_string}"},"query-input":{"@type":"PropertyValueSpecification","valueRequired":true,"valueName":"search_term_string"}}],"inLanguage":"es"}]}},"_links":{"self":[{"href":"https:\/\/visitnavarra.info\/visitnavarra\/wp-json\/wp\/v2\/pages\/658","targetHints":{"allow":["GET"]}}],"collection":[{"href":"https:\/\/visitnavarra.info\/visitnavarra\/wp-json\/wp\/v2\/pages"}],"about":[{"href":"https:\/\/visitnavarra.info\/visitnavarra\/wp-json\/wp\/v2\/types\/page"}],"author":[{"embeddable":true,"href":"https:\/\/visitnavarra.info\/visitnavarra\/wp-json\/wp\/v2\/users\/1"}],"replies":[{"embeddable":true,"href":"https:\/\/visitnavarra.info\/visitnavarra\/wp-json\/wp\/v2\/comments?post=658"}],"version-history":[{"count":6,"href":"https:\/\/visitnavarra.info\/visitnavarra\/wp-json\/wp\/v2\/pages\/658\/revisions"}],"predecessor-version":[{"id":5757,"href":"https:\/\/visitnavarra.info\/visitnavarra\/wp-json\/wp\/v2\/pages\/658\/revisions\/5757"}],"wp:attachment":[{"href":"https:\/\/visitnavarra.info\/visitnavarra\/wp-json\/wp\/v2\/media?parent=658"}],"curies":[{"name":"wp","href":"https:\/\/api.w.org\/{rel}","templated":true}]}}