{"id":6594,"date":"2020-09-03T12:20:14","date_gmt":"2020-09-03T12:20:14","guid":{"rendered":"https:\/\/visitnavarra.info\/visitnavarra\/?page_id=6594"},"modified":"2020-11-13T13:10:22","modified_gmt":"2020-11-13T13:10:22","slug":"ruta-extramuros","status":"publish","type":"page","link":"https:\/\/visitnavarra.info\/visitnavarra\/ruta-extramuros\/","title":{"rendered":"Ruta Extramuros"},"content":{"rendered":"<div class=\"cajaContenido\">\n<h3>PAMPLONA CONTEMPOR\u00c1NEA: RUTA EXTRAMUROS<\/h3>\n<\/div>\n<div class=\"cajaContenido\">\n<h3>SIGLOS XIX Y XX<\/h3>\n<p>Tras unas arduas negociaciones con el ej\u00e9rcito, el Ayuntamiento de Pamplona consigui\u00f3 en 1888 autorizaci\u00f3n para realizar el primer ensanche de la ciudad, todav\u00eda dentro del recinto amurallado de Pamplona, pero en terrenos controlados por los militares. Esta ampliaci\u00f3n de la zona edificable oblig\u00f3 a derribar los baluartes de San Ant\u00f3n y la Victoria, y el rebell\u00edn de Santa Teresa. Un paseo por la calle Padre Moret y las calles adyacentes permiten ver la arquitectura de fines del XIX que se desarroll\u00f3 en ese momento. En la calle General Chinchilla n\u00famero 10 se localiza el Gobierno Militar (1), construido en 1915 para servir de vivienda a los oficiales. El n\u00famero 7 de la misma calle (2), que actualmente alberga a la Mancomunidad de Aguas, fue obra del arquitecto \u00c1ngel Goicoechea, que realiz\u00f3 una decoraci\u00f3n geom\u00e9trica en ladrillo de estilo neomud\u00e9jar. En la calle Navas de Tolosa n\u00famero 7 se encuentra la C\u00e1mara de Comercio, obra de Florencio Ansoleaga (3). El estilo modernista est\u00e1 representado por dos edificios realizados por el arquitecto Manuel Mart\u00ednez Ubago, el n\u00famero 6 de la calle General Chinchilla (4),donde hoy se encuentra la delegaci\u00f3n de Hacienda, y el n\u00famero 7 de la calle Jos\u00e9 Alonso (5). El primero de los edificios citados tiene un portal decorado con una fluida decoraci\u00f3n de yeser\u00edas de motivos vegetales.<\/p>\n<p><strong>Jos\u00e9 Alonso n\u00ba 7.<\/strong><\/p>\n<p>Donde antiguamente se levantaba el baluarte de San Ant\u00f3n, actualmente se encuentra el auditorio de Pamplona, conocido como &#8220;El Baluarte&#8221; (6). Esta moderna edificaci\u00f3n es obra de los arquitectos Francisco Mangado, Alfonso Alzugaray y Juan Miguel Otxorena.<\/p>\n<p>El paseo Sarasate (7) se define como tal en el siglo XIX, cuando se incorpora al trazado urbano con la construcci\u00f3n de diferentes edificios, a lo cual contribuy\u00f3 la aprobaci\u00f3n del primer ensanche de Pamplona. En \u00e9l se encuentran una serie de estatuas, procedentes del Palacio Real de Madrid, que representan a monarcas navarros. Adem\u00e1s en 1929 se coloc\u00f3 en el paseo una gran farola de hierro que se traslad\u00f3 con posterioridad a la plaza del V\u00ednculo, donde hoy todav\u00eda se puede contemplar (8). En 1903 se instal\u00f3 en el paseo la estatua de los Fueros, costeada mediante suscripci\u00f3n popular, obra del arquitecto Manuel Mart\u00ednez Ubago. En uno de sus extremos se encuentra el Parlamento de Navarra (9), obra del arquitecto Juli\u00e1n Arteaga. El edificio est\u00e1 rematado por las figuras recostadas que representan la Ley y la Justicia, ya que este edificio se construy\u00f3 como Palacio de Justicia. El Banco de Espa\u00f1a (10), que tambi\u00e9n abre su fachada al paseo, se levant\u00f3 en 1925.<\/p>\n<p>&nbsp;<\/p>\n<p><strong>Palacio de Navarra<\/strong><\/p>\n<p>Frente al Parlamento se encuentra el Palacio de Navarra (11), sede de la Diputaci\u00f3n. La fachada del paseo Sarasate es obra del arquitecto Jos\u00e9 de Nagusia, y la labor escult\u00f3rica, que se debe a Fructuoso Ordu\u00f1a, representa en las hornacinas del piso noble a Sancho el Mayor y Sancho el Fuerte, y en el remate del front\u00f3n al hombre de la ribera y al de la monta\u00f1a sosteniendo las armas de Navarra. Poco despu\u00e9s de la construcci\u00f3n del Palacio de Navarra, Florencio Ansoleaga levant\u00f3 a su lado en 1896 el Archivo General de Navarra, en cuya fachada aparecen representados en diferentes tondos bustos de personajes ilustres de la historia de Navarra. En su agradable jard\u00edn se encuentra una de las tres sequoyas de Pamplona tra\u00edda desde Am\u00e9rica.<\/p>\n<p>En 1928 Pamplona dej\u00f3 de considerarse &#8220;plaza fuerte&#8221;, por lo que pudo obtener permiso para crecer extramuros, derribando parte de las mismas, y construyendo lo que se conoce como segundo ensanche. El plan urban\u00edstico se debe a Serapio Esparza, que proyect\u00f3 un trazado en damero de calles que se cortaban por una diagonal, como en Barcelona, que en el caso de Pamplona corresponde a la calle Baja Navarra (12). Al abrirse este segundo ensanche de la ciudad, se levant\u00f3 la fachada del Palacio de Navarra que mira a la Avenida de Carlos III entre 1932-34, obra de los hermanos Y\u00e1rnoz Larrosa, que tambi\u00e9n levantaron el edificio contiguo, hoy sede de la Hacienda Foral (13). Frente a estos edificios se sit\u00faa el Teatro Gayarre (14), cuya fachada, realizada en 1839 por Jos\u00e9 Nagusia, cerraba la plaza del Castillo. Al abrirse la avenida de Carlos III el teatro se traslad\u00f3 a su ubicaci\u00f3n actual, manteniendo su antigua fachada.<\/p>\n<p>Uno de los principales arquitectos que trabaja en Pamplona es V\u00edctor Eusa (1894-1979). Una muestra de sus obras la podemos contemplar en la confluencia de la avenida de Roncesvalles, la de San Ignacio y la calle Bergam\u00edn (15). All\u00ed encontramos, en el n\u00famero 22 de San Ignacio la &#8220;casa Uranga&#8221; (1922), edificio realizado siguiendo pautas regionalistas, al igual que en el n\u00famero 1 de la calle Bergam\u00edn (1924). En &#8220;La Vasco Navarra&#8221; (1924), en el n\u00famero 1 de San Ignacio, se mezcla el academicismo con la influencia de la arquitectura vienesa de principios de siglo. En el edificio de &#8220;La Aurora&#8221; (1950), se muestra la evoluci\u00f3n de la obra de Eusa, que tras la guerra civil abandona las influencias expresionistas y de la escuela vienesa y se vuelve m\u00e1s acad\u00e9mico. Podemos contemplar la obra de Eusa tambi\u00e9n en la plaza Pr\u00edncipe de Viana 3 (16), en la calle Fern\u00e1ndez Arenas 4 (17), en la calle Sang\u00fcesa 26, donde levanta en 1955 el colegio de los hermanos Maristas (18), en el Seminario de San Miguel (1936) (19), en la Casa de Misericordia (20), en el colegio Calasanz (1926) (21), en el parque de la Media Luna o en el Monumento a los Ca\u00eddos, entre otros.<\/p>\n<p>&nbsp;<\/p>\n<p><strong>Casa Uranga.<\/strong><\/p>\n<p>Si recorremos la avenida de San Ignacio, llegamos hasta la plaza Pr\u00edncipe de Viana, donde podemos tomar la calle Sang\u00fcesa hasta llegar a la plaza de la Cruz. En el centro se encuentra una cruz de hierro forjado obra de Constantino Manzana (1932). En esta plaza encontramos la parroquia de San Miguel (22), en cuyo proyecto colabor\u00f3 tambi\u00e9n en el a\u00f1o 1950 V\u00edctor Eusa. Esta iglesia se levant\u00f3 para albergar el retablo de la catedral de Pamplona, y merece la pena la visita para poder contemplar esta obra, fechada en 1597 y que basa sus trazas en el retablo de El Escorial. La c\u00fapula se halla decorada con frescos del valenciano Ram\u00f3n Stolz Viciano, que tambi\u00e9n pint\u00f3 la c\u00fapula del Monumento a los Ca\u00eddos.<\/p>\n<p>Por la calle San Ferm\u00edn llegamos de nuevo a la avenida de Carlos III, que recientemente ha transformado en peatonal su \u00faltimo tramo. A la izquierda queda el Mercado Nuevo (23), construido en 1947 para abastecer al segundo ensanche, y frente a nosotros se encuentra la plaza de Conde Rodezno (24), construida entre 1942 y 1960 con una gran severidad clasicista, para formar conjunto con el Monumento a los Ca\u00eddos (1940), que preside el espacio y cierra la perspectiva de Carlos III. El templo funerario y su entorno se deben al proyecto de V\u00edctor Eusa, cuando el estilo del arquitecto a abrazado plenamente el academicismo. Hoy el Monumento a los Ca\u00eddos se destina a sala de exposiciones de arte de Vanguardia. Para introducirnos en la plaza, ante el estanque rectangular que divide en dos el espacio, se sit\u00faa una de las esculturas de Jorge Oteiza que decoran Pamplona.<\/p>\n<p>Entre 1927 y 1934 se ensay\u00f3 en Pamplona e proyecto de ciudad-jard\u00edn en la colonia de Argaray (25), donde se levantaron una serie de chalets unifamiliares siguiendo el ejemplo de la colonia de Viso del Marqu\u00e9s de Madrid.<\/p>\n<p>A partir de los a\u00f1os 50 se abren en Pamplona nuevos barrios, como el de San Juan (26), contemplado como un tercer ensanche. En los a\u00f1os setenta se construye en los barrios de Iturrama (27) y Ermitaga\u00f1a (28), y se consolidan los de San Jorge y Echavacoiz. La ciudad se moderniza, mejorando sus comunicaciones, y en 1973 el aeropuerto de No\u00e1in se abre a los vuelos regulares. En 1980 Pamplona y Yamaguchi firman su hermanamiento, inaugur\u00e1ndose para celebrarlo un parque japon\u00e9s (29) con el mismo nombre en 1997. En este mismo espacio se construye en 1993 el Planetario de Pamplona. A la modernizaci\u00f3n de la ciudad contribuye tambi\u00e9n la aparici\u00f3n de sus universidades. En 1952 se hab\u00eda fundado la Universidad de Navarra, y en 1987 abre sus puertas la Universidad P\u00fablica de Navarra que, junto con otras instituciones como el Planetario, el nuevo Archivo y Biblioteca o el Auditorio, se suman para ofrecer a la ciudadan\u00eda una activa vida cultural.<\/p>\n<\/div>\n<p><!-- cajaContenido --><\/p>\n","protected":false},"excerpt":{"rendered":"<p>PAMPLONA CONTEMPOR\u00c1NEA: RUTA EXTRAMUROS SIGLOS XIX Y XX Tras unas arduas negociaciones con el ej\u00e9rcito, el Ayuntamiento de Pamplona consigui\u00f3 en 1888 autorizaci\u00f3n para realizar el primer ensanche de la ciudad, todav\u00eda dentro del recinto amurallado de Pamplona, pero en terrenos controlados por los militares. Esta ampliaci\u00f3n de la zona edificable oblig\u00f3 a derribar los baluartes de San Ant\u00f3n y la Victoria, y el rebell\u00edn de Santa Teresa. Un paseo por la calle Padre Moret y las calles adyacentes permiten ver la arquitectura de fines del XIX que se desarroll\u00f3 en ese momento. En la calle General Chinchilla n\u00famero 10 se localiza el Gobierno Militar (1), construido en 1915 para servir de vivienda a los oficiales. El n\u00famero 7 de la misma calle (2), que actualmente alberga a la Mancomunidad de Aguas, fue obra del arquitecto \u00c1ngel Goicoechea, que realiz\u00f3 una decoraci\u00f3n geom\u00e9trica en ladrillo de estilo neomud\u00e9jar. En la calle Navas de Tolosa n\u00famero 7 se encuentra la C\u00e1mara de Comercio, obra de Florencio Ansoleaga (3). El estilo modernista est\u00e1 representado por dos edificios realizados por el arquitecto Manuel Mart\u00ednez Ubago, el n\u00famero 6 de la calle General Chinchilla (4),donde hoy se encuentra la delegaci\u00f3n de Hacienda, y el [&hellip;]<\/p>\n","protected":false},"author":1,"featured_media":0,"parent":0,"menu_order":0,"comment_status":"closed","ping_status":"closed","template":"","meta":{"footnotes":""},"class_list":["post-6594","page","type-page","status-publish","hentry"],"yoast_head":"<!-- This site is optimized with the Yoast SEO plugin v23.5 - https:\/\/yoast.com\/wordpress\/plugins\/seo\/ -->\n<title>Pamplona contempor\u00e1neaRuta Extramuros - VisitNavarra<\/title>\n<meta name=\"robots\" content=\"index, follow, max-snippet:-1, max-image-preview:large, max-video-preview:-1\" \/>\n<link rel=\"canonical\" href=\"https:\/\/visitnavarra.info\/visitnavarra\/ruta-extramuros\/\" \/>\n<meta property=\"og:locale\" content=\"es_ES\" \/>\n<meta property=\"og:type\" content=\"article\" \/>\n<meta property=\"og:title\" content=\"Pamplona contempor\u00e1neaRuta Extramuros - VisitNavarra\" \/>\n<meta property=\"og:description\" content=\"PAMPLONA CONTEMPOR\u00c1NEA: RUTA EXTRAMUROS SIGLOS XIX Y XX Tras unas arduas negociaciones con el ej\u00e9rcito, el Ayuntamiento de Pamplona consigui\u00f3 en 1888 autorizaci\u00f3n para realizar el primer ensanche de la ciudad, todav\u00eda dentro del recinto amurallado de Pamplona, pero en terrenos controlados por los militares. Esta ampliaci\u00f3n de la zona edificable oblig\u00f3 a derribar los baluartes de San Ant\u00f3n y la Victoria, y el rebell\u00edn de Santa Teresa. Un paseo por la calle Padre Moret y las calles adyacentes permiten ver la arquitectura de fines del XIX que se desarroll\u00f3 en ese momento. En la calle General Chinchilla n\u00famero 10 se localiza el Gobierno Militar (1), construido en 1915 para servir de vivienda a los oficiales. El n\u00famero 7 de la misma calle (2), que actualmente alberga a la Mancomunidad de Aguas, fue obra del arquitecto \u00c1ngel Goicoechea, que realiz\u00f3 una decoraci\u00f3n geom\u00e9trica en ladrillo de estilo neomud\u00e9jar. En la calle Navas de Tolosa n\u00famero 7 se encuentra la C\u00e1mara de Comercio, obra de Florencio Ansoleaga (3). El estilo modernista est\u00e1 representado por dos edificios realizados por el arquitecto Manuel Mart\u00ednez Ubago, el n\u00famero 6 de la calle General Chinchilla (4),donde hoy se encuentra la delegaci\u00f3n de Hacienda, y el [&hellip;]\" \/>\n<meta property=\"og:url\" content=\"https:\/\/visitnavarra.info\/visitnavarra\/ruta-extramuros\/\" \/>\n<meta property=\"og:site_name\" content=\"VisitNavarra\" \/>\n<meta property=\"article:modified_time\" content=\"2020-11-13T13:10:22+00:00\" \/>\n<meta name=\"twitter:card\" content=\"summary_large_image\" \/>\n<meta name=\"twitter:label1\" content=\"Tiempo de lectura\" \/>\n\t<meta name=\"twitter:data1\" content=\"7 minutos\" \/>\n<script type=\"application\/ld+json\" class=\"yoast-schema-graph\">{\"@context\":\"https:\/\/schema.org\",\"@graph\":[{\"@type\":\"WebPage\",\"@id\":\"https:\/\/visitnavarra.info\/visitnavarra\/ruta-extramuros\/\",\"url\":\"https:\/\/visitnavarra.info\/visitnavarra\/ruta-extramuros\/\",\"name\":\"Pamplona contempor\u00e1neaRuta Extramuros - VisitNavarra\",\"isPartOf\":{\"@id\":\"https:\/\/visitnavarra.info\/visitnavarra\/#website\"},\"datePublished\":\"2020-09-03T12:20:14+00:00\",\"dateModified\":\"2020-11-13T13:10:22+00:00\",\"breadcrumb\":{\"@id\":\"https:\/\/visitnavarra.info\/visitnavarra\/ruta-extramuros\/#breadcrumb\"},\"inLanguage\":\"es\",\"potentialAction\":[{\"@type\":\"ReadAction\",\"target\":[\"https:\/\/visitnavarra.info\/visitnavarra\/ruta-extramuros\/\"]}]},{\"@type\":\"BreadcrumbList\",\"@id\":\"https:\/\/visitnavarra.info\/visitnavarra\/ruta-extramuros\/#breadcrumb\",\"itemListElement\":[{\"@type\":\"ListItem\",\"position\":1,\"name\":\"Portada\",\"item\":\"https:\/\/visitnavarra.info\/visitnavarra\/\"},{\"@type\":\"ListItem\",\"position\":2,\"name\":\"Ruta Extramuros\"}]},{\"@type\":\"WebSite\",\"@id\":\"https:\/\/visitnavarra.info\/visitnavarra\/#website\",\"url\":\"https:\/\/visitnavarra.info\/visitnavarra\/\",\"name\":\"VisitNavarra\",\"description\":\"Alojamiento y experiencias tur\u00edsticas en Navarra; qu\u00e9 visitar en Navarra; comer en Navarra\",\"potentialAction\":[{\"@type\":\"SearchAction\",\"target\":{\"@type\":\"EntryPoint\",\"urlTemplate\":\"https:\/\/visitnavarra.info\/visitnavarra\/?s={search_term_string}\"},\"query-input\":{\"@type\":\"PropertyValueSpecification\",\"valueRequired\":true,\"valueName\":\"search_term_string\"}}],\"inLanguage\":\"es\"}]}<\/script>\n<!-- \/ Yoast SEO plugin. -->","yoast_head_json":{"title":"Pamplona contempor\u00e1neaRuta Extramuros - VisitNavarra","robots":{"index":"index","follow":"follow","max-snippet":"max-snippet:-1","max-image-preview":"max-image-preview:large","max-video-preview":"max-video-preview:-1"},"canonical":"https:\/\/visitnavarra.info\/visitnavarra\/ruta-extramuros\/","og_locale":"es_ES","og_type":"article","og_title":"Pamplona contempor\u00e1neaRuta Extramuros - VisitNavarra","og_description":"PAMPLONA CONTEMPOR\u00c1NEA: RUTA EXTRAMUROS SIGLOS XIX Y XX Tras unas arduas negociaciones con el ej\u00e9rcito, el Ayuntamiento de Pamplona consigui\u00f3 en 1888 autorizaci\u00f3n para realizar el primer ensanche de la ciudad, todav\u00eda dentro del recinto amurallado de Pamplona, pero en terrenos controlados por los militares. Esta ampliaci\u00f3n de la zona edificable oblig\u00f3 a derribar los baluartes de San Ant\u00f3n y la Victoria, y el rebell\u00edn de Santa Teresa. Un paseo por la calle Padre Moret y las calles adyacentes permiten ver la arquitectura de fines del XIX que se desarroll\u00f3 en ese momento. En la calle General Chinchilla n\u00famero 10 se localiza el Gobierno Militar (1), construido en 1915 para servir de vivienda a los oficiales. El n\u00famero 7 de la misma calle (2), que actualmente alberga a la Mancomunidad de Aguas, fue obra del arquitecto \u00c1ngel Goicoechea, que realiz\u00f3 una decoraci\u00f3n geom\u00e9trica en ladrillo de estilo neomud\u00e9jar. En la calle Navas de Tolosa n\u00famero 7 se encuentra la C\u00e1mara de Comercio, obra de Florencio Ansoleaga (3). El estilo modernista est\u00e1 representado por dos edificios realizados por el arquitecto Manuel Mart\u00ednez Ubago, el n\u00famero 6 de la calle General Chinchilla (4),donde hoy se encuentra la delegaci\u00f3n de Hacienda, y el [&hellip;]","og_url":"https:\/\/visitnavarra.info\/visitnavarra\/ruta-extramuros\/","og_site_name":"VisitNavarra","article_modified_time":"2020-11-13T13:10:22+00:00","twitter_card":"summary_large_image","twitter_misc":{"Tiempo de lectura":"7 minutos"},"schema":{"@context":"https:\/\/schema.org","@graph":[{"@type":"WebPage","@id":"https:\/\/visitnavarra.info\/visitnavarra\/ruta-extramuros\/","url":"https:\/\/visitnavarra.info\/visitnavarra\/ruta-extramuros\/","name":"Pamplona contempor\u00e1neaRuta Extramuros - VisitNavarra","isPartOf":{"@id":"https:\/\/visitnavarra.info\/visitnavarra\/#website"},"datePublished":"2020-09-03T12:20:14+00:00","dateModified":"2020-11-13T13:10:22+00:00","breadcrumb":{"@id":"https:\/\/visitnavarra.info\/visitnavarra\/ruta-extramuros\/#breadcrumb"},"inLanguage":"es","potentialAction":[{"@type":"ReadAction","target":["https:\/\/visitnavarra.info\/visitnavarra\/ruta-extramuros\/"]}]},{"@type":"BreadcrumbList","@id":"https:\/\/visitnavarra.info\/visitnavarra\/ruta-extramuros\/#breadcrumb","itemListElement":[{"@type":"ListItem","position":1,"name":"Portada","item":"https:\/\/visitnavarra.info\/visitnavarra\/"},{"@type":"ListItem","position":2,"name":"Ruta Extramuros"}]},{"@type":"WebSite","@id":"https:\/\/visitnavarra.info\/visitnavarra\/#website","url":"https:\/\/visitnavarra.info\/visitnavarra\/","name":"VisitNavarra","description":"Alojamiento y experiencias tur\u00edsticas en Navarra; qu\u00e9 visitar en Navarra; comer en Navarra","potentialAction":[{"@type":"SearchAction","target":{"@type":"EntryPoint","urlTemplate":"https:\/\/visitnavarra.info\/visitnavarra\/?s={search_term_string}"},"query-input":{"@type":"PropertyValueSpecification","valueRequired":true,"valueName":"search_term_string"}}],"inLanguage":"es"}]}},"_links":{"self":[{"href":"https:\/\/visitnavarra.info\/visitnavarra\/wp-json\/wp\/v2\/pages\/6594","targetHints":{"allow":["GET"]}}],"collection":[{"href":"https:\/\/visitnavarra.info\/visitnavarra\/wp-json\/wp\/v2\/pages"}],"about":[{"href":"https:\/\/visitnavarra.info\/visitnavarra\/wp-json\/wp\/v2\/types\/page"}],"author":[{"embeddable":true,"href":"https:\/\/visitnavarra.info\/visitnavarra\/wp-json\/wp\/v2\/users\/1"}],"replies":[{"embeddable":true,"href":"https:\/\/visitnavarra.info\/visitnavarra\/wp-json\/wp\/v2\/comments?post=6594"}],"version-history":[{"count":2,"href":"https:\/\/visitnavarra.info\/visitnavarra\/wp-json\/wp\/v2\/pages\/6594\/revisions"}],"predecessor-version":[{"id":7115,"href":"https:\/\/visitnavarra.info\/visitnavarra\/wp-json\/wp\/v2\/pages\/6594\/revisions\/7115"}],"wp:attachment":[{"href":"https:\/\/visitnavarra.info\/visitnavarra\/wp-json\/wp\/v2\/media?parent=6594"}],"curies":[{"name":"wp","href":"https:\/\/api.w.org\/{rel}","templated":true}]}}