{"id":66,"date":"2019-01-14T17:43:24","date_gmt":"2019-01-14T17:43:24","guid":{"rendered":"http:\/\/desarrollo.visitnavarra.info\/?page_id=66"},"modified":"2025-02-05T13:10:19","modified_gmt":"2025-02-05T13:10:19","slug":"dormir","status":"publish","type":"page","link":"https:\/\/visitnavarra.info\/visitnavarra\/dormir\/","title":{"rendered":"Dormir en Navarra"},"content":{"rendered":"<p>[vc_row][vc_column width=&#8221;1\/1&#8243;]<div class=\"spacer\" style=\"height: 40px;\"><\/div>[\/vc_column][\/vc_row][vc_row bg_image=&#8221;12219&#8243; top_padding=&#8221;10&#8243; bottom_padding=&#8221;10&#8243;][vc_column width=&#8221;1\/1&#8243;][vc_row_inner][vc_column_inner][vc_column_text]<\/p>\n<p>&nbsp;<\/p>\n<p>&nbsp;<\/p>\n<p>&nbsp;<\/p>\n<p>&nbsp;<\/p>\n<p>&nbsp;<\/p>\n<p>&nbsp;<\/p>\n<p>[\/vc_column_text][\/vc_column_inner][\/vc_row_inner][\/vc_column][\/vc_row][vc_row][vc_column width=&#8221;1\/1&#8243;]<div class=\"spacer\" style=\"height: 40px;\"><\/div>[\/vc_column][\/vc_row][vc_row][vc_column width=&#8221;2\/3&#8243;][vc_column_text]<span style=\"color: #ffffff;\">&#8211;<\/span><\/p>\n<p>Nuestra Comunidad cuenta con unos alojamientos de la m\u00e1xima calidad:\u00a0<strong>hoteles rurales, hoteles de ciudad, campings y bungalows, casas rurales<\/strong>\u2026<\/p>\n<p>Podr\u00e1s hacer muchos y variados planes en pareja, en familia, con los amigos, \u2026. adaptados a tus gustos, tiempo, presupuesto, etc., en definitiva, muchas y variadas opciones \u2026 <strong>elije y disfruta!!<\/strong>[\/vc_column_text][\/vc_column][vc_column width=&#8221;1\/3&#8243;][vc_column_text]<iframe loading=\"lazy\" src=\"https:\/\/visitnavarra.info\/reservarhotel\/index.html\" width=\"100%\" height=\"330\" frameborder=\"0\"><\/iframe>[\/vc_column_text][\/vc_column][\/vc_row][vc_row][vc_column width=&#8221;1\/1&#8243;]<div class=\"spacer\" style=\"height: 40px;\"><\/div>[\/vc_column][\/vc_row][vc_row][vc_column width=&#8221;1\/1&#8243;]<div class=\"single_image wpb_content_element align-left    \" data-animation=\"none\" data-delay=\"0\"><a href=\"https:\/\/www.visitnavarra.info\/visitnavarra\/wp-content\/uploads\/2025\/01\/GUIA-HOTELES-NAVARRA-2025.pdf\" target=\"_blank\"><img loading=\"lazy\" decoding=\"async\" width=\"1100\" height=\"361\" src=\"https:\/\/visitnavarra.info\/visitnavarra\/wp-content\/uploads\/2025\/02\/portada-guia-hoteles-2025.jpg\" class=\"attachment-full\" alt=\"\" srcset=\"https:\/\/visitnavarra.info\/visitnavarra\/wp-content\/uploads\/2025\/02\/portada-guia-hoteles-2025.jpg 1100w, https:\/\/visitnavarra.info\/visitnavarra\/wp-content\/uploads\/2025\/02\/portada-guia-hoteles-2025-300x98.jpg 300w, https:\/\/visitnavarra.info\/visitnavarra\/wp-content\/uploads\/2025\/02\/portada-guia-hoteles-2025-1024x336.jpg 1024w, https:\/\/visitnavarra.info\/visitnavarra\/wp-content\/uploads\/2025\/02\/portada-guia-hoteles-2025-768x252.jpg 768w, https:\/\/visitnavarra.info\/visitnavarra\/wp-content\/uploads\/2025\/02\/portada-guia-hoteles-2025-320x105.jpg 320w, https:\/\/visitnavarra.info\/visitnavarra\/wp-content\/uploads\/2025\/02\/portada-guia-hoteles-2025-480x158.jpg 480w, https:\/\/visitnavarra.info\/visitnavarra\/wp-content\/uploads\/2025\/02\/portada-guia-hoteles-2025-800x263.jpg 800w\" sizes=\"auto, (max-width: 1100px) 100vw, 1100px\" \/><\/a><\/div>[vc_column_text]<\/p>\n<h1 style=\"text-align: center;\"><strong>HOTELES DE NAVARRA<\/strong><\/h1>\n<p>La Asociaci\u00f3n de Hosteler\u00eda y Turismo de Navarra ha editado la nueva <a href=\"https:\/\/www.visitnavarra.info\/visitnavarra\/wp-content\/uploads\/2025\/01\/GUIA-HOTELES-NAVARRA-2025.pdf\" target=\"_blank\" rel=\"noopener\">GU\u00cdA DE HOTELES DE NAVARRA<\/a> edici\u00f3n 2025 versi\u00f3n triling\u00fce (castellano, ingl\u00e9s y franc\u00e9s). en la que se relacionan todos los establecimientos asociados, con su foto, descripci\u00f3n, precios e indicaci\u00f3n de los atractivos tur\u00edsticos que tuviera alrededor.[\/vc_column_text][\/vc_column][\/vc_row][vc_row][vc_column width=&#8221;1\/1&#8243;]<div class=\"spacer\" style=\"height: 40px;\"><\/div>[\/vc_column][\/vc_row][vc_row][vc_column width=&#8221;1\/1&#8243;]<div class=\"single_image wpb_content_element align-left    \" data-animation=\"none\" data-delay=\"0\"><img loading=\"lazy\" decoding=\"async\" width=\"1100\" height=\"361\" src=\"https:\/\/visitnavarra.info\/visitnavarra\/wp-content\/uploads\/2022\/10\/dormir-hoteles-pamplona-1-1.jpg\" class=\"attachment-full\" alt=\"\" srcset=\"https:\/\/visitnavarra.info\/visitnavarra\/wp-content\/uploads\/2022\/10\/dormir-hoteles-pamplona-1-1.jpg 1100w, https:\/\/visitnavarra.info\/visitnavarra\/wp-content\/uploads\/2022\/10\/dormir-hoteles-pamplona-1-1-300x98.jpg 300w, https:\/\/visitnavarra.info\/visitnavarra\/wp-content\/uploads\/2022\/10\/dormir-hoteles-pamplona-1-1-1024x336.jpg 1024w, https:\/\/visitnavarra.info\/visitnavarra\/wp-content\/uploads\/2022\/10\/dormir-hoteles-pamplona-1-1-768x252.jpg 768w, https:\/\/visitnavarra.info\/visitnavarra\/wp-content\/uploads\/2022\/10\/dormir-hoteles-pamplona-1-1-320x105.jpg 320w, https:\/\/visitnavarra.info\/visitnavarra\/wp-content\/uploads\/2022\/10\/dormir-hoteles-pamplona-1-1-480x158.jpg 480w, https:\/\/visitnavarra.info\/visitnavarra\/wp-content\/uploads\/2022\/10\/dormir-hoteles-pamplona-1-1-800x263.jpg 800w\" sizes=\"auto, (max-width: 1100px) 100vw, 1100px\" \/><\/div>[vc_column_text]<\/p>\n<h1 style=\"text-align: center;\"><strong>HOTELES PAMPLONA<\/strong><\/h1>\n<p><strong>AL\u00d3JATE EN EL CORAZ\u00d3N DE PAMPLONA.<\/strong> Desde peque\u00f1as joyas boutique a establecimientos de lujo, <a href=\"https:\/\/www.hotelespamplona.com\/\" target=\"_blank\" rel=\"noopener\">HOTELES PAMPLONA<\/a> te ofrece un perfecto abanico de servicios para que tu estancia en la capital navarra sea de la m\u00e1s alta calidad. Los hoteles de Pamplona te gu\u00edan por el extraordinario universo de experiencias gastron\u00f3micas, culturales, art\u00edsticas y de naturaleza que puedes disfrutar en nuestra ciudad.[\/vc_column_text][\/vc_column][\/vc_row][vc_row][vc_column width=&#8221;1\/1&#8243;]<div class=\"spacer\" style=\"height: 40px;\"><\/div>[\/vc_column][\/vc_row][vc_row][vc_column width=&#8221;1\/3&#8243;][vc_column_text]<\/p>\n<ul>\n<li>Alma Pamplona*****<\/li>\n<li>Gran Hotel La Perla*****<\/li>\n<li>Albret****<\/li>\n<li>Andia****<\/li>\n<li>Blanca De Navarra****<\/li>\n<li>Castillo De Gorraiz ****<\/li>\n<li>Exe Zizur Pamplona ****<\/li>\n<li>Maisonnave****<\/li>\n<li>NH Iru\u00f1a Park ****<\/li>\n<\/ul>\n<p>[\/vc_column_text][\/vc_column][vc_column width=&#8221;1\/3&#8243;][vc_column_text]<\/p>\n<ul>\n<li>Pamplona Catedral****<\/li>\n<li>Luze El Toro ****<\/li>\n<li>Tres Reyes Pamplona****<\/li>\n<li>AZZ Pamplona Norte ***<\/li>\n<li>Agorreta***<\/li>\n<li>Avenida***<\/li>\n<li>Bed4u Pamplona***<\/li>\n<li>Casa Azcona ***<\/li>\n<li>Iriguibel***<\/li>\n<\/ul>\n<p>[\/vc_column_text][\/vc_column][vc_column width=&#8221;1\/3&#8243;][vc_column_text]<\/p>\n<ul>\n<li>Leyre ***<\/li>\n<li>Pamplona Plaza***<\/li>\n<li>Sancho Ram\u00edrez ***<\/li>\n<li>Europa ***<\/li>\n<li>Villava Pamplona***<\/li>\n<li>Yoldi***<\/li>\n<li>A Pamplona**<\/li>\n<li>Don Carlos**<\/li>\n<li>Castillo de Javier *<\/li>\n<\/ul>\n<p>[\/vc_column_text][\/vc_column][\/vc_row][vc_row][vc_column width=&#8221;1\/1&#8243;]<div class=\"spacer\" style=\"height: 40px;\"><\/div>[\/vc_column][\/vc_row][vc_row][vc_column width=&#8221;1\/1&#8243;]<div class=\"single_image wpb_content_element align-left    \" data-animation=\"none\" data-delay=\"0\"><img loading=\"lazy\" decoding=\"async\" width=\"1100\" height=\"361\" src=\"https:\/\/visitnavarra.info\/visitnavarra\/wp-content\/uploads\/2022\/10\/dormir-campings-navarra-.jpg\" class=\"attachment-full\" alt=\"\" srcset=\"https:\/\/visitnavarra.info\/visitnavarra\/wp-content\/uploads\/2022\/10\/dormir-campings-navarra-.jpg 1100w, https:\/\/visitnavarra.info\/visitnavarra\/wp-content\/uploads\/2022\/10\/dormir-campings-navarra--300x98.jpg 300w, https:\/\/visitnavarra.info\/visitnavarra\/wp-content\/uploads\/2022\/10\/dormir-campings-navarra--1024x336.jpg 1024w, https:\/\/visitnavarra.info\/visitnavarra\/wp-content\/uploads\/2022\/10\/dormir-campings-navarra--768x252.jpg 768w, https:\/\/visitnavarra.info\/visitnavarra\/wp-content\/uploads\/2022\/10\/dormir-campings-navarra--320x105.jpg 320w, https:\/\/visitnavarra.info\/visitnavarra\/wp-content\/uploads\/2022\/10\/dormir-campings-navarra--480x158.jpg 480w, https:\/\/visitnavarra.info\/visitnavarra\/wp-content\/uploads\/2022\/10\/dormir-campings-navarra--800x263.jpg 800w\" sizes=\"auto, (max-width: 1100px) 100vw, 1100px\" \/><\/div>[vc_column_text]<\/p>\n<h1 style=\"text-align: center;\"><strong>CAMPINGS NAVARRA<\/strong><\/h1>\n<p>La Asociaci\u00f3n de <a href=\"https:\/\/www.campingsnavarra.com\/\" target=\"_blank\" rel=\"noopener\"><strong>Campings de Navarra<\/strong><\/a> ha seleccionado 19 de los mejores campings de la regi\u00f3n distribuidos a lo largo de todo el territorio navarro, desde la monta\u00f1a, pasando por tierra Estella hasta La Ribera navarra, formando as\u00ed una red de alojamientos naturales con todos los servicios y accesos necesarios para poder disfrutar, con amigos, en pareja o en familia, de nuestros espectaculares paisajes, gastronom\u00eda y costumbres.<\/p>\n<p>Totalmente equipados con los servicios necesarios, nuestros campings cuentan con espacios especiales para los m\u00e1s peque\u00f1os, y para los no tan peque\u00f1os, donde pueden desarrollar todas las actividades que deseen en funci\u00f3n de su edad para que toda la familia pueda disfrutar.<\/p>\n<p>Cada camping aprovecha al m\u00e1ximo los recursos naturales que ofrece su ubicaci\u00f3n, para que ning\u00fan visitante se pierda los espectaculares rincones de nuestra geograf\u00eda navarra y puedan<br \/>\ndisfrutarlos con la amplia carta de actividades que ofrecen.[\/vc_column_text][\/vc_column][\/vc_row][vc_row][vc_column width=&#8221;1\/1&#8243;]<div class=\"spacer\" style=\"height: 40px;\"><\/div>[\/vc_column][\/vc_row][vc_row][vc_column width=&#8221;1\/3&#8243;][vc_column_text]<\/p>\n<ul>\n<li>Acedo<\/li>\n<li>Aralar<\/li>\n<li>Arbizu<\/li>\n<li>Aritzaleku<\/li>\n<li>Ariztigain<\/li>\n<li>Artaza<\/li>\n<\/ul>\n<p>[\/vc_column_text][\/vc_column][vc_column width=&#8221;1\/3&#8243;][vc_column_text]<\/p>\n<ul>\n<li>Asolaze<\/li>\n<li>Bardenas<\/li>\n<li>Bazt\u00e1n<\/li>\n<li>El molino<\/li>\n<li>Etxarri<\/li>\n<li>Ezcaba<\/li>\n<\/ul>\n<p>[\/vc_column_text][\/vc_column][vc_column width=&#8221;1\/3&#8243;][vc_column_text]<\/p>\n<ul>\n<li>Iratxe<\/li>\n<li>Lizarra<\/li>\n<li>Olite<\/li>\n<li>Osate<\/li>\n<li>Urbasa<\/li>\n<li>Urrobi<\/li>\n<\/ul>\n<p>[\/vc_column_text][\/vc_column][\/vc_row][vc_row][vc_column width=&#8221;1\/1&#8243;]<div class=\"spacer\" style=\"height: 40px;\"><\/div>[\/vc_column][\/vc_row][vc_row][vc_column width=&#8221;1\/1&#8243;]<div class=\"single_image wpb_content_element align-left    \" data-animation=\"none\" data-delay=\"0\"><img loading=\"lazy\" decoding=\"async\" width=\"1100\" height=\"361\" src=\"https:\/\/visitnavarra.info\/visitnavarra\/wp-content\/uploads\/2022\/11\/bardenas_reales.jpg\" class=\"attachment-full\" alt=\"\" srcset=\"https:\/\/visitnavarra.info\/visitnavarra\/wp-content\/uploads\/2022\/11\/bardenas_reales.jpg 1100w, https:\/\/visitnavarra.info\/visitnavarra\/wp-content\/uploads\/2022\/11\/bardenas_reales-300x98.jpg 300w, https:\/\/visitnavarra.info\/visitnavarra\/wp-content\/uploads\/2022\/11\/bardenas_reales-1024x336.jpg 1024w, https:\/\/visitnavarra.info\/visitnavarra\/wp-content\/uploads\/2022\/11\/bardenas_reales-768x252.jpg 768w, https:\/\/visitnavarra.info\/visitnavarra\/wp-content\/uploads\/2022\/11\/bardenas_reales-320x105.jpg 320w, https:\/\/visitnavarra.info\/visitnavarra\/wp-content\/uploads\/2022\/11\/bardenas_reales-480x158.jpg 480w, https:\/\/visitnavarra.info\/visitnavarra\/wp-content\/uploads\/2022\/11\/bardenas_reales-800x263.jpg 800w\" sizes=\"auto, (max-width: 1100px) 100vw, 1100px\" \/><\/div>[vc_column_text]<\/p>\n<h1 style=\"text-align: center;\"><strong>HOTELES TUDELA<\/strong><\/h1>\n<p>Los 4 hoteles que conforman la asociaci\u00f3n <strong><a href=\"http:\/\/www.hotelestudela.com\" target=\"_blank\" rel=\"noopener\">hotelera de Tudela<\/a><\/strong> son modernos y funcionales. Alojamientos con todos los servicios para ofrecer estancias de calidad en la capital de La Ribera de Navarra.<\/p>\n<p>Ubicados en edificios hist\u00f3ricos, en el centro financiero y comercial de Tudela, o en la frontera con el Parque Natural Bardenas Reales, los hoteles de Tudela le guiar\u00e1n a trav\u00e9s de una experiencia tur\u00edstica para disfrutar de un rico patrimonio art\u00edstico y cultural, un entorno sin igual en Navarra y una gastronom\u00eda de sabores y matices, con sus hortalizas de jard\u00edn a la cabeza.[\/vc_column_text][\/vc_column][\/vc_row][vc_row][vc_column width=&#8221;1\/1&#8243;]<div class=\"spacer\" style=\"height: 40px;\"><\/div>[\/vc_column][\/vc_row][vc_row][vc_column width=&#8221;1\/3&#8243;][vc_column_text]<\/p>\n<ul>\n<li>Aire De Bardenas***<\/li>\n<li>Sercotel Hotel Tudela Bardenas***<\/li>\n<li>Santamar\u00eda***<\/li>\n<li>Ac Ciudad De Tudela***<\/li>\n<\/ul>\n<p>[\/vc_column_text][\/vc_column][vc_column width=&#8221;1\/3&#8243;][vc_column_text][\/vc_column_text][\/vc_column][vc_column width=&#8221;1\/3&#8243;][vc_column_text][\/vc_column_text][\/vc_column][\/vc_row]<\/p>\n","protected":false},"excerpt":{"rendered":"<p>[vc_row][vc_column width=&#8221;1\/1&#8243;][\/vc_column][\/vc_row][vc_row bg_image=&#8221;12219&#8243; top_padding=&#8221;10&#8243; bottom_padding=&#8221;10&#8243;][vc_column width=&#8221;1\/1&#8243;][vc_row_inner][vc_column_inner][vc_column_text] &nbsp; &nbsp; &nbsp; &nbsp; &nbsp; &nbsp; [\/vc_column_text][\/vc_column_inner][\/vc_row_inner][\/vc_column][\/vc_row][vc_row][vc_column width=&#8221;1\/1&#8243;][\/vc_column][\/vc_row][vc_row][vc_column width=&#8221;2\/3&#8243;][vc_column_text]&#8211; Nuestra Comunidad cuenta con unos alojamientos de la m\u00e1xima calidad:\u00a0hoteles rurales, hoteles de ciudad, campings y bungalows, casas rurales\u2026 Podr\u00e1s hacer muchos y variados planes en pareja, en familia, con los amigos, \u2026. adaptados a tus gustos, tiempo, presupuesto, etc., en definitiva, muchas y variadas opciones \u2026 elije y disfruta!![\/vc_column_text][\/vc_column][vc_column width=&#8221;1\/3&#8243;][vc_column_text][\/vc_column_text][\/vc_column][\/vc_row][vc_row][vc_column width=&#8221;1\/1&#8243;][\/vc_column][\/vc_row][vc_row][vc_column width=&#8221;1\/1&#8243;][vc_column_text] HOTELES DE NAVARRA La Asociaci\u00f3n de Hosteler\u00eda y Turismo de Navarra ha editado la nueva GU\u00cdA DE HOTELES DE NAVARRA edici\u00f3n 2025 versi\u00f3n triling\u00fce (castellano, ingl\u00e9s y franc\u00e9s). en la que se relacionan todos los establecimientos asociados, con su foto, descripci\u00f3n, precios e indicaci\u00f3n de los atractivos tur\u00edsticos que tuviera alrededor.[\/vc_column_text][\/vc_column][\/vc_row][vc_row][vc_column width=&#8221;1\/1&#8243;][\/vc_column][\/vc_row][vc_row][vc_column width=&#8221;1\/1&#8243;][vc_column_text] HOTELES PAMPLONA AL\u00d3JATE EN EL CORAZ\u00d3N DE PAMPLONA. Desde peque\u00f1as joyas boutique a establecimientos de lujo, HOTELES PAMPLONA te ofrece un perfecto abanico de servicios para que tu estancia en la capital navarra sea de la m\u00e1s alta calidad. Los hoteles de Pamplona te gu\u00edan por el extraordinario universo de experiencias gastron\u00f3micas, culturales, art\u00edsticas y de naturaleza que puedes disfrutar en nuestra ciudad.[\/vc_column_text][\/vc_column][\/vc_row][vc_row][vc_column width=&#8221;1\/1&#8243;][\/vc_column][\/vc_row][vc_row][vc_column width=&#8221;1\/3&#8243;][vc_column_text] Alma Pamplona***** Gran Hotel La Perla***** Albret**** Andia**** Blanca De Navarra**** Castillo De Gorraiz [&hellip;]<\/p>\n","protected":false},"author":1,"featured_media":0,"parent":0,"menu_order":0,"comment_status":"closed","ping_status":"closed","template":"","meta":{"footnotes":""},"class_list":["post-66","page","type-page","status-publish","hentry"],"yoast_head":"<!-- This site is optimized with the Yoast SEO plugin v23.5 - https:\/\/yoast.com\/wordpress\/plugins\/seo\/ -->\n<title>alojamientos en navarraDormir en Navarra - VisitNavarra<\/title>\n<meta name=\"description\" content=\"Nuestra Comunidad cuenta con unos alojamientos de la m\u00e1xima calidad: hoteles rurales, hoteles de ciudad, campings y bungalows, casas rurales\u2026\" \/>\n<meta name=\"robots\" content=\"index, follow, max-snippet:-1, max-image-preview:large, max-video-preview:-1\" \/>\n<link rel=\"canonical\" href=\"https:\/\/visitnavarra.info\/visitnavarra\/dormir\/\" \/>\n<meta property=\"og:locale\" content=\"es_ES\" \/>\n<meta property=\"og:type\" content=\"article\" \/>\n<meta property=\"og:title\" content=\"alojamientos en navarraDormir en Navarra - VisitNavarra\" \/>\n<meta property=\"og:description\" content=\"Nuestra Comunidad cuenta con unos alojamientos de la m\u00e1xima calidad: hoteles rurales, hoteles de ciudad, campings y bungalows, casas rurales\u2026\" \/>\n<meta property=\"og:url\" content=\"https:\/\/visitnavarra.info\/visitnavarra\/dormir\/\" \/>\n<meta property=\"og:site_name\" content=\"VisitNavarra\" \/>\n<meta property=\"article:modified_time\" content=\"2025-02-05T13:10:19+00:00\" \/>\n<meta name=\"twitter:card\" content=\"summary_large_image\" \/>\n<meta name=\"twitter:label1\" content=\"Tiempo de lectura\" \/>\n\t<meta name=\"twitter:data1\" content=\"3 minutos\" \/>\n<script type=\"application\/ld+json\" class=\"yoast-schema-graph\">{\"@context\":\"https:\/\/schema.org\",\"@graph\":[{\"@type\":\"WebPage\",\"@id\":\"https:\/\/visitnavarra.info\/visitnavarra\/dormir\/\",\"url\":\"https:\/\/visitnavarra.info\/visitnavarra\/dormir\/\",\"name\":\"alojamientos en navarraDormir en Navarra - VisitNavarra\",\"isPartOf\":{\"@id\":\"https:\/\/visitnavarra.info\/visitnavarra\/#website\"},\"datePublished\":\"2019-01-14T17:43:24+00:00\",\"dateModified\":\"2025-02-05T13:10:19+00:00\",\"description\":\"Nuestra Comunidad cuenta con unos alojamientos de la m\u00e1xima calidad: hoteles rurales, hoteles de ciudad, campings y bungalows, casas rurales\u2026\",\"breadcrumb\":{\"@id\":\"https:\/\/visitnavarra.info\/visitnavarra\/dormir\/#breadcrumb\"},\"inLanguage\":\"es\",\"potentialAction\":[{\"@type\":\"ReadAction\",\"target\":[\"https:\/\/visitnavarra.info\/visitnavarra\/dormir\/\"]}]},{\"@type\":\"BreadcrumbList\",\"@id\":\"https:\/\/visitnavarra.info\/visitnavarra\/dormir\/#breadcrumb\",\"itemListElement\":[{\"@type\":\"ListItem\",\"position\":1,\"name\":\"Portada\",\"item\":\"https:\/\/visitnavarra.info\/visitnavarra\/\"},{\"@type\":\"ListItem\",\"position\":2,\"name\":\"Dormir en Navarra\"}]},{\"@type\":\"WebSite\",\"@id\":\"https:\/\/visitnavarra.info\/visitnavarra\/#website\",\"url\":\"https:\/\/visitnavarra.info\/visitnavarra\/\",\"name\":\"VisitNavarra\",\"description\":\"Alojamiento y experiencias tur\u00edsticas en Navarra; qu\u00e9 visitar en Navarra; comer en Navarra\",\"potentialAction\":[{\"@type\":\"SearchAction\",\"target\":{\"@type\":\"EntryPoint\",\"urlTemplate\":\"https:\/\/visitnavarra.info\/visitnavarra\/?s={search_term_string}\"},\"query-input\":{\"@type\":\"PropertyValueSpecification\",\"valueRequired\":true,\"valueName\":\"search_term_string\"}}],\"inLanguage\":\"es\"}]}<\/script>\n<!-- \/ Yoast SEO plugin. -->","yoast_head_json":{"title":"alojamientos en navarraDormir en Navarra - VisitNavarra","description":"Nuestra Comunidad cuenta con unos alojamientos de la m\u00e1xima calidad: hoteles rurales, hoteles de ciudad, campings y bungalows, casas rurales\u2026","robots":{"index":"index","follow":"follow","max-snippet":"max-snippet:-1","max-image-preview":"max-image-preview:large","max-video-preview":"max-video-preview:-1"},"canonical":"https:\/\/visitnavarra.info\/visitnavarra\/dormir\/","og_locale":"es_ES","og_type":"article","og_title":"alojamientos en navarraDormir en Navarra - VisitNavarra","og_description":"Nuestra Comunidad cuenta con unos alojamientos de la m\u00e1xima calidad: hoteles rurales, hoteles de ciudad, campings y bungalows, casas rurales\u2026","og_url":"https:\/\/visitnavarra.info\/visitnavarra\/dormir\/","og_site_name":"VisitNavarra","article_modified_time":"2025-02-05T13:10:19+00:00","twitter_card":"summary_large_image","twitter_misc":{"Tiempo de lectura":"3 minutos"},"schema":{"@context":"https:\/\/schema.org","@graph":[{"@type":"WebPage","@id":"https:\/\/visitnavarra.info\/visitnavarra\/dormir\/","url":"https:\/\/visitnavarra.info\/visitnavarra\/dormir\/","name":"alojamientos en navarraDormir en Navarra - VisitNavarra","isPartOf":{"@id":"https:\/\/visitnavarra.info\/visitnavarra\/#website"},"datePublished":"2019-01-14T17:43:24+00:00","dateModified":"2025-02-05T13:10:19+00:00","description":"Nuestra Comunidad cuenta con unos alojamientos de la m\u00e1xima calidad: hoteles rurales, hoteles de ciudad, campings y bungalows, casas rurales\u2026","breadcrumb":{"@id":"https:\/\/visitnavarra.info\/visitnavarra\/dormir\/#breadcrumb"},"inLanguage":"es","potentialAction":[{"@type":"ReadAction","target":["https:\/\/visitnavarra.info\/visitnavarra\/dormir\/"]}]},{"@type":"BreadcrumbList","@id":"https:\/\/visitnavarra.info\/visitnavarra\/dormir\/#breadcrumb","itemListElement":[{"@type":"ListItem","position":1,"name":"Portada","item":"https:\/\/visitnavarra.info\/visitnavarra\/"},{"@type":"ListItem","position":2,"name":"Dormir en Navarra"}]},{"@type":"WebSite","@id":"https:\/\/visitnavarra.info\/visitnavarra\/#website","url":"https:\/\/visitnavarra.info\/visitnavarra\/","name":"VisitNavarra","description":"Alojamiento y experiencias tur\u00edsticas en Navarra; qu\u00e9 visitar en Navarra; comer en Navarra","potentialAction":[{"@type":"SearchAction","target":{"@type":"EntryPoint","urlTemplate":"https:\/\/visitnavarra.info\/visitnavarra\/?s={search_term_string}"},"query-input":{"@type":"PropertyValueSpecification","valueRequired":true,"valueName":"search_term_string"}}],"inLanguage":"es"}]}},"_links":{"self":[{"href":"https:\/\/visitnavarra.info\/visitnavarra\/wp-json\/wp\/v2\/pages\/66","targetHints":{"allow":["GET"]}}],"collection":[{"href":"https:\/\/visitnavarra.info\/visitnavarra\/wp-json\/wp\/v2\/pages"}],"about":[{"href":"https:\/\/visitnavarra.info\/visitnavarra\/wp-json\/wp\/v2\/types\/page"}],"author":[{"embeddable":true,"href":"https:\/\/visitnavarra.info\/visitnavarra\/wp-json\/wp\/v2\/users\/1"}],"replies":[{"embeddable":true,"href":"https:\/\/visitnavarra.info\/visitnavarra\/wp-json\/wp\/v2\/comments?post=66"}],"version-history":[{"count":75,"href":"https:\/\/visitnavarra.info\/visitnavarra\/wp-json\/wp\/v2\/pages\/66\/revisions"}],"predecessor-version":[{"id":14068,"href":"https:\/\/visitnavarra.info\/visitnavarra\/wp-json\/wp\/v2\/pages\/66\/revisions\/14068"}],"wp:attachment":[{"href":"https:\/\/visitnavarra.info\/visitnavarra\/wp-json\/wp\/v2\/media?parent=66"}],"curies":[{"name":"wp","href":"https:\/\/api.w.org\/{rel}","templated":true}]}}