{"id":6902,"date":"2020-10-29T14:14:37","date_gmt":"2020-10-29T14:14:37","guid":{"rendered":"https:\/\/visitnavarra.info\/visitnavarra\/?page_id=6902"},"modified":"2022-03-31T13:34:23","modified_gmt":"2022-03-31T13:34:23","slug":"experiencia-yoga-y-meditacion-personalizada","status":"publish","type":"page","link":"https:\/\/visitnavarra.info\/visitnavarra\/experiencia-yoga-y-meditacion-personalizada\/","title":{"rendered":"EXPERIENCIA YOGA Y MEDITACI\u00d3N PERSONALIZADA"},"content":{"rendered":"<p>[vc_row][vc_column width=&#8221;1\/1&#8243;][vc_column_text]<img loading=\"lazy\" decoding=\"async\" class=\"size-medium wp-image-6904 alignleft\" src=\"https:\/\/visitnavarra.info\/visitnavarra\/wp-content\/uploads\/2020\/10\/IMG_2427-300x225.jpg\" alt=\"\" width=\"300\" height=\"225\" srcset=\"https:\/\/visitnavarra.info\/visitnavarra\/wp-content\/uploads\/2020\/10\/IMG_2427-300x225.jpg 300w, https:\/\/visitnavarra.info\/visitnavarra\/wp-content\/uploads\/2020\/10\/IMG_2427-1024x768.jpg 1024w, https:\/\/visitnavarra.info\/visitnavarra\/wp-content\/uploads\/2020\/10\/IMG_2427-768x576.jpg 768w, https:\/\/visitnavarra.info\/visitnavarra\/wp-content\/uploads\/2020\/10\/IMG_2427.jpg 1440w\" sizes=\"auto, (max-width: 300px) 100vw, 300px\" \/><\/p>\n<p><strong>Experiencia personalizada yoga y meditaci\u00f3n<\/strong><\/p>\n<p><strong>Precio: <\/strong>320 \u20ac, por persona y fin de semana (viernes, s\u00e1bado y domingo).<\/p>\n<p><strong>Incluye:<\/strong><\/p>\n<ul>\n<li>2 noches<\/li>\n<li>Pensi\u00f3n completa<\/li>\n<li>Trekking con gu\u00eda<\/li>\n<li>3 cursos de yoga reparador<\/li>\n<li>3 sesiones de yoga Nidra e iniciaci\u00f3n a la meditaci\u00f3n<\/li>\n<\/ul>\n<p><strong>Agenda:<img loading=\"lazy\" decoding=\"async\" class=\"size-medium wp-image-6916 alignright\" src=\"https:\/\/visitnavarra.info\/visitnavarra\/wp-content\/uploads\/2020\/10\/Marterena-single-room-300x180.jpg\" alt=\"\" width=\"300\" height=\"180\" srcset=\"https:\/\/visitnavarra.info\/visitnavarra\/wp-content\/uploads\/2020\/10\/Marterena-single-room-300x180.jpg 300w, https:\/\/visitnavarra.info\/visitnavarra\/wp-content\/uploads\/2020\/10\/Marterena-single-room.jpg 500w\" sizes=\"auto, (max-width: 300px) 100vw, 300px\" \/><\/strong><\/p>\n<ul>\n<li><strong>Viernes:<\/strong>\n<ul>\n<li>19h00 &#8211; Llegada y bienvenida<\/li>\n<li>19h30 &#8211; Satsang et introducci\u00f3n al retiro<\/li>\n<li>21h30 &#8211; Cena<\/li>\n<\/ul>\n<\/li>\n<li><strong>S\u00e1bado:<\/strong>\n<ul>\n<li>08h00 &#8211; T\u00e9, frutas y dulces<\/li>\n<li>08h15 &#8211; Meditaci\u00f3n et Pranayama<\/li>\n<li>09h00 &#8211; Hatha yoga<\/li>\n<li>10h45 &#8211; Brunch (desayuno\/ comida)<\/li>\n<li>11h30 &#8211; Tiempo libre<\/li>\n<li>12h30 &#8211; Salida al hayedo. Ba\u00f1o del bosque y Pranayama<\/li>\n<li>18h30 &#8211; Cena<\/li>\n<li>20h00 &#8211; Satsang: Meditaci\u00f3n, Kirtan et lectura<\/li>\n<\/ul>\n<\/li>\n<li><strong>Domingo:<\/strong><img loading=\"lazy\" decoding=\"async\" class=\"size-medium wp-image-6912 alignright\" src=\"https:\/\/visitnavarra.info\/visitnavarra\/wp-content\/uploads\/2020\/10\/Marterena-double-room-antique-beds-300x180.jpg\" alt=\"\" width=\"300\" height=\"180\" srcset=\"https:\/\/visitnavarra.info\/visitnavarra\/wp-content\/uploads\/2020\/10\/Marterena-double-room-antique-beds-300x180.jpg 300w, https:\/\/visitnavarra.info\/visitnavarra\/wp-content\/uploads\/2020\/10\/Marterena-double-room-antique-beds.jpg 500w\" sizes=\"auto, (max-width: 300px) 100vw, 300px\" \/>\n<ul>\n<li>08h00 &#8211; T\u00e9, fruta y dulces<\/li>\n<li>08h15 &#8211; Meditaci\u00f3n y Pranayama<\/li>\n<li>09h30 &#8211; Hatha yoga<\/li>\n<li>11h30 &#8211; Brunch (desayuno \/ comida)<\/li>\n<li>13h00 &#8211; Despedida<\/li>\n<\/ul>\n<\/li>\n<\/ul>\n<p><em>Grupo m\u00ednimo de 5 personas<\/em><\/p>\n<p><img loading=\"lazy\" decoding=\"async\" class=\"size-medium wp-image-6908 alignleft\" src=\"https:\/\/visitnavarra.info\/visitnavarra\/wp-content\/uploads\/2020\/10\/IMG_4558-2-300x225.jpg\" alt=\"\" width=\"300\" height=\"225\" srcset=\"https:\/\/visitnavarra.info\/visitnavarra\/wp-content\/uploads\/2020\/10\/IMG_4558-2-300x225.jpg 300w, https:\/\/visitnavarra.info\/visitnavarra\/wp-content\/uploads\/2020\/10\/IMG_4558-2.jpg 311w\" sizes=\"auto, (max-width: 300px) 100vw, 300px\" \/><b><\/b><\/p>\n<p><a href=\"https:\/\/www.retirosyogapirineo.com\/retiros\/\" target=\"_blank\" rel=\"noopener\"><b>Consulta aqu\u00ed las fechas de los retiros\u00a0<\/b><\/a>[\/vc_column_text][\/vc_column][\/vc_row][vc_row][vc_column width=&#8221;1\/2&#8243;]<div class=\"single_image wpb_content_element align-right    \" data-animation=\"none\" data-delay=\"0\"><img loading=\"lazy\" decoding=\"async\" width=\"313\" height=\"120\" src=\"https:\/\/visitnavarra.info\/visitnavarra\/wp-content\/uploads\/2020\/10\/Logo-Centro-Retiros-Pirineo-Navarro.jpg\" class=\"attachment-full\" alt=\"\" srcset=\"https:\/\/visitnavarra.info\/visitnavarra\/wp-content\/uploads\/2020\/10\/Logo-Centro-Retiros-Pirineo-Navarro.jpg 313w, https:\/\/visitnavarra.info\/visitnavarra\/wp-content\/uploads\/2020\/10\/Logo-Centro-Retiros-Pirineo-Navarro-300x115.jpg 300w\" sizes=\"auto, (max-width: 313px) 100vw, 313px\" \/><\/div>[\/vc_column][vc_column width=&#8221;1\/2&#8243;][vc_column_text]<strong>CONTACTO \/ RESERVAS:<\/strong><br \/>\n<strong>Entidad\/empresa:<\/strong> CENTRO DE RETIROS DEL PIRINEO NAVARRO<br \/>\n<strong>Direcci\u00f3n:<\/strong> San Lorenzo, 41 &#8211; 31438 Arrieta (Navarra)<br \/>\n<strong>Tel\u00e9fono:<\/strong> (+34) 660 488 550<br \/>\n<strong>Mail:<\/strong> i<a href=\"mailto:nfo@retiropirineos.com\">nfo@retiropirineos.com<\/a><br \/>\n<strong>Web:<\/strong> <a href=\"http:\/\/www.retirosyogapirineo.com\">www.retirosyogapirineo.com<\/a>[\/vc_column_text][\/vc_column][\/vc_row]<\/p>\n","protected":false},"excerpt":{"rendered":"<p>[vc_row][vc_column width=&#8221;1\/1&#8243;][vc_column_text] Experiencia personalizada yoga y meditaci\u00f3n Precio: 320 \u20ac, por persona y fin de semana (viernes, s\u00e1bado y domingo). Incluye: 2 noches Pensi\u00f3n completa Trekking con gu\u00eda 3 cursos de yoga reparador 3 sesiones de yoga Nidra e iniciaci\u00f3n a la meditaci\u00f3n Agenda: Viernes: 19h00 &#8211; Llegada y bienvenida 19h30 &#8211; Satsang et introducci\u00f3n al retiro 21h30 &#8211; Cena S\u00e1bado: 08h00 &#8211; T\u00e9, frutas y dulces 08h15 &#8211; Meditaci\u00f3n et Pranayama 09h00 &#8211; Hatha yoga 10h45 &#8211; Brunch (desayuno\/ comida) 11h30 &#8211; Tiempo libre 12h30 &#8211; Salida al hayedo. Ba\u00f1o del bosque y Pranayama 18h30 &#8211; Cena 20h00 &#8211; Satsang: Meditaci\u00f3n, Kirtan et lectura Domingo: 08h00 &#8211; T\u00e9, fruta y dulces 08h15 &#8211; Meditaci\u00f3n y Pranayama 09h30 &#8211; Hatha yoga 11h30 &#8211; Brunch (desayuno \/ comida) 13h00 &#8211; Despedida Grupo m\u00ednimo de 5 personas Consulta aqu\u00ed las fechas de los retiros\u00a0[\/vc_column_text][\/vc_column][\/vc_row][vc_row][vc_column width=&#8221;1\/2&#8243;][\/vc_column][vc_column width=&#8221;1\/2&#8243;][vc_column_text]CONTACTO \/ RESERVAS: Entidad\/empresa: CENTRO DE RETIROS DEL PIRINEO NAVARRO Direcci\u00f3n: San Lorenzo, 41 &#8211; 31438 Arrieta (Navarra) Tel\u00e9fono: (+34) 660 488 550 Mail: info@retiropirineos.com Web: www.retirosyogapirineo.com[\/vc_column_text][\/vc_column][\/vc_row]<\/p>\n","protected":false},"author":1,"featured_media":0,"parent":0,"menu_order":0,"comment_status":"closed","ping_status":"closed","template":"","meta":{"footnotes":""},"class_list":["post-6902","page","type-page","status-publish","hentry"],"yoast_head":"<!-- This site is optimized with the Yoast SEO plugin v23.5 - https:\/\/yoast.com\/wordpress\/plugins\/seo\/ -->\n<title>EXPERIENCIA YOGA Y MEDITACI\u00d3N PERSONALIZADA - VisitNavarra<\/title>\n<meta name=\"robots\" content=\"index, follow, max-snippet:-1, max-image-preview:large, max-video-preview:-1\" \/>\n<link rel=\"canonical\" href=\"https:\/\/visitnavarra.info\/visitnavarra\/experiencia-yoga-y-meditacion-personalizada\/\" \/>\n<meta property=\"og:locale\" content=\"es_ES\" \/>\n<meta property=\"og:type\" content=\"article\" \/>\n<meta property=\"og:title\" content=\"EXPERIENCIA YOGA Y MEDITACI\u00d3N PERSONALIZADA - VisitNavarra\" \/>\n<meta property=\"og:description\" content=\"[vc_row][vc_column width=&#8221;1\/1&#8243;][vc_column_text] Experiencia personalizada yoga y meditaci\u00f3n Precio: 320 \u20ac, por persona y fin de semana (viernes, s\u00e1bado y domingo). Incluye: 2 noches Pensi\u00f3n completa Trekking con gu\u00eda 3 cursos de yoga reparador 3 sesiones de yoga Nidra e iniciaci\u00f3n a la meditaci\u00f3n Agenda: Viernes: 19h00 &#8211; Llegada y bienvenida 19h30 &#8211; Satsang et introducci\u00f3n al retiro 21h30 &#8211; Cena S\u00e1bado: 08h00 &#8211; T\u00e9, frutas y dulces 08h15 &#8211; Meditaci\u00f3n et Pranayama 09h00 &#8211; Hatha yoga 10h45 &#8211; Brunch (desayuno\/ comida) 11h30 &#8211; Tiempo libre 12h30 &#8211; Salida al hayedo. Ba\u00f1o del bosque y Pranayama 18h30 &#8211; Cena 20h00 &#8211; Satsang: Meditaci\u00f3n, Kirtan et lectura Domingo: 08h00 &#8211; T\u00e9, fruta y dulces 08h15 &#8211; Meditaci\u00f3n y Pranayama 09h30 &#8211; Hatha yoga 11h30 &#8211; Brunch (desayuno \/ comida) 13h00 &#8211; Despedida Grupo m\u00ednimo de 5 personas Consulta aqu\u00ed las fechas de los retiros\u00a0[\/vc_column_text][\/vc_column][\/vc_row][vc_row][vc_column width=&#8221;1\/2&#8243;][\/vc_column][vc_column width=&#8221;1\/2&#8243;][vc_column_text]CONTACTO \/ RESERVAS: Entidad\/empresa: CENTRO DE RETIROS DEL PIRINEO NAVARRO Direcci\u00f3n: San Lorenzo, 41 &#8211; 31438 Arrieta (Navarra) Tel\u00e9fono: (+34) 660 488 550 Mail: info@retiropirineos.com Web: www.retirosyogapirineo.com[\/vc_column_text][\/vc_column][\/vc_row]\" \/>\n<meta property=\"og:url\" content=\"https:\/\/visitnavarra.info\/visitnavarra\/experiencia-yoga-y-meditacion-personalizada\/\" \/>\n<meta property=\"og:site_name\" content=\"VisitNavarra\" \/>\n<meta property=\"article:modified_time\" content=\"2022-03-31T13:34:23+00:00\" \/>\n<meta property=\"og:image\" content=\"https:\/\/visitnavarra.info\/visitnavarra\/wp-content\/uploads\/2020\/10\/IMG_2427-300x225.jpg\" \/>\n<meta name=\"twitter:card\" content=\"summary_large_image\" \/>\n<meta name=\"twitter:label1\" content=\"Tiempo de lectura\" \/>\n\t<meta name=\"twitter:data1\" content=\"2 minutos\" \/>\n<script type=\"application\/ld+json\" class=\"yoast-schema-graph\">{\"@context\":\"https:\/\/schema.org\",\"@graph\":[{\"@type\":\"WebPage\",\"@id\":\"https:\/\/visitnavarra.info\/visitnavarra\/experiencia-yoga-y-meditacion-personalizada\/\",\"url\":\"https:\/\/visitnavarra.info\/visitnavarra\/experiencia-yoga-y-meditacion-personalizada\/\",\"name\":\"EXPERIENCIA YOGA Y MEDITACI\u00d3N PERSONALIZADA - VisitNavarra\",\"isPartOf\":{\"@id\":\"https:\/\/visitnavarra.info\/visitnavarra\/#website\"},\"primaryImageOfPage\":{\"@id\":\"https:\/\/visitnavarra.info\/visitnavarra\/experiencia-yoga-y-meditacion-personalizada\/#primaryimage\"},\"image\":{\"@id\":\"https:\/\/visitnavarra.info\/visitnavarra\/experiencia-yoga-y-meditacion-personalizada\/#primaryimage\"},\"thumbnailUrl\":\"https:\/\/visitnavarra.info\/visitnavarra\/wp-content\/uploads\/2020\/10\/IMG_2427-300x225.jpg\",\"datePublished\":\"2020-10-29T14:14:37+00:00\",\"dateModified\":\"2022-03-31T13:34:23+00:00\",\"breadcrumb\":{\"@id\":\"https:\/\/visitnavarra.info\/visitnavarra\/experiencia-yoga-y-meditacion-personalizada\/#breadcrumb\"},\"inLanguage\":\"es\",\"potentialAction\":[{\"@type\":\"ReadAction\",\"target\":[\"https:\/\/visitnavarra.info\/visitnavarra\/experiencia-yoga-y-meditacion-personalizada\/\"]}]},{\"@type\":\"ImageObject\",\"inLanguage\":\"es\",\"@id\":\"https:\/\/visitnavarra.info\/visitnavarra\/experiencia-yoga-y-meditacion-personalizada\/#primaryimage\",\"url\":\"https:\/\/visitnavarra.info\/visitnavarra\/wp-content\/uploads\/2020\/10\/IMG_2427-300x225.jpg\",\"contentUrl\":\"https:\/\/visitnavarra.info\/visitnavarra\/wp-content\/uploads\/2020\/10\/IMG_2427-300x225.jpg\"},{\"@type\":\"BreadcrumbList\",\"@id\":\"https:\/\/visitnavarra.info\/visitnavarra\/experiencia-yoga-y-meditacion-personalizada\/#breadcrumb\",\"itemListElement\":[{\"@type\":\"ListItem\",\"position\":1,\"name\":\"Portada\",\"item\":\"https:\/\/visitnavarra.info\/visitnavarra\/\"},{\"@type\":\"ListItem\",\"position\":2,\"name\":\"EXPERIENCIA YOGA Y MEDITACI\u00d3N PERSONALIZADA\"}]},{\"@type\":\"WebSite\",\"@id\":\"https:\/\/visitnavarra.info\/visitnavarra\/#website\",\"url\":\"https:\/\/visitnavarra.info\/visitnavarra\/\",\"name\":\"VisitNavarra\",\"description\":\"Alojamiento y experiencias tur\u00edsticas en Navarra; qu\u00e9 visitar en Navarra; comer en Navarra\",\"potentialAction\":[{\"@type\":\"SearchAction\",\"target\":{\"@type\":\"EntryPoint\",\"urlTemplate\":\"https:\/\/visitnavarra.info\/visitnavarra\/?s={search_term_string}\"},\"query-input\":{\"@type\":\"PropertyValueSpecification\",\"valueRequired\":true,\"valueName\":\"search_term_string\"}}],\"inLanguage\":\"es\"}]}<\/script>\n<!-- \/ Yoast SEO plugin. -->","yoast_head_json":{"title":"EXPERIENCIA YOGA Y MEDITACI\u00d3N PERSONALIZADA - VisitNavarra","robots":{"index":"index","follow":"follow","max-snippet":"max-snippet:-1","max-image-preview":"max-image-preview:large","max-video-preview":"max-video-preview:-1"},"canonical":"https:\/\/visitnavarra.info\/visitnavarra\/experiencia-yoga-y-meditacion-personalizada\/","og_locale":"es_ES","og_type":"article","og_title":"EXPERIENCIA YOGA Y MEDITACI\u00d3N PERSONALIZADA - VisitNavarra","og_description":"[vc_row][vc_column width=&#8221;1\/1&#8243;][vc_column_text] Experiencia personalizada yoga y meditaci\u00f3n Precio: 320 \u20ac, por persona y fin de semana (viernes, s\u00e1bado y domingo). Incluye: 2 noches Pensi\u00f3n completa Trekking con gu\u00eda 3 cursos de yoga reparador 3 sesiones de yoga Nidra e iniciaci\u00f3n a la meditaci\u00f3n Agenda: Viernes: 19h00 &#8211; Llegada y bienvenida 19h30 &#8211; Satsang et introducci\u00f3n al retiro 21h30 &#8211; Cena S\u00e1bado: 08h00 &#8211; T\u00e9, frutas y dulces 08h15 &#8211; Meditaci\u00f3n et Pranayama 09h00 &#8211; Hatha yoga 10h45 &#8211; Brunch (desayuno\/ comida) 11h30 &#8211; Tiempo libre 12h30 &#8211; Salida al hayedo. Ba\u00f1o del bosque y Pranayama 18h30 &#8211; Cena 20h00 &#8211; Satsang: Meditaci\u00f3n, Kirtan et lectura Domingo: 08h00 &#8211; T\u00e9, fruta y dulces 08h15 &#8211; Meditaci\u00f3n y Pranayama 09h30 &#8211; Hatha yoga 11h30 &#8211; Brunch (desayuno \/ comida) 13h00 &#8211; Despedida Grupo m\u00ednimo de 5 personas Consulta aqu\u00ed las fechas de los retiros\u00a0[\/vc_column_text][\/vc_column][\/vc_row][vc_row][vc_column width=&#8221;1\/2&#8243;][\/vc_column][vc_column width=&#8221;1\/2&#8243;][vc_column_text]CONTACTO \/ RESERVAS: Entidad\/empresa: CENTRO DE RETIROS DEL PIRINEO NAVARRO Direcci\u00f3n: San Lorenzo, 41 &#8211; 31438 Arrieta (Navarra) Tel\u00e9fono: (+34) 660 488 550 Mail: info@retiropirineos.com Web: www.retirosyogapirineo.com[\/vc_column_text][\/vc_column][\/vc_row]","og_url":"https:\/\/visitnavarra.info\/visitnavarra\/experiencia-yoga-y-meditacion-personalizada\/","og_site_name":"VisitNavarra","article_modified_time":"2022-03-31T13:34:23+00:00","og_image":[{"url":"https:\/\/visitnavarra.info\/visitnavarra\/wp-content\/uploads\/2020\/10\/IMG_2427-300x225.jpg"}],"twitter_card":"summary_large_image","twitter_misc":{"Tiempo de lectura":"2 minutos"},"schema":{"@context":"https:\/\/schema.org","@graph":[{"@type":"WebPage","@id":"https:\/\/visitnavarra.info\/visitnavarra\/experiencia-yoga-y-meditacion-personalizada\/","url":"https:\/\/visitnavarra.info\/visitnavarra\/experiencia-yoga-y-meditacion-personalizada\/","name":"EXPERIENCIA YOGA Y MEDITACI\u00d3N PERSONALIZADA - VisitNavarra","isPartOf":{"@id":"https:\/\/visitnavarra.info\/visitnavarra\/#website"},"primaryImageOfPage":{"@id":"https:\/\/visitnavarra.info\/visitnavarra\/experiencia-yoga-y-meditacion-personalizada\/#primaryimage"},"image":{"@id":"https:\/\/visitnavarra.info\/visitnavarra\/experiencia-yoga-y-meditacion-personalizada\/#primaryimage"},"thumbnailUrl":"https:\/\/visitnavarra.info\/visitnavarra\/wp-content\/uploads\/2020\/10\/IMG_2427-300x225.jpg","datePublished":"2020-10-29T14:14:37+00:00","dateModified":"2022-03-31T13:34:23+00:00","breadcrumb":{"@id":"https:\/\/visitnavarra.info\/visitnavarra\/experiencia-yoga-y-meditacion-personalizada\/#breadcrumb"},"inLanguage":"es","potentialAction":[{"@type":"ReadAction","target":["https:\/\/visitnavarra.info\/visitnavarra\/experiencia-yoga-y-meditacion-personalizada\/"]}]},{"@type":"ImageObject","inLanguage":"es","@id":"https:\/\/visitnavarra.info\/visitnavarra\/experiencia-yoga-y-meditacion-personalizada\/#primaryimage","url":"https:\/\/visitnavarra.info\/visitnavarra\/wp-content\/uploads\/2020\/10\/IMG_2427-300x225.jpg","contentUrl":"https:\/\/visitnavarra.info\/visitnavarra\/wp-content\/uploads\/2020\/10\/IMG_2427-300x225.jpg"},{"@type":"BreadcrumbList","@id":"https:\/\/visitnavarra.info\/visitnavarra\/experiencia-yoga-y-meditacion-personalizada\/#breadcrumb","itemListElement":[{"@type":"ListItem","position":1,"name":"Portada","item":"https:\/\/visitnavarra.info\/visitnavarra\/"},{"@type":"ListItem","position":2,"name":"EXPERIENCIA YOGA Y MEDITACI\u00d3N PERSONALIZADA"}]},{"@type":"WebSite","@id":"https:\/\/visitnavarra.info\/visitnavarra\/#website","url":"https:\/\/visitnavarra.info\/visitnavarra\/","name":"VisitNavarra","description":"Alojamiento y experiencias tur\u00edsticas en Navarra; qu\u00e9 visitar en Navarra; comer en Navarra","potentialAction":[{"@type":"SearchAction","target":{"@type":"EntryPoint","urlTemplate":"https:\/\/visitnavarra.info\/visitnavarra\/?s={search_term_string}"},"query-input":{"@type":"PropertyValueSpecification","valueRequired":true,"valueName":"search_term_string"}}],"inLanguage":"es"}]}},"_links":{"self":[{"href":"https:\/\/visitnavarra.info\/visitnavarra\/wp-json\/wp\/v2\/pages\/6902","targetHints":{"allow":["GET"]}}],"collection":[{"href":"https:\/\/visitnavarra.info\/visitnavarra\/wp-json\/wp\/v2\/pages"}],"about":[{"href":"https:\/\/visitnavarra.info\/visitnavarra\/wp-json\/wp\/v2\/types\/page"}],"author":[{"embeddable":true,"href":"https:\/\/visitnavarra.info\/visitnavarra\/wp-json\/wp\/v2\/users\/1"}],"replies":[{"embeddable":true,"href":"https:\/\/visitnavarra.info\/visitnavarra\/wp-json\/wp\/v2\/comments?post=6902"}],"version-history":[{"count":4,"href":"https:\/\/visitnavarra.info\/visitnavarra\/wp-json\/wp\/v2\/pages\/6902\/revisions"}],"predecessor-version":[{"id":11883,"href":"https:\/\/visitnavarra.info\/visitnavarra\/wp-json\/wp\/v2\/pages\/6902\/revisions\/11883"}],"wp:attachment":[{"href":"https:\/\/visitnavarra.info\/visitnavarra\/wp-json\/wp\/v2\/media?parent=6902"}],"curies":[{"name":"wp","href":"https:\/\/api.w.org\/{rel}","templated":true}]}}