{"id":70,"date":"2019-01-14T17:48:28","date_gmt":"2019-01-14T17:48:28","guid":{"rendered":"http:\/\/desarrollo.visitnavarra.info\/?page_id=70"},"modified":"2025-08-14T08:05:28","modified_gmt":"2025-08-14T08:05:28","slug":"comer-y-beber-en-navarra","status":"publish","type":"page","link":"https:\/\/visitnavarra.info\/visitnavarra\/comer-y-beber-en-navarra\/","title":{"rendered":"COMER\/BEBER"},"content":{"rendered":"<p>[vc_row][vc_column width=&#8221;1\/1&#8243;]<div class=\"spacer\" style=\"height: 40px;\"><\/div>[\/vc_column][\/vc_row][vc_row][vc_column width=&#8221;1\/1&#8243;]<div class=\"flexslider wpb_content_element\"><ul class=\"slides\"><li><img decoding=\"async\" src=\"https:\/\/visitnavarra.info\/visitnavarra\/wp-content\/uploads\/2022\/10\/cuchara-martin.jpg\" alt=\"\" \/><\/li><li><img decoding=\"async\" src=\"https:\/\/visitnavarra.info\/visitnavarra\/wp-content\/uploads\/2022\/10\/baserriberri-pamplona-salmon.jpg\" alt=\"\" \/><\/li><li><img decoding=\"async\" src=\"https:\/\/visitnavarra.info\/visitnavarra\/wp-content\/uploads\/2022\/10\/bistrot-tudela-guisantes.jpg\" alt=\"\" \/><\/li><li><img decoding=\"async\" src=\"https:\/\/visitnavarra.info\/visitnavarra\/wp-content\/uploads\/2022\/10\/el-colegio-pamplona-cardo.jpg\" alt=\"\" \/><\/li><\/ul><\/div>[\/vc_column][\/vc_row][vc_row][vc_column width=&#8221;1\/1&#8243;]<div class=\"spacer\" style=\"height: 40px;\"><\/div>[\/vc_column][\/vc_row][vc_row][vc_column width=&#8221;1\/1&#8243;][vc_column_text]<\/p>\n<h1 style=\"text-align: center;\"><strong>RESTAURANTES de NAVARRA<\/strong><\/h1>\n<p>[\/vc_column_text][\/vc_column][\/vc_row][vc_row][vc_column width=&#8221;1\/1&#8243;]<div class=\"spacer\" style=\"height: 40px;\"><\/div>[\/vc_column][\/vc_row][vc_row][vc_column width=&#8221;1\/4&#8243;]<div class=\"single_image wpb_content_element align-center    \" data-animation=\"none\" data-delay=\"0\"><a href=\"https:\/\/zaldicook.com\/\" target=\"_blank\"><img loading=\"lazy\" decoding=\"async\" width=\"300\" height=\"300\" src=\"https:\/\/visitnavarra.info\/visitnavarra\/wp-content\/uploads\/2022\/10\/zaldicook--300x300.jpg\" class=\"attachment-medium\" alt=\"\" srcset=\"https:\/\/visitnavarra.info\/visitnavarra\/wp-content\/uploads\/2022\/10\/zaldicook-.jpg 300w, https:\/\/visitnavarra.info\/visitnavarra\/wp-content\/uploads\/2022\/10\/zaldicook--150x150.jpg 150w, https:\/\/visitnavarra.info\/visitnavarra\/wp-content\/uploads\/2022\/10\/zaldicook--80x80.jpg 80w\" sizes=\"auto, (max-width: 300px) 100vw, 300px\" \/><\/a><\/div>[\/vc_column][vc_column width=&#8221;3\/4&#8243;][vc_column_text]<\/p>\n<h3 style=\"text-align: left;\"><span style=\"color: #ffffff;\"><br \/>\n&#8211;<\/span><\/h3>\n<p><a href=\"https:\/\/zaldicook.com\/\" target=\"_blank\" rel=\"noopener noreferrer\"><strong>Zaldicook: <\/strong><\/a>es un movimiento gastron\u00f3mico creado por cocineros y sommeliers navarros que comparten el gusto por la gastronom\u00eda y la tradici\u00f3n culinaria con ideas creativas y revolucionarias. Son maestros de la huerta navarra y apasionados por los productos navarros.[\/vc_column_text][\/vc_column][\/vc_row][vc_row][vc_column width=&#8221;1\/1&#8243;]<div class=\"spacer\" style=\"height: 40px;\"><\/div>[\/vc_column][\/vc_row][vc_row][vc_column width=&#8221;2\/3&#8243;][vc_column_text]<span style=\"color: #ffffff;\">&#8211;<\/span><\/p>\n<p>&nbsp;<\/p>\n<p style=\"text-align: left;\">Restaurantes asociados en Navarra <strong><a href=\"http:\/\/www.restaurantesnavarra.com\" target=\"_blank\" rel=\"noopener noreferrer\">www.restaurantesnavarra.com<\/a><\/strong><\/p>\n<p>Aqu\u00ed podr\u00e1s descargarte la <strong><a class=\"_ps2id\" href=\"https:\/\/www.hostelerianavarra.com\/views\/Frontend\/images\/Guia_Restaurantes_Navarra.pdf\" data-ps2id-offset=\"\">Gu\u00eda de Restaurantes de Navarra<\/a><\/strong>[\/vc_column_text][\/vc_column][vc_column width=&#8221;1\/3&#8243;]<div class=\"single_image wpb_content_element align-center    \" data-animation=\"none\" data-delay=\"0\"><a href=\"http:\/\/www.restaurantesnavarra.com\/\" target=\"_blank\"><img loading=\"lazy\" decoding=\"async\" width=\"300\" height=\"300\" src=\"https:\/\/visitnavarra.info\/visitnavarra\/wp-content\/uploads\/2022\/10\/restaurantes-navarra-web-300x300.jpg\" class=\"attachment-medium\" alt=\"\" srcset=\"https:\/\/visitnavarra.info\/visitnavarra\/wp-content\/uploads\/2022\/10\/restaurantes-navarra-web.jpg 300w, https:\/\/visitnavarra.info\/visitnavarra\/wp-content\/uploads\/2022\/10\/restaurantes-navarra-web-150x150.jpg 150w, https:\/\/visitnavarra.info\/visitnavarra\/wp-content\/uploads\/2022\/10\/restaurantes-navarra-web-80x80.jpg 80w\" sizes=\"auto, (max-width: 300px) 100vw, 300px\" \/><\/a><\/div>[\/vc_column][\/vc_row][vc_row][vc_column width=&#8221;1\/1&#8243;]<div class=\"spacer\" style=\"height: 40px;\"><\/div>[\/vc_column][\/vc_row][vc_row][vc_column width=&#8221;1\/4&#8243;]<div class=\"single_image wpb_content_element align-center    \" data-animation=\"none\" data-delay=\"0\"><a href=\"http:\/\/www.navarragastronomia.com\" target=\"_blank\"><img loading=\"lazy\" decoding=\"async\" width=\"300\" height=\"300\" src=\"https:\/\/visitnavarra.info\/visitnavarra\/wp-content\/uploads\/2022\/10\/navarra-gastronomia-web-300x300.jpg\" class=\"attachment-medium\" alt=\"\" srcset=\"https:\/\/visitnavarra.info\/visitnavarra\/wp-content\/uploads\/2022\/10\/navarra-gastronomia-web.jpg 300w, https:\/\/visitnavarra.info\/visitnavarra\/wp-content\/uploads\/2022\/10\/navarra-gastronomia-web-150x150.jpg 150w, https:\/\/visitnavarra.info\/visitnavarra\/wp-content\/uploads\/2022\/10\/navarra-gastronomia-web-80x80.jpg 80w\" sizes=\"auto, (max-width: 300px) 100vw, 300px\" \/><\/a><\/div>[\/vc_column][vc_column width=&#8221;3\/4&#8243;][vc_column_text]<\/p>\n<h3><span style=\"color: #ffffff;\">&#8211;<\/span><\/h3>\n<p style=\"text-align: left;\">La Asociaci\u00f3n de Hosteler\u00eda y Turismo de Navarra, a trav\u00e9s de esta web difunde actividades de car\u00e1cter gastron\u00f3mico: eventos, noticias, cursos de formaci\u00f3n, etc. <strong><a href=\"http:\/\/www.navarragastronomia.com\" target=\"_blank\" rel=\"noopener noreferrer\">www.navarragastronomia.com<\/a><\/strong><\/p>\n<p>[\/vc_column_text][\/vc_column][\/vc_row][vc_row][vc_column width=&#8221;1\/1&#8243;]<div class=\"spacer\" style=\"height: 40px;\"><\/div>[\/vc_column][\/vc_row]<\/p>\n","protected":false},"excerpt":{"rendered":"<p>[vc_row][vc_column width=&#8221;1\/1&#8243;][\/vc_column][\/vc_row][vc_row][vc_column width=&#8221;1\/1&#8243;][\/vc_column][\/vc_row][vc_row][vc_column width=&#8221;1\/1&#8243;][\/vc_column][\/vc_row][vc_row][vc_column width=&#8221;1\/1&#8243;][vc_column_text] RESTAURANTES de NAVARRA [\/vc_column_text][\/vc_column][\/vc_row][vc_row][vc_column width=&#8221;1\/1&#8243;][\/vc_column][\/vc_row][vc_row][vc_column width=&#8221;1\/4&#8243;][\/vc_column][vc_column width=&#8221;3\/4&#8243;][vc_column_text] &#8211; Zaldicook: es un movimiento gastron\u00f3mico creado por cocineros y sommeliers navarros que comparten el gusto por la gastronom\u00eda y la tradici\u00f3n culinaria con ideas creativas y revolucionarias. Son maestros de la huerta navarra y apasionados por los productos navarros.[\/vc_column_text][\/vc_column][\/vc_row][vc_row][vc_column width=&#8221;1\/1&#8243;][\/vc_column][\/vc_row][vc_row][vc_column width=&#8221;2\/3&#8243;][vc_column_text]&#8211; &nbsp; Restaurantes asociados en Navarra www.restaurantesnavarra.com Aqu\u00ed podr\u00e1s descargarte la Gu\u00eda de Restaurantes de Navarra[\/vc_column_text][\/vc_column][vc_column width=&#8221;1\/3&#8243;][\/vc_column][\/vc_row][vc_row][vc_column width=&#8221;1\/1&#8243;][\/vc_column][\/vc_row][vc_row][vc_column width=&#8221;1\/4&#8243;][\/vc_column][vc_column width=&#8221;3\/4&#8243;][vc_column_text] &#8211; La Asociaci\u00f3n de Hosteler\u00eda y Turismo de Navarra, a trav\u00e9s de esta web difunde actividades de car\u00e1cter gastron\u00f3mico: eventos, noticias, cursos de formaci\u00f3n, etc. www.navarragastronomia.com [\/vc_column_text][\/vc_column][\/vc_row][vc_row][vc_column width=&#8221;1\/1&#8243;][\/vc_column][\/vc_row]<\/p>\n","protected":false},"author":1,"featured_media":0,"parent":0,"menu_order":0,"comment_status":"closed","ping_status":"closed","template":"","meta":{"footnotes":""},"class_list":["post-70","page","type-page","status-publish","hentry"],"yoast_head":"<!-- This site is optimized with the Yoast SEO plugin v23.5 - https:\/\/yoast.com\/wordpress\/plugins\/seo\/ -->\n<title>COMER\/BEBER - VisitNavarra D\u00f3nde comer en Navarra<\/title>\n<meta name=\"description\" content=\"D\u00f3nde comer en Navarra. Restaurantes y gastronom\u00eda de Navarra. Verdura de Navarra, esp\u00e1rrago de Navarra, ternera de Navarra, queso Roncal, vino D.O. Navarra\" \/>\n<meta name=\"robots\" content=\"index, follow, max-snippet:-1, max-image-preview:large, max-video-preview:-1\" \/>\n<link rel=\"canonical\" href=\"https:\/\/visitnavarra.info\/visitnavarra\/comer-y-beber-en-navarra\/\" \/>\n<meta property=\"og:locale\" content=\"es_ES\" \/>\n<meta property=\"og:type\" content=\"article\" \/>\n<meta property=\"og:title\" content=\"COMER\/BEBER - VisitNavarra D\u00f3nde comer en Navarra\" \/>\n<meta property=\"og:description\" content=\"D\u00f3nde comer en Navarra. Restaurantes y gastronom\u00eda de Navarra. Verdura de Navarra, esp\u00e1rrago de Navarra, ternera de Navarra, queso Roncal, vino D.O. Navarra\" \/>\n<meta property=\"og:url\" content=\"https:\/\/visitnavarra.info\/visitnavarra\/comer-y-beber-en-navarra\/\" \/>\n<meta property=\"og:site_name\" content=\"VisitNavarra\" \/>\n<meta property=\"article:modified_time\" content=\"2025-08-14T08:05:28+00:00\" \/>\n<meta name=\"twitter:card\" content=\"summary_large_image\" \/>\n<meta name=\"twitter:label1\" content=\"Tiempo de lectura\" \/>\n\t<meta name=\"twitter:data1\" content=\"1 minuto\" \/>\n<script type=\"application\/ld+json\" class=\"yoast-schema-graph\">{\"@context\":\"https:\/\/schema.org\",\"@graph\":[{\"@type\":\"WebPage\",\"@id\":\"https:\/\/visitnavarra.info\/visitnavarra\/comer-y-beber-en-navarra\/\",\"url\":\"https:\/\/visitnavarra.info\/visitnavarra\/comer-y-beber-en-navarra\/\",\"name\":\"COMER\/BEBER - VisitNavarra D\u00f3nde comer en Navarra\",\"isPartOf\":{\"@id\":\"https:\/\/visitnavarra.info\/visitnavarra\/#website\"},\"datePublished\":\"2019-01-14T17:48:28+00:00\",\"dateModified\":\"2025-08-14T08:05:28+00:00\",\"description\":\"D\u00f3nde comer en Navarra. Restaurantes y gastronom\u00eda de Navarra. Verdura de Navarra, esp\u00e1rrago de Navarra, ternera de Navarra, queso Roncal, vino D.O. Navarra\",\"breadcrumb\":{\"@id\":\"https:\/\/visitnavarra.info\/visitnavarra\/comer-y-beber-en-navarra\/#breadcrumb\"},\"inLanguage\":\"es\",\"potentialAction\":[{\"@type\":\"ReadAction\",\"target\":[\"https:\/\/visitnavarra.info\/visitnavarra\/comer-y-beber-en-navarra\/\"]}]},{\"@type\":\"BreadcrumbList\",\"@id\":\"https:\/\/visitnavarra.info\/visitnavarra\/comer-y-beber-en-navarra\/#breadcrumb\",\"itemListElement\":[{\"@type\":\"ListItem\",\"position\":1,\"name\":\"Portada\",\"item\":\"https:\/\/visitnavarra.info\/visitnavarra\/\"},{\"@type\":\"ListItem\",\"position\":2,\"name\":\"COMER\/BEBER\"}]},{\"@type\":\"WebSite\",\"@id\":\"https:\/\/visitnavarra.info\/visitnavarra\/#website\",\"url\":\"https:\/\/visitnavarra.info\/visitnavarra\/\",\"name\":\"VisitNavarra\",\"description\":\"Alojamiento y experiencias tur\u00edsticas en Navarra; qu\u00e9 visitar en Navarra; comer en Navarra\",\"potentialAction\":[{\"@type\":\"SearchAction\",\"target\":{\"@type\":\"EntryPoint\",\"urlTemplate\":\"https:\/\/visitnavarra.info\/visitnavarra\/?s={search_term_string}\"},\"query-input\":{\"@type\":\"PropertyValueSpecification\",\"valueRequired\":true,\"valueName\":\"search_term_string\"}}],\"inLanguage\":\"es\"}]}<\/script>\n<!-- \/ Yoast SEO plugin. -->","yoast_head_json":{"title":"COMER\/BEBER - VisitNavarra D\u00f3nde comer en Navarra","description":"D\u00f3nde comer en Navarra. Restaurantes y gastronom\u00eda de Navarra. Verdura de Navarra, esp\u00e1rrago de Navarra, ternera de Navarra, queso Roncal, vino D.O. Navarra","robots":{"index":"index","follow":"follow","max-snippet":"max-snippet:-1","max-image-preview":"max-image-preview:large","max-video-preview":"max-video-preview:-1"},"canonical":"https:\/\/visitnavarra.info\/visitnavarra\/comer-y-beber-en-navarra\/","og_locale":"es_ES","og_type":"article","og_title":"COMER\/BEBER - VisitNavarra D\u00f3nde comer en Navarra","og_description":"D\u00f3nde comer en Navarra. Restaurantes y gastronom\u00eda de Navarra. Verdura de Navarra, esp\u00e1rrago de Navarra, ternera de Navarra, queso Roncal, vino D.O. Navarra","og_url":"https:\/\/visitnavarra.info\/visitnavarra\/comer-y-beber-en-navarra\/","og_site_name":"VisitNavarra","article_modified_time":"2025-08-14T08:05:28+00:00","twitter_card":"summary_large_image","twitter_misc":{"Tiempo de lectura":"1 minuto"},"schema":{"@context":"https:\/\/schema.org","@graph":[{"@type":"WebPage","@id":"https:\/\/visitnavarra.info\/visitnavarra\/comer-y-beber-en-navarra\/","url":"https:\/\/visitnavarra.info\/visitnavarra\/comer-y-beber-en-navarra\/","name":"COMER\/BEBER - VisitNavarra D\u00f3nde comer en Navarra","isPartOf":{"@id":"https:\/\/visitnavarra.info\/visitnavarra\/#website"},"datePublished":"2019-01-14T17:48:28+00:00","dateModified":"2025-08-14T08:05:28+00:00","description":"D\u00f3nde comer en Navarra. Restaurantes y gastronom\u00eda de Navarra. Verdura de Navarra, esp\u00e1rrago de Navarra, ternera de Navarra, queso Roncal, vino D.O. Navarra","breadcrumb":{"@id":"https:\/\/visitnavarra.info\/visitnavarra\/comer-y-beber-en-navarra\/#breadcrumb"},"inLanguage":"es","potentialAction":[{"@type":"ReadAction","target":["https:\/\/visitnavarra.info\/visitnavarra\/comer-y-beber-en-navarra\/"]}]},{"@type":"BreadcrumbList","@id":"https:\/\/visitnavarra.info\/visitnavarra\/comer-y-beber-en-navarra\/#breadcrumb","itemListElement":[{"@type":"ListItem","position":1,"name":"Portada","item":"https:\/\/visitnavarra.info\/visitnavarra\/"},{"@type":"ListItem","position":2,"name":"COMER\/BEBER"}]},{"@type":"WebSite","@id":"https:\/\/visitnavarra.info\/visitnavarra\/#website","url":"https:\/\/visitnavarra.info\/visitnavarra\/","name":"VisitNavarra","description":"Alojamiento y experiencias tur\u00edsticas en Navarra; qu\u00e9 visitar en Navarra; comer en Navarra","potentialAction":[{"@type":"SearchAction","target":{"@type":"EntryPoint","urlTemplate":"https:\/\/visitnavarra.info\/visitnavarra\/?s={search_term_string}"},"query-input":{"@type":"PropertyValueSpecification","valueRequired":true,"valueName":"search_term_string"}}],"inLanguage":"es"}]}},"_links":{"self":[{"href":"https:\/\/visitnavarra.info\/visitnavarra\/wp-json\/wp\/v2\/pages\/70","targetHints":{"allow":["GET"]}}],"collection":[{"href":"https:\/\/visitnavarra.info\/visitnavarra\/wp-json\/wp\/v2\/pages"}],"about":[{"href":"https:\/\/visitnavarra.info\/visitnavarra\/wp-json\/wp\/v2\/types\/page"}],"author":[{"embeddable":true,"href":"https:\/\/visitnavarra.info\/visitnavarra\/wp-json\/wp\/v2\/users\/1"}],"replies":[{"embeddable":true,"href":"https:\/\/visitnavarra.info\/visitnavarra\/wp-json\/wp\/v2\/comments?post=70"}],"version-history":[{"count":54,"href":"https:\/\/visitnavarra.info\/visitnavarra\/wp-json\/wp\/v2\/pages\/70\/revisions"}],"predecessor-version":[{"id":14094,"href":"https:\/\/visitnavarra.info\/visitnavarra\/wp-json\/wp\/v2\/pages\/70\/revisions\/14094"}],"wp:attachment":[{"href":"https:\/\/visitnavarra.info\/visitnavarra\/wp-json\/wp\/v2\/media?parent=70"}],"curies":[{"name":"wp","href":"https:\/\/api.w.org\/{rel}","templated":true}]}}