{"id":7564,"date":"2020-12-02T11:37:59","date_gmt":"2020-12-02T11:37:59","guid":{"rendered":"https:\/\/visitnavarra.info\/visitnavarra\/?page_id=7564"},"modified":"2020-12-02T12:43:17","modified_gmt":"2020-12-02T12:43:17","slug":"ruta-entre-foces","status":"publish","type":"page","link":"https:\/\/visitnavarra.info\/visitnavarra\/ruta-entre-foces\/","title":{"rendered":"Ruta Entre Foces"},"content":{"rendered":"<p style=\"text-align: center;\"><img loading=\"lazy\" decoding=\"async\" class=\"aligncenter wp-image-7566 size-full\" src=\"https:\/\/visitnavarra.info\/visitnavarra\/wp-content\/uploads\/2020\/12\/FozLumbier-1024.jpg\" alt=\"\" width=\"1024\" height=\"445\" srcset=\"https:\/\/visitnavarra.info\/visitnavarra\/wp-content\/uploads\/2020\/12\/FozLumbier-1024.jpg 1024w, https:\/\/visitnavarra.info\/visitnavarra\/wp-content\/uploads\/2020\/12\/FozLumbier-1024-300x130.jpg 300w, https:\/\/visitnavarra.info\/visitnavarra\/wp-content\/uploads\/2020\/12\/FozLumbier-1024-768x334.jpg 768w\" sizes=\"auto, (max-width: 1024px) 100vw, 1024px\" \/><em>Fotograf\u00edas cedidas por Gobierno de Navarra<\/em><\/p>\n<p>&nbsp;<\/p>\n<h3><strong>FOZ DE LUMBIER Y FOZ DE ARBAIUN<\/strong><\/h3>\n<p>En la <strong>Foz de Lumbier o en la de Arbaiun<\/strong>, uno siente, indefenso, la fuerza de la Naturaleza. Nos golpea el poder del agua y la erosi\u00f3n, que durante millones de a\u00f1os, lograron cavar gargantas en la monta\u00f1a. Son parajes inaccesibles de paredes verticales, cauces profundos, roquedos surcados por grietas y cuevas, refugio de muchos animales, en especial aves. Predominan los buitres leonados, quebrantahuesos, halcones, milanos. No extra\u00f1a que la Foz de Arbaiun fuera declarada Zona Especial de Protecci\u00f3n de Aves.<\/p>\n<p>Salimos de Pamplona direcci\u00f3n Zaragoza-Madrid y tomamos el desv\u00edo hacia Jaca-Huesca por la N240. Dejamos atr\u00e1s el puerto de Loiti y giramos a la izquierda por la N150 que, en tres kil\u00f3metros, nos dej\u00e1r\u00e1 en el desv\u00edo de la <strong>Foz de Lumbier<\/strong>.<\/p>\n<p>Nos espera un desfiladero de algo m\u00e1s de un kil\u00f3metro, 40 hect\u00e1reas de Reserva Natural y un desnivel de 130 metros tallado por el agua sobre duras rocas calizas. Al principio y al final, el paso es estrecho, si bien en su interior la amplitud crece. Lugar impenetrable a excepci\u00f3n de los valientes almadieros, vi\u00f3 pasar hasta los a\u00f1os 50 el ferrocarril \u201cEl Irati\u201d a trav\u00e9s de dos t\u00faneles horadados en la monta\u00f1a. Ahora, la antigua caja del tren posibilita un sendero en la Foz. En ella, encontramos un puente semiderru\u00eddo del siglo XVI que, seg\u00fan cuenta la leyenda, lo construy\u00f3 el diablo.<\/p>\n<p>Para visitar Arbaiun, salimos a la carretera de Lumbier, la N178, y ya en Dome\u00f1o nos dirigimos a Us\u00fan. Desde el puente de Us\u00fan, parte un estrech\u00edsimo sendero de 3 kil\u00f3metros tallado en la roca que fue canaleta de agua hasta Lumbier.<\/p>\n<p>Arbaiun es una Reseva Natural de 1.164 hect\u00e1reas. El r\u00edo Salazar recorre 6 kil\u00f3metros de v\u00e9rtigo, por un ca\u00f1\u00f3n de 385 metros de profundidad y 550 de separaci\u00f3n media entre sus paredes. Tiene una curiosa estructura: radicalmente vertical en su parte superior con paredes escarpadas de dura roca calc\u00e1rea y la parte m\u00e1s baja, m\u00e1s suavizada, de roca caliza arenosa, menos resistente y permeable, que favorece el desgaste.<\/p>\n","protected":false},"excerpt":{"rendered":"<p>Fotograf\u00edas cedidas por Gobierno de Navarra &nbsp; FOZ DE LUMBIER Y FOZ DE ARBAIUN En la Foz de Lumbier o en la de Arbaiun, uno siente, indefenso, la fuerza de la Naturaleza. Nos golpea el poder del agua y la erosi\u00f3n, que durante millones de a\u00f1os, lograron cavar gargantas en la monta\u00f1a. Son parajes inaccesibles de paredes verticales, cauces profundos, roquedos surcados por grietas y cuevas, refugio de muchos animales, en especial aves. Predominan los buitres leonados, quebrantahuesos, halcones, milanos. No extra\u00f1a que la Foz de Arbaiun fuera declarada Zona Especial de Protecci\u00f3n de Aves. Salimos de Pamplona direcci\u00f3n Zaragoza-Madrid y tomamos el desv\u00edo hacia Jaca-Huesca por la N240. Dejamos atr\u00e1s el puerto de Loiti y giramos a la izquierda por la N150 que, en tres kil\u00f3metros, nos dej\u00e1r\u00e1 en el desv\u00edo de la Foz de Lumbier. Nos espera un desfiladero de algo m\u00e1s de un kil\u00f3metro, 40 hect\u00e1reas de Reserva Natural y un desnivel de 130 metros tallado por el agua sobre duras rocas calizas. Al principio y al final, el paso es estrecho, si bien en su interior la amplitud crece. Lugar impenetrable a excepci\u00f3n de los valientes almadieros, vi\u00f3 pasar hasta los a\u00f1os 50 el ferrocarril \u201cEl [&hellip;]<\/p>\n","protected":false},"author":1,"featured_media":0,"parent":0,"menu_order":0,"comment_status":"closed","ping_status":"closed","template":"","meta":{"footnotes":""},"class_list":["post-7564","page","type-page","status-publish","hentry"],"yoast_head":"<!-- This site is optimized with the Yoast SEO plugin v23.5 - https:\/\/yoast.com\/wordpress\/plugins\/seo\/ -->\n<title>Foz de Lumbier y ArbaiunRuta Entre Foces - VisitNavarra<\/title>\n<meta name=\"description\" content=\"En la Foz de Lumbier o en la de Arbaiun, uno siente, indefenso, la fuerza de la Naturaleza. Nos golpea el poder del agua y la erosi\u00f3n.\" \/>\n<meta name=\"robots\" content=\"index, follow, max-snippet:-1, max-image-preview:large, max-video-preview:-1\" \/>\n<link rel=\"canonical\" href=\"https:\/\/visitnavarra.info\/visitnavarra\/ruta-entre-foces\/\" \/>\n<meta property=\"og:locale\" content=\"es_ES\" \/>\n<meta property=\"og:type\" content=\"article\" \/>\n<meta property=\"og:title\" content=\"Foz de Lumbier y ArbaiunRuta Entre Foces - VisitNavarra\" \/>\n<meta property=\"og:description\" content=\"En la Foz de Lumbier o en la de Arbaiun, uno siente, indefenso, la fuerza de la Naturaleza. Nos golpea el poder del agua y la erosi\u00f3n.\" \/>\n<meta property=\"og:url\" content=\"https:\/\/visitnavarra.info\/visitnavarra\/ruta-entre-foces\/\" \/>\n<meta property=\"og:site_name\" content=\"VisitNavarra\" \/>\n<meta property=\"article:modified_time\" content=\"2020-12-02T12:43:17+00:00\" \/>\n<meta property=\"og:image\" content=\"https:\/\/visitnavarra.info\/visitnavarra\/wp-content\/uploads\/2020\/12\/FozLumbier-1024.jpg\" \/>\n<meta name=\"twitter:card\" content=\"summary_large_image\" \/>\n<meta name=\"twitter:label1\" content=\"Tiempo de lectura\" \/>\n\t<meta name=\"twitter:data1\" content=\"2 minutos\" \/>\n<script type=\"application\/ld+json\" class=\"yoast-schema-graph\">{\"@context\":\"https:\/\/schema.org\",\"@graph\":[{\"@type\":\"WebPage\",\"@id\":\"https:\/\/visitnavarra.info\/visitnavarra\/ruta-entre-foces\/\",\"url\":\"https:\/\/visitnavarra.info\/visitnavarra\/ruta-entre-foces\/\",\"name\":\"Foz de Lumbier y ArbaiunRuta Entre Foces - VisitNavarra\",\"isPartOf\":{\"@id\":\"https:\/\/visitnavarra.info\/visitnavarra\/#website\"},\"primaryImageOfPage\":{\"@id\":\"https:\/\/visitnavarra.info\/visitnavarra\/ruta-entre-foces\/#primaryimage\"},\"image\":{\"@id\":\"https:\/\/visitnavarra.info\/visitnavarra\/ruta-entre-foces\/#primaryimage\"},\"thumbnailUrl\":\"https:\/\/visitnavarra.info\/visitnavarra\/wp-content\/uploads\/2020\/12\/FozLumbier-1024.jpg\",\"datePublished\":\"2020-12-02T11:37:59+00:00\",\"dateModified\":\"2020-12-02T12:43:17+00:00\",\"description\":\"En la Foz de Lumbier o en la de Arbaiun, uno siente, indefenso, la fuerza de la Naturaleza. Nos golpea el poder del agua y la erosi\u00f3n.\",\"breadcrumb\":{\"@id\":\"https:\/\/visitnavarra.info\/visitnavarra\/ruta-entre-foces\/#breadcrumb\"},\"inLanguage\":\"es\",\"potentialAction\":[{\"@type\":\"ReadAction\",\"target\":[\"https:\/\/visitnavarra.info\/visitnavarra\/ruta-entre-foces\/\"]}]},{\"@type\":\"ImageObject\",\"inLanguage\":\"es\",\"@id\":\"https:\/\/visitnavarra.info\/visitnavarra\/ruta-entre-foces\/#primaryimage\",\"url\":\"https:\/\/visitnavarra.info\/visitnavarra\/wp-content\/uploads\/2020\/12\/FozLumbier-1024.jpg\",\"contentUrl\":\"https:\/\/visitnavarra.info\/visitnavarra\/wp-content\/uploads\/2020\/12\/FozLumbier-1024.jpg\",\"width\":1024,\"height\":445},{\"@type\":\"BreadcrumbList\",\"@id\":\"https:\/\/visitnavarra.info\/visitnavarra\/ruta-entre-foces\/#breadcrumb\",\"itemListElement\":[{\"@type\":\"ListItem\",\"position\":1,\"name\":\"Portada\",\"item\":\"https:\/\/visitnavarra.info\/visitnavarra\/\"},{\"@type\":\"ListItem\",\"position\":2,\"name\":\"Ruta Entre Foces\"}]},{\"@type\":\"WebSite\",\"@id\":\"https:\/\/visitnavarra.info\/visitnavarra\/#website\",\"url\":\"https:\/\/visitnavarra.info\/visitnavarra\/\",\"name\":\"VisitNavarra\",\"description\":\"Alojamiento y experiencias tur\u00edsticas en Navarra; qu\u00e9 visitar en Navarra; comer en Navarra\",\"potentialAction\":[{\"@type\":\"SearchAction\",\"target\":{\"@type\":\"EntryPoint\",\"urlTemplate\":\"https:\/\/visitnavarra.info\/visitnavarra\/?s={search_term_string}\"},\"query-input\":{\"@type\":\"PropertyValueSpecification\",\"valueRequired\":true,\"valueName\":\"search_term_string\"}}],\"inLanguage\":\"es\"}]}<\/script>\n<!-- \/ Yoast SEO plugin. -->","yoast_head_json":{"title":"Foz de Lumbier y ArbaiunRuta Entre Foces - VisitNavarra","description":"En la Foz de Lumbier o en la de Arbaiun, uno siente, indefenso, la fuerza de la Naturaleza. Nos golpea el poder del agua y la erosi\u00f3n.","robots":{"index":"index","follow":"follow","max-snippet":"max-snippet:-1","max-image-preview":"max-image-preview:large","max-video-preview":"max-video-preview:-1"},"canonical":"https:\/\/visitnavarra.info\/visitnavarra\/ruta-entre-foces\/","og_locale":"es_ES","og_type":"article","og_title":"Foz de Lumbier y ArbaiunRuta Entre Foces - VisitNavarra","og_description":"En la Foz de Lumbier o en la de Arbaiun, uno siente, indefenso, la fuerza de la Naturaleza. Nos golpea el poder del agua y la erosi\u00f3n.","og_url":"https:\/\/visitnavarra.info\/visitnavarra\/ruta-entre-foces\/","og_site_name":"VisitNavarra","article_modified_time":"2020-12-02T12:43:17+00:00","og_image":[{"url":"https:\/\/visitnavarra.info\/visitnavarra\/wp-content\/uploads\/2020\/12\/FozLumbier-1024.jpg"}],"twitter_card":"summary_large_image","twitter_misc":{"Tiempo de lectura":"2 minutos"},"schema":{"@context":"https:\/\/schema.org","@graph":[{"@type":"WebPage","@id":"https:\/\/visitnavarra.info\/visitnavarra\/ruta-entre-foces\/","url":"https:\/\/visitnavarra.info\/visitnavarra\/ruta-entre-foces\/","name":"Foz de Lumbier y ArbaiunRuta Entre Foces - VisitNavarra","isPartOf":{"@id":"https:\/\/visitnavarra.info\/visitnavarra\/#website"},"primaryImageOfPage":{"@id":"https:\/\/visitnavarra.info\/visitnavarra\/ruta-entre-foces\/#primaryimage"},"image":{"@id":"https:\/\/visitnavarra.info\/visitnavarra\/ruta-entre-foces\/#primaryimage"},"thumbnailUrl":"https:\/\/visitnavarra.info\/visitnavarra\/wp-content\/uploads\/2020\/12\/FozLumbier-1024.jpg","datePublished":"2020-12-02T11:37:59+00:00","dateModified":"2020-12-02T12:43:17+00:00","description":"En la Foz de Lumbier o en la de Arbaiun, uno siente, indefenso, la fuerza de la Naturaleza. Nos golpea el poder del agua y la erosi\u00f3n.","breadcrumb":{"@id":"https:\/\/visitnavarra.info\/visitnavarra\/ruta-entre-foces\/#breadcrumb"},"inLanguage":"es","potentialAction":[{"@type":"ReadAction","target":["https:\/\/visitnavarra.info\/visitnavarra\/ruta-entre-foces\/"]}]},{"@type":"ImageObject","inLanguage":"es","@id":"https:\/\/visitnavarra.info\/visitnavarra\/ruta-entre-foces\/#primaryimage","url":"https:\/\/visitnavarra.info\/visitnavarra\/wp-content\/uploads\/2020\/12\/FozLumbier-1024.jpg","contentUrl":"https:\/\/visitnavarra.info\/visitnavarra\/wp-content\/uploads\/2020\/12\/FozLumbier-1024.jpg","width":1024,"height":445},{"@type":"BreadcrumbList","@id":"https:\/\/visitnavarra.info\/visitnavarra\/ruta-entre-foces\/#breadcrumb","itemListElement":[{"@type":"ListItem","position":1,"name":"Portada","item":"https:\/\/visitnavarra.info\/visitnavarra\/"},{"@type":"ListItem","position":2,"name":"Ruta Entre Foces"}]},{"@type":"WebSite","@id":"https:\/\/visitnavarra.info\/visitnavarra\/#website","url":"https:\/\/visitnavarra.info\/visitnavarra\/","name":"VisitNavarra","description":"Alojamiento y experiencias tur\u00edsticas en Navarra; qu\u00e9 visitar en Navarra; comer en Navarra","potentialAction":[{"@type":"SearchAction","target":{"@type":"EntryPoint","urlTemplate":"https:\/\/visitnavarra.info\/visitnavarra\/?s={search_term_string}"},"query-input":{"@type":"PropertyValueSpecification","valueRequired":true,"valueName":"search_term_string"}}],"inLanguage":"es"}]}},"_links":{"self":[{"href":"https:\/\/visitnavarra.info\/visitnavarra\/wp-json\/wp\/v2\/pages\/7564","targetHints":{"allow":["GET"]}}],"collection":[{"href":"https:\/\/visitnavarra.info\/visitnavarra\/wp-json\/wp\/v2\/pages"}],"about":[{"href":"https:\/\/visitnavarra.info\/visitnavarra\/wp-json\/wp\/v2\/types\/page"}],"author":[{"embeddable":true,"href":"https:\/\/visitnavarra.info\/visitnavarra\/wp-json\/wp\/v2\/users\/1"}],"replies":[{"embeddable":true,"href":"https:\/\/visitnavarra.info\/visitnavarra\/wp-json\/wp\/v2\/comments?post=7564"}],"version-history":[{"count":2,"href":"https:\/\/visitnavarra.info\/visitnavarra\/wp-json\/wp\/v2\/pages\/7564\/revisions"}],"predecessor-version":[{"id":7586,"href":"https:\/\/visitnavarra.info\/visitnavarra\/wp-json\/wp\/v2\/pages\/7564\/revisions\/7586"}],"wp:attachment":[{"href":"https:\/\/visitnavarra.info\/visitnavarra\/wp-json\/wp\/v2\/media?parent=7564"}],"curies":[{"name":"wp","href":"https:\/\/api.w.org\/{rel}","templated":true}]}}