{"id":7595,"date":"2020-12-02T13:09:35","date_gmt":"2020-12-02T13:09:35","guid":{"rendered":"https:\/\/visitnavarra.info\/visitnavarra\/?page_id=7595"},"modified":"2020-12-02T13:44:37","modified_gmt":"2020-12-02T13:44:37","slug":"ruta-ribera","status":"publish","type":"page","link":"https:\/\/visitnavarra.info\/visitnavarra\/ruta-ribera\/","title":{"rendered":"Ruta Ribera"},"content":{"rendered":"<div id=\"attachment_7596\" style=\"width: 1034px\" class=\"wp-caption aligncenter\"><img loading=\"lazy\" decoding=\"async\" aria-describedby=\"caption-attachment-7596\" class=\"wp-image-7596 size-full\" src=\"https:\/\/visitnavarra.info\/visitnavarra\/wp-content\/uploads\/2020\/12\/Bardenas-Reales-nicolas-beltran-lopez-S5whvFuDJ_M-unsplash-1024.jpg\" alt=\"\" width=\"1024\" height=\"445\" srcset=\"https:\/\/visitnavarra.info\/visitnavarra\/wp-content\/uploads\/2020\/12\/Bardenas-Reales-nicolas-beltran-lopez-S5whvFuDJ_M-unsplash-1024.jpg 1024w, https:\/\/visitnavarra.info\/visitnavarra\/wp-content\/uploads\/2020\/12\/Bardenas-Reales-nicolas-beltran-lopez-S5whvFuDJ_M-unsplash-1024-300x130.jpg 300w, https:\/\/visitnavarra.info\/visitnavarra\/wp-content\/uploads\/2020\/12\/Bardenas-Reales-nicolas-beltran-lopez-S5whvFuDJ_M-unsplash-1024-768x334.jpg 768w\" sizes=\"auto, (max-width: 1024px) 100vw, 1024px\" \/><p id=\"caption-attachment-7596\" class=\"wp-caption-text\">Nicol\u00e1s Beltr\u00e1n L\u00f3pez<\/p><\/div>\n<p>&nbsp;<\/p>\n<h3><strong>LAS BARDENAS<\/strong><\/h3>\n<p>Si Navarra es tierra de contrastes, las Bardenas son su extremo m\u00e1s radical. Un desierto en pleno norte peninsular, un cachito del S\u00e1hara cambiante por la erosi\u00f3n que nos hace imaginar pistoleros del Lejano Oriente enfrent\u00e1ndose al bandido forastero. Las Bardenas, territorio hist\u00f3rico de paso de ca\u00f1adas, seguro nos ha de impactar. Tiene una fort\u00edsima erosi\u00f3n que consigue caprichosos y cambiantes cabezos, cerros y barrancos, acentuados a\u00fan m\u00e1s por los cierzos invernales, las lluvias torrenciales y el bochorno veraniego.<\/p>\n<p>Las Bardenas, surcadas por sendas polvorientas, nos sugieren adentrarnos en ellas con un buen mapa de la zona bardenera o con alguien que conozca bien el lugar.<br \/>\nEst\u00e1n diferenciadas en cuatro zonas muy sugerentes.<\/p>\n<p>Las Bardenas son 415 kil\u00f3metros cuadrados de espectaculares paisajes entre los r\u00edos Arag\u00f3n y Ebro. En el centro, las Bardenas Blancas se llaman as\u00ed por la cantidad de elementos salinos y yesos que hay en el lugar. En el sur toparemos con la Bardena Negra, m\u00e1s parecida a los Monegros aragoneses, compuesta por arcillas rojas y calizas. El norte est\u00e1 ocupado por la Meseta de El Plano y el embalse del Ferial, repleto de variad\u00edsimas especies de aves acu\u00e1ticas. El este est\u00e1 ocupado por la Bardena Verde, zona de estepa que ha sido recientemente recuperada como regad\u00edo. Si queremos un buen mirador, podemos elegir entre la Virgen del Yugo, el Alto de Aguilares, El Paso y el Santuario de Sancho Abarca.<\/p>\n<p>La actividad principal de esta zona fue el pastoreo de reba\u00f1os que desde Roncal, Salazar o pueblos pr\u00f3ximos, a\u00f1o tras a\u00f1o, emprend\u00edan una trashumancia obligada hasta este m\u00e1gico lugar. Han quedado huellas en forma de sendas, corralizas y balsas. Pero no s\u00f3lo hubo animales en las Bardenas. Cont\u00f3 en alg\u00fan tiempo con varios castillos de los cuales hoy apenas se conservan cuatro ruinas como las del Castillo de Pe\u00f1aflor.<\/p>\n<p>Un consejo: evitemos las Bardenas en verano. Se alcanzan temperaturas superiores a los 37\u00ba. Cuando llueve fuertemente, tampoco es aconsejable, ya que el lodo nos puede ocasionar problemas.<\/p>\n<h3><strong>MONASTERIO DE LA OLIVA<\/strong><\/h3>\n<p>La Oliva, importante muestra de la aquitectura cisterciense, es un conjunto monumental fundado en el siglo XII.<br \/>\nObtuvo el favor y apoyo del Papado, la nobleza y monarqu\u00eda navarra y logr\u00f3, a mitad del siglo XII, ser uno de los monasterios m\u00e1s poderosos de Navarra gracias a sus tierras y extensa biblioteca.<\/p>\n<p>M\u00e1s adelante, llegaron los problemas pol\u00edticos y la desamortizaci\u00f3n de 1835 sumi\u00f3 al monasterio en la ruina y el abandono. Tenemos que esperar hasta 1927 para verlo habitado de nuevo por monjes que comenzaron la reconstrucci\u00f3n.<\/p>\n<p>La majestuosa fachada principal nos abre las puertas a un lugar m\u00e1gico. La iglesia de Santa Mar\u00eda, con una parte rom\u00e1nica y otra g\u00f3tica, fue sufragada por Sancho VI el Sabio y su hijo Sancho VII el Fuerte. Fue constru\u00edda en piedra sillar entre los siglos XII y XIII. Consta de tres naves. La austeridad cisterciense se aprecia en la sencilla decoraci\u00f3n del templo, que apenas se ci\u00f1e a motivos vegetales, animales y fant\u00e1sticos y algunas claves en las b\u00f3vedas. Cuenta con una sala capitular que integraba el primitivo claustro del siglo XII y que es una bonita expresi\u00f3n de obra protog\u00f3tica.<\/p>\n<p>Desde la iglesia, podemos acceder a un hermoso claustro g\u00f3tico del siglo XIV donde uno no siente pasar el tiempo. Sus galer\u00edas est\u00e1n cubiertas por b\u00f3vedas de crucer\u00eda, con nervios curvos unidos por claves decoradas. Adosado tambi\u00e9n a la iglesia, se encuentra el palacio abacial, edificado en el XVI y reformado en el XVIII.<br \/>\nFrente al \u00e1bside de la iglesia y en un lugar hoy utilizado como huerta del monasterio, hallamos la capilla de San Jesucristo, la parte m\u00e1s antigua de todo el monasterio.<\/p>\n<p>Debemos probar los productos artesanales del monasterio (hortalizas exquisitas, vinos tintos, blancos y rosados y un suave queso de vaca) y, si tenemos ocasi\u00f3n, alojarnos en la hospeder\u00eda para compartir, al menos unos d\u00edas, el estilo de vida de los monjes.<br \/>\nUn d\u00eda excelente para acudir a la Oliva, es cuando termina la Semana Santa y se celebra el Triduo Pascual. Se une la solemne ceremonia con el sentimiento del canto gregoriano.<\/p>\n<h3><strong>PE\u00d1AL\u00c9N<\/strong><\/h3>\n<p>Pe\u00f1al\u00e9n impresiona. De pronto hay suelo, de pronto no. La roca se corta tajantemente y, ya en el vaci\u00f3, crea el Barranco del Rey. Pe\u00f1al\u00e9n a\u00fan impacta m\u00e1s cuando descubrimos que por ese barranco, en el a\u00f1o 1076, fue despe\u00f1ado el rey Sancho IV empujado por sus propios hermanos, Ermesenda y Ram\u00f3n. Historia de odios, rencores y ambiciones y el deseo de una muerte segura. Si no lo creen, comprueben la altura desde la que fue lanzado el rey.<\/p>\n<p>Pe\u00f1al\u00e9n est\u00e1 en el t\u00e9rmino municipal de Funes. No siempre ha sido \u00fanicamente un barranco. Existi\u00f3 una villa denominada Pe\u00f1al\u00e9n ya en el 1084 y m\u00e1s tarde, en el siglo XIV, se llam\u00f3 Villanueva, aunque finalmente desapareci\u00f3. Parece ser que una crecida del r\u00edo Arga arras\u00f3 la villa y decidieron reedificarla lejos del r\u00edo. M\u00e1s adelante, hacia 1400, se extingui\u00f3 totalmente.<br \/>\nPe\u00f1al\u00e9n asiste impert\u00e9rrito a la uni\u00f3n de dos r\u00edos, el Arga y el Arag\u00f3n, que se funden bajo la mirada atenta de Funes y Milagro. Las aguas del r\u00edo Arga se mezclan con las del Arag\u00f3n y no tendr\u00e1n que recorrer muchos kil\u00f3metros m\u00e1s hasta enlazarse definitivamente, muy cerca de Milagro, con el gran r\u00edo Ebro.<\/p>\n<p>Desde este promontorio compuesto por yesos y arcillas, se aprecia un paisaje arrebatador: la confluencia de los dos r\u00edos rodeados de tierras de cultivos de cereales y vi\u00f1edos con zona de huertas. Los r\u00edos erosionan los yesos y arcillas y estos materiales caen en bloque a modo de placas verticales formando acantilados como Pe\u00f1al\u00e9n. En terrenos cercanos, existen tambi\u00e9n otros desniveles menores.<\/p>\n<p>Podemos sentir el olor a tomillo, romero y los matorrales m\u00e1s cercanos, en este entorno algo \u00e1rido, algo hostil. Se percibe su clima, seco y c\u00e1lido. Por otra parte, es bastante habitual encontrarse por los alrededores de Pe\u00f1al\u00e9n con un reba\u00f1o de ovejas.<\/p>\n<p>Es bueno conocer que Pe\u00f1al\u00e9n cuenta con una ruta circular de 13 km convenientemente se\u00f1alizada que se puede realizar tanto a pie como en bicicleta y que las gentes de los alrededores frecuentan. Eso s\u00ed, en verano, el sol castiga. Les recomendamos ir en otras fechas.<\/p>\n<h3><strong>TUDELA<\/strong><\/h3>\n<p>La capital de la Ribera es conocida por su huerta y la convivencia hist\u00f3rica de distintas culturas. Fue el mulad\u00ed Amrus Ibn Yusuf el que convirti\u00f3 a Tudela en un importante n\u00facleo urbano. Los musulmanes estuvieron en Tudela desde el siglo IX hasta el XII. Tras la reconquista en el 1119, el rey Alfonso el Batallador busc\u00f3 la cohexistencia de las tres culturas monote\u00edstas asentadas en Tudela. Durante cuatro siglos lo consiguieron. Los jud\u00edos eran doctos en joyer\u00eda, peleter\u00eda, medicina y pr\u00e9stamo mercantil y los musulmanes, en agricultura, carpinter\u00eda y alba\u00f1iler\u00eda. Vivieron en paz y la prueba es que de Tudela salieron grandes hombres en las letras, matem\u00e1ticas y medicina. Todo termin\u00f3 cuando los jud\u00edos fueron expulsados en 1.498 y los musulmanes en 1516.<\/p>\n<p>La mezcla de culturas se deja sentir en el Casco Antiguo. La vida bulle alrededor de la Plaza de los Fueros. Cuatro fachadas repletas de balcones y cer\u00e1micas con escudos y escenas taurinas, nos evocan aquellos tiempos (desde 1700 hasta 1842) en los que era utilizada para celebrar corridas de toros. En el centro, un kiosko: la curiosa Casa del Reloj.<\/p>\n<p>Desde aqu\u00ed, vamos a la Catedral de Tudela, que se levant\u00f3 en el 1180 sobre los restos que a\u00fan se conservan de la antigua mezquita mayor. De estilo g\u00f3tico, la catedral acoge un bonito claustro rom\u00e1nico, as\u00ed como la rom\u00e1nica Portada del Juicio. La Catedral tiene como peculiaridad un buen n\u00famero de capillas. Su elevada torre es emblema de la ciudad.<\/p>\n<p>En las cercan\u00edas del templo, visitaremos hist\u00f3ricos edificios civiles como el Palacio del De\u00e1n, con su fachada plateresca, el Palacio del Marqu\u00e9s de Huarte, barroco del XVIII con una impresionante escalera y b\u00f3vedas, la Casa de los Condes de Heredia-Spinola y la Casa del Almirante, plateresco caser\u00edo se\u00f1orial navarro. Direcci\u00f3n hacia el puente sobre el Ebro, en la calle Portal, encontraremos el Palacio del Marqu\u00e9s de San Adri\u00e1n, con su elaborado alero y patio renacentista y la preciosa Iglesia de la Magdalena, el monumento m\u00e1s antiguo de Tudela.<\/p>\n<p>El Sagrado Coraz\u00f3n observa Tudela. En las orillas del Ebro, crecen verduras excelentes: alcachofas, pimientos, cogollos, esp\u00e1rragos, cardos, guisantes, alubias, borraja, \u2026 Eso sin olvidar los vinos.<\/p>\n<p><strong>\u00a1A disfrutarlo!<\/strong><\/p>\n","protected":false},"excerpt":{"rendered":"<p>&nbsp; LAS BARDENAS Si Navarra es tierra de contrastes, las Bardenas son su extremo m\u00e1s radical. Un desierto en pleno norte peninsular, un cachito del S\u00e1hara cambiante por la erosi\u00f3n que nos hace imaginar pistoleros del Lejano Oriente enfrent\u00e1ndose al bandido forastero. Las Bardenas, territorio hist\u00f3rico de paso de ca\u00f1adas, seguro nos ha de impactar. Tiene una fort\u00edsima erosi\u00f3n que consigue caprichosos y cambiantes cabezos, cerros y barrancos, acentuados a\u00fan m\u00e1s por los cierzos invernales, las lluvias torrenciales y el bochorno veraniego. Las Bardenas, surcadas por sendas polvorientas, nos sugieren adentrarnos en ellas con un buen mapa de la zona bardenera o con alguien que conozca bien el lugar. Est\u00e1n diferenciadas en cuatro zonas muy sugerentes. Las Bardenas son 415 kil\u00f3metros cuadrados de espectaculares paisajes entre los r\u00edos Arag\u00f3n y Ebro. En el centro, las Bardenas Blancas se llaman as\u00ed por la cantidad de elementos salinos y yesos que hay en el lugar. En el sur toparemos con la Bardena Negra, m\u00e1s parecida a los Monegros aragoneses, compuesta por arcillas rojas y calizas. El norte est\u00e1 ocupado por la Meseta de El Plano y el embalse del Ferial, repleto de variad\u00edsimas especies de aves acu\u00e1ticas. El este est\u00e1 ocupado por [&hellip;]<\/p>\n","protected":false},"author":1,"featured_media":0,"parent":0,"menu_order":0,"comment_status":"closed","ping_status":"closed","template":"","meta":{"footnotes":""},"class_list":["post-7595","page","type-page","status-publish","hentry"],"yoast_head":"<!-- This site is optimized with the Yoast SEO plugin v23.5 - https:\/\/yoast.com\/wordpress\/plugins\/seo\/ -->\n<title>Ruta Ribera Las BardenasRuta Ribera - VisitNavarra<\/title>\n<meta name=\"description\" content=\"Si Navarra es tierra de contrastes, las Bardenas son su extremo m\u00e1s radical. Un desierto en pleno norte peninsular, un cachito del S\u00e1hara\" \/>\n<meta name=\"robots\" content=\"index, follow, max-snippet:-1, max-image-preview:large, max-video-preview:-1\" \/>\n<link rel=\"canonical\" href=\"https:\/\/visitnavarra.info\/visitnavarra\/ruta-ribera\/\" \/>\n<meta property=\"og:locale\" content=\"es_ES\" \/>\n<meta property=\"og:type\" content=\"article\" \/>\n<meta property=\"og:title\" content=\"Ruta Ribera Las BardenasRuta Ribera - VisitNavarra\" \/>\n<meta property=\"og:description\" content=\"Si Navarra es tierra de contrastes, las Bardenas son su extremo m\u00e1s radical. Un desierto en pleno norte peninsular, un cachito del S\u00e1hara\" \/>\n<meta property=\"og:url\" content=\"https:\/\/visitnavarra.info\/visitnavarra\/ruta-ribera\/\" \/>\n<meta property=\"og:site_name\" content=\"VisitNavarra\" \/>\n<meta property=\"article:modified_time\" content=\"2020-12-02T13:44:37+00:00\" \/>\n<meta property=\"og:image\" content=\"https:\/\/visitnavarra.info\/visitnavarra\/wp-content\/uploads\/2020\/12\/Bardenas-Reales-nicolas-beltran-lopez-S5whvFuDJ_M-unsplash-1024.jpg\" \/>\n<meta name=\"twitter:card\" content=\"summary_large_image\" \/>\n<meta name=\"twitter:label1\" content=\"Tiempo de lectura\" \/>\n\t<meta name=\"twitter:data1\" content=\"8 minutos\" \/>\n<script type=\"application\/ld+json\" class=\"yoast-schema-graph\">{\"@context\":\"https:\/\/schema.org\",\"@graph\":[{\"@type\":\"WebPage\",\"@id\":\"https:\/\/visitnavarra.info\/visitnavarra\/ruta-ribera\/\",\"url\":\"https:\/\/visitnavarra.info\/visitnavarra\/ruta-ribera\/\",\"name\":\"Ruta Ribera Las BardenasRuta Ribera - VisitNavarra\",\"isPartOf\":{\"@id\":\"https:\/\/visitnavarra.info\/visitnavarra\/#website\"},\"primaryImageOfPage\":{\"@id\":\"https:\/\/visitnavarra.info\/visitnavarra\/ruta-ribera\/#primaryimage\"},\"image\":{\"@id\":\"https:\/\/visitnavarra.info\/visitnavarra\/ruta-ribera\/#primaryimage\"},\"thumbnailUrl\":\"https:\/\/visitnavarra.info\/visitnavarra\/wp-content\/uploads\/2020\/12\/Bardenas-Reales-nicolas-beltran-lopez-S5whvFuDJ_M-unsplash-1024.jpg\",\"datePublished\":\"2020-12-02T13:09:35+00:00\",\"dateModified\":\"2020-12-02T13:44:37+00:00\",\"description\":\"Si Navarra es tierra de contrastes, las Bardenas son su extremo m\u00e1s radical. Un desierto en pleno norte peninsular, un cachito del S\u00e1hara\",\"breadcrumb\":{\"@id\":\"https:\/\/visitnavarra.info\/visitnavarra\/ruta-ribera\/#breadcrumb\"},\"inLanguage\":\"es\",\"potentialAction\":[{\"@type\":\"ReadAction\",\"target\":[\"https:\/\/visitnavarra.info\/visitnavarra\/ruta-ribera\/\"]}]},{\"@type\":\"ImageObject\",\"inLanguage\":\"es\",\"@id\":\"https:\/\/visitnavarra.info\/visitnavarra\/ruta-ribera\/#primaryimage\",\"url\":\"https:\/\/visitnavarra.info\/visitnavarra\/wp-content\/uploads\/2020\/12\/Bardenas-Reales-nicolas-beltran-lopez-S5whvFuDJ_M-unsplash-1024.jpg\",\"contentUrl\":\"https:\/\/visitnavarra.info\/visitnavarra\/wp-content\/uploads\/2020\/12\/Bardenas-Reales-nicolas-beltran-lopez-S5whvFuDJ_M-unsplash-1024.jpg\",\"width\":1024,\"height\":445,\"caption\":\"Nicol\u00e1s Beltr\u00e1n L\u00f3pez\"},{\"@type\":\"BreadcrumbList\",\"@id\":\"https:\/\/visitnavarra.info\/visitnavarra\/ruta-ribera\/#breadcrumb\",\"itemListElement\":[{\"@type\":\"ListItem\",\"position\":1,\"name\":\"Portada\",\"item\":\"https:\/\/visitnavarra.info\/visitnavarra\/\"},{\"@type\":\"ListItem\",\"position\":2,\"name\":\"Ruta Ribera\"}]},{\"@type\":\"WebSite\",\"@id\":\"https:\/\/visitnavarra.info\/visitnavarra\/#website\",\"url\":\"https:\/\/visitnavarra.info\/visitnavarra\/\",\"name\":\"VisitNavarra\",\"description\":\"Alojamiento y experiencias tur\u00edsticas en Navarra; qu\u00e9 visitar en Navarra; comer en Navarra\",\"potentialAction\":[{\"@type\":\"SearchAction\",\"target\":{\"@type\":\"EntryPoint\",\"urlTemplate\":\"https:\/\/visitnavarra.info\/visitnavarra\/?s={search_term_string}\"},\"query-input\":{\"@type\":\"PropertyValueSpecification\",\"valueRequired\":true,\"valueName\":\"search_term_string\"}}],\"inLanguage\":\"es\"}]}<\/script>\n<!-- \/ Yoast SEO plugin. -->","yoast_head_json":{"title":"Ruta Ribera Las BardenasRuta Ribera - VisitNavarra","description":"Si Navarra es tierra de contrastes, las Bardenas son su extremo m\u00e1s radical. Un desierto en pleno norte peninsular, un cachito del S\u00e1hara","robots":{"index":"index","follow":"follow","max-snippet":"max-snippet:-1","max-image-preview":"max-image-preview:large","max-video-preview":"max-video-preview:-1"},"canonical":"https:\/\/visitnavarra.info\/visitnavarra\/ruta-ribera\/","og_locale":"es_ES","og_type":"article","og_title":"Ruta Ribera Las BardenasRuta Ribera - VisitNavarra","og_description":"Si Navarra es tierra de contrastes, las Bardenas son su extremo m\u00e1s radical. Un desierto en pleno norte peninsular, un cachito del S\u00e1hara","og_url":"https:\/\/visitnavarra.info\/visitnavarra\/ruta-ribera\/","og_site_name":"VisitNavarra","article_modified_time":"2020-12-02T13:44:37+00:00","og_image":[{"url":"https:\/\/visitnavarra.info\/visitnavarra\/wp-content\/uploads\/2020\/12\/Bardenas-Reales-nicolas-beltran-lopez-S5whvFuDJ_M-unsplash-1024.jpg"}],"twitter_card":"summary_large_image","twitter_misc":{"Tiempo de lectura":"8 minutos"},"schema":{"@context":"https:\/\/schema.org","@graph":[{"@type":"WebPage","@id":"https:\/\/visitnavarra.info\/visitnavarra\/ruta-ribera\/","url":"https:\/\/visitnavarra.info\/visitnavarra\/ruta-ribera\/","name":"Ruta Ribera Las BardenasRuta Ribera - VisitNavarra","isPartOf":{"@id":"https:\/\/visitnavarra.info\/visitnavarra\/#website"},"primaryImageOfPage":{"@id":"https:\/\/visitnavarra.info\/visitnavarra\/ruta-ribera\/#primaryimage"},"image":{"@id":"https:\/\/visitnavarra.info\/visitnavarra\/ruta-ribera\/#primaryimage"},"thumbnailUrl":"https:\/\/visitnavarra.info\/visitnavarra\/wp-content\/uploads\/2020\/12\/Bardenas-Reales-nicolas-beltran-lopez-S5whvFuDJ_M-unsplash-1024.jpg","datePublished":"2020-12-02T13:09:35+00:00","dateModified":"2020-12-02T13:44:37+00:00","description":"Si Navarra es tierra de contrastes, las Bardenas son su extremo m\u00e1s radical. Un desierto en pleno norte peninsular, un cachito del S\u00e1hara","breadcrumb":{"@id":"https:\/\/visitnavarra.info\/visitnavarra\/ruta-ribera\/#breadcrumb"},"inLanguage":"es","potentialAction":[{"@type":"ReadAction","target":["https:\/\/visitnavarra.info\/visitnavarra\/ruta-ribera\/"]}]},{"@type":"ImageObject","inLanguage":"es","@id":"https:\/\/visitnavarra.info\/visitnavarra\/ruta-ribera\/#primaryimage","url":"https:\/\/visitnavarra.info\/visitnavarra\/wp-content\/uploads\/2020\/12\/Bardenas-Reales-nicolas-beltran-lopez-S5whvFuDJ_M-unsplash-1024.jpg","contentUrl":"https:\/\/visitnavarra.info\/visitnavarra\/wp-content\/uploads\/2020\/12\/Bardenas-Reales-nicolas-beltran-lopez-S5whvFuDJ_M-unsplash-1024.jpg","width":1024,"height":445,"caption":"Nicol\u00e1s Beltr\u00e1n L\u00f3pez"},{"@type":"BreadcrumbList","@id":"https:\/\/visitnavarra.info\/visitnavarra\/ruta-ribera\/#breadcrumb","itemListElement":[{"@type":"ListItem","position":1,"name":"Portada","item":"https:\/\/visitnavarra.info\/visitnavarra\/"},{"@type":"ListItem","position":2,"name":"Ruta Ribera"}]},{"@type":"WebSite","@id":"https:\/\/visitnavarra.info\/visitnavarra\/#website","url":"https:\/\/visitnavarra.info\/visitnavarra\/","name":"VisitNavarra","description":"Alojamiento y experiencias tur\u00edsticas en Navarra; qu\u00e9 visitar en Navarra; comer en Navarra","potentialAction":[{"@type":"SearchAction","target":{"@type":"EntryPoint","urlTemplate":"https:\/\/visitnavarra.info\/visitnavarra\/?s={search_term_string}"},"query-input":{"@type":"PropertyValueSpecification","valueRequired":true,"valueName":"search_term_string"}}],"inLanguage":"es"}]}},"_links":{"self":[{"href":"https:\/\/visitnavarra.info\/visitnavarra\/wp-json\/wp\/v2\/pages\/7595","targetHints":{"allow":["GET"]}}],"collection":[{"href":"https:\/\/visitnavarra.info\/visitnavarra\/wp-json\/wp\/v2\/pages"}],"about":[{"href":"https:\/\/visitnavarra.info\/visitnavarra\/wp-json\/wp\/v2\/types\/page"}],"author":[{"embeddable":true,"href":"https:\/\/visitnavarra.info\/visitnavarra\/wp-json\/wp\/v2\/users\/1"}],"replies":[{"embeddable":true,"href":"https:\/\/visitnavarra.info\/visitnavarra\/wp-json\/wp\/v2\/comments?post=7595"}],"version-history":[{"count":1,"href":"https:\/\/visitnavarra.info\/visitnavarra\/wp-json\/wp\/v2\/pages\/7595\/revisions"}],"predecessor-version":[{"id":7600,"href":"https:\/\/visitnavarra.info\/visitnavarra\/wp-json\/wp\/v2\/pages\/7595\/revisions\/7600"}],"wp:attachment":[{"href":"https:\/\/visitnavarra.info\/visitnavarra\/wp-json\/wp\/v2\/media?parent=7595"}],"curies":[{"name":"wp","href":"https:\/\/api.w.org\/{rel}","templated":true}]}}