{"id":7628,"date":"2020-12-02T14:46:42","date_gmt":"2020-12-02T14:46:42","guid":{"rendered":"https:\/\/visitnavarra.info\/visitnavarra\/?page_id=7628"},"modified":"2020-12-02T14:46:42","modified_gmt":"2020-12-02T14:46:42","slug":"ruta-zona-media-este","status":"publish","type":"page","link":"https:\/\/visitnavarra.info\/visitnavarra\/ruta-zona-media-este\/","title":{"rendered":"Ruta Zona Media Este"},"content":{"rendered":"<p style=\"text-align: center;\"><img loading=\"lazy\" decoding=\"async\" class=\"aligncenter wp-image-7629 size-full\" src=\"https:\/\/visitnavarra.info\/visitnavarra\/wp-content\/uploads\/2020\/12\/PalacioVallesantoroSangesa-1024.jpg\" alt=\"\" width=\"1024\" height=\"445\" srcset=\"https:\/\/visitnavarra.info\/visitnavarra\/wp-content\/uploads\/2020\/12\/PalacioVallesantoroSangesa-1024.jpg 1024w, https:\/\/visitnavarra.info\/visitnavarra\/wp-content\/uploads\/2020\/12\/PalacioVallesantoroSangesa-1024-300x130.jpg 300w, https:\/\/visitnavarra.info\/visitnavarra\/wp-content\/uploads\/2020\/12\/PalacioVallesantoroSangesa-1024-768x334.jpg 768w\" sizes=\"auto, (max-width: 1024px) 100vw, 1024px\" \/><em>Fotograf\u00edas cedidas por Gobierno de Navarra<\/em><\/p>\n<p>&nbsp;<\/p>\n<h3><strong>ZONA MEDIA ESTE: Sang\u00fcesa-Sos del Rey Cat\u00f3lico- Javier-Yesa-Monasterio de Leire<\/strong><\/h3>\n<p>Dejamos Pamplona por la carretera Zaragoza-Madrid hasta el Km 6,8 donde emprendemos ruta hacia Huesca y Jaca. Nos dirigimos a la zona que constituye la mayor concentraci\u00f3n en Navarra de espacios calificados por Europa como <strong>Reservas Naturales<\/strong>. En este lugar, se mezcla la Naturaleza con el sello hist\u00f3rico, monumental y arquitect\u00f3nico de la mano del Hombre, que se siente en sus pueblos y, como no, en el Pantano de Yesa o Mar de los Pirineos.<\/p>\n<p>Dejaremos atr\u00e1s la Higa de Monreal y, a partir de ese momento, no debemos perdernos el margen izquierdo de la ruta: la impresionante naturaleza agreste, radical, de la Foz de Lumbier y los valles que lo rodean, la garganta dibujada por el r\u00edo Irati, el verdor salvaje en contraste con la piedra caliza gris\u00e1cea y al fondo, en los d\u00edas claros de invierno, el esplendor del Pirineo Aragon\u00e9s y sus picos nevados.<\/p>\n<p>Continuamos hacia Li\u00e9dena donde nos desviamos por la carretera NA 127 hacia la monumental ciudad de Sang\u00fcesa, localidad que da nombre a la merindad y que es un lujo de edificios hist\u00f3ricos.<\/p>\n<p>En este punto, cruzaremos las fronteras que durante muchos siglos fueron motivo de enfrentamientos entre los Reinos de Navarra y Arag\u00f3n. Sos del Rey Cat\u00f3lico, lugar que fue por \u00faltima vez navarro en el siglo XII, lo merece todo: calles estrechas, recuerdos medievales, murallas, su castillo, su hermosa casa consistorial renacentista y su no menos bonita iglesia rom\u00e1nica de San Esteban. No todos los d\u00edas se puede pasear por el lugar que vi\u00f3 nacer al rey Fernando el Cat\u00f3lico.<\/p>\n<p>Regresamos por la carretera NA 127, algo tortuosa, hasta Sang\u00fcesa para tomar el desv\u00edo que marca a Javier. Apenas 8 Km. para encontrarnos con el Castillo, cuna de San Francisco Javier, patr\u00f3n de Navarra y que mueve a miles de navarros todos los a\u00f1os en peregrinaci\u00f3n en las tradicionales javieradas.<\/p>\n<p>Visitado el <strong>Castillo de Javier,<\/strong> nos dirigimos a Yesa y tomamos la ruta que nos lleva hasta el Monasterio de Leire, enmarcado en la Sierra de Leire, entre bosques, carrascales y quejigales, dominando la extensi\u00f3n del Pantano de Yesa. Seguro que no nos deja indiferentes.<\/p>\n<h3><strong>SANG\u00dcESA<\/strong><\/h3>\n<p>Sang\u00fcesa la Vieja estuvo emplazada en lo alto de una colina conocida por Rocaforte. Naci\u00f3 para proteger a Pamplona de las invasiones musulmanas y m\u00e1s tarde, sirvi\u00f3 como fortaleza para defendernos del Reino de Arag\u00f3n. En el a\u00f1o 1121, Alfonso el Batallador traslad\u00f3 la ciudad hasta su emplazamiento actual, un lugar de paso continuo y uni\u00f3n de cuatro calzadas romanas: las provenientes de Zaragoza, Jaca, Pamplona y Dax. Adem\u00e1s, Sang\u00fcesa est\u00e1 en pleno Camino de Santiago.<\/p>\n<p>Con un cometido defensivo tan importante, Sang\u00fcesa pronto comenz\u00f3 a gozar de privilegios reales que le permitieron hacerse con un patrimonio art\u00edstico, tanto religioso como civil, que se palpa a cada paso.<\/p>\n<p>Quiz\u00e1 su joya m\u00e1s valiosa sea la iglesia de<strong> Santa Mar\u00eda la Real,<\/strong> declarada monumento nacional, y en especial el conjunto escult\u00f3rico de su bell\u00edsima portada con columnas estatua y delicada iconograf\u00eda. A\u00fan as\u00ed, no podemos olvidar su torre octogonal g\u00f3tica, los tres \u00e1bsides de la cabecera, del siglo XIII, el retablo mayor plateresco con la talla g\u00f3tica de la Virgen de Rocamador y una custodia procesional g\u00f3tica.<\/p>\n<p>Si seguimos por la calle Mayor, toparemos con el Palacio de los Duques de Granada, del siglo XV y el Palacio de los Condes de Guendul\u00e1in, del XVII. En la calle Alfonso el Batallador, encontraremos el Palacio de Vallesantoro, su hermosa fachada churrigueresca del siglo XVII y un monumental alero de madera tallada que hoy alberga a la Casa de Cultura.<\/p>\n<p>Si continuamos esta calle alcanzaremos la iglesia g\u00f3tica de San Salvador y su portada, imagen del Juicio Final. Adem\u00e1s, no deben abandonar Sang\u00fcesa sin ver la Casa Consistorial y su fachada renacentista. Este edificio es una ampliaci\u00f3n del Palacio fortaleza Pr\u00edncipe de Viana, lugar en el que este pr\u00edncipe habit\u00f3 cuando Sang\u00fcesa fue Corte de los Reyes de Navarra. El Palacio a\u00fan cuenta con dos torres almenadas y un foso interior.<\/p>\n<p>Visitaremos tambi\u00e9n la iglesia de Santiago, entre el rom\u00e1nico y el g\u00f3tico, y cuyo entarimado escond\u00eda una colosal estatua de piedra del Ap\u00f3stol Santiago descubierta en 1965.<\/p>\n<p>Adem\u00e1s, debemos mencionar el Convento de San Francisco de As\u00eds y el de Nuestra Se\u00f1ora del Carmen. Este convento, adem\u00e1s de acoger una bonita iglesia y claustro g\u00f3tico, cuenta con un peculiar museo: relojes antiguos de torre desde 1546 hasta nuestros d\u00edas.<\/p>\n<h3><strong>CASTILLO DE JAVIER<\/strong><\/h3>\n<p><strong>San Francisco Javier, patr\u00f3n de Navarra,<\/strong> re\u00fane todos los a\u00f1os en el mes de marzo a miles de navarros que no faltan a la Javierada (algunos llevan haci\u00e9ndolo casi 40 a\u00f1os). Desde toda la geograf\u00eda foral, acuden en peregrinaci\u00f3n hasta Sang\u00fcesa. A la ma\u00f1ana siguiente, la masiva corte de peregrinos recorren en V\u00eda Crucis los ocho kil\u00f3metros que separan Sang\u00fcesa de Javier, lugar que vi\u00f3 nacer al santo en 1506, un infatigable misionero que recorri\u00f3 tierras tan lejanas como las japonesas.<\/p>\n<p>El Castillo se construy\u00f3 en el siglo X a partir de una torre creada para vigilar la frontera sobre una roca desde la que se divisaba el valle del Arag\u00f3n. En 1223, Sancho VII el Fuerte recibi\u00f3 esta fortaleza del infante de Arag\u00f3n como garant\u00eda de un pr\u00e9stamo de 9.000 sueldos. Esta cantidad no fue devuelta y el castillo qued\u00f3 para Navarra.<\/p>\n<p>En torno a esa torre, los due\u00f1os del castillo fueron construyendo recintos defensivos hasta convertirlo en un castillo. La torre del Homenaje est\u00e1 dedicada a San Miguel, por ello tambi\u00e9n se la conoce como la torre de San Miguel o la Torraza.<\/p>\n<p>Ahora del Castillo encontramos una restauraci\u00f3n del siglo XIX, ya que el cardenal Cisneros oblig\u00f3 a demoler el castillo casi en su totalidad tras la anexi\u00f3n de Navarra a Castilla. Cisneros mand\u00f3 arrasar los muros exteriores, desmochar las torres, cegar los fosos e inutilizar las saeteras. Despu\u00e9s de esta destrucci\u00f3n, el castillo ha sido objeto de continuas restauraciones.<\/p>\n<p>Este edificio est\u00e1 formado por fuertes torres almenadas y adosada a su muro, se alza la bas\u00edlica, lugar donde se halla la pila en la que fue bautizado San Francisco Javier. Podemos recorrer las dependencias del castillo con los gu\u00edas, ya que ellos nos contar\u00e1n los recuerdos de la vida del santo en estas dependencias. Nos hablar\u00e1n de la imagen del Cristo de la sonrisa, constru\u00edda en madera de nogal y que preside una capilla con pinturas murales sobre la Danza de la Muerte, en la que esqueletos amarillos se dibujan sobre el fondo negro, y nos contar\u00e1n los secretos que esconden estos, ya de por s\u00ed, impresionantes muros.<\/p>\n<h3><strong>MONASTERIO DE LEIRE<\/strong><\/h3>\n<p>El <strong>Monasterio de San Salvador de Leire<\/strong> goza del esplendor de su salvaje Sierra, con su cornisa recortada de rojizas e imposibles pe\u00f1as y bosques y, bajo su mirar, el Pantano de Yesa, imponente con su presa de 74 metros de altura y 411 de longitud y sus aguas azules.<\/p>\n<p>En este paisaje, encontramos el Monasterio, impregnado de historia, belleza y leyendas, como la de San Virila, abad del monasterio que extasiado por el canto de un ave, se detuvo un instante frente a una fuente a escucharlo. Cuando regres\u00f3, descubri\u00f3 at\u00f3nito que hab\u00edan pasado 300 a\u00f1os.<\/p>\n<p>Ya desde el a\u00f1o 848, sabemos que existe el monasterio. En sus primeros siglos, fue el gran centro religioso y cultural del reino de Pamplona y lugar elegido por los reyes para descansar eternamente. A\u00fan hoy, el 3 de Diciembre se conmemora solemnemente en este lugar el d\u00eda de Navarra y de San Francisco Javier.<\/p>\n<p>Leire es una de las primeras construcciones rom\u00e1nicas de la Pen\u00ednsula. Cuando uno pasea por su interior, imagina la vida de los cl\u00e9rigos entre sus muros. Por \u00e9l pasaron monjes benedictinos y cistercienses tras 75 a\u00f1os de disputas entre ellos. La vida mon\u00e1stica desapareci\u00f3 en 1836 con la desamortizaci\u00f3n de Mendiz\u00e1bal, y los monjes no regresaron, en este caso benedictinos, hasta 1954.<\/p>\n<p>Leire est\u00e1 compuesto por la cripta, los \u00e1bsides, tres naves rom\u00e1nicas y la esbelta torre cuadrangular. La cripta es un tesoro: un recinto primitivo y arcaico, sembrado de robustas columnas enmarcadas por enormes y desiguales capiteles con una r\u00fastica ornamentaci\u00f3n del siglo XI. La sobriedad marca cada part\u00edcula de este lugar. Ya en la iglesia, la gran nave g\u00f3tica apenas recurre a la decoraci\u00f3n. Fij\u00e9monos en la talla del Cristo en la Cruz, que no es otro que San Salvador de Leire. Tras una preciosa reja g\u00f3tica, encontraremos la arqueta neog\u00f3tica que guarda los restos de los monarcas m\u00e1s antiguos.<\/p>\n<p>Podemos observar un bello retablo que relata el martirio que sufrieron las santas Nunilo y Alodia en manos de los musulmanes.<br \/>\nYa en el exterior, nos fijaremos en La Porta Speciosa, entrada principal a la Iglesia y muestra del rom\u00e1nico del siglo XII, que re\u00fane belleza en cada uno de los detalles de su abundante decoraci\u00f3n.<\/p>\n","protected":false},"excerpt":{"rendered":"<p>Fotograf\u00edas cedidas por Gobierno de Navarra &nbsp; ZONA MEDIA ESTE: Sang\u00fcesa-Sos del Rey Cat\u00f3lico- Javier-Yesa-Monasterio de Leire Dejamos Pamplona por la carretera Zaragoza-Madrid hasta el Km 6,8 donde emprendemos ruta hacia Huesca y Jaca. Nos dirigimos a la zona que constituye la mayor concentraci\u00f3n en Navarra de espacios calificados por Europa como Reservas Naturales. En este lugar, se mezcla la Naturaleza con el sello hist\u00f3rico, monumental y arquitect\u00f3nico de la mano del Hombre, que se siente en sus pueblos y, como no, en el Pantano de Yesa o Mar de los Pirineos. Dejaremos atr\u00e1s la Higa de Monreal y, a partir de ese momento, no debemos perdernos el margen izquierdo de la ruta: la impresionante naturaleza agreste, radical, de la Foz de Lumbier y los valles que lo rodean, la garganta dibujada por el r\u00edo Irati, el verdor salvaje en contraste con la piedra caliza gris\u00e1cea y al fondo, en los d\u00edas claros de invierno, el esplendor del Pirineo Aragon\u00e9s y sus picos nevados. Continuamos hacia Li\u00e9dena donde nos desviamos por la carretera NA 127 hacia la monumental ciudad de Sang\u00fcesa, localidad que da nombre a la merindad y que es un lujo de edificios hist\u00f3ricos. En este punto, cruzaremos [&hellip;]<\/p>\n","protected":false},"author":1,"featured_media":0,"parent":0,"menu_order":0,"comment_status":"closed","ping_status":"closed","template":"","meta":{"footnotes":""},"class_list":["post-7628","page","type-page","status-publish","hentry"],"yoast_head":"<!-- This site is optimized with the Yoast SEO plugin v23.5 - https:\/\/yoast.com\/wordpress\/plugins\/seo\/ -->\n<title>Sang\u00fcesa Javier Yesa Monasterio de Leire - VisitNavarra<\/title>\n<meta name=\"description\" content=\"Nos dirigimos a la zona que constituye la mayor concentraci\u00f3n en Navarra de espacios calificados por Europa como Reservas Naturales.\" \/>\n<meta name=\"robots\" content=\"index, follow, max-snippet:-1, max-image-preview:large, max-video-preview:-1\" \/>\n<link rel=\"canonical\" href=\"https:\/\/visitnavarra.info\/visitnavarra\/ruta-zona-media-este\/\" \/>\n<meta property=\"og:locale\" content=\"es_ES\" \/>\n<meta property=\"og:type\" content=\"article\" \/>\n<meta property=\"og:title\" content=\"Sang\u00fcesa Javier Yesa Monasterio de Leire - VisitNavarra\" \/>\n<meta property=\"og:description\" content=\"Nos dirigimos a la zona que constituye la mayor concentraci\u00f3n en Navarra de espacios calificados por Europa como Reservas Naturales.\" \/>\n<meta property=\"og:url\" content=\"https:\/\/visitnavarra.info\/visitnavarra\/ruta-zona-media-este\/\" \/>\n<meta property=\"og:site_name\" content=\"VisitNavarra\" \/>\n<meta property=\"og:image\" content=\"https:\/\/visitnavarra.info\/visitnavarra\/wp-content\/uploads\/2020\/12\/PalacioVallesantoroSangesa-1024.jpg\" \/>\n<meta name=\"twitter:card\" content=\"summary_large_image\" \/>\n<meta name=\"twitter:label1\" content=\"Tiempo de lectura\" \/>\n\t<meta name=\"twitter:data1\" content=\"8 minutos\" \/>\n<script type=\"application\/ld+json\" class=\"yoast-schema-graph\">{\"@context\":\"https:\/\/schema.org\",\"@graph\":[{\"@type\":\"WebPage\",\"@id\":\"https:\/\/visitnavarra.info\/visitnavarra\/ruta-zona-media-este\/\",\"url\":\"https:\/\/visitnavarra.info\/visitnavarra\/ruta-zona-media-este\/\",\"name\":\"Sang\u00fcesa Javier Yesa Monasterio de Leire - VisitNavarra\",\"isPartOf\":{\"@id\":\"https:\/\/visitnavarra.info\/visitnavarra\/#website\"},\"primaryImageOfPage\":{\"@id\":\"https:\/\/visitnavarra.info\/visitnavarra\/ruta-zona-media-este\/#primaryimage\"},\"image\":{\"@id\":\"https:\/\/visitnavarra.info\/visitnavarra\/ruta-zona-media-este\/#primaryimage\"},\"thumbnailUrl\":\"https:\/\/visitnavarra.info\/visitnavarra\/wp-content\/uploads\/2020\/12\/PalacioVallesantoroSangesa-1024.jpg\",\"datePublished\":\"2020-12-02T14:46:42+00:00\",\"dateModified\":\"2020-12-02T14:46:42+00:00\",\"description\":\"Nos dirigimos a la zona que constituye la mayor concentraci\u00f3n en Navarra de espacios calificados por Europa como Reservas Naturales.\",\"breadcrumb\":{\"@id\":\"https:\/\/visitnavarra.info\/visitnavarra\/ruta-zona-media-este\/#breadcrumb\"},\"inLanguage\":\"es\",\"potentialAction\":[{\"@type\":\"ReadAction\",\"target\":[\"https:\/\/visitnavarra.info\/visitnavarra\/ruta-zona-media-este\/\"]}]},{\"@type\":\"ImageObject\",\"inLanguage\":\"es\",\"@id\":\"https:\/\/visitnavarra.info\/visitnavarra\/ruta-zona-media-este\/#primaryimage\",\"url\":\"https:\/\/visitnavarra.info\/visitnavarra\/wp-content\/uploads\/2020\/12\/PalacioVallesantoroSangesa-1024.jpg\",\"contentUrl\":\"https:\/\/visitnavarra.info\/visitnavarra\/wp-content\/uploads\/2020\/12\/PalacioVallesantoroSangesa-1024.jpg\",\"width\":1024,\"height\":445},{\"@type\":\"BreadcrumbList\",\"@id\":\"https:\/\/visitnavarra.info\/visitnavarra\/ruta-zona-media-este\/#breadcrumb\",\"itemListElement\":[{\"@type\":\"ListItem\",\"position\":1,\"name\":\"Portada\",\"item\":\"https:\/\/visitnavarra.info\/visitnavarra\/\"},{\"@type\":\"ListItem\",\"position\":2,\"name\":\"Ruta Zona Media Este\"}]},{\"@type\":\"WebSite\",\"@id\":\"https:\/\/visitnavarra.info\/visitnavarra\/#website\",\"url\":\"https:\/\/visitnavarra.info\/visitnavarra\/\",\"name\":\"VisitNavarra\",\"description\":\"Alojamiento y experiencias tur\u00edsticas en Navarra; qu\u00e9 visitar en Navarra; comer en Navarra\",\"potentialAction\":[{\"@type\":\"SearchAction\",\"target\":{\"@type\":\"EntryPoint\",\"urlTemplate\":\"https:\/\/visitnavarra.info\/visitnavarra\/?s={search_term_string}\"},\"query-input\":{\"@type\":\"PropertyValueSpecification\",\"valueRequired\":true,\"valueName\":\"search_term_string\"}}],\"inLanguage\":\"es\"}]}<\/script>\n<!-- \/ Yoast SEO plugin. -->","yoast_head_json":{"title":"Sang\u00fcesa Javier Yesa Monasterio de Leire - VisitNavarra","description":"Nos dirigimos a la zona que constituye la mayor concentraci\u00f3n en Navarra de espacios calificados por Europa como Reservas Naturales.","robots":{"index":"index","follow":"follow","max-snippet":"max-snippet:-1","max-image-preview":"max-image-preview:large","max-video-preview":"max-video-preview:-1"},"canonical":"https:\/\/visitnavarra.info\/visitnavarra\/ruta-zona-media-este\/","og_locale":"es_ES","og_type":"article","og_title":"Sang\u00fcesa Javier Yesa Monasterio de Leire - VisitNavarra","og_description":"Nos dirigimos a la zona que constituye la mayor concentraci\u00f3n en Navarra de espacios calificados por Europa como Reservas Naturales.","og_url":"https:\/\/visitnavarra.info\/visitnavarra\/ruta-zona-media-este\/","og_site_name":"VisitNavarra","og_image":[{"url":"https:\/\/visitnavarra.info\/visitnavarra\/wp-content\/uploads\/2020\/12\/PalacioVallesantoroSangesa-1024.jpg"}],"twitter_card":"summary_large_image","twitter_misc":{"Tiempo de lectura":"8 minutos"},"schema":{"@context":"https:\/\/schema.org","@graph":[{"@type":"WebPage","@id":"https:\/\/visitnavarra.info\/visitnavarra\/ruta-zona-media-este\/","url":"https:\/\/visitnavarra.info\/visitnavarra\/ruta-zona-media-este\/","name":"Sang\u00fcesa Javier Yesa Monasterio de Leire - VisitNavarra","isPartOf":{"@id":"https:\/\/visitnavarra.info\/visitnavarra\/#website"},"primaryImageOfPage":{"@id":"https:\/\/visitnavarra.info\/visitnavarra\/ruta-zona-media-este\/#primaryimage"},"image":{"@id":"https:\/\/visitnavarra.info\/visitnavarra\/ruta-zona-media-este\/#primaryimage"},"thumbnailUrl":"https:\/\/visitnavarra.info\/visitnavarra\/wp-content\/uploads\/2020\/12\/PalacioVallesantoroSangesa-1024.jpg","datePublished":"2020-12-02T14:46:42+00:00","dateModified":"2020-12-02T14:46:42+00:00","description":"Nos dirigimos a la zona que constituye la mayor concentraci\u00f3n en Navarra de espacios calificados por Europa como Reservas Naturales.","breadcrumb":{"@id":"https:\/\/visitnavarra.info\/visitnavarra\/ruta-zona-media-este\/#breadcrumb"},"inLanguage":"es","potentialAction":[{"@type":"ReadAction","target":["https:\/\/visitnavarra.info\/visitnavarra\/ruta-zona-media-este\/"]}]},{"@type":"ImageObject","inLanguage":"es","@id":"https:\/\/visitnavarra.info\/visitnavarra\/ruta-zona-media-este\/#primaryimage","url":"https:\/\/visitnavarra.info\/visitnavarra\/wp-content\/uploads\/2020\/12\/PalacioVallesantoroSangesa-1024.jpg","contentUrl":"https:\/\/visitnavarra.info\/visitnavarra\/wp-content\/uploads\/2020\/12\/PalacioVallesantoroSangesa-1024.jpg","width":1024,"height":445},{"@type":"BreadcrumbList","@id":"https:\/\/visitnavarra.info\/visitnavarra\/ruta-zona-media-este\/#breadcrumb","itemListElement":[{"@type":"ListItem","position":1,"name":"Portada","item":"https:\/\/visitnavarra.info\/visitnavarra\/"},{"@type":"ListItem","position":2,"name":"Ruta Zona Media Este"}]},{"@type":"WebSite","@id":"https:\/\/visitnavarra.info\/visitnavarra\/#website","url":"https:\/\/visitnavarra.info\/visitnavarra\/","name":"VisitNavarra","description":"Alojamiento y experiencias tur\u00edsticas en Navarra; qu\u00e9 visitar en Navarra; comer en Navarra","potentialAction":[{"@type":"SearchAction","target":{"@type":"EntryPoint","urlTemplate":"https:\/\/visitnavarra.info\/visitnavarra\/?s={search_term_string}"},"query-input":{"@type":"PropertyValueSpecification","valueRequired":true,"valueName":"search_term_string"}}],"inLanguage":"es"}]}},"_links":{"self":[{"href":"https:\/\/visitnavarra.info\/visitnavarra\/wp-json\/wp\/v2\/pages\/7628","targetHints":{"allow":["GET"]}}],"collection":[{"href":"https:\/\/visitnavarra.info\/visitnavarra\/wp-json\/wp\/v2\/pages"}],"about":[{"href":"https:\/\/visitnavarra.info\/visitnavarra\/wp-json\/wp\/v2\/types\/page"}],"author":[{"embeddable":true,"href":"https:\/\/visitnavarra.info\/visitnavarra\/wp-json\/wp\/v2\/users\/1"}],"replies":[{"embeddable":true,"href":"https:\/\/visitnavarra.info\/visitnavarra\/wp-json\/wp\/v2\/comments?post=7628"}],"version-history":[{"count":1,"href":"https:\/\/visitnavarra.info\/visitnavarra\/wp-json\/wp\/v2\/pages\/7628\/revisions"}],"predecessor-version":[{"id":7633,"href":"https:\/\/visitnavarra.info\/visitnavarra\/wp-json\/wp\/v2\/pages\/7628\/revisions\/7633"}],"wp:attachment":[{"href":"https:\/\/visitnavarra.info\/visitnavarra\/wp-json\/wp\/v2\/media?parent=7628"}],"curies":[{"name":"wp","href":"https:\/\/api.w.org\/{rel}","templated":true}]}}