{"id":7636,"date":"2020-12-02T14:59:43","date_gmt":"2020-12-02T14:59:43","guid":{"rendered":"https:\/\/visitnavarra.info\/visitnavarra\/?page_id=7636"},"modified":"2020-12-02T14:59:43","modified_gmt":"2020-12-02T14:59:43","slug":"ruta-zona-media","status":"publish","type":"page","link":"https:\/\/visitnavarra.info\/visitnavarra\/ruta-zona-media\/","title":{"rendered":"Ruta Zona Media"},"content":{"rendered":"<p style=\"text-align: center;\"><img loading=\"lazy\" decoding=\"async\" class=\"aligncenter wp-image-7637 size-full\" src=\"https:\/\/visitnavarra.info\/visitnavarra\/wp-content\/uploads\/2020\/12\/PalacioOlite-1024.jpg\" alt=\"\" width=\"1024\" height=\"445\" srcset=\"https:\/\/visitnavarra.info\/visitnavarra\/wp-content\/uploads\/2020\/12\/PalacioOlite-1024.jpg 1024w, https:\/\/visitnavarra.info\/visitnavarra\/wp-content\/uploads\/2020\/12\/PalacioOlite-1024-300x130.jpg 300w, https:\/\/visitnavarra.info\/visitnavarra\/wp-content\/uploads\/2020\/12\/PalacioOlite-1024-768x334.jpg 768w\" sizes=\"auto, (max-width: 1024px) 100vw, 1024px\" \/><em>Fotograf\u00edas cedidas por Gobierno de Navarra<\/em><\/p>\n<h3><strong>ZONA MEDIA: Mendigorr\u00eda-Artajona-Olite-San Mart\u00edn de Unx-Parque de Guerinda-Uju\u00e9<\/strong><\/h3>\n<p>Zona media\u2026 Ni es Norte, ni es Ribera. Es la fuerza de la uni\u00f3n de los contrastes, de la ri\u00f1a de dos hermanos opuestos que se reunen al fin. Los bosques del norte desaparecen y en su lugar, reinan los campos de cultivo y vi\u00f1edos. Las monta\u00f1as quedan suavizadas siempre rodeadas por llanuras; las zonas des\u00e9rticas quedan estampadas por matorrales y un arbolado disperso.<\/p>\n<p>Para iniciar esta ruta, dejamos Pamplona por la Nacional 111 direcci\u00f3n Estella-Logro\u00f1o hasta alcanzar Puente la Reina. Tomamos la carretera NA 6030 hacia Tafalla, topamos con Mendigorr\u00eda y con las ruinas de Andelos, recuerdos de una villa romana que nos cuenta su historia. Siguiendo la misma v\u00eda, llegaremos hasta Artajona donde se encuentra el imponente cerco amurallado de esta localidad y la ruta de los d\u00f3lmenes.<\/p>\n<p>Continuamos hasta alcanzar Tafalla, capital de la Zona Media, y tomamos la N121 hacia la ciudad medieval de Olite, visita indispensable. La comarcal NA 5300 nos lleva hasta San Mart\u00edn de Unx: casas blasonadas, restos de muralla y edificios emblem\u00e1ticos. La Iglesia de San Mart\u00edn llama la atenci\u00f3n por su desnudez y sencillez, sus dos portadas y la cripta (a la que se accede a trav\u00e9s de una escalera de caracol). No nos perderemos la Iglesia-Fortaleza g\u00f3tica de Santa Mar\u00eda del P\u00f3polo y la ermita de San Miguel. Despu\u00e9s emprenderemos la m\u00e1s que tortuosa NA 5310 que nos llevar\u00e1 hasta Uju\u00e9, pueblo m\u00e1s cercano a las leyendas que a la realidad. Calles estrechas, empedradas, rincones imposibles, vista espectacular,\u2026<\/p>\n<p>Si queremos regresar de golpe al siglo XXI, nuestro destino es el Parque E\u00f3lico de Guerinda, uno de los m\u00e1s grandes de Europa. \u00a1Qu\u00e9 dir\u00eda Don Quijote! Los m\u00e1s avanzados aereogeneradores, tan altos como edificios de dieciocho plantas, se funden con una espectacular panor\u00e1mica de los Pirineos. Navarra es la tercera potencia europea en creaci\u00f3n de esta energ\u00eda renovable despu\u00e9s de Alemania y Dinamarca, y este parque es buena prueba de ello. Para llegar a ellos, debemos deshacer los kil\u00f3metros que nos separan de la carretera de San Mart\u00edn de Unx e ir direcci\u00f3n Lerga y desviarnos luego hacia Olleta.<\/p>\n<h3><strong>ARTAJONA: Ruta de los d\u00f3lmenes y el Cerco de Artajona<\/strong><\/h3>\n<p>Si queremos sumergirnos de lleno en la Edad Media, \u00e9sta es una buena oportunidad. <strong>El Cerco de Artajona<\/strong>, constru\u00eddo en el siglo XI, con su recinto amurallado y sus doce torreones cuadrangulares perfectamente alineados nos ofrecen el ambiente so\u00f1ado. Dan una imagen se\u00f1orial a unas murallas coronadas por una iglesia. Es la iglesia-fortaleza de San Saturnino, imponente, s\u00f3lida y sencilla, edificada en el siglo XIII, sobre las ruinas de un templo rom\u00e1nico. Guarda en su fachada un hermoso t\u00edmpano g\u00f3tico cuidadosamente tallado. En \u00e9l aparecen im\u00e1genes de San Saturnino junto a la Reina Juana de Navarra y su esposo Felipe el Hermoso. En su estructura, se aprecia que se hizo en tiempos de guerra. Conserva un paseo de ronda sobre la b\u00f3veda de la nave que sirvi\u00f3 de calabozo. En el interior, el retablo mayor de traza g\u00f3tica nos muestra una pintura protorrenacentista. Adem\u00e1s, encontraremos dos retablos barrocos y varias pinturas sobre tabla.<\/p>\n<p>Pero si no nos basta con retroceder hasta la \u00e9poca medieval, tenemos la oportunidad de viajar hasta casi nuestros or\u00edgenes por la ruta de los d\u00f3lmenes. Para llegar a ellos, debemos ir al cementerio y tomar la carretera que se encuentra en la trasera del camposanto. Encontraremos el dolmen del Portillo de En\u00e9riz y el de la Mina de Farangortea, recuerdos de la cultura megal\u00edtica romana.<\/p>\n<p>Ambos tienen una losa de separaci\u00f3n y est\u00e1n situados en t\u00famulos de 20 m de di\u00e1metro por 2,5 m de altura. Adem\u00e1s, nos remontaremos hasta el primer milenio antes de Cristo con los restos de las caba\u00f1as neol\u00edticas de Farangortea y Dorre.<\/p>\n<p>Mencionaremos as\u00ed mismo, la iglesia g\u00f3tica de San Pedro, su tr\u00edptico flamenco de la Epifan\u00eda y la c\u00fapula de media naranja. Ya en las afueras de la villa est\u00e1 la bas\u00edlica de la Virgen de Jerusal\u00e9n. En ella, encontraremos una talla de orfebrer\u00eda rom\u00e1nica en cobre esmaltado de 30 cm. de altura, que seg\u00fan cuenta la leyenda, la trajo un artajon\u00e9s de las Cruzadas de Tierra Santa.<\/p>\n<p>En Artajona tambi\u00e9n podemos disfrutar de un paseo por sus calles y casas adornadas con \u00e1ticos, blasones y arcadas.<\/p>\n<h3><strong>OLITE<\/strong><\/h3>\n<p>Recorrer Olite es volver a tiempos pasados. La Edad Media est\u00e1 presente en sus calles, palacios y rincones. El Castillo, impasible, vigila la vida de sus gentes. Olite, ciudad que fue sede real, es adem\u00e1s tierra de famosas bodegas y mejor vino.<\/p>\n<p>El <strong>Castillo-Palacio de Olite<\/strong> es una de las obras m\u00e1s representativas y queridas de Navarra. Se edific\u00f3 sobre muros romanos, en los siglos XIII, XIV y en el XV especialmente, con Carlos III de Navarra. Fueron a\u00f1os de esplendor. Cuando Navarra se uni\u00f3 a la Corona de Castilla comenz\u00f3 el declive. Ya no hab\u00eda reyes de Navarra que habitaran en \u00e9l. Dos incendios y un saqueo lo dejaron irreconocible. Monumento Nacional desde 1925 ha sido restaurado recientemente. El palacio viejo es hoy Parador Nacional y a\u00fan conserva algunas torres como las de San Jorge, las Cig\u00fce\u00f1as y la de la Prisi\u00f3n. El castillo nuevo, con sus quince torres, todas diferentes, llaman poderosamente la atenci\u00f3n. Sobresalen la Torre del Homenaje, la Atalaya, la de las Tres Coronas y la de los Cuatro Vientos o la circular del Vig\u00eda. Fue sin duda un castillo de lujo: ten\u00eda delicadas labores de yeser\u00eda, azulejer\u00eda, vidrieras policromadas, techumbres doradas y surtidores. Entre las curiosas dependencias que ten\u00edan los reyes (leonera, palomar, pajarera, ba\u00f1os \u00a1en aquellos tiempos!) destaca una peculiar nevera: una construcci\u00f3n de piedra en forma de huevo que serv\u00eda para almacenar el hielo.<\/p>\n<p>Olite, adem\u00e1s cuenta con la iglesia g\u00f3tica de Santa Mar\u00eda, un precioso claustro, una hermosa portada y su retablo mayor pintado por Pedro de Aponte. Otra obra de arte es la iglesia de San Pedro, mezcla armoniosa de estilos: torre g\u00f3tica con una orgullosa aguja octogonal y portada y claustro rom\u00e1nicos. En su interior, un bello retablo y la capilla de la Virgen del Campanal, con una preciosa talla g\u00f3tica. No olvidaremos los conventos de San Francisco y de Clarisas, ambos con retablos rococ\u00f3s y en la plaza de Carlos III, la Torre del Reloj y unas galer\u00edas subterr\u00e1neas medievales.<\/p>\n<h3><strong>UJU\u00c9<\/strong><\/h3>\n<p>Uju\u00e9 parece responder a los delirios de un dibujante decidido a crear un pueblo imaginario, de cuento: sus calles estrechas que se deslizan por las laderas del cerro siempre sembradas de cuestas o escaleras, sus casas, cada rinc\u00f3n olvidado, \u2026 Todo ello quita el aliento. Por si fuera poco, echar la vista en cualquier direcci\u00f3n desde Uju\u00e9 no tiene desperdicio. A sus pies se aprecia el piedemonte de Tafalla y Olite, la Ribera, el monte Moncayo y los Pirineos, con picos como el Anie o la Mesa de los Tres Reyes.<\/p>\n<p>Para visitar Uju\u00e9 les aconsejamos que dejen el veh\u00edculo nada m\u00e1s llegar al pueblo o en la plaza del santuario, ya que los coches no pueden acceder al centro de la localidad.<br \/>\nUju\u00e9 naci\u00f3 como plaza fuerte para defender Navarra primero de los musulmanes y m\u00e1s tarde de Arag\u00f3n. En lo m\u00e1s alto del pueblo, est\u00e1 la iglesia rom\u00e1nica de Santa Mar\u00eda. Nos deslumbra por su grandeza y sencillez. Se construy\u00f3 sobre los restos de una iglesia prerrom\u00e1nica en los siglos XI y XII, pero fue sobretodo el rey Carlos II el Malo quien mayor empuje le di\u00f3. \u00c9l edific\u00f3 la nave g\u00f3tica, un bonito corredor de ronda y torres almenadas. En su interior se encuentra la bella imagen de Santa Mar\u00eda con el Ni\u00f1o, una joya de la escultura rom\u00e1nica navarra que data del Siglo XII y est\u00e1 recubierta de plata. Carlos II apreciaba tanto este lugar que, antes de morir, quiso que su coraz\u00f3n descansara ah\u00ed. Y a\u00fan hoy se conserva en esta iglesia en un cofre.<\/p>\n<p>En <strong>Uju\u00e9<\/strong> se celebra una de las romer\u00edas m\u00e1s emotivas de esta Comunidad. Se festeja el domingo siguiente al 25 de abril, d\u00eda de San Marcos y es en honor de la Virgen Mar\u00eda. Los romeros acuden con t\u00fanicas, cruces y, a veces, incluso descalzos y con cadenas. Se re\u00fanen junto a la Cruz del Saludo y seguidamente acuden al santuario a rezar a la Virgen.<\/p>\n<p>Un consejo: <strong>no irnos de Uju\u00e9 sin comer sus famos\u00edsimas almendras garrapi\u00f1adas, las migas de pastor y costillas asadas con sarmientos.<\/strong><\/p>\n","protected":false},"excerpt":{"rendered":"<p>Fotograf\u00edas cedidas por Gobierno de Navarra ZONA MEDIA: Mendigorr\u00eda-Artajona-Olite-San Mart\u00edn de Unx-Parque de Guerinda-Uju\u00e9 Zona media\u2026 Ni es Norte, ni es Ribera. Es la fuerza de la uni\u00f3n de los contrastes, de la ri\u00f1a de dos hermanos opuestos que se reunen al fin. Los bosques del norte desaparecen y en su lugar, reinan los campos de cultivo y vi\u00f1edos. Las monta\u00f1as quedan suavizadas siempre rodeadas por llanuras; las zonas des\u00e9rticas quedan estampadas por matorrales y un arbolado disperso. Para iniciar esta ruta, dejamos Pamplona por la Nacional 111 direcci\u00f3n Estella-Logro\u00f1o hasta alcanzar Puente la Reina. Tomamos la carretera NA 6030 hacia Tafalla, topamos con Mendigorr\u00eda y con las ruinas de Andelos, recuerdos de una villa romana que nos cuenta su historia. Siguiendo la misma v\u00eda, llegaremos hasta Artajona donde se encuentra el imponente cerco amurallado de esta localidad y la ruta de los d\u00f3lmenes. Continuamos hasta alcanzar Tafalla, capital de la Zona Media, y tomamos la N121 hacia la ciudad medieval de Olite, visita indispensable. La comarcal NA 5300 nos lleva hasta San Mart\u00edn de Unx: casas blasonadas, restos de muralla y edificios emblem\u00e1ticos. La Iglesia de San Mart\u00edn llama la atenci\u00f3n por su desnudez y sencillez, sus dos portadas [&hellip;]<\/p>\n","protected":false},"author":1,"featured_media":0,"parent":0,"menu_order":0,"comment_status":"closed","ping_status":"closed","template":"","meta":{"footnotes":""},"class_list":["post-7636","page","type-page","status-publish","hentry"],"yoast_head":"<!-- This site is optimized with the Yoast SEO plugin v23.5 - https:\/\/yoast.com\/wordpress\/plugins\/seo\/ -->\n<title>ZONA MEDIA: Artajona-Olite-San Mart\u00edn de Unx-Uju\u00e9 - VisitNavarra<\/title>\n<meta name=\"description\" content=\"Zona media\u2026 Ni es Norte, ni es Ribera. Es la fuerza de la uni\u00f3n de los contrastes, de la ri\u00f1a de dos hermanos opuestos que se reunen al fin.\" \/>\n<meta name=\"robots\" content=\"index, follow, max-snippet:-1, max-image-preview:large, max-video-preview:-1\" \/>\n<link rel=\"canonical\" href=\"https:\/\/visitnavarra.info\/visitnavarra\/ruta-zona-media\/\" \/>\n<meta property=\"og:locale\" content=\"es_ES\" \/>\n<meta property=\"og:type\" content=\"article\" \/>\n<meta property=\"og:title\" content=\"ZONA MEDIA: Artajona-Olite-San Mart\u00edn de Unx-Uju\u00e9 - VisitNavarra\" \/>\n<meta property=\"og:description\" content=\"Zona media\u2026 Ni es Norte, ni es Ribera. Es la fuerza de la uni\u00f3n de los contrastes, de la ri\u00f1a de dos hermanos opuestos que se reunen al fin.\" \/>\n<meta property=\"og:url\" content=\"https:\/\/visitnavarra.info\/visitnavarra\/ruta-zona-media\/\" \/>\n<meta property=\"og:site_name\" content=\"VisitNavarra\" \/>\n<meta property=\"og:image\" content=\"https:\/\/visitnavarra.info\/visitnavarra\/wp-content\/uploads\/2020\/12\/PalacioOlite-1024.jpg\" \/>\n<meta name=\"twitter:card\" content=\"summary_large_image\" \/>\n<meta name=\"twitter:label1\" content=\"Tiempo de lectura\" \/>\n\t<meta name=\"twitter:data1\" content=\"8 minutos\" \/>\n<script type=\"application\/ld+json\" class=\"yoast-schema-graph\">{\"@context\":\"https:\/\/schema.org\",\"@graph\":[{\"@type\":\"WebPage\",\"@id\":\"https:\/\/visitnavarra.info\/visitnavarra\/ruta-zona-media\/\",\"url\":\"https:\/\/visitnavarra.info\/visitnavarra\/ruta-zona-media\/\",\"name\":\"ZONA MEDIA: Artajona-Olite-San Mart\u00edn de Unx-Uju\u00e9 - VisitNavarra\",\"isPartOf\":{\"@id\":\"https:\/\/visitnavarra.info\/visitnavarra\/#website\"},\"primaryImageOfPage\":{\"@id\":\"https:\/\/visitnavarra.info\/visitnavarra\/ruta-zona-media\/#primaryimage\"},\"image\":{\"@id\":\"https:\/\/visitnavarra.info\/visitnavarra\/ruta-zona-media\/#primaryimage\"},\"thumbnailUrl\":\"https:\/\/visitnavarra.info\/visitnavarra\/wp-content\/uploads\/2020\/12\/PalacioOlite-1024.jpg\",\"datePublished\":\"2020-12-02T14:59:43+00:00\",\"dateModified\":\"2020-12-02T14:59:43+00:00\",\"description\":\"Zona media\u2026 Ni es Norte, ni es Ribera. Es la fuerza de la uni\u00f3n de los contrastes, de la ri\u00f1a de dos hermanos opuestos que se reunen al fin.\",\"breadcrumb\":{\"@id\":\"https:\/\/visitnavarra.info\/visitnavarra\/ruta-zona-media\/#breadcrumb\"},\"inLanguage\":\"es\",\"potentialAction\":[{\"@type\":\"ReadAction\",\"target\":[\"https:\/\/visitnavarra.info\/visitnavarra\/ruta-zona-media\/\"]}]},{\"@type\":\"ImageObject\",\"inLanguage\":\"es\",\"@id\":\"https:\/\/visitnavarra.info\/visitnavarra\/ruta-zona-media\/#primaryimage\",\"url\":\"https:\/\/visitnavarra.info\/visitnavarra\/wp-content\/uploads\/2020\/12\/PalacioOlite-1024.jpg\",\"contentUrl\":\"https:\/\/visitnavarra.info\/visitnavarra\/wp-content\/uploads\/2020\/12\/PalacioOlite-1024.jpg\",\"width\":1024,\"height\":445},{\"@type\":\"BreadcrumbList\",\"@id\":\"https:\/\/visitnavarra.info\/visitnavarra\/ruta-zona-media\/#breadcrumb\",\"itemListElement\":[{\"@type\":\"ListItem\",\"position\":1,\"name\":\"Portada\",\"item\":\"https:\/\/visitnavarra.info\/visitnavarra\/\"},{\"@type\":\"ListItem\",\"position\":2,\"name\":\"Ruta Zona Media\"}]},{\"@type\":\"WebSite\",\"@id\":\"https:\/\/visitnavarra.info\/visitnavarra\/#website\",\"url\":\"https:\/\/visitnavarra.info\/visitnavarra\/\",\"name\":\"VisitNavarra\",\"description\":\"Alojamiento y experiencias tur\u00edsticas en Navarra; qu\u00e9 visitar en Navarra; comer en Navarra\",\"potentialAction\":[{\"@type\":\"SearchAction\",\"target\":{\"@type\":\"EntryPoint\",\"urlTemplate\":\"https:\/\/visitnavarra.info\/visitnavarra\/?s={search_term_string}\"},\"query-input\":{\"@type\":\"PropertyValueSpecification\",\"valueRequired\":true,\"valueName\":\"search_term_string\"}}],\"inLanguage\":\"es\"}]}<\/script>\n<!-- \/ Yoast SEO plugin. -->","yoast_head_json":{"title":"ZONA MEDIA: Artajona-Olite-San Mart\u00edn de Unx-Uju\u00e9 - VisitNavarra","description":"Zona media\u2026 Ni es Norte, ni es Ribera. Es la fuerza de la uni\u00f3n de los contrastes, de la ri\u00f1a de dos hermanos opuestos que se reunen al fin.","robots":{"index":"index","follow":"follow","max-snippet":"max-snippet:-1","max-image-preview":"max-image-preview:large","max-video-preview":"max-video-preview:-1"},"canonical":"https:\/\/visitnavarra.info\/visitnavarra\/ruta-zona-media\/","og_locale":"es_ES","og_type":"article","og_title":"ZONA MEDIA: Artajona-Olite-San Mart\u00edn de Unx-Uju\u00e9 - VisitNavarra","og_description":"Zona media\u2026 Ni es Norte, ni es Ribera. Es la fuerza de la uni\u00f3n de los contrastes, de la ri\u00f1a de dos hermanos opuestos que se reunen al fin.","og_url":"https:\/\/visitnavarra.info\/visitnavarra\/ruta-zona-media\/","og_site_name":"VisitNavarra","og_image":[{"url":"https:\/\/visitnavarra.info\/visitnavarra\/wp-content\/uploads\/2020\/12\/PalacioOlite-1024.jpg"}],"twitter_card":"summary_large_image","twitter_misc":{"Tiempo de lectura":"8 minutos"},"schema":{"@context":"https:\/\/schema.org","@graph":[{"@type":"WebPage","@id":"https:\/\/visitnavarra.info\/visitnavarra\/ruta-zona-media\/","url":"https:\/\/visitnavarra.info\/visitnavarra\/ruta-zona-media\/","name":"ZONA MEDIA: Artajona-Olite-San Mart\u00edn de Unx-Uju\u00e9 - VisitNavarra","isPartOf":{"@id":"https:\/\/visitnavarra.info\/visitnavarra\/#website"},"primaryImageOfPage":{"@id":"https:\/\/visitnavarra.info\/visitnavarra\/ruta-zona-media\/#primaryimage"},"image":{"@id":"https:\/\/visitnavarra.info\/visitnavarra\/ruta-zona-media\/#primaryimage"},"thumbnailUrl":"https:\/\/visitnavarra.info\/visitnavarra\/wp-content\/uploads\/2020\/12\/PalacioOlite-1024.jpg","datePublished":"2020-12-02T14:59:43+00:00","dateModified":"2020-12-02T14:59:43+00:00","description":"Zona media\u2026 Ni es Norte, ni es Ribera. Es la fuerza de la uni\u00f3n de los contrastes, de la ri\u00f1a de dos hermanos opuestos que se reunen al fin.","breadcrumb":{"@id":"https:\/\/visitnavarra.info\/visitnavarra\/ruta-zona-media\/#breadcrumb"},"inLanguage":"es","potentialAction":[{"@type":"ReadAction","target":["https:\/\/visitnavarra.info\/visitnavarra\/ruta-zona-media\/"]}]},{"@type":"ImageObject","inLanguage":"es","@id":"https:\/\/visitnavarra.info\/visitnavarra\/ruta-zona-media\/#primaryimage","url":"https:\/\/visitnavarra.info\/visitnavarra\/wp-content\/uploads\/2020\/12\/PalacioOlite-1024.jpg","contentUrl":"https:\/\/visitnavarra.info\/visitnavarra\/wp-content\/uploads\/2020\/12\/PalacioOlite-1024.jpg","width":1024,"height":445},{"@type":"BreadcrumbList","@id":"https:\/\/visitnavarra.info\/visitnavarra\/ruta-zona-media\/#breadcrumb","itemListElement":[{"@type":"ListItem","position":1,"name":"Portada","item":"https:\/\/visitnavarra.info\/visitnavarra\/"},{"@type":"ListItem","position":2,"name":"Ruta Zona Media"}]},{"@type":"WebSite","@id":"https:\/\/visitnavarra.info\/visitnavarra\/#website","url":"https:\/\/visitnavarra.info\/visitnavarra\/","name":"VisitNavarra","description":"Alojamiento y experiencias tur\u00edsticas en Navarra; qu\u00e9 visitar en Navarra; comer en Navarra","potentialAction":[{"@type":"SearchAction","target":{"@type":"EntryPoint","urlTemplate":"https:\/\/visitnavarra.info\/visitnavarra\/?s={search_term_string}"},"query-input":{"@type":"PropertyValueSpecification","valueRequired":true,"valueName":"search_term_string"}}],"inLanguage":"es"}]}},"_links":{"self":[{"href":"https:\/\/visitnavarra.info\/visitnavarra\/wp-json\/wp\/v2\/pages\/7636","targetHints":{"allow":["GET"]}}],"collection":[{"href":"https:\/\/visitnavarra.info\/visitnavarra\/wp-json\/wp\/v2\/pages"}],"about":[{"href":"https:\/\/visitnavarra.info\/visitnavarra\/wp-json\/wp\/v2\/types\/page"}],"author":[{"embeddable":true,"href":"https:\/\/visitnavarra.info\/visitnavarra\/wp-json\/wp\/v2\/users\/1"}],"replies":[{"embeddable":true,"href":"https:\/\/visitnavarra.info\/visitnavarra\/wp-json\/wp\/v2\/comments?post=7636"}],"version-history":[{"count":1,"href":"https:\/\/visitnavarra.info\/visitnavarra\/wp-json\/wp\/v2\/pages\/7636\/revisions"}],"predecessor-version":[{"id":7641,"href":"https:\/\/visitnavarra.info\/visitnavarra\/wp-json\/wp\/v2\/pages\/7636\/revisions\/7641"}],"wp:attachment":[{"href":"https:\/\/visitnavarra.info\/visitnavarra\/wp-json\/wp\/v2\/media?parent=7636"}],"curies":[{"name":"wp","href":"https:\/\/api.w.org\/{rel}","templated":true}]}}