{"id":7654,"date":"2020-12-04T09:58:30","date_gmt":"2020-12-04T09:58:30","guid":{"rendered":"https:\/\/visitnavarra.info\/visitnavarra\/?page_id=7654"},"modified":"2024-05-20T09:03:54","modified_gmt":"2024-05-20T09:03:54","slug":"monumentos-descripcion","status":"publish","type":"page","link":"https:\/\/visitnavarra.info\/visitnavarra\/monumentos-descripcion\/","title":{"rendered":"Archivo Real y General de Navarra"},"content":{"rendered":"<p>[vc_row][vc_column width=&#8221;1\/2&#8243;][vc_column_text]<\/p>\n<h1 style=\"text-align: center;\">Archivo Real y General de Navarra<\/h1>\n<p>[\/vc_column_text]<div class=\"single_image wpb_content_element align-center  image_box_circle image_box_border  \" data-animation=\"none\" data-delay=\"0\"><img loading=\"lazy\" decoding=\"async\" width=\"300\" height=\"168\" src=\"https:\/\/visitnavarra.info\/visitnavarra\/wp-content\/uploads\/2020\/12\/Archivo_Real_General_Navarra-300x168.jpg\" class=\"attachment-medium\" alt=\"\" srcset=\"https:\/\/visitnavarra.info\/visitnavarra\/wp-content\/uploads\/2020\/12\/Archivo_Real_General_Navarra-300x168.jpg 300w, https:\/\/visitnavarra.info\/visitnavarra\/wp-content\/uploads\/2020\/12\/Archivo_Real_General_Navarra-768x431.jpg 768w, https:\/\/visitnavarra.info\/visitnavarra\/wp-content\/uploads\/2020\/12\/Archivo_Real_General_Navarra-1000x563.jpg 1000w, https:\/\/visitnavarra.info\/visitnavarra\/wp-content\/uploads\/2020\/12\/Archivo_Real_General_Navarra.jpg 1024w\" sizes=\"auto, (max-width: 300px) 100vw, 300px\" \/><\/div>[vc_column_text]<\/p>\n<p>[\/vc_column_text][\/vc_column][vc_column width=&#8221;1\/2&#8243;][vc_column_text]<strong>Localidad<\/strong>: PAMPLONA (31001)<br \/>\n<strong>Direcci\u00f3n<\/strong>: Calle Dos de Mayo, s\/n<br \/>\n<strong>Zona<\/strong>: La Cuenca de Pamplona<br \/>\n<strong>Siglos de construcci\u00f3n<\/strong>: XII<br \/>\n<strong>Tel\u00e9fonos<\/strong>: 848 424 667 \/ 848 424 623<\/p>\n<p><a href=\"https:\/\/www.navarra.es\/es\/-\/centro\/archivo-real-y-general-de-navarra\" target=\"_blank\" rel=\"noopener\"><strong>M\u00e1s informaci\u00f3n\u00a0<\/strong><\/a>[\/vc_column_text][\/vc_column][\/vc_row][vc_row][vc_column width=&#8221;1\/1&#8243;][vc_column_text]<\/p>\n<h3><strong>Descripci\u00f3n<\/strong><\/h3>\n<p style=\"padding-left: 40px;\">Ocupando lo que anta\u00f1o fuera el Palacio de los Reyes de Navarra, el Archivo Real y General de Navarra, en el mismo coraz\u00f3n de las murallas, es uno de los edificios hist\u00f3ricos m\u00e1s antiguos y emblem\u00e1ticos de Navarra.<\/p>\n<p style=\"padding-left: 40px;\">Rescatado para su cometido actual tras varias d\u00e9cadas de abandono y cuyos or\u00edgenes se remontan al siglo XII, sirvi\u00f3 de residencia en \u00e9poca medieval a los obispos de Pamplona y a los monarcas de este viejo Reino.<\/p>\n<p style=\"padding-left: 40px;\">Hacia 1530, pas\u00f3 a ser habitado por los virreyes y desde 1841 por los capitanes generales. Posteriormente aloj\u00f3 en sus dependencias el Gobierno Militar. El proyecto de rehabilitaci\u00f3n es obra del arquitecto navarro Rafael Moneo y fue inaugurado como dep\u00f3sito documental en 2003 por los Reyes de Espa\u00f1a.<\/p>\n<p style=\"padding-left: 40px;\">El Archivo Real y General de Navarra se sit\u00faa en el casco hist\u00f3rico de Pamplona frente a la pintoresca bas\u00edlica de san Ferm\u00edn de Aldapa (siglo XVII) y en pleno coraz\u00f3n de las murallas.<\/p>\n<p style=\"padding-left: 40px;\">En el siglo XII el rey Sancho VI el Sabio orden\u00f3 su construcci\u00f3n. Protagoniza sucesivos litigios por su propiedad entre el obispado y la corona, cambiando de mano con frecuencia.<\/p>\n<p style=\"padding-left: 40px;\">Primero fue residencia de reyes, a partir de 1539 de virreyes y, despu\u00e9s de 1841, aloja a capitanes, generales y gobernadores militares, de ah\u00ed sus diversas denominaciones: Palacio de los Reyes, del Virrey o de Capitan\u00eda.<\/p>\n<p style=\"padding-left: 40px;\">El prestigioso arquitecto Rafael Moneo fue el responsable de su restauraci\u00f3n y rehabilitaci\u00f3n como nueva sede del Archivo General de Navarra, y en el a\u00f1o 2003 fue inaugurado por los Reyes de Espa\u00f1a.<\/p>\n<p style=\"padding-left: 40px;\">El Archivo Real ofrece una imagen singular en la que se integra la vieja fachada del Palacio con elementos de nueva construcci\u00f3n. De su pasado hist\u00f3rico conserva intacta la sala g\u00f3tica abovedada, dedicada a exposiciones de los documentos m\u00e1s relevantes del Archivo, y el patio interior porticado, ahora acristalado y con un bello parterre ajardinado en el centro.<\/p>\n<p>&nbsp;<\/p>\n<h3><strong>Dependencias<\/strong><\/h3>\n<p style=\"padding-left: 40px;\">El edificio, de tres plantas, se encuentra adosado a una torre de once pisos -la mayor\u00eda bajo tierra-, destinada a dep\u00f3sito de documentos, y equipada con los m\u00e1s avanzados sistemas para la clasificaci\u00f3n, consulta, conservaci\u00f3n y custodia del patrimonio documental de Navarra.<\/p>\n<p style=\"padding-left: 40px;\">Muestra un amplio hueco central, por el que se accede a los distintos pisos, con un bello lucernario que lo corona y que permite una \u00f3ptima recepci\u00f3n de luz natural a cualquier hora del d\u00eda.<\/p>\n<p style=\"padding-left: 40px;\">En la planta baja se ubica el sal\u00f3n de actos y una sala de lectura y estudio con 18 plazas; la primera planta est\u00e1 ocupada por la biblioteca y los despachos t\u00e9cnicos; y en la segunda, adem\u00e1s de la parte alta de la biblioteca, se encuentran los talleres de restauraci\u00f3n, fotograf\u00eda y microfilmaci\u00f3n.<\/p>\n<p style=\"padding-left: 40px;\">Los denominados documentos del Reino, a los que posteriormente se fueron a\u00f1adiendo los fondos de otras instituciones, constituyen el n\u00facleo del Archivo Real y General de Navarra; en \u00e9l se conserva toda la documentaci\u00f3n procedente de las antiguas Cortes de Navarra y su Diputaci\u00f3n, desde finales del siglo XV hasta 1836.<\/p>\n<p style=\"padding-left: 40px;\">Las secciones institucionales del Archivo son: Secci\u00f3n del Reino, Comptos, Tribunales Reales, Virreinato, Clero, Beneficiencia, Gobierno Civil, Audiencia Territorial, Protocolos, Contadur\u00eda de Hipotecas, Delegaci\u00f3n de Hacienda, Archivos Municipales, Archivos Particulares, c\u00f3dices y cartularios, cartograf\u00edas, iconograf\u00eda, fototeca y fondo bibliogr\u00e1fico.<\/p>\n<p style=\"padding-left: 40px;\">Para la consulta de fondos documentales es necesaria la tarjeta de investigador, expedida gratuitamente por el propio Archivo.<\/p>\n<p>[\/vc_column_text][\/vc_column][\/vc_row]<\/p>\n","protected":false},"excerpt":{"rendered":"<p>[vc_row][vc_column width=&#8221;1\/2&#8243;][vc_column_text] Archivo Real y General de Navarra [\/vc_column_text][vc_column_text] [\/vc_column_text][\/vc_column][vc_column width=&#8221;1\/2&#8243;][vc_column_text]Localidad: PAMPLONA (31001) Direcci\u00f3n: Calle Dos de Mayo, s\/n Zona: La Cuenca de Pamplona Siglos de construcci\u00f3n: XII Tel\u00e9fonos: 848 424 667 \/ 848 424 623 M\u00e1s informaci\u00f3n\u00a0[\/vc_column_text][\/vc_column][\/vc_row][vc_row][vc_column width=&#8221;1\/1&#8243;][vc_column_text] Descripci\u00f3n Ocupando lo que anta\u00f1o fuera el Palacio de los Reyes de Navarra, el Archivo Real y General de Navarra, en el mismo coraz\u00f3n de las murallas, es uno de los edificios hist\u00f3ricos m\u00e1s antiguos y emblem\u00e1ticos de Navarra. Rescatado para su cometido actual tras varias d\u00e9cadas de abandono y cuyos or\u00edgenes se remontan al siglo XII, sirvi\u00f3 de residencia en \u00e9poca medieval a los obispos de Pamplona y a los monarcas de este viejo Reino. Hacia 1530, pas\u00f3 a ser habitado por los virreyes y desde 1841 por los capitanes generales. Posteriormente aloj\u00f3 en sus dependencias el Gobierno Militar. El proyecto de rehabilitaci\u00f3n es obra del arquitecto navarro Rafael Moneo y fue inaugurado como dep\u00f3sito documental en 2003 por los Reyes de Espa\u00f1a. El Archivo Real y General de Navarra se sit\u00faa en el casco hist\u00f3rico de Pamplona frente a la pintoresca bas\u00edlica de san Ferm\u00edn de Aldapa (siglo XVII) y en pleno coraz\u00f3n de las murallas. En el siglo [&hellip;]<\/p>\n","protected":false},"author":1,"featured_media":0,"parent":0,"menu_order":0,"comment_status":"closed","ping_status":"closed","template":"","meta":{"footnotes":""},"class_list":["post-7654","page","type-page","status-publish","hentry"],"yoast_head":"<!-- This site is optimized with the Yoast SEO plugin v23.5 - https:\/\/yoast.com\/wordpress\/plugins\/seo\/ -->\n<title>Archivo Real y General de Navarra - VisitNavarra<\/title>\n<meta name=\"description\" content=\"El Archivo Real y General, en el coraz\u00f3n mismo de las murallas, es uno de los edificios hist\u00f3ricos m\u00e1s antiguos y emblem\u00e1ticos de Navarra\" \/>\n<meta name=\"robots\" content=\"index, follow, max-snippet:-1, max-image-preview:large, max-video-preview:-1\" \/>\n<link rel=\"canonical\" href=\"https:\/\/visitnavarra.info\/visitnavarra\/monumentos-descripcion\/\" \/>\n<meta property=\"og:locale\" content=\"es_ES\" \/>\n<meta property=\"og:type\" content=\"article\" \/>\n<meta property=\"og:title\" content=\"Archivo Real y General de Navarra - VisitNavarra\" \/>\n<meta property=\"og:description\" content=\"El Archivo Real y General, en el coraz\u00f3n mismo de las murallas, es uno de los edificios hist\u00f3ricos m\u00e1s antiguos y emblem\u00e1ticos de Navarra\" \/>\n<meta property=\"og:url\" content=\"https:\/\/visitnavarra.info\/visitnavarra\/monumentos-descripcion\/\" \/>\n<meta property=\"og:site_name\" content=\"VisitNavarra\" \/>\n<meta property=\"article:modified_time\" content=\"2024-05-20T09:03:54+00:00\" \/>\n<meta name=\"twitter:card\" content=\"summary_large_image\" \/>\n<meta name=\"twitter:label1\" content=\"Tiempo de lectura\" \/>\n\t<meta name=\"twitter:data1\" content=\"3 minutos\" \/>\n<script type=\"application\/ld+json\" class=\"yoast-schema-graph\">{\"@context\":\"https:\/\/schema.org\",\"@graph\":[{\"@type\":\"WebPage\",\"@id\":\"https:\/\/visitnavarra.info\/visitnavarra\/monumentos-descripcion\/\",\"url\":\"https:\/\/visitnavarra.info\/visitnavarra\/monumentos-descripcion\/\",\"name\":\"Archivo Real y General de Navarra - VisitNavarra\",\"isPartOf\":{\"@id\":\"https:\/\/visitnavarra.info\/visitnavarra\/#website\"},\"datePublished\":\"2020-12-04T09:58:30+00:00\",\"dateModified\":\"2024-05-20T09:03:54+00:00\",\"description\":\"El Archivo Real y General, en el coraz\u00f3n mismo de las murallas, es uno de los edificios hist\u00f3ricos m\u00e1s antiguos y emblem\u00e1ticos de Navarra\",\"breadcrumb\":{\"@id\":\"https:\/\/visitnavarra.info\/visitnavarra\/monumentos-descripcion\/#breadcrumb\"},\"inLanguage\":\"es\",\"potentialAction\":[{\"@type\":\"ReadAction\",\"target\":[\"https:\/\/visitnavarra.info\/visitnavarra\/monumentos-descripcion\/\"]}]},{\"@type\":\"BreadcrumbList\",\"@id\":\"https:\/\/visitnavarra.info\/visitnavarra\/monumentos-descripcion\/#breadcrumb\",\"itemListElement\":[{\"@type\":\"ListItem\",\"position\":1,\"name\":\"Portada\",\"item\":\"https:\/\/visitnavarra.info\/visitnavarra\/\"},{\"@type\":\"ListItem\",\"position\":2,\"name\":\"Archivo Real y General de Navarra\"}]},{\"@type\":\"WebSite\",\"@id\":\"https:\/\/visitnavarra.info\/visitnavarra\/#website\",\"url\":\"https:\/\/visitnavarra.info\/visitnavarra\/\",\"name\":\"VisitNavarra\",\"description\":\"Alojamiento y experiencias tur\u00edsticas en Navarra; qu\u00e9 visitar en Navarra; comer en Navarra\",\"potentialAction\":[{\"@type\":\"SearchAction\",\"target\":{\"@type\":\"EntryPoint\",\"urlTemplate\":\"https:\/\/visitnavarra.info\/visitnavarra\/?s={search_term_string}\"},\"query-input\":{\"@type\":\"PropertyValueSpecification\",\"valueRequired\":true,\"valueName\":\"search_term_string\"}}],\"inLanguage\":\"es\"}]}<\/script>\n<!-- \/ Yoast SEO plugin. -->","yoast_head_json":{"title":"Archivo Real y General de Navarra - VisitNavarra","description":"El Archivo Real y General, en el coraz\u00f3n mismo de las murallas, es uno de los edificios hist\u00f3ricos m\u00e1s antiguos y emblem\u00e1ticos de Navarra","robots":{"index":"index","follow":"follow","max-snippet":"max-snippet:-1","max-image-preview":"max-image-preview:large","max-video-preview":"max-video-preview:-1"},"canonical":"https:\/\/visitnavarra.info\/visitnavarra\/monumentos-descripcion\/","og_locale":"es_ES","og_type":"article","og_title":"Archivo Real y General de Navarra - VisitNavarra","og_description":"El Archivo Real y General, en el coraz\u00f3n mismo de las murallas, es uno de los edificios hist\u00f3ricos m\u00e1s antiguos y emblem\u00e1ticos de Navarra","og_url":"https:\/\/visitnavarra.info\/visitnavarra\/monumentos-descripcion\/","og_site_name":"VisitNavarra","article_modified_time":"2024-05-20T09:03:54+00:00","twitter_card":"summary_large_image","twitter_misc":{"Tiempo de lectura":"3 minutos"},"schema":{"@context":"https:\/\/schema.org","@graph":[{"@type":"WebPage","@id":"https:\/\/visitnavarra.info\/visitnavarra\/monumentos-descripcion\/","url":"https:\/\/visitnavarra.info\/visitnavarra\/monumentos-descripcion\/","name":"Archivo Real y General de Navarra - VisitNavarra","isPartOf":{"@id":"https:\/\/visitnavarra.info\/visitnavarra\/#website"},"datePublished":"2020-12-04T09:58:30+00:00","dateModified":"2024-05-20T09:03:54+00:00","description":"El Archivo Real y General, en el coraz\u00f3n mismo de las murallas, es uno de los edificios hist\u00f3ricos m\u00e1s antiguos y emblem\u00e1ticos de Navarra","breadcrumb":{"@id":"https:\/\/visitnavarra.info\/visitnavarra\/monumentos-descripcion\/#breadcrumb"},"inLanguage":"es","potentialAction":[{"@type":"ReadAction","target":["https:\/\/visitnavarra.info\/visitnavarra\/monumentos-descripcion\/"]}]},{"@type":"BreadcrumbList","@id":"https:\/\/visitnavarra.info\/visitnavarra\/monumentos-descripcion\/#breadcrumb","itemListElement":[{"@type":"ListItem","position":1,"name":"Portada","item":"https:\/\/visitnavarra.info\/visitnavarra\/"},{"@type":"ListItem","position":2,"name":"Archivo Real y General de Navarra"}]},{"@type":"WebSite","@id":"https:\/\/visitnavarra.info\/visitnavarra\/#website","url":"https:\/\/visitnavarra.info\/visitnavarra\/","name":"VisitNavarra","description":"Alojamiento y experiencias tur\u00edsticas en Navarra; qu\u00e9 visitar en Navarra; comer en Navarra","potentialAction":[{"@type":"SearchAction","target":{"@type":"EntryPoint","urlTemplate":"https:\/\/visitnavarra.info\/visitnavarra\/?s={search_term_string}"},"query-input":{"@type":"PropertyValueSpecification","valueRequired":true,"valueName":"search_term_string"}}],"inLanguage":"es"}]}},"_links":{"self":[{"href":"https:\/\/visitnavarra.info\/visitnavarra\/wp-json\/wp\/v2\/pages\/7654","targetHints":{"allow":["GET"]}}],"collection":[{"href":"https:\/\/visitnavarra.info\/visitnavarra\/wp-json\/wp\/v2\/pages"}],"about":[{"href":"https:\/\/visitnavarra.info\/visitnavarra\/wp-json\/wp\/v2\/types\/page"}],"author":[{"embeddable":true,"href":"https:\/\/visitnavarra.info\/visitnavarra\/wp-json\/wp\/v2\/users\/1"}],"replies":[{"embeddable":true,"href":"https:\/\/visitnavarra.info\/visitnavarra\/wp-json\/wp\/v2\/comments?post=7654"}],"version-history":[{"count":20,"href":"https:\/\/visitnavarra.info\/visitnavarra\/wp-json\/wp\/v2\/pages\/7654\/revisions"}],"predecessor-version":[{"id":13429,"href":"https:\/\/visitnavarra.info\/visitnavarra\/wp-json\/wp\/v2\/pages\/7654\/revisions\/13429"}],"wp:attachment":[{"href":"https:\/\/visitnavarra.info\/visitnavarra\/wp-json\/wp\/v2\/media?parent=7654"}],"curies":[{"name":"wp","href":"https:\/\/api.w.org\/{rel}","templated":true}]}}