{"id":7841,"date":"2020-12-04T13:24:46","date_gmt":"2020-12-04T13:24:46","guid":{"rendered":"https:\/\/visitnavarra.info\/visitnavarra\/?page_id=7841"},"modified":"2024-05-20T10:27:23","modified_gmt":"2024-05-20T10:27:23","slug":"ayuntamiento-de-pamplona","status":"publish","type":"page","link":"https:\/\/visitnavarra.info\/visitnavarra\/ayuntamiento-de-pamplona\/","title":{"rendered":"Ayuntamiento de Pamplona"},"content":{"rendered":"<p>[vc_row][vc_column width=&#8221;1\/2&#8243;][vc_column_text]<\/p>\n<h1 style=\"text-align: center;\"><strong>Ayuntamiento de Pamplona<\/strong><\/h1>\n<p>[\/vc_column_text]<div class=\"single_image wpb_content_element align-center  image_box_circle image_box_border  \" data-animation=\"none\" data-delay=\"0\"><img loading=\"lazy\" decoding=\"async\" width=\"217\" height=\"155\" src=\"https:\/\/visitnavarra.info\/visitnavarra\/wp-content\/uploads\/2020\/12\/Ayuntamiento-pamplona.jpg\" class=\"attachment-medium\" alt=\"\" \/><\/div>[vc_column_text]<\/p>\n<p>[\/vc_column_text][\/vc_column][vc_column width=&#8221;1\/2&#8243;][vc_column_text]<strong>Localidad<\/strong>: PAMPLONA (31001)<br \/>\n<strong>Direcci\u00f3n<\/strong>: Plaza Plaza Consistorial<br \/>\n<strong>Zona<\/strong>: La Cuenca de Pamplona<br \/>\n<strong>Estilo<\/strong>: Barroco<br \/>\n<strong>Siglos de construcci\u00f3n<\/strong>: XV<br \/>\n<strong>Horario de visita<\/strong>: Consultar<br \/>\n<strong>Tel\u00e9fonos<\/strong>: 10 &#8211; 948420100[\/vc_column_text][\/vc_column][\/vc_row][vc_row][vc_column width=&#8221;1\/1&#8243;][vc_column_text]<\/p>\n<h3>Descripci\u00f3n<\/h3>\n<p><strong>Cada 6 de julio a las 12 del mediod\u00eda<\/strong>, millones de personas de todo el mundo tienen sus ojos puestos en la fachada del Ayuntamiento de Pamplona. Los medios de comunicaci\u00f3n recogen el espectacular y multitudinario momento en que el &#8220;<strong>chupinazo<\/strong>&#8220;, un cohete lanzado desde este edificio, anuncia el <strong>comienzo de las fiestas &#8220;famosas sin igual&#8221; de San Ferm\u00edn.<\/strong><\/p>\n<p>La Casa Consistorial ocupa el coraz\u00f3n del <strong>Casco Antiguo de la ciudad<\/strong>.<\/p>\n<p>El rey Carlos III el Noble promulgaba en 1423 el Privilegio de la Uni\u00f3n y ordenaba el levantamiento de este edificio en la confluencia de los <strong>tres burgos<\/strong> existentes hasta entonces: <strong>Navarrer\u00eda, San Saturnino y San Nicol\u00e1s<\/strong>, poniendo as\u00ed fin a siglos de rencillas y enfrentamientos entre los vecinos de estas demarcaciones.<\/p>\n<h3>El edificio<\/h3>\n<p>En su conjunto ha sido objeto de algunas remodelaciones, la \u00faltima a mediados del siglo XVIII, que no han afectado a su bell\u00edsima y colorista fachada, en la que se combinan los estilos barroco y neocl\u00e1sico.<\/p>\n<p>Se levant\u00f3 en lo que era un foso, confluencia hasta entonces de los tres sistemas defensivos de la ciudad. Se derrib\u00f3 en dos ocasiones, la \u00faltima en 1951, pero su emblem\u00e1tica fachada, ideada por el cl\u00e9rigo Jos\u00e9 Zay y Lorda, que se orienta a la Plaza Consistorial, lugar que forma parte del recorrido del encierro, permaneci\u00f3 intacta.<\/p>\n<p>La parte alta, de estilo purista, consiste en un front\u00f3n presidido por una figuraci\u00f3n de la Fama con clar\u00edn, pregonera de fastos y glorias, y rodeada por las armas her\u00e1ldicas de Pamplona y Navarra.<\/p>\n<p>En su centro, el popular reloj, del siglo XVIII, en los extremos, destacan dos grandes representaciones de H\u00e9rcules, todo ello obra de Juan Lorenzo Catal\u00e1n.<\/p>\n<h3>La fachada<\/h3>\n<p>del edificio, de tres pisos, se distribuye por pares de columnas de estilos d\u00f3rico, j\u00f3nico y corintio, que dividen las balconadas, adornadas en sus barandillas con leones dorados, s\u00edmbolo municipal de la ciudad.<\/p>\n<p>Ya en la parte baja, de estilo barroco tard\u00edo, la entrada est\u00e1 jalonada por dos estatuas de piedra, La Prudencia y La Justicia, muy populares en la ciudad, realizadas en 1754 por Jos\u00e9 Jim\u00e9nez.<\/p>\n<p>Atravesada la entrada, en el zagu\u00e1n destaca un escudo de madera policromada con las armas her\u00e1ldicas de los Borbones (1735). Sobre el dintel de la puerta interior se puede leer: &#8220;Patet omnibus jauna, cor valde magis&#8221; (&#8220;La puerta est\u00e1 abierta para todos, pero sobre todo el coraz\u00f3n&#8221;).<\/p>\n<h3>El Interior<\/h3>\n<p>Del interior del edificio destaca sin duda su planta noble, en el primer piso, donde se encuentra el Sal\u00f3n de Recepciones, el despacho de alcald\u00eda y el Sal\u00f3n de Plenos.<\/p>\n<p>El Sal\u00f3n de Recepciones es la sala m\u00e1s suntuosa. All\u00ed se puede ver retratos de Isabel II, Pablo Sarasate, Juli\u00e1n Gayarre, un lienzo de San Ferm\u00edn y, ya en la capilla anexa, reliquias de San Ferm\u00edn y San Saturnino y una cruz de plata considerada como la mejor obra de orfebrer\u00eda pamplonesa del XVI.<\/p>\n<p>En el <strong>Sal\u00f3n de Plenos,<\/strong> donde se celebran sesiones cada quince d\u00edas, merece especial menci\u00f3n una vidriera que conmemora el Privilegio de la Uni\u00f3n. El despacho de alcald\u00eda guarda las siete llaves del antiguo recinto amurallado, una bandera oficial bordada y las tres mazas de plata de la ciudad, que salen en los cortejos procesionales.<\/p>\n<p>Las visitas son guiadas y en grupo y se pueden realizar previa cita.[\/vc_column_text][\/vc_column][\/vc_row][vc_row][vc_column width=&#8221;1\/1&#8243;][vc_column_text][\/vc_column_text][\/vc_column][\/vc_row]<\/p>\n","protected":false},"excerpt":{"rendered":"<p>[vc_row][vc_column width=&#8221;1\/2&#8243;][vc_column_text] Ayuntamiento de Pamplona [\/vc_column_text][vc_column_text] [\/vc_column_text][\/vc_column][vc_column width=&#8221;1\/2&#8243;][vc_column_text]Localidad: PAMPLONA (31001) Direcci\u00f3n: Plaza Plaza Consistorial Zona: La Cuenca de Pamplona Estilo: Barroco Siglos de construcci\u00f3n: XV Horario de visita: Consultar Tel\u00e9fonos: 10 &#8211; 948420100[\/vc_column_text][\/vc_column][\/vc_row][vc_row][vc_column width=&#8221;1\/1&#8243;][vc_column_text] Descripci\u00f3n Cada 6 de julio a las 12 del mediod\u00eda, millones de personas de todo el mundo tienen sus ojos puestos en la fachada del Ayuntamiento de Pamplona. Los medios de comunicaci\u00f3n recogen el espectacular y multitudinario momento en que el &#8220;chupinazo&#8220;, un cohete lanzado desde este edificio, anuncia el comienzo de las fiestas &#8220;famosas sin igual&#8221; de San Ferm\u00edn. La Casa Consistorial ocupa el coraz\u00f3n del Casco Antiguo de la ciudad. El rey Carlos III el Noble promulgaba en 1423 el Privilegio de la Uni\u00f3n y ordenaba el levantamiento de este edificio en la confluencia de los tres burgos existentes hasta entonces: Navarrer\u00eda, San Saturnino y San Nicol\u00e1s, poniendo as\u00ed fin a siglos de rencillas y enfrentamientos entre los vecinos de estas demarcaciones. El edificio En su conjunto ha sido objeto de algunas remodelaciones, la \u00faltima a mediados del siglo XVIII, que no han afectado a su bell\u00edsima y colorista fachada, en la que se combinan los estilos barroco y neocl\u00e1sico. Se levant\u00f3 en lo [&hellip;]<\/p>\n","protected":false},"author":1,"featured_media":0,"parent":0,"menu_order":0,"comment_status":"closed","ping_status":"closed","template":"","meta":{"footnotes":""},"class_list":["post-7841","page","type-page","status-publish","hentry"],"yoast_head":"<!-- This site is optimized with the Yoast SEO plugin v23.5 - https:\/\/yoast.com\/wordpress\/plugins\/seo\/ -->\n<title>Ayuntamiento de Pamplona Ayuntamiento de Pamplona - VisitNavarra<\/title>\n<meta name=\"description\" content=\"La Casa Consistorial ocupa el coraz\u00f3n del Casco Antiguo de la ciudad. Su emplazamiento no es casual. El rey Carlos III el Noble promulgaba\" \/>\n<meta name=\"robots\" content=\"index, follow, max-snippet:-1, max-image-preview:large, max-video-preview:-1\" \/>\n<link rel=\"canonical\" href=\"https:\/\/visitnavarra.info\/visitnavarra\/ayuntamiento-de-pamplona\/\" \/>\n<meta property=\"og:locale\" content=\"es_ES\" \/>\n<meta property=\"og:type\" content=\"article\" \/>\n<meta property=\"og:title\" content=\"Ayuntamiento de Pamplona Ayuntamiento de Pamplona - VisitNavarra\" \/>\n<meta property=\"og:description\" content=\"La Casa Consistorial ocupa el coraz\u00f3n del Casco Antiguo de la ciudad. Su emplazamiento no es casual. El rey Carlos III el Noble promulgaba\" \/>\n<meta property=\"og:url\" content=\"https:\/\/visitnavarra.info\/visitnavarra\/ayuntamiento-de-pamplona\/\" \/>\n<meta property=\"og:site_name\" content=\"VisitNavarra\" \/>\n<meta property=\"article:modified_time\" content=\"2024-05-20T10:27:23+00:00\" \/>\n<meta name=\"twitter:card\" content=\"summary_large_image\" \/>\n<meta name=\"twitter:label1\" content=\"Tiempo de lectura\" \/>\n\t<meta name=\"twitter:data1\" content=\"3 minutos\" \/>\n<script type=\"application\/ld+json\" class=\"yoast-schema-graph\">{\"@context\":\"https:\/\/schema.org\",\"@graph\":[{\"@type\":\"WebPage\",\"@id\":\"https:\/\/visitnavarra.info\/visitnavarra\/ayuntamiento-de-pamplona\/\",\"url\":\"https:\/\/visitnavarra.info\/visitnavarra\/ayuntamiento-de-pamplona\/\",\"name\":\"Ayuntamiento de Pamplona Ayuntamiento de Pamplona - VisitNavarra\",\"isPartOf\":{\"@id\":\"https:\/\/visitnavarra.info\/visitnavarra\/#website\"},\"datePublished\":\"2020-12-04T13:24:46+00:00\",\"dateModified\":\"2024-05-20T10:27:23+00:00\",\"description\":\"La Casa Consistorial ocupa el coraz\u00f3n del Casco Antiguo de la ciudad. Su emplazamiento no es casual. El rey Carlos III el Noble promulgaba\",\"breadcrumb\":{\"@id\":\"https:\/\/visitnavarra.info\/visitnavarra\/ayuntamiento-de-pamplona\/#breadcrumb\"},\"inLanguage\":\"es\",\"potentialAction\":[{\"@type\":\"ReadAction\",\"target\":[\"https:\/\/visitnavarra.info\/visitnavarra\/ayuntamiento-de-pamplona\/\"]}]},{\"@type\":\"BreadcrumbList\",\"@id\":\"https:\/\/visitnavarra.info\/visitnavarra\/ayuntamiento-de-pamplona\/#breadcrumb\",\"itemListElement\":[{\"@type\":\"ListItem\",\"position\":1,\"name\":\"Portada\",\"item\":\"https:\/\/visitnavarra.info\/visitnavarra\/\"},{\"@type\":\"ListItem\",\"position\":2,\"name\":\"Ayuntamiento de Pamplona\"}]},{\"@type\":\"WebSite\",\"@id\":\"https:\/\/visitnavarra.info\/visitnavarra\/#website\",\"url\":\"https:\/\/visitnavarra.info\/visitnavarra\/\",\"name\":\"VisitNavarra\",\"description\":\"Alojamiento y experiencias tur\u00edsticas en Navarra; qu\u00e9 visitar en Navarra; comer en Navarra\",\"potentialAction\":[{\"@type\":\"SearchAction\",\"target\":{\"@type\":\"EntryPoint\",\"urlTemplate\":\"https:\/\/visitnavarra.info\/visitnavarra\/?s={search_term_string}\"},\"query-input\":{\"@type\":\"PropertyValueSpecification\",\"valueRequired\":true,\"valueName\":\"search_term_string\"}}],\"inLanguage\":\"es\"}]}<\/script>\n<!-- \/ Yoast SEO plugin. -->","yoast_head_json":{"title":"Ayuntamiento de Pamplona Ayuntamiento de Pamplona - VisitNavarra","description":"La Casa Consistorial ocupa el coraz\u00f3n del Casco Antiguo de la ciudad. Su emplazamiento no es casual. El rey Carlos III el Noble promulgaba","robots":{"index":"index","follow":"follow","max-snippet":"max-snippet:-1","max-image-preview":"max-image-preview:large","max-video-preview":"max-video-preview:-1"},"canonical":"https:\/\/visitnavarra.info\/visitnavarra\/ayuntamiento-de-pamplona\/","og_locale":"es_ES","og_type":"article","og_title":"Ayuntamiento de Pamplona Ayuntamiento de Pamplona - VisitNavarra","og_description":"La Casa Consistorial ocupa el coraz\u00f3n del Casco Antiguo de la ciudad. Su emplazamiento no es casual. El rey Carlos III el Noble promulgaba","og_url":"https:\/\/visitnavarra.info\/visitnavarra\/ayuntamiento-de-pamplona\/","og_site_name":"VisitNavarra","article_modified_time":"2024-05-20T10:27:23+00:00","twitter_card":"summary_large_image","twitter_misc":{"Tiempo de lectura":"3 minutos"},"schema":{"@context":"https:\/\/schema.org","@graph":[{"@type":"WebPage","@id":"https:\/\/visitnavarra.info\/visitnavarra\/ayuntamiento-de-pamplona\/","url":"https:\/\/visitnavarra.info\/visitnavarra\/ayuntamiento-de-pamplona\/","name":"Ayuntamiento de Pamplona Ayuntamiento de Pamplona - VisitNavarra","isPartOf":{"@id":"https:\/\/visitnavarra.info\/visitnavarra\/#website"},"datePublished":"2020-12-04T13:24:46+00:00","dateModified":"2024-05-20T10:27:23+00:00","description":"La Casa Consistorial ocupa el coraz\u00f3n del Casco Antiguo de la ciudad. Su emplazamiento no es casual. El rey Carlos III el Noble promulgaba","breadcrumb":{"@id":"https:\/\/visitnavarra.info\/visitnavarra\/ayuntamiento-de-pamplona\/#breadcrumb"},"inLanguage":"es","potentialAction":[{"@type":"ReadAction","target":["https:\/\/visitnavarra.info\/visitnavarra\/ayuntamiento-de-pamplona\/"]}]},{"@type":"BreadcrumbList","@id":"https:\/\/visitnavarra.info\/visitnavarra\/ayuntamiento-de-pamplona\/#breadcrumb","itemListElement":[{"@type":"ListItem","position":1,"name":"Portada","item":"https:\/\/visitnavarra.info\/visitnavarra\/"},{"@type":"ListItem","position":2,"name":"Ayuntamiento de Pamplona"}]},{"@type":"WebSite","@id":"https:\/\/visitnavarra.info\/visitnavarra\/#website","url":"https:\/\/visitnavarra.info\/visitnavarra\/","name":"VisitNavarra","description":"Alojamiento y experiencias tur\u00edsticas en Navarra; qu\u00e9 visitar en Navarra; comer en Navarra","potentialAction":[{"@type":"SearchAction","target":{"@type":"EntryPoint","urlTemplate":"https:\/\/visitnavarra.info\/visitnavarra\/?s={search_term_string}"},"query-input":{"@type":"PropertyValueSpecification","valueRequired":true,"valueName":"search_term_string"}}],"inLanguage":"es"}]}},"_links":{"self":[{"href":"https:\/\/visitnavarra.info\/visitnavarra\/wp-json\/wp\/v2\/pages\/7841","targetHints":{"allow":["GET"]}}],"collection":[{"href":"https:\/\/visitnavarra.info\/visitnavarra\/wp-json\/wp\/v2\/pages"}],"about":[{"href":"https:\/\/visitnavarra.info\/visitnavarra\/wp-json\/wp\/v2\/types\/page"}],"author":[{"embeddable":true,"href":"https:\/\/visitnavarra.info\/visitnavarra\/wp-json\/wp\/v2\/users\/1"}],"replies":[{"embeddable":true,"href":"https:\/\/visitnavarra.info\/visitnavarra\/wp-json\/wp\/v2\/comments?post=7841"}],"version-history":[{"count":8,"href":"https:\/\/visitnavarra.info\/visitnavarra\/wp-json\/wp\/v2\/pages\/7841\/revisions"}],"predecessor-version":[{"id":13467,"href":"https:\/\/visitnavarra.info\/visitnavarra\/wp-json\/wp\/v2\/pages\/7841\/revisions\/13467"}],"wp:attachment":[{"href":"https:\/\/visitnavarra.info\/visitnavarra\/wp-json\/wp\/v2\/media?parent=7841"}],"curies":[{"name":"wp","href":"https:\/\/api.w.org\/{rel}","templated":true}]}}