{"id":7855,"date":"2020-12-04T13:38:45","date_gmt":"2020-12-04T13:38:45","guid":{"rendered":"https:\/\/visitnavarra.info\/visitnavarra\/?page_id=7855"},"modified":"2024-05-20T10:29:43","modified_gmt":"2024-05-20T10:29:43","slug":"camara-de-comptos","status":"publish","type":"page","link":"https:\/\/visitnavarra.info\/visitnavarra\/camara-de-comptos\/","title":{"rendered":"C\u00e1mara de Comptos"},"content":{"rendered":"<p>[vc_row][vc_column width=&#8221;1\/2&#8243;][vc_column_text]<\/p>\n<h1 style=\"text-align: center;\"><strong>C\u00e1mara de Comptos<\/strong><\/h1>\n<p>[\/vc_column_text]<div class=\"single_image wpb_content_element align-center  image_box_circle image_box_border  \" data-animation=\"none\" data-delay=\"0\"><img loading=\"lazy\" decoding=\"async\" width=\"217\" height=\"155\" src=\"https:\/\/visitnavarra.info\/visitnavarra\/wp-content\/uploads\/2020\/12\/Camara_Comptos.jpg\" class=\"attachment-medium\" alt=\"\" \/><\/div>[vc_column_text]<\/p>\n<p>[\/vc_column_text][\/vc_column][vc_column width=&#8221;1\/2&#8243;][vc_column_text]<strong>Localidad<\/strong>: PAMPLONA (31001)<br \/>\n<strong>Direcci\u00f3n<\/strong>: Calle Florencio Ansoleaga, 10<br \/>\n<strong>Zona<\/strong>: La Cuenca de Pamplona<br \/>\n<strong>Web<\/strong>: www.cfnavarra.es\/camara.comptos<br \/>\n<strong>Estilo<\/strong>: G\u00f3tico<br \/>\n<strong>Siglos de construcci\u00f3n<\/strong>: XIII<br \/>\n<strong>Tel\u00e9fono:<\/strong> 848421400[\/vc_column_text][\/vc_column][\/vc_row][vc_row][vc_column width=&#8221;1\/1&#8243;][vc_column_text]<\/p>\n<h3><strong>Descripci\u00f3n<\/strong><\/h3>\n<p><strong>\u00a0 \u00a0 \u00a0 \u00a0\u00a0<\/strong>La <strong>C\u00e1mara de Comptos,<\/strong> del siglo XIII, es el \u00fanico edificio g\u00f3tico civil que ha sobrevivido hasta hoy en la ciudad. Declarado Monumento Nacional en 1868, es una de las visitas obligadas durante su estancia en Pamplona.<\/p>\n<p><strong> \u00a0 \u00a0 \u00a0 \u00a0\u00a0<\/strong>Situado en la calle Ansolega, dentro del <strong>Casco Antiguo<\/strong>, fue un palacio antes de convertirse en lo que sigue siendo hoy: la sede de la C\u00e1mara de Comptos, es decir, el Tribunal de Cuentas del Reino de Navarra entre 1524 y 1836, instituido por Carlos II en 1365 para reforzar el control de las finanzas reales.<\/p>\n<p><strong>\u00a0 \u00a0 \u00a0 \u00a0\u00a0<\/strong>Del exterior del edificio destaca el arco apuntado de la entrada principal, las reducidas ventanas tambi\u00e9n apuntadas y el escudo con las armas reales de Espa\u00f1a. Un peque\u00f1o pasadizo cubierto con una b\u00f3veda de ca\u00f1\u00f3n apuntado da paso a un gracioso y tranquilo jard\u00edn con un antiqu\u00edsimo pozo en el centro.<\/p>\n<p><strong>\u00a0 \u00a0 \u00a0 \u00a0\u00a0<\/strong>Si desea disfrutar de una visita guiada, que tienen lugar las ma\u00f1anas de los d\u00edas laborables, podr\u00e1 conocer las monedas de los distintos reinados de Navarra, as\u00ed como documentos de consultas financieras firmados por los reyes. La visita a este edificio medieval permite acercarse al \u00fanico vestigio de la arquitectura civil medieval en Pamplona, junto con lo que fuera el Palacio de los Virreyes o Capitan\u00eda, hoy sede del A<strong>rchivo General de Navarra<\/strong>.<\/p>\n<p><strong>\u00a0 \u00a0 \u00a0 \u00a0\u00a0<\/strong>La C\u00e1mara de Comptos est\u00e1 situada en el coraz\u00f3n del n\u00facleo hist\u00f3rico de la ciudad, casi en una de las esquinas de la plaza de San Francisco, en la denominada calle Ansoleaga, cerca de la iglesia de San Cernin o San Saturnino. Antes que sede de la C\u00e1mara de Comptos, fue <strong>palacio de Don Pedro de Berrio, se\u00f1or de Otazu.<\/strong><\/p>\n<p><strong>\u00a0 \u00a0 \u00a0 \u00a0\u00a0<\/strong>A pesar de las intervenciones sufridas, mantiene patente su car\u00e1cter se\u00f1orial, cargado de fuerza y sobriedad, en su f\u00e1brica de piedra, el arco apuntado de acceso, las peque\u00f1as ventanas partidas con mainel o el aspecto de torre de su perfil.<\/p>\n<p><strong>\u00a0 \u00a0 \u00a0 \u00a0\u00a0<\/strong>Sobre la puerta tiene un cuerpo m\u00e1s elevado a modo de torre y el escudo con las armas reales de Espa\u00f1a, colocado en el XVIII. Avance y descubrir\u00e1 un peque\u00f1o pasadizo cubierto con una b\u00f3veda de ca\u00f1\u00f3n apuntado que da paso a un peque\u00f1o patio en el que con suerte podr\u00e1 escuchar el eco de las campanas de la torre de San Cernin.<\/p>\n<p><strong>\u00a0 \u00a0 \u00a0 \u00a0\u00a0<\/strong>La C\u00e1mara de Comptos es una instituci\u00f3n que naci\u00f3 como tribunal especializado en cuestiones de hacienda. Recaudaba impuestos, controlaba el patrimonio real y acu\u00f1aba moneda. Y as\u00ed fue entre 1524 y 1836. Hacia 1840, el edificio pas\u00f3 a ser sede de la Comisi\u00f3n de Monumentos de Navarra, que fue sustituida por la Instituci\u00f3n Pr\u00edncipe de Viana. En 1980, la C\u00e1mara de Comptos fue restablecida en Navarra como \u00f3rgano auton\u00f3mico de control de las cuentas p\u00fablicas y volvi\u00f3 a su sede de la calle Ansoleaga a finales de los a\u00f1os noventa.<\/p>\n<p><strong>\u00a0 \u00a0 \u00a0 \u00a0\u00a0<\/strong>La sede de la C\u00e1mara de Comptos se encuentra en la calle Florencio Ansoleaga, 8. El acceso al patio interior es gratuito, los d\u00edas laborables, de 8:00 a 15:00 horas. Si se desea concertar una visita guiada, tambi\u00e9n los d\u00edas laborables de 9:00 a 13:30 horas, se debe llamar al tel\u00e9fono 848 42 14 00.[\/vc_column_text][\/vc_column][\/vc_row]<\/p>\n","protected":false},"excerpt":{"rendered":"<p>[vc_row][vc_column width=&#8221;1\/2&#8243;][vc_column_text] C\u00e1mara de Comptos [\/vc_column_text][vc_column_text] [\/vc_column_text][\/vc_column][vc_column width=&#8221;1\/2&#8243;][vc_column_text]Localidad: PAMPLONA (31001) Direcci\u00f3n: Calle Florencio Ansoleaga, 10 Zona: La Cuenca de Pamplona Web: www.cfnavarra.es\/camara.comptos Estilo: G\u00f3tico Siglos de construcci\u00f3n: XIII Tel\u00e9fono: 848421400[\/vc_column_text][\/vc_column][\/vc_row][vc_row][vc_column width=&#8221;1\/1&#8243;][vc_column_text] Descripci\u00f3n \u00a0 \u00a0 \u00a0 \u00a0\u00a0La C\u00e1mara de Comptos, del siglo XIII, es el \u00fanico edificio g\u00f3tico civil que ha sobrevivido hasta hoy en la ciudad. Declarado Monumento Nacional en 1868, es una de las visitas obligadas durante su estancia en Pamplona. \u00a0 \u00a0 \u00a0 \u00a0\u00a0Situado en la calle Ansolega, dentro del Casco Antiguo, fue un palacio antes de convertirse en lo que sigue siendo hoy: la sede de la C\u00e1mara de Comptos, es decir, el Tribunal de Cuentas del Reino de Navarra entre 1524 y 1836, instituido por Carlos II en 1365 para reforzar el control de las finanzas reales. \u00a0 \u00a0 \u00a0 \u00a0\u00a0Del exterior del edificio destaca el arco apuntado de la entrada principal, las reducidas ventanas tambi\u00e9n apuntadas y el escudo con las armas reales de Espa\u00f1a. Un peque\u00f1o pasadizo cubierto con una b\u00f3veda de ca\u00f1\u00f3n apuntado da paso a un gracioso y tranquilo jard\u00edn con un antiqu\u00edsimo pozo en el centro. \u00a0 \u00a0 \u00a0 \u00a0\u00a0Si desea disfrutar de una visita guiada, que tienen lugar las ma\u00f1anas [&hellip;]<\/p>\n","protected":false},"author":1,"featured_media":0,"parent":0,"menu_order":0,"comment_status":"closed","ping_status":"closed","template":"","meta":{"footnotes":""},"class_list":["post-7855","page","type-page","status-publish","hentry"],"yoast_head":"<!-- This site is optimized with the Yoast SEO plugin v23.5 - https:\/\/yoast.com\/wordpress\/plugins\/seo\/ -->\n<title>C\u00e1mara de Comptos C\u00e1mara de Comptos - VisitNavarra<\/title>\n<meta name=\"robots\" content=\"index, follow, max-snippet:-1, max-image-preview:large, max-video-preview:-1\" \/>\n<link rel=\"canonical\" href=\"https:\/\/visitnavarra.info\/visitnavarra\/camara-de-comptos\/\" \/>\n<meta property=\"og:locale\" content=\"es_ES\" \/>\n<meta property=\"og:type\" content=\"article\" \/>\n<meta property=\"og:title\" content=\"C\u00e1mara de Comptos C\u00e1mara de Comptos - VisitNavarra\" \/>\n<meta property=\"og:description\" content=\"[vc_row][vc_column width=&#8221;1\/2&#8243;][vc_column_text] C\u00e1mara de Comptos [\/vc_column_text][vc_column_text] [\/vc_column_text][\/vc_column][vc_column width=&#8221;1\/2&#8243;][vc_column_text]Localidad: PAMPLONA (31001) Direcci\u00f3n: Calle Florencio Ansoleaga, 10 Zona: La Cuenca de Pamplona Web: www.cfnavarra.es\/camara.comptos Estilo: G\u00f3tico Siglos de construcci\u00f3n: XIII Tel\u00e9fono: 848421400[\/vc_column_text][\/vc_column][\/vc_row][vc_row][vc_column width=&#8221;1\/1&#8243;][vc_column_text] Descripci\u00f3n \u00a0 \u00a0 \u00a0 \u00a0\u00a0La C\u00e1mara de Comptos, del siglo XIII, es el \u00fanico edificio g\u00f3tico civil que ha sobrevivido hasta hoy en la ciudad. Declarado Monumento Nacional en 1868, es una de las visitas obligadas durante su estancia en Pamplona. \u00a0 \u00a0 \u00a0 \u00a0\u00a0Situado en la calle Ansolega, dentro del Casco Antiguo, fue un palacio antes de convertirse en lo que sigue siendo hoy: la sede de la C\u00e1mara de Comptos, es decir, el Tribunal de Cuentas del Reino de Navarra entre 1524 y 1836, instituido por Carlos II en 1365 para reforzar el control de las finanzas reales. \u00a0 \u00a0 \u00a0 \u00a0\u00a0Del exterior del edificio destaca el arco apuntado de la entrada principal, las reducidas ventanas tambi\u00e9n apuntadas y el escudo con las armas reales de Espa\u00f1a. Un peque\u00f1o pasadizo cubierto con una b\u00f3veda de ca\u00f1\u00f3n apuntado da paso a un gracioso y tranquilo jard\u00edn con un antiqu\u00edsimo pozo en el centro. \u00a0 \u00a0 \u00a0 \u00a0\u00a0Si desea disfrutar de una visita guiada, que tienen lugar las ma\u00f1anas [&hellip;]\" \/>\n<meta property=\"og:url\" content=\"https:\/\/visitnavarra.info\/visitnavarra\/camara-de-comptos\/\" \/>\n<meta property=\"og:site_name\" content=\"VisitNavarra\" \/>\n<meta property=\"article:modified_time\" content=\"2024-05-20T10:29:43+00:00\" \/>\n<meta name=\"twitter:card\" content=\"summary_large_image\" \/>\n<meta name=\"twitter:label1\" content=\"Tiempo de lectura\" \/>\n\t<meta name=\"twitter:data1\" content=\"3 minutos\" \/>\n<script type=\"application\/ld+json\" class=\"yoast-schema-graph\">{\"@context\":\"https:\/\/schema.org\",\"@graph\":[{\"@type\":\"WebPage\",\"@id\":\"https:\/\/visitnavarra.info\/visitnavarra\/camara-de-comptos\/\",\"url\":\"https:\/\/visitnavarra.info\/visitnavarra\/camara-de-comptos\/\",\"name\":\"C\u00e1mara de Comptos C\u00e1mara de Comptos - VisitNavarra\",\"isPartOf\":{\"@id\":\"https:\/\/visitnavarra.info\/visitnavarra\/#website\"},\"datePublished\":\"2020-12-04T13:38:45+00:00\",\"dateModified\":\"2024-05-20T10:29:43+00:00\",\"breadcrumb\":{\"@id\":\"https:\/\/visitnavarra.info\/visitnavarra\/camara-de-comptos\/#breadcrumb\"},\"inLanguage\":\"es\",\"potentialAction\":[{\"@type\":\"ReadAction\",\"target\":[\"https:\/\/visitnavarra.info\/visitnavarra\/camara-de-comptos\/\"]}]},{\"@type\":\"BreadcrumbList\",\"@id\":\"https:\/\/visitnavarra.info\/visitnavarra\/camara-de-comptos\/#breadcrumb\",\"itemListElement\":[{\"@type\":\"ListItem\",\"position\":1,\"name\":\"Portada\",\"item\":\"https:\/\/visitnavarra.info\/visitnavarra\/\"},{\"@type\":\"ListItem\",\"position\":2,\"name\":\"C\u00e1mara de Comptos\"}]},{\"@type\":\"WebSite\",\"@id\":\"https:\/\/visitnavarra.info\/visitnavarra\/#website\",\"url\":\"https:\/\/visitnavarra.info\/visitnavarra\/\",\"name\":\"VisitNavarra\",\"description\":\"Alojamiento y experiencias tur\u00edsticas en Navarra; qu\u00e9 visitar en Navarra; comer en Navarra\",\"potentialAction\":[{\"@type\":\"SearchAction\",\"target\":{\"@type\":\"EntryPoint\",\"urlTemplate\":\"https:\/\/visitnavarra.info\/visitnavarra\/?s={search_term_string}\"},\"query-input\":{\"@type\":\"PropertyValueSpecification\",\"valueRequired\":true,\"valueName\":\"search_term_string\"}}],\"inLanguage\":\"es\"}]}<\/script>\n<!-- \/ Yoast SEO plugin. -->","yoast_head_json":{"title":"C\u00e1mara de Comptos C\u00e1mara de Comptos - VisitNavarra","robots":{"index":"index","follow":"follow","max-snippet":"max-snippet:-1","max-image-preview":"max-image-preview:large","max-video-preview":"max-video-preview:-1"},"canonical":"https:\/\/visitnavarra.info\/visitnavarra\/camara-de-comptos\/","og_locale":"es_ES","og_type":"article","og_title":"C\u00e1mara de Comptos C\u00e1mara de Comptos - VisitNavarra","og_description":"[vc_row][vc_column width=&#8221;1\/2&#8243;][vc_column_text] C\u00e1mara de Comptos [\/vc_column_text][vc_column_text] [\/vc_column_text][\/vc_column][vc_column width=&#8221;1\/2&#8243;][vc_column_text]Localidad: PAMPLONA (31001) Direcci\u00f3n: Calle Florencio Ansoleaga, 10 Zona: La Cuenca de Pamplona Web: www.cfnavarra.es\/camara.comptos Estilo: G\u00f3tico Siglos de construcci\u00f3n: XIII Tel\u00e9fono: 848421400[\/vc_column_text][\/vc_column][\/vc_row][vc_row][vc_column width=&#8221;1\/1&#8243;][vc_column_text] Descripci\u00f3n \u00a0 \u00a0 \u00a0 \u00a0\u00a0La C\u00e1mara de Comptos, del siglo XIII, es el \u00fanico edificio g\u00f3tico civil que ha sobrevivido hasta hoy en la ciudad. Declarado Monumento Nacional en 1868, es una de las visitas obligadas durante su estancia en Pamplona. \u00a0 \u00a0 \u00a0 \u00a0\u00a0Situado en la calle Ansolega, dentro del Casco Antiguo, fue un palacio antes de convertirse en lo que sigue siendo hoy: la sede de la C\u00e1mara de Comptos, es decir, el Tribunal de Cuentas del Reino de Navarra entre 1524 y 1836, instituido por Carlos II en 1365 para reforzar el control de las finanzas reales. \u00a0 \u00a0 \u00a0 \u00a0\u00a0Del exterior del edificio destaca el arco apuntado de la entrada principal, las reducidas ventanas tambi\u00e9n apuntadas y el escudo con las armas reales de Espa\u00f1a. Un peque\u00f1o pasadizo cubierto con una b\u00f3veda de ca\u00f1\u00f3n apuntado da paso a un gracioso y tranquilo jard\u00edn con un antiqu\u00edsimo pozo en el centro. \u00a0 \u00a0 \u00a0 \u00a0\u00a0Si desea disfrutar de una visita guiada, que tienen lugar las ma\u00f1anas [&hellip;]","og_url":"https:\/\/visitnavarra.info\/visitnavarra\/camara-de-comptos\/","og_site_name":"VisitNavarra","article_modified_time":"2024-05-20T10:29:43+00:00","twitter_card":"summary_large_image","twitter_misc":{"Tiempo de lectura":"3 minutos"},"schema":{"@context":"https:\/\/schema.org","@graph":[{"@type":"WebPage","@id":"https:\/\/visitnavarra.info\/visitnavarra\/camara-de-comptos\/","url":"https:\/\/visitnavarra.info\/visitnavarra\/camara-de-comptos\/","name":"C\u00e1mara de Comptos C\u00e1mara de Comptos - VisitNavarra","isPartOf":{"@id":"https:\/\/visitnavarra.info\/visitnavarra\/#website"},"datePublished":"2020-12-04T13:38:45+00:00","dateModified":"2024-05-20T10:29:43+00:00","breadcrumb":{"@id":"https:\/\/visitnavarra.info\/visitnavarra\/camara-de-comptos\/#breadcrumb"},"inLanguage":"es","potentialAction":[{"@type":"ReadAction","target":["https:\/\/visitnavarra.info\/visitnavarra\/camara-de-comptos\/"]}]},{"@type":"BreadcrumbList","@id":"https:\/\/visitnavarra.info\/visitnavarra\/camara-de-comptos\/#breadcrumb","itemListElement":[{"@type":"ListItem","position":1,"name":"Portada","item":"https:\/\/visitnavarra.info\/visitnavarra\/"},{"@type":"ListItem","position":2,"name":"C\u00e1mara de Comptos"}]},{"@type":"WebSite","@id":"https:\/\/visitnavarra.info\/visitnavarra\/#website","url":"https:\/\/visitnavarra.info\/visitnavarra\/","name":"VisitNavarra","description":"Alojamiento y experiencias tur\u00edsticas en Navarra; qu\u00e9 visitar en Navarra; comer en Navarra","potentialAction":[{"@type":"SearchAction","target":{"@type":"EntryPoint","urlTemplate":"https:\/\/visitnavarra.info\/visitnavarra\/?s={search_term_string}"},"query-input":{"@type":"PropertyValueSpecification","valueRequired":true,"valueName":"search_term_string"}}],"inLanguage":"es"}]}},"_links":{"self":[{"href":"https:\/\/visitnavarra.info\/visitnavarra\/wp-json\/wp\/v2\/pages\/7855","targetHints":{"allow":["GET"]}}],"collection":[{"href":"https:\/\/visitnavarra.info\/visitnavarra\/wp-json\/wp\/v2\/pages"}],"about":[{"href":"https:\/\/visitnavarra.info\/visitnavarra\/wp-json\/wp\/v2\/types\/page"}],"author":[{"embeddable":true,"href":"https:\/\/visitnavarra.info\/visitnavarra\/wp-json\/wp\/v2\/users\/1"}],"replies":[{"embeddable":true,"href":"https:\/\/visitnavarra.info\/visitnavarra\/wp-json\/wp\/v2\/comments?post=7855"}],"version-history":[{"count":7,"href":"https:\/\/visitnavarra.info\/visitnavarra\/wp-json\/wp\/v2\/pages\/7855\/revisions"}],"predecessor-version":[{"id":13471,"href":"https:\/\/visitnavarra.info\/visitnavarra\/wp-json\/wp\/v2\/pages\/7855\/revisions\/13471"}],"wp:attachment":[{"href":"https:\/\/visitnavarra.info\/visitnavarra\/wp-json\/wp\/v2\/media?parent=7855"}],"curies":[{"name":"wp","href":"https:\/\/api.w.org\/{rel}","templated":true}]}}