{"id":7884,"date":"2020-12-09T12:02:40","date_gmt":"2020-12-09T12:02:40","guid":{"rendered":"https:\/\/visitnavarra.info\/visitnavarra\/?page_id=7884"},"modified":"2020-12-09T12:08:48","modified_gmt":"2020-12-09T12:08:48","slug":"murallas-de-pamplona","status":"publish","type":"page","link":"https:\/\/visitnavarra.info\/visitnavarra\/murallas-de-pamplona\/","title":{"rendered":"Murallas de Pamplona"},"content":{"rendered":"<p>[vc_row][vc_column width=&#8221;1\/2&#8243;][vc_column_text]<\/p>\n<h1 style=\"text-align: center;\">Murallas de Pamplona<\/h1>\n<p>[\/vc_column_text]<div class=\"single_image wpb_content_element align-center  image_box_circle image_box_border  \" data-animation=\"none\" data-delay=\"0\"><img loading=\"lazy\" decoding=\"async\" width=\"217\" height=\"155\" src=\"https:\/\/visitnavarra.info\/visitnavarra\/wp-content\/uploads\/2020\/12\/Murallas-pamplona.jpg\" class=\"attachment-medium\" alt=\"\" \/><\/div>[\/vc_column][vc_column width=&#8221;1\/2&#8243;][vc_column_text]<strong>Localidad<\/strong>: PAMPLONA (31001)<br \/>\n<strong>Zona<\/strong>: La Cuenca de Pamplona<br \/>\n<strong>Siglos de construcci\u00f3n:<\/strong> XVI-XX[\/vc_column_text][\/vc_column][\/vc_row][vc_row][vc_column width=&#8221;1\/1&#8243;][vc_column_text]<\/p>\n<h3>Descripci\u00f3n<\/h3>\n<p>Con sus cinco kil\u00f3metros de recorrido, que permiten un ins\u00f3lito y evocador paseo bordeando la ciudad, las murallas de Pamplona constituyen uno los complejos b\u00e9licos m\u00e1s interesantes y mejor conservados de Espa\u00f1a, lo que le vali\u00f3 ser declarado <strong>Monumento Nacional.<\/strong><\/p>\n<p>Como ciudad medieval, Pamplona se rode\u00f3 de un anillo amurallado para defenderse del enemigo, pero no fue hasta la incorporaci\u00f3n del Reyno de Navarra a la Corona de Castilla, en 1512, cuando su situaci\u00f3n estrat\u00e9gica le convirti\u00f3 en un puesto avanzado de la corona espa\u00f1ola ante Francia.<\/p>\n<h3>Desarrollo de la fortaleza<\/h3>\n<p>Comienza entonces el desarrollo de una magna y formidable fortaleza, que tiene su punto \u00e1lgido con la Ciudadela. Bastiones, baluartes, portales, medias lunas, revellines, fuertes&#8230; dotan el conjunto amurallado de toda la sobriedad y sofisticaci\u00f3n de este tipo de conjuntos defensivos.<\/p>\n<p>El desarrollo urban\u00edstico del siglo XX obliga a derribar algunos frentes para que la urbe de la modernidad pueda expandirse. Pero la esencia permanece.<\/p>\n<p>El paseo por el anillo de las murallas, entre los parques de la Media Luna y la Taconera, combina la frialdad y el silencio de la piedra con la calidez y el acogedor murmullo del infinito paisaje verde.<\/p>\n<h3>Cintur\u00f3n<\/h3>\n<p>La Pamplona medieval tuvo su cintur\u00f3n de murallas, primero en torno a sus distintos burgos (San Cernin, San Nicolas y Navarrer\u00eda) y, tras el Privilegio de la Uni\u00f3n (1423), formando un anillo alrededor de toda la ciudad.<\/p>\n<p>Con la anexi\u00f3n a Castilla en 1512, Pamplona se convierte en un puesto avanzado de la corona espa\u00f1ola ante Francia y el objetivo permanente durante los tres siglos siguientes ser\u00e1 el sostenimiento de la frontera ante posibles invasiones.<\/p>\n<p>De ah\u00ed el inter\u00e9s que tuvieron Fernando el Cat\u00f3lico y sus descendientes Habsburgos, por convertir a Pamplona en una ciudad inexpugnable, adecuando sus defensas a los avances t\u00e9cnicos de la guerra.<\/p>\n<p>En 1571, Felipe II ordena levantar <strong>la Ciudadela,<\/strong> aut\u00e9ntico hito de la ciudad fortificada, y se inicia en las siguientes d\u00e9cadas el perfeccionamiento del cintur\u00f3n amurallado.<\/p>\n<h3>Baluartes<\/h3>\n<p>As\u00ed, y siguiendo el trazado desde el parque de la Media Luna, encontramos los baluartes y bastiones del Labrit, Red\u00edn, Guadalupe, Pilar, Abrevador, Parma, Gonzaga y la Taconera, y ya en la Ciudadela, los de Santiago, Santa Mar\u00eda y Real.<\/p>\n<p>Contraguardias, lunetas (San Bartolom\u00e9, San Roque), revellines (como el de los Reyes), y fuertes (San Bartolom\u00e9, San Roque y del Pr\u00edncipe) fueron completando el complicado sistema defensivo de Pamplona que no hizo concesiones al estilismo y cuya potencia, robustez y sobriedad se evidencian en el rigor del sillar y la fortaleza de los muros.<\/p>\n<p>Por esta disposici\u00f3n de las murallas la ciudad tuvo vetado su crecimiento horizontal hasta 1888, a\u00f1o en que se autoriz\u00f3 la demolici\u00f3n de dos baluartes de la Ciudadela, y pudo nacer as\u00ed el Primer Ensanche de la ciudad. Ya en 1925 se procedi\u00f3 al derribo de la parte sur de la muralla que hizo posible tanto el Segundo Ensanche as\u00ed como las posteriores expansiones de Pamplona.<\/p>\n<p>Actualmente se siguen conservando tres cuartas partes del per\u00edmetro amurallado, que combinan la ciudad medieval con la urbe moderna y de vanguardia. El conjunto amurallado de Pamplona ha sido declarado como Monumento Nacional y tiene la consideraci\u00f3n de Bien de Inter\u00e9s Cultural; algunos expertos lo consideran el conjunto fortificado moderno m\u00e1s importante de Espa\u00f1a.<\/p>\n<h3>Recorrido<\/h3>\n<p>Si como visitante, quiere disfrutar de las murallas, puede hacerlo por su parte alta o por la parte baja. En el primer caso, aborde la Media Luna y siga por el baluarte de Labrit, la ronda del obispo Barbaz\u00e1n, el baularte del Red\u00edn, el antiguo palacio de los Virreyes y el paso de Ronda, hasta terminar en los jardines de la Taconera.<\/p>\n<p>Su recorrido, adem\u00e1s de sumamente agradable y entretenido, le descubrir\u00e1 aspectos ins\u00f3litos de la ciudad hist\u00f3rica. Si elige la parte baja de las murallas, perder\u00e1 en panor\u00e1micas de la ciudad a cambio de apreciar la contundencia del recinto, que ha resistido asedios durante siglos.<\/p>\n<p>Siguiendo el Parque Fluvial del Arga, encontrar\u00e1 huertas, caballos y ganado, instalaciones deportivas y el puente medieval de la Magdalena. En cualquiera de los dos casos, el paseo dura aproximadamente una hora.<\/p>\n<h3>Portales<\/h3>\n<p>En su visita por Pamplona, podr\u00e1 atravesar algunos de los portales que recorr\u00edan el recinto, no siempre en su lugar de origen. El m\u00e1s antiguo y el \u00fanico que se conserva \u00edntegro e &#8220;in situ&#8221; es el portal de Francia o de Zumalac\u00e1rregui (1553). Muestra un escudo labrado con el \u00e1guila bic\u00e9fala y las armas imperiales. A primeros del siglo XX se derribaron el portal de la Rochapea y Tejer\u00eda, se desmontaron el de la Taconera y San Nicol\u00e1s (ahora reconstruidos en el parque de la Taconera) y se ampli\u00f3 el Portal Nuevo.[\/vc_column_text][\/vc_column][\/vc_row]<\/p>\n","protected":false},"excerpt":{"rendered":"<p>[vc_row][vc_column width=&#8221;1\/2&#8243;][vc_column_text] Murallas de Pamplona [\/vc_column_text][\/vc_column][vc_column width=&#8221;1\/2&#8243;][vc_column_text]Localidad: PAMPLONA (31001) Zona: La Cuenca de Pamplona Siglos de construcci\u00f3n: XVI-XX[\/vc_column_text][\/vc_column][\/vc_row][vc_row][vc_column width=&#8221;1\/1&#8243;][vc_column_text] Descripci\u00f3n Con sus cinco kil\u00f3metros de recorrido, que permiten un ins\u00f3lito y evocador paseo bordeando la ciudad, las murallas de Pamplona constituyen uno los complejos b\u00e9licos m\u00e1s interesantes y mejor conservados de Espa\u00f1a, lo que le vali\u00f3 ser declarado Monumento Nacional. Como ciudad medieval, Pamplona se rode\u00f3 de un anillo amurallado para defenderse del enemigo, pero no fue hasta la incorporaci\u00f3n del Reyno de Navarra a la Corona de Castilla, en 1512, cuando su situaci\u00f3n estrat\u00e9gica le convirti\u00f3 en un puesto avanzado de la corona espa\u00f1ola ante Francia. Desarrollo de la fortaleza Comienza entonces el desarrollo de una magna y formidable fortaleza, que tiene su punto \u00e1lgido con la Ciudadela. Bastiones, baluartes, portales, medias lunas, revellines, fuertes&#8230; dotan el conjunto amurallado de toda la sobriedad y sofisticaci\u00f3n de este tipo de conjuntos defensivos. El desarrollo urban\u00edstico del siglo XX obliga a derribar algunos frentes para que la urbe de la modernidad pueda expandirse. Pero la esencia permanece. El paseo por el anillo de las murallas, entre los parques de la Media Luna y la Taconera, combina la frialdad y el silencio [&hellip;]<\/p>\n","protected":false},"author":1,"featured_media":0,"parent":0,"menu_order":0,"comment_status":"closed","ping_status":"closed","template":"","meta":{"footnotes":""},"class_list":["post-7884","page","type-page","status-publish","hentry"],"yoast_head":"<!-- This site is optimized with the Yoast SEO plugin v23.5 - https:\/\/yoast.com\/wordpress\/plugins\/seo\/ -->\n<title>Murallas de PamplonaMurallas de Pamplona - VisitNavarra<\/title>\n<meta name=\"description\" content=\"Como ciudad medieval, Pamplona se rode\u00f3 de un anillo amurallado para defenderse del enemigo, pero no fue hasta la incorporaci\u00f3n del Reyno\" \/>\n<meta name=\"robots\" content=\"index, follow, max-snippet:-1, max-image-preview:large, max-video-preview:-1\" \/>\n<link rel=\"canonical\" href=\"https:\/\/visitnavarra.info\/visitnavarra\/murallas-de-pamplona\/\" \/>\n<meta property=\"og:locale\" content=\"es_ES\" \/>\n<meta property=\"og:type\" content=\"article\" \/>\n<meta property=\"og:title\" content=\"Murallas de PamplonaMurallas de Pamplona - VisitNavarra\" \/>\n<meta property=\"og:description\" content=\"Como ciudad medieval, Pamplona se rode\u00f3 de un anillo amurallado para defenderse del enemigo, pero no fue hasta la incorporaci\u00f3n del Reyno\" \/>\n<meta property=\"og:url\" content=\"https:\/\/visitnavarra.info\/visitnavarra\/murallas-de-pamplona\/\" \/>\n<meta property=\"og:site_name\" content=\"VisitNavarra\" \/>\n<meta property=\"article:modified_time\" content=\"2020-12-09T12:08:48+00:00\" \/>\n<meta name=\"twitter:card\" content=\"summary_large_image\" \/>\n<meta name=\"twitter:label1\" content=\"Tiempo de lectura\" \/>\n\t<meta name=\"twitter:data1\" content=\"4 minutos\" \/>\n<script type=\"application\/ld+json\" class=\"yoast-schema-graph\">{\"@context\":\"https:\/\/schema.org\",\"@graph\":[{\"@type\":\"WebPage\",\"@id\":\"https:\/\/visitnavarra.info\/visitnavarra\/murallas-de-pamplona\/\",\"url\":\"https:\/\/visitnavarra.info\/visitnavarra\/murallas-de-pamplona\/\",\"name\":\"Murallas de PamplonaMurallas de Pamplona - VisitNavarra\",\"isPartOf\":{\"@id\":\"https:\/\/visitnavarra.info\/visitnavarra\/#website\"},\"datePublished\":\"2020-12-09T12:02:40+00:00\",\"dateModified\":\"2020-12-09T12:08:48+00:00\",\"description\":\"Como ciudad medieval, Pamplona se rode\u00f3 de un anillo amurallado para defenderse del enemigo, pero no fue hasta la incorporaci\u00f3n del Reyno\",\"breadcrumb\":{\"@id\":\"https:\/\/visitnavarra.info\/visitnavarra\/murallas-de-pamplona\/#breadcrumb\"},\"inLanguage\":\"es\",\"potentialAction\":[{\"@type\":\"ReadAction\",\"target\":[\"https:\/\/visitnavarra.info\/visitnavarra\/murallas-de-pamplona\/\"]}]},{\"@type\":\"BreadcrumbList\",\"@id\":\"https:\/\/visitnavarra.info\/visitnavarra\/murallas-de-pamplona\/#breadcrumb\",\"itemListElement\":[{\"@type\":\"ListItem\",\"position\":1,\"name\":\"Portada\",\"item\":\"https:\/\/visitnavarra.info\/visitnavarra\/\"},{\"@type\":\"ListItem\",\"position\":2,\"name\":\"Murallas de Pamplona\"}]},{\"@type\":\"WebSite\",\"@id\":\"https:\/\/visitnavarra.info\/visitnavarra\/#website\",\"url\":\"https:\/\/visitnavarra.info\/visitnavarra\/\",\"name\":\"VisitNavarra\",\"description\":\"Alojamiento y experiencias tur\u00edsticas en Navarra; qu\u00e9 visitar en Navarra; comer en Navarra\",\"potentialAction\":[{\"@type\":\"SearchAction\",\"target\":{\"@type\":\"EntryPoint\",\"urlTemplate\":\"https:\/\/visitnavarra.info\/visitnavarra\/?s={search_term_string}\"},\"query-input\":{\"@type\":\"PropertyValueSpecification\",\"valueRequired\":true,\"valueName\":\"search_term_string\"}}],\"inLanguage\":\"es\"}]}<\/script>\n<!-- \/ Yoast SEO plugin. -->","yoast_head_json":{"title":"Murallas de PamplonaMurallas de Pamplona - VisitNavarra","description":"Como ciudad medieval, Pamplona se rode\u00f3 de un anillo amurallado para defenderse del enemigo, pero no fue hasta la incorporaci\u00f3n del Reyno","robots":{"index":"index","follow":"follow","max-snippet":"max-snippet:-1","max-image-preview":"max-image-preview:large","max-video-preview":"max-video-preview:-1"},"canonical":"https:\/\/visitnavarra.info\/visitnavarra\/murallas-de-pamplona\/","og_locale":"es_ES","og_type":"article","og_title":"Murallas de PamplonaMurallas de Pamplona - VisitNavarra","og_description":"Como ciudad medieval, Pamplona se rode\u00f3 de un anillo amurallado para defenderse del enemigo, pero no fue hasta la incorporaci\u00f3n del Reyno","og_url":"https:\/\/visitnavarra.info\/visitnavarra\/murallas-de-pamplona\/","og_site_name":"VisitNavarra","article_modified_time":"2020-12-09T12:08:48+00:00","twitter_card":"summary_large_image","twitter_misc":{"Tiempo de lectura":"4 minutos"},"schema":{"@context":"https:\/\/schema.org","@graph":[{"@type":"WebPage","@id":"https:\/\/visitnavarra.info\/visitnavarra\/murallas-de-pamplona\/","url":"https:\/\/visitnavarra.info\/visitnavarra\/murallas-de-pamplona\/","name":"Murallas de PamplonaMurallas de Pamplona - VisitNavarra","isPartOf":{"@id":"https:\/\/visitnavarra.info\/visitnavarra\/#website"},"datePublished":"2020-12-09T12:02:40+00:00","dateModified":"2020-12-09T12:08:48+00:00","description":"Como ciudad medieval, Pamplona se rode\u00f3 de un anillo amurallado para defenderse del enemigo, pero no fue hasta la incorporaci\u00f3n del Reyno","breadcrumb":{"@id":"https:\/\/visitnavarra.info\/visitnavarra\/murallas-de-pamplona\/#breadcrumb"},"inLanguage":"es","potentialAction":[{"@type":"ReadAction","target":["https:\/\/visitnavarra.info\/visitnavarra\/murallas-de-pamplona\/"]}]},{"@type":"BreadcrumbList","@id":"https:\/\/visitnavarra.info\/visitnavarra\/murallas-de-pamplona\/#breadcrumb","itemListElement":[{"@type":"ListItem","position":1,"name":"Portada","item":"https:\/\/visitnavarra.info\/visitnavarra\/"},{"@type":"ListItem","position":2,"name":"Murallas de Pamplona"}]},{"@type":"WebSite","@id":"https:\/\/visitnavarra.info\/visitnavarra\/#website","url":"https:\/\/visitnavarra.info\/visitnavarra\/","name":"VisitNavarra","description":"Alojamiento y experiencias tur\u00edsticas en Navarra; qu\u00e9 visitar en Navarra; comer en Navarra","potentialAction":[{"@type":"SearchAction","target":{"@type":"EntryPoint","urlTemplate":"https:\/\/visitnavarra.info\/visitnavarra\/?s={search_term_string}"},"query-input":{"@type":"PropertyValueSpecification","valueRequired":true,"valueName":"search_term_string"}}],"inLanguage":"es"}]}},"_links":{"self":[{"href":"https:\/\/visitnavarra.info\/visitnavarra\/wp-json\/wp\/v2\/pages\/7884","targetHints":{"allow":["GET"]}}],"collection":[{"href":"https:\/\/visitnavarra.info\/visitnavarra\/wp-json\/wp\/v2\/pages"}],"about":[{"href":"https:\/\/visitnavarra.info\/visitnavarra\/wp-json\/wp\/v2\/types\/page"}],"author":[{"embeddable":true,"href":"https:\/\/visitnavarra.info\/visitnavarra\/wp-json\/wp\/v2\/users\/1"}],"replies":[{"embeddable":true,"href":"https:\/\/visitnavarra.info\/visitnavarra\/wp-json\/wp\/v2\/comments?post=7884"}],"version-history":[{"count":4,"href":"https:\/\/visitnavarra.info\/visitnavarra\/wp-json\/wp\/v2\/pages\/7884\/revisions"}],"predecessor-version":[{"id":7888,"href":"https:\/\/visitnavarra.info\/visitnavarra\/wp-json\/wp\/v2\/pages\/7884\/revisions\/7888"}],"wp:attachment":[{"href":"https:\/\/visitnavarra.info\/visitnavarra\/wp-json\/wp\/v2\/media?parent=7884"}],"curies":[{"name":"wp","href":"https:\/\/api.w.org\/{rel}","templated":true}]}}