{"id":7890,"date":"2020-12-09T12:14:45","date_gmt":"2020-12-09T12:14:45","guid":{"rendered":"https:\/\/visitnavarra.info\/visitnavarra\/?page_id=7890"},"modified":"2020-12-10T11:56:24","modified_gmt":"2020-12-10T11:56:24","slug":"palacio-de-navarra","status":"publish","type":"page","link":"https:\/\/visitnavarra.info\/visitnavarra\/palacio-de-navarra\/","title":{"rendered":"Palacio de Navarra"},"content":{"rendered":"<p>[vc_row][vc_column width=&#8221;1\/2&#8243;][vc_column_text]<\/p>\n<h1 style=\"text-align: center;\">Palacio de Navarra<\/h1>\n<p>[\/vc_column_text]<div class=\"single_image wpb_content_element align-center  image_box_circle image_box_border  \" data-animation=\"none\" data-delay=\"0\"><img loading=\"lazy\" decoding=\"async\" width=\"217\" height=\"155\" src=\"https:\/\/visitnavarra.info\/visitnavarra\/wp-content\/uploads\/2020\/12\/Palacio-Reyes-de-Navarra-Estella.jpg\" class=\"attachment-medium\" alt=\"\" \/><\/div>[\/vc_column][vc_column width=&#8221;1\/2&#8243;][vc_column_text]<strong>Localidad<\/strong>: PAMPLONA (31001)<br \/>\n<strong>Direcci\u00f3n<\/strong>: Avenida Avda. Carlos III, 1<br \/>\n<strong>Estilo<\/strong>: Neocl\u00e1sico<br \/>\n<strong>Siglos de construcci\u00f3n:<\/strong> XIX<br \/>\n<strong>Horario de visita:<\/strong> S\u00f3lo se ofrece visita guiada para entidades y grupos. E<br \/>\n<strong>Precio visita:<\/strong> Gratuito<br \/>\n<strong>Tel\u00e9fonos:<\/strong> 848427000 &#8211; 848427100[\/vc_column_text][\/vc_column][\/vc_row][vc_row][vc_column width=&#8221;1\/1&#8243;][vc_column_text]<\/p>\n<h3>Descripci\u00f3n<\/h3>\n<p>Entre la Plaza del Castillo y el Paseo de Sarasate, en el coraz\u00f3n de Pamplona, se alza el Palacio de Navarra, sede de la Presidencia del Gobierno y de diferentes dependencias administrativas de la Comunidad Foral. El complejo, proyectado en 1840 por Jos\u00e9 de Nagusia, es un edificio palacial de estilo neocl\u00e1sico serio, potente y solemne, bordeado por numerosas columnas.<\/p>\n<p>Del interior, destaca por su majestuosidad y esplendor la zona noble, denominada Sal\u00f3n del Trono, con una decoraci\u00f3n exhuberante como s\u00edmbolo del poder. En el despacho del Presidente del Ejecutivo navarro, otra de las estancias m\u00e1s lujosas de Palacio, dos son sus joyas principales: un retrato de Fernando VII de Goya, y un gran tapiz que recoge la gran batalla de las Navas de Tolosa (1212).<\/p>\n<p>El jard\u00edn exterior alberga una sequoya gigante, el \u00e1rbol m\u00e1s alto de la ciudad. El Palacio de Navarra, conocido popularmente como &#8220;la Diputaci\u00f3n&#8221;, es la sede del Gobierno aut\u00f3nomo. De estilo neocl\u00e1sico, una de sus fachadas mira al monumento de los Fueros, en el paseo de Sarasate, y la otra a Carlos III y Plaza del Castillo.<\/p>\n<p>La fachada principal est\u00e1 rematada por un grupo escult\u00f3rico de Fructuoso Orduna (1951) que incluye el escudo de Navarra flanqueado por dos hombres: un monta\u00f1\u00e9s y un ribero. En sendas hornacinas se encuentran las figuras en bronce de los reyes Sancho VII el Fuerte y Sancho el Mayor. Los porches de esta fachada muestran a\u00fan efectos de un bombardeo durante la Guerra Civil espa\u00f1ola.<\/p>\n<h3>El Jard\u00edn<\/h3>\n<p>El jard\u00edn, enrejado y colindante a la fachada principal, est\u00e1 presidido por el antiguo Archivo General. En \u00e9l se alza el \u00e1rbol m\u00e1s alto de la ciudad: una sequoya de 37 metros de altura y siete de per\u00edmetro. Tiene siglo y medio de edad y fue tra\u00eddo desde Am\u00e9rica por Jos\u00e9 Mar\u00eda Gast\u00f3n y de Echevetz, quien la plant\u00f3 en los jardines de Palacio al ser elegido diputado en Cortes de 1855.<\/p>\n<p>La otra fachada, m\u00e1s reciente, obra de los arquitectos hermanos Jos\u00e9 y Javier Y\u00e1rnoz, da a la avenida Carlos III, frente al Teatro Gayarre. Se cre\u00f3 para abrir la zona a la Plaza del Castillo. Su sobria estructura es similar a la principal.<\/p>\n<h3>El Interior<\/h3>\n<p>En el interior, una interesante colecci\u00f3n de pinturas y murales, la mayor\u00eda fechadas en los siglos XIX y XX, que representan diferentes momentos de la historia de Navarra, recorren las salas y pasillos de este edificio de tres plantas.<\/p>\n<p>As\u00ed, en el <strong>&#8220;Sal\u00f3n del Trono&#8221;<\/strong>, en la planta noble, adornado con m\u00e1rmoles, terciopelos, cristales, escudos, espejos, ara\u00f1as, candelabros, estucos dorados, jarrones y otros elementos decorativos, se pueden apreciar ocho \u00f3leos obras de Francisco de Aznar, Alejandro Ferrant y Constantino Corona, adem\u00e1s de 32 retratos de cuerpo entero de los reyes de Navarra, y otros cuadros y tapices del siglo XVII tambi\u00e9n de tema hist\u00f3rico. La estancia cuenta adem\u00e1s con una Capilla, antiguo gabinete regio.<\/p>\n<p>La planta noble se completa con el Despacho el Presidente; la Antec\u00e1mara, con un retrato del Pr\u00edncipe de Viana; el Sal\u00f3n de Presidentes, el Sal\u00f3n Verde, Sal\u00f3n de Sesiones y Sal\u00f3n Isabelino. La mayor\u00eda de los lienzos y murales que se exhiben en el Palacio representan a reyes y hombres ilustres. Adem\u00e1s del retrato de Fernando VII de Goya, destaca el de la reina Mar\u00eda Cristina o el de Isabel II ni\u00f1a de Antonio M. Esquivel.<\/p>\n<p>Todos los d\u00edas a las 12 del mediod\u00eda, el magn\u00edfico y se\u00f1orial reloj de Diputaci\u00f3n interpreta el Himno de Navarra, melod\u00eda que se escucha con viveza desde las calles adyacentes, que conforman una de las zonas m\u00e1s comerciales y transitadas de la ciudad. Un reloj muy cantar\u00edn, ya que tanto en Navidad como en Sanfermines interpreta villancicos o estampas navarras, seg\u00fan lo requiera la ocasi\u00f3n.[\/vc_column_text][\/vc_column][\/vc_row]<\/p>\n","protected":false},"excerpt":{"rendered":"<p>[vc_row][vc_column width=&#8221;1\/2&#8243;][vc_column_text] Palacio de Navarra [\/vc_column_text][\/vc_column][vc_column width=&#8221;1\/2&#8243;][vc_column_text]Localidad: PAMPLONA (31001) Direcci\u00f3n: Avenida Avda. Carlos III, 1 Estilo: Neocl\u00e1sico Siglos de construcci\u00f3n: XIX Horario de visita: S\u00f3lo se ofrece visita guiada para entidades y grupos. E Precio visita: Gratuito Tel\u00e9fonos: 848427000 &#8211; 848427100[\/vc_column_text][\/vc_column][\/vc_row][vc_row][vc_column width=&#8221;1\/1&#8243;][vc_column_text] Descripci\u00f3n Entre la Plaza del Castillo y el Paseo de Sarasate, en el coraz\u00f3n de Pamplona, se alza el Palacio de Navarra, sede de la Presidencia del Gobierno y de diferentes dependencias administrativas de la Comunidad Foral. El complejo, proyectado en 1840 por Jos\u00e9 de Nagusia, es un edificio palacial de estilo neocl\u00e1sico serio, potente y solemne, bordeado por numerosas columnas. Del interior, destaca por su majestuosidad y esplendor la zona noble, denominada Sal\u00f3n del Trono, con una decoraci\u00f3n exhuberante como s\u00edmbolo del poder. En el despacho del Presidente del Ejecutivo navarro, otra de las estancias m\u00e1s lujosas de Palacio, dos son sus joyas principales: un retrato de Fernando VII de Goya, y un gran tapiz que recoge la gran batalla de las Navas de Tolosa (1212). El jard\u00edn exterior alberga una sequoya gigante, el \u00e1rbol m\u00e1s alto de la ciudad. El Palacio de Navarra, conocido popularmente como &#8220;la Diputaci\u00f3n&#8221;, es la sede del Gobierno aut\u00f3nomo. De estilo [&hellip;]<\/p>\n","protected":false},"author":1,"featured_media":0,"parent":0,"menu_order":0,"comment_status":"closed","ping_status":"closed","template":"","meta":{"footnotes":""},"class_list":["post-7890","page","type-page","status-publish","hentry"],"yoast_head":"<!-- This site is optimized with the Yoast SEO plugin v23.5 - https:\/\/yoast.com\/wordpress\/plugins\/seo\/ -->\n<title>Palacio de NavarraPalacio de Navarra - VisitNavarra<\/title>\n<meta name=\"description\" content=\"Entre la Plaza del Castillo y el Paseo de Sarasate, en el coraz\u00f3n de Pamplona, se alza el Palacio de Navarra, sede del Gobierno.\" \/>\n<meta name=\"robots\" content=\"index, follow, max-snippet:-1, max-image-preview:large, max-video-preview:-1\" \/>\n<link rel=\"canonical\" href=\"https:\/\/visitnavarra.info\/visitnavarra\/palacio-de-navarra\/\" \/>\n<meta property=\"og:locale\" content=\"es_ES\" \/>\n<meta property=\"og:type\" content=\"article\" \/>\n<meta property=\"og:title\" content=\"Palacio de NavarraPalacio de Navarra - VisitNavarra\" \/>\n<meta property=\"og:description\" content=\"Entre la Plaza del Castillo y el Paseo de Sarasate, en el coraz\u00f3n de Pamplona, se alza el Palacio de Navarra, sede del Gobierno.\" \/>\n<meta property=\"og:url\" content=\"https:\/\/visitnavarra.info\/visitnavarra\/palacio-de-navarra\/\" \/>\n<meta property=\"og:site_name\" content=\"VisitNavarra\" \/>\n<meta property=\"article:modified_time\" content=\"2020-12-10T11:56:24+00:00\" \/>\n<meta name=\"twitter:card\" content=\"summary_large_image\" \/>\n<meta name=\"twitter:label1\" content=\"Tiempo de lectura\" \/>\n\t<meta name=\"twitter:data1\" content=\"4 minutos\" \/>\n<script type=\"application\/ld+json\" class=\"yoast-schema-graph\">{\"@context\":\"https:\/\/schema.org\",\"@graph\":[{\"@type\":\"WebPage\",\"@id\":\"https:\/\/visitnavarra.info\/visitnavarra\/palacio-de-navarra\/\",\"url\":\"https:\/\/visitnavarra.info\/visitnavarra\/palacio-de-navarra\/\",\"name\":\"Palacio de NavarraPalacio de Navarra - VisitNavarra\",\"isPartOf\":{\"@id\":\"https:\/\/visitnavarra.info\/visitnavarra\/#website\"},\"datePublished\":\"2020-12-09T12:14:45+00:00\",\"dateModified\":\"2020-12-10T11:56:24+00:00\",\"description\":\"Entre la Plaza del Castillo y el Paseo de Sarasate, en el coraz\u00f3n de Pamplona, se alza el Palacio de Navarra, sede del Gobierno.\",\"breadcrumb\":{\"@id\":\"https:\/\/visitnavarra.info\/visitnavarra\/palacio-de-navarra\/#breadcrumb\"},\"inLanguage\":\"es\",\"potentialAction\":[{\"@type\":\"ReadAction\",\"target\":[\"https:\/\/visitnavarra.info\/visitnavarra\/palacio-de-navarra\/\"]}]},{\"@type\":\"BreadcrumbList\",\"@id\":\"https:\/\/visitnavarra.info\/visitnavarra\/palacio-de-navarra\/#breadcrumb\",\"itemListElement\":[{\"@type\":\"ListItem\",\"position\":1,\"name\":\"Portada\",\"item\":\"https:\/\/visitnavarra.info\/visitnavarra\/\"},{\"@type\":\"ListItem\",\"position\":2,\"name\":\"Palacio de Navarra\"}]},{\"@type\":\"WebSite\",\"@id\":\"https:\/\/visitnavarra.info\/visitnavarra\/#website\",\"url\":\"https:\/\/visitnavarra.info\/visitnavarra\/\",\"name\":\"VisitNavarra\",\"description\":\"Alojamiento y experiencias tur\u00edsticas en Navarra; qu\u00e9 visitar en Navarra; comer en Navarra\",\"potentialAction\":[{\"@type\":\"SearchAction\",\"target\":{\"@type\":\"EntryPoint\",\"urlTemplate\":\"https:\/\/visitnavarra.info\/visitnavarra\/?s={search_term_string}\"},\"query-input\":{\"@type\":\"PropertyValueSpecification\",\"valueRequired\":true,\"valueName\":\"search_term_string\"}}],\"inLanguage\":\"es\"}]}<\/script>\n<!-- \/ Yoast SEO plugin. -->","yoast_head_json":{"title":"Palacio de NavarraPalacio de Navarra - VisitNavarra","description":"Entre la Plaza del Castillo y el Paseo de Sarasate, en el coraz\u00f3n de Pamplona, se alza el Palacio de Navarra, sede del Gobierno.","robots":{"index":"index","follow":"follow","max-snippet":"max-snippet:-1","max-image-preview":"max-image-preview:large","max-video-preview":"max-video-preview:-1"},"canonical":"https:\/\/visitnavarra.info\/visitnavarra\/palacio-de-navarra\/","og_locale":"es_ES","og_type":"article","og_title":"Palacio de NavarraPalacio de Navarra - VisitNavarra","og_description":"Entre la Plaza del Castillo y el Paseo de Sarasate, en el coraz\u00f3n de Pamplona, se alza el Palacio de Navarra, sede del Gobierno.","og_url":"https:\/\/visitnavarra.info\/visitnavarra\/palacio-de-navarra\/","og_site_name":"VisitNavarra","article_modified_time":"2020-12-10T11:56:24+00:00","twitter_card":"summary_large_image","twitter_misc":{"Tiempo de lectura":"4 minutos"},"schema":{"@context":"https:\/\/schema.org","@graph":[{"@type":"WebPage","@id":"https:\/\/visitnavarra.info\/visitnavarra\/palacio-de-navarra\/","url":"https:\/\/visitnavarra.info\/visitnavarra\/palacio-de-navarra\/","name":"Palacio de NavarraPalacio de Navarra - VisitNavarra","isPartOf":{"@id":"https:\/\/visitnavarra.info\/visitnavarra\/#website"},"datePublished":"2020-12-09T12:14:45+00:00","dateModified":"2020-12-10T11:56:24+00:00","description":"Entre la Plaza del Castillo y el Paseo de Sarasate, en el coraz\u00f3n de Pamplona, se alza el Palacio de Navarra, sede del Gobierno.","breadcrumb":{"@id":"https:\/\/visitnavarra.info\/visitnavarra\/palacio-de-navarra\/#breadcrumb"},"inLanguage":"es","potentialAction":[{"@type":"ReadAction","target":["https:\/\/visitnavarra.info\/visitnavarra\/palacio-de-navarra\/"]}]},{"@type":"BreadcrumbList","@id":"https:\/\/visitnavarra.info\/visitnavarra\/palacio-de-navarra\/#breadcrumb","itemListElement":[{"@type":"ListItem","position":1,"name":"Portada","item":"https:\/\/visitnavarra.info\/visitnavarra\/"},{"@type":"ListItem","position":2,"name":"Palacio de Navarra"}]},{"@type":"WebSite","@id":"https:\/\/visitnavarra.info\/visitnavarra\/#website","url":"https:\/\/visitnavarra.info\/visitnavarra\/","name":"VisitNavarra","description":"Alojamiento y experiencias tur\u00edsticas en Navarra; qu\u00e9 visitar en Navarra; comer en Navarra","potentialAction":[{"@type":"SearchAction","target":{"@type":"EntryPoint","urlTemplate":"https:\/\/visitnavarra.info\/visitnavarra\/?s={search_term_string}"},"query-input":{"@type":"PropertyValueSpecification","valueRequired":true,"valueName":"search_term_string"}}],"inLanguage":"es"}]}},"_links":{"self":[{"href":"https:\/\/visitnavarra.info\/visitnavarra\/wp-json\/wp\/v2\/pages\/7890","targetHints":{"allow":["GET"]}}],"collection":[{"href":"https:\/\/visitnavarra.info\/visitnavarra\/wp-json\/wp\/v2\/pages"}],"about":[{"href":"https:\/\/visitnavarra.info\/visitnavarra\/wp-json\/wp\/v2\/types\/page"}],"author":[{"embeddable":true,"href":"https:\/\/visitnavarra.info\/visitnavarra\/wp-json\/wp\/v2\/users\/1"}],"replies":[{"embeddable":true,"href":"https:\/\/visitnavarra.info\/visitnavarra\/wp-json\/wp\/v2\/comments?post=7890"}],"version-history":[{"count":2,"href":"https:\/\/visitnavarra.info\/visitnavarra\/wp-json\/wp\/v2\/pages\/7890\/revisions"}],"predecessor-version":[{"id":7994,"href":"https:\/\/visitnavarra.info\/visitnavarra\/wp-json\/wp\/v2\/pages\/7890\/revisions\/7994"}],"wp:attachment":[{"href":"https:\/\/visitnavarra.info\/visitnavarra\/wp-json\/wp\/v2\/media?parent=7890"}],"curies":[{"name":"wp","href":"https:\/\/api.w.org\/{rel}","templated":true}]}}