{"id":7893,"date":"2020-12-09T12:20:51","date_gmt":"2020-12-09T12:20:51","guid":{"rendered":"https:\/\/visitnavarra.info\/visitnavarra\/?page_id=7893"},"modified":"2020-12-10T12:07:58","modified_gmt":"2020-12-10T12:07:58","slug":"balneario-de-fitero","status":"publish","type":"page","link":"https:\/\/visitnavarra.info\/visitnavarra\/balneario-de-fitero\/","title":{"rendered":"Balneario de Fitero"},"content":{"rendered":"<p>[vc_row][vc_column width=&#8221;1\/2&#8243;][vc_column_text]<\/p>\n<h1 style=\"text-align: center;\">Balneario de Fitero<\/h1>\n<p>[\/vc_column_text]<div class=\"single_image wpb_content_element align-center  image_box_circle image_box_border  \" data-animation=\"none\" data-delay=\"0\"><img loading=\"lazy\" decoding=\"async\" width=\"300\" height=\"115\" src=\"https:\/\/visitnavarra.info\/visitnavarra\/wp-content\/uploads\/2020\/12\/Balneario-Fitero.jpg\" class=\"attachment-large\" alt=\"\" \/><\/div>[\/vc_column][vc_column width=&#8221;1\/2&#8243;][vc_column_text]<strong>Localidad<\/strong>: FITERO (31593)<br \/>\n<strong>Zona<\/strong>: La Ribera<br \/>\n<strong>Tel\u00e9fono<\/strong>: 948776275<br \/>\n<strong>Fax<\/strong>: 948776225<br \/>\n<strong>Email<\/strong>: balneario@fitero.com[\/vc_column_text][\/vc_column][\/vc_row][vc_row][vc_column width=&#8221;1\/1&#8243;][vc_column_text]<strong>Situaci\u00f3n<\/strong><\/p>\n<p>Al sur de Navarra, a 32 kil\u00f3metros de Tudela y a 3 de Fitero, en la ladera de la Pe\u00f1a del Ba\u00f1o, fluyen las aguas termales del Balneario de Fitero, que a sus propiedades curativas suma el encanto de un entorno natural y del rico patrimonio art\u00edstico de los alrededores. Aqu\u00ed podr\u00e1 disfrutar de la naturaleza de forma saludable y de las propiedades curativas de las aguas termales que fluyen de las entra\u00f1as de la tierra a una temperatura entre 32 y 52\u00ba C.<\/p>\n<p>El poeta Gustavo Adolfo B\u00e9cquer, el papa Benedicto XV cuando era cardenal, reyes y toreros han sido algunos de los ilustres personajes que han sentido los beneficios de las aguas de Fitero, buenas para el reuma, artrosis, gota, y asma. Adem\u00e1s, el balneario es un lugar id\u00f3neo para quienes buscan descansar, practicar deporte o estar en contacto con la naturaleza.<\/p>\n<p>A 3 kil\u00f3metros de Fitero, en la Ribera navarra, al abrigo de la rocosa pe\u00f1a del Ba\u00f1o, manan de las entra\u00f1as de la tierra dos manantiales de aguas curativas que ya eran utilizadas por los romanos, primero, y por los \u00e1rabes despu\u00e9s, con fines terap\u00e9uticos. En torno a estos dos manantiales existen dos hoteles: el Virrey Palafox y el Gustavo Adolfo Becquer.<\/p>\n<h3>Descripci\u00f3n<\/h3>\n<p>El primero de ellos entr\u00f3 en funcionamiento en 1728 y debe su nombre a que en \u00e9l fue criado, en el siglo XVII, el citado virrey. Tiene 120 plazas y en su interior conserva unas antiguas termas romanas. Y el nuevo balneario, construido en 1846, lleva el nombre de Gustavo Adolfo B\u00e9cquer, en recuerdo a que el poeta se aloj\u00f3 aqu\u00ed, en la habitaci\u00f3n 314 y escribi\u00f3 &#8220;El Miserere&#8221;, &#8220;La fe salva&#8221; y &#8220;La cueva de la Mora&#8221;; \u00e9ste \u00faltimo dispone de 328 plazas.<\/p>\n<p>Los ba\u00f1os est\u00e1n abiertos de marzo a diciembre, y las aguas de sus manantiales, que se toman como bebida y se utilizan en ba\u00f1os, inhalaciones, duchas y estufa, est\u00e1n indicadas para combatir reumatismos, gota, artrosis y alteraciones osteoarticulares, procesos bronquiales cr\u00f3nicos, faringitis, laringitis, ansiedad y algunos tipos de asma.<\/p>\n<p>En torno a los ba\u00f1os hay diversas leyendas, como la que cuenta que un labriego se ba\u00f1\u00f3 en esta agua y se coci\u00f3 vivo por no haber descansado en la fiesta del ap\u00f3stol Santiago. El balneario est\u00e1 situado en un entorno agradable y en la zona se goza de un clima privilegiado.<\/p>\n<h3><strong>Alrededores<\/strong><\/h3>\n<p>Adem\u00e1s de pasear pasear en los alrededores del balneario, por senderos que transcurren entre pinares y roquedos, el balneario es un buen punto de partida para realizar excursiones a lugares de inter\u00e9s art\u00edstico y cultural como el monasterio de Fitero, monasterio de Tulebras, las se\u00f1oriales ciudades de Corella y Tudela, o las vecinas localidades de Tarazona (Zaragoza) y Enciso (La Rioja).[\/vc_column_text][\/vc_column][\/vc_row]<\/p>\n","protected":false},"excerpt":{"rendered":"<p>[vc_row][vc_column width=&#8221;1\/2&#8243;][vc_column_text] Balneario de Fitero [\/vc_column_text][\/vc_column][vc_column width=&#8221;1\/2&#8243;][vc_column_text]Localidad: FITERO (31593) Zona: La Ribera Tel\u00e9fono: 948776275 Fax: 948776225 Email: balneario@fitero.com[\/vc_column_text][\/vc_column][\/vc_row][vc_row][vc_column width=&#8221;1\/1&#8243;][vc_column_text]Situaci\u00f3n Al sur de Navarra, a 32 kil\u00f3metros de Tudela y a 3 de Fitero, en la ladera de la Pe\u00f1a del Ba\u00f1o, fluyen las aguas termales del Balneario de Fitero, que a sus propiedades curativas suma el encanto de un entorno natural y del rico patrimonio art\u00edstico de los alrededores. Aqu\u00ed podr\u00e1 disfrutar de la naturaleza de forma saludable y de las propiedades curativas de las aguas termales que fluyen de las entra\u00f1as de la tierra a una temperatura entre 32 y 52\u00ba C. El poeta Gustavo Adolfo B\u00e9cquer, el papa Benedicto XV cuando era cardenal, reyes y toreros han sido algunos de los ilustres personajes que han sentido los beneficios de las aguas de Fitero, buenas para el reuma, artrosis, gota, y asma. Adem\u00e1s, el balneario es un lugar id\u00f3neo para quienes buscan descansar, practicar deporte o estar en contacto con la naturaleza. A 3 kil\u00f3metros de Fitero, en la Ribera navarra, al abrigo de la rocosa pe\u00f1a del Ba\u00f1o, manan de las entra\u00f1as de la tierra dos manantiales de aguas curativas que ya eran utilizadas por los romanos, primero, [&hellip;]<\/p>\n","protected":false},"author":1,"featured_media":0,"parent":0,"menu_order":0,"comment_status":"closed","ping_status":"closed","template":"","meta":{"footnotes":""},"class_list":["post-7893","page","type-page","status-publish","hentry"],"yoast_head":"<!-- This site is optimized with the Yoast SEO plugin v23.5 - https:\/\/yoast.com\/wordpress\/plugins\/seo\/ -->\n<title>Balneario de FiteroBalneario de Fitero - VisitNavarra<\/title>\n<meta name=\"description\" content=\"A 3km de Fitero fluyen las aguas termales del Balneario de Fitero, que a sus propiedades curativas suma un entorno natural y rico patrimonio.\" \/>\n<meta name=\"robots\" content=\"index, follow, max-snippet:-1, max-image-preview:large, max-video-preview:-1\" \/>\n<link rel=\"canonical\" href=\"https:\/\/visitnavarra.info\/visitnavarra\/balneario-de-fitero\/\" \/>\n<meta property=\"og:locale\" content=\"es_ES\" \/>\n<meta property=\"og:type\" content=\"article\" \/>\n<meta property=\"og:title\" content=\"Balneario de FiteroBalneario de Fitero - VisitNavarra\" \/>\n<meta property=\"og:description\" content=\"A 3km de Fitero fluyen las aguas termales del Balneario de Fitero, que a sus propiedades curativas suma un entorno natural y rico patrimonio.\" \/>\n<meta property=\"og:url\" content=\"https:\/\/visitnavarra.info\/visitnavarra\/balneario-de-fitero\/\" \/>\n<meta property=\"og:site_name\" content=\"VisitNavarra\" \/>\n<meta property=\"article:modified_time\" content=\"2020-12-10T12:07:58+00:00\" \/>\n<meta name=\"twitter:card\" content=\"summary_large_image\" \/>\n<meta name=\"twitter:label1\" content=\"Tiempo de lectura\" \/>\n\t<meta name=\"twitter:data1\" content=\"3 minutos\" \/>\n<script type=\"application\/ld+json\" class=\"yoast-schema-graph\">{\"@context\":\"https:\/\/schema.org\",\"@graph\":[{\"@type\":\"WebPage\",\"@id\":\"https:\/\/visitnavarra.info\/visitnavarra\/balneario-de-fitero\/\",\"url\":\"https:\/\/visitnavarra.info\/visitnavarra\/balneario-de-fitero\/\",\"name\":\"Balneario de FiteroBalneario de Fitero - VisitNavarra\",\"isPartOf\":{\"@id\":\"https:\/\/visitnavarra.info\/visitnavarra\/#website\"},\"datePublished\":\"2020-12-09T12:20:51+00:00\",\"dateModified\":\"2020-12-10T12:07:58+00:00\",\"description\":\"A 3km de Fitero fluyen las aguas termales del Balneario de Fitero, que a sus propiedades curativas suma un entorno natural y rico patrimonio.\",\"breadcrumb\":{\"@id\":\"https:\/\/visitnavarra.info\/visitnavarra\/balneario-de-fitero\/#breadcrumb\"},\"inLanguage\":\"es\",\"potentialAction\":[{\"@type\":\"ReadAction\",\"target\":[\"https:\/\/visitnavarra.info\/visitnavarra\/balneario-de-fitero\/\"]}]},{\"@type\":\"BreadcrumbList\",\"@id\":\"https:\/\/visitnavarra.info\/visitnavarra\/balneario-de-fitero\/#breadcrumb\",\"itemListElement\":[{\"@type\":\"ListItem\",\"position\":1,\"name\":\"Portada\",\"item\":\"https:\/\/visitnavarra.info\/visitnavarra\/\"},{\"@type\":\"ListItem\",\"position\":2,\"name\":\"Balneario de Fitero\"}]},{\"@type\":\"WebSite\",\"@id\":\"https:\/\/visitnavarra.info\/visitnavarra\/#website\",\"url\":\"https:\/\/visitnavarra.info\/visitnavarra\/\",\"name\":\"VisitNavarra\",\"description\":\"Alojamiento y experiencias tur\u00edsticas en Navarra; qu\u00e9 visitar en Navarra; comer en Navarra\",\"potentialAction\":[{\"@type\":\"SearchAction\",\"target\":{\"@type\":\"EntryPoint\",\"urlTemplate\":\"https:\/\/visitnavarra.info\/visitnavarra\/?s={search_term_string}\"},\"query-input\":{\"@type\":\"PropertyValueSpecification\",\"valueRequired\":true,\"valueName\":\"search_term_string\"}}],\"inLanguage\":\"es\"}]}<\/script>\n<!-- \/ Yoast SEO plugin. -->","yoast_head_json":{"title":"Balneario de FiteroBalneario de Fitero - VisitNavarra","description":"A 3km de Fitero fluyen las aguas termales del Balneario de Fitero, que a sus propiedades curativas suma un entorno natural y rico patrimonio.","robots":{"index":"index","follow":"follow","max-snippet":"max-snippet:-1","max-image-preview":"max-image-preview:large","max-video-preview":"max-video-preview:-1"},"canonical":"https:\/\/visitnavarra.info\/visitnavarra\/balneario-de-fitero\/","og_locale":"es_ES","og_type":"article","og_title":"Balneario de FiteroBalneario de Fitero - VisitNavarra","og_description":"A 3km de Fitero fluyen las aguas termales del Balneario de Fitero, que a sus propiedades curativas suma un entorno natural y rico patrimonio.","og_url":"https:\/\/visitnavarra.info\/visitnavarra\/balneario-de-fitero\/","og_site_name":"VisitNavarra","article_modified_time":"2020-12-10T12:07:58+00:00","twitter_card":"summary_large_image","twitter_misc":{"Tiempo de lectura":"3 minutos"},"schema":{"@context":"https:\/\/schema.org","@graph":[{"@type":"WebPage","@id":"https:\/\/visitnavarra.info\/visitnavarra\/balneario-de-fitero\/","url":"https:\/\/visitnavarra.info\/visitnavarra\/balneario-de-fitero\/","name":"Balneario de FiteroBalneario de Fitero - VisitNavarra","isPartOf":{"@id":"https:\/\/visitnavarra.info\/visitnavarra\/#website"},"datePublished":"2020-12-09T12:20:51+00:00","dateModified":"2020-12-10T12:07:58+00:00","description":"A 3km de Fitero fluyen las aguas termales del Balneario de Fitero, que a sus propiedades curativas suma un entorno natural y rico patrimonio.","breadcrumb":{"@id":"https:\/\/visitnavarra.info\/visitnavarra\/balneario-de-fitero\/#breadcrumb"},"inLanguage":"es","potentialAction":[{"@type":"ReadAction","target":["https:\/\/visitnavarra.info\/visitnavarra\/balneario-de-fitero\/"]}]},{"@type":"BreadcrumbList","@id":"https:\/\/visitnavarra.info\/visitnavarra\/balneario-de-fitero\/#breadcrumb","itemListElement":[{"@type":"ListItem","position":1,"name":"Portada","item":"https:\/\/visitnavarra.info\/visitnavarra\/"},{"@type":"ListItem","position":2,"name":"Balneario de Fitero"}]},{"@type":"WebSite","@id":"https:\/\/visitnavarra.info\/visitnavarra\/#website","url":"https:\/\/visitnavarra.info\/visitnavarra\/","name":"VisitNavarra","description":"Alojamiento y experiencias tur\u00edsticas en Navarra; qu\u00e9 visitar en Navarra; comer en Navarra","potentialAction":[{"@type":"SearchAction","target":{"@type":"EntryPoint","urlTemplate":"https:\/\/visitnavarra.info\/visitnavarra\/?s={search_term_string}"},"query-input":{"@type":"PropertyValueSpecification","valueRequired":true,"valueName":"search_term_string"}}],"inLanguage":"es"}]}},"_links":{"self":[{"href":"https:\/\/visitnavarra.info\/visitnavarra\/wp-json\/wp\/v2\/pages\/7893","targetHints":{"allow":["GET"]}}],"collection":[{"href":"https:\/\/visitnavarra.info\/visitnavarra\/wp-json\/wp\/v2\/pages"}],"about":[{"href":"https:\/\/visitnavarra.info\/visitnavarra\/wp-json\/wp\/v2\/types\/page"}],"author":[{"embeddable":true,"href":"https:\/\/visitnavarra.info\/visitnavarra\/wp-json\/wp\/v2\/users\/1"}],"replies":[{"embeddable":true,"href":"https:\/\/visitnavarra.info\/visitnavarra\/wp-json\/wp\/v2\/comments?post=7893"}],"version-history":[{"count":2,"href":"https:\/\/visitnavarra.info\/visitnavarra\/wp-json\/wp\/v2\/pages\/7893\/revisions"}],"predecessor-version":[{"id":8012,"href":"https:\/\/visitnavarra.info\/visitnavarra\/wp-json\/wp\/v2\/pages\/7893\/revisions\/8012"}],"wp:attachment":[{"href":"https:\/\/visitnavarra.info\/visitnavarra\/wp-json\/wp\/v2\/media?parent=7893"}],"curies":[{"name":"wp","href":"https:\/\/api.w.org\/{rel}","templated":true}]}}