{"id":7896,"date":"2020-12-09T12:29:51","date_gmt":"2020-12-09T12:29:51","guid":{"rendered":"https:\/\/visitnavarra.info\/visitnavarra\/?page_id=7896"},"modified":"2020-12-09T12:33:40","modified_gmt":"2020-12-09T12:33:40","slug":"barrio-de-san-pedro-de-la-rua","status":"publish","type":"page","link":"https:\/\/visitnavarra.info\/visitnavarra\/barrio-de-san-pedro-de-la-rua\/","title":{"rendered":"Barrio de San Pedro de la R\u00faa"},"content":{"rendered":"<p>[vc_row][vc_column width=&#8221;1\/2&#8243;][vc_column_text]<\/p>\n<h1 style=\"text-align: center;\">Barrio de San Pedro de la R\u00faa<\/h1>\n<p>[\/vc_column_text]<div class=\"single_image wpb_content_element align-center  image_box_circle image_box_border  \" data-animation=\"none\" data-delay=\"0\"><img loading=\"lazy\" decoding=\"async\" width=\"217\" height=\"155\" src=\"https:\/\/visitnavarra.info\/visitnavarra\/wp-content\/uploads\/2020\/12\/Barrio-SanPedro-Rua.jpg\" class=\"attachment-medium\" alt=\"\" \/><\/div>[\/vc_column][vc_column width=&#8221;1\/2&#8243;][vc_column_text]<strong>Localidad<\/strong>: ESTELLA (31200)<br \/>\n<strong>Direcci\u00f3n<\/strong>: Barrio de San Pedro<br \/>\n<strong>Zona<\/strong>: La Zona Media[\/vc_column_text][\/vc_column][\/vc_row][vc_row][vc_column width=&#8221;1\/1&#8243;][vc_column_text]<\/p>\n<h3>Descripci\u00f3n<\/h3>\n<p><strong>El barrio de San Pedro de Estella<\/strong>, nacido a finales del siglo XI, es una oportunidad para perderse por la historia de esta ciudad. Sus bellos edificios religiosos, como la iglesia del Santo Sepulcro o San Pedro de la R\u00faa, le har\u00e1n retroceder en el tiempo e imaginarse peregrino del Camino hacia Santiago de Compostela.<\/p>\n<p>Contemplando sus interesantes obras civiles, entre las que destaca el palacio de los Reyes de Navarra, podr\u00e1 imaginar el esplendor econ\u00f3mico que la Ruta Jacobea trajo a esta ciudad ba\u00f1ada por el r\u00edo Ega y sentirse comerciante en la opulenta calle medieval de la r\u00faa de Curtidores.<\/p>\n<p>En su decidida intenci\u00f3n de promocionar el Camino de Santiago el monarca Sancho Ram\u00edrez decide en el a\u00f1o 1090 que en el lugar de Lizarra, antiguo emplazamiento vasc\u00f3n, surja una etapa del Camino.<\/p>\n<p>Construye un castillo, establece un n\u00facleo de poblaci\u00f3n, la rodea de murallas y le concede un Fuero, basado en el de Jaca, autorizando la instalaci\u00f3n de francos, hombres libres de vasallaje a nobles y clero, fomentando as\u00ed la actividad comercial y el enriquecimiento econ\u00f3mico y cultural de la ciudad.<\/p>\n<p>As\u00ed surge en la margen derecha del r\u00edo Ega, el Burgo de San Mart\u00edn, el m\u00e1s monumental de los barrios estelleses, en torno a las calles San Nicol\u00e1s y Curtidores. Es aqu\u00ed donde nace el primer templo rom\u00e1nico de Estella: San pedro de la R\u00faa. Cruzado por la Ruta Jacobea, el actual barrio de San Pedro conserva un marcado ambiente medieval.<\/p>\n<h3>La Visita<\/h3>\n<p>La visita comienza en la plaza de San Mart\u00edn, presidida por una fuente renacentista del siglo XVI y popularmente conocida como fuente de &#8220;la Mona&#8221; o de &#8220;los Chorros&#8221;.<\/p>\n<p>En los aleda\u00f1os de la plaza se encuentra el actual juzgado, edificio barroco del siglo XVII, que fue el Ayuntamiento de Estella hasta el siglo XIX.<\/p>\n<p>La fachada renacentista, de tres plantas, presenta columnas y pilastras cl\u00e1sicas con capiteles compuestos.<\/p>\n<p>En el piso noble se muestran dos escudos de la ciudad. Muy cerca se encuentra el puente de San Mart\u00edn o del Azucarero, de origen medieval.<\/p>\n<p>A la derecha de la plaza, una larga escalinata construida en 1968 asciende hasta la iglesia de San Pedro de la R\u00faa, una de las m\u00e1s bellas del rom\u00e1nico en Navarra. Conserva una original portada polilobulada del siglo XIII y un claustro de finales del siglo XII. A los pies de la escalinata puede contemplar, en uno de los extremos de la plaza de San Mart\u00edn, el hermoso Palacio de los Reyes de Navarra del siglo XII, \u00fanico ejemplo de arquitectura civil rom\u00e1nica de la Comunidad, hoy sede del Museo Gustavo de Maeztu.<\/p>\n<p>De las puertas de entrada a la ciudad, s\u00f3lo se mantiene el medieval Portal de Castilla, con remodelaciones del siglo XVI y decorado con el emblema de la ciudad. Se encuentra al final de la calle San Nicol\u00e1s, entre el Palacio de los Reyes de Navarra y la iglesia de San Pedro.<\/p>\n<p>La r\u00faa de los Curtidores tambi\u00e9n alberga singulares construcciones como la Casa de Cultura Fray Diego o el Palacio de San Crist\u00f3bal, edificios platerescos del siglo XVI, el palacio barroco del Gobernador levantado en 1613 y el puente de la C\u00e1rcel o San Agust\u00edn, reconstruido en 1975. Observe a lo largo de esta r\u00faa los numerosos arcos g\u00f3ticos que daban acceso a tiendas y hospeder\u00edas abiertas a la orilla del camino jacobeo.<\/p>\n<p>Contin\u00faa la calle Curtidores hasta la iglesia del Santo Sepulcro del siglo XII con una maravillosa portada del XIV. Muy cerca se encuentran el convento g\u00f3tico de Santo Domingo, reconvertido parcialmente en residencia geri\u00e1trica, y la iglesia de Santa Mar\u00eda Jus del Castillo, con \u00e1bside rom\u00e1nico y fachada barroca, posiblemente edificada sobre una sinagoga jud\u00eda.<\/p>\n<p>Adem\u00e1s del barrio de San Pedro, no deje de visitar la ciudad al otro lado del Ega. Se topar\u00e1 con un buen n\u00famero de edificios blasonados en la calle Mayor o interesantes muestras de arquitectura religiosa como la bas\u00edlica de Nuestra Se\u00f1ora del Puy o la iglesia de San Miguel, entre otras.<\/p>\n<p>Si el paseo le abre el apetito, el asado de gorr\u00edn, plato t\u00edpico de la zona, junto con los albotes (alubias pintadas), esp\u00e1rragos frescos, menestra de verduras, o dulces como las rocas del Puy y las conchas del Camino, son apetecibles sugerencias gastron\u00f3micas[\/vc_column_text][\/vc_column][\/vc_row]<\/p>\n","protected":false},"excerpt":{"rendered":"<p>[vc_row][vc_column width=&#8221;1\/2&#8243;][vc_column_text] Barrio de San Pedro de la R\u00faa [\/vc_column_text][\/vc_column][vc_column width=&#8221;1\/2&#8243;][vc_column_text]Localidad: ESTELLA (31200) Direcci\u00f3n: Barrio de San Pedro Zona: La Zona Media[\/vc_column_text][\/vc_column][\/vc_row][vc_row][vc_column width=&#8221;1\/1&#8243;][vc_column_text] Descripci\u00f3n El barrio de San Pedro de Estella, nacido a finales del siglo XI, es una oportunidad para perderse por la historia de esta ciudad. Sus bellos edificios religiosos, como la iglesia del Santo Sepulcro o San Pedro de la R\u00faa, le har\u00e1n retroceder en el tiempo e imaginarse peregrino del Camino hacia Santiago de Compostela. Contemplando sus interesantes obras civiles, entre las que destaca el palacio de los Reyes de Navarra, podr\u00e1 imaginar el esplendor econ\u00f3mico que la Ruta Jacobea trajo a esta ciudad ba\u00f1ada por el r\u00edo Ega y sentirse comerciante en la opulenta calle medieval de la r\u00faa de Curtidores. En su decidida intenci\u00f3n de promocionar el Camino de Santiago el monarca Sancho Ram\u00edrez decide en el a\u00f1o 1090 que en el lugar de Lizarra, antiguo emplazamiento vasc\u00f3n, surja una etapa del Camino. Construye un castillo, establece un n\u00facleo de poblaci\u00f3n, la rodea de murallas y le concede un Fuero, basado en el de Jaca, autorizando la instalaci\u00f3n de francos, hombres libres de vasallaje a nobles y clero, fomentando as\u00ed la actividad comercial y [&hellip;]<\/p>\n","protected":false},"author":1,"featured_media":0,"parent":0,"menu_order":0,"comment_status":"closed","ping_status":"closed","template":"","meta":{"footnotes":""},"class_list":["post-7896","page","type-page","status-publish","hentry"],"yoast_head":"<!-- This site is optimized with the Yoast SEO plugin v23.5 - https:\/\/yoast.com\/wordpress\/plugins\/seo\/ -->\n<title>Barrio San Pedro de la R\u00faa - VisitNavarra<\/title>\n<meta name=\"description\" content=\"El barrio de San Pedro de Estella con sus bellos edificios religiosos, como la iglesia del Santo Sepulcro o San Pedro de la R\u00faa.\" \/>\n<meta name=\"robots\" content=\"index, follow, max-snippet:-1, max-image-preview:large, max-video-preview:-1\" \/>\n<link rel=\"canonical\" href=\"https:\/\/visitnavarra.info\/visitnavarra\/barrio-de-san-pedro-de-la-rua\/\" \/>\n<meta property=\"og:locale\" content=\"es_ES\" \/>\n<meta property=\"og:type\" content=\"article\" \/>\n<meta property=\"og:title\" content=\"Barrio San Pedro de la R\u00faa - VisitNavarra\" \/>\n<meta property=\"og:description\" content=\"El barrio de San Pedro de Estella con sus bellos edificios religiosos, como la iglesia del Santo Sepulcro o San Pedro de la R\u00faa.\" \/>\n<meta property=\"og:url\" content=\"https:\/\/visitnavarra.info\/visitnavarra\/barrio-de-san-pedro-de-la-rua\/\" \/>\n<meta property=\"og:site_name\" content=\"VisitNavarra\" \/>\n<meta property=\"article:modified_time\" content=\"2020-12-09T12:33:40+00:00\" \/>\n<meta name=\"twitter:card\" content=\"summary_large_image\" \/>\n<meta name=\"twitter:label1\" content=\"Tiempo de lectura\" \/>\n\t<meta name=\"twitter:data1\" content=\"4 minutos\" \/>\n<script type=\"application\/ld+json\" class=\"yoast-schema-graph\">{\"@context\":\"https:\/\/schema.org\",\"@graph\":[{\"@type\":\"WebPage\",\"@id\":\"https:\/\/visitnavarra.info\/visitnavarra\/barrio-de-san-pedro-de-la-rua\/\",\"url\":\"https:\/\/visitnavarra.info\/visitnavarra\/barrio-de-san-pedro-de-la-rua\/\",\"name\":\"Barrio San Pedro de la R\u00faa - VisitNavarra\",\"isPartOf\":{\"@id\":\"https:\/\/visitnavarra.info\/visitnavarra\/#website\"},\"datePublished\":\"2020-12-09T12:29:51+00:00\",\"dateModified\":\"2020-12-09T12:33:40+00:00\",\"description\":\"El barrio de San Pedro de Estella con sus bellos edificios religiosos, como la iglesia del Santo Sepulcro o San Pedro de la R\u00faa.\",\"breadcrumb\":{\"@id\":\"https:\/\/visitnavarra.info\/visitnavarra\/barrio-de-san-pedro-de-la-rua\/#breadcrumb\"},\"inLanguage\":\"es\",\"potentialAction\":[{\"@type\":\"ReadAction\",\"target\":[\"https:\/\/visitnavarra.info\/visitnavarra\/barrio-de-san-pedro-de-la-rua\/\"]}]},{\"@type\":\"BreadcrumbList\",\"@id\":\"https:\/\/visitnavarra.info\/visitnavarra\/barrio-de-san-pedro-de-la-rua\/#breadcrumb\",\"itemListElement\":[{\"@type\":\"ListItem\",\"position\":1,\"name\":\"Portada\",\"item\":\"https:\/\/visitnavarra.info\/visitnavarra\/\"},{\"@type\":\"ListItem\",\"position\":2,\"name\":\"Barrio de San Pedro de la R\u00faa\"}]},{\"@type\":\"WebSite\",\"@id\":\"https:\/\/visitnavarra.info\/visitnavarra\/#website\",\"url\":\"https:\/\/visitnavarra.info\/visitnavarra\/\",\"name\":\"VisitNavarra\",\"description\":\"Alojamiento y experiencias tur\u00edsticas en Navarra; qu\u00e9 visitar en Navarra; comer en Navarra\",\"potentialAction\":[{\"@type\":\"SearchAction\",\"target\":{\"@type\":\"EntryPoint\",\"urlTemplate\":\"https:\/\/visitnavarra.info\/visitnavarra\/?s={search_term_string}\"},\"query-input\":{\"@type\":\"PropertyValueSpecification\",\"valueRequired\":true,\"valueName\":\"search_term_string\"}}],\"inLanguage\":\"es\"}]}<\/script>\n<!-- \/ Yoast SEO plugin. -->","yoast_head_json":{"title":"Barrio San Pedro de la R\u00faa - VisitNavarra","description":"El barrio de San Pedro de Estella con sus bellos edificios religiosos, como la iglesia del Santo Sepulcro o San Pedro de la R\u00faa.","robots":{"index":"index","follow":"follow","max-snippet":"max-snippet:-1","max-image-preview":"max-image-preview:large","max-video-preview":"max-video-preview:-1"},"canonical":"https:\/\/visitnavarra.info\/visitnavarra\/barrio-de-san-pedro-de-la-rua\/","og_locale":"es_ES","og_type":"article","og_title":"Barrio San Pedro de la R\u00faa - VisitNavarra","og_description":"El barrio de San Pedro de Estella con sus bellos edificios religiosos, como la iglesia del Santo Sepulcro o San Pedro de la R\u00faa.","og_url":"https:\/\/visitnavarra.info\/visitnavarra\/barrio-de-san-pedro-de-la-rua\/","og_site_name":"VisitNavarra","article_modified_time":"2020-12-09T12:33:40+00:00","twitter_card":"summary_large_image","twitter_misc":{"Tiempo de lectura":"4 minutos"},"schema":{"@context":"https:\/\/schema.org","@graph":[{"@type":"WebPage","@id":"https:\/\/visitnavarra.info\/visitnavarra\/barrio-de-san-pedro-de-la-rua\/","url":"https:\/\/visitnavarra.info\/visitnavarra\/barrio-de-san-pedro-de-la-rua\/","name":"Barrio San Pedro de la R\u00faa - VisitNavarra","isPartOf":{"@id":"https:\/\/visitnavarra.info\/visitnavarra\/#website"},"datePublished":"2020-12-09T12:29:51+00:00","dateModified":"2020-12-09T12:33:40+00:00","description":"El barrio de San Pedro de Estella con sus bellos edificios religiosos, como la iglesia del Santo Sepulcro o San Pedro de la R\u00faa.","breadcrumb":{"@id":"https:\/\/visitnavarra.info\/visitnavarra\/barrio-de-san-pedro-de-la-rua\/#breadcrumb"},"inLanguage":"es","potentialAction":[{"@type":"ReadAction","target":["https:\/\/visitnavarra.info\/visitnavarra\/barrio-de-san-pedro-de-la-rua\/"]}]},{"@type":"BreadcrumbList","@id":"https:\/\/visitnavarra.info\/visitnavarra\/barrio-de-san-pedro-de-la-rua\/#breadcrumb","itemListElement":[{"@type":"ListItem","position":1,"name":"Portada","item":"https:\/\/visitnavarra.info\/visitnavarra\/"},{"@type":"ListItem","position":2,"name":"Barrio de San Pedro de la R\u00faa"}]},{"@type":"WebSite","@id":"https:\/\/visitnavarra.info\/visitnavarra\/#website","url":"https:\/\/visitnavarra.info\/visitnavarra\/","name":"VisitNavarra","description":"Alojamiento y experiencias tur\u00edsticas en Navarra; qu\u00e9 visitar en Navarra; comer en Navarra","potentialAction":[{"@type":"SearchAction","target":{"@type":"EntryPoint","urlTemplate":"https:\/\/visitnavarra.info\/visitnavarra\/?s={search_term_string}"},"query-input":{"@type":"PropertyValueSpecification","valueRequired":true,"valueName":"search_term_string"}}],"inLanguage":"es"}]}},"_links":{"self":[{"href":"https:\/\/visitnavarra.info\/visitnavarra\/wp-json\/wp\/v2\/pages\/7896","targetHints":{"allow":["GET"]}}],"collection":[{"href":"https:\/\/visitnavarra.info\/visitnavarra\/wp-json\/wp\/v2\/pages"}],"about":[{"href":"https:\/\/visitnavarra.info\/visitnavarra\/wp-json\/wp\/v2\/types\/page"}],"author":[{"embeddable":true,"href":"https:\/\/visitnavarra.info\/visitnavarra\/wp-json\/wp\/v2\/users\/1"}],"replies":[{"embeddable":true,"href":"https:\/\/visitnavarra.info\/visitnavarra\/wp-json\/wp\/v2\/comments?post=7896"}],"version-history":[{"count":2,"href":"https:\/\/visitnavarra.info\/visitnavarra\/wp-json\/wp\/v2\/pages\/7896\/revisions"}],"predecessor-version":[{"id":9253,"href":"https:\/\/visitnavarra.info\/visitnavarra\/wp-json\/wp\/v2\/pages\/7896\/revisions\/9253"}],"wp:attachment":[{"href":"https:\/\/visitnavarra.info\/visitnavarra\/wp-json\/wp\/v2\/media?parent=7896"}],"curies":[{"name":"wp","href":"https:\/\/api.w.org\/{rel}","templated":true}]}}