{"id":7900,"date":"2020-12-09T12:41:25","date_gmt":"2020-12-09T12:41:25","guid":{"rendered":"https:\/\/visitnavarra.info\/visitnavarra\/?page_id=7900"},"modified":"2024-05-20T09:50:50","modified_gmt":"2024-05-20T09:50:50","slug":"basilica-de-nuestra-senora-del-puy","status":"publish","type":"page","link":"https:\/\/visitnavarra.info\/visitnavarra\/basilica-de-nuestra-senora-del-puy\/","title":{"rendered":"Bas\u00edlica de Nuestra Se\u00f1ora del Puy"},"content":{"rendered":"<p>[vc_row][vc_column width=&#8221;1\/2&#8243;][vc_column_text]<\/p>\n<h1 style=\"text-align: center;\">Bas\u00edlica de Nuestra Se\u00f1ora del Puy<\/h1>\n<p>[\/vc_column_text]<div class=\"single_image wpb_content_element align-center  image_box_circle image_box_border  \" data-animation=\"none\" data-delay=\"0\"><img loading=\"lazy\" decoding=\"async\" width=\"217\" height=\"155\" src=\"https:\/\/visitnavarra.info\/visitnavarra\/wp-content\/uploads\/2020\/12\/Basilica-Sra-Puy-Estella.jpg\" class=\"attachment-medium\" alt=\"\" \/><\/div>[\/vc_column][vc_column width=&#8221;1\/2&#8243;][vc_column_text]<strong>Localidad<\/strong>: ESTELLA (31200)<br \/>\n<strong>Direcci\u00f3n<\/strong>: Calle Ab\u00e1rzuza, 1<br \/>\n<strong>Zona<\/strong>: La Zona Media<br \/>\n<strong>Estilo<\/strong>: Moderno<br \/>\n<strong>Siglos de construcci\u00f3n:<\/strong> XX<br \/>\n<a href=\"https:\/\/www.estella-lizarra.com\/basilica-del-puy\/\" target=\"_blank\" rel=\"noopener\"><b>Informaci\u00f3n<\/b><\/a>[\/vc_column_text][\/vc_column][\/vc_row][vc_row][vc_column width=&#8221;1\/1&#8243;][vc_column_text]<\/p>\n<h3>Descripci\u00f3n<\/h3>\n<p>La monumental ciudad de Estella, enclave destacado del Camino de Santiago, cuenta entre sus construcciones de inter\u00e9s, con un edificio moderno: la bas\u00edlica de Nuestra Se\u00f1ora del Puy, copatrona de la localidad.<\/p>\n<p>Se construy\u00f3 sobre un alto donde la leyenda cuenta que se apareci\u00f3 una imagen de la Virgen. Primero se levant\u00f3 una ermita, luego una iglesia barroca y ahora esta bas\u00edlica con forma estrellada recreando el intenso efecto lum\u00ednico que se produjo con el descubrimiento de la talla.<\/p>\n<p>En el interior se conservan una imagen g\u00f3tica de la Virgen del Puy del siglo XIV y dos im\u00e1genes de Cristo crucificado realizadas en el XVII. Desde la bas\u00edlica podr\u00e1 disfrutar de una hermosa y completa panor\u00e1mica sobre la monumental ciudad del Ega.<\/p>\n<h3>La Bas\u00edlica<\/h3>\n<p>La bas\u00edlica de Nuestra Se\u00f1ora del Puy, encaramada sobre un alto, vigila Estella. Es un edificio moderno de estilo neog\u00f3tico dise\u00f1ado por el arquitecto navarro V\u00edctor E\u00fasa. Su construcci\u00f3n se inici\u00f3 en 1929 sobre el antiguo tempo y se culmin\u00f3 en 1951. Una larga escalinata ayuda a salvar el desnivel existente hasta llegar al templo.<\/p>\n<p>Se cuenta que en el lugar donde se halla la actual edificaci\u00f3n, all\u00e1 por el a\u00f1o 1085, unos pastores atra\u00eddos por un conjunto de estrellas se dirigieron a lo alto de un mont\u00edculo. Escondida en una gruta descubrieron la imagen de la Virgen.<\/p>\n<p>El rey Sancho Ram\u00edrez mand\u00f3 construir una ermita en su honor, sustituida en el siglo XVII por una iglesia barroca de la que hoy se conservan algunos elementos como el p\u00f3rtico de entrada y el patio que le precede.<\/p>\n<p>Se da la curiosidad de que la Aparici\u00f3n de la Virgen es anterior a la fundaci\u00f3n de la ciudad, el a\u00f1o 1090 en que se le otorg\u00f3 el Fuero.<\/p>\n<p>Esta aparente contradicci\u00f3n se debe a que antes de esa fecha ya exist\u00eda una agrupaci\u00f3n espont\u00e1nea de mercaderes francos que pudieron utilizar este hecho para llamar la atenci\u00f3n del monarca y que \u00e9ste reconociera y protegiera su poblado.<\/p>\n<p>Adem\u00e1s intentar\u00edan atraer a sus tiendas a los peregrinos que cruzaban el r\u00edo Ega dos kil\u00f3metros m\u00e1s al sur y se dirig\u00edan a Irache sin pasar por Estella. Para ello escenificaron la milagrosa aparici\u00f3n de una virgen cuyo nombre hicieron coincidir con el de una de las m\u00e1s veneradas de toda Francia: Notre Dame du Puy.<\/p>\n<p>El \u00e9xito fue inmediato, y se consiguieron ambos objetivos.<\/p>\n<p>acud\u00eda en busca de milagros. Cuando en 1929 se derrib\u00f3 la iglesia barroca aparecieron numerosos exvotos que recordaban milagrosas curaciones, algunos tan pintorescos como la fotograf\u00eda de un joven con la cara deformada por el mordisco de un asno.<\/p>\n<p>Pero el milagro m\u00e1s trascendente se produjo en septiembre de 1638. Durante la defensa de Fuenterrab\u00eda, cientos de estelleses fueron destinados a combatir en el flanco m\u00e1s peligroso. Preocupados por su vida, se encomendaron a la Virgen, la cual se les apareci\u00f3 y les prometi\u00f3 que todos regresar\u00edan sanos y salvos a la ciudad. La promesa milagrosamente se cumpli\u00f3, y la ciudad, agradecida, la nombr\u00f3 su patrona de ciudad, con lo que a partir de entonces su devoci\u00f3n aument\u00f3.<\/p>\n<p>En la Bas\u00edlica actual, tanto la planta como la cubierta tienen forma estrellada, elemento que se repite en la decoraci\u00f3n y el mobiliario. Gracias a esta forma y al uso de numerosos ventanales, el arquitecto ha conseguido recrear en el interior un intenso efecto lum\u00ednico que alude al descubrimiento de la imagen de la Virgen del Puy.<\/p>\n<h3>La talla g\u00f3tica de la Virgen del Puy<\/h3>\n<p>La iglesia acoge una imagen sedente de la Virgen del Puy, copatrona de la localidad junto con San Andr\u00e9s. Es de estilo g\u00f3tico, del \u00faltimo tercio del siglo XIII o principios del XIV, realizada en madera policromada y forrada de plata. Luce una corona dorada y una media luna a los pies, ambas piezas del siglo XVII. Destaca el rostro, tanto de la Madre como del Hijo, por su forma redondeada y su actitud serena y sonriente.<\/p>\n<p>La Virgen del Puy se guardaba en una arca hasta el siglo XVIII, cuando se instal\u00f3 en un retablo. Esta arca, de la que s\u00f3lo se conserva la puerta de madera, est\u00e1 pintada por las dos caras; en la parte exterior muestra un apostolado pintado sobre oro, y en la interior se representa la Anunciaci\u00f3n.<\/p>\n<p>En el interior de la bas\u00edlica del Puy tambi\u00e9n se conservan dos interesantes im\u00e1genes de Cristo crucificado, realizadas en el siglo XVII.<\/p>\n<p>El templo acoge ofrendas florales el 25 de mayo con motivo de la festividad del Puy y en las fiestas patronales, que comienzan el viernes anterior al primer domingo de agosto, en honor a San Andr\u00e9s y a la Virgen del Puy.[\/vc_column_text][\/vc_column][\/vc_row]<\/p>\n","protected":false},"excerpt":{"rendered":"<p>[vc_row][vc_column width=&#8221;1\/2&#8243;][vc_column_text] Bas\u00edlica de Nuestra Se\u00f1ora del Puy [\/vc_column_text][\/vc_column][vc_column width=&#8221;1\/2&#8243;][vc_column_text]Localidad: ESTELLA (31200) Direcci\u00f3n: Calle Ab\u00e1rzuza, 1 Zona: La Zona Media Estilo: Moderno Siglos de construcci\u00f3n: XX Informaci\u00f3n[\/vc_column_text][\/vc_column][\/vc_row][vc_row][vc_column width=&#8221;1\/1&#8243;][vc_column_text] Descripci\u00f3n La monumental ciudad de Estella, enclave destacado del Camino de Santiago, cuenta entre sus construcciones de inter\u00e9s, con un edificio moderno: la bas\u00edlica de Nuestra Se\u00f1ora del Puy, copatrona de la localidad. Se construy\u00f3 sobre un alto donde la leyenda cuenta que se apareci\u00f3 una imagen de la Virgen. Primero se levant\u00f3 una ermita, luego una iglesia barroca y ahora esta bas\u00edlica con forma estrellada recreando el intenso efecto lum\u00ednico que se produjo con el descubrimiento de la talla. En el interior se conservan una imagen g\u00f3tica de la Virgen del Puy del siglo XIV y dos im\u00e1genes de Cristo crucificado realizadas en el XVII. Desde la bas\u00edlica podr\u00e1 disfrutar de una hermosa y completa panor\u00e1mica sobre la monumental ciudad del Ega. La Bas\u00edlica La bas\u00edlica de Nuestra Se\u00f1ora del Puy, encaramada sobre un alto, vigila Estella. Es un edificio moderno de estilo neog\u00f3tico dise\u00f1ado por el arquitecto navarro V\u00edctor E\u00fasa. Su construcci\u00f3n se inici\u00f3 en 1929 sobre el antiguo tempo y se culmin\u00f3 en 1951. Una larga escalinata ayuda a [&hellip;]<\/p>\n","protected":false},"author":1,"featured_media":0,"parent":0,"menu_order":0,"comment_status":"closed","ping_status":"closed","template":"","meta":{"footnotes":""},"class_list":["post-7900","page","type-page","status-publish","hentry"],"yoast_head":"<!-- This site is optimized with the Yoast SEO plugin v23.5 - https:\/\/yoast.com\/wordpress\/plugins\/seo\/ -->\n<title>Bas\u00edlica de Nuestra Se\u00f1ora del Puy - VisitNavarra<\/title>\n<meta name=\"description\" content=\"La monumental ciudad de Estella cuenta con un edificio moderno: la bas\u00edlica de Nuestra Se\u00f1ora del Puy, copatrona de la localidad.\" \/>\n<meta name=\"robots\" content=\"index, follow, max-snippet:-1, max-image-preview:large, max-video-preview:-1\" \/>\n<link rel=\"canonical\" href=\"https:\/\/visitnavarra.info\/visitnavarra\/basilica-de-nuestra-senora-del-puy\/\" \/>\n<meta property=\"og:locale\" content=\"es_ES\" \/>\n<meta property=\"og:type\" content=\"article\" \/>\n<meta property=\"og:title\" content=\"Bas\u00edlica de Nuestra Se\u00f1ora del Puy - VisitNavarra\" \/>\n<meta property=\"og:description\" content=\"La monumental ciudad de Estella cuenta con un edificio moderno: la bas\u00edlica de Nuestra Se\u00f1ora del Puy, copatrona de la localidad.\" \/>\n<meta property=\"og:url\" content=\"https:\/\/visitnavarra.info\/visitnavarra\/basilica-de-nuestra-senora-del-puy\/\" \/>\n<meta property=\"og:site_name\" content=\"VisitNavarra\" \/>\n<meta property=\"article:modified_time\" content=\"2024-05-20T09:50:50+00:00\" \/>\n<meta name=\"twitter:card\" content=\"summary_large_image\" \/>\n<meta name=\"twitter:label1\" content=\"Tiempo de lectura\" \/>\n\t<meta name=\"twitter:data1\" content=\"4 minutos\" \/>\n<script type=\"application\/ld+json\" class=\"yoast-schema-graph\">{\"@context\":\"https:\/\/schema.org\",\"@graph\":[{\"@type\":\"WebPage\",\"@id\":\"https:\/\/visitnavarra.info\/visitnavarra\/basilica-de-nuestra-senora-del-puy\/\",\"url\":\"https:\/\/visitnavarra.info\/visitnavarra\/basilica-de-nuestra-senora-del-puy\/\",\"name\":\"Bas\u00edlica de Nuestra Se\u00f1ora del Puy - VisitNavarra\",\"isPartOf\":{\"@id\":\"https:\/\/visitnavarra.info\/visitnavarra\/#website\"},\"datePublished\":\"2020-12-09T12:41:25+00:00\",\"dateModified\":\"2024-05-20T09:50:50+00:00\",\"description\":\"La monumental ciudad de Estella cuenta con un edificio moderno: la bas\u00edlica de Nuestra Se\u00f1ora del Puy, copatrona de la localidad.\",\"breadcrumb\":{\"@id\":\"https:\/\/visitnavarra.info\/visitnavarra\/basilica-de-nuestra-senora-del-puy\/#breadcrumb\"},\"inLanguage\":\"es\",\"potentialAction\":[{\"@type\":\"ReadAction\",\"target\":[\"https:\/\/visitnavarra.info\/visitnavarra\/basilica-de-nuestra-senora-del-puy\/\"]}]},{\"@type\":\"BreadcrumbList\",\"@id\":\"https:\/\/visitnavarra.info\/visitnavarra\/basilica-de-nuestra-senora-del-puy\/#breadcrumb\",\"itemListElement\":[{\"@type\":\"ListItem\",\"position\":1,\"name\":\"Portada\",\"item\":\"https:\/\/visitnavarra.info\/visitnavarra\/\"},{\"@type\":\"ListItem\",\"position\":2,\"name\":\"Bas\u00edlica de Nuestra Se\u00f1ora del Puy\"}]},{\"@type\":\"WebSite\",\"@id\":\"https:\/\/visitnavarra.info\/visitnavarra\/#website\",\"url\":\"https:\/\/visitnavarra.info\/visitnavarra\/\",\"name\":\"VisitNavarra\",\"description\":\"Alojamiento y experiencias tur\u00edsticas en Navarra; qu\u00e9 visitar en Navarra; comer en Navarra\",\"potentialAction\":[{\"@type\":\"SearchAction\",\"target\":{\"@type\":\"EntryPoint\",\"urlTemplate\":\"https:\/\/visitnavarra.info\/visitnavarra\/?s={search_term_string}\"},\"query-input\":{\"@type\":\"PropertyValueSpecification\",\"valueRequired\":true,\"valueName\":\"search_term_string\"}}],\"inLanguage\":\"es\"}]}<\/script>\n<!-- \/ Yoast SEO plugin. -->","yoast_head_json":{"title":"Bas\u00edlica de Nuestra Se\u00f1ora del Puy - VisitNavarra","description":"La monumental ciudad de Estella cuenta con un edificio moderno: la bas\u00edlica de Nuestra Se\u00f1ora del Puy, copatrona de la localidad.","robots":{"index":"index","follow":"follow","max-snippet":"max-snippet:-1","max-image-preview":"max-image-preview:large","max-video-preview":"max-video-preview:-1"},"canonical":"https:\/\/visitnavarra.info\/visitnavarra\/basilica-de-nuestra-senora-del-puy\/","og_locale":"es_ES","og_type":"article","og_title":"Bas\u00edlica de Nuestra Se\u00f1ora del Puy - VisitNavarra","og_description":"La monumental ciudad de Estella cuenta con un edificio moderno: la bas\u00edlica de Nuestra Se\u00f1ora del Puy, copatrona de la localidad.","og_url":"https:\/\/visitnavarra.info\/visitnavarra\/basilica-de-nuestra-senora-del-puy\/","og_site_name":"VisitNavarra","article_modified_time":"2024-05-20T09:50:50+00:00","twitter_card":"summary_large_image","twitter_misc":{"Tiempo de lectura":"4 minutos"},"schema":{"@context":"https:\/\/schema.org","@graph":[{"@type":"WebPage","@id":"https:\/\/visitnavarra.info\/visitnavarra\/basilica-de-nuestra-senora-del-puy\/","url":"https:\/\/visitnavarra.info\/visitnavarra\/basilica-de-nuestra-senora-del-puy\/","name":"Bas\u00edlica de Nuestra Se\u00f1ora del Puy - VisitNavarra","isPartOf":{"@id":"https:\/\/visitnavarra.info\/visitnavarra\/#website"},"datePublished":"2020-12-09T12:41:25+00:00","dateModified":"2024-05-20T09:50:50+00:00","description":"La monumental ciudad de Estella cuenta con un edificio moderno: la bas\u00edlica de Nuestra Se\u00f1ora del Puy, copatrona de la localidad.","breadcrumb":{"@id":"https:\/\/visitnavarra.info\/visitnavarra\/basilica-de-nuestra-senora-del-puy\/#breadcrumb"},"inLanguage":"es","potentialAction":[{"@type":"ReadAction","target":["https:\/\/visitnavarra.info\/visitnavarra\/basilica-de-nuestra-senora-del-puy\/"]}]},{"@type":"BreadcrumbList","@id":"https:\/\/visitnavarra.info\/visitnavarra\/basilica-de-nuestra-senora-del-puy\/#breadcrumb","itemListElement":[{"@type":"ListItem","position":1,"name":"Portada","item":"https:\/\/visitnavarra.info\/visitnavarra\/"},{"@type":"ListItem","position":2,"name":"Bas\u00edlica de Nuestra Se\u00f1ora del Puy"}]},{"@type":"WebSite","@id":"https:\/\/visitnavarra.info\/visitnavarra\/#website","url":"https:\/\/visitnavarra.info\/visitnavarra\/","name":"VisitNavarra","description":"Alojamiento y experiencias tur\u00edsticas en Navarra; qu\u00e9 visitar en Navarra; comer en Navarra","potentialAction":[{"@type":"SearchAction","target":{"@type":"EntryPoint","urlTemplate":"https:\/\/visitnavarra.info\/visitnavarra\/?s={search_term_string}"},"query-input":{"@type":"PropertyValueSpecification","valueRequired":true,"valueName":"search_term_string"}}],"inLanguage":"es"}]}},"_links":{"self":[{"href":"https:\/\/visitnavarra.info\/visitnavarra\/wp-json\/wp\/v2\/pages\/7900","targetHints":{"allow":["GET"]}}],"collection":[{"href":"https:\/\/visitnavarra.info\/visitnavarra\/wp-json\/wp\/v2\/pages"}],"about":[{"href":"https:\/\/visitnavarra.info\/visitnavarra\/wp-json\/wp\/v2\/types\/page"}],"author":[{"embeddable":true,"href":"https:\/\/visitnavarra.info\/visitnavarra\/wp-json\/wp\/v2\/users\/1"}],"replies":[{"embeddable":true,"href":"https:\/\/visitnavarra.info\/visitnavarra\/wp-json\/wp\/v2\/comments?post=7900"}],"version-history":[{"count":2,"href":"https:\/\/visitnavarra.info\/visitnavarra\/wp-json\/wp\/v2\/pages\/7900\/revisions"}],"predecessor-version":[{"id":13437,"href":"https:\/\/visitnavarra.info\/visitnavarra\/wp-json\/wp\/v2\/pages\/7900\/revisions\/13437"}],"wp:attachment":[{"href":"https:\/\/visitnavarra.info\/visitnavarra\/wp-json\/wp\/v2\/media?parent=7900"}],"curies":[{"name":"wp","href":"https:\/\/api.w.org\/{rel}","templated":true}]}}