{"id":7903,"date":"2020-12-09T12:46:42","date_gmt":"2020-12-09T12:46:42","guid":{"rendered":"https:\/\/visitnavarra.info\/visitnavarra\/?page_id=7903"},"modified":"2024-05-20T10:38:31","modified_gmt":"2024-05-20T10:38:31","slug":"castillo-de-javier","status":"publish","type":"page","link":"https:\/\/visitnavarra.info\/visitnavarra\/castillo-de-javier\/","title":{"rendered":"Castillo de Javier"},"content":{"rendered":"<p>[vc_row][vc_column width=&#8221;1\/2&#8243;][vc_column_text]<\/p>\n<h1 style=\"text-align: center;\">Castillo de Javier<\/h1>\n<p>[\/vc_column_text]<div class=\"single_image wpb_content_element align-center  image_box_circle image_box_border  \" data-animation=\"none\" data-delay=\"0\"><img loading=\"lazy\" decoding=\"async\" width=\"217\" height=\"155\" src=\"https:\/\/visitnavarra.info\/visitnavarra\/wp-content\/uploads\/2020\/12\/Castillo-Javier.jpg\" class=\"attachment-medium\" alt=\"\" \/><\/div>[\/vc_column][vc_column width=&#8221;1\/2&#8243;][vc_column_text]<strong>Localidad<\/strong>: JAVIER (31411)<br \/>\n<strong>Direcci\u00f3n<\/strong>: Castillo de Javier<br \/>\n<strong>Zona<\/strong>: La Zona Media<br \/>\n<strong>Siglos de construcci\u00f3n:<\/strong> X<br \/>\n<strong>Precio visita:<\/strong> Consultar. Precios especiales para diversos colectivos y grupos.<br \/>\n<strong>Tel\u00e9fono:<\/strong> 948884000[\/vc_column_text][\/vc_column][\/vc_row][vc_row][vc_column width=&#8221;1\/1&#8243;][vc_column_text]<\/p>\n<h3>Descripci\u00f3n<\/h3>\n<p>La silueta dibujada por las torres almenadas corta el horizonte, anunciando la llegada al castillo de Javier, cuna de San Francisco Javier, patr\u00f3n de Navarra, de las misiones y del turismo en Espa\u00f1a.<br \/>\nEn la Navarra Media, a 8 km. de Sang\u00fcesa, se alza esta fortaleza medieval erigida sobre roca viva, que congrega cada a\u00f1o a principios de marzo a miles de navarros en la popular peregrinaci\u00f3n conocida como <strong>&#8220;Javierada&#8221;.<\/strong><\/p>\n<p>Un puente levadizo le introducir\u00e1 en un mundo de torres, mazmorras, matacanes, troneras y saeteras, y le permitir\u00e1 conocer el lugar donde naci\u00f3 (1506) y vivi\u00f3 San Francisco Javier, cofundador de la Compa\u00f1\u00eda de Jes\u00fas y uno de los misioneros m\u00e1s universales.<\/p>\n<p>Al l\u00edmite de la provincia de Zaragoza, en la parte m\u00e1s elevada del peque\u00f1o pueblo de Javier, se alza la silueta rotunda del Castillo de Javier, casa natal del patr\u00f3n de Navarra. San Francisco Javier.<\/p>\n<p>Los or\u00edgenes del castillo se remontan a finales del siglo X, en el que se levant\u00f3 una torre de se\u00f1ales, la torre del Homenaje. Su estrat\u00e9gica ubicaci\u00f3n de frontera entre los reinos de Navarra y Arag\u00f3n, acrecent\u00f3 su sentido de fortaleza y en torno a la torre se fueron edificando los distintos cuerpos del castillo. En 1516, por orden del cardenal Cisneros, fue parcialmente destruido, y a finales del siglo XIX y aneja a la fortaleza, se levant\u00f3 la bas\u00edlica de Javier. En 1952, las obras de reconstrucci\u00f3n devolvieron al castillo su fisonom\u00eda original y hoy es uno de los pocos castillos que conservan sus defensas y estructuras como troneras y saeteras.<\/p>\n<h3>Sobre la vida de San Francisco Javier<\/h3>\n<p>Francisco de Javier naci\u00f3 en el seno de una familia noble y era el sexto hijo de Juan de Jasso, hombre importante del reino de Navarra, y Mar\u00eda de Azpilcueta. A los 19 a\u00f1os se traslad\u00f3 a Par\u00eds para estudiar en la Universidad de la Sorbona, donde conoci\u00f3 a San Ignacio de Loyola con quien cofund\u00f3 la Compa\u00f1\u00eda de Jes\u00fas. Comenz\u00f3 aqu\u00ed su aventura evangelizadora que le llev\u00f3 a recorrer, a lo largo de 11 a\u00f1os, multitud de aldeas y ciudades de \u00c1frica y Asia, hasta que finalmente muri\u00f3 de pulmon\u00eda el 3 de diciembre de 1552, cuando se dispon\u00eda a entrar en el Imperio Chino. Ten\u00eda 46 a\u00f1os.<\/p>\n<p>Cinco siglos despu\u00e9s, en todos los lugares que recorri\u00f3 permanece una impronta de su vida y obra, y en su tierra natal, Navarra, es un personaje querido, venerado y admirado.<\/p>\n<h3>Las Javieradas<\/h3>\n<p>Los dos primeros fines de semana de marzo tiene lugar una popular peregrinaci\u00f3n al Castillo de Javier conocida como &#8220;Javierada&#8221; en la que miles de personas de toda Navarra recorren a pie decenas de kil\u00f3metros para venerar al Santo. El origen de esta tradici\u00f3n se remonta a 1886, cuando se invoc\u00f3 a San Francisco Javier para que hiciera remitir la epidemia de c\u00f3lera que asolaba Navarra, y en agradecimiento al cumplimiento de este deseo, se llev\u00f3 a cabo la promesa de acudir peregrinando a Javier.<\/p>\n<h3>Un recorrido por el Castillo de Javier<\/h3>\n<p>Comenzamos en el zagu\u00e1n cruzando la puerta principal del Castillo donde destaca un relieve de piedra con tres escudos separados por \u00e1ngeles tenantes, que representan las armas familiares. Nos encaminamos a las caballerizas y descendemos al s\u00f3tano, donde anta\u00f1o estuvieron las bodegas.<\/p>\n<p>Un fugaz recorrido de dioramas nos invita a descubrir retales de la vida del santo, y seguidamente accedemos a la planta, donde se exponen objetos del antiguo Castillo, recuerdos del Santo y una maqueta del antiguo edificio. Este museo se divide en tres secciones: historia del edificio, Javier y Navarra en la historia y la pinacoteca, donde destacan los cuadros flamencos de Maes. Finalmente, una rampa nos lleva al resto de las dependencias del Castillo.<\/p>\n<p>Iniciamos la visita en la Sala de Escudos, adornada con los blasones pertenecientes a los padres de Francisco y con el \u00e1rbol geneal\u00f3gico de su linaje. Traspasando una puerta de piedra se accede a la Sala Principal o Grande, lugar de recepci\u00f3n y convivencia familiar. Desde aqu\u00ed seguimos ascendiendo por la escalera de la Torre de Undu\u00e9s hasta llegar al Camino de Ronda, un corredor protegido, destinado a defender la fortaleza, desde cuyo matac\u00e1n era habitual arrojar piedras y aceite hirviendo a los atacantes.<\/p>\n<p>Dejamos a la izquierda las habitaciones de los capellanes &#8211; hoy oratorio &#8211; para acceder al n\u00facleo primitivo del Castillo. Se trata de dos estancias que rodean a la torre del Homenaje, la construcci\u00f3n de este tipo m\u00e1s antigua de Navarra. El aposento de la derecha fue la habitaci\u00f3n de San Francisco Javier, y el de la izquierda, es la capilla de San Miguel, la primera que tuvo el castillo. As\u00f3mese a la terraza contigua, donde apreciar\u00e1 la estrat\u00e9gica situaci\u00f3n del Castillo, y disfrute de impresionantes vistas: al norte, la sierra de Leyre; al oeste, la vega del r\u00edo Arag\u00f3n; al este, la frontera de Arag\u00f3n; y al sur, la plaza y el t\u00e9rmino de Castellar.<\/p>\n<p>Descendemos de nuevo hasta la planta de la torre, donde un corredor nos llevar\u00e1 al Vest\u00edbulo del Castillo y la capilla del Santo Cristo. A trav\u00e9s de una verja encontramos al Cristo de Javier, una impresionante imagen g\u00f3tica del siglo XVI tallada en nogal, que seg\u00fan cuenta la tradici\u00f3n sud\u00f3 sangre cuando el Santo agonizaba en Sanci\u00e1n. Est\u00e1 rodeado de un dram\u00e1tico fresco medieval, \u00fanica representaci\u00f3n g\u00f3tica de la danza de la muerte que existe en Espa\u00f1a.<\/p>\n<p>Bajamos las escaleras que nos llevan al patio de armas y salimos por la poterna. A nuestros pies, la escalera antigua, y a la izquierda, rompiendo con la estructura del Castillo, el muro de la Bas\u00edlica construida en el S.XIX all\u00ed donde los padres de Francisco de Javier hab\u00eda construido el Palacio Nuevo, lugar en el que naci\u00f3 el Santo. Finalizamos nuestro recorrido en el punto de partida, el zagu\u00e1n.<\/p>\n<h3>Y adem\u00e1s del castillo<\/h3>\n<p>Una vez finalizada la visita del castillo, le animamos a descubrir la ecl\u00e9ctica Bas\u00edlica, en cuya fachada se recogen motivos de la vida de Javier.<br \/>\nCon motivo del V Centenario del nacimiento del santo, se ha construido un espacio multiusos, el Aula Francisco de Jasso, con capacidad para 1300 personas, y la Sala de exposiciones Georg Schurhammer, con el archivo personal del mayor bi\u00f3grafo de Francisco de Javier, trasladado especialmente desde Roma.[\/vc_column_text][\/vc_column][\/vc_row]<\/p>\n","protected":false},"excerpt":{"rendered":"<p>[vc_row][vc_column width=&#8221;1\/2&#8243;][vc_column_text] Castillo de Javier [\/vc_column_text][\/vc_column][vc_column width=&#8221;1\/2&#8243;][vc_column_text]Localidad: JAVIER (31411) Direcci\u00f3n: Castillo de Javier Zona: La Zona Media Siglos de construcci\u00f3n: X Precio visita: Consultar. Precios especiales para diversos colectivos y grupos. Tel\u00e9fono: 948884000[\/vc_column_text][\/vc_column][\/vc_row][vc_row][vc_column width=&#8221;1\/1&#8243;][vc_column_text] Descripci\u00f3n La silueta dibujada por las torres almenadas corta el horizonte, anunciando la llegada al castillo de Javier, cuna de San Francisco Javier, patr\u00f3n de Navarra, de las misiones y del turismo en Espa\u00f1a. En la Navarra Media, a 8 km. de Sang\u00fcesa, se alza esta fortaleza medieval erigida sobre roca viva, que congrega cada a\u00f1o a principios de marzo a miles de navarros en la popular peregrinaci\u00f3n conocida como &#8220;Javierada&#8221;. Un puente levadizo le introducir\u00e1 en un mundo de torres, mazmorras, matacanes, troneras y saeteras, y le permitir\u00e1 conocer el lugar donde naci\u00f3 (1506) y vivi\u00f3 San Francisco Javier, cofundador de la Compa\u00f1\u00eda de Jes\u00fas y uno de los misioneros m\u00e1s universales. Al l\u00edmite de la provincia de Zaragoza, en la parte m\u00e1s elevada del peque\u00f1o pueblo de Javier, se alza la silueta rotunda del Castillo de Javier, casa natal del patr\u00f3n de Navarra. San Francisco Javier. Los or\u00edgenes del castillo se remontan a finales del siglo X, en el que se levant\u00f3 una torre [&hellip;]<\/p>\n","protected":false},"author":1,"featured_media":0,"parent":0,"menu_order":0,"comment_status":"closed","ping_status":"closed","template":"","meta":{"footnotes":""},"class_list":["post-7903","page","type-page","status-publish","hentry"],"yoast_head":"<!-- This site is optimized with the Yoast SEO plugin v23.5 - https:\/\/yoast.com\/wordpress\/plugins\/seo\/ -->\n<title>Castillo de Javier - VisitNavarra<\/title>\n<meta name=\"description\" content=\"La silueta dibujada por las torres almenadas corta el horizonte, anunciando la llegada al castillo de Javier, cuna de San Francisco Javier.\" \/>\n<meta name=\"robots\" content=\"index, follow, max-snippet:-1, max-image-preview:large, max-video-preview:-1\" \/>\n<link rel=\"canonical\" href=\"https:\/\/visitnavarra.info\/visitnavarra\/castillo-de-javier\/\" \/>\n<meta property=\"og:locale\" content=\"es_ES\" \/>\n<meta property=\"og:type\" content=\"article\" \/>\n<meta property=\"og:title\" content=\"Castillo de Javier - VisitNavarra\" \/>\n<meta property=\"og:description\" content=\"La silueta dibujada por las torres almenadas corta el horizonte, anunciando la llegada al castillo de Javier, cuna de San Francisco Javier.\" \/>\n<meta property=\"og:url\" content=\"https:\/\/visitnavarra.info\/visitnavarra\/castillo-de-javier\/\" \/>\n<meta property=\"og:site_name\" content=\"VisitNavarra\" \/>\n<meta property=\"article:modified_time\" content=\"2024-05-20T10:38:31+00:00\" \/>\n<meta name=\"twitter:card\" content=\"summary_large_image\" \/>\n<meta name=\"twitter:label1\" content=\"Tiempo de lectura\" \/>\n\t<meta name=\"twitter:data1\" content=\"6 minutos\" \/>\n<script type=\"application\/ld+json\" class=\"yoast-schema-graph\">{\"@context\":\"https:\/\/schema.org\",\"@graph\":[{\"@type\":\"WebPage\",\"@id\":\"https:\/\/visitnavarra.info\/visitnavarra\/castillo-de-javier\/\",\"url\":\"https:\/\/visitnavarra.info\/visitnavarra\/castillo-de-javier\/\",\"name\":\"Castillo de Javier - VisitNavarra\",\"isPartOf\":{\"@id\":\"https:\/\/visitnavarra.info\/visitnavarra\/#website\"},\"datePublished\":\"2020-12-09T12:46:42+00:00\",\"dateModified\":\"2024-05-20T10:38:31+00:00\",\"description\":\"La silueta dibujada por las torres almenadas corta el horizonte, anunciando la llegada al castillo de Javier, cuna de San Francisco Javier.\",\"breadcrumb\":{\"@id\":\"https:\/\/visitnavarra.info\/visitnavarra\/castillo-de-javier\/#breadcrumb\"},\"inLanguage\":\"es\",\"potentialAction\":[{\"@type\":\"ReadAction\",\"target\":[\"https:\/\/visitnavarra.info\/visitnavarra\/castillo-de-javier\/\"]}]},{\"@type\":\"BreadcrumbList\",\"@id\":\"https:\/\/visitnavarra.info\/visitnavarra\/castillo-de-javier\/#breadcrumb\",\"itemListElement\":[{\"@type\":\"ListItem\",\"position\":1,\"name\":\"Portada\",\"item\":\"https:\/\/visitnavarra.info\/visitnavarra\/\"},{\"@type\":\"ListItem\",\"position\":2,\"name\":\"Castillo de Javier\"}]},{\"@type\":\"WebSite\",\"@id\":\"https:\/\/visitnavarra.info\/visitnavarra\/#website\",\"url\":\"https:\/\/visitnavarra.info\/visitnavarra\/\",\"name\":\"VisitNavarra\",\"description\":\"Alojamiento y experiencias tur\u00edsticas en Navarra; qu\u00e9 visitar en Navarra; comer en Navarra\",\"potentialAction\":[{\"@type\":\"SearchAction\",\"target\":{\"@type\":\"EntryPoint\",\"urlTemplate\":\"https:\/\/visitnavarra.info\/visitnavarra\/?s={search_term_string}\"},\"query-input\":{\"@type\":\"PropertyValueSpecification\",\"valueRequired\":true,\"valueName\":\"search_term_string\"}}],\"inLanguage\":\"es\"}]}<\/script>\n<!-- \/ Yoast SEO plugin. -->","yoast_head_json":{"title":"Castillo de Javier - VisitNavarra","description":"La silueta dibujada por las torres almenadas corta el horizonte, anunciando la llegada al castillo de Javier, cuna de San Francisco Javier.","robots":{"index":"index","follow":"follow","max-snippet":"max-snippet:-1","max-image-preview":"max-image-preview:large","max-video-preview":"max-video-preview:-1"},"canonical":"https:\/\/visitnavarra.info\/visitnavarra\/castillo-de-javier\/","og_locale":"es_ES","og_type":"article","og_title":"Castillo de Javier - VisitNavarra","og_description":"La silueta dibujada por las torres almenadas corta el horizonte, anunciando la llegada al castillo de Javier, cuna de San Francisco Javier.","og_url":"https:\/\/visitnavarra.info\/visitnavarra\/castillo-de-javier\/","og_site_name":"VisitNavarra","article_modified_time":"2024-05-20T10:38:31+00:00","twitter_card":"summary_large_image","twitter_misc":{"Tiempo de lectura":"6 minutos"},"schema":{"@context":"https:\/\/schema.org","@graph":[{"@type":"WebPage","@id":"https:\/\/visitnavarra.info\/visitnavarra\/castillo-de-javier\/","url":"https:\/\/visitnavarra.info\/visitnavarra\/castillo-de-javier\/","name":"Castillo de Javier - VisitNavarra","isPartOf":{"@id":"https:\/\/visitnavarra.info\/visitnavarra\/#website"},"datePublished":"2020-12-09T12:46:42+00:00","dateModified":"2024-05-20T10:38:31+00:00","description":"La silueta dibujada por las torres almenadas corta el horizonte, anunciando la llegada al castillo de Javier, cuna de San Francisco Javier.","breadcrumb":{"@id":"https:\/\/visitnavarra.info\/visitnavarra\/castillo-de-javier\/#breadcrumb"},"inLanguage":"es","potentialAction":[{"@type":"ReadAction","target":["https:\/\/visitnavarra.info\/visitnavarra\/castillo-de-javier\/"]}]},{"@type":"BreadcrumbList","@id":"https:\/\/visitnavarra.info\/visitnavarra\/castillo-de-javier\/#breadcrumb","itemListElement":[{"@type":"ListItem","position":1,"name":"Portada","item":"https:\/\/visitnavarra.info\/visitnavarra\/"},{"@type":"ListItem","position":2,"name":"Castillo de Javier"}]},{"@type":"WebSite","@id":"https:\/\/visitnavarra.info\/visitnavarra\/#website","url":"https:\/\/visitnavarra.info\/visitnavarra\/","name":"VisitNavarra","description":"Alojamiento y experiencias tur\u00edsticas en Navarra; qu\u00e9 visitar en Navarra; comer en Navarra","potentialAction":[{"@type":"SearchAction","target":{"@type":"EntryPoint","urlTemplate":"https:\/\/visitnavarra.info\/visitnavarra\/?s={search_term_string}"},"query-input":{"@type":"PropertyValueSpecification","valueRequired":true,"valueName":"search_term_string"}}],"inLanguage":"es"}]}},"_links":{"self":[{"href":"https:\/\/visitnavarra.info\/visitnavarra\/wp-json\/wp\/v2\/pages\/7903","targetHints":{"allow":["GET"]}}],"collection":[{"href":"https:\/\/visitnavarra.info\/visitnavarra\/wp-json\/wp\/v2\/pages"}],"about":[{"href":"https:\/\/visitnavarra.info\/visitnavarra\/wp-json\/wp\/v2\/types\/page"}],"author":[{"embeddable":true,"href":"https:\/\/visitnavarra.info\/visitnavarra\/wp-json\/wp\/v2\/users\/1"}],"replies":[{"embeddable":true,"href":"https:\/\/visitnavarra.info\/visitnavarra\/wp-json\/wp\/v2\/comments?post=7903"}],"version-history":[{"count":2,"href":"https:\/\/visitnavarra.info\/visitnavarra\/wp-json\/wp\/v2\/pages\/7903\/revisions"}],"predecessor-version":[{"id":13483,"href":"https:\/\/visitnavarra.info\/visitnavarra\/wp-json\/wp\/v2\/pages\/7903\/revisions\/13483"}],"wp:attachment":[{"href":"https:\/\/visitnavarra.info\/visitnavarra\/wp-json\/wp\/v2\/media?parent=7903"}],"curies":[{"name":"wp","href":"https:\/\/api.w.org\/{rel}","templated":true}]}}