{"id":7906,"date":"2020-12-09T12:55:58","date_gmt":"2020-12-09T12:55:58","guid":{"rendered":"https:\/\/visitnavarra.info\/visitnavarra\/?page_id=7906"},"modified":"2024-05-20T10:40:58","modified_gmt":"2024-05-20T10:40:58","slug":"catedral-de-santa-maria-2","status":"publish","type":"page","link":"https:\/\/visitnavarra.info\/visitnavarra\/catedral-de-santa-maria-2\/","title":{"rendered":"Catedral de Santa Mar\u00eda de Tudela"},"content":{"rendered":"<p>[vc_row][vc_column width=&#8221;1\/2&#8243;][vc_column_text]<\/p>\n<h1 style=\"text-align: center;\">Catedral de Santa Mar\u00eda de Tudela<\/h1>\n<p>[\/vc_column_text]<div class=\"single_image wpb_content_element align-center  image_box_circle image_box_border  \" data-animation=\"none\" data-delay=\"0\"><img loading=\"lazy\" decoding=\"async\" width=\"217\" height=\"155\" src=\"https:\/\/visitnavarra.info\/visitnavarra\/wp-content\/uploads\/2020\/12\/Catedral-Santa-Maria-Tudela.jpg\" class=\"attachment-medium\" alt=\"\" \/><\/div>[\/vc_column][vc_column width=&#8221;1\/2&#8243;][vc_column_text]<strong>Localidad<\/strong>: TUDELA (31500)<br \/>\n<strong>Direcci\u00f3n<\/strong>: Plaza Plaza Vieja<br \/>\n<strong>Zona<\/strong>: La Ribera<br \/>\n<strong>Estilo<\/strong>: Rom\u00e1nico<br \/>\n<strong>Siglos de construcci\u00f3n:<\/strong> XII &#8211; XVII<br \/>\n<strong>Precio visita:<\/strong> consultar<br \/>\n<strong>Tel\u00e9fono:<\/strong> 948402161<br \/>\n<strong>Email:<\/strong> info@catedraldetudela.com[\/vc_column_text][\/vc_column][\/vc_row][vc_row][vc_column width=&#8221;1\/1&#8243;][vc_column_text]<\/p>\n<h3>Descripci\u00f3n<\/h3>\n<p>El edificio m\u00e1s emblem\u00e1tico de Tudela es la catedral de Santa Mar\u00eda. Declarada Monumento Nacional desde 1884, fue construida en el S. XII sobre la mezquita mayor de la villa.<\/p>\n<p>Antes de conocer los tesoros art\u00edsticos que esconde este templo, conviene detenerse en sus tres portadas, siendo la m\u00e1s vistosa la de la fachada principal, denominada puerta del Juicio Final. Sometida a una profunda restauraci\u00f3n durante varios a\u00f1os, el visitante puede acceder a su luminosa nave central de estilo g\u00f3tico y a sus magn\u00edficas capillas y retablos. La dependencia que puede visitarse hasta entonces es el espl\u00e9ndido claustro rom\u00e1nico, cuya entrada se encuentra en el museo diocesano.<\/p>\n<p>La Ribera de Navarra muestra al visitante un variado legado art\u00edstico del que su m\u00e1ximo exponente es la catedral de Tudela, declarada Monumento Nacional en 1884. La seo, que fue antigua colegiata del municipio, comenz\u00f3 a construirse hacia el a\u00f1o 1180, siguiendo las normas de la arquitectura cisterciense y aprovechando los restos de una antigua mezquita.<\/p>\n<p>El templo, situado en el coraz\u00f3n del casco antiguo, tiene tres puertas de acceso. La portada del Sur o portada de la Virgen, es la m\u00e1s antigua y es rom\u00e1nica; los capiteles de sus columnas representan los milagros de Cristo. M\u00e1s tard\u00eda, aunque tambi\u00e9n rom\u00e1nica, es la portada Norte, llamada de Santa Mar\u00eda. Y la tercera y m\u00e1s vistosa es, sin duda alguna, la portada del Juicio Final. Mezcla de rom\u00e1nico y g\u00f3tico, presenta una decoraci\u00f3n espectacular: escenas del G\u00e9nesis y del Antiguo Testamento, y la representaci\u00f3n del Juicio Final. A la izquierda el Para\u00edso y los premios para los justos, y a la derecha el infierno y los pecados, entre los que destacan la lujuria, la avaricia, la gula o la blasfemia.<\/p>\n<p>La catedral cuenta entre sus dependencias con un interesante claustro rom\u00e1nico de grandes dimensiones que fue levantado a finales del S. XII y en cuya ejecuci\u00f3n intervinieron al menos tres escultores. Mientras rodea el hermoso jard\u00edn, f\u00edjese en los capiteles de las columnas embellecidos con pasajes del Nuevo Testamento.<\/p>\n<p>El interior de la catedral tambi\u00e9n guarda grandes obras art\u00edsticas. De planta rom\u00e1nica, est\u00e1 dividida en tres naves y posee un grandioso crucero g\u00f3tico que da paso a una cabecera en forma de T.<\/p>\n<p>Frente al altar mayor, en el centro de la iglesia, se encuentra la siller\u00eda del coro, tallada por el franc\u00e9s Esteban de Obray y compuesta por 86 asientos cuya silla central oculta un curioso grabado.<\/p>\n<p>Parece ser que el artista tuvo alg\u00fan problema con el pago de la obra y esculpi\u00f3 dos cuervos picando los ojos de una cabeza humana, en clara alusi\u00f3n al refr\u00e1n: &#8220;Cr\u00eda cuervos y te sacar\u00e1n los ojos&#8221;.<\/p>\n<p>Antes de abandonar esta joya art\u00edstica, conviene acercarse al \u00e1bside central para contemplar el retablo mayor que lo preside; es de estilo g\u00f3tico hispano-flamenco (S. XV). A su lado, en una de las b\u00f3vedas laterales se encuentra una sobresaliente escultura rom\u00e1nica de la Virgen Blanca. Tambi\u00e9n merece la pena visitar la capilla barroca de Santa Ana, que posee una talla g\u00f3tica de la patrona, la del Esp\u00edritu Santo (S. XVIII) o la de San Mart\u00edn, con una hermosa reja plateresca.<\/p>\n<p>Una buena forma de concluir esta ruta cultural es perderse por las estrechas calles y t\u00edpicos pasadizos de las juder\u00edas y morer\u00edas en su d\u00eda tuvo Tudela, y disfrutar de sus riquezas arquitect\u00f3nicas. O tambi\u00e9n puede optar por acudir a alguno de los restaurantes de la ciudad y saborear las afamadas verduras de las huertas de la Ribera.[\/vc_column_text][\/vc_column][\/vc_row]<\/p>\n","protected":false},"excerpt":{"rendered":"<p>[vc_row][vc_column width=&#8221;1\/2&#8243;][vc_column_text] Catedral de Santa Mar\u00eda de Tudela [\/vc_column_text][\/vc_column][vc_column width=&#8221;1\/2&#8243;][vc_column_text]Localidad: TUDELA (31500) Direcci\u00f3n: Plaza Plaza Vieja Zona: La Ribera Estilo: Rom\u00e1nico Siglos de construcci\u00f3n: XII &#8211; XVII Precio visita: consultar Tel\u00e9fono: 948402161 Email: info@catedraldetudela.com[\/vc_column_text][\/vc_column][\/vc_row][vc_row][vc_column width=&#8221;1\/1&#8243;][vc_column_text] Descripci\u00f3n El edificio m\u00e1s emblem\u00e1tico de Tudela es la catedral de Santa Mar\u00eda. Declarada Monumento Nacional desde 1884, fue construida en el S. XII sobre la mezquita mayor de la villa. Antes de conocer los tesoros art\u00edsticos que esconde este templo, conviene detenerse en sus tres portadas, siendo la m\u00e1s vistosa la de la fachada principal, denominada puerta del Juicio Final. Sometida a una profunda restauraci\u00f3n durante varios a\u00f1os, el visitante puede acceder a su luminosa nave central de estilo g\u00f3tico y a sus magn\u00edficas capillas y retablos. La dependencia que puede visitarse hasta entonces es el espl\u00e9ndido claustro rom\u00e1nico, cuya entrada se encuentra en el museo diocesano. La Ribera de Navarra muestra al visitante un variado legado art\u00edstico del que su m\u00e1ximo exponente es la catedral de Tudela, declarada Monumento Nacional en 1884. La seo, que fue antigua colegiata del municipio, comenz\u00f3 a construirse hacia el a\u00f1o 1180, siguiendo las normas de la arquitectura cisterciense y aprovechando los restos de una antigua mezquita. El [&hellip;]<\/p>\n","protected":false},"author":1,"featured_media":0,"parent":0,"menu_order":0,"comment_status":"closed","ping_status":"closed","template":"","meta":{"footnotes":""},"class_list":["post-7906","page","type-page","status-publish","hentry"],"yoast_head":"<!-- This site is optimized with the Yoast SEO plugin v23.5 - https:\/\/yoast.com\/wordpress\/plugins\/seo\/ -->\n<title>Catedral de Santa Mar\u00edaCatedral de Santa Mar\u00eda de Tudela - VisitNavarra<\/title>\n<meta name=\"description\" content=\"El edificio m\u00e1s emblem\u00e1tico de Tudela es la catedral de Santa Mar\u00eda. Declarada Monumento Nacional desde 1884, fue construida en el S. XII\" \/>\n<meta name=\"robots\" content=\"index, follow, max-snippet:-1, max-image-preview:large, max-video-preview:-1\" \/>\n<link rel=\"canonical\" href=\"https:\/\/visitnavarra.info\/visitnavarra\/catedral-de-santa-maria-2\/\" \/>\n<meta property=\"og:locale\" content=\"es_ES\" \/>\n<meta property=\"og:type\" content=\"article\" \/>\n<meta property=\"og:title\" content=\"Catedral de Santa Mar\u00edaCatedral de Santa Mar\u00eda de Tudela - VisitNavarra\" \/>\n<meta property=\"og:description\" content=\"El edificio m\u00e1s emblem\u00e1tico de Tudela es la catedral de Santa Mar\u00eda. Declarada Monumento Nacional desde 1884, fue construida en el S. XII\" \/>\n<meta property=\"og:url\" content=\"https:\/\/visitnavarra.info\/visitnavarra\/catedral-de-santa-maria-2\/\" \/>\n<meta property=\"og:site_name\" content=\"VisitNavarra\" \/>\n<meta property=\"article:modified_time\" content=\"2024-05-20T10:40:58+00:00\" \/>\n<meta name=\"twitter:card\" content=\"summary_large_image\" \/>\n<meta name=\"twitter:label1\" content=\"Tiempo de lectura\" \/>\n\t<meta name=\"twitter:data1\" content=\"4 minutos\" \/>\n<script type=\"application\/ld+json\" class=\"yoast-schema-graph\">{\"@context\":\"https:\/\/schema.org\",\"@graph\":[{\"@type\":\"WebPage\",\"@id\":\"https:\/\/visitnavarra.info\/visitnavarra\/catedral-de-santa-maria-2\/\",\"url\":\"https:\/\/visitnavarra.info\/visitnavarra\/catedral-de-santa-maria-2\/\",\"name\":\"Catedral de Santa Mar\u00edaCatedral de Santa Mar\u00eda de Tudela - VisitNavarra\",\"isPartOf\":{\"@id\":\"https:\/\/visitnavarra.info\/visitnavarra\/#website\"},\"datePublished\":\"2020-12-09T12:55:58+00:00\",\"dateModified\":\"2024-05-20T10:40:58+00:00\",\"description\":\"El edificio m\u00e1s emblem\u00e1tico de Tudela es la catedral de Santa Mar\u00eda. Declarada Monumento Nacional desde 1884, fue construida en el S. XII\",\"breadcrumb\":{\"@id\":\"https:\/\/visitnavarra.info\/visitnavarra\/catedral-de-santa-maria-2\/#breadcrumb\"},\"inLanguage\":\"es\",\"potentialAction\":[{\"@type\":\"ReadAction\",\"target\":[\"https:\/\/visitnavarra.info\/visitnavarra\/catedral-de-santa-maria-2\/\"]}]},{\"@type\":\"BreadcrumbList\",\"@id\":\"https:\/\/visitnavarra.info\/visitnavarra\/catedral-de-santa-maria-2\/#breadcrumb\",\"itemListElement\":[{\"@type\":\"ListItem\",\"position\":1,\"name\":\"Portada\",\"item\":\"https:\/\/visitnavarra.info\/visitnavarra\/\"},{\"@type\":\"ListItem\",\"position\":2,\"name\":\"Catedral de Santa Mar\u00eda de Tudela\"}]},{\"@type\":\"WebSite\",\"@id\":\"https:\/\/visitnavarra.info\/visitnavarra\/#website\",\"url\":\"https:\/\/visitnavarra.info\/visitnavarra\/\",\"name\":\"VisitNavarra\",\"description\":\"Alojamiento y experiencias tur\u00edsticas en Navarra; qu\u00e9 visitar en Navarra; comer en Navarra\",\"potentialAction\":[{\"@type\":\"SearchAction\",\"target\":{\"@type\":\"EntryPoint\",\"urlTemplate\":\"https:\/\/visitnavarra.info\/visitnavarra\/?s={search_term_string}\"},\"query-input\":{\"@type\":\"PropertyValueSpecification\",\"valueRequired\":true,\"valueName\":\"search_term_string\"}}],\"inLanguage\":\"es\"}]}<\/script>\n<!-- \/ Yoast SEO plugin. -->","yoast_head_json":{"title":"Catedral de Santa Mar\u00edaCatedral de Santa Mar\u00eda de Tudela - VisitNavarra","description":"El edificio m\u00e1s emblem\u00e1tico de Tudela es la catedral de Santa Mar\u00eda. Declarada Monumento Nacional desde 1884, fue construida en el S. XII","robots":{"index":"index","follow":"follow","max-snippet":"max-snippet:-1","max-image-preview":"max-image-preview:large","max-video-preview":"max-video-preview:-1"},"canonical":"https:\/\/visitnavarra.info\/visitnavarra\/catedral-de-santa-maria-2\/","og_locale":"es_ES","og_type":"article","og_title":"Catedral de Santa Mar\u00edaCatedral de Santa Mar\u00eda de Tudela - VisitNavarra","og_description":"El edificio m\u00e1s emblem\u00e1tico de Tudela es la catedral de Santa Mar\u00eda. Declarada Monumento Nacional desde 1884, fue construida en el S. XII","og_url":"https:\/\/visitnavarra.info\/visitnavarra\/catedral-de-santa-maria-2\/","og_site_name":"VisitNavarra","article_modified_time":"2024-05-20T10:40:58+00:00","twitter_card":"summary_large_image","twitter_misc":{"Tiempo de lectura":"4 minutos"},"schema":{"@context":"https:\/\/schema.org","@graph":[{"@type":"WebPage","@id":"https:\/\/visitnavarra.info\/visitnavarra\/catedral-de-santa-maria-2\/","url":"https:\/\/visitnavarra.info\/visitnavarra\/catedral-de-santa-maria-2\/","name":"Catedral de Santa Mar\u00edaCatedral de Santa Mar\u00eda de Tudela - VisitNavarra","isPartOf":{"@id":"https:\/\/visitnavarra.info\/visitnavarra\/#website"},"datePublished":"2020-12-09T12:55:58+00:00","dateModified":"2024-05-20T10:40:58+00:00","description":"El edificio m\u00e1s emblem\u00e1tico de Tudela es la catedral de Santa Mar\u00eda. Declarada Monumento Nacional desde 1884, fue construida en el S. XII","breadcrumb":{"@id":"https:\/\/visitnavarra.info\/visitnavarra\/catedral-de-santa-maria-2\/#breadcrumb"},"inLanguage":"es","potentialAction":[{"@type":"ReadAction","target":["https:\/\/visitnavarra.info\/visitnavarra\/catedral-de-santa-maria-2\/"]}]},{"@type":"BreadcrumbList","@id":"https:\/\/visitnavarra.info\/visitnavarra\/catedral-de-santa-maria-2\/#breadcrumb","itemListElement":[{"@type":"ListItem","position":1,"name":"Portada","item":"https:\/\/visitnavarra.info\/visitnavarra\/"},{"@type":"ListItem","position":2,"name":"Catedral de Santa Mar\u00eda de Tudela"}]},{"@type":"WebSite","@id":"https:\/\/visitnavarra.info\/visitnavarra\/#website","url":"https:\/\/visitnavarra.info\/visitnavarra\/","name":"VisitNavarra","description":"Alojamiento y experiencias tur\u00edsticas en Navarra; qu\u00e9 visitar en Navarra; comer en Navarra","potentialAction":[{"@type":"SearchAction","target":{"@type":"EntryPoint","urlTemplate":"https:\/\/visitnavarra.info\/visitnavarra\/?s={search_term_string}"},"query-input":{"@type":"PropertyValueSpecification","valueRequired":true,"valueName":"search_term_string"}}],"inLanguage":"es"}]}},"_links":{"self":[{"href":"https:\/\/visitnavarra.info\/visitnavarra\/wp-json\/wp\/v2\/pages\/7906","targetHints":{"allow":["GET"]}}],"collection":[{"href":"https:\/\/visitnavarra.info\/visitnavarra\/wp-json\/wp\/v2\/pages"}],"about":[{"href":"https:\/\/visitnavarra.info\/visitnavarra\/wp-json\/wp\/v2\/types\/page"}],"author":[{"embeddable":true,"href":"https:\/\/visitnavarra.info\/visitnavarra\/wp-json\/wp\/v2\/users\/1"}],"replies":[{"embeddable":true,"href":"https:\/\/visitnavarra.info\/visitnavarra\/wp-json\/wp\/v2\/comments?post=7906"}],"version-history":[{"count":4,"href":"https:\/\/visitnavarra.info\/visitnavarra\/wp-json\/wp\/v2\/pages\/7906\/revisions"}],"predecessor-version":[{"id":13487,"href":"https:\/\/visitnavarra.info\/visitnavarra\/wp-json\/wp\/v2\/pages\/7906\/revisions\/13487"}],"wp:attachment":[{"href":"https:\/\/visitnavarra.info\/visitnavarra\/wp-json\/wp\/v2\/media?parent=7906"}],"curies":[{"name":"wp","href":"https:\/\/api.w.org\/{rel}","templated":true}]}}