{"id":7913,"date":"2020-12-09T13:11:30","date_gmt":"2020-12-09T13:11:30","guid":{"rendered":"https:\/\/visitnavarra.info\/visitnavarra\/?page_id=7913"},"modified":"2020-12-09T13:11:30","modified_gmt":"2020-12-09T13:11:30","slug":"horreos-del-valle-de-aezkoa","status":"publish","type":"page","link":"https:\/\/visitnavarra.info\/visitnavarra\/horreos-del-valle-de-aezkoa\/","title":{"rendered":"H\u00f3rreos del Valle de Aezkoa"},"content":{"rendered":"<p>[vc_row][vc_column width=&#8221;1\/2&#8243;][vc_column_text]<\/p>\n<h1 style=\"text-align: center;\">H\u00f3rreos del Valle de Aezkoa<\/h1>\n<p>[\/vc_column_text]<div class=\"single_image wpb_content_element align-center  image_box_circle image_box_border  \" data-animation=\"none\" data-delay=\"0\"><img loading=\"lazy\" decoding=\"async\" width=\"217\" height=\"155\" src=\"https:\/\/visitnavarra.info\/visitnavarra\/wp-content\/uploads\/2020\/12\/Horreos-Valle-Aezkoa.jpg\" class=\"attachment-medium\" alt=\"\" \/><\/div>[\/vc_column][vc_column width=&#8221;1\/2&#8243;][vc_column_text]<strong>Localidad<\/strong>: Orbaitzeta<br \/>\n<strong>Direcci\u00f3n<\/strong>: Valle de A\u00e9zkoa<br \/>\n<strong>Zona<\/strong>: Los Pirineos[\/vc_column_text][\/vc_column][\/vc_row][vc_row][vc_column width=&#8221;1\/1&#8243;][vc_column_text]<\/p>\n<h3>Valle de A\u00e9zkoa<\/h3>\n<p>Uno de los m\u00e1s bellos del Pirineo, conserva 15 de los 22 h\u00f3rreos de Navarra, declarados Bien de Inter\u00e9s Cultural. Estas construcciones, que se concentran principalmente en Aria, Orbaitzeta e Hiriberri-Villanueva de A\u00e9zkoa, se idearon siglos atr\u00e1s para almacenar el grano a salvo de la humedad y de los roedores.<\/p>\n<p>Muy demandado por los amantes del turismo rural, est\u00e1 formado por peque\u00f1os y tranquilos pueblos que se esconden entre monta\u00f1as cubiertas de prados y bosques de hayas y robles.<\/p>\n<h3>H\u00f3rreos<\/h3>\n<p>Esta regi\u00f3n del Pirineo oriental navarro alberga 15 de los 22 h\u00f3rreos catalogados como Bien de Inter\u00e9s Cultural en Navarra. La escasez de cereal y la humedad t\u00edpica de estos parajes hicieron que ya en la Edad Media los agricultores utilizaran estas peque\u00f1as construcciones elevadas sobre el nivel del suelo para almacenar el preciado grano a salvo de los roedores.<\/p>\n<p>Si conoce otros h\u00f3rreos del norte de Espa\u00f1a, encontrar\u00e1 algunas diferencias. Los de Aezkoa son del tipo pirenaico y se distinguen por tener tejado a dos aguas casi sin aleros, planta rectangular y paredes de piedra sin labrar. Est\u00e1n elevados sobre pilares de piedra, piramidales o con forma de tronco, rematados por losas circulares denominadas &#8220;tornarratas&#8221; que evitan el paso de los roedores.<\/p>\n<p>Algunos tienen cerrado el espacio entre los pilares.<\/p>\n<p><strong>Poblaciones de Valle<\/strong><\/p>\n<p>Callejee sin prisa por los distintos pueblos del Valle y se encontrar\u00e1 entre su casas de piedra con los h\u00f3rreos aezkoanos. Garaioa, Hiriberri-Villanueva de Aezkoa, Aribe, Aria, Orbara, Orbaitzeta y Garralda conservan ejemplos de esta arquitectura popular, conocidos por los nombres de las casas a las que pertenecen.<\/p>\n<p>El de casa Domench (Orbaitzeta) es el m\u00e1s grande de la zona; el de casa Larra\u00f1eta (Orbaitzeta) conserva su estructura de madera y los pilares originales; algunos, como el de Apat (Aribe) y Reka (Hiriberri-Villanueva de Aezkoa), presentan inscripciones en la fachada; y los hay que siguen siendo utilizados como granero (h\u00f3rreo de casa Jamar, en Aribe).<\/p>\n<h3>Selva de Irati<\/h3>\n<p>No olvide tampoco que al norte de este valle pirenaico puede visitar la Selva de Irati, el segundo hayedo m\u00e1s extenso de Europa despu\u00e9s de la Selva Negra alemana. Un mar de \u00e1rboles surcado por caminos, que en verano y primavera se viste de intensos verdes y en oto\u00f1o se ti\u00f1e de mil tonos ocres.<\/p>\n<p>Escuchar la berrea de los ciervos, disfrutar del paisaje o recoger setas y fresas silvestres son algunos de los placeres que le regala la naturaleza al senderista que se adentra en este bosque. Muy cerca se encuentra, tambi\u00e9n, la Colegiata de Orreaga\/Roncesvalles.<\/p>\n<p>[\/vc_column_text][\/vc_column][\/vc_row]<\/p>\n","protected":false},"excerpt":{"rendered":"<p>[vc_row][vc_column width=&#8221;1\/2&#8243;][vc_column_text] H\u00f3rreos del Valle de Aezkoa [\/vc_column_text][\/vc_column][vc_column width=&#8221;1\/2&#8243;][vc_column_text]Localidad: Orbaitzeta Direcci\u00f3n: Valle de A\u00e9zkoa Zona: Los Pirineos[\/vc_column_text][\/vc_column][\/vc_row][vc_row][vc_column width=&#8221;1\/1&#8243;][vc_column_text] Valle de A\u00e9zkoa Uno de los m\u00e1s bellos del Pirineo, conserva 15 de los 22 h\u00f3rreos de Navarra, declarados Bien de Inter\u00e9s Cultural. Estas construcciones, que se concentran principalmente en Aria, Orbaitzeta e Hiriberri-Villanueva de A\u00e9zkoa, se idearon siglos atr\u00e1s para almacenar el grano a salvo de la humedad y de los roedores. Muy demandado por los amantes del turismo rural, est\u00e1 formado por peque\u00f1os y tranquilos pueblos que se esconden entre monta\u00f1as cubiertas de prados y bosques de hayas y robles. H\u00f3rreos Esta regi\u00f3n del Pirineo oriental navarro alberga 15 de los 22 h\u00f3rreos catalogados como Bien de Inter\u00e9s Cultural en Navarra. La escasez de cereal y la humedad t\u00edpica de estos parajes hicieron que ya en la Edad Media los agricultores utilizaran estas peque\u00f1as construcciones elevadas sobre el nivel del suelo para almacenar el preciado grano a salvo de los roedores. Si conoce otros h\u00f3rreos del norte de Espa\u00f1a, encontrar\u00e1 algunas diferencias. Los de Aezkoa son del tipo pirenaico y se distinguen por tener tejado a dos aguas casi sin aleros, planta rectangular y paredes de piedra sin labrar. Est\u00e1n [&hellip;]<\/p>\n","protected":false},"author":1,"featured_media":0,"parent":0,"menu_order":0,"comment_status":"closed","ping_status":"closed","template":"","meta":{"footnotes":""},"class_list":["post-7913","page","type-page","status-publish","hentry"],"yoast_head":"<!-- This site is optimized with the Yoast SEO plugin v23.5 - https:\/\/yoast.com\/wordpress\/plugins\/seo\/ -->\n<title>H\u00f3rreos del Valle de AezkoaH\u00f3rreos del Valle de Aezkoa - VisitNavarra<\/title>\n<meta name=\"description\" content=\"El Valle de Aezkoa, uno de los m\u00e1s bellos del Pirineo, conserva 15 de los 22 h\u00f3rreos de Navarra, declarados Bien de Inter\u00e9s Cultural.\" \/>\n<meta name=\"robots\" content=\"index, follow, max-snippet:-1, max-image-preview:large, max-video-preview:-1\" \/>\n<link rel=\"canonical\" href=\"https:\/\/visitnavarra.info\/visitnavarra\/horreos-del-valle-de-aezkoa\/\" \/>\n<meta property=\"og:locale\" content=\"es_ES\" \/>\n<meta property=\"og:type\" content=\"article\" \/>\n<meta property=\"og:title\" content=\"H\u00f3rreos del Valle de AezkoaH\u00f3rreos del Valle de Aezkoa - VisitNavarra\" \/>\n<meta property=\"og:description\" content=\"El Valle de Aezkoa, uno de los m\u00e1s bellos del Pirineo, conserva 15 de los 22 h\u00f3rreos de Navarra, declarados Bien de Inter\u00e9s Cultural.\" \/>\n<meta property=\"og:url\" content=\"https:\/\/visitnavarra.info\/visitnavarra\/horreos-del-valle-de-aezkoa\/\" \/>\n<meta property=\"og:site_name\" content=\"VisitNavarra\" \/>\n<meta name=\"twitter:card\" content=\"summary_large_image\" \/>\n<meta name=\"twitter:label1\" content=\"Tiempo de lectura\" \/>\n\t<meta name=\"twitter:data1\" content=\"3 minutos\" \/>\n<script type=\"application\/ld+json\" class=\"yoast-schema-graph\">{\"@context\":\"https:\/\/schema.org\",\"@graph\":[{\"@type\":\"WebPage\",\"@id\":\"https:\/\/visitnavarra.info\/visitnavarra\/horreos-del-valle-de-aezkoa\/\",\"url\":\"https:\/\/visitnavarra.info\/visitnavarra\/horreos-del-valle-de-aezkoa\/\",\"name\":\"H\u00f3rreos del Valle de AezkoaH\u00f3rreos del Valle de Aezkoa - VisitNavarra\",\"isPartOf\":{\"@id\":\"https:\/\/visitnavarra.info\/visitnavarra\/#website\"},\"datePublished\":\"2020-12-09T13:11:30+00:00\",\"dateModified\":\"2020-12-09T13:11:30+00:00\",\"description\":\"El Valle de Aezkoa, uno de los m\u00e1s bellos del Pirineo, conserva 15 de los 22 h\u00f3rreos de Navarra, declarados Bien de Inter\u00e9s Cultural.\",\"breadcrumb\":{\"@id\":\"https:\/\/visitnavarra.info\/visitnavarra\/horreos-del-valle-de-aezkoa\/#breadcrumb\"},\"inLanguage\":\"es\",\"potentialAction\":[{\"@type\":\"ReadAction\",\"target\":[\"https:\/\/visitnavarra.info\/visitnavarra\/horreos-del-valle-de-aezkoa\/\"]}]},{\"@type\":\"BreadcrumbList\",\"@id\":\"https:\/\/visitnavarra.info\/visitnavarra\/horreos-del-valle-de-aezkoa\/#breadcrumb\",\"itemListElement\":[{\"@type\":\"ListItem\",\"position\":1,\"name\":\"Portada\",\"item\":\"https:\/\/visitnavarra.info\/visitnavarra\/\"},{\"@type\":\"ListItem\",\"position\":2,\"name\":\"H\u00f3rreos del Valle de Aezkoa\"}]},{\"@type\":\"WebSite\",\"@id\":\"https:\/\/visitnavarra.info\/visitnavarra\/#website\",\"url\":\"https:\/\/visitnavarra.info\/visitnavarra\/\",\"name\":\"VisitNavarra\",\"description\":\"Alojamiento y experiencias tur\u00edsticas en Navarra; qu\u00e9 visitar en Navarra; comer en Navarra\",\"potentialAction\":[{\"@type\":\"SearchAction\",\"target\":{\"@type\":\"EntryPoint\",\"urlTemplate\":\"https:\/\/visitnavarra.info\/visitnavarra\/?s={search_term_string}\"},\"query-input\":{\"@type\":\"PropertyValueSpecification\",\"valueRequired\":true,\"valueName\":\"search_term_string\"}}],\"inLanguage\":\"es\"}]}<\/script>\n<!-- \/ Yoast SEO plugin. -->","yoast_head_json":{"title":"H\u00f3rreos del Valle de AezkoaH\u00f3rreos del Valle de Aezkoa - VisitNavarra","description":"El Valle de Aezkoa, uno de los m\u00e1s bellos del Pirineo, conserva 15 de los 22 h\u00f3rreos de Navarra, declarados Bien de Inter\u00e9s Cultural.","robots":{"index":"index","follow":"follow","max-snippet":"max-snippet:-1","max-image-preview":"max-image-preview:large","max-video-preview":"max-video-preview:-1"},"canonical":"https:\/\/visitnavarra.info\/visitnavarra\/horreos-del-valle-de-aezkoa\/","og_locale":"es_ES","og_type":"article","og_title":"H\u00f3rreos del Valle de AezkoaH\u00f3rreos del Valle de Aezkoa - VisitNavarra","og_description":"El Valle de Aezkoa, uno de los m\u00e1s bellos del Pirineo, conserva 15 de los 22 h\u00f3rreos de Navarra, declarados Bien de Inter\u00e9s Cultural.","og_url":"https:\/\/visitnavarra.info\/visitnavarra\/horreos-del-valle-de-aezkoa\/","og_site_name":"VisitNavarra","twitter_card":"summary_large_image","twitter_misc":{"Tiempo de lectura":"3 minutos"},"schema":{"@context":"https:\/\/schema.org","@graph":[{"@type":"WebPage","@id":"https:\/\/visitnavarra.info\/visitnavarra\/horreos-del-valle-de-aezkoa\/","url":"https:\/\/visitnavarra.info\/visitnavarra\/horreos-del-valle-de-aezkoa\/","name":"H\u00f3rreos del Valle de AezkoaH\u00f3rreos del Valle de Aezkoa - VisitNavarra","isPartOf":{"@id":"https:\/\/visitnavarra.info\/visitnavarra\/#website"},"datePublished":"2020-12-09T13:11:30+00:00","dateModified":"2020-12-09T13:11:30+00:00","description":"El Valle de Aezkoa, uno de los m\u00e1s bellos del Pirineo, conserva 15 de los 22 h\u00f3rreos de Navarra, declarados Bien de Inter\u00e9s Cultural.","breadcrumb":{"@id":"https:\/\/visitnavarra.info\/visitnavarra\/horreos-del-valle-de-aezkoa\/#breadcrumb"},"inLanguage":"es","potentialAction":[{"@type":"ReadAction","target":["https:\/\/visitnavarra.info\/visitnavarra\/horreos-del-valle-de-aezkoa\/"]}]},{"@type":"BreadcrumbList","@id":"https:\/\/visitnavarra.info\/visitnavarra\/horreos-del-valle-de-aezkoa\/#breadcrumb","itemListElement":[{"@type":"ListItem","position":1,"name":"Portada","item":"https:\/\/visitnavarra.info\/visitnavarra\/"},{"@type":"ListItem","position":2,"name":"H\u00f3rreos del Valle de Aezkoa"}]},{"@type":"WebSite","@id":"https:\/\/visitnavarra.info\/visitnavarra\/#website","url":"https:\/\/visitnavarra.info\/visitnavarra\/","name":"VisitNavarra","description":"Alojamiento y experiencias tur\u00edsticas en Navarra; qu\u00e9 visitar en Navarra; comer en Navarra","potentialAction":[{"@type":"SearchAction","target":{"@type":"EntryPoint","urlTemplate":"https:\/\/visitnavarra.info\/visitnavarra\/?s={search_term_string}"},"query-input":{"@type":"PropertyValueSpecification","valueRequired":true,"valueName":"search_term_string"}}],"inLanguage":"es"}]}},"_links":{"self":[{"href":"https:\/\/visitnavarra.info\/visitnavarra\/wp-json\/wp\/v2\/pages\/7913","targetHints":{"allow":["GET"]}}],"collection":[{"href":"https:\/\/visitnavarra.info\/visitnavarra\/wp-json\/wp\/v2\/pages"}],"about":[{"href":"https:\/\/visitnavarra.info\/visitnavarra\/wp-json\/wp\/v2\/types\/page"}],"author":[{"embeddable":true,"href":"https:\/\/visitnavarra.info\/visitnavarra\/wp-json\/wp\/v2\/users\/1"}],"replies":[{"embeddable":true,"href":"https:\/\/visitnavarra.info\/visitnavarra\/wp-json\/wp\/v2\/comments?post=7913"}],"version-history":[{"count":1,"href":"https:\/\/visitnavarra.info\/visitnavarra\/wp-json\/wp\/v2\/pages\/7913\/revisions"}],"predecessor-version":[{"id":7914,"href":"https:\/\/visitnavarra.info\/visitnavarra\/wp-json\/wp\/v2\/pages\/7913\/revisions\/7914"}],"wp:attachment":[{"href":"https:\/\/visitnavarra.info\/visitnavarra\/wp-json\/wp\/v2\/media?parent=7913"}],"curies":[{"name":"wp","href":"https:\/\/api.w.org\/{rel}","templated":true}]}}