{"id":7918,"date":"2020-12-09T13:31:38","date_gmt":"2020-12-09T13:31:38","guid":{"rendered":"https:\/\/visitnavarra.info\/visitnavarra\/?page_id=7918"},"modified":"2024-05-20T09:46:21","modified_gmt":"2024-05-20T09:46:21","slug":"iglesia-de-san-pedro-de-la-rua","status":"publish","type":"page","link":"https:\/\/visitnavarra.info\/visitnavarra\/iglesia-de-san-pedro-de-la-rua\/","title":{"rendered":"Iglesia de San Pedro de la R\u00faa"},"content":{"rendered":"<p>[vc_row][vc_column width=&#8221;1\/2&#8243;][vc_column_text]<\/p>\n<h1 style=\"text-align: center;\">Iglesia de San Pedro de la R\u00faa<\/h1>\n<p>[\/vc_column_text]<div class=\"single_image wpb_content_element align-center  image_box_circle image_box_border  \" data-animation=\"none\" data-delay=\"0\"><img loading=\"lazy\" decoding=\"async\" width=\"217\" height=\"155\" src=\"https:\/\/visitnavarra.info\/visitnavarra\/wp-content\/uploads\/2020\/12\/San-Pedro-Rua-Estella.jpg\" class=\"attachment-medium\" alt=\"\" \/><\/div>[\/vc_column][vc_column width=&#8221;1\/2&#8243;][vc_column_text]<strong>Localidad<\/strong>: ESTELLA (31200)<br \/>\n<strong>Direcci\u00f3n<\/strong>: Calle San Nicol\u00e1s, 1<br \/>\n<strong>Zona<\/strong>: La Zona Media<br \/>\n<strong>Estilo<\/strong>: Rom\u00e1nico<br \/>\n<strong>Siglos de construcci\u00f3n:<\/strong> XII[\/vc_column_text][\/vc_column][\/vc_row][vc_row][vc_column width=&#8221;1\/1&#8243;][vc_column_text]<\/p>\n<h3>Descripci\u00f3n<\/h3>\n<p>Nacida al borde del Camino de Santiago, en el centro de lo que fue la ciudad medieval de Estella, se encuentra la iglesia de San Pedro de la R\u00faa, iglesia mayor de la ciudad, cuyo claustro del siglo XII, est\u00e1 considerado como uno de los conjuntos de mayor riqueza escult\u00f3rica del rom\u00e1nico navarro.<\/p>\n<p>Frente al Palacio de los Reyes de Navarra y encaramada en un alto desde el que domina la ciudad, este templo nos muestra tambi\u00e9n un bello p\u00f3rtico del siglo XIII, de arcos lobulados de influencia \u00e1rabe y rica ornamentaci\u00f3n, una imponente torre, y un interior que alberga entre otros, la siller\u00eda rom\u00e1nica del coro y diversas esculturas rom\u00e1nicas y g\u00f3ticas de inter\u00e9s.<\/p>\n<p>Su ubicaci\u00f3n, en la ladera de un encrespado cerro en el que estuvo el primitivo castillo de Estella, determin\u00f3 la irregularidad de la planta de este templo. Durante la Edad Media, fue utilizado como cementerio de peregrinos. Y aqu\u00ed fue enterrado, en el siglo XIII, el obispo griego Patras de San Andr\u00e9s, cuya reliquia se venera esta iglesia.<\/p>\n<h3>El claustro<\/h3>\n<p>El claustro, fechado en torno a 1170, es uno de los elementos m\u00e1s bellos del conjunto. S\u00f3lo conserva las galer\u00edas norte y oeste, ya que las dos restantes desaparecieron con la voladura del castillo de Zalatambor, ordenada por Felipe II en 1572.<\/p>\n<p>De planta cuadrada, pertenece a un rom\u00e1nico tard\u00edo y decorativo que combina la iconograf\u00eda del Camino de Santiago con otros temas vegetales y animales.<\/p>\n<p>Contiene sencillas arquer\u00edas de medio punto, nueve por banda, apoyadas en parejas de columnas.<\/p>\n<p>As\u00ed, en los capiteles del ala norte se representan escenas de santos y de la vida de Cristo, mientras que en los de la cruj\u00eda oeste se esculpieron motivos vegetales y seres fant\u00e1sticos como arp\u00edas y variaciones sobre \u00e1guilas.<\/p>\n<p>Y no pase por alto un capricho excepcional de esta \u00faltima cruj\u00eda, que se repite en Burgo de Osma y Santo Domingo de Silos: las cuatro columnas torsas entrelazadas en las que se apoya la arquer\u00eda central.<\/p>\n<h3>P\u00f3rtico<\/h3>\n<p>Otro valioso elemento de este templo es su p\u00f3rtico rom\u00e1nico de finales del siglo XII, que cuenta con una serie de arcos lobulados de influencia \u00e1rabe y exhibe una rica ornamentaci\u00f3n.<\/p>\n<p>Tiene algunas similitudes con las portadas de las iglesias de Santiago de Puente la Reina y San Rom\u00e1n de Cirauqui.<\/p>\n<h3>La Torre<\/h3>\n<p>Su imponente y s\u00f3lida torre de planta rectangular, situada a los pies de la nave, confiere al conjunto un aspecto militar, reforzado por las saeteras. Las distintas fases constructivas han quedado perfectamente reflejadas en esta torre, cuyo tramo final de ladrillo, pertenece al siglo XVII.<\/p>\n<h3>El Interior<\/h3>\n<p>En el interior de la iglesia, est\u00e1 la capilla de San Andr\u00e9s (1596) cubierta por una c\u00fapula de 1699 decorada con yeser\u00edas barrocas. El retablo barroco del siglo XVII de la nave del Evangelio contiene un crucifico del siglo XIII que, seg\u00fan la tradici\u00f3n, un jud\u00edo enemigo de los cristianos arroj\u00f3 al r\u00edo Ega. Milagrosamente, la imagen remont\u00f3 la corriente hasta llegar a la parroquia del Santo Sepulcro, donde fue recogido.<\/p>\n<p>&nbsp;<\/p>\n<p>Otras joyas art\u00edsticas que podr\u00e1 admirar en el interior de la iglesia, concretamente en el presbiterio, son la virgen rom\u00e1nica de Bel\u00e9n, un crucifijo g\u00f3tico del siglo XIV, una talla de San Pedro de 1687, y una pila bautismal del siglo XIII en cuyo pie se representa el \u00c1rbol de la Vida.<\/p>\n<p>Tras la visita, podr\u00e1 descansar sobre la escalinata que da acceso al templo, y contemplar desde lo alto la hermosa vista sobre el rom\u00e1nico Palacio de los Reyes, sede del Museo Gustavo de Maeztu.<\/p>\n<p>Esta escalera fue proyectada por Francisco Pons Sorrolla y construida en 1966, al mismo tiempo que se urbanizaba la plaza de San Mart\u00edn, aneja al palacio[\/vc_column_text][\/vc_column][\/vc_row]<\/p>\n","protected":false},"excerpt":{"rendered":"<p>[vc_row][vc_column width=&#8221;1\/2&#8243;][vc_column_text] Iglesia de San Pedro de la R\u00faa [\/vc_column_text][\/vc_column][vc_column width=&#8221;1\/2&#8243;][vc_column_text]Localidad: ESTELLA (31200) Direcci\u00f3n: Calle San Nicol\u00e1s, 1 Zona: La Zona Media Estilo: Rom\u00e1nico Siglos de construcci\u00f3n: XII[\/vc_column_text][\/vc_column][\/vc_row][vc_row][vc_column width=&#8221;1\/1&#8243;][vc_column_text] Descripci\u00f3n Nacida al borde del Camino de Santiago, en el centro de lo que fue la ciudad medieval de Estella, se encuentra la iglesia de San Pedro de la R\u00faa, iglesia mayor de la ciudad, cuyo claustro del siglo XII, est\u00e1 considerado como uno de los conjuntos de mayor riqueza escult\u00f3rica del rom\u00e1nico navarro. Frente al Palacio de los Reyes de Navarra y encaramada en un alto desde el que domina la ciudad, este templo nos muestra tambi\u00e9n un bello p\u00f3rtico del siglo XIII, de arcos lobulados de influencia \u00e1rabe y rica ornamentaci\u00f3n, una imponente torre, y un interior que alberga entre otros, la siller\u00eda rom\u00e1nica del coro y diversas esculturas rom\u00e1nicas y g\u00f3ticas de inter\u00e9s. Su ubicaci\u00f3n, en la ladera de un encrespado cerro en el que estuvo el primitivo castillo de Estella, determin\u00f3 la irregularidad de la planta de este templo. Durante la Edad Media, fue utilizado como cementerio de peregrinos. Y aqu\u00ed fue enterrado, en el siglo XIII, el obispo griego Patras de San Andr\u00e9s, cuya reliquia se [&hellip;]<\/p>\n","protected":false},"author":1,"featured_media":0,"parent":0,"menu_order":0,"comment_status":"closed","ping_status":"closed","template":"","meta":{"footnotes":""},"class_list":["post-7918","page","type-page","status-publish","hentry"],"yoast_head":"<!-- This site is optimized with the Yoast SEO plugin v23.5 - https:\/\/yoast.com\/wordpress\/plugins\/seo\/ -->\n<title>Iglesia de San Pedro de la R\u00faa - VisitNavarra<\/title>\n<meta name=\"description\" content=\"Iglesia de San Pedro de la R\u00faa, cuyo claustro del siglo XII, est\u00e1 considerado uno de los conjuntos de mayor riqueza escult\u00f3rica del rom\u00e1nico\" \/>\n<meta name=\"robots\" content=\"index, follow, max-snippet:-1, max-image-preview:large, max-video-preview:-1\" \/>\n<link rel=\"canonical\" href=\"https:\/\/visitnavarra.info\/visitnavarra\/iglesia-de-san-pedro-de-la-rua\/\" \/>\n<meta property=\"og:locale\" content=\"es_ES\" \/>\n<meta property=\"og:type\" content=\"article\" \/>\n<meta property=\"og:title\" content=\"Iglesia de San Pedro de la R\u00faa - VisitNavarra\" \/>\n<meta property=\"og:description\" content=\"Iglesia de San Pedro de la R\u00faa, cuyo claustro del siglo XII, est\u00e1 considerado uno de los conjuntos de mayor riqueza escult\u00f3rica del rom\u00e1nico\" \/>\n<meta property=\"og:url\" content=\"https:\/\/visitnavarra.info\/visitnavarra\/iglesia-de-san-pedro-de-la-rua\/\" \/>\n<meta property=\"og:site_name\" content=\"VisitNavarra\" \/>\n<meta property=\"article:modified_time\" content=\"2024-05-20T09:46:21+00:00\" \/>\n<meta name=\"twitter:card\" content=\"summary_large_image\" \/>\n<meta name=\"twitter:label1\" content=\"Tiempo de lectura\" \/>\n\t<meta name=\"twitter:data1\" content=\"4 minutos\" \/>\n<script type=\"application\/ld+json\" class=\"yoast-schema-graph\">{\"@context\":\"https:\/\/schema.org\",\"@graph\":[{\"@type\":\"WebPage\",\"@id\":\"https:\/\/visitnavarra.info\/visitnavarra\/iglesia-de-san-pedro-de-la-rua\/\",\"url\":\"https:\/\/visitnavarra.info\/visitnavarra\/iglesia-de-san-pedro-de-la-rua\/\",\"name\":\"Iglesia de San Pedro de la R\u00faa - VisitNavarra\",\"isPartOf\":{\"@id\":\"https:\/\/visitnavarra.info\/visitnavarra\/#website\"},\"datePublished\":\"2020-12-09T13:31:38+00:00\",\"dateModified\":\"2024-05-20T09:46:21+00:00\",\"description\":\"Iglesia de San Pedro de la R\u00faa, cuyo claustro del siglo XII, est\u00e1 considerado uno de los conjuntos de mayor riqueza escult\u00f3rica del rom\u00e1nico\",\"breadcrumb\":{\"@id\":\"https:\/\/visitnavarra.info\/visitnavarra\/iglesia-de-san-pedro-de-la-rua\/#breadcrumb\"},\"inLanguage\":\"es\",\"potentialAction\":[{\"@type\":\"ReadAction\",\"target\":[\"https:\/\/visitnavarra.info\/visitnavarra\/iglesia-de-san-pedro-de-la-rua\/\"]}]},{\"@type\":\"BreadcrumbList\",\"@id\":\"https:\/\/visitnavarra.info\/visitnavarra\/iglesia-de-san-pedro-de-la-rua\/#breadcrumb\",\"itemListElement\":[{\"@type\":\"ListItem\",\"position\":1,\"name\":\"Portada\",\"item\":\"https:\/\/visitnavarra.info\/visitnavarra\/\"},{\"@type\":\"ListItem\",\"position\":2,\"name\":\"Iglesia de San Pedro de la R\u00faa\"}]},{\"@type\":\"WebSite\",\"@id\":\"https:\/\/visitnavarra.info\/visitnavarra\/#website\",\"url\":\"https:\/\/visitnavarra.info\/visitnavarra\/\",\"name\":\"VisitNavarra\",\"description\":\"Alojamiento y experiencias tur\u00edsticas en Navarra; qu\u00e9 visitar en Navarra; comer en Navarra\",\"potentialAction\":[{\"@type\":\"SearchAction\",\"target\":{\"@type\":\"EntryPoint\",\"urlTemplate\":\"https:\/\/visitnavarra.info\/visitnavarra\/?s={search_term_string}\"},\"query-input\":{\"@type\":\"PropertyValueSpecification\",\"valueRequired\":true,\"valueName\":\"search_term_string\"}}],\"inLanguage\":\"es\"}]}<\/script>\n<!-- \/ Yoast SEO plugin. -->","yoast_head_json":{"title":"Iglesia de San Pedro de la R\u00faa - VisitNavarra","description":"Iglesia de San Pedro de la R\u00faa, cuyo claustro del siglo XII, est\u00e1 considerado uno de los conjuntos de mayor riqueza escult\u00f3rica del rom\u00e1nico","robots":{"index":"index","follow":"follow","max-snippet":"max-snippet:-1","max-image-preview":"max-image-preview:large","max-video-preview":"max-video-preview:-1"},"canonical":"https:\/\/visitnavarra.info\/visitnavarra\/iglesia-de-san-pedro-de-la-rua\/","og_locale":"es_ES","og_type":"article","og_title":"Iglesia de San Pedro de la R\u00faa - VisitNavarra","og_description":"Iglesia de San Pedro de la R\u00faa, cuyo claustro del siglo XII, est\u00e1 considerado uno de los conjuntos de mayor riqueza escult\u00f3rica del rom\u00e1nico","og_url":"https:\/\/visitnavarra.info\/visitnavarra\/iglesia-de-san-pedro-de-la-rua\/","og_site_name":"VisitNavarra","article_modified_time":"2024-05-20T09:46:21+00:00","twitter_card":"summary_large_image","twitter_misc":{"Tiempo de lectura":"4 minutos"},"schema":{"@context":"https:\/\/schema.org","@graph":[{"@type":"WebPage","@id":"https:\/\/visitnavarra.info\/visitnavarra\/iglesia-de-san-pedro-de-la-rua\/","url":"https:\/\/visitnavarra.info\/visitnavarra\/iglesia-de-san-pedro-de-la-rua\/","name":"Iglesia de San Pedro de la R\u00faa - VisitNavarra","isPartOf":{"@id":"https:\/\/visitnavarra.info\/visitnavarra\/#website"},"datePublished":"2020-12-09T13:31:38+00:00","dateModified":"2024-05-20T09:46:21+00:00","description":"Iglesia de San Pedro de la R\u00faa, cuyo claustro del siglo XII, est\u00e1 considerado uno de los conjuntos de mayor riqueza escult\u00f3rica del rom\u00e1nico","breadcrumb":{"@id":"https:\/\/visitnavarra.info\/visitnavarra\/iglesia-de-san-pedro-de-la-rua\/#breadcrumb"},"inLanguage":"es","potentialAction":[{"@type":"ReadAction","target":["https:\/\/visitnavarra.info\/visitnavarra\/iglesia-de-san-pedro-de-la-rua\/"]}]},{"@type":"BreadcrumbList","@id":"https:\/\/visitnavarra.info\/visitnavarra\/iglesia-de-san-pedro-de-la-rua\/#breadcrumb","itemListElement":[{"@type":"ListItem","position":1,"name":"Portada","item":"https:\/\/visitnavarra.info\/visitnavarra\/"},{"@type":"ListItem","position":2,"name":"Iglesia de San Pedro de la R\u00faa"}]},{"@type":"WebSite","@id":"https:\/\/visitnavarra.info\/visitnavarra\/#website","url":"https:\/\/visitnavarra.info\/visitnavarra\/","name":"VisitNavarra","description":"Alojamiento y experiencias tur\u00edsticas en Navarra; qu\u00e9 visitar en Navarra; comer en Navarra","potentialAction":[{"@type":"SearchAction","target":{"@type":"EntryPoint","urlTemplate":"https:\/\/visitnavarra.info\/visitnavarra\/?s={search_term_string}"},"query-input":{"@type":"PropertyValueSpecification","valueRequired":true,"valueName":"search_term_string"}}],"inLanguage":"es"}]}},"_links":{"self":[{"href":"https:\/\/visitnavarra.info\/visitnavarra\/wp-json\/wp\/v2\/pages\/7918","targetHints":{"allow":["GET"]}}],"collection":[{"href":"https:\/\/visitnavarra.info\/visitnavarra\/wp-json\/wp\/v2\/pages"}],"about":[{"href":"https:\/\/visitnavarra.info\/visitnavarra\/wp-json\/wp\/v2\/types\/page"}],"author":[{"embeddable":true,"href":"https:\/\/visitnavarra.info\/visitnavarra\/wp-json\/wp\/v2\/users\/1"}],"replies":[{"embeddable":true,"href":"https:\/\/visitnavarra.info\/visitnavarra\/wp-json\/wp\/v2\/comments?post=7918"}],"version-history":[{"count":3,"href":"https:\/\/visitnavarra.info\/visitnavarra\/wp-json\/wp\/v2\/pages\/7918\/revisions"}],"predecessor-version":[{"id":13433,"href":"https:\/\/visitnavarra.info\/visitnavarra\/wp-json\/wp\/v2\/pages\/7918\/revisions\/13433"}],"wp:attachment":[{"href":"https:\/\/visitnavarra.info\/visitnavarra\/wp-json\/wp\/v2\/media?parent=7918"}],"curies":[{"name":"wp","href":"https:\/\/api.w.org\/{rel}","templated":true}]}}