{"id":7922,"date":"2020-12-09T14:51:26","date_gmt":"2020-12-09T14:51:26","guid":{"rendered":"https:\/\/visitnavarra.info\/visitnavarra\/?page_id=7922"},"modified":"2024-05-20T10:44:03","modified_gmt":"2024-05-20T10:44:03","slug":"iglesia-de-san-pedro-de-olite","status":"publish","type":"page","link":"https:\/\/visitnavarra.info\/visitnavarra\/iglesia-de-san-pedro-de-olite\/","title":{"rendered":"Iglesia de San Pedro de Olite"},"content":{"rendered":"<p>[vc_row][vc_column width=&#8221;1\/2&#8243;][vc_column_text]<\/p>\n<h1 style=\"text-align: center;\">Iglesia de San Pedro de Olite<\/h1>\n<p>[\/vc_column_text]<div class=\"single_image wpb_content_element align-center  image_box_circle image_box_border  \" data-animation=\"none\" data-delay=\"0\"><img loading=\"lazy\" decoding=\"async\" width=\"217\" height=\"155\" src=\"https:\/\/visitnavarra.info\/visitnavarra\/wp-content\/uploads\/2020\/12\/San-Pedro-Olite.jpg\" class=\"attachment-medium\" alt=\"\" \/><\/div>[\/vc_column][vc_column width=&#8221;1\/2&#8243;][vc_column_text]<strong>Localidad<\/strong>: OLITE (31390)<br \/>\n<strong>Direcci\u00f3n<\/strong>: Calle El Fosal, 2<br \/>\n<strong>Zona<\/strong>: La Zona Media<br \/>\n<strong>Estilo<\/strong>: Rom\u00e1nico<br \/>\n<strong>Siglos de construcci\u00f3n:<\/strong> XII<br \/>\n<strong>Tel\u00e9fono:<\/strong> 948740056[\/vc_column_text][\/vc_column][\/vc_row][vc_row][vc_column width=&#8221;1\/1&#8243;][vc_column_text]<\/p>\n<h3>Descripci\u00f3n<\/h3>\n<p>Una esbelta torre g\u00f3tica, coronada por una airosa flecha y conocida como la &#8220;Torre Aguja&#8221;, identifica a la iglesia de San Pedro Ap\u00f3stol de Olite, que se levanta junto al Palacio Real de la localidad.<\/p>\n<p>Este bello templo, cuya construcci\u00f3n se inici\u00f3 en el siglo XII, mezcla armoniosamente los estilos rom\u00e1nico, g\u00f3tico y barroco. Es la iglesia m\u00e1s antigua de la ciudad y, entre otros tesoros art\u00edsticos, conserva un claustro rom\u00e1nico de mediados del siglo XIII, una talla g\u00f3tica de Santiago, un interesante retablo mayor y, en un sepulcro g\u00f3tico, un relieve de alabastro policromado que representa a la Trinidad con tres personas.<\/p>\n<p>La iglesia de San Pedro preside la plaza el Fosal de Olite, localidad de la Zona Media de Navarra, que posee uno de los conjuntos monumentales m\u00e1s destacados de la Comunidad Foral. El templo, iniciado en el rom\u00e1nico y ampliado en \u00e9poca barroca, es el m\u00e1s antiguo de la ciudad. Destacan en el conjunto la portada, el claustro y su esbelta torre g\u00f3tica.<\/p>\n<h3>Portada<\/h3>\n<p>Su portada rom\u00e1nica es elegante y sobria, de medio punto abocinada en seis arquivoltas lisas entre cenefas ricamente decoradas con ajedrezados y motivos vegetales. Destacan los capitales de la lucha de San Jorge y el drag\u00f3n, y un centauro contra una arp\u00eda. El t\u00edmpano y el dintel son a\u00f1adidos g\u00f3ticos; en el t\u00edmpano se representa a San Pedro, San Andr\u00e9s y Santiago, y el dintel relata escenas de la vida de San Pedro. Completan la fachada el friso, decorado con hojarasca y escenas mitol\u00f3gicas, y un bello roset\u00f3n.<\/p>\n<h3>Torre G\u00f3tica<\/h3>\n<p>Llama la atenci\u00f3n la original torre g\u00f3tica de 52 metros de altura, que sirve de plataforma a la aguja octogonal, del siglo XIV. Es un modelo interesante en su g\u00e9nero por su alarde arquitect\u00f3nico y la graciosa curvatura de sus aristas. La torre-campanario estuvo decorada con pinturas murales g\u00f3ticas del siglo XIII, pero para verlas tendr\u00e1 que desplazarse hasta el Museo de Navarra en Pamplona, donde se depositaron por razones de seguridad y conservaci\u00f3n.<\/p>\n<h3>Claustro<\/h3>\n<p>Adosado al edificio, en la parte norte, se abre un claustro exento de mediados del siglo XIII de planta cuadrada. Est\u00e1 formado por arcos de medio punto sostenidos por columnas pareadas. En sus capiteles se diferencian claramente formas vegetales, rostros humanos y escenas del G\u00e9nesis protagonizadas por Ad\u00e1n y Eva.<\/p>\n<p>El interior del templo es de planta rectangular. La nave central y las dos laterales est\u00e1n cubiertas por b\u00f3vedas de crucer\u00eda y, el crucero, por una c\u00fapula de media naranja sobre pechinas. Los grandiosos pilares g\u00f3ticos cruciformes contribuyen a incrementar la sensaci\u00f3n de monumentalidad de la iglesia.<\/p>\n<p>El retablo mayor es una obra barroca dedicada a San Pedro. Le acompa\u00f1an pinturas sobre lienzo de los patronos navarros San Ferm\u00edn y San Francisco Javier realizadas por Vicente Berdus\u00e1n. La capilla de la Virgen del Campanal es una construcci\u00f3n protog\u00f3tica que estaba decorada con pinturas murales realizadas a finales del siglo XIII. Hoy pueden visitarse en el Museo de Navarra y est\u00e1n consideradas como las obras m\u00e1s importantes de pintura mural navarra de la \u00e9poca.<\/p>\n<p>La iglesia acoge tambi\u00e9n el sepulcro del notario de Olite Enequo Pinel, quien lo mand\u00f3 construir en 1432. Su principal peculiaridad es la representaci\u00f3n de la Trinidad con tres personas. Fue realizado por Jean Lome de Tournay, el escultor predilecto de Carlos III el Noble y el m\u00e1s importante de Navarra en el siglo XV. Entre sus obras principales destaca el sepulcro de Carlos III y su esposa Leonor, que se encuentra en la catedral de Pamplona.[\/vc_column_text][\/vc_column][\/vc_row]<\/p>\n","protected":false},"excerpt":{"rendered":"<p>[vc_row][vc_column width=&#8221;1\/2&#8243;][vc_column_text] Iglesia de San Pedro de Olite [\/vc_column_text][\/vc_column][vc_column width=&#8221;1\/2&#8243;][vc_column_text]Localidad: OLITE (31390) Direcci\u00f3n: Calle El Fosal, 2 Zona: La Zona Media Estilo: Rom\u00e1nico Siglos de construcci\u00f3n: XII Tel\u00e9fono: 948740056[\/vc_column_text][\/vc_column][\/vc_row][vc_row][vc_column width=&#8221;1\/1&#8243;][vc_column_text] Descripci\u00f3n Una esbelta torre g\u00f3tica, coronada por una airosa flecha y conocida como la &#8220;Torre Aguja&#8221;, identifica a la iglesia de San Pedro Ap\u00f3stol de Olite, que se levanta junto al Palacio Real de la localidad. Este bello templo, cuya construcci\u00f3n se inici\u00f3 en el siglo XII, mezcla armoniosamente los estilos rom\u00e1nico, g\u00f3tico y barroco. Es la iglesia m\u00e1s antigua de la ciudad y, entre otros tesoros art\u00edsticos, conserva un claustro rom\u00e1nico de mediados del siglo XIII, una talla g\u00f3tica de Santiago, un interesante retablo mayor y, en un sepulcro g\u00f3tico, un relieve de alabastro policromado que representa a la Trinidad con tres personas. La iglesia de San Pedro preside la plaza el Fosal de Olite, localidad de la Zona Media de Navarra, que posee uno de los conjuntos monumentales m\u00e1s destacados de la Comunidad Foral. El templo, iniciado en el rom\u00e1nico y ampliado en \u00e9poca barroca, es el m\u00e1s antiguo de la ciudad. Destacan en el conjunto la portada, el claustro y su esbelta torre g\u00f3tica. Portada Su portada [&hellip;]<\/p>\n","protected":false},"author":1,"featured_media":0,"parent":0,"menu_order":0,"comment_status":"closed","ping_status":"closed","template":"","meta":{"footnotes":""},"class_list":["post-7922","page","type-page","status-publish","hentry"],"yoast_head":"<!-- This site is optimized with the Yoast SEO plugin v23.5 - https:\/\/yoast.com\/wordpress\/plugins\/seo\/ -->\n<title>Iglesia de San Pedro de OliteIglesia de San Pedro de Olite - VisitNavarra<\/title>\n<meta name=\"description\" content=\"Una esbelta torre g\u00f3tica, coronada por una flecha y conocida como la Torre Aguja, identifica a la iglesia de San Pedro Ap\u00f3stol de Olite.\" \/>\n<meta name=\"robots\" content=\"index, follow, max-snippet:-1, max-image-preview:large, max-video-preview:-1\" \/>\n<link rel=\"canonical\" href=\"https:\/\/visitnavarra.info\/visitnavarra\/iglesia-de-san-pedro-de-olite\/\" \/>\n<meta property=\"og:locale\" content=\"es_ES\" \/>\n<meta property=\"og:type\" content=\"article\" \/>\n<meta property=\"og:title\" content=\"Iglesia de San Pedro de OliteIglesia de San Pedro de Olite - VisitNavarra\" \/>\n<meta property=\"og:description\" content=\"Una esbelta torre g\u00f3tica, coronada por una flecha y conocida como la Torre Aguja, identifica a la iglesia de San Pedro Ap\u00f3stol de Olite.\" \/>\n<meta property=\"og:url\" content=\"https:\/\/visitnavarra.info\/visitnavarra\/iglesia-de-san-pedro-de-olite\/\" \/>\n<meta property=\"og:site_name\" content=\"VisitNavarra\" \/>\n<meta property=\"article:modified_time\" content=\"2024-05-20T10:44:03+00:00\" \/>\n<meta name=\"twitter:card\" content=\"summary_large_image\" \/>\n<meta name=\"twitter:label1\" content=\"Tiempo de lectura\" \/>\n\t<meta name=\"twitter:data1\" content=\"3 minutos\" \/>\n<script type=\"application\/ld+json\" class=\"yoast-schema-graph\">{\"@context\":\"https:\/\/schema.org\",\"@graph\":[{\"@type\":\"WebPage\",\"@id\":\"https:\/\/visitnavarra.info\/visitnavarra\/iglesia-de-san-pedro-de-olite\/\",\"url\":\"https:\/\/visitnavarra.info\/visitnavarra\/iglesia-de-san-pedro-de-olite\/\",\"name\":\"Iglesia de San Pedro de OliteIglesia de San Pedro de Olite - VisitNavarra\",\"isPartOf\":{\"@id\":\"https:\/\/visitnavarra.info\/visitnavarra\/#website\"},\"datePublished\":\"2020-12-09T14:51:26+00:00\",\"dateModified\":\"2024-05-20T10:44:03+00:00\",\"description\":\"Una esbelta torre g\u00f3tica, coronada por una flecha y conocida como la Torre Aguja, identifica a la iglesia de San Pedro Ap\u00f3stol de Olite.\",\"breadcrumb\":{\"@id\":\"https:\/\/visitnavarra.info\/visitnavarra\/iglesia-de-san-pedro-de-olite\/#breadcrumb\"},\"inLanguage\":\"es\",\"potentialAction\":[{\"@type\":\"ReadAction\",\"target\":[\"https:\/\/visitnavarra.info\/visitnavarra\/iglesia-de-san-pedro-de-olite\/\"]}]},{\"@type\":\"BreadcrumbList\",\"@id\":\"https:\/\/visitnavarra.info\/visitnavarra\/iglesia-de-san-pedro-de-olite\/#breadcrumb\",\"itemListElement\":[{\"@type\":\"ListItem\",\"position\":1,\"name\":\"Portada\",\"item\":\"https:\/\/visitnavarra.info\/visitnavarra\/\"},{\"@type\":\"ListItem\",\"position\":2,\"name\":\"Iglesia de San Pedro de Olite\"}]},{\"@type\":\"WebSite\",\"@id\":\"https:\/\/visitnavarra.info\/visitnavarra\/#website\",\"url\":\"https:\/\/visitnavarra.info\/visitnavarra\/\",\"name\":\"VisitNavarra\",\"description\":\"Alojamiento y experiencias tur\u00edsticas en Navarra; qu\u00e9 visitar en Navarra; comer en Navarra\",\"potentialAction\":[{\"@type\":\"SearchAction\",\"target\":{\"@type\":\"EntryPoint\",\"urlTemplate\":\"https:\/\/visitnavarra.info\/visitnavarra\/?s={search_term_string}\"},\"query-input\":{\"@type\":\"PropertyValueSpecification\",\"valueRequired\":true,\"valueName\":\"search_term_string\"}}],\"inLanguage\":\"es\"}]}<\/script>\n<!-- \/ Yoast SEO plugin. -->","yoast_head_json":{"title":"Iglesia de San Pedro de OliteIglesia de San Pedro de Olite - VisitNavarra","description":"Una esbelta torre g\u00f3tica, coronada por una flecha y conocida como la Torre Aguja, identifica a la iglesia de San Pedro Ap\u00f3stol de Olite.","robots":{"index":"index","follow":"follow","max-snippet":"max-snippet:-1","max-image-preview":"max-image-preview:large","max-video-preview":"max-video-preview:-1"},"canonical":"https:\/\/visitnavarra.info\/visitnavarra\/iglesia-de-san-pedro-de-olite\/","og_locale":"es_ES","og_type":"article","og_title":"Iglesia de San Pedro de OliteIglesia de San Pedro de Olite - VisitNavarra","og_description":"Una esbelta torre g\u00f3tica, coronada por una flecha y conocida como la Torre Aguja, identifica a la iglesia de San Pedro Ap\u00f3stol de Olite.","og_url":"https:\/\/visitnavarra.info\/visitnavarra\/iglesia-de-san-pedro-de-olite\/","og_site_name":"VisitNavarra","article_modified_time":"2024-05-20T10:44:03+00:00","twitter_card":"summary_large_image","twitter_misc":{"Tiempo de lectura":"3 minutos"},"schema":{"@context":"https:\/\/schema.org","@graph":[{"@type":"WebPage","@id":"https:\/\/visitnavarra.info\/visitnavarra\/iglesia-de-san-pedro-de-olite\/","url":"https:\/\/visitnavarra.info\/visitnavarra\/iglesia-de-san-pedro-de-olite\/","name":"Iglesia de San Pedro de OliteIglesia de San Pedro de Olite - VisitNavarra","isPartOf":{"@id":"https:\/\/visitnavarra.info\/visitnavarra\/#website"},"datePublished":"2020-12-09T14:51:26+00:00","dateModified":"2024-05-20T10:44:03+00:00","description":"Una esbelta torre g\u00f3tica, coronada por una flecha y conocida como la Torre Aguja, identifica a la iglesia de San Pedro Ap\u00f3stol de Olite.","breadcrumb":{"@id":"https:\/\/visitnavarra.info\/visitnavarra\/iglesia-de-san-pedro-de-olite\/#breadcrumb"},"inLanguage":"es","potentialAction":[{"@type":"ReadAction","target":["https:\/\/visitnavarra.info\/visitnavarra\/iglesia-de-san-pedro-de-olite\/"]}]},{"@type":"BreadcrumbList","@id":"https:\/\/visitnavarra.info\/visitnavarra\/iglesia-de-san-pedro-de-olite\/#breadcrumb","itemListElement":[{"@type":"ListItem","position":1,"name":"Portada","item":"https:\/\/visitnavarra.info\/visitnavarra\/"},{"@type":"ListItem","position":2,"name":"Iglesia de San Pedro de Olite"}]},{"@type":"WebSite","@id":"https:\/\/visitnavarra.info\/visitnavarra\/#website","url":"https:\/\/visitnavarra.info\/visitnavarra\/","name":"VisitNavarra","description":"Alojamiento y experiencias tur\u00edsticas en Navarra; qu\u00e9 visitar en Navarra; comer en Navarra","potentialAction":[{"@type":"SearchAction","target":{"@type":"EntryPoint","urlTemplate":"https:\/\/visitnavarra.info\/visitnavarra\/?s={search_term_string}"},"query-input":{"@type":"PropertyValueSpecification","valueRequired":true,"valueName":"search_term_string"}}],"inLanguage":"es"}]}},"_links":{"self":[{"href":"https:\/\/visitnavarra.info\/visitnavarra\/wp-json\/wp\/v2\/pages\/7922","targetHints":{"allow":["GET"]}}],"collection":[{"href":"https:\/\/visitnavarra.info\/visitnavarra\/wp-json\/wp\/v2\/pages"}],"about":[{"href":"https:\/\/visitnavarra.info\/visitnavarra\/wp-json\/wp\/v2\/types\/page"}],"author":[{"embeddable":true,"href":"https:\/\/visitnavarra.info\/visitnavarra\/wp-json\/wp\/v2\/users\/1"}],"replies":[{"embeddable":true,"href":"https:\/\/visitnavarra.info\/visitnavarra\/wp-json\/wp\/v2\/comments?post=7922"}],"version-history":[{"count":2,"href":"https:\/\/visitnavarra.info\/visitnavarra\/wp-json\/wp\/v2\/pages\/7922\/revisions"}],"predecessor-version":[{"id":13491,"href":"https:\/\/visitnavarra.info\/visitnavarra\/wp-json\/wp\/v2\/pages\/7922\/revisions\/13491"}],"wp:attachment":[{"href":"https:\/\/visitnavarra.info\/visitnavarra\/wp-json\/wp\/v2\/media?parent=7922"}],"curies":[{"name":"wp","href":"https:\/\/api.w.org\/{rel}","templated":true}]}}