{"id":7925,"date":"2020-12-09T14:57:50","date_gmt":"2020-12-09T14:57:50","guid":{"rendered":"https:\/\/visitnavarra.info\/visitnavarra\/?page_id=7925"},"modified":"2024-05-20T10:46:16","modified_gmt":"2024-05-20T10:46:16","slug":"iglesia-de-santa-maria-de-eunate","status":"publish","type":"page","link":"https:\/\/visitnavarra.info\/visitnavarra\/iglesia-de-santa-maria-de-eunate\/","title":{"rendered":"Iglesia de Santa Mar\u00eda de Eunate"},"content":{"rendered":"<p>[vc_row][vc_column width=&#8221;1\/2&#8243;][vc_column_text]<\/p>\n<h3 style=\"text-align: center;\">Iglesia de Santa Mar\u00eda de Eunate<\/h3>\n<p>[\/vc_column_text]<div class=\"single_image wpb_content_element align-center  image_box_circle image_box_border  \" data-animation=\"none\" data-delay=\"0\"><img loading=\"lazy\" decoding=\"async\" width=\"217\" height=\"155\" src=\"https:\/\/visitnavarra.info\/visitnavarra\/wp-content\/uploads\/2020\/12\/Santa-Maria-Eunate.jpg\" class=\"attachment-medium\" alt=\"\" \/><\/div>[\/vc_column][vc_column width=&#8221;1\/2&#8243;][vc_column_text]<strong>Localidad<\/strong>: MURUZ\u00c1BAL (31152)<br \/>\n<strong>Direcci\u00f3n:<\/strong> Iglesia de Santa Mar\u00eda de Eunate<br \/>\n<strong>Zona:<\/strong> La Zona Media<br \/>\n<strong>Estilo:<\/strong> Rom\u00e1nico<br \/>\n<strong>Siglos de construcci\u00f3n:<\/strong> XII[\/vc_column_text][\/vc_column][\/vc_row][vc_row][vc_column width=&#8221;1\/1&#8243;][vc_column_text]<\/p>\n<h3>Descripci\u00f3n<\/h3>\n<p>A la luz del crep\u00fasculo o aprovechando el sutil color del amanecer. Es el mejor momento para descubrir una de las iglesias m\u00e1s bonitas y sugerentes del Camino de Santiago, la de Nuestra Se\u00f1ora de Eunate (1170), sencilla, original y misteriosa.<\/p>\n<p>Se alza, solitaria, poco antes de llegar a Puente la Reina, en medio de un llano y abierto paisaje que en verano toma el color de los girasoles. Su planta octogonal y el claustro que la circunda la hacen diferente a cualquier otro templo rom\u00e1nico.<\/p>\n<p>El misterio no aclarado sobre su origen y su inquietante interior avivan el inter\u00e9s de este templo que fue hospital de peregrinos, dormitorio de difuntos, faro-gu\u00eda para caminantes, lugar de culto cristiano y santuario tel\u00farico para quienes buscan fuerzas esot\u00e9ricas.<\/p>\n<h3>Origen<\/h3>\n<p>D\u00e9jese sorprender por su enigm\u00e1tica geometr\u00eda y un interior que le sobrecoger\u00e1, y trate de adivinar el sentido de su nombre, &#8220;cien puertas&#8221;, en euskera.<\/p>\n<p>En Mururz\u00e1bal (Valle de Valdizarbe), en la ruta tolosana del Camino de Santiago, poco antes de que \u00e9sta confluya en Puente la Reina con la procedente de Orreaga\/Roncesvalles, se alza solitaria pero imponente la iglesia de Santa Mar\u00eda de Eunate, un raro, bello y sugerente ejemplo de arquitectura rom\u00e1nica declarado monumento nacional. Construida en 1170, su origen no est\u00e1 claro.<\/p>\n<p>Algunos historiadores han barajado la posibilidad de que fuese obra de los templarios y hospital de la orden de San Juan, mientras que la tradici\u00f3n popular atribuye su construcci\u00f3n a una reina o se\u00f1ora, cuya sepultura yace bajo las piedras, para que fuese capilla funeraria.<\/p>\n<p>El descubrimiento de enterramientos entre las columnas del claustro y los restos de una sepultura al pie de la puerta de entrada, entre los que apareci\u00f3 una concha de peregrino confirman que fue iglesia cementerial de peregrinos.<\/p>\n<h3>Planta<\/h3>\n<p>El conjunto de planta octogonal, como el Santo Sepulcro de Jerusal\u00e9n y otras dos construcciones del Camino de Santiago, est\u00e1 circundado por una hermosa galer\u00eda porticada de 33 arcos, con capiteles decorados. La armon\u00eda de la planta octogonal queda rota por el \u00e1bside pentagonal y una torrecilla de planta cuadrada adosada en el lado de la ep\u00edstola. En los muros exteriores se alternan ventanas caladas y ciegas y dos puertas de acceso, la del norte frente al Camino, muy decorada, y otra m\u00e1s sencilla hacia poniente.<\/p>\n<h3>Interior<\/h3>\n<p>Recorra tranquilamente la galer\u00eda antes de pasar al interior del templo, sencillo y con algunos elementos de influencia musulmana. Deje que sus ojos se adapten a la escasa luz interior y sienta la espiritualidad y recogimiento que envuelve a la iglesia.<\/p>\n<p>En los muros de siller\u00eda se aprecian dos alturas y en cada \u00e1ngulo se superponen dos columnas.<\/p>\n<p>La sobriedad del interior es s\u00f3lo aparente, ya que las columnas poseen hasta 26 capiteles decorados. La b\u00f3veda octogonal est\u00e1 sustentada por 8 nervios con \u00e1ngulos diferentes, lo que evidencia que los ocho lados del templo son diferentes. Y en el \u00e1bside, de gran riqueza arquitect\u00f3nica y con forma semicircular, se encuentran los elementos esculturales m\u00e1s antiguos de la iglesia.<\/p>\n<h3>En las cercan\u00edas<\/h3>\n<p>Muy cerca de esta iglesia medieval, en Olcoz, se encuentra la iglesia de San Miguel, con una portada id\u00e9ntica a la de Eunate pero al rev\u00e9s. Cuenta la leyenda que un maestro cantero al que se le hab\u00eda encargado la construcci\u00f3n de la portada de Eunate, se molest\u00f3 porque, en su ausencia, un gigante con poderes sobrenaturales se le adelant\u00f3 y realiz\u00f3 la obra.<\/p>\n<p>El abad ret\u00f3 al cantero a levantar una obra pareja en el mismo plazo, tres d\u00edas, haza\u00f1a que consigui\u00f3 con ayuda de brujas, serpientes y conjuros, aunque el resultado fue una portada id\u00e9ntica pero invertida. Al ver el p\u00f3rtico, el gigante enfureci\u00f3 y lo golpe\u00f3 con tal fuerza que lo mand\u00f3 volando hasta Olcoz.[\/vc_column_text][\/vc_column][\/vc_row]<\/p>\n","protected":false},"excerpt":{"rendered":"<p>[vc_row][vc_column width=&#8221;1\/2&#8243;][vc_column_text] Iglesia de Santa Mar\u00eda de Eunate [\/vc_column_text][\/vc_column][vc_column width=&#8221;1\/2&#8243;][vc_column_text]Localidad: MURUZ\u00c1BAL (31152) Direcci\u00f3n: Iglesia de Santa Mar\u00eda de Eunate Zona: La Zona Media Estilo: Rom\u00e1nico Siglos de construcci\u00f3n: XII[\/vc_column_text][\/vc_column][\/vc_row][vc_row][vc_column width=&#8221;1\/1&#8243;][vc_column_text] Descripci\u00f3n A la luz del crep\u00fasculo o aprovechando el sutil color del amanecer. Es el mejor momento para descubrir una de las iglesias m\u00e1s bonitas y sugerentes del Camino de Santiago, la de Nuestra Se\u00f1ora de Eunate (1170), sencilla, original y misteriosa. Se alza, solitaria, poco antes de llegar a Puente la Reina, en medio de un llano y abierto paisaje que en verano toma el color de los girasoles. Su planta octogonal y el claustro que la circunda la hacen diferente a cualquier otro templo rom\u00e1nico. El misterio no aclarado sobre su origen y su inquietante interior avivan el inter\u00e9s de este templo que fue hospital de peregrinos, dormitorio de difuntos, faro-gu\u00eda para caminantes, lugar de culto cristiano y santuario tel\u00farico para quienes buscan fuerzas esot\u00e9ricas. Origen D\u00e9jese sorprender por su enigm\u00e1tica geometr\u00eda y un interior que le sobrecoger\u00e1, y trate de adivinar el sentido de su nombre, &#8220;cien puertas&#8221;, en euskera. En Mururz\u00e1bal (Valle de Valdizarbe), en la ruta tolosana del Camino de Santiago, poco antes de que [&hellip;]<\/p>\n","protected":false},"author":1,"featured_media":0,"parent":0,"menu_order":0,"comment_status":"closed","ping_status":"closed","template":"","meta":{"footnotes":""},"class_list":["post-7925","page","type-page","status-publish","hentry"],"yoast_head":"<!-- This site is optimized with the Yoast SEO plugin v23.5 - https:\/\/yoast.com\/wordpress\/plugins\/seo\/ -->\n<title>Iglesia de Santa Mar\u00eda de Eunate - VisitNavarra<\/title>\n<meta name=\"description\" content=\"Una de las iglesias m\u00e1s bonitas y sugerentes del Camino de Santiago, la de Nuestra Se\u00f1ora de Eunate (1170), sencilla, original y misteriosa.\" \/>\n<meta name=\"robots\" content=\"index, follow, max-snippet:-1, max-image-preview:large, max-video-preview:-1\" \/>\n<link rel=\"canonical\" href=\"https:\/\/visitnavarra.info\/visitnavarra\/iglesia-de-santa-maria-de-eunate\/\" \/>\n<meta property=\"og:locale\" content=\"es_ES\" \/>\n<meta property=\"og:type\" content=\"article\" \/>\n<meta property=\"og:title\" content=\"Iglesia de Santa Mar\u00eda de Eunate - VisitNavarra\" \/>\n<meta property=\"og:description\" content=\"Una de las iglesias m\u00e1s bonitas y sugerentes del Camino de Santiago, la de Nuestra Se\u00f1ora de Eunate (1170), sencilla, original y misteriosa.\" \/>\n<meta property=\"og:url\" content=\"https:\/\/visitnavarra.info\/visitnavarra\/iglesia-de-santa-maria-de-eunate\/\" \/>\n<meta property=\"og:site_name\" content=\"VisitNavarra\" \/>\n<meta property=\"article:modified_time\" content=\"2024-05-20T10:46:16+00:00\" \/>\n<meta name=\"twitter:card\" content=\"summary_large_image\" \/>\n<meta name=\"twitter:label1\" content=\"Tiempo de lectura\" \/>\n\t<meta name=\"twitter:data1\" content=\"4 minutos\" \/>\n<script type=\"application\/ld+json\" class=\"yoast-schema-graph\">{\"@context\":\"https:\/\/schema.org\",\"@graph\":[{\"@type\":\"WebPage\",\"@id\":\"https:\/\/visitnavarra.info\/visitnavarra\/iglesia-de-santa-maria-de-eunate\/\",\"url\":\"https:\/\/visitnavarra.info\/visitnavarra\/iglesia-de-santa-maria-de-eunate\/\",\"name\":\"Iglesia de Santa Mar\u00eda de Eunate - VisitNavarra\",\"isPartOf\":{\"@id\":\"https:\/\/visitnavarra.info\/visitnavarra\/#website\"},\"datePublished\":\"2020-12-09T14:57:50+00:00\",\"dateModified\":\"2024-05-20T10:46:16+00:00\",\"description\":\"Una de las iglesias m\u00e1s bonitas y sugerentes del Camino de Santiago, la de Nuestra Se\u00f1ora de Eunate (1170), sencilla, original y misteriosa.\",\"breadcrumb\":{\"@id\":\"https:\/\/visitnavarra.info\/visitnavarra\/iglesia-de-santa-maria-de-eunate\/#breadcrumb\"},\"inLanguage\":\"es\",\"potentialAction\":[{\"@type\":\"ReadAction\",\"target\":[\"https:\/\/visitnavarra.info\/visitnavarra\/iglesia-de-santa-maria-de-eunate\/\"]}]},{\"@type\":\"BreadcrumbList\",\"@id\":\"https:\/\/visitnavarra.info\/visitnavarra\/iglesia-de-santa-maria-de-eunate\/#breadcrumb\",\"itemListElement\":[{\"@type\":\"ListItem\",\"position\":1,\"name\":\"Portada\",\"item\":\"https:\/\/visitnavarra.info\/visitnavarra\/\"},{\"@type\":\"ListItem\",\"position\":2,\"name\":\"Iglesia de Santa Mar\u00eda de Eunate\"}]},{\"@type\":\"WebSite\",\"@id\":\"https:\/\/visitnavarra.info\/visitnavarra\/#website\",\"url\":\"https:\/\/visitnavarra.info\/visitnavarra\/\",\"name\":\"VisitNavarra\",\"description\":\"Alojamiento y experiencias tur\u00edsticas en Navarra; qu\u00e9 visitar en Navarra; comer en Navarra\",\"potentialAction\":[{\"@type\":\"SearchAction\",\"target\":{\"@type\":\"EntryPoint\",\"urlTemplate\":\"https:\/\/visitnavarra.info\/visitnavarra\/?s={search_term_string}\"},\"query-input\":{\"@type\":\"PropertyValueSpecification\",\"valueRequired\":true,\"valueName\":\"search_term_string\"}}],\"inLanguage\":\"es\"}]}<\/script>\n<!-- \/ Yoast SEO plugin. -->","yoast_head_json":{"title":"Iglesia de Santa Mar\u00eda de Eunate - VisitNavarra","description":"Una de las iglesias m\u00e1s bonitas y sugerentes del Camino de Santiago, la de Nuestra Se\u00f1ora de Eunate (1170), sencilla, original y misteriosa.","robots":{"index":"index","follow":"follow","max-snippet":"max-snippet:-1","max-image-preview":"max-image-preview:large","max-video-preview":"max-video-preview:-1"},"canonical":"https:\/\/visitnavarra.info\/visitnavarra\/iglesia-de-santa-maria-de-eunate\/","og_locale":"es_ES","og_type":"article","og_title":"Iglesia de Santa Mar\u00eda de Eunate - VisitNavarra","og_description":"Una de las iglesias m\u00e1s bonitas y sugerentes del Camino de Santiago, la de Nuestra Se\u00f1ora de Eunate (1170), sencilla, original y misteriosa.","og_url":"https:\/\/visitnavarra.info\/visitnavarra\/iglesia-de-santa-maria-de-eunate\/","og_site_name":"VisitNavarra","article_modified_time":"2024-05-20T10:46:16+00:00","twitter_card":"summary_large_image","twitter_misc":{"Tiempo de lectura":"4 minutos"},"schema":{"@context":"https:\/\/schema.org","@graph":[{"@type":"WebPage","@id":"https:\/\/visitnavarra.info\/visitnavarra\/iglesia-de-santa-maria-de-eunate\/","url":"https:\/\/visitnavarra.info\/visitnavarra\/iglesia-de-santa-maria-de-eunate\/","name":"Iglesia de Santa Mar\u00eda de Eunate - VisitNavarra","isPartOf":{"@id":"https:\/\/visitnavarra.info\/visitnavarra\/#website"},"datePublished":"2020-12-09T14:57:50+00:00","dateModified":"2024-05-20T10:46:16+00:00","description":"Una de las iglesias m\u00e1s bonitas y sugerentes del Camino de Santiago, la de Nuestra Se\u00f1ora de Eunate (1170), sencilla, original y misteriosa.","breadcrumb":{"@id":"https:\/\/visitnavarra.info\/visitnavarra\/iglesia-de-santa-maria-de-eunate\/#breadcrumb"},"inLanguage":"es","potentialAction":[{"@type":"ReadAction","target":["https:\/\/visitnavarra.info\/visitnavarra\/iglesia-de-santa-maria-de-eunate\/"]}]},{"@type":"BreadcrumbList","@id":"https:\/\/visitnavarra.info\/visitnavarra\/iglesia-de-santa-maria-de-eunate\/#breadcrumb","itemListElement":[{"@type":"ListItem","position":1,"name":"Portada","item":"https:\/\/visitnavarra.info\/visitnavarra\/"},{"@type":"ListItem","position":2,"name":"Iglesia de Santa Mar\u00eda de Eunate"}]},{"@type":"WebSite","@id":"https:\/\/visitnavarra.info\/visitnavarra\/#website","url":"https:\/\/visitnavarra.info\/visitnavarra\/","name":"VisitNavarra","description":"Alojamiento y experiencias tur\u00edsticas en Navarra; qu\u00e9 visitar en Navarra; comer en Navarra","potentialAction":[{"@type":"SearchAction","target":{"@type":"EntryPoint","urlTemplate":"https:\/\/visitnavarra.info\/visitnavarra\/?s={search_term_string}"},"query-input":{"@type":"PropertyValueSpecification","valueRequired":true,"valueName":"search_term_string"}}],"inLanguage":"es"}]}},"_links":{"self":[{"href":"https:\/\/visitnavarra.info\/visitnavarra\/wp-json\/wp\/v2\/pages\/7925","targetHints":{"allow":["GET"]}}],"collection":[{"href":"https:\/\/visitnavarra.info\/visitnavarra\/wp-json\/wp\/v2\/pages"}],"about":[{"href":"https:\/\/visitnavarra.info\/visitnavarra\/wp-json\/wp\/v2\/types\/page"}],"author":[{"embeddable":true,"href":"https:\/\/visitnavarra.info\/visitnavarra\/wp-json\/wp\/v2\/users\/1"}],"replies":[{"embeddable":true,"href":"https:\/\/visitnavarra.info\/visitnavarra\/wp-json\/wp\/v2\/comments?post=7925"}],"version-history":[{"count":2,"href":"https:\/\/visitnavarra.info\/visitnavarra\/wp-json\/wp\/v2\/pages\/7925\/revisions"}],"predecessor-version":[{"id":13495,"href":"https:\/\/visitnavarra.info\/visitnavarra\/wp-json\/wp\/v2\/pages\/7925\/revisions\/13495"}],"wp:attachment":[{"href":"https:\/\/visitnavarra.info\/visitnavarra\/wp-json\/wp\/v2\/media?parent=7925"}],"curies":[{"name":"wp","href":"https:\/\/api.w.org\/{rel}","templated":true}]}}