{"id":7928,"date":"2020-12-09T15:08:45","date_gmt":"2020-12-09T15:08:45","guid":{"rendered":"https:\/\/visitnavarra.info\/visitnavarra\/?page_id=7928"},"modified":"2024-05-20T09:54:56","modified_gmt":"2024-05-20T09:54:56","slug":"iglesia-de-santa-maria-los-arcos","status":"publish","type":"page","link":"https:\/\/visitnavarra.info\/visitnavarra\/iglesia-de-santa-maria-los-arcos\/","title":{"rendered":"Iglesia de Santa Mar\u00eda Los Arcos"},"content":{"rendered":"<p>[vc_row][vc_column width=&#8221;1\/2&#8243;][vc_column_text]<\/p>\n<h1 style=\"text-align: center;\">Iglesia de Santa Mar\u00eda Los Arcos<\/h1>\n<p>[\/vc_column_text]<div class=\"single_image wpb_content_element align-center  image_box_circle image_box_border  \" data-animation=\"none\" data-delay=\"0\"><img loading=\"lazy\" decoding=\"async\" width=\"217\" height=\"155\" src=\"https:\/\/visitnavarra.info\/visitnavarra\/wp-content\/uploads\/2020\/12\/Santa-Maria-Los-Arcos.jpg\" class=\"attachment-medium\" alt=\"\" \/><\/div>[\/vc_column][vc_column width=&#8221;1\/2&#8243;][vc_column_text]<strong>Localidad<\/strong>: LOS ARCOS (31210)<br \/>\n<strong>Direcci\u00f3n<\/strong>: Plaza Plaza de Santa Mar\u00eda<br \/>\n<strong>Zona<\/strong>: La Zona Media<br \/>\n<strong>Estilo<\/strong>: Rom\u00e1nico<br \/>\n<strong>Siglos de construcci\u00f3n:<\/strong> XII<br \/>\n<strong>Tel\u00e9fonos:<\/strong> 948640079 &#8211; 948640021[\/vc_column_text][\/vc_column][\/vc_row][vc_row][vc_column width=&#8221;1\/1&#8243;][vc_column_text]<\/p>\n<h3>Descripci\u00f3n<\/h3>\n<p>Si la atrae la idea de contemplar estilos art\u00edsticos dispares en un mismo edificio, no deje de visitar la iglesia de Santa Mar\u00eda de los Arcos, una de las m\u00e1s importantes de Navarra.<\/p>\n<p>Los Arcos, localidad situada a mitad de camino entre Estella y Viana, en plena Ruta Jacobea, tiene el privilegio de albergar este monumental edificio ricamente decorado, construido y reformado entre los siglos XII y XVIII, que le permitir\u00e1 disfrutar desde los estilos rom\u00e1nico tard\u00edo y protog\u00f3tico hasta el renacimiento y el barroco.<\/p>\n<h3>Interior<\/h3>\n<p>El interior posee un grandioso retablo mayor del siglo XVII presidido por una imagen g\u00f3tica de Santa Mar\u00eda, adem\u00e1s de otros retablos de estilo rococ\u00f3 y barroco, altares que albergan reliquias, una siller\u00eda manierista en el coro, una interesante cajoner\u00eda en la sacrist\u00eda, uno de los \u00f3rganos m\u00e1s espectaculares de Navarra y un bello claustro del siglo XVI.<\/p>\n<p>La iglesia de Santa Mar\u00eda se levanta en la plaza de Santa Mar\u00eda, centro hist\u00f3rico de esta villa de 1.300 habitantes y cerca del r\u00edo Odr\u00f3n. El Camino de Santiago fue, en parte, responsable de su construcci\u00f3n, ya que comenz\u00f3 a erigirse a finales del siglo XII coincidiendo con una \u00e9poca de gran afluencia de peregrinos.<\/p>\n<h3>Portada<\/h3>\n<p>Su portada plateresca del siglo XVI es uno de los mejores ejemplos del renacimiento navarro. Descubrir\u00e1 all\u00ed cabezas de querubines, una Virgen sedente con el Ni\u00f1o, coronada por \u00e1ngeles, y las esculturas de San Pedro y San Pablo. Si su visita coincide con el 23 de abril o el 16 de agosto y el d\u00eda est\u00e1 despejado, podr\u00e1 ver c\u00f3mo el sol ilumina al atardecer la cara de la imagen de la Virgen.<\/p>\n<p>Delante de la portada se levanta un p\u00f3rtico del siglo XVIII de estilo cl\u00e1sico, formado por una galer\u00eda de siete arcos de medio punto y cubierto por b\u00f3vedas aristadas.<\/p>\n<p>El templo tiene planta de cruz latina de una sola nave, y el interior sorprende por su profusa decoraci\u00f3n renacentista y barroca que se muestra en yeser\u00edas, pinturas y retablos, llega incluso a ocultar las estructuras medievales.<\/p>\n<h3>Retablo<\/h3>\n<p>Destaca un grandioso retablo mayor, obra barroca que tiene esculpidos tres ciclos religiosos: la Figuraci\u00f3n de la Iglesia, la Pasi\u00f3n de Cristo y el dedicado a Mar\u00eda. Est\u00e1 presidido por una talla de la Virgen con el Ni\u00f1o del siglo XIV, cuyo color negro original, desapareci\u00f3 con la restauraci\u00f3n de 1947.<\/p>\n<p>La decoraci\u00f3n barroca caracteriza los altares de San Juan Bautista, Virgen del Rosario, San Francisco de Javier y de San Gregorio Ostiense y las \u00c1nimas, mientras que el retablo de la Visitaci\u00f3n es un altar tardog\u00f3tico del siglo XV adornado con figuras de profetas, escenas de la adoraci\u00f3n de los Magos y el nacimiento de Jes\u00fas.<\/p>\n<p>Otros tesoros son la siller\u00eda del coro, realizada en el siglo XVI en estilo manierista, y el bello \u00f3rgano de la parroquia (1760), posiblemente el m\u00e1s fastuoso de Navarra. Decorado en dorados y azules bien combinados, tiene tres alturas de tubos, algunos de los cuales son de madera pintada, y trompeter\u00eda exterior. F\u00edjese en las nueve tallas de \u00e1ngeles m\u00fasicos que adornan la caja, y en los mascarones de las bocas de los contras que imitan muecas de la cara humana.<\/p>\n<h3>Claustro<\/h3>\n<p>La visita a la iglesia de Santa Mar\u00eda no ser\u00e1 completa si no accede al claustro tardog\u00f3tico (XVI) de cuidadas proporciones, decorado con animales y temas vegetales.[\/vc_column_text][\/vc_column][\/vc_row]<\/p>\n","protected":false},"excerpt":{"rendered":"<p>[vc_row][vc_column width=&#8221;1\/2&#8243;][vc_column_text] Iglesia de Santa Mar\u00eda Los Arcos [\/vc_column_text][\/vc_column][vc_column width=&#8221;1\/2&#8243;][vc_column_text]Localidad: LOS ARCOS (31210) Direcci\u00f3n: Plaza Plaza de Santa Mar\u00eda Zona: La Zona Media Estilo: Rom\u00e1nico Siglos de construcci\u00f3n: XII Tel\u00e9fonos: 948640079 &#8211; 948640021[\/vc_column_text][\/vc_column][\/vc_row][vc_row][vc_column width=&#8221;1\/1&#8243;][vc_column_text] Descripci\u00f3n Si la atrae la idea de contemplar estilos art\u00edsticos dispares en un mismo edificio, no deje de visitar la iglesia de Santa Mar\u00eda de los Arcos, una de las m\u00e1s importantes de Navarra. Los Arcos, localidad situada a mitad de camino entre Estella y Viana, en plena Ruta Jacobea, tiene el privilegio de albergar este monumental edificio ricamente decorado, construido y reformado entre los siglos XII y XVIII, que le permitir\u00e1 disfrutar desde los estilos rom\u00e1nico tard\u00edo y protog\u00f3tico hasta el renacimiento y el barroco. Interior El interior posee un grandioso retablo mayor del siglo XVII presidido por una imagen g\u00f3tica de Santa Mar\u00eda, adem\u00e1s de otros retablos de estilo rococ\u00f3 y barroco, altares que albergan reliquias, una siller\u00eda manierista en el coro, una interesante cajoner\u00eda en la sacrist\u00eda, uno de los \u00f3rganos m\u00e1s espectaculares de Navarra y un bello claustro del siglo XVI. La iglesia de Santa Mar\u00eda se levanta en la plaza de Santa Mar\u00eda, centro hist\u00f3rico de esta villa de 1.300 habitantes [&hellip;]<\/p>\n","protected":false},"author":1,"featured_media":0,"parent":0,"menu_order":0,"comment_status":"closed","ping_status":"closed","template":"","meta":{"footnotes":""},"class_list":["post-7928","page","type-page","status-publish","hentry"],"yoast_head":"<!-- This site is optimized with the Yoast SEO plugin v23.5 - https:\/\/yoast.com\/wordpress\/plugins\/seo\/ -->\n<title>Iglesia de Santa Mar\u00eda - VisitNavarra<\/title>\n<meta name=\"description\" content=\"Si la atrae la idea de contemplar estilos art\u00edsticos dispares en un mismo edificio, no deje de visitar la iglesia de Santa Mar\u00eda de los Arcos.\" \/>\n<meta name=\"robots\" content=\"index, follow, max-snippet:-1, max-image-preview:large, max-video-preview:-1\" \/>\n<link rel=\"canonical\" href=\"https:\/\/visitnavarra.info\/visitnavarra\/iglesia-de-santa-maria-los-arcos\/\" \/>\n<meta property=\"og:locale\" content=\"es_ES\" \/>\n<meta property=\"og:type\" content=\"article\" \/>\n<meta property=\"og:title\" content=\"Iglesia de Santa Mar\u00eda - VisitNavarra\" \/>\n<meta property=\"og:description\" content=\"Si la atrae la idea de contemplar estilos art\u00edsticos dispares en un mismo edificio, no deje de visitar la iglesia de Santa Mar\u00eda de los Arcos.\" \/>\n<meta property=\"og:url\" content=\"https:\/\/visitnavarra.info\/visitnavarra\/iglesia-de-santa-maria-los-arcos\/\" \/>\n<meta property=\"og:site_name\" content=\"VisitNavarra\" \/>\n<meta property=\"article:modified_time\" content=\"2024-05-20T09:54:56+00:00\" \/>\n<meta name=\"twitter:card\" content=\"summary_large_image\" \/>\n<meta name=\"twitter:label1\" content=\"Tiempo de lectura\" \/>\n\t<meta name=\"twitter:data1\" content=\"3 minutos\" \/>\n<script type=\"application\/ld+json\" class=\"yoast-schema-graph\">{\"@context\":\"https:\/\/schema.org\",\"@graph\":[{\"@type\":\"WebPage\",\"@id\":\"https:\/\/visitnavarra.info\/visitnavarra\/iglesia-de-santa-maria-los-arcos\/\",\"url\":\"https:\/\/visitnavarra.info\/visitnavarra\/iglesia-de-santa-maria-los-arcos\/\",\"name\":\"Iglesia de Santa Mar\u00eda - VisitNavarra\",\"isPartOf\":{\"@id\":\"https:\/\/visitnavarra.info\/visitnavarra\/#website\"},\"datePublished\":\"2020-12-09T15:08:45+00:00\",\"dateModified\":\"2024-05-20T09:54:56+00:00\",\"description\":\"Si la atrae la idea de contemplar estilos art\u00edsticos dispares en un mismo edificio, no deje de visitar la iglesia de Santa Mar\u00eda de los Arcos.\",\"breadcrumb\":{\"@id\":\"https:\/\/visitnavarra.info\/visitnavarra\/iglesia-de-santa-maria-los-arcos\/#breadcrumb\"},\"inLanguage\":\"es\",\"potentialAction\":[{\"@type\":\"ReadAction\",\"target\":[\"https:\/\/visitnavarra.info\/visitnavarra\/iglesia-de-santa-maria-los-arcos\/\"]}]},{\"@type\":\"BreadcrumbList\",\"@id\":\"https:\/\/visitnavarra.info\/visitnavarra\/iglesia-de-santa-maria-los-arcos\/#breadcrumb\",\"itemListElement\":[{\"@type\":\"ListItem\",\"position\":1,\"name\":\"Portada\",\"item\":\"https:\/\/visitnavarra.info\/visitnavarra\/\"},{\"@type\":\"ListItem\",\"position\":2,\"name\":\"Iglesia de Santa Mar\u00eda Los Arcos\"}]},{\"@type\":\"WebSite\",\"@id\":\"https:\/\/visitnavarra.info\/visitnavarra\/#website\",\"url\":\"https:\/\/visitnavarra.info\/visitnavarra\/\",\"name\":\"VisitNavarra\",\"description\":\"Alojamiento y experiencias tur\u00edsticas en Navarra; qu\u00e9 visitar en Navarra; comer en Navarra\",\"potentialAction\":[{\"@type\":\"SearchAction\",\"target\":{\"@type\":\"EntryPoint\",\"urlTemplate\":\"https:\/\/visitnavarra.info\/visitnavarra\/?s={search_term_string}\"},\"query-input\":{\"@type\":\"PropertyValueSpecification\",\"valueRequired\":true,\"valueName\":\"search_term_string\"}}],\"inLanguage\":\"es\"}]}<\/script>\n<!-- \/ Yoast SEO plugin. -->","yoast_head_json":{"title":"Iglesia de Santa Mar\u00eda - VisitNavarra","description":"Si la atrae la idea de contemplar estilos art\u00edsticos dispares en un mismo edificio, no deje de visitar la iglesia de Santa Mar\u00eda de los Arcos.","robots":{"index":"index","follow":"follow","max-snippet":"max-snippet:-1","max-image-preview":"max-image-preview:large","max-video-preview":"max-video-preview:-1"},"canonical":"https:\/\/visitnavarra.info\/visitnavarra\/iglesia-de-santa-maria-los-arcos\/","og_locale":"es_ES","og_type":"article","og_title":"Iglesia de Santa Mar\u00eda - VisitNavarra","og_description":"Si la atrae la idea de contemplar estilos art\u00edsticos dispares en un mismo edificio, no deje de visitar la iglesia de Santa Mar\u00eda de los Arcos.","og_url":"https:\/\/visitnavarra.info\/visitnavarra\/iglesia-de-santa-maria-los-arcos\/","og_site_name":"VisitNavarra","article_modified_time":"2024-05-20T09:54:56+00:00","twitter_card":"summary_large_image","twitter_misc":{"Tiempo de lectura":"3 minutos"},"schema":{"@context":"https:\/\/schema.org","@graph":[{"@type":"WebPage","@id":"https:\/\/visitnavarra.info\/visitnavarra\/iglesia-de-santa-maria-los-arcos\/","url":"https:\/\/visitnavarra.info\/visitnavarra\/iglesia-de-santa-maria-los-arcos\/","name":"Iglesia de Santa Mar\u00eda - VisitNavarra","isPartOf":{"@id":"https:\/\/visitnavarra.info\/visitnavarra\/#website"},"datePublished":"2020-12-09T15:08:45+00:00","dateModified":"2024-05-20T09:54:56+00:00","description":"Si la atrae la idea de contemplar estilos art\u00edsticos dispares en un mismo edificio, no deje de visitar la iglesia de Santa Mar\u00eda de los Arcos.","breadcrumb":{"@id":"https:\/\/visitnavarra.info\/visitnavarra\/iglesia-de-santa-maria-los-arcos\/#breadcrumb"},"inLanguage":"es","potentialAction":[{"@type":"ReadAction","target":["https:\/\/visitnavarra.info\/visitnavarra\/iglesia-de-santa-maria-los-arcos\/"]}]},{"@type":"BreadcrumbList","@id":"https:\/\/visitnavarra.info\/visitnavarra\/iglesia-de-santa-maria-los-arcos\/#breadcrumb","itemListElement":[{"@type":"ListItem","position":1,"name":"Portada","item":"https:\/\/visitnavarra.info\/visitnavarra\/"},{"@type":"ListItem","position":2,"name":"Iglesia de Santa Mar\u00eda Los Arcos"}]},{"@type":"WebSite","@id":"https:\/\/visitnavarra.info\/visitnavarra\/#website","url":"https:\/\/visitnavarra.info\/visitnavarra\/","name":"VisitNavarra","description":"Alojamiento y experiencias tur\u00edsticas en Navarra; qu\u00e9 visitar en Navarra; comer en Navarra","potentialAction":[{"@type":"SearchAction","target":{"@type":"EntryPoint","urlTemplate":"https:\/\/visitnavarra.info\/visitnavarra\/?s={search_term_string}"},"query-input":{"@type":"PropertyValueSpecification","valueRequired":true,"valueName":"search_term_string"}}],"inLanguage":"es"}]}},"_links":{"self":[{"href":"https:\/\/visitnavarra.info\/visitnavarra\/wp-json\/wp\/v2\/pages\/7928","targetHints":{"allow":["GET"]}}],"collection":[{"href":"https:\/\/visitnavarra.info\/visitnavarra\/wp-json\/wp\/v2\/pages"}],"about":[{"href":"https:\/\/visitnavarra.info\/visitnavarra\/wp-json\/wp\/v2\/types\/page"}],"author":[{"embeddable":true,"href":"https:\/\/visitnavarra.info\/visitnavarra\/wp-json\/wp\/v2\/users\/1"}],"replies":[{"embeddable":true,"href":"https:\/\/visitnavarra.info\/visitnavarra\/wp-json\/wp\/v2\/comments?post=7928"}],"version-history":[{"count":2,"href":"https:\/\/visitnavarra.info\/visitnavarra\/wp-json\/wp\/v2\/pages\/7928\/revisions"}],"predecessor-version":[{"id":13441,"href":"https:\/\/visitnavarra.info\/visitnavarra\/wp-json\/wp\/v2\/pages\/7928\/revisions\/13441"}],"wp:attachment":[{"href":"https:\/\/visitnavarra.info\/visitnavarra\/wp-json\/wp\/v2\/media?parent=7928"}],"curies":[{"name":"wp","href":"https:\/\/api.w.org\/{rel}","templated":true}]}}