{"id":7931,"date":"2020-12-09T15:15:45","date_gmt":"2020-12-09T15:15:45","guid":{"rendered":"https:\/\/visitnavarra.info\/visitnavarra\/?page_id=7931"},"modified":"2024-05-20T10:48:28","modified_gmt":"2024-05-20T10:48:28","slug":"iglesia-de-santa-maria-de-viana","status":"publish","type":"page","link":"https:\/\/visitnavarra.info\/visitnavarra\/iglesia-de-santa-maria-de-viana\/","title":{"rendered":"Iglesia de Santa Mar\u00eda de Viana"},"content":{"rendered":"<p>[vc_row][vc_column width=&#8221;1\/2&#8243;][vc_column_text]<\/p>\n<h3 style=\"text-align: center;\">Iglesia de Santa Mar\u00eda de Viana<\/h3>\n<p>[\/vc_column_text]<div class=\"single_image wpb_content_element align-center  image_box_circle image_box_border  \" data-animation=\"none\" data-delay=\"0\"><img loading=\"lazy\" decoding=\"async\" width=\"217\" height=\"155\" src=\"https:\/\/visitnavarra.info\/visitnavarra\/wp-content\/uploads\/2020\/12\/Santa-Maria-Viana.jpg\" class=\"attachment-medium\" alt=\"\" \/><\/div>[vc_column_text][\/vc_column_text][\/vc_column][vc_column width=&#8221;1\/2&#8243;][vc_column_text]<strong>Localidad<\/strong>: VIANA (31230)<br \/>\n<strong>Direcci\u00f3n<\/strong>: Calle Mayor<br \/>\n<strong>Zona<\/strong>: La Zona Media<br \/>\n<strong>Estilo<\/strong>: G\u00f3tico<br \/>\n<strong>Siglos de construcci\u00f3n:<\/strong> XIII-XIV<br \/>\n<strong>Precio visita:<\/strong> Gratis<br \/>\n<strong>Tel\u00e9fonos:<\/strong> 948645037[\/vc_column_text][\/vc_column][\/vc_row][vc_row][vc_column width=&#8221;1\/1&#8243;][vc_column_text]<\/p>\n<p>La Iglesia de Santa Mar\u00eda de Viana, de perfil robusto y estrat\u00e9gica ubicaci\u00f3n, nos sumerge en el turbulento pasado de esta localidad, que fue levantada sobre una colina por la Corona de Navarra para hacer frente a Castilla.<\/p>\n<h3>Portada<\/h3>\n<p>Cuenta con una magn\u00edfica portada renacentista, una de las m\u00e1s monumentales del Renacimiento hisp\u00e1nico, que sirvi\u00f3 de modelo para otros templos.<\/p>\n<p>A sus pies yacen los restos de C\u00e9sar Borgia, pr\u00edncipe, guerrero y cardenal, cuya agitada vida bien merece un gui\u00f3n de cine. Maquiavelo, el pensador y pol\u00edtico italiano del siglo XV, lo tom\u00f3 como modelo para escribir &#8220;El Pr\u00edncipe&#8221;, obra que revolucionar\u00eda el pensamiento pol\u00edtico de la \u00e9poca.<\/p>\n<h3>Ubicaci\u00f3n<\/h3>\n<p>La iglesia de Santa Mar\u00eda se levanta majestuosa en la calle Mayor de Viana, ciudad de 3.500 habitantes en la frontera con La Rioja. Elevada sobre un cerro para la defensa frente a Castilla, es la \u00faltima localidad del Camino de Santiago a su paso por Navarra.<\/p>\n<p><strong>Descripci\u00f3n<\/strong><\/p>\n<p>El templo fue construido entre 1250 y 1312 en estilo g\u00f3tico y completado entre los siglos XVI y XVIII. Su robustez y su situaci\u00f3n estrat\u00e9gica en el centro de la colina, la convirtieron en baluarte defensivo hasta el siglo XIX. Declarada Monumento Hist\u00f3rico Art\u00edstico en 1931, la iglesia cuenta con una de las portadas m\u00e1s monumentales del Renacimiento espa\u00f1ol.<\/p>\n<p>En el exterior se distingue la parte g\u00f3tica en los muros de sillar y en una sencilla portada del siglo XIV, de tres arquivoltas, presidida por la Virgen con el Ni\u00f1o, adorados por dos \u00e1ngeles.<\/p>\n<p>La portada m\u00e1s impresionante es la del lado de la Ep\u00edstola, de estilo renacentista. Construida en el siglo XVI, est\u00e1 estructurada como si fuese un gran retablo de piedra, ya que combina arquitectura y escultura.<\/p>\n<p>Tiene forma de hornacina y fue modelo para otros templos renacentistas y barrocos.<\/p>\n<p>F\u00edjese en su iconograf\u00eda: podr\u00e1 reconocer pasajes de los trabajos de H\u00e9rcules, escenas de la vida de Cristo, la Asunci\u00f3n-Coronaci\u00f3n, una imagen sedente de Mar\u00eda y personajes del Antiguo Testamento.<\/p>\n<p>En el siglo XVI se levant\u00f3 la torre y en los siglos XVII y XVIII se a\u00f1adi\u00f3 la girola, se construyeron la sala capitular, la sacrist\u00eda y la capilla de San Juan Ramo.<\/p>\n<p>A los pies de esta portada se encuentra uno de los lugares m\u00e1s visitados del templo: la tumba de C\u00e9sar Borgia, el ambicioso hijo del Papa Alejandro VI. Fue pr\u00edncipe, guerrero y pol\u00edtico. Muri\u00f3 en 1597 en las cercan\u00edas de Viana a manos de los soldados del Conde de Ler\u00edn. Desaparecido el sepulcro original, los restos yacen bajo una losa de m\u00e1rmol en la que podr\u00e1 leer: &#8220;C\u00e9sar Borgia. General\u00edsimo de los Ej\u00e9rcitos de Navarra y Pontificios. Muerto en campos de Viana el XI de marzo de MDVII&#8221;.<\/p>\n<h3>Interior<\/h3>\n<p>El interior de Santa Mar\u00eda es de car\u00e1cter catedralicio. Tiene tres naves de anchura desigual, con cuatro tramos, capillas laterales y un coro alto a los pies. El estilo g\u00f3tico se aprecia perfectamente en los muros y b\u00f3vedas de las naves y en la triple cabecera. El templo dispone tambi\u00e9n de un triforio o galer\u00eda que le permitir\u00e1 recorrer la iglesia a trav\u00e9s de un pasillo formado por elegantes tracer\u00edas.<\/p>\n<p>Se conservan varios retablos de los siglos XVII y XVIII, incluido el mayor, dedicado a Mar\u00eda y considerado uno de los mejores del barroco navarro. En la Sala Capitular se guarda un bello crucificado hispano-flamenco. En la capilla de San Juan del Ramo se exhiben obras de Luis Paret, pintor espa\u00f1ol del Rococ\u00f3. La siller\u00eda coral y colecciones de ropa lit\u00fargica, orfebrer\u00eda, relicarios y cantorales, completan el patrimonio de este interesante edificio.[\/vc_column_text][\/vc_column][\/vc_row]<\/p>\n","protected":false},"excerpt":{"rendered":"<p>[vc_row][vc_column width=&#8221;1\/2&#8243;][vc_column_text] Iglesia de Santa Mar\u00eda de Viana [\/vc_column_text][vc_column_text][\/vc_column_text][\/vc_column][vc_column width=&#8221;1\/2&#8243;][vc_column_text]Localidad: VIANA (31230) Direcci\u00f3n: Calle Mayor Zona: La Zona Media Estilo: G\u00f3tico Siglos de construcci\u00f3n: XIII-XIV Precio visita: Gratis Tel\u00e9fonos: 948645037[\/vc_column_text][\/vc_column][\/vc_row][vc_row][vc_column width=&#8221;1\/1&#8243;][vc_column_text] La Iglesia de Santa Mar\u00eda de Viana, de perfil robusto y estrat\u00e9gica ubicaci\u00f3n, nos sumerge en el turbulento pasado de esta localidad, que fue levantada sobre una colina por la Corona de Navarra para hacer frente a Castilla. Portada Cuenta con una magn\u00edfica portada renacentista, una de las m\u00e1s monumentales del Renacimiento hisp\u00e1nico, que sirvi\u00f3 de modelo para otros templos. A sus pies yacen los restos de C\u00e9sar Borgia, pr\u00edncipe, guerrero y cardenal, cuya agitada vida bien merece un gui\u00f3n de cine. Maquiavelo, el pensador y pol\u00edtico italiano del siglo XV, lo tom\u00f3 como modelo para escribir &#8220;El Pr\u00edncipe&#8221;, obra que revolucionar\u00eda el pensamiento pol\u00edtico de la \u00e9poca. Ubicaci\u00f3n La iglesia de Santa Mar\u00eda se levanta majestuosa en la calle Mayor de Viana, ciudad de 3.500 habitantes en la frontera con La Rioja. Elevada sobre un cerro para la defensa frente a Castilla, es la \u00faltima localidad del Camino de Santiago a su paso por Navarra. Descripci\u00f3n El templo fue construido entre 1250 y 1312 en estilo g\u00f3tico y [&hellip;]<\/p>\n","protected":false},"author":1,"featured_media":0,"parent":0,"menu_order":0,"comment_status":"closed","ping_status":"closed","template":"","meta":{"footnotes":""},"class_list":["post-7931","page","type-page","status-publish","hentry"],"yoast_head":"<!-- This site is optimized with the Yoast SEO plugin v23.5 - https:\/\/yoast.com\/wordpress\/plugins\/seo\/ -->\n<title>Iglesia de Santa Mar\u00eda de Viana - VisitNavarra<\/title>\n<meta name=\"description\" content=\"Iglesia Santa Mar\u00eda de Viana, con estrat\u00e9gica ubicaci\u00f3n y levantada sobre una colina por la Corona de Navarra para hace frente a Castilla\" \/>\n<meta name=\"robots\" content=\"index, follow, max-snippet:-1, max-image-preview:large, max-video-preview:-1\" \/>\n<link rel=\"canonical\" href=\"https:\/\/visitnavarra.info\/visitnavarra\/iglesia-de-santa-maria-de-viana\/\" \/>\n<meta property=\"og:locale\" content=\"es_ES\" \/>\n<meta property=\"og:type\" content=\"article\" \/>\n<meta property=\"og:title\" content=\"Iglesia de Santa Mar\u00eda de Viana - VisitNavarra\" \/>\n<meta property=\"og:description\" content=\"Iglesia Santa Mar\u00eda de Viana, con estrat\u00e9gica ubicaci\u00f3n y levantada sobre una colina por la Corona de Navarra para hace frente a Castilla\" \/>\n<meta property=\"og:url\" content=\"https:\/\/visitnavarra.info\/visitnavarra\/iglesia-de-santa-maria-de-viana\/\" \/>\n<meta property=\"og:site_name\" content=\"VisitNavarra\" \/>\n<meta property=\"article:modified_time\" content=\"2024-05-20T10:48:28+00:00\" \/>\n<meta name=\"twitter:card\" content=\"summary_large_image\" \/>\n<meta name=\"twitter:label1\" content=\"Tiempo de lectura\" \/>\n\t<meta name=\"twitter:data1\" content=\"3 minutos\" \/>\n<script type=\"application\/ld+json\" class=\"yoast-schema-graph\">{\"@context\":\"https:\/\/schema.org\",\"@graph\":[{\"@type\":\"WebPage\",\"@id\":\"https:\/\/visitnavarra.info\/visitnavarra\/iglesia-de-santa-maria-de-viana\/\",\"url\":\"https:\/\/visitnavarra.info\/visitnavarra\/iglesia-de-santa-maria-de-viana\/\",\"name\":\"Iglesia de Santa Mar\u00eda de Viana - VisitNavarra\",\"isPartOf\":{\"@id\":\"https:\/\/visitnavarra.info\/visitnavarra\/#website\"},\"datePublished\":\"2020-12-09T15:15:45+00:00\",\"dateModified\":\"2024-05-20T10:48:28+00:00\",\"description\":\"Iglesia Santa Mar\u00eda de Viana, con estrat\u00e9gica ubicaci\u00f3n y levantada sobre una colina por la Corona de Navarra para hace frente a Castilla\",\"breadcrumb\":{\"@id\":\"https:\/\/visitnavarra.info\/visitnavarra\/iglesia-de-santa-maria-de-viana\/#breadcrumb\"},\"inLanguage\":\"es\",\"potentialAction\":[{\"@type\":\"ReadAction\",\"target\":[\"https:\/\/visitnavarra.info\/visitnavarra\/iglesia-de-santa-maria-de-viana\/\"]}]},{\"@type\":\"BreadcrumbList\",\"@id\":\"https:\/\/visitnavarra.info\/visitnavarra\/iglesia-de-santa-maria-de-viana\/#breadcrumb\",\"itemListElement\":[{\"@type\":\"ListItem\",\"position\":1,\"name\":\"Portada\",\"item\":\"https:\/\/visitnavarra.info\/visitnavarra\/\"},{\"@type\":\"ListItem\",\"position\":2,\"name\":\"Iglesia de Santa Mar\u00eda de Viana\"}]},{\"@type\":\"WebSite\",\"@id\":\"https:\/\/visitnavarra.info\/visitnavarra\/#website\",\"url\":\"https:\/\/visitnavarra.info\/visitnavarra\/\",\"name\":\"VisitNavarra\",\"description\":\"Alojamiento y experiencias tur\u00edsticas en Navarra; qu\u00e9 visitar en Navarra; comer en Navarra\",\"potentialAction\":[{\"@type\":\"SearchAction\",\"target\":{\"@type\":\"EntryPoint\",\"urlTemplate\":\"https:\/\/visitnavarra.info\/visitnavarra\/?s={search_term_string}\"},\"query-input\":{\"@type\":\"PropertyValueSpecification\",\"valueRequired\":true,\"valueName\":\"search_term_string\"}}],\"inLanguage\":\"es\"}]}<\/script>\n<!-- \/ Yoast SEO plugin. -->","yoast_head_json":{"title":"Iglesia de Santa Mar\u00eda de Viana - VisitNavarra","description":"Iglesia Santa Mar\u00eda de Viana, con estrat\u00e9gica ubicaci\u00f3n y levantada sobre una colina por la Corona de Navarra para hace frente a Castilla","robots":{"index":"index","follow":"follow","max-snippet":"max-snippet:-1","max-image-preview":"max-image-preview:large","max-video-preview":"max-video-preview:-1"},"canonical":"https:\/\/visitnavarra.info\/visitnavarra\/iglesia-de-santa-maria-de-viana\/","og_locale":"es_ES","og_type":"article","og_title":"Iglesia de Santa Mar\u00eda de Viana - VisitNavarra","og_description":"Iglesia Santa Mar\u00eda de Viana, con estrat\u00e9gica ubicaci\u00f3n y levantada sobre una colina por la Corona de Navarra para hace frente a Castilla","og_url":"https:\/\/visitnavarra.info\/visitnavarra\/iglesia-de-santa-maria-de-viana\/","og_site_name":"VisitNavarra","article_modified_time":"2024-05-20T10:48:28+00:00","twitter_card":"summary_large_image","twitter_misc":{"Tiempo de lectura":"3 minutos"},"schema":{"@context":"https:\/\/schema.org","@graph":[{"@type":"WebPage","@id":"https:\/\/visitnavarra.info\/visitnavarra\/iglesia-de-santa-maria-de-viana\/","url":"https:\/\/visitnavarra.info\/visitnavarra\/iglesia-de-santa-maria-de-viana\/","name":"Iglesia de Santa Mar\u00eda de Viana - VisitNavarra","isPartOf":{"@id":"https:\/\/visitnavarra.info\/visitnavarra\/#website"},"datePublished":"2020-12-09T15:15:45+00:00","dateModified":"2024-05-20T10:48:28+00:00","description":"Iglesia Santa Mar\u00eda de Viana, con estrat\u00e9gica ubicaci\u00f3n y levantada sobre una colina por la Corona de Navarra para hace frente a Castilla","breadcrumb":{"@id":"https:\/\/visitnavarra.info\/visitnavarra\/iglesia-de-santa-maria-de-viana\/#breadcrumb"},"inLanguage":"es","potentialAction":[{"@type":"ReadAction","target":["https:\/\/visitnavarra.info\/visitnavarra\/iglesia-de-santa-maria-de-viana\/"]}]},{"@type":"BreadcrumbList","@id":"https:\/\/visitnavarra.info\/visitnavarra\/iglesia-de-santa-maria-de-viana\/#breadcrumb","itemListElement":[{"@type":"ListItem","position":1,"name":"Portada","item":"https:\/\/visitnavarra.info\/visitnavarra\/"},{"@type":"ListItem","position":2,"name":"Iglesia de Santa Mar\u00eda de Viana"}]},{"@type":"WebSite","@id":"https:\/\/visitnavarra.info\/visitnavarra\/#website","url":"https:\/\/visitnavarra.info\/visitnavarra\/","name":"VisitNavarra","description":"Alojamiento y experiencias tur\u00edsticas en Navarra; qu\u00e9 visitar en Navarra; comer en Navarra","potentialAction":[{"@type":"SearchAction","target":{"@type":"EntryPoint","urlTemplate":"https:\/\/visitnavarra.info\/visitnavarra\/?s={search_term_string}"},"query-input":{"@type":"PropertyValueSpecification","valueRequired":true,"valueName":"search_term_string"}}],"inLanguage":"es"}]}},"_links":{"self":[{"href":"https:\/\/visitnavarra.info\/visitnavarra\/wp-json\/wp\/v2\/pages\/7931","targetHints":{"allow":["GET"]}}],"collection":[{"href":"https:\/\/visitnavarra.info\/visitnavarra\/wp-json\/wp\/v2\/pages"}],"about":[{"href":"https:\/\/visitnavarra.info\/visitnavarra\/wp-json\/wp\/v2\/types\/page"}],"author":[{"embeddable":true,"href":"https:\/\/visitnavarra.info\/visitnavarra\/wp-json\/wp\/v2\/users\/1"}],"replies":[{"embeddable":true,"href":"https:\/\/visitnavarra.info\/visitnavarra\/wp-json\/wp\/v2\/comments?post=7931"}],"version-history":[{"count":4,"href":"https:\/\/visitnavarra.info\/visitnavarra\/wp-json\/wp\/v2\/pages\/7931\/revisions"}],"predecessor-version":[{"id":13499,"href":"https:\/\/visitnavarra.info\/visitnavarra\/wp-json\/wp\/v2\/pages\/7931\/revisions\/13499"}],"wp:attachment":[{"href":"https:\/\/visitnavarra.info\/visitnavarra\/wp-json\/wp\/v2\/media?parent=7931"}],"curies":[{"name":"wp","href":"https:\/\/api.w.org\/{rel}","templated":true}]}}