{"id":7934,"date":"2020-12-09T15:21:55","date_gmt":"2020-12-09T15:21:55","guid":{"rendered":"https:\/\/visitnavarra.info\/visitnavarra\/?page_id=7934"},"modified":"2024-05-20T11:10:03","modified_gmt":"2024-05-20T11:10:03","slug":"iglesia-de-santa-maria-la-real-de-olite","status":"publish","type":"page","link":"https:\/\/visitnavarra.info\/visitnavarra\/iglesia-de-santa-maria-la-real-de-olite\/","title":{"rendered":"Iglesia de Santa Mar\u00eda la Real de Olite"},"content":{"rendered":"<p>[vc_row][vc_column width=&#8221;1\/2&#8243;][vc_column_text]<\/p>\n<h1 style=\"text-align: center;\"><strong>Iglesia de Santa Mar\u00eda la Real de Olite<\/strong><\/h1>\n<p>[\/vc_column_text]<div class=\"single_image wpb_content_element align-center  image_box_circle image_box_border  \" data-animation=\"none\" data-delay=\"0\"><img loading=\"lazy\" decoding=\"async\" width=\"217\" height=\"155\" src=\"https:\/\/visitnavarra.info\/visitnavarra\/wp-content\/uploads\/2020\/12\/Santa-Maria-Real-Olite.jpg\" class=\"attachment-medium\" alt=\"\" \/><\/div>[vc_column_text][\/vc_column_text][\/vc_column][vc_column width=&#8221;1\/2&#8243;][vc_column_text]<strong>Localidad<\/strong>: OLITE (31390)<br \/>\n<strong>Direcci\u00f3n<\/strong>: Plaza Plaza Teobaldos, 1<br \/>\n<strong>Zona<\/strong>: La Zona Media<br \/>\n<strong>Estilo<\/strong>: G\u00f3tico<br \/>\n<strong>Siglos de construcci\u00f3n:<\/strong> XIII-XIV<br \/>\n<strong>Tel\u00e9fono:<\/strong> 948740136[\/vc_column_text][\/vc_column][\/vc_row][vc_row][vc_column width=&#8221;1\/1&#8243;][vc_column_text]<\/p>\n<div class=\"wpb_row vc_row-fluid standard-section section section-no-parallax stretch \" data-speed=\"1\">\n<div class=\"col span_12 color-dark left\">\n<div class=\"vc_col-sm-12 wpb_column column_container col no-padding color-dark\" data-animation=\"\" data-delay=\"\">\n<div class=\"wpb_wrapper\">\n<div class=\"wpb_text_column wpb_content_element \">\n<div class=\"wpb_wrapper\">\n<p>La Iglesia de Santa Mar\u00eda de Olite es una de las construcciones g\u00f3ticas m\u00e1s importantes de Navarra. Su belleza art\u00edstica es tan interesante como su historia.<\/p>\n<p>Adosada al Palacio Real, residencia predilecta del rey Carlos III el Noble, fue utilizada por los monarcas navarros para las grandes festividades y actos solemnes.<\/p>\n<p>Su recargada fachada, en la que se percibe la influencia de los talleres de N\u00f4tre Dame de Par\u00eds, le har\u00e1 detenerse y prestar atenci\u00f3n a los relatos de la portada.<\/p>\n<p>Dentro del templo, de nave \u00fanica, le esperan un retablo renacentista presidido por una talla g\u00f3tica de la Virgen y la imagen, tambi\u00e9n g\u00f3tica, del Cristo de la Buena Muerte.<\/p>\n<p>En la iglesia de Santa Mar\u00eda se celebra el \u00abCiclo de M\u00fasica para \u00d3rgano en Navarra\u00bb entre los meses de mayo y noviembre.<\/p>\n<h3>Ubicaci\u00f3n<\/h3>\n<p>La iglesia de Santa Mar\u00eda se encuentra en la localidad medieval de Olite, cabeza de merindad del mismo nombre, en la Zona Media de Navarra, y es un edificio g\u00f3tico cuya construcci\u00f3n se prolong\u00f3 durante el siglo XII y comienzos del XIV.<\/p>\n<h3>Fachada<\/h3>\n<p>La fachada constituye uno de los conjuntos m\u00e1s significativos de la escultura g\u00f3tica de Navarra. A pesar de la profusi\u00f3n decorativa, mantiene un gran equilibrio y finura. Se aprecia en ella el trabajo de varios maestros y la influencia de los talleres parisinos. En Navarra, el Santo Sepulcro de Estella y San Saturnino de Artajona repiten modelos parecidos.<\/p>\n<p>Bajo un gran roset\u00f3n, la gran portada est\u00e1 formada por ocho arquivoltas que exhiben una exuberante decoraci\u00f3n vegetal. Entre la hojarasca podr\u00e1 descubrir dos figuras orantes bajo doseletes; posiblemente se trate de Juana I de Navarra y su marido el rey de Francia Felipe el Hermoso, quienes reinaban en Navarra en la \u00e9poca en la que se construy\u00f3 la portada.<\/p>\n<p>En el t\u00edmpano reconocer\u00e1 a una risue\u00f1a Virgen sedente con el Ni\u00f1o y diversas escenas de la vida de Jes\u00fas: la Anunciaci\u00f3n, el Nacimiento de Cristo, la Degollaci\u00f3n de los Inocentes, la Hu\u00edda a Egipto, la Presentaci\u00f3n en el Templo y el Bautismo de Cristo. En el dintel podr\u00e1 recrearse con una pieza donde lo real y lo simb\u00f3lico se confunden: un hombre encaramado sobre una encina comparte escenario con un ser h\u00edbrido tocando la cornamusa o un cuadr\u00fapedo grotesco, entre otros personajes. La riqueza iconogr\u00e1fica contin\u00faa a ambos lados de la puerta, donde encontrar\u00e1 relieves de la vida de los ap\u00f3stoles enmarcados por arquer\u00edas.<\/p>\n<h3>Interior<\/h3>\n<p>Acceda al interior del templo, de una sola nave, y descubra otro de los grandes tesoros del edificio: un magn\u00edfico retablo mayor de estilo renacentista presidido por una bella talla g\u00f3tica de la Virgen con el Ni\u00f1o del siglo XIV, del llamado estilo navarro de influencia francesa.<\/p>\n<p>En la iglesia se venera al Cristo de la Buena Muerte, obra g\u00f3tica del siglo XIV, al parecer procedente de la desaparecida iglesia de San L\u00e1zaro. La localidad tiene gran devoci\u00f3n por este crucificado de gran dramatismo y en su honor se celebran las fiestas patronales.<\/p>\n<h3>Ciclo de M\u00fasica para \u00d3rgano en Navarra<\/h3>\n<p>La iglesia de Santa Mar\u00eda de Olite es tambi\u00e9n una de las sedes en las que se desarrolla el \u00abCiclo de M\u00fasica para \u00d3rgano en Navarra\u00bb que, organizado por el Gobierno de Navarra, se celebra entre los meses de mayo y noviembre.<\/p>\n<p>Tras la visita a la iglesia, le esperan el Palacio Real de Olite, uno de los castillos g\u00f3ticos m\u00e1s importantes de Europa y las sinuosas calles de la localidad que revelan su pasado de esplendor medieval.<\/p>\n<\/div>\n<\/div>\n<\/div>\n<\/div>\n<\/div>\n<\/div>\n<p>[\/vc_column_text][\/vc_column][\/vc_row]<\/p>\n","protected":false},"excerpt":{"rendered":"<p>[vc_row][vc_column width=&#8221;1\/2&#8243;][vc_column_text] Iglesia de Santa Mar\u00eda la Real de Olite [\/vc_column_text][vc_column_text][\/vc_column_text][\/vc_column][vc_column width=&#8221;1\/2&#8243;][vc_column_text]Localidad: OLITE (31390) Direcci\u00f3n: Plaza Plaza Teobaldos, 1 Zona: La Zona Media Estilo: G\u00f3tico Siglos de construcci\u00f3n: XIII-XIV Tel\u00e9fono: 948740136[\/vc_column_text][\/vc_column][\/vc_row][vc_row][vc_column width=&#8221;1\/1&#8243;][vc_column_text] La Iglesia de Santa Mar\u00eda de Olite es una de las construcciones g\u00f3ticas m\u00e1s importantes de Navarra. Su belleza art\u00edstica es tan interesante como su historia. Adosada al Palacio Real, residencia predilecta del rey Carlos III el Noble, fue utilizada por los monarcas navarros para las grandes festividades y actos solemnes. Su recargada fachada, en la que se percibe la influencia de los talleres de N\u00f4tre Dame de Par\u00eds, le har\u00e1 detenerse y prestar atenci\u00f3n a los relatos de la portada. Dentro del templo, de nave \u00fanica, le esperan un retablo renacentista presidido por una talla g\u00f3tica de la Virgen y la imagen, tambi\u00e9n g\u00f3tica, del Cristo de la Buena Muerte. En la iglesia de Santa Mar\u00eda se celebra el \u00abCiclo de M\u00fasica para \u00d3rgano en Navarra\u00bb entre los meses de mayo y noviembre. Ubicaci\u00f3n La iglesia de Santa Mar\u00eda se encuentra en la localidad medieval de Olite, cabeza de merindad del mismo nombre, en la Zona Media de Navarra, y es un edificio g\u00f3tico cuya construcci\u00f3n se [&hellip;]<\/p>\n","protected":false},"author":1,"featured_media":0,"parent":0,"menu_order":0,"comment_status":"closed","ping_status":"closed","template":"","meta":{"footnotes":""},"class_list":["post-7934","page","type-page","status-publish","hentry"],"yoast_head":"<!-- This site is optimized with the Yoast SEO plugin v23.5 - https:\/\/yoast.com\/wordpress\/plugins\/seo\/ -->\n<title>Iglesia de Santa Mar\u00eda la Real de Olite - VisitNavarra<\/title>\n<meta name=\"description\" content=\"La Iglesia de Santa Mar\u00eda de Olite es uno de los edificios g\u00f3ticos m\u00e1s importantes de Navarra. Su belleza art\u00edstica es ...\" \/>\n<meta name=\"robots\" content=\"index, follow, max-snippet:-1, max-image-preview:large, max-video-preview:-1\" \/>\n<link rel=\"canonical\" href=\"https:\/\/visitnavarra.info\/visitnavarra\/iglesia-de-santa-maria-la-real-de-olite\/\" \/>\n<meta property=\"og:locale\" content=\"es_ES\" \/>\n<meta property=\"og:type\" content=\"article\" \/>\n<meta property=\"og:title\" content=\"Iglesia de Santa Mar\u00eda la Real de Olite - VisitNavarra\" \/>\n<meta property=\"og:description\" content=\"La Iglesia de Santa Mar\u00eda de Olite es uno de los edificios g\u00f3ticos m\u00e1s importantes de Navarra. Su belleza art\u00edstica es ...\" \/>\n<meta property=\"og:url\" content=\"https:\/\/visitnavarra.info\/visitnavarra\/iglesia-de-santa-maria-la-real-de-olite\/\" \/>\n<meta property=\"og:site_name\" content=\"VisitNavarra\" \/>\n<meta property=\"article:modified_time\" content=\"2024-05-20T11:10:03+00:00\" \/>\n<meta name=\"twitter:card\" content=\"summary_large_image\" \/>\n<meta name=\"twitter:label1\" content=\"Tiempo de lectura\" \/>\n\t<meta name=\"twitter:data1\" content=\"3 minutos\" \/>\n<script type=\"application\/ld+json\" class=\"yoast-schema-graph\">{\"@context\":\"https:\/\/schema.org\",\"@graph\":[{\"@type\":\"WebPage\",\"@id\":\"https:\/\/visitnavarra.info\/visitnavarra\/iglesia-de-santa-maria-la-real-de-olite\/\",\"url\":\"https:\/\/visitnavarra.info\/visitnavarra\/iglesia-de-santa-maria-la-real-de-olite\/\",\"name\":\"Iglesia de Santa Mar\u00eda la Real de Olite - VisitNavarra\",\"isPartOf\":{\"@id\":\"https:\/\/visitnavarra.info\/visitnavarra\/#website\"},\"datePublished\":\"2020-12-09T15:21:55+00:00\",\"dateModified\":\"2024-05-20T11:10:03+00:00\",\"description\":\"La Iglesia de Santa Mar\u00eda de Olite es uno de los edificios g\u00f3ticos m\u00e1s importantes de Navarra. Su belleza art\u00edstica es ...\",\"breadcrumb\":{\"@id\":\"https:\/\/visitnavarra.info\/visitnavarra\/iglesia-de-santa-maria-la-real-de-olite\/#breadcrumb\"},\"inLanguage\":\"es\",\"potentialAction\":[{\"@type\":\"ReadAction\",\"target\":[\"https:\/\/visitnavarra.info\/visitnavarra\/iglesia-de-santa-maria-la-real-de-olite\/\"]}]},{\"@type\":\"BreadcrumbList\",\"@id\":\"https:\/\/visitnavarra.info\/visitnavarra\/iglesia-de-santa-maria-la-real-de-olite\/#breadcrumb\",\"itemListElement\":[{\"@type\":\"ListItem\",\"position\":1,\"name\":\"Portada\",\"item\":\"https:\/\/visitnavarra.info\/visitnavarra\/\"},{\"@type\":\"ListItem\",\"position\":2,\"name\":\"Iglesia de Santa Mar\u00eda la Real de Olite\"}]},{\"@type\":\"WebSite\",\"@id\":\"https:\/\/visitnavarra.info\/visitnavarra\/#website\",\"url\":\"https:\/\/visitnavarra.info\/visitnavarra\/\",\"name\":\"VisitNavarra\",\"description\":\"Alojamiento y experiencias tur\u00edsticas en Navarra; qu\u00e9 visitar en Navarra; comer en Navarra\",\"potentialAction\":[{\"@type\":\"SearchAction\",\"target\":{\"@type\":\"EntryPoint\",\"urlTemplate\":\"https:\/\/visitnavarra.info\/visitnavarra\/?s={search_term_string}\"},\"query-input\":{\"@type\":\"PropertyValueSpecification\",\"valueRequired\":true,\"valueName\":\"search_term_string\"}}],\"inLanguage\":\"es\"}]}<\/script>\n<!-- \/ Yoast SEO plugin. -->","yoast_head_json":{"title":"Iglesia de Santa Mar\u00eda la Real de Olite - VisitNavarra","description":"La Iglesia de Santa Mar\u00eda de Olite es uno de los edificios g\u00f3ticos m\u00e1s importantes de Navarra. Su belleza art\u00edstica es ...","robots":{"index":"index","follow":"follow","max-snippet":"max-snippet:-1","max-image-preview":"max-image-preview:large","max-video-preview":"max-video-preview:-1"},"canonical":"https:\/\/visitnavarra.info\/visitnavarra\/iglesia-de-santa-maria-la-real-de-olite\/","og_locale":"es_ES","og_type":"article","og_title":"Iglesia de Santa Mar\u00eda la Real de Olite - VisitNavarra","og_description":"La Iglesia de Santa Mar\u00eda de Olite es uno de los edificios g\u00f3ticos m\u00e1s importantes de Navarra. Su belleza art\u00edstica es ...","og_url":"https:\/\/visitnavarra.info\/visitnavarra\/iglesia-de-santa-maria-la-real-de-olite\/","og_site_name":"VisitNavarra","article_modified_time":"2024-05-20T11:10:03+00:00","twitter_card":"summary_large_image","twitter_misc":{"Tiempo de lectura":"3 minutos"},"schema":{"@context":"https:\/\/schema.org","@graph":[{"@type":"WebPage","@id":"https:\/\/visitnavarra.info\/visitnavarra\/iglesia-de-santa-maria-la-real-de-olite\/","url":"https:\/\/visitnavarra.info\/visitnavarra\/iglesia-de-santa-maria-la-real-de-olite\/","name":"Iglesia de Santa Mar\u00eda la Real de Olite - VisitNavarra","isPartOf":{"@id":"https:\/\/visitnavarra.info\/visitnavarra\/#website"},"datePublished":"2020-12-09T15:21:55+00:00","dateModified":"2024-05-20T11:10:03+00:00","description":"La Iglesia de Santa Mar\u00eda de Olite es uno de los edificios g\u00f3ticos m\u00e1s importantes de Navarra. Su belleza art\u00edstica es ...","breadcrumb":{"@id":"https:\/\/visitnavarra.info\/visitnavarra\/iglesia-de-santa-maria-la-real-de-olite\/#breadcrumb"},"inLanguage":"es","potentialAction":[{"@type":"ReadAction","target":["https:\/\/visitnavarra.info\/visitnavarra\/iglesia-de-santa-maria-la-real-de-olite\/"]}]},{"@type":"BreadcrumbList","@id":"https:\/\/visitnavarra.info\/visitnavarra\/iglesia-de-santa-maria-la-real-de-olite\/#breadcrumb","itemListElement":[{"@type":"ListItem","position":1,"name":"Portada","item":"https:\/\/visitnavarra.info\/visitnavarra\/"},{"@type":"ListItem","position":2,"name":"Iglesia de Santa Mar\u00eda la Real de Olite"}]},{"@type":"WebSite","@id":"https:\/\/visitnavarra.info\/visitnavarra\/#website","url":"https:\/\/visitnavarra.info\/visitnavarra\/","name":"VisitNavarra","description":"Alojamiento y experiencias tur\u00edsticas en Navarra; qu\u00e9 visitar en Navarra; comer en Navarra","potentialAction":[{"@type":"SearchAction","target":{"@type":"EntryPoint","urlTemplate":"https:\/\/visitnavarra.info\/visitnavarra\/?s={search_term_string}"},"query-input":{"@type":"PropertyValueSpecification","valueRequired":true,"valueName":"search_term_string"}}],"inLanguage":"es"}]}},"_links":{"self":[{"href":"https:\/\/visitnavarra.info\/visitnavarra\/wp-json\/wp\/v2\/pages\/7934","targetHints":{"allow":["GET"]}}],"collection":[{"href":"https:\/\/visitnavarra.info\/visitnavarra\/wp-json\/wp\/v2\/pages"}],"about":[{"href":"https:\/\/visitnavarra.info\/visitnavarra\/wp-json\/wp\/v2\/types\/page"}],"author":[{"embeddable":true,"href":"https:\/\/visitnavarra.info\/visitnavarra\/wp-json\/wp\/v2\/users\/1"}],"replies":[{"embeddable":true,"href":"https:\/\/visitnavarra.info\/visitnavarra\/wp-json\/wp\/v2\/comments?post=7934"}],"version-history":[{"count":6,"href":"https:\/\/visitnavarra.info\/visitnavarra\/wp-json\/wp\/v2\/pages\/7934\/revisions"}],"predecessor-version":[{"id":13502,"href":"https:\/\/visitnavarra.info\/visitnavarra\/wp-json\/wp\/v2\/pages\/7934\/revisions\/13502"}],"wp:attachment":[{"href":"https:\/\/visitnavarra.info\/visitnavarra\/wp-json\/wp\/v2\/media?parent=7934"}],"curies":[{"name":"wp","href":"https:\/\/api.w.org\/{rel}","templated":true}]}}