{"id":7943,"date":"2020-12-10T08:31:26","date_gmt":"2020-12-10T08:31:26","guid":{"rendered":"https:\/\/visitnavarra.info\/visitnavarra\/?page_id=7943"},"modified":"2024-05-20T09:57:24","modified_gmt":"2024-05-20T09:57:24","slug":"iglesia-del-santo-sepulcro-de-torres-del-rio","status":"publish","type":"page","link":"https:\/\/visitnavarra.info\/visitnavarra\/iglesia-del-santo-sepulcro-de-torres-del-rio\/","title":{"rendered":"Iglesia del Santo Sepulcro de Torres del R\u00edo"},"content":{"rendered":"<p>[vc_row][vc_column width=&#8221;1\/2&#8243;][vc_column_text]<\/p>\n<h1 style=\"text-align: center;\">Iglesia del Santo Sepulcro de Torres del R\u00edo<\/h1>\n<p>[\/vc_column_text]<div class=\"single_image wpb_content_element align-center  image_box_circle image_box_border  \" data-animation=\"none\" data-delay=\"0\"><img loading=\"lazy\" decoding=\"async\" width=\"217\" height=\"155\" src=\"https:\/\/visitnavarra.info\/visitnavarra\/wp-content\/uploads\/2020\/12\/Santo-Sepulcro-Tores-Rio.jpg\" class=\"attachment-medium\" alt=\"\" \/><\/div>[vc_column_text][\/vc_column_text][\/vc_column][vc_column width=&#8221;1\/2&#8243;][vc_column_text]<strong>Localidad<\/strong>: TORRES DEL RIO (31229)<br \/>\n<strong>Zona<\/strong>: La Zona Media<br \/>\n<strong>Estilo<\/strong>: Rom\u00e1nico<br \/>\n<strong>Siglos de construcci\u00f3n:<\/strong> XII[\/vc_column_text][\/vc_column][\/vc_row][vc_row][vc_column width=&#8221;1\/1&#8243;][vc_column_text]Poco antes de abandonar Navarra, el Camino de Santiago, nos ofrece este bello y recogido ejemplar del rom\u00e1nico del siglo XII, que fue capilla funeraria y faro del Camino de Santiago.<\/p>\n<p>Seg\u00fan algunos historiadores, el Santo Sepulcro de Torres del R\u00edo podr\u00eda haber sido obra de los caballeros del Temple. Este extremo no se ha podido confirmar pero a\u00f1ade misterio a esta obra, que fue construida a semejanza del templo del Santo Sepulcro de Jerusal\u00e9n, pero adaptando los conocimientos isl\u00e1micos a la manera de construir de los cristianos.<\/p>\n<h3>Descripci\u00f3n<\/h3>\n<p>De planta octogonal, la iglesia del Santo Sepulcro es un raro ejemplo del arte medieval, ya que frente a la horizontalidad y pesadez del rom\u00e1nico, en este templo todo conduce a la verticalidad. En su interior, la impresionante b\u00f3veda de nervios entrecruzados le har\u00e1 recordar el arte hispanomusulm\u00e1n.<\/p>\n<p>La iglesia del Santo Sepulcro se encuentra integrada en el casco urbano de Torres del R\u00edo, peque\u00f1a localidad jacobea situada en la Zona Media de Navarra, entre lo alto de una colina y una profunda hondonada, ya cerca de tierras riojanas.<\/p>\n<p>El visitante se encuentra ante una joya del rom\u00e1nico, edificada en torno a 1170 como r\u00e9plica de la bas\u00edlica de Jerusal\u00e9n, en la que la forma circular se ha sustituido por otra poligonal.<\/p>\n<p>Ligada desde su origen al Camino de Santiago, fue al igual que la de Santa Mar\u00eda de Eunate, faro de peregrinos, a quienes orientaba gracias a la luz prendida en la linterna que corona el edificio. El terreno que la circunda, sirvi\u00f3 adem\u00e1s como cementerio de caminantes.<\/p>\n<p>De planta octogonal y con un acabado perfectamente compensado, es un edificio sobrio y armonioso en el que diferenciar\u00e1 claramente tres cuerpos: el primero de ellos, ciego; el segundo, iluminado por dos peque\u00f1as ventanas; y el superior, abierto en ventanas de medio punto que iluminan la espl\u00e9ndida c\u00fapula interior. A ambos lados, el edificio conserva el \u00e1bside y una torre cil\u00edndrica, y sobre el tejado de ocho aguas, se erige una linterna tambi\u00e9n octogonal que reproduce en miniatura el propio cuerpo del templo.<\/p>\n<h3>Interior<\/h3>\n<p>Si queremos acceder al edificio, lo haremos por la puerta del lado sur, cuyo t\u00edmpano nos presenta una cruz patriarcal, insignia de la Sagrada Orden Militar del Santo Sepulcro de Jerusal\u00e9n.<\/p>\n<p>En el interior, la mirada se alza hacia la magn\u00edfica c\u00fapula de gruesos nervios de influencia califal que corona el conjunto y que dibuja una estrella de ocho puntas iluminada por una luz tenue luz que se filtra por las celos\u00edas.<\/p>\n<p>Su nervadura le recordar\u00e1 modelos isl\u00e1micos similares a los de algunas mezquitas, lo que permite especular con la posibilidad de que el monumento fuese construido por artesanos mud\u00e9jares que habr\u00edan llegado a Torres del R\u00edo desde la orilla del Guadalquivir.<\/p>\n<p>Y en el \u00e1bside, custodiando el templo, un Cristo del siglo XIII, tambi\u00e9n conocido como el Santo Cristo de los Caballeros del Sepulcro. All\u00ed tambi\u00e9n observar\u00e1 delicadas columnas, y capiteles de influencia morisca que reproducen monstruos y centauros.[\/vc_column_text][\/vc_column][\/vc_row]<\/p>\n","protected":false},"excerpt":{"rendered":"<p>[vc_row][vc_column width=&#8221;1\/2&#8243;][vc_column_text] Iglesia del Santo Sepulcro de Torres del R\u00edo [\/vc_column_text][vc_column_text][\/vc_column_text][\/vc_column][vc_column width=&#8221;1\/2&#8243;][vc_column_text]Localidad: TORRES DEL RIO (31229) Zona: La Zona Media Estilo: Rom\u00e1nico Siglos de construcci\u00f3n: XII[\/vc_column_text][\/vc_column][\/vc_row][vc_row][vc_column width=&#8221;1\/1&#8243;][vc_column_text]Poco antes de abandonar Navarra, el Camino de Santiago, nos ofrece este bello y recogido ejemplar del rom\u00e1nico del siglo XII, que fue capilla funeraria y faro del Camino de Santiago. Seg\u00fan algunos historiadores, el Santo Sepulcro de Torres del R\u00edo podr\u00eda haber sido obra de los caballeros del Temple. Este extremo no se ha podido confirmar pero a\u00f1ade misterio a esta obra, que fue construida a semejanza del templo del Santo Sepulcro de Jerusal\u00e9n, pero adaptando los conocimientos isl\u00e1micos a la manera de construir de los cristianos. Descripci\u00f3n De planta octogonal, la iglesia del Santo Sepulcro es un raro ejemplo del arte medieval, ya que frente a la horizontalidad y pesadez del rom\u00e1nico, en este templo todo conduce a la verticalidad. En su interior, la impresionante b\u00f3veda de nervios entrecruzados le har\u00e1 recordar el arte hispanomusulm\u00e1n. La iglesia del Santo Sepulcro se encuentra integrada en el casco urbano de Torres del R\u00edo, peque\u00f1a localidad jacobea situada en la Zona Media de Navarra, entre lo alto de una colina y una profunda hondonada, ya [&hellip;]<\/p>\n","protected":false},"author":1,"featured_media":0,"parent":0,"menu_order":0,"comment_status":"closed","ping_status":"closed","template":"","meta":{"footnotes":""},"class_list":["post-7943","page","type-page","status-publish","hentry"],"yoast_head":"<!-- This site is optimized with the Yoast SEO plugin v23.5 - https:\/\/yoast.com\/wordpress\/plugins\/seo\/ -->\n<title>Iglesia del Santo Sepulcro de Torres del R\u00edo - VisitNavarra<\/title>\n<meta name=\"description\" content=\"El Camino de Santiago, nos ofrece este bello y recogido ejemplar del rom\u00e1nico del siglo XII, que fue capilla funeraria y faro del Camino de\" \/>\n<meta name=\"robots\" content=\"index, follow, max-snippet:-1, max-image-preview:large, max-video-preview:-1\" \/>\n<link rel=\"canonical\" href=\"https:\/\/visitnavarra.info\/visitnavarra\/iglesia-del-santo-sepulcro-de-torres-del-rio\/\" \/>\n<meta property=\"og:locale\" content=\"es_ES\" \/>\n<meta property=\"og:type\" content=\"article\" \/>\n<meta property=\"og:title\" content=\"Iglesia del Santo Sepulcro de Torres del R\u00edo - VisitNavarra\" \/>\n<meta property=\"og:description\" content=\"El Camino de Santiago, nos ofrece este bello y recogido ejemplar del rom\u00e1nico del siglo XII, que fue capilla funeraria y faro del Camino de\" \/>\n<meta property=\"og:url\" content=\"https:\/\/visitnavarra.info\/visitnavarra\/iglesia-del-santo-sepulcro-de-torres-del-rio\/\" \/>\n<meta property=\"og:site_name\" content=\"VisitNavarra\" \/>\n<meta property=\"article:modified_time\" content=\"2024-05-20T09:57:24+00:00\" \/>\n<meta name=\"twitter:card\" content=\"summary_large_image\" \/>\n<meta name=\"twitter:label1\" content=\"Tiempo de lectura\" \/>\n\t<meta name=\"twitter:data1\" content=\"3 minutos\" \/>\n<script type=\"application\/ld+json\" class=\"yoast-schema-graph\">{\"@context\":\"https:\/\/schema.org\",\"@graph\":[{\"@type\":\"WebPage\",\"@id\":\"https:\/\/visitnavarra.info\/visitnavarra\/iglesia-del-santo-sepulcro-de-torres-del-rio\/\",\"url\":\"https:\/\/visitnavarra.info\/visitnavarra\/iglesia-del-santo-sepulcro-de-torres-del-rio\/\",\"name\":\"Iglesia del Santo Sepulcro de Torres del R\u00edo - VisitNavarra\",\"isPartOf\":{\"@id\":\"https:\/\/visitnavarra.info\/visitnavarra\/#website\"},\"datePublished\":\"2020-12-10T08:31:26+00:00\",\"dateModified\":\"2024-05-20T09:57:24+00:00\",\"description\":\"El Camino de Santiago, nos ofrece este bello y recogido ejemplar del rom\u00e1nico del siglo XII, que fue capilla funeraria y faro del Camino de\",\"breadcrumb\":{\"@id\":\"https:\/\/visitnavarra.info\/visitnavarra\/iglesia-del-santo-sepulcro-de-torres-del-rio\/#breadcrumb\"},\"inLanguage\":\"es\",\"potentialAction\":[{\"@type\":\"ReadAction\",\"target\":[\"https:\/\/visitnavarra.info\/visitnavarra\/iglesia-del-santo-sepulcro-de-torres-del-rio\/\"]}]},{\"@type\":\"BreadcrumbList\",\"@id\":\"https:\/\/visitnavarra.info\/visitnavarra\/iglesia-del-santo-sepulcro-de-torres-del-rio\/#breadcrumb\",\"itemListElement\":[{\"@type\":\"ListItem\",\"position\":1,\"name\":\"Portada\",\"item\":\"https:\/\/visitnavarra.info\/visitnavarra\/\"},{\"@type\":\"ListItem\",\"position\":2,\"name\":\"Iglesia del Santo Sepulcro de Torres del R\u00edo\"}]},{\"@type\":\"WebSite\",\"@id\":\"https:\/\/visitnavarra.info\/visitnavarra\/#website\",\"url\":\"https:\/\/visitnavarra.info\/visitnavarra\/\",\"name\":\"VisitNavarra\",\"description\":\"Alojamiento y experiencias tur\u00edsticas en Navarra; qu\u00e9 visitar en Navarra; comer en Navarra\",\"potentialAction\":[{\"@type\":\"SearchAction\",\"target\":{\"@type\":\"EntryPoint\",\"urlTemplate\":\"https:\/\/visitnavarra.info\/visitnavarra\/?s={search_term_string}\"},\"query-input\":{\"@type\":\"PropertyValueSpecification\",\"valueRequired\":true,\"valueName\":\"search_term_string\"}}],\"inLanguage\":\"es\"}]}<\/script>\n<!-- \/ Yoast SEO plugin. -->","yoast_head_json":{"title":"Iglesia del Santo Sepulcro de Torres del R\u00edo - VisitNavarra","description":"El Camino de Santiago, nos ofrece este bello y recogido ejemplar del rom\u00e1nico del siglo XII, que fue capilla funeraria y faro del Camino de","robots":{"index":"index","follow":"follow","max-snippet":"max-snippet:-1","max-image-preview":"max-image-preview:large","max-video-preview":"max-video-preview:-1"},"canonical":"https:\/\/visitnavarra.info\/visitnavarra\/iglesia-del-santo-sepulcro-de-torres-del-rio\/","og_locale":"es_ES","og_type":"article","og_title":"Iglesia del Santo Sepulcro de Torres del R\u00edo - VisitNavarra","og_description":"El Camino de Santiago, nos ofrece este bello y recogido ejemplar del rom\u00e1nico del siglo XII, que fue capilla funeraria y faro del Camino de","og_url":"https:\/\/visitnavarra.info\/visitnavarra\/iglesia-del-santo-sepulcro-de-torres-del-rio\/","og_site_name":"VisitNavarra","article_modified_time":"2024-05-20T09:57:24+00:00","twitter_card":"summary_large_image","twitter_misc":{"Tiempo de lectura":"3 minutos"},"schema":{"@context":"https:\/\/schema.org","@graph":[{"@type":"WebPage","@id":"https:\/\/visitnavarra.info\/visitnavarra\/iglesia-del-santo-sepulcro-de-torres-del-rio\/","url":"https:\/\/visitnavarra.info\/visitnavarra\/iglesia-del-santo-sepulcro-de-torres-del-rio\/","name":"Iglesia del Santo Sepulcro de Torres del R\u00edo - VisitNavarra","isPartOf":{"@id":"https:\/\/visitnavarra.info\/visitnavarra\/#website"},"datePublished":"2020-12-10T08:31:26+00:00","dateModified":"2024-05-20T09:57:24+00:00","description":"El Camino de Santiago, nos ofrece este bello y recogido ejemplar del rom\u00e1nico del siglo XII, que fue capilla funeraria y faro del Camino de","breadcrumb":{"@id":"https:\/\/visitnavarra.info\/visitnavarra\/iglesia-del-santo-sepulcro-de-torres-del-rio\/#breadcrumb"},"inLanguage":"es","potentialAction":[{"@type":"ReadAction","target":["https:\/\/visitnavarra.info\/visitnavarra\/iglesia-del-santo-sepulcro-de-torres-del-rio\/"]}]},{"@type":"BreadcrumbList","@id":"https:\/\/visitnavarra.info\/visitnavarra\/iglesia-del-santo-sepulcro-de-torres-del-rio\/#breadcrumb","itemListElement":[{"@type":"ListItem","position":1,"name":"Portada","item":"https:\/\/visitnavarra.info\/visitnavarra\/"},{"@type":"ListItem","position":2,"name":"Iglesia del Santo Sepulcro de Torres del R\u00edo"}]},{"@type":"WebSite","@id":"https:\/\/visitnavarra.info\/visitnavarra\/#website","url":"https:\/\/visitnavarra.info\/visitnavarra\/","name":"VisitNavarra","description":"Alojamiento y experiencias tur\u00edsticas en Navarra; qu\u00e9 visitar en Navarra; comer en Navarra","potentialAction":[{"@type":"SearchAction","target":{"@type":"EntryPoint","urlTemplate":"https:\/\/visitnavarra.info\/visitnavarra\/?s={search_term_string}"},"query-input":{"@type":"PropertyValueSpecification","valueRequired":true,"valueName":"search_term_string"}}],"inLanguage":"es"}]}},"_links":{"self":[{"href":"https:\/\/visitnavarra.info\/visitnavarra\/wp-json\/wp\/v2\/pages\/7943","targetHints":{"allow":["GET"]}}],"collection":[{"href":"https:\/\/visitnavarra.info\/visitnavarra\/wp-json\/wp\/v2\/pages"}],"about":[{"href":"https:\/\/visitnavarra.info\/visitnavarra\/wp-json\/wp\/v2\/types\/page"}],"author":[{"embeddable":true,"href":"https:\/\/visitnavarra.info\/visitnavarra\/wp-json\/wp\/v2\/users\/1"}],"replies":[{"embeddable":true,"href":"https:\/\/visitnavarra.info\/visitnavarra\/wp-json\/wp\/v2\/comments?post=7943"}],"version-history":[{"count":4,"href":"https:\/\/visitnavarra.info\/visitnavarra\/wp-json\/wp\/v2\/pages\/7943\/revisions"}],"predecessor-version":[{"id":13445,"href":"https:\/\/visitnavarra.info\/visitnavarra\/wp-json\/wp\/v2\/pages\/7943\/revisions\/13445"}],"wp:attachment":[{"href":"https:\/\/visitnavarra.info\/visitnavarra\/wp-json\/wp\/v2\/media?parent=7943"}],"curies":[{"name":"wp","href":"https:\/\/api.w.org\/{rel}","templated":true}]}}