{"id":7949,"date":"2020-12-10T08:49:22","date_gmt":"2020-12-10T08:49:22","guid":{"rendered":"https:\/\/visitnavarra.info\/visitnavarra\/?page_id=7949"},"modified":"2020-12-10T08:49:22","modified_gmt":"2020-12-10T08:49:22","slug":"monasterio-de-fitero","status":"publish","type":"page","link":"https:\/\/visitnavarra.info\/visitnavarra\/monasterio-de-fitero\/","title":{"rendered":"Monasterio de Fitero"},"content":{"rendered":"<p>[vc_row][vc_column width=&#8221;1\/2&#8243;][vc_column_text]<\/p>\n<h1 style=\"text-align: center;\">Monasterio de Fitero<\/h1>\n<p>[\/vc_column_text]<div class=\"single_image wpb_content_element align-center  image_box_circle image_box_border  \" data-animation=\"none\" data-delay=\"0\"><img loading=\"lazy\" decoding=\"async\" width=\"217\" height=\"155\" src=\"https:\/\/visitnavarra.info\/visitnavarra\/wp-content\/uploads\/2020\/12\/Monasterio-Fitero.jpg\" class=\"attachment-medium\" alt=\"\" \/><\/div>[\/vc_column][vc_column width=&#8221;1\/2&#8243;][vc_column_text]<strong>Localidad<\/strong>: FITERO (31593)<br \/>\n<strong>Direcci\u00f3n<\/strong>: Plaza Plaza de la Iglesia, 12<br \/>\n<strong>Zona<\/strong>: La Ribera<br \/>\n<strong>Estilo<\/strong>: Otros<br \/>\n<strong>Siglos de construcci\u00f3n:<\/strong> XII<br \/>\n<strong>Tel\u00e9fono<\/strong>: 948776600<br \/>\n<strong>Email:<\/strong> turismo@fitero.org[\/vc_column_text][\/vc_column][\/vc_row][vc_row][vc_column width=&#8221;1\/1&#8243;][vc_column_text]<\/p>\n<h3>Historia<\/h3>\n<p>\u00bfLe gustar\u00eda conocer el primer monasterio que la Orden del C\u00edster construy\u00f3 en la Pen\u00ednsula Ib\u00e9rica?; \u00bfperderse entre sus muros, levantados entre 1185 y 1247 y ampliados en los siglos XVI y XVII?; \u00bfy disfrutar de un lugar codiciado, durante siglos, por reyes, papas, obispos y se\u00f1ores?<\/p>\n<p>Est\u00e1 en Fitero, un peque\u00f1o pueblo de la Ribera navarra que casi linda con La Rioja y es monumento nacional desde 1931. El cenobio, joya arquitect\u00f3nica de la Edad Media, le sorprender\u00e1 por su grandiosidad.<\/p>\n<p>Su iglesia abacial es una de las m\u00e1s importantes de la orden del C\u00edster en Europa y en su interior conserva una importante colecci\u00f3n de arquetas \u00e1rabes, cofres medievales y un precioso relicario g\u00f3tico de esmalte limosino.<\/p>\n<h3>Fitero<\/h3>\n<p>Pero, adem\u00e1s, el monasterio es un buen punto de partida para realizar agradables y pintorescos paseos por su entorno natural o sumergirse en las aguas del balneario de Fitero, a 3 kil\u00f3metros del pueblo.<\/p>\n<p>La villa de Fitero, en cuyo casco urbano se levanta el monasterio, se halla situada en el extremo sur-occidental de Navarra, en pleno valle del r\u00edo Alhama, a 23 kil\u00f3metros de Tudela.<\/p>\n<p>Aunque inicialmente el pueblo estaba alejado del monasterio, fue en el siglo XV cuando se repobl\u00f3 la villa para aumentar la defensa del territorio y las nuevas casas se construyeron en torno a la abad\u00eda, convirtiendo al de Fitero en uno de los pocos monasterios cistercienses integrados en un pueblo.<\/p>\n<h3>Descripci\u00f3n<\/h3>\n<p>El monasterio, declarado monumento nacional en 1931, se fund\u00f3 en 1140 aunque fue en 1185 cuando se iniciaron las obras de las diferentes dependencias, algunas de las cuales tienen en la actualidad funciones no religiosas: la hospeder\u00eda est\u00e1 ocupada por el Ayuntamiento, las celdas se reconvirtieron en residencia de ancianos, el refectorio es actual Casa de Cultura y cine, y la biblioteca y la cocina se convirtieron en museo.<\/p>\n<p>La visita le permitir\u00e1 descubrir dependencias medievales (XII y XIII) como la iglesia abacial, de cruz latina, con tres naves y cabecera de girola con cinco capillas, lo que la convierte en un ejemplar \u00fanico del C\u00edster en Espa\u00f1a. Asimismo existen restos medievales en los muros de la biblioteca, vestigios de la antigua muralla y la sala capitular, construida en 1247, Le sorprender\u00e1 tambi\u00e9n el claustro renacentista de planta cuadrada y el sobreclaustro, construido siguiendo el estilo herreriano del siglo XVI.<\/p>\n<p>Otras dependencias destacadas del monasterio son el dormitorio nuevo, del siglo XVI; el palacio abacial, manierista del siglo XVI y ampliado en el XVII; el dormitorio nuevo (XVI) y la biblioteca (1614).<\/p>\n<p>Entre las piezas de orfebrer\u00eda conservadas de Fitero destacan el brazo relicario de San Raimundo, fundador del monasterio; el relicario-ostensorio de San Andr\u00e9s (XVIII), c\u00e1lices del XVII, una alaveta de plata y concha (XVI), un cop\u00f3n de filigrana de plata (XVII), una arqueta de marfil del a\u00f1o 966, un p\u00edxide de esmalte de 1200, tres arquillas de chapa de marfil y de madera de los siglos XI, XII y XIII, y el retablo mayor pintado por Rolan Mois (XVI).<\/p>\n<h3>Paseos<\/h3>\n<p>Fitero es tambi\u00e9n punto de partida de bonitos paseos, como el de la Cruza de Atalaya, de 7,7 kil\u00f3metros, que se inicia en lo alto del pueblo, junto al campo de f\u00fatbol; o el Circuito de Roscas, de 8,2 kil\u00f3metros, que parte del cruce de las carreteras que desde Fitero conducen a Cascante y Valderde. Este \u00faltimo pasa por las ruinas del castillo \u00e1rabe de Tudej\u00e9n; y la nevera de los frailes -un enorme pozo de piedra en medio de un olivar que era utilizado por los monjes para almacenar nieve- y la cueva mora, en la que, seg\u00fan la leyenda narrada por B\u00e9cquer, todas las noches aparece el \u00e1nima de una princesa mora que busca agua para su amado cristiano.<\/p>\n<p>Tambi\u00e9n puede visitar el balneario de Fitero y sumergirse en sus aguas termales para combatir el reuma, la artrosis y el asma; o acercarse al moj\u00f3n de los Tres Reyes, en la carretera de Madrid a Ir\u00fan, a 3 kil\u00f3metros de Valderde, que recuerda reuniones de los monarcas de los reinos de Navarra, Castilla y Arag\u00f3n, en las que cada uno pod\u00eda comer o discutir desde su propia tierra.[\/vc_column_text][\/vc_column][\/vc_row]<\/p>\n","protected":false},"excerpt":{"rendered":"<p>[vc_row][vc_column width=&#8221;1\/2&#8243;][vc_column_text] Monasterio de Fitero [\/vc_column_text][\/vc_column][vc_column width=&#8221;1\/2&#8243;][vc_column_text]Localidad: FITERO (31593) Direcci\u00f3n: Plaza Plaza de la Iglesia, 12 Zona: La Ribera Estilo: Otros Siglos de construcci\u00f3n: XII Tel\u00e9fono: 948776600 Email: turismo@fitero.org[\/vc_column_text][\/vc_column][\/vc_row][vc_row][vc_column width=&#8221;1\/1&#8243;][vc_column_text] Historia \u00bfLe gustar\u00eda conocer el primer monasterio que la Orden del C\u00edster construy\u00f3 en la Pen\u00ednsula Ib\u00e9rica?; \u00bfperderse entre sus muros, levantados entre 1185 y 1247 y ampliados en los siglos XVI y XVII?; \u00bfy disfrutar de un lugar codiciado, durante siglos, por reyes, papas, obispos y se\u00f1ores? Est\u00e1 en Fitero, un peque\u00f1o pueblo de la Ribera navarra que casi linda con La Rioja y es monumento nacional desde 1931. El cenobio, joya arquitect\u00f3nica de la Edad Media, le sorprender\u00e1 por su grandiosidad. Su iglesia abacial es una de las m\u00e1s importantes de la orden del C\u00edster en Europa y en su interior conserva una importante colecci\u00f3n de arquetas \u00e1rabes, cofres medievales y un precioso relicario g\u00f3tico de esmalte limosino. Fitero Pero, adem\u00e1s, el monasterio es un buen punto de partida para realizar agradables y pintorescos paseos por su entorno natural o sumergirse en las aguas del balneario de Fitero, a 3 kil\u00f3metros del pueblo. La villa de Fitero, en cuyo casco urbano se levanta el monasterio, se halla situada [&hellip;]<\/p>\n","protected":false},"author":1,"featured_media":0,"parent":0,"menu_order":0,"comment_status":"closed","ping_status":"closed","template":"","meta":{"footnotes":""},"class_list":["post-7949","page","type-page","status-publish","hentry"],"yoast_head":"<!-- This site is optimized with the Yoast SEO plugin v23.5 - https:\/\/yoast.com\/wordpress\/plugins\/seo\/ -->\n<title>Monasterio de FiteroMonasterio de Fitero - VisitNavarra<\/title>\n<meta name=\"description\" content=\"Est\u00e1 en Fitero, un peque\u00f1o pueblo de la Ribera navarra que casi linda con La Rioja y es monumento nacional desde 1931.\" \/>\n<meta name=\"robots\" content=\"index, follow, max-snippet:-1, max-image-preview:large, max-video-preview:-1\" \/>\n<link rel=\"canonical\" href=\"https:\/\/visitnavarra.info\/visitnavarra\/monasterio-de-fitero\/\" \/>\n<meta property=\"og:locale\" content=\"es_ES\" \/>\n<meta property=\"og:type\" content=\"article\" \/>\n<meta property=\"og:title\" content=\"Monasterio de FiteroMonasterio de Fitero - VisitNavarra\" \/>\n<meta property=\"og:description\" content=\"Est\u00e1 en Fitero, un peque\u00f1o pueblo de la Ribera navarra que casi linda con La Rioja y es monumento nacional desde 1931.\" \/>\n<meta property=\"og:url\" content=\"https:\/\/visitnavarra.info\/visitnavarra\/monasterio-de-fitero\/\" \/>\n<meta property=\"og:site_name\" content=\"VisitNavarra\" \/>\n<meta name=\"twitter:card\" content=\"summary_large_image\" \/>\n<meta name=\"twitter:label1\" content=\"Tiempo de lectura\" \/>\n\t<meta name=\"twitter:data1\" content=\"4 minutos\" \/>\n<script type=\"application\/ld+json\" class=\"yoast-schema-graph\">{\"@context\":\"https:\/\/schema.org\",\"@graph\":[{\"@type\":\"WebPage\",\"@id\":\"https:\/\/visitnavarra.info\/visitnavarra\/monasterio-de-fitero\/\",\"url\":\"https:\/\/visitnavarra.info\/visitnavarra\/monasterio-de-fitero\/\",\"name\":\"Monasterio de FiteroMonasterio de Fitero - VisitNavarra\",\"isPartOf\":{\"@id\":\"https:\/\/visitnavarra.info\/visitnavarra\/#website\"},\"datePublished\":\"2020-12-10T08:49:22+00:00\",\"dateModified\":\"2020-12-10T08:49:22+00:00\",\"description\":\"Est\u00e1 en Fitero, un peque\u00f1o pueblo de la Ribera navarra que casi linda con La Rioja y es monumento nacional desde 1931.\",\"breadcrumb\":{\"@id\":\"https:\/\/visitnavarra.info\/visitnavarra\/monasterio-de-fitero\/#breadcrumb\"},\"inLanguage\":\"es\",\"potentialAction\":[{\"@type\":\"ReadAction\",\"target\":[\"https:\/\/visitnavarra.info\/visitnavarra\/monasterio-de-fitero\/\"]}]},{\"@type\":\"BreadcrumbList\",\"@id\":\"https:\/\/visitnavarra.info\/visitnavarra\/monasterio-de-fitero\/#breadcrumb\",\"itemListElement\":[{\"@type\":\"ListItem\",\"position\":1,\"name\":\"Portada\",\"item\":\"https:\/\/visitnavarra.info\/visitnavarra\/\"},{\"@type\":\"ListItem\",\"position\":2,\"name\":\"Monasterio de Fitero\"}]},{\"@type\":\"WebSite\",\"@id\":\"https:\/\/visitnavarra.info\/visitnavarra\/#website\",\"url\":\"https:\/\/visitnavarra.info\/visitnavarra\/\",\"name\":\"VisitNavarra\",\"description\":\"Alojamiento y experiencias tur\u00edsticas en Navarra; qu\u00e9 visitar en Navarra; comer en Navarra\",\"potentialAction\":[{\"@type\":\"SearchAction\",\"target\":{\"@type\":\"EntryPoint\",\"urlTemplate\":\"https:\/\/visitnavarra.info\/visitnavarra\/?s={search_term_string}\"},\"query-input\":{\"@type\":\"PropertyValueSpecification\",\"valueRequired\":true,\"valueName\":\"search_term_string\"}}],\"inLanguage\":\"es\"}]}<\/script>\n<!-- \/ Yoast SEO plugin. -->","yoast_head_json":{"title":"Monasterio de FiteroMonasterio de Fitero - VisitNavarra","description":"Est\u00e1 en Fitero, un peque\u00f1o pueblo de la Ribera navarra que casi linda con La Rioja y es monumento nacional desde 1931.","robots":{"index":"index","follow":"follow","max-snippet":"max-snippet:-1","max-image-preview":"max-image-preview:large","max-video-preview":"max-video-preview:-1"},"canonical":"https:\/\/visitnavarra.info\/visitnavarra\/monasterio-de-fitero\/","og_locale":"es_ES","og_type":"article","og_title":"Monasterio de FiteroMonasterio de Fitero - VisitNavarra","og_description":"Est\u00e1 en Fitero, un peque\u00f1o pueblo de la Ribera navarra que casi linda con La Rioja y es monumento nacional desde 1931.","og_url":"https:\/\/visitnavarra.info\/visitnavarra\/monasterio-de-fitero\/","og_site_name":"VisitNavarra","twitter_card":"summary_large_image","twitter_misc":{"Tiempo de lectura":"4 minutos"},"schema":{"@context":"https:\/\/schema.org","@graph":[{"@type":"WebPage","@id":"https:\/\/visitnavarra.info\/visitnavarra\/monasterio-de-fitero\/","url":"https:\/\/visitnavarra.info\/visitnavarra\/monasterio-de-fitero\/","name":"Monasterio de FiteroMonasterio de Fitero - VisitNavarra","isPartOf":{"@id":"https:\/\/visitnavarra.info\/visitnavarra\/#website"},"datePublished":"2020-12-10T08:49:22+00:00","dateModified":"2020-12-10T08:49:22+00:00","description":"Est\u00e1 en Fitero, un peque\u00f1o pueblo de la Ribera navarra que casi linda con La Rioja y es monumento nacional desde 1931.","breadcrumb":{"@id":"https:\/\/visitnavarra.info\/visitnavarra\/monasterio-de-fitero\/#breadcrumb"},"inLanguage":"es","potentialAction":[{"@type":"ReadAction","target":["https:\/\/visitnavarra.info\/visitnavarra\/monasterio-de-fitero\/"]}]},{"@type":"BreadcrumbList","@id":"https:\/\/visitnavarra.info\/visitnavarra\/monasterio-de-fitero\/#breadcrumb","itemListElement":[{"@type":"ListItem","position":1,"name":"Portada","item":"https:\/\/visitnavarra.info\/visitnavarra\/"},{"@type":"ListItem","position":2,"name":"Monasterio de Fitero"}]},{"@type":"WebSite","@id":"https:\/\/visitnavarra.info\/visitnavarra\/#website","url":"https:\/\/visitnavarra.info\/visitnavarra\/","name":"VisitNavarra","description":"Alojamiento y experiencias tur\u00edsticas en Navarra; qu\u00e9 visitar en Navarra; comer en Navarra","potentialAction":[{"@type":"SearchAction","target":{"@type":"EntryPoint","urlTemplate":"https:\/\/visitnavarra.info\/visitnavarra\/?s={search_term_string}"},"query-input":{"@type":"PropertyValueSpecification","valueRequired":true,"valueName":"search_term_string"}}],"inLanguage":"es"}]}},"_links":{"self":[{"href":"https:\/\/visitnavarra.info\/visitnavarra\/wp-json\/wp\/v2\/pages\/7949","targetHints":{"allow":["GET"]}}],"collection":[{"href":"https:\/\/visitnavarra.info\/visitnavarra\/wp-json\/wp\/v2\/pages"}],"about":[{"href":"https:\/\/visitnavarra.info\/visitnavarra\/wp-json\/wp\/v2\/types\/page"}],"author":[{"embeddable":true,"href":"https:\/\/visitnavarra.info\/visitnavarra\/wp-json\/wp\/v2\/users\/1"}],"replies":[{"embeddable":true,"href":"https:\/\/visitnavarra.info\/visitnavarra\/wp-json\/wp\/v2\/comments?post=7949"}],"version-history":[{"count":1,"href":"https:\/\/visitnavarra.info\/visitnavarra\/wp-json\/wp\/v2\/pages\/7949\/revisions"}],"predecessor-version":[{"id":7950,"href":"https:\/\/visitnavarra.info\/visitnavarra\/wp-json\/wp\/v2\/pages\/7949\/revisions\/7950"}],"wp:attachment":[{"href":"https:\/\/visitnavarra.info\/visitnavarra\/wp-json\/wp\/v2\/media?parent=7949"}],"curies":[{"name":"wp","href":"https:\/\/api.w.org\/{rel}","templated":true}]}}