{"id":7952,"date":"2020-12-10T08:54:59","date_gmt":"2020-12-10T08:54:59","guid":{"rendered":"https:\/\/visitnavarra.info\/visitnavarra\/?page_id=7952"},"modified":"2024-05-20T10:01:35","modified_gmt":"2024-05-20T10:01:35","slug":"monasterio-de-irache","status":"publish","type":"page","link":"https:\/\/visitnavarra.info\/visitnavarra\/monasterio-de-irache\/","title":{"rendered":"Monasterio de Irache"},"content":{"rendered":"<p>[vc_row][vc_column width=&#8221;1\/2&#8243;][vc_column_text]<\/p>\n<h1 style=\"text-align: center;\">Monasterio de Irache<\/h1>\n<p>[\/vc_column_text]<div class=\"single_image wpb_content_element align-center  image_box_circle image_box_border  \" data-animation=\"none\" data-delay=\"0\"><img loading=\"lazy\" decoding=\"async\" width=\"217\" height=\"155\" src=\"https:\/\/visitnavarra.info\/visitnavarra\/wp-content\/uploads\/2020\/12\/Monasterio-Irache.jpg\" class=\"attachment-medium\" alt=\"\" \/><\/div>[\/vc_column][vc_column width=&#8221;1\/2&#8243;][vc_column_text]<strong>Localidad<\/strong>: AYEGUI (31240)<br \/>\n<strong>Direcci\u00f3n<\/strong>: Monasterio de Irache<br \/>\n<strong>Zona<\/strong>: La Zona Media<br \/>\n<strong>Estilo<\/strong>: Rom\u00e1nico<br \/>\n<strong>Siglos de construcci\u00f3n:<\/strong> XI<br \/>\n<strong>Tel\u00e9fono:<\/strong> 948554464[\/vc_column_text][\/vc_column][\/vc_row][vc_row][vc_column width=&#8221;1\/1&#8243;][vc_column_text]<\/p>\n<h3>Historia<\/h3>\n<p>Hospital de peregrinos, universidad, hospital de guerra, colegio de religiosos y, en un futuro, Parador Nacional. Estas son las distintas funciones que el monasterio de Irache ha ido albergando a lo largo de la historia y que le han convertido en uno de los conjuntos monumentales m\u00e1s importantes de Navarra.<\/p>\n<h3>Localizaci\u00f3n<\/h3>\n<p>Su localizaci\u00f3n en el Camino de Santiago, en las proximidades de Estella, le hacen ser parada obligada de peregrinos y amigos de la Ruta Jacobea, con quienes se cruzar\u00e1 en su visita a este monasterio que los benedictinos comenzaron a construir en la segunda mitad del siglo XI sobre otro anterior del siglo VIII.<\/p>\n<h3>Descripci\u00f3n<\/h3>\n<p>El recorrido por la iglesia rom\u00e1nica (XII), el claustro plateresco, la torre de estilo herreriano y otras dependencias construidas entre los siglos XVI-XIX le permitir\u00e1n conocer la historia de este conjunto monumental deshabitado desde 1985.<\/p>\n<p>Construido al abrigo de Montejurra, en Ayegui, a tan s\u00f3lo 2 kil\u00f3metros de Estella y rodeado de vi\u00f1edos, el monasterio de Irache se presenta al visitante como una inmensa mole de edificaciones medievales, renacentistas y barrocas.<\/p>\n<p>Fue el primer hospital de peregrinos de Navarra -hasta un siglo m\u00e1s tarde no se construy\u00f3 el hospital de Orreaga\/Roncesvalles- y se levant\u00f3 a instancias del rey Garc\u00eda el de N\u00e1jera (XI).<\/p>\n<p>Su \u00e9poca de esplendor coincidi\u00f3 con los a\u00f1os en los que fue abad San Veremundo (1056-1098), tan generoso con los pobres que les llevaba alimentos escondidos bajo el h\u00e1bito. Cuando sus hermanos de congregaci\u00f3n se lo reprochaban, se levantaba el h\u00e1bito y en lugar de pan aparec\u00edan rosas o astillas de madera para calentar a los mendigos.<\/p>\n<p>El monasterio, construido bajo la advocaci\u00f3n de Santa Mar\u00eda la Real, siempre estuvo habitado, lo que permiti\u00f3 que se conservase en muy buen estado; pero, en 1985, la escasez de vocaciones provoc\u00f3 la marcha de los frailes y, desde entonces, ha estado deshabitado. El conjunto alberg\u00f3 una Universidad entre 1569 y 1824.<\/p>\n<h3>Interior<\/h3>\n<p>El acceso al monasterio es gratuito y de todo el conjunto sorprende el templo rom\u00e1nico, iniciado en el siglo XII sobre los restos de una anterior iglesia prerrom\u00e1nica.<\/p>\n<p>Tiene planta de cruz latina y tres \u00e1bsides semicirculares, testigos de la primitiva construcci\u00f3n, y de ellos destaca el central por una cornisa perfectamente conservada y adornada con animales.<\/p>\n<p>Al templo se puede entrar por dos portadas rom\u00e1nicas, la de San Pedro y la portada principal, talladas con motivos historiados; pero tambi\u00e9n es interesante detenerse ante la puerta Preciosa, que comunica el claustro plateresco con la iglesia y que contiene las im\u00e1genes del Salvador y de Mar\u00eda. La sacrist\u00eda monacal (XVI), la sala capitular con b\u00f3veda nervada, y un amplio edificio de principios del siglo XVII, de estilo herreriano, que alberg\u00f3 la Universidad de Irache, son otras dependencias que debe visitar con detenimiento.<\/p>\n<p>El monasterio, que tambi\u00e9n dispone de un claustro nuevo, conserva m\u00e1s de 7.000 piezas de arte y etnograf\u00eda y una colecci\u00f3n de carruajes que se exhiben expuestos en los pasillos del monasterio.<\/p>\n<p>Durante siglos cobij\u00f3 la imagen de Nuestra Se\u00f1ora de Irache (XII), uno de los m\u00e1s bellos ejemplos de la imaginer\u00eda mariana rom\u00e1nica de Navarra. Es de madera, de un metro de altura y recubierta por una chapa de plata, excepto la cara y las manos. Pero, si quiere admirarla, deber\u00e1 trasladarse hasta la iglesia de Dicastillo, a unos 10 kil\u00f3metros al sur de Ayegui, donde se guarda desde hace un siglo.<\/p>\n<p>Junto al monasterio, existe una fuente que por un ca\u00f1o mana agua y por el otro vino, con la que se pretende saciar la sed y alegrar el camino a los peregrinos. La fuente es propiedad de las Bodegas Irache, ubicadas junto al monasterio y que pueden ser recorridas en visita guiada.[\/vc_column_text][\/vc_column][\/vc_row]<\/p>\n","protected":false},"excerpt":{"rendered":"<p>[vc_row][vc_column width=&#8221;1\/2&#8243;][vc_column_text] Monasterio de Irache [\/vc_column_text][\/vc_column][vc_column width=&#8221;1\/2&#8243;][vc_column_text]Localidad: AYEGUI (31240) Direcci\u00f3n: Monasterio de Irache Zona: La Zona Media Estilo: Rom\u00e1nico Siglos de construcci\u00f3n: XI Tel\u00e9fono: 948554464[\/vc_column_text][\/vc_column][\/vc_row][vc_row][vc_column width=&#8221;1\/1&#8243;][vc_column_text] Historia Hospital de peregrinos, universidad, hospital de guerra, colegio de religiosos y, en un futuro, Parador Nacional. Estas son las distintas funciones que el monasterio de Irache ha ido albergando a lo largo de la historia y que le han convertido en uno de los conjuntos monumentales m\u00e1s importantes de Navarra. Localizaci\u00f3n Su localizaci\u00f3n en el Camino de Santiago, en las proximidades de Estella, le hacen ser parada obligada de peregrinos y amigos de la Ruta Jacobea, con quienes se cruzar\u00e1 en su visita a este monasterio que los benedictinos comenzaron a construir en la segunda mitad del siglo XI sobre otro anterior del siglo VIII. Descripci\u00f3n El recorrido por la iglesia rom\u00e1nica (XII), el claustro plateresco, la torre de estilo herreriano y otras dependencias construidas entre los siglos XVI-XIX le permitir\u00e1n conocer la historia de este conjunto monumental deshabitado desde 1985. Construido al abrigo de Montejurra, en Ayegui, a tan s\u00f3lo 2 kil\u00f3metros de Estella y rodeado de vi\u00f1edos, el monasterio de Irache se presenta al visitante como una inmensa mole de edificaciones [&hellip;]<\/p>\n","protected":false},"author":1,"featured_media":0,"parent":0,"menu_order":0,"comment_status":"closed","ping_status":"closed","template":"","meta":{"footnotes":""},"class_list":["post-7952","page","type-page","status-publish","hentry"],"yoast_head":"<!-- This site is optimized with the Yoast SEO plugin v23.5 - https:\/\/yoast.com\/wordpress\/plugins\/seo\/ -->\n<title>Monasterio de IracheMonasterio de Irache - VisitNavarra<\/title>\n<meta name=\"description\" content=\"Hospital de peregrinos, universidad, hospital de guerra, colegio de religiosos y, en un futuro, Parador Nacional.\" \/>\n<meta name=\"robots\" content=\"index, follow, max-snippet:-1, max-image-preview:large, max-video-preview:-1\" \/>\n<link rel=\"canonical\" href=\"https:\/\/visitnavarra.info\/visitnavarra\/monasterio-de-irache\/\" \/>\n<meta property=\"og:locale\" content=\"es_ES\" \/>\n<meta property=\"og:type\" content=\"article\" \/>\n<meta property=\"og:title\" content=\"Monasterio de IracheMonasterio de Irache - VisitNavarra\" \/>\n<meta property=\"og:description\" content=\"Hospital de peregrinos, universidad, hospital de guerra, colegio de religiosos y, en un futuro, Parador Nacional.\" \/>\n<meta property=\"og:url\" content=\"https:\/\/visitnavarra.info\/visitnavarra\/monasterio-de-irache\/\" \/>\n<meta property=\"og:site_name\" content=\"VisitNavarra\" \/>\n<meta property=\"article:modified_time\" content=\"2024-05-20T10:01:35+00:00\" \/>\n<meta name=\"twitter:card\" content=\"summary_large_image\" \/>\n<meta name=\"twitter:label1\" content=\"Tiempo de lectura\" \/>\n\t<meta name=\"twitter:data1\" content=\"4 minutos\" \/>\n<script type=\"application\/ld+json\" class=\"yoast-schema-graph\">{\"@context\":\"https:\/\/schema.org\",\"@graph\":[{\"@type\":\"WebPage\",\"@id\":\"https:\/\/visitnavarra.info\/visitnavarra\/monasterio-de-irache\/\",\"url\":\"https:\/\/visitnavarra.info\/visitnavarra\/monasterio-de-irache\/\",\"name\":\"Monasterio de IracheMonasterio de Irache - VisitNavarra\",\"isPartOf\":{\"@id\":\"https:\/\/visitnavarra.info\/visitnavarra\/#website\"},\"datePublished\":\"2020-12-10T08:54:59+00:00\",\"dateModified\":\"2024-05-20T10:01:35+00:00\",\"description\":\"Hospital de peregrinos, universidad, hospital de guerra, colegio de religiosos y, en un futuro, Parador Nacional.\",\"breadcrumb\":{\"@id\":\"https:\/\/visitnavarra.info\/visitnavarra\/monasterio-de-irache\/#breadcrumb\"},\"inLanguage\":\"es\",\"potentialAction\":[{\"@type\":\"ReadAction\",\"target\":[\"https:\/\/visitnavarra.info\/visitnavarra\/monasterio-de-irache\/\"]}]},{\"@type\":\"BreadcrumbList\",\"@id\":\"https:\/\/visitnavarra.info\/visitnavarra\/monasterio-de-irache\/#breadcrumb\",\"itemListElement\":[{\"@type\":\"ListItem\",\"position\":1,\"name\":\"Portada\",\"item\":\"https:\/\/visitnavarra.info\/visitnavarra\/\"},{\"@type\":\"ListItem\",\"position\":2,\"name\":\"Monasterio de Irache\"}]},{\"@type\":\"WebSite\",\"@id\":\"https:\/\/visitnavarra.info\/visitnavarra\/#website\",\"url\":\"https:\/\/visitnavarra.info\/visitnavarra\/\",\"name\":\"VisitNavarra\",\"description\":\"Alojamiento y experiencias tur\u00edsticas en Navarra; qu\u00e9 visitar en Navarra; comer en Navarra\",\"potentialAction\":[{\"@type\":\"SearchAction\",\"target\":{\"@type\":\"EntryPoint\",\"urlTemplate\":\"https:\/\/visitnavarra.info\/visitnavarra\/?s={search_term_string}\"},\"query-input\":{\"@type\":\"PropertyValueSpecification\",\"valueRequired\":true,\"valueName\":\"search_term_string\"}}],\"inLanguage\":\"es\"}]}<\/script>\n<!-- \/ Yoast SEO plugin. -->","yoast_head_json":{"title":"Monasterio de IracheMonasterio de Irache - VisitNavarra","description":"Hospital de peregrinos, universidad, hospital de guerra, colegio de religiosos y, en un futuro, Parador Nacional.","robots":{"index":"index","follow":"follow","max-snippet":"max-snippet:-1","max-image-preview":"max-image-preview:large","max-video-preview":"max-video-preview:-1"},"canonical":"https:\/\/visitnavarra.info\/visitnavarra\/monasterio-de-irache\/","og_locale":"es_ES","og_type":"article","og_title":"Monasterio de IracheMonasterio de Irache - VisitNavarra","og_description":"Hospital de peregrinos, universidad, hospital de guerra, colegio de religiosos y, en un futuro, Parador Nacional.","og_url":"https:\/\/visitnavarra.info\/visitnavarra\/monasterio-de-irache\/","og_site_name":"VisitNavarra","article_modified_time":"2024-05-20T10:01:35+00:00","twitter_card":"summary_large_image","twitter_misc":{"Tiempo de lectura":"4 minutos"},"schema":{"@context":"https:\/\/schema.org","@graph":[{"@type":"WebPage","@id":"https:\/\/visitnavarra.info\/visitnavarra\/monasterio-de-irache\/","url":"https:\/\/visitnavarra.info\/visitnavarra\/monasterio-de-irache\/","name":"Monasterio de IracheMonasterio de Irache - VisitNavarra","isPartOf":{"@id":"https:\/\/visitnavarra.info\/visitnavarra\/#website"},"datePublished":"2020-12-10T08:54:59+00:00","dateModified":"2024-05-20T10:01:35+00:00","description":"Hospital de peregrinos, universidad, hospital de guerra, colegio de religiosos y, en un futuro, Parador Nacional.","breadcrumb":{"@id":"https:\/\/visitnavarra.info\/visitnavarra\/monasterio-de-irache\/#breadcrumb"},"inLanguage":"es","potentialAction":[{"@type":"ReadAction","target":["https:\/\/visitnavarra.info\/visitnavarra\/monasterio-de-irache\/"]}]},{"@type":"BreadcrumbList","@id":"https:\/\/visitnavarra.info\/visitnavarra\/monasterio-de-irache\/#breadcrumb","itemListElement":[{"@type":"ListItem","position":1,"name":"Portada","item":"https:\/\/visitnavarra.info\/visitnavarra\/"},{"@type":"ListItem","position":2,"name":"Monasterio de Irache"}]},{"@type":"WebSite","@id":"https:\/\/visitnavarra.info\/visitnavarra\/#website","url":"https:\/\/visitnavarra.info\/visitnavarra\/","name":"VisitNavarra","description":"Alojamiento y experiencias tur\u00edsticas en Navarra; qu\u00e9 visitar en Navarra; comer en Navarra","potentialAction":[{"@type":"SearchAction","target":{"@type":"EntryPoint","urlTemplate":"https:\/\/visitnavarra.info\/visitnavarra\/?s={search_term_string}"},"query-input":{"@type":"PropertyValueSpecification","valueRequired":true,"valueName":"search_term_string"}}],"inLanguage":"es"}]}},"_links":{"self":[{"href":"https:\/\/visitnavarra.info\/visitnavarra\/wp-json\/wp\/v2\/pages\/7952","targetHints":{"allow":["GET"]}}],"collection":[{"href":"https:\/\/visitnavarra.info\/visitnavarra\/wp-json\/wp\/v2\/pages"}],"about":[{"href":"https:\/\/visitnavarra.info\/visitnavarra\/wp-json\/wp\/v2\/types\/page"}],"author":[{"embeddable":true,"href":"https:\/\/visitnavarra.info\/visitnavarra\/wp-json\/wp\/v2\/users\/1"}],"replies":[{"embeddable":true,"href":"https:\/\/visitnavarra.info\/visitnavarra\/wp-json\/wp\/v2\/comments?post=7952"}],"version-history":[{"count":2,"href":"https:\/\/visitnavarra.info\/visitnavarra\/wp-json\/wp\/v2\/pages\/7952\/revisions"}],"predecessor-version":[{"id":13449,"href":"https:\/\/visitnavarra.info\/visitnavarra\/wp-json\/wp\/v2\/pages\/7952\/revisions\/13449"}],"wp:attachment":[{"href":"https:\/\/visitnavarra.info\/visitnavarra\/wp-json\/wp\/v2\/media?parent=7952"}],"curies":[{"name":"wp","href":"https:\/\/api.w.org\/{rel}","templated":true}]}}