{"id":7955,"date":"2020-12-10T09:00:02","date_gmt":"2020-12-10T09:00:02","guid":{"rendered":"https:\/\/visitnavarra.info\/visitnavarra\/?page_id=7955"},"modified":"2024-05-20T10:04:10","modified_gmt":"2024-05-20T10:04:10","slug":"monasterio-de-la-oliva","status":"publish","type":"page","link":"https:\/\/visitnavarra.info\/visitnavarra\/monasterio-de-la-oliva\/","title":{"rendered":"Monasterio de La Oliva"},"content":{"rendered":"<p>[vc_row][vc_column width=&#8221;1\/2&#8243;][vc_column_text]<\/p>\n<h1 style=\"text-align: center;\">Monasterio de La Oliva<\/h1>\n<p>[\/vc_column_text]<div class=\"single_image wpb_content_element align-center  image_box_circle image_box_border  \" data-animation=\"none\" data-delay=\"0\"><img loading=\"lazy\" decoding=\"async\" width=\"217\" height=\"155\" src=\"https:\/\/visitnavarra.info\/visitnavarra\/wp-content\/uploads\/2020\/12\/Monasterio-Oliva.jpg\" class=\"attachment-medium\" alt=\"\" \/><\/div>[\/vc_column][vc_column width=&#8221;1\/2&#8243;][vc_column_text]<strong>Localidad<\/strong>: CARCASTILLO (31310)<br \/>\n<strong>Direcci\u00f3n<\/strong>: Carretera Ctra. Caparroso-Carcastillo km. 17,5<br \/>\n<strong>Zona<\/strong>: La Ribera<br \/>\n<strong>Estilo<\/strong>: Rom\u00e1nico<br \/>\n<strong>Siglos de construcci\u00f3n:<\/strong> XII<br \/>\n<strong>Tel\u00e9fono:<\/strong> 948725006[\/vc_column_text][\/vc_column][\/vc_row][vc_row][vc_column width=&#8221;1\/1&#8243;][vc_column_text]<\/p>\n<h3>Historia<\/h3>\n<p>Los s\u00f3lidos muros de piedra del monasterio de La Oliva atesoran siglos de historia y arte: un oasis de paz y tranquilidad.<\/p>\n<p>La Oliva, uno de los tres monasterios que se conservan en la Ribera de Navarra, es la actual morada de 26 monjes cistercienses a quienes se puede ver, vestidos con t\u00fanicas blancas, paseando y orando por el claustro del cenobio.<\/p>\n<p>Su amplia iglesia, que es uno de los m\u00e1s genuinos ejemplos del arte cisterciense de Espa\u00f1a, el claustro g\u00f3tico, la sala capitular y la capilla de San Jesucristo le descubrir\u00e1n la importancia art\u00edstica de este monasterio, construido en los siglos XII y XIII, en el que resulta f\u00e1cil pasar las horas en tranquila y permanente meditaci\u00f3n.<\/p>\n<p>Su visita le permitir\u00e1 descubrir el valor del silencio, pero tambi\u00e9n la sonoridad de las liturgias diariamente cantadas por los monjes en lengua vern\u00e1cula. A dos kil\u00f3metros de Carcastillo, a orillas del r\u00edo Arag\u00f3n y en medio de una explanada sin apenas vegetaci\u00f3n, se levanta el complejo de edificios medievales que forman el monasterio cisterciense de La Oliva.<\/p>\n<p>Su nombre tiene mucho de leyenda ya que, seg\u00fan cuenta la tradici\u00f3n popular, un rey navarro, en su lucha contra los \u00e1rabes, result\u00f3 herido y fue a morir al pie de un acebuche.<\/p>\n<p>En el lugar del olivo silvestre se construy\u00f3 el monasterio de La Oliva, fundado en 1149 por la orden del Cister.<\/p>\n<p>Tras siglos de esplendor en la Edad Media, la guerra de la independencia y la Desamortizaci\u00f3n dejaron al cenobio en ruinas y abandonado hasta que en el siglo XX se restaur\u00f3 y restituy\u00f3 la vida mon\u00e1stica.<\/p>\n<h3>Descripci\u00f3n<\/h3>\n<p>Al llegar a la explanada del monasterio, nos encontramos ante un conjunto monumental de grandiosa sencillez. La entrada se realiza bajo un profundo arco apuntado a cuyos lados se conservan restos de la antigua muralla del siglo XII y, en la parte superior, el palacio abacial. Al traspasar esta entrada, descubrir\u00e1 un amplio conjunto integrado por varias edificaciones que se agrupan en torno al claustro y patios abiertos.<\/p>\n<p>En la parte central, est\u00e1 la iglesia de Santa Mar\u00eda (XII-XIII) que combina elementos g\u00f3ticos y rom\u00e1nicos. Est\u00e1 considerada como una de las construcciones m\u00e1s perfectas de la escuela hispano-languedociana. Su interior nos descubre un espacio sobrecogedor de tenue iluminaci\u00f3n.<\/p>\n<p>Desde el lado norte de la iglesia se accede a las dependencias medievales del monasterio, distribuidas en torno al claustro del siglo XII reconstruido durante los siglos XIV y XV. Rodeando al claustro, est\u00e1n la sala capitular, una buena muestra de arte protog\u00f3tico, la antigua sacrist\u00eda, el refectorio, la cocina y una grandiosa escalera del XVI. Alrededor de estas dependencias se encuentran los restos de la cillerer\u00eda, y la capilla de San Jesucristo, ubicada en el huerto como si fuese una peque\u00f1a ermita.<\/p>\n<p>Adem\u00e1s de la riqueza art\u00edstica, el cenobio brinda al visitante la oportunidad de asistir, vestido con decoro y guardando silencio, a las liturgias diariamente cantadas por los monjes en lengua vern\u00e1cula, las cuales se celebran a las 4:30 (Rezos); 7:00 (Eucarist\u00eda); 8:15 (Tercia); 12:45 (Sexta); 15:10 (Dona); 18:30 (V\u00edsperas) y 20:45 (Completas y Salve).<\/p>\n<h3>Hospeder\u00eda<\/h3>\n<p>El monasterio, que cuenta con hospeder\u00eda en la que puede alojarse cualquier visitante, dispone tambi\u00e9n de vi\u00f1edos y bodegas, y bajo la marca Monasterio de La Oliva comercializa vinos tintos (reserva, crianza y j\u00f3venes), rosado, vino de licor y vino para celebrar misa. Todos, salvo el licor, est\u00e1n amparados por la Denominaci\u00f3n Origen Navarra y pueden adquirirse en la tienda del monasterio.<\/p>\n<h3>Zonas cercanas<\/h3>\n<p>Si le interesan los espacios naturales, visite la laguna de Pitillas o el embalse del Ferial, una laguna rodeada de pinos; ambas disponen de observatorio de aves. Tambi\u00e9n puede optar por adentrarse en el Parque Natural de las Bardenas Reales o dirigirse a Uju\u00e9 (pocos kil\u00f3metros al norte del monasterio) para comer las t\u00edpicas migas de pastor.[\/vc_column_text][\/vc_column][\/vc_row]<\/p>\n","protected":false},"excerpt":{"rendered":"<p>[vc_row][vc_column width=&#8221;1\/2&#8243;][vc_column_text] Monasterio de La Oliva [\/vc_column_text][\/vc_column][vc_column width=&#8221;1\/2&#8243;][vc_column_text]Localidad: CARCASTILLO (31310) Direcci\u00f3n: Carretera Ctra. Caparroso-Carcastillo km. 17,5 Zona: La Ribera Estilo: Rom\u00e1nico Siglos de construcci\u00f3n: XII Tel\u00e9fono: 948725006[\/vc_column_text][\/vc_column][\/vc_row][vc_row][vc_column width=&#8221;1\/1&#8243;][vc_column_text] Historia Los s\u00f3lidos muros de piedra del monasterio de La Oliva atesoran siglos de historia y arte: un oasis de paz y tranquilidad. La Oliva, uno de los tres monasterios que se conservan en la Ribera de Navarra, es la actual morada de 26 monjes cistercienses a quienes se puede ver, vestidos con t\u00fanicas blancas, paseando y orando por el claustro del cenobio. Su amplia iglesia, que es uno de los m\u00e1s genuinos ejemplos del arte cisterciense de Espa\u00f1a, el claustro g\u00f3tico, la sala capitular y la capilla de San Jesucristo le descubrir\u00e1n la importancia art\u00edstica de este monasterio, construido en los siglos XII y XIII, en el que resulta f\u00e1cil pasar las horas en tranquila y permanente meditaci\u00f3n. Su visita le permitir\u00e1 descubrir el valor del silencio, pero tambi\u00e9n la sonoridad de las liturgias diariamente cantadas por los monjes en lengua vern\u00e1cula. A dos kil\u00f3metros de Carcastillo, a orillas del r\u00edo Arag\u00f3n y en medio de una explanada sin apenas vegetaci\u00f3n, se levanta el complejo de edificios medievales que forman el [&hellip;]<\/p>\n","protected":false},"author":1,"featured_media":0,"parent":0,"menu_order":0,"comment_status":"closed","ping_status":"closed","template":"","meta":{"footnotes":""},"class_list":["post-7955","page","type-page","status-publish","hentry"],"yoast_head":"<!-- This site is optimized with the Yoast SEO plugin v23.5 - https:\/\/yoast.com\/wordpress\/plugins\/seo\/ -->\n<title>Monasterio de La Oliva - VisitNavarra Monasterio de La Oliva<\/title>\n<meta name=\"description\" content=\"Los s\u00f3lidos muros de piedra del monasterio de La Oliva atesoran siglos de historia y arte: un oasis de paz y tranquilidad.\" \/>\n<meta name=\"robots\" content=\"index, follow, max-snippet:-1, max-image-preview:large, max-video-preview:-1\" \/>\n<link rel=\"canonical\" href=\"https:\/\/visitnavarra.info\/visitnavarra\/monasterio-de-la-oliva\/\" \/>\n<meta property=\"og:locale\" content=\"es_ES\" \/>\n<meta property=\"og:type\" content=\"article\" \/>\n<meta property=\"og:title\" content=\"Monasterio de La Oliva - VisitNavarra Monasterio de La Oliva\" \/>\n<meta property=\"og:description\" content=\"Los s\u00f3lidos muros de piedra del monasterio de La Oliva atesoran siglos de historia y arte: un oasis de paz y tranquilidad.\" \/>\n<meta property=\"og:url\" content=\"https:\/\/visitnavarra.info\/visitnavarra\/monasterio-de-la-oliva\/\" \/>\n<meta property=\"og:site_name\" content=\"VisitNavarra\" \/>\n<meta property=\"article:modified_time\" content=\"2024-05-20T10:04:10+00:00\" \/>\n<meta name=\"twitter:card\" content=\"summary_large_image\" \/>\n<meta name=\"twitter:label1\" content=\"Tiempo de lectura\" \/>\n\t<meta name=\"twitter:data1\" content=\"4 minutos\" \/>\n<script type=\"application\/ld+json\" class=\"yoast-schema-graph\">{\"@context\":\"https:\/\/schema.org\",\"@graph\":[{\"@type\":\"WebPage\",\"@id\":\"https:\/\/visitnavarra.info\/visitnavarra\/monasterio-de-la-oliva\/\",\"url\":\"https:\/\/visitnavarra.info\/visitnavarra\/monasterio-de-la-oliva\/\",\"name\":\"Monasterio de La Oliva - VisitNavarra Monasterio de La Oliva\",\"isPartOf\":{\"@id\":\"https:\/\/visitnavarra.info\/visitnavarra\/#website\"},\"datePublished\":\"2020-12-10T09:00:02+00:00\",\"dateModified\":\"2024-05-20T10:04:10+00:00\",\"description\":\"Los s\u00f3lidos muros de piedra del monasterio de La Oliva atesoran siglos de historia y arte: un oasis de paz y tranquilidad.\",\"breadcrumb\":{\"@id\":\"https:\/\/visitnavarra.info\/visitnavarra\/monasterio-de-la-oliva\/#breadcrumb\"},\"inLanguage\":\"es\",\"potentialAction\":[{\"@type\":\"ReadAction\",\"target\":[\"https:\/\/visitnavarra.info\/visitnavarra\/monasterio-de-la-oliva\/\"]}]},{\"@type\":\"BreadcrumbList\",\"@id\":\"https:\/\/visitnavarra.info\/visitnavarra\/monasterio-de-la-oliva\/#breadcrumb\",\"itemListElement\":[{\"@type\":\"ListItem\",\"position\":1,\"name\":\"Portada\",\"item\":\"https:\/\/visitnavarra.info\/visitnavarra\/\"},{\"@type\":\"ListItem\",\"position\":2,\"name\":\"Monasterio de La Oliva\"}]},{\"@type\":\"WebSite\",\"@id\":\"https:\/\/visitnavarra.info\/visitnavarra\/#website\",\"url\":\"https:\/\/visitnavarra.info\/visitnavarra\/\",\"name\":\"VisitNavarra\",\"description\":\"Alojamiento y experiencias tur\u00edsticas en Navarra; qu\u00e9 visitar en Navarra; comer en Navarra\",\"potentialAction\":[{\"@type\":\"SearchAction\",\"target\":{\"@type\":\"EntryPoint\",\"urlTemplate\":\"https:\/\/visitnavarra.info\/visitnavarra\/?s={search_term_string}\"},\"query-input\":{\"@type\":\"PropertyValueSpecification\",\"valueRequired\":true,\"valueName\":\"search_term_string\"}}],\"inLanguage\":\"es\"}]}<\/script>\n<!-- \/ Yoast SEO plugin. -->","yoast_head_json":{"title":"Monasterio de La Oliva - VisitNavarra Monasterio de La Oliva","description":"Los s\u00f3lidos muros de piedra del monasterio de La Oliva atesoran siglos de historia y arte: un oasis de paz y tranquilidad.","robots":{"index":"index","follow":"follow","max-snippet":"max-snippet:-1","max-image-preview":"max-image-preview:large","max-video-preview":"max-video-preview:-1"},"canonical":"https:\/\/visitnavarra.info\/visitnavarra\/monasterio-de-la-oliva\/","og_locale":"es_ES","og_type":"article","og_title":"Monasterio de La Oliva - VisitNavarra Monasterio de La Oliva","og_description":"Los s\u00f3lidos muros de piedra del monasterio de La Oliva atesoran siglos de historia y arte: un oasis de paz y tranquilidad.","og_url":"https:\/\/visitnavarra.info\/visitnavarra\/monasterio-de-la-oliva\/","og_site_name":"VisitNavarra","article_modified_time":"2024-05-20T10:04:10+00:00","twitter_card":"summary_large_image","twitter_misc":{"Tiempo de lectura":"4 minutos"},"schema":{"@context":"https:\/\/schema.org","@graph":[{"@type":"WebPage","@id":"https:\/\/visitnavarra.info\/visitnavarra\/monasterio-de-la-oliva\/","url":"https:\/\/visitnavarra.info\/visitnavarra\/monasterio-de-la-oliva\/","name":"Monasterio de La Oliva - VisitNavarra Monasterio de La Oliva","isPartOf":{"@id":"https:\/\/visitnavarra.info\/visitnavarra\/#website"},"datePublished":"2020-12-10T09:00:02+00:00","dateModified":"2024-05-20T10:04:10+00:00","description":"Los s\u00f3lidos muros de piedra del monasterio de La Oliva atesoran siglos de historia y arte: un oasis de paz y tranquilidad.","breadcrumb":{"@id":"https:\/\/visitnavarra.info\/visitnavarra\/monasterio-de-la-oliva\/#breadcrumb"},"inLanguage":"es","potentialAction":[{"@type":"ReadAction","target":["https:\/\/visitnavarra.info\/visitnavarra\/monasterio-de-la-oliva\/"]}]},{"@type":"BreadcrumbList","@id":"https:\/\/visitnavarra.info\/visitnavarra\/monasterio-de-la-oliva\/#breadcrumb","itemListElement":[{"@type":"ListItem","position":1,"name":"Portada","item":"https:\/\/visitnavarra.info\/visitnavarra\/"},{"@type":"ListItem","position":2,"name":"Monasterio de La Oliva"}]},{"@type":"WebSite","@id":"https:\/\/visitnavarra.info\/visitnavarra\/#website","url":"https:\/\/visitnavarra.info\/visitnavarra\/","name":"VisitNavarra","description":"Alojamiento y experiencias tur\u00edsticas en Navarra; qu\u00e9 visitar en Navarra; comer en Navarra","potentialAction":[{"@type":"SearchAction","target":{"@type":"EntryPoint","urlTemplate":"https:\/\/visitnavarra.info\/visitnavarra\/?s={search_term_string}"},"query-input":{"@type":"PropertyValueSpecification","valueRequired":true,"valueName":"search_term_string"}}],"inLanguage":"es"}]}},"_links":{"self":[{"href":"https:\/\/visitnavarra.info\/visitnavarra\/wp-json\/wp\/v2\/pages\/7955","targetHints":{"allow":["GET"]}}],"collection":[{"href":"https:\/\/visitnavarra.info\/visitnavarra\/wp-json\/wp\/v2\/pages"}],"about":[{"href":"https:\/\/visitnavarra.info\/visitnavarra\/wp-json\/wp\/v2\/types\/page"}],"author":[{"embeddable":true,"href":"https:\/\/visitnavarra.info\/visitnavarra\/wp-json\/wp\/v2\/users\/1"}],"replies":[{"embeddable":true,"href":"https:\/\/visitnavarra.info\/visitnavarra\/wp-json\/wp\/v2\/comments?post=7955"}],"version-history":[{"count":2,"href":"https:\/\/visitnavarra.info\/visitnavarra\/wp-json\/wp\/v2\/pages\/7955\/revisions"}],"predecessor-version":[{"id":13453,"href":"https:\/\/visitnavarra.info\/visitnavarra\/wp-json\/wp\/v2\/pages\/7955\/revisions\/13453"}],"wp:attachment":[{"href":"https:\/\/visitnavarra.info\/visitnavarra\/wp-json\/wp\/v2\/media?parent=7955"}],"curies":[{"name":"wp","href":"https:\/\/api.w.org\/{rel}","templated":true}]}}