{"id":7970,"date":"2020-12-10T10:13:44","date_gmt":"2020-12-10T10:13:44","guid":{"rendered":"https:\/\/visitnavarra.info\/visitnavarra\/?page_id=7970"},"modified":"2024-05-20T11:32:37","modified_gmt":"2024-05-20T11:32:37","slug":"palacio-del-marques-de-huarte","status":"publish","type":"page","link":"https:\/\/visitnavarra.info\/visitnavarra\/palacio-del-marques-de-huarte\/","title":{"rendered":"Palacio del Marqu\u00e9s de Huarte"},"content":{"rendered":"<p>[vc_row][vc_column width=&#8221;1\/2&#8243;][vc_column_text]<\/p>\n<h1 style=\"text-align: center;\">Palacio del Marqu\u00e9s de Huarte<\/h1>\n<p>[\/vc_column_text]<div class=\"single_image wpb_content_element align-center  image_box_circle image_box_border  \" data-animation=\"none\" data-delay=\"0\"><img loading=\"lazy\" decoding=\"async\" width=\"217\" height=\"155\" src=\"https:\/\/visitnavarra.info\/visitnavarra\/wp-content\/uploads\/2020\/12\/Palacio-Marques-Huarte.jpg\" class=\"attachment-medium\" alt=\"\" \/><\/div>[\/vc_column][vc_column width=&#8221;1\/2&#8243;][vc_column_text]<strong>Localidad<\/strong>: TUDELA (31500)<br \/>\n<strong>Direcci\u00f3n<\/strong>: Calle Herrer\u00edas, 14<br \/>\n<strong>Zona<\/strong>: La Ribera<br \/>\n<strong>Enlaces de Inter\u00e9s:<\/strong> www.tudela.com<br \/>\n<strong>Estilo<\/strong>: Barroco<br \/>\n<strong>Siglos de construcci\u00f3n:<\/strong> XVIII<br \/>\n<strong>Precio visita:<\/strong> Gratis<br \/>\n<strong>Tel\u00e9fonos:<\/strong> 948848330 &#8211; 948848083[\/vc_column_text][\/vc_column][\/vc_row][vc_row][vc_column width=&#8221;1\/1&#8243;][vc_column_text]<\/p>\n<h3>Descripci\u00f3n<\/h3>\n<p>El palacio del Marqu\u00e9s de Huarte de Tudela es un edificio barroco que seduce. Los gustos del siglo XVII impactan con la profusi\u00f3n decorativa de su fachada principal y con la exuberancia constructiva de su patio interior y de su escalera imperial, la m\u00e1s bella de Navarra.<\/p>\n<p>Los juegos lum\u00ednicos cobran protagonismo y llevan la mirada hasta la esbelta linterna que cubre el patio.<\/p>\n<p>El palacio que hoy alberga la Biblioteca P\u00fablica y el Archivo de la Ciudad, fue en otros tiempos residencia de insignes personalidades que visitaron Tudela, como Carlos IV, Fernando VII o Isabel II de Castilla. El palacio del Marqu\u00e9s de Huarte se encuentra en la calle Herrer\u00eda, al oeste de Tudela, en el antiguo barrio de extramuros que levantaron los \u00e1rabes tras la conquista cristiana.<\/p>\n<p>Es el ejemplo de arquitectura civil m\u00e1s representativo del barroco de la Ribera de Navarra. De este majestuoso edificio destaca la decoraci\u00f3n de la fachada principal y, en el interior, la escalera imperial, el patio y su cubierta.<\/p>\n<p>Para su construcci\u00f3n se aprovecharon tres casas medievales estrechas y profundas que se encontraban en el solar. El edificio, que se erigi\u00f3 entre 1742 y 1745, consta de bodegas, planta baja, planta noble, donde se situaban las dependencias principales, segunda planta, destinada a los dormitorios, y una tercera utilizada por el servicio.<\/p>\n<p>La fachada principal del palacio se localiza en la calle Mercadal. Ac\u00e9rquese hasta ella para contemplar la exuberante decoraci\u00f3n de figuras y motivos vegetales que rodea las ventanas y balcones.<\/p>\n<p>Para poder dotar a la pared de pinturas al fresco, hubo que cubrir su superficie con sucesivas capas de yeso. La fachada secundaria, hoy de acceso al edificio, se asoma a la calle Herrer\u00edas y est\u00e1 realizada en ladrillo, con un aspecto mucho m\u00e1s sobrio.<\/p>\n<p>En el patio del palacio del Marqu\u00e9s de Huarte le espera una sorpresa: la doble escalera imperial, considerada la m\u00e1s bella de Navarra. Si asciende por ella, podr\u00e1 obtener perspectivas diferentes, realzadas por los juegos de luces que se crean para acentuar el efecto barroco del inmueble. No abandone el patio sin levantar la vista hacia la b\u00f3veda que lo cubre y descubrir su magn\u00edfica linterna y los cuatro elementos colgantes que caen del techo, de los que penden unos amorcillos barrocos.<\/p>\n<p>Inicialmente, el palacio se dise\u00f1\u00f3 para albergar a dos familias, la de Do\u00f1a Francisca de Francia y la de su hijo Diego Huarte y de Francia, poseedor del mayorazgo de Huarte. Esto explicar\u00eda la doble entrada al palacio por dos calles diferentes, la doble escalera y la peculiar distribuci\u00f3n de espacios.<\/p>\n<p>Este majestuoso edificio sirvi\u00f3 de residencia a personalidades de la talla de Isabel II, Alfonso XII o el general Espartero. En la actualidad, alberga la biblioteca municipal, los archivos de la ciudad y un peque\u00f1o museo que exhibe una hermosa berlina del S. XVIII perteneciente a los marqueses de San Adri\u00e1n.<\/p>\n<p>Cuando finalice su visita al Palacio del Marqu\u00e9s de Huarte, no deje de visitar otros palacios de Tudela, como el del Marqu\u00e9s de San Adri\u00e1n o el del De\u00e1n, o edificios de gran calado art\u00edstico como la catedral de Santa Mar\u00eda.[\/vc_column_text][\/vc_column][\/vc_row]<\/p>\n","protected":false},"excerpt":{"rendered":"<p>[vc_row][vc_column width=&#8221;1\/2&#8243;][vc_column_text] Palacio del Marqu\u00e9s de Huarte [\/vc_column_text][\/vc_column][vc_column width=&#8221;1\/2&#8243;][vc_column_text]Localidad: TUDELA (31500) Direcci\u00f3n: Calle Herrer\u00edas, 14 Zona: La Ribera Enlaces de Inter\u00e9s: www.tudela.com Estilo: Barroco Siglos de construcci\u00f3n: XVIII Precio visita: Gratis Tel\u00e9fonos: 948848330 &#8211; 948848083[\/vc_column_text][\/vc_column][\/vc_row][vc_row][vc_column width=&#8221;1\/1&#8243;][vc_column_text] Descripci\u00f3n El palacio del Marqu\u00e9s de Huarte de Tudela es un edificio barroco que seduce. Los gustos del siglo XVII impactan con la profusi\u00f3n decorativa de su fachada principal y con la exuberancia constructiva de su patio interior y de su escalera imperial, la m\u00e1s bella de Navarra. Los juegos lum\u00ednicos cobran protagonismo y llevan la mirada hasta la esbelta linterna que cubre el patio. El palacio que hoy alberga la Biblioteca P\u00fablica y el Archivo de la Ciudad, fue en otros tiempos residencia de insignes personalidades que visitaron Tudela, como Carlos IV, Fernando VII o Isabel II de Castilla. El palacio del Marqu\u00e9s de Huarte se encuentra en la calle Herrer\u00eda, al oeste de Tudela, en el antiguo barrio de extramuros que levantaron los \u00e1rabes tras la conquista cristiana. Es el ejemplo de arquitectura civil m\u00e1s representativo del barroco de la Ribera de Navarra. De este majestuoso edificio destaca la decoraci\u00f3n de la fachada principal y, en el interior, la escalera imperial, el [&hellip;]<\/p>\n","protected":false},"author":1,"featured_media":0,"parent":0,"menu_order":0,"comment_status":"closed","ping_status":"closed","template":"","meta":{"footnotes":""},"class_list":["post-7970","page","type-page","status-publish","hentry"],"yoast_head":"<!-- This site is optimized with the Yoast SEO plugin v23.5 - https:\/\/yoast.com\/wordpress\/plugins\/seo\/ -->\n<title>Palacio del Marqu\u00e9s de Huarte - VisitNavarra<\/title>\n<meta name=\"description\" content=\"El palacio del Marqu\u00e9s de Huarte de Tudela es un edificio barroco que seduce. Los gustos del siglo XVII impactan con la profusi\u00f3n decorativa\" \/>\n<meta name=\"robots\" content=\"index, follow, max-snippet:-1, max-image-preview:large, max-video-preview:-1\" \/>\n<link rel=\"canonical\" href=\"https:\/\/visitnavarra.info\/visitnavarra\/palacio-del-marques-de-huarte\/\" \/>\n<meta property=\"og:locale\" content=\"es_ES\" \/>\n<meta property=\"og:type\" content=\"article\" \/>\n<meta property=\"og:title\" content=\"Palacio del Marqu\u00e9s de Huarte - VisitNavarra\" \/>\n<meta property=\"og:description\" content=\"El palacio del Marqu\u00e9s de Huarte de Tudela es un edificio barroco que seduce. Los gustos del siglo XVII impactan con la profusi\u00f3n decorativa\" \/>\n<meta property=\"og:url\" content=\"https:\/\/visitnavarra.info\/visitnavarra\/palacio-del-marques-de-huarte\/\" \/>\n<meta property=\"og:site_name\" content=\"VisitNavarra\" \/>\n<meta property=\"article:modified_time\" content=\"2024-05-20T11:32:37+00:00\" \/>\n<meta name=\"twitter:card\" content=\"summary_large_image\" \/>\n<meta name=\"twitter:label1\" content=\"Tiempo de lectura\" \/>\n\t<meta name=\"twitter:data1\" content=\"3 minutos\" \/>\n<script type=\"application\/ld+json\" class=\"yoast-schema-graph\">{\"@context\":\"https:\/\/schema.org\",\"@graph\":[{\"@type\":\"WebPage\",\"@id\":\"https:\/\/visitnavarra.info\/visitnavarra\/palacio-del-marques-de-huarte\/\",\"url\":\"https:\/\/visitnavarra.info\/visitnavarra\/palacio-del-marques-de-huarte\/\",\"name\":\"Palacio del Marqu\u00e9s de Huarte - VisitNavarra\",\"isPartOf\":{\"@id\":\"https:\/\/visitnavarra.info\/visitnavarra\/#website\"},\"datePublished\":\"2020-12-10T10:13:44+00:00\",\"dateModified\":\"2024-05-20T11:32:37+00:00\",\"description\":\"El palacio del Marqu\u00e9s de Huarte de Tudela es un edificio barroco que seduce. Los gustos del siglo XVII impactan con la profusi\u00f3n decorativa\",\"breadcrumb\":{\"@id\":\"https:\/\/visitnavarra.info\/visitnavarra\/palacio-del-marques-de-huarte\/#breadcrumb\"},\"inLanguage\":\"es\",\"potentialAction\":[{\"@type\":\"ReadAction\",\"target\":[\"https:\/\/visitnavarra.info\/visitnavarra\/palacio-del-marques-de-huarte\/\"]}]},{\"@type\":\"BreadcrumbList\",\"@id\":\"https:\/\/visitnavarra.info\/visitnavarra\/palacio-del-marques-de-huarte\/#breadcrumb\",\"itemListElement\":[{\"@type\":\"ListItem\",\"position\":1,\"name\":\"Portada\",\"item\":\"https:\/\/visitnavarra.info\/visitnavarra\/\"},{\"@type\":\"ListItem\",\"position\":2,\"name\":\"Palacio del Marqu\u00e9s de Huarte\"}]},{\"@type\":\"WebSite\",\"@id\":\"https:\/\/visitnavarra.info\/visitnavarra\/#website\",\"url\":\"https:\/\/visitnavarra.info\/visitnavarra\/\",\"name\":\"VisitNavarra\",\"description\":\"Alojamiento y experiencias tur\u00edsticas en Navarra; qu\u00e9 visitar en Navarra; comer en Navarra\",\"potentialAction\":[{\"@type\":\"SearchAction\",\"target\":{\"@type\":\"EntryPoint\",\"urlTemplate\":\"https:\/\/visitnavarra.info\/visitnavarra\/?s={search_term_string}\"},\"query-input\":{\"@type\":\"PropertyValueSpecification\",\"valueRequired\":true,\"valueName\":\"search_term_string\"}}],\"inLanguage\":\"es\"}]}<\/script>\n<!-- \/ Yoast SEO plugin. -->","yoast_head_json":{"title":"Palacio del Marqu\u00e9s de Huarte - VisitNavarra","description":"El palacio del Marqu\u00e9s de Huarte de Tudela es un edificio barroco que seduce. Los gustos del siglo XVII impactan con la profusi\u00f3n decorativa","robots":{"index":"index","follow":"follow","max-snippet":"max-snippet:-1","max-image-preview":"max-image-preview:large","max-video-preview":"max-video-preview:-1"},"canonical":"https:\/\/visitnavarra.info\/visitnavarra\/palacio-del-marques-de-huarte\/","og_locale":"es_ES","og_type":"article","og_title":"Palacio del Marqu\u00e9s de Huarte - VisitNavarra","og_description":"El palacio del Marqu\u00e9s de Huarte de Tudela es un edificio barroco que seduce. Los gustos del siglo XVII impactan con la profusi\u00f3n decorativa","og_url":"https:\/\/visitnavarra.info\/visitnavarra\/palacio-del-marques-de-huarte\/","og_site_name":"VisitNavarra","article_modified_time":"2024-05-20T11:32:37+00:00","twitter_card":"summary_large_image","twitter_misc":{"Tiempo de lectura":"3 minutos"},"schema":{"@context":"https:\/\/schema.org","@graph":[{"@type":"WebPage","@id":"https:\/\/visitnavarra.info\/visitnavarra\/palacio-del-marques-de-huarte\/","url":"https:\/\/visitnavarra.info\/visitnavarra\/palacio-del-marques-de-huarte\/","name":"Palacio del Marqu\u00e9s de Huarte - VisitNavarra","isPartOf":{"@id":"https:\/\/visitnavarra.info\/visitnavarra\/#website"},"datePublished":"2020-12-10T10:13:44+00:00","dateModified":"2024-05-20T11:32:37+00:00","description":"El palacio del Marqu\u00e9s de Huarte de Tudela es un edificio barroco que seduce. Los gustos del siglo XVII impactan con la profusi\u00f3n decorativa","breadcrumb":{"@id":"https:\/\/visitnavarra.info\/visitnavarra\/palacio-del-marques-de-huarte\/#breadcrumb"},"inLanguage":"es","potentialAction":[{"@type":"ReadAction","target":["https:\/\/visitnavarra.info\/visitnavarra\/palacio-del-marques-de-huarte\/"]}]},{"@type":"BreadcrumbList","@id":"https:\/\/visitnavarra.info\/visitnavarra\/palacio-del-marques-de-huarte\/#breadcrumb","itemListElement":[{"@type":"ListItem","position":1,"name":"Portada","item":"https:\/\/visitnavarra.info\/visitnavarra\/"},{"@type":"ListItem","position":2,"name":"Palacio del Marqu\u00e9s de Huarte"}]},{"@type":"WebSite","@id":"https:\/\/visitnavarra.info\/visitnavarra\/#website","url":"https:\/\/visitnavarra.info\/visitnavarra\/","name":"VisitNavarra","description":"Alojamiento y experiencias tur\u00edsticas en Navarra; qu\u00e9 visitar en Navarra; comer en Navarra","potentialAction":[{"@type":"SearchAction","target":{"@type":"EntryPoint","urlTemplate":"https:\/\/visitnavarra.info\/visitnavarra\/?s={search_term_string}"},"query-input":{"@type":"PropertyValueSpecification","valueRequired":true,"valueName":"search_term_string"}}],"inLanguage":"es"}]}},"_links":{"self":[{"href":"https:\/\/visitnavarra.info\/visitnavarra\/wp-json\/wp\/v2\/pages\/7970","targetHints":{"allow":["GET"]}}],"collection":[{"href":"https:\/\/visitnavarra.info\/visitnavarra\/wp-json\/wp\/v2\/pages"}],"about":[{"href":"https:\/\/visitnavarra.info\/visitnavarra\/wp-json\/wp\/v2\/types\/page"}],"author":[{"embeddable":true,"href":"https:\/\/visitnavarra.info\/visitnavarra\/wp-json\/wp\/v2\/users\/1"}],"replies":[{"embeddable":true,"href":"https:\/\/visitnavarra.info\/visitnavarra\/wp-json\/wp\/v2\/comments?post=7970"}],"version-history":[{"count":2,"href":"https:\/\/visitnavarra.info\/visitnavarra\/wp-json\/wp\/v2\/pages\/7970\/revisions"}],"predecessor-version":[{"id":13522,"href":"https:\/\/visitnavarra.info\/visitnavarra\/wp-json\/wp\/v2\/pages\/7970\/revisions\/13522"}],"wp:attachment":[{"href":"https:\/\/visitnavarra.info\/visitnavarra\/wp-json\/wp\/v2\/media?parent=7970"}],"curies":[{"name":"wp","href":"https:\/\/api.w.org\/{rel}","templated":true}]}}