{"id":7973,"date":"2020-12-10T10:22:26","date_gmt":"2020-12-10T10:22:26","guid":{"rendered":"https:\/\/visitnavarra.info\/visitnavarra\/?page_id=7973"},"modified":"2024-05-20T11:30:03","modified_gmt":"2024-05-20T11:30:03","slug":"palacio-real-de-olite","status":"publish","type":"page","link":"https:\/\/visitnavarra.info\/visitnavarra\/palacio-real-de-olite\/","title":{"rendered":"Palacio Real de Olite"},"content":{"rendered":"<p>[vc_row][vc_column width=&#8221;1\/2&#8243;][vc_column_text]<\/p>\n<h1 style=\"text-align: center;\">Palacio Real de Olite<\/h1>\n<p>[\/vc_column_text]<div class=\"single_image wpb_content_element align-center  image_box_circle image_box_border  \" data-animation=\"none\" data-delay=\"0\"><img loading=\"lazy\" decoding=\"async\" width=\"217\" height=\"155\" src=\"https:\/\/visitnavarra.info\/visitnavarra\/wp-content\/uploads\/2020\/12\/Palacio-Real-Olite.jpg\" class=\"attachment-medium\" alt=\"\" \/><\/div>[\/vc_column][vc_column width=&#8221;1\/2&#8243;][vc_column_text]<strong>Localidad<\/strong>: OLITE (31390)<br \/>\n<strong>Direcci\u00f3n<\/strong>: Plaza Plaza Carlos III El Noble<br \/>\n<strong>Zona<\/strong>: La Zona Media<br \/>\n<strong>Web<\/strong>: www.palaciorealdeolite.com<br \/>\n<strong>Estilo<\/strong>: G\u00f3tico<br \/>\n<strong>Siglos de construcci\u00f3n:<\/strong> XIV<br \/>\n<strong>Horario de visita:<\/strong> de lunes a domingo de 10:00 a 18:00.<br \/>\n<strong>Tel\u00e9fono:<\/strong> 948740035[\/vc_column_text][\/vc_column][\/vc_row][vc_row][vc_column width=&#8221;1\/1&#8243;][vc_column_text]<\/p>\n<h3>Historia<\/h3>\n<p>El Palacio Real de Olite, corte de los Reyes de Navarra hasta la uni\u00f3n con Castilla (1512), fue uno de los castillos medievales m\u00e1s lujosos de Europa.<\/p>\n<p>As\u00ed, un viajero alem\u00e1n del siglo XV escribi\u00f3 en su diario, que hoy se conserva en el British Museum de Londres: &#8220;Seguro estoy que no hay rey que tenga palacio ni castillo m\u00e1s hermoso y de tantas habitaciones doradas&#8221;.<\/p>\n<p>Contemplando su majestuoso perfil y la elegancia de sus caprichosas torres, no resulta dif\u00edcil trasladarse al medievo e imaginar c\u00f3mo era la vida cortesana en un palacio que contaba con ricas decoraciones, ex\u00f3ticos jardines e incluso un zool\u00f3gico.<\/p>\n<p>En \u00e9l se celebraban justas y torneos, juegos de pelota e incluso corridas de toros. Olite rememora aquel pasado, en el que lleg\u00f3 a ser la sede de la Corte en tiempos de Carlos III el Noble, durante sus Fiestas Medievales.<\/p>\n<p>El Palacio Real de Olite es la prueba del esplendor cortesano que durante la Edad Media vivi\u00f3 la ciudad de Olite, hist\u00f3rica localidad situada en la Zona Media de Navarra, a 42 kil\u00f3metros al sur de Pamplona.<\/p>\n<p>Declarado Monumento Nacional en el a\u00f1o 1925, ocupa un tercio del casco urbano medieval y est\u00e1 considerado como uno de los conjuntos civiles g\u00f3ticos m\u00e1s interesantes de Europa.<\/p>\n<p>Emplazado sobre restos de una antigua fortaleza romana, durante los siglos XIII-XIV sufri\u00f3 diversas transformaciones. Esta parte es la que se conoce como Palacio Viejo y la que actualmente acoge el <strong>Parador Nacional de Turismo &#8220;Pr\u00edncipe de Viana&#8221;<\/strong>. De ese antiguo edificio se conservan los muros exteriores y las torres. En su fachada destacan los ventanales g\u00f3ticos, la puerta principal renacentista y la torre de la Atalaya.<\/p>\n<p>Pero su gran desarrollo fue impulsado desde principios del siglo XV por el rey Carlos III el Noble, que para tal fin atrajo a su corte a numerosos maestros peninsulares y europeos. El Palacio nuevo se edific\u00f3 en estilo g\u00f3tico civil franc\u00e9s. Y es que el Rey, nacido en Nantes, proced\u00eda de una importante dinast\u00eda de la nobleza francesa, cuya influencia le hizo desarrollar su imaginaci\u00f3n y buen gusto en el Palacio de Olite, que convirti\u00f3 en su palacio predilecto.<\/p>\n<p>El palacio qued\u00f3 parcialmente destruido en un pavoroso incendio provocado en 1813 por el general Espoz y Mina para evitar que los franceses, en su retirada, se hiciesen fuertes en el castillo. Su aspecto actual es fruto de una cuidadosa restauraci\u00f3n acometida en 1937 que ha intentado devolverle el aspecto primitivo. Se caracteriza por grandes muros de piedra que describen un per\u00edmetro de entrantes y salientes, y torretas circulares con cubiertas de pizarra que se levantan en las esquinas.<\/p>\n<h3>Descripci\u00f3n<\/h3>\n<p>Un amplio patio da acceso al interior del recinto, que puede visitar acompa\u00f1ado de un gu\u00eda. Junto a este patio, antiguo jard\u00edn de los toronjales, se hallan otros dos llamados de la &#8220;Pajarera&#8221; y de la &#8220;Morera&#8221;. En este \u00faltimo existe una morera de varios siglos declarada Monumento Natural.<\/p>\n<p>Detr\u00e1s encontrar\u00e1 el n\u00facleo central del Palacio Nuevo, en cuyo piso noble se conservan las c\u00e1maras del Rey, con amplios ventanales abocinados, y de la Reina. Desde la primera c\u00e1mara se accede a la Galer\u00eda del Rey, mientras que la c\u00e1mara de la Reina comunica con un peque\u00f1o patio llamado del &#8220;Naranjo&#8221; o &#8220;jard\u00edn de la Reina&#8221;.<\/p>\n<p>Sobre el n\u00facleo central que alberga las c\u00e1maras se alza la silueta de las distintas torres almenadas. La m\u00e1s alta y espectacular es la torre del &#8220;Homenaje&#8221;, mientras que la m\u00e1s caprichosa es la de las &#8220;Tres Coronas&#8221;. Desde la torre de los &#8220;Cuatro Vientos&#8221; los reyes segu\u00edan los torneos. Ahora no podr\u00e1 ver torneos, pero s\u00ed disfrutar\u00e1 de una bella panor\u00e1mica.<\/p>\n<p>En la zona m\u00e1s sombr\u00eda del palacio encontrar\u00e1 el pozo del hielo, cuya tapadera recuerda a una enorme c\u00e1scara de huevo. En \u00e9l se guardaban capas de nieve para conservar los alimentos, de ah\u00ed que se conozca como &#8220;la nevera&#8221;.<\/p>\n<p>Durante su visita no olvide el lujo que rodeaba a este palacio. Contaba con ex\u00f3ticos jardines, algunos suspendidos a casi 20 metros de altura y un peque\u00f1o parque zool\u00f3gico con leonera que se hallaba en los desaparecidos Jardines o Huertos del Rey, al este del actual Palacio. Adem\u00e1s sus paredes estaban ricamente decoradas con azulejos, yeser\u00edas y techos de madera tallada. Tras el incendio, s\u00f3lo permanece la decoraci\u00f3n de la conocida como C\u00e1mara de los Yesos.<\/p>\n<p>Fue escenario de juegos como la pelota y la raqueta y, en ocasiones especiales, se celebraban justas y torneos, como los organizados durante la boda de la princesa borgo\u00f1ona Agnes de Cl\u00e8ves y el Pr\u00edncipe de Viana, hijo de Carlos III, y cuyo t\u00edtulo lo ostentan hoy los Pr\u00edncipes de Asturias. Otra diversi\u00f3n muy arraigada fueron las corridas de toros.<\/p>\n<h3>Y adem\u00e1s del Palacio&#8230;<\/h3>\n<p>En la plaza que sirve de antesala al castillo, a trav\u00e9s de unas escaleras de caracol, accederemos a las galer\u00edas medievales en las que existe un exposici\u00f3n sobre la vida de la corte de Carlos III el Noble.<\/p>\n<p>La visita al palacio puede completarse con la iglesia g\u00f3tica de Santa Mar\u00eda y la rom\u00e1nica de San Pedro, dotada de claustro y airosa torre g\u00f3tica rematada por aguja, que rivaliza con las que animan el perfil del Palacio. Asimismo podr\u00e1 conocer el recinto amurallado romano m\u00e1s completo y mejor conservado de Navarra, si recorre sus murallas defensivas. Callejee sin prisa, recorra sus r\u00faas y como colof\u00f3n, disfrute en la mesa de las especialidades de la zona regadas por los afamados vinos de Olite, que ostentan la Denominaci\u00f3n de Origen Navarra. No olvide visitar el Museo del Vino de Navarra, que tiene su sede en esta localidad.<\/p>\n<p>Y si desea retroceder a la Edad Media en Olite, nada mejor que acercarse durante las Fiestas Medievales, que se celebran en el mes de agosto a lo largo de tres d\u00edas. En la trasera del palacio tiene lugar tambi\u00e9n en el verano parte del programa del Festival de Teatro Cl\u00e1sico de Olite.[\/vc_column_text][\/vc_column][\/vc_row]<\/p>\n","protected":false},"excerpt":{"rendered":"<p>[vc_row][vc_column width=&#8221;1\/2&#8243;][vc_column_text] Palacio Real de Olite [\/vc_column_text][\/vc_column][vc_column width=&#8221;1\/2&#8243;][vc_column_text]Localidad: OLITE (31390) Direcci\u00f3n: Plaza Plaza Carlos III El Noble Zona: La Zona Media Web: www.palaciorealdeolite.com Estilo: G\u00f3tico Siglos de construcci\u00f3n: XIV Horario de visita: de lunes a domingo de 10:00 a 18:00. Tel\u00e9fono: 948740035[\/vc_column_text][\/vc_column][\/vc_row][vc_row][vc_column width=&#8221;1\/1&#8243;][vc_column_text] Historia El Palacio Real de Olite, corte de los Reyes de Navarra hasta la uni\u00f3n con Castilla (1512), fue uno de los castillos medievales m\u00e1s lujosos de Europa. As\u00ed, un viajero alem\u00e1n del siglo XV escribi\u00f3 en su diario, que hoy se conserva en el British Museum de Londres: &#8220;Seguro estoy que no hay rey que tenga palacio ni castillo m\u00e1s hermoso y de tantas habitaciones doradas&#8221;. Contemplando su majestuoso perfil y la elegancia de sus caprichosas torres, no resulta dif\u00edcil trasladarse al medievo e imaginar c\u00f3mo era la vida cortesana en un palacio que contaba con ricas decoraciones, ex\u00f3ticos jardines e incluso un zool\u00f3gico. En \u00e9l se celebraban justas y torneos, juegos de pelota e incluso corridas de toros. Olite rememora aquel pasado, en el que lleg\u00f3 a ser la sede de la Corte en tiempos de Carlos III el Noble, durante sus Fiestas Medievales. El Palacio Real de Olite es la prueba del esplendor cortesano [&hellip;]<\/p>\n","protected":false},"author":1,"featured_media":0,"parent":0,"menu_order":0,"comment_status":"closed","ping_status":"closed","template":"","meta":{"footnotes":""},"class_list":["post-7973","page","type-page","status-publish","hentry"],"yoast_head":"<!-- This site is optimized with the Yoast SEO plugin v23.5 - https:\/\/yoast.com\/wordpress\/plugins\/seo\/ -->\n<title>Palacio Real de Olite - VisitNavarra Palacio Real de Olite<\/title>\n<meta name=\"description\" content=\"El Palacio Real de Olite, corte de los Reyes de Navarra hasta la uni\u00f3n con Castilla fue uno de los castillos medievales m\u00e1s lujosos de Europa.\" \/>\n<meta name=\"robots\" content=\"index, follow, max-snippet:-1, max-image-preview:large, max-video-preview:-1\" \/>\n<link rel=\"canonical\" href=\"https:\/\/visitnavarra.info\/visitnavarra\/palacio-real-de-olite\/\" \/>\n<meta property=\"og:locale\" content=\"es_ES\" \/>\n<meta property=\"og:type\" content=\"article\" \/>\n<meta property=\"og:title\" content=\"Palacio Real de Olite - VisitNavarra Palacio Real de Olite\" \/>\n<meta property=\"og:description\" content=\"El Palacio Real de Olite, corte de los Reyes de Navarra hasta la uni\u00f3n con Castilla fue uno de los castillos medievales m\u00e1s lujosos de Europa.\" \/>\n<meta property=\"og:url\" content=\"https:\/\/visitnavarra.info\/visitnavarra\/palacio-real-de-olite\/\" \/>\n<meta property=\"og:site_name\" content=\"VisitNavarra\" \/>\n<meta property=\"article:modified_time\" content=\"2024-05-20T11:30:03+00:00\" \/>\n<meta name=\"twitter:card\" content=\"summary_large_image\" \/>\n<meta name=\"twitter:label1\" content=\"Tiempo de lectura\" \/>\n\t<meta name=\"twitter:data1\" content=\"5 minutos\" \/>\n<script type=\"application\/ld+json\" class=\"yoast-schema-graph\">{\"@context\":\"https:\/\/schema.org\",\"@graph\":[{\"@type\":\"WebPage\",\"@id\":\"https:\/\/visitnavarra.info\/visitnavarra\/palacio-real-de-olite\/\",\"url\":\"https:\/\/visitnavarra.info\/visitnavarra\/palacio-real-de-olite\/\",\"name\":\"Palacio Real de Olite - VisitNavarra Palacio Real de Olite\",\"isPartOf\":{\"@id\":\"https:\/\/visitnavarra.info\/visitnavarra\/#website\"},\"datePublished\":\"2020-12-10T10:22:26+00:00\",\"dateModified\":\"2024-05-20T11:30:03+00:00\",\"description\":\"El Palacio Real de Olite, corte de los Reyes de Navarra hasta la uni\u00f3n con Castilla fue uno de los castillos medievales m\u00e1s lujosos de Europa.\",\"breadcrumb\":{\"@id\":\"https:\/\/visitnavarra.info\/visitnavarra\/palacio-real-de-olite\/#breadcrumb\"},\"inLanguage\":\"es\",\"potentialAction\":[{\"@type\":\"ReadAction\",\"target\":[\"https:\/\/visitnavarra.info\/visitnavarra\/palacio-real-de-olite\/\"]}]},{\"@type\":\"BreadcrumbList\",\"@id\":\"https:\/\/visitnavarra.info\/visitnavarra\/palacio-real-de-olite\/#breadcrumb\",\"itemListElement\":[{\"@type\":\"ListItem\",\"position\":1,\"name\":\"Portada\",\"item\":\"https:\/\/visitnavarra.info\/visitnavarra\/\"},{\"@type\":\"ListItem\",\"position\":2,\"name\":\"Palacio Real de Olite\"}]},{\"@type\":\"WebSite\",\"@id\":\"https:\/\/visitnavarra.info\/visitnavarra\/#website\",\"url\":\"https:\/\/visitnavarra.info\/visitnavarra\/\",\"name\":\"VisitNavarra\",\"description\":\"Alojamiento y experiencias tur\u00edsticas en Navarra; qu\u00e9 visitar en Navarra; comer en Navarra\",\"potentialAction\":[{\"@type\":\"SearchAction\",\"target\":{\"@type\":\"EntryPoint\",\"urlTemplate\":\"https:\/\/visitnavarra.info\/visitnavarra\/?s={search_term_string}\"},\"query-input\":{\"@type\":\"PropertyValueSpecification\",\"valueRequired\":true,\"valueName\":\"search_term_string\"}}],\"inLanguage\":\"es\"}]}<\/script>\n<!-- \/ Yoast SEO plugin. -->","yoast_head_json":{"title":"Palacio Real de Olite - VisitNavarra Palacio Real de Olite","description":"El Palacio Real de Olite, corte de los Reyes de Navarra hasta la uni\u00f3n con Castilla fue uno de los castillos medievales m\u00e1s lujosos de Europa.","robots":{"index":"index","follow":"follow","max-snippet":"max-snippet:-1","max-image-preview":"max-image-preview:large","max-video-preview":"max-video-preview:-1"},"canonical":"https:\/\/visitnavarra.info\/visitnavarra\/palacio-real-de-olite\/","og_locale":"es_ES","og_type":"article","og_title":"Palacio Real de Olite - VisitNavarra Palacio Real de Olite","og_description":"El Palacio Real de Olite, corte de los Reyes de Navarra hasta la uni\u00f3n con Castilla fue uno de los castillos medievales m\u00e1s lujosos de Europa.","og_url":"https:\/\/visitnavarra.info\/visitnavarra\/palacio-real-de-olite\/","og_site_name":"VisitNavarra","article_modified_time":"2024-05-20T11:30:03+00:00","twitter_card":"summary_large_image","twitter_misc":{"Tiempo de lectura":"5 minutos"},"schema":{"@context":"https:\/\/schema.org","@graph":[{"@type":"WebPage","@id":"https:\/\/visitnavarra.info\/visitnavarra\/palacio-real-de-olite\/","url":"https:\/\/visitnavarra.info\/visitnavarra\/palacio-real-de-olite\/","name":"Palacio Real de Olite - VisitNavarra Palacio Real de Olite","isPartOf":{"@id":"https:\/\/visitnavarra.info\/visitnavarra\/#website"},"datePublished":"2020-12-10T10:22:26+00:00","dateModified":"2024-05-20T11:30:03+00:00","description":"El Palacio Real de Olite, corte de los Reyes de Navarra hasta la uni\u00f3n con Castilla fue uno de los castillos medievales m\u00e1s lujosos de Europa.","breadcrumb":{"@id":"https:\/\/visitnavarra.info\/visitnavarra\/palacio-real-de-olite\/#breadcrumb"},"inLanguage":"es","potentialAction":[{"@type":"ReadAction","target":["https:\/\/visitnavarra.info\/visitnavarra\/palacio-real-de-olite\/"]}]},{"@type":"BreadcrumbList","@id":"https:\/\/visitnavarra.info\/visitnavarra\/palacio-real-de-olite\/#breadcrumb","itemListElement":[{"@type":"ListItem","position":1,"name":"Portada","item":"https:\/\/visitnavarra.info\/visitnavarra\/"},{"@type":"ListItem","position":2,"name":"Palacio Real de Olite"}]},{"@type":"WebSite","@id":"https:\/\/visitnavarra.info\/visitnavarra\/#website","url":"https:\/\/visitnavarra.info\/visitnavarra\/","name":"VisitNavarra","description":"Alojamiento y experiencias tur\u00edsticas en Navarra; qu\u00e9 visitar en Navarra; comer en Navarra","potentialAction":[{"@type":"SearchAction","target":{"@type":"EntryPoint","urlTemplate":"https:\/\/visitnavarra.info\/visitnavarra\/?s={search_term_string}"},"query-input":{"@type":"PropertyValueSpecification","valueRequired":true,"valueName":"search_term_string"}}],"inLanguage":"es"}]}},"_links":{"self":[{"href":"https:\/\/visitnavarra.info\/visitnavarra\/wp-json\/wp\/v2\/pages\/7973","targetHints":{"allow":["GET"]}}],"collection":[{"href":"https:\/\/visitnavarra.info\/visitnavarra\/wp-json\/wp\/v2\/pages"}],"about":[{"href":"https:\/\/visitnavarra.info\/visitnavarra\/wp-json\/wp\/v2\/types\/page"}],"author":[{"embeddable":true,"href":"https:\/\/visitnavarra.info\/visitnavarra\/wp-json\/wp\/v2\/users\/1"}],"replies":[{"embeddable":true,"href":"https:\/\/visitnavarra.info\/visitnavarra\/wp-json\/wp\/v2\/comments?post=7973"}],"version-history":[{"count":2,"href":"https:\/\/visitnavarra.info\/visitnavarra\/wp-json\/wp\/v2\/pages\/7973\/revisions"}],"predecessor-version":[{"id":13518,"href":"https:\/\/visitnavarra.info\/visitnavarra\/wp-json\/wp\/v2\/pages\/7973\/revisions\/13518"}],"wp:attachment":[{"href":"https:\/\/visitnavarra.info\/visitnavarra\/wp-json\/wp\/v2\/media?parent=7973"}],"curies":[{"name":"wp","href":"https:\/\/api.w.org\/{rel}","templated":true}]}}